{"id":1638,"date":"2020-11-20T11:00:23","date_gmt":"2020-11-20T10:00:23","guid":{"rendered":"https:\/\/www.normisjon.no\/agder\/?page_id=1638"},"modified":"2020-12-04T15:28:16","modified_gmt":"2020-12-04T14:28:16","slug":"na-gjelder-det","status":"publish","type":"page","link":"https:\/\/www.normisjon.no\/agder\/na-gjelder-det\/","title":{"rendered":"Giverkampanjen 2020"},"content":{"rendered":"<div id=\"module-0\" class=\"hogan-module hogan-module-banner hogan-module-0 normisjon-banner-button-default hogan-banner-content-left hogan-module-width-full hogan-banner-theme-dark-transparent hogan-banner-layout-full hogan-banner-text-center\"><div class=\"hogan-module-inner\"><div class=\"hogan-banner\">\n\t<div class=\"hogan-banner-column hogan-banner-image hogan-banner-dim-image\">\n\t\t\t<\/div>\n\t<\/div>\n<\/div><\/div><div id=\"module-1\" class=\"hogan-module hogan-module-text hogan-module-1\"><div class=\"hogan-module-inner\"><p><!-- wp:paragraph --><\/p>\n<p style=\"text-align: center;\"><strong>20. november gikk startskuddet for region Agders giverkampanje &laquo;N\u00e5 gjelder det!&raquo;<br \/>\nDet er en &laquo;omvendt&raquo; adventskalender der m\u00e5let er \u00e5 samle inn 500 000,- innen nytt\u00e5rsfesten 8. januar 2021!\u00a0Kan du tenke deg \u00e5 bli med?<br \/>\nHvis vi n\u00e5r m\u00e5let har vi greid \u00e5 halvere tapet av h\u00f8st- og julemessene som ble avlyst p\u00e5 grunn av Covid-19.\u00a0<\/strong><\/p>\n<p>&nbsp;<\/p>\n<p style=\"text-align: center;\">2020; annerledes-\u00e5ret som gj\u00f8r noe med oss alle. Det har det gjort for Normisjon region Agder ogs\u00e5. Gaveinntektene har g\u00e5tt dramatisk ned.\u00a0Dersom de ikke \u00f8ker igjen, m\u00e5 vi redusere tilbudet til lokale lag og foreninger.<br \/>\n<strong>Vi lurer p\u00e5; er dere med oss videre?<\/strong><\/p>\n<p>&nbsp;<\/p>\n<p style=\"text-align: center;\"><a class=\"hogan-button button-red\" href=\"https:\/\/normisjon.profundo.no\/aksjon_agder?a=20064004&amp;n=N%C3%A5%20gjelder%20det\" target=\"_blank\" rel=\"noopener\">Gi din gave her!<\/a><\/p>\n<p><!-- \/wp:paragraph --> <!-- wp:paragraph --><\/p>\n<p>&nbsp;<\/p>\n<p><strong>N\u00e5 gjelder det!<br \/>\n<\/strong>Alle er vi skikkelig lei av Covid-19! Det har kun \u00e9n (?) positiv side, vi har alle blitt flinkere p\u00e5 h\u00e5ndhygiene. \u00c5 vaske hender ofte og skikkelig, er en bra ting uansett.\u00a0N\u00e5 gjelder det \u2013 \u00e5 vaske hender og holde avstand, s\u00e5 vi ikke bidrar til smittespredning!<\/p>\n<p><!-- \/wp:paragraph --> <!-- wp:paragraph --><\/p>\n<p><strong>N\u00e5 gjelder det!<br \/>\n<\/strong>Vi trenger hverandre. Vi trenger \u00e5 se, lytte, kjenne p\u00e5 omsorg og v\u00e6re en del av noens liv og hverdag. Ingen har godt av \u00e5 v\u00e6re alene over tid. N\u00e5 gjelder det &#8211; igjen \u00e5 f\u00e5 til n\u00e6rhet p\u00e5 tilstrekkelig avstand som oppleves godt.<\/p>\n<p><!-- \/wp:paragraph --> <!-- wp:paragraph --><\/p>\n<p><strong>N\u00e5 gjelder det!<br \/>\n<\/strong>Region Agders \u00f8konomi har ikke t\u00e5lt Covid-19, det blir durabelig underskudd i 2020! Tusen takk til deg som har fast givertjeneste, dette bidrar trygt og forutsigbart gjennom tunge tider.\u00a0Det hadde v\u00e6rt fint om flere gj\u00f8r som deg; \u00e5 gi et fast bel\u00f8p hver m\u00e5ned til region Agders arbeid.<\/p>\n<p><strong>N\u00e5 gjelder det!<br \/>\n<\/strong>I 2020 har mange arrangementer blitt avlyst, b\u00e5de for seniorer, voksne, unge og barn.\u00a0Det er samlinger der vi blir utfordret p\u00e5 \u00e5 gi, og vi er vant til \u00e5 legge penger i kollektkurven, bruke kort eller vippse. N\u00e5r vi ikke samles, blir det heller ikke til at vi gir som vi pleier.\u00a0N\u00e5 gjelder det \u2013 n\u00e5r kollekter og tilfeldige gaver uteblir, f\u00e5r det konsekvenser!<\/p>\n<p><!-- \/wp:paragraph --> <!-- wp:paragraph --><\/p>\n<p><strong>N\u00e5 gjelder det!<br \/>\n<\/strong>Normalt f\u00e5r region Agder n\u00e6rmere \u00e9n million kroner inn p\u00e5 h\u00f8st- og julemesser.\u00a0I 2020 blir det bel\u00f8pet mye, mye mindre, og det er dramatisk. Tusen takk til dere som likevel selger lodder og har flotte gevinster, har sm\u00e5 basarer eller gj\u00f8r andre tiltak for \u00e5 hjelpe.\u00a0N\u00e5 gjelder det &#8211; alle monner drar!<\/p>\n<p><strong>N\u00e5 gjelder det!<br \/>\n<\/strong>Normisjons arbeid er helt avhengig av frivillige som bruker av sin fritid i de lokale fellesskapene, som ledere, styremedlemmer osv. Samtidig er organisasjonen bygd opp slik, at det er et administrativt ledd som ivaretar n\u00f8dvendige funksjoner n\u00e5r man har ansatte, driver med informasjonsarbeid, s\u00f8rger for gode rutiner vedr\u00f8rende \u00f8konomiforvaltning, og bist\u00e5r med r\u00e5d og veiledning i ulike saker. Dette handler om ledelse regionalt, og det handler om \u00e5 v\u00e6re et bindeledd til hele Normisjon og alt arbeid som drives, det internasjonale arbeidet, og som skoleeiere.<\/p>\n<p><!-- \/wp:paragraph --> <!-- wp:paragraph --><\/p>\n<p>N\u00e5 gjelder det &#8211; \u00e5 v\u00e6re innforst\u00e5tt med at administrativt arbeid og ledelse ogs\u00e5 er misjon. Uten det vil det utadrettede arbeidet ikke fungere. Men det skal gj\u00f8res s\u00e5\u00a0effektivt og nyttig som mulig.<\/p>\n<p><!-- \/wp:paragraph --> <!-- wp:paragraph --><\/p>\n<p>N\u00e5 gjelder det \u2013 hvis vi skal ha et offensivt tilbud til barn og unge gjennom Acta, s\u00e5 er det\u00a0n\u00f8dvendig med noen ansatte regionalt som kan ha ansvar for leir, bes\u00f8ke\u00a0lag og f\u00f8lge opp ledere lokalt.<\/p>\n<p><!-- \/wp:paragraph --> <!-- wp:paragraph --><\/p>\n<p>N\u00e5 gjelder det &#8211; hvis vi skal ha forkynnelse og undervisning, tilbud om veiledning og sjelesorg,\u00a0hjelp til styrearbeid og alt som inng\u00e5r i det \u00e5 f\u00e5 bes\u00f8k i lokale fellesskap; da trengs det fortsatt noen ansatte som kan utf\u00f8re dette.<\/p>\n<p><!-- \/wp:paragraph --> <!-- wp:paragraph --><\/p>\n<p><strong>N\u00e5 gjelder det!<br \/>\n<\/strong>Hva er viktig for at du tenker at det kristne fellesskapet p\u00e5 ditt hjemsted er bra? Dersom du tenker at det er godt for oss \u00e5 v\u00e6re tilknyttet Normisjon region Agder, er det viktig at vi n\u00e5 st\u00e5r sammen.<\/p>\n<p>&nbsp;<\/p>\n<p><!-- \/wp:paragraph --> <!-- wp:paragraph --><\/p>\n<p style=\"text-align: center;\"><strong>Takk for at du bidrar! F\u00f8lg med p\u00e5 oppdateringene underveis!<\/strong><\/p>\n<p>&nbsp;<\/p>\n<p><!-- \/wp:paragraph --> <!-- wp:paragraph {\"align\":\"center\"} --><\/p>\n<p style=\"text-align: center;\"><a class=\"hogan-button button-red\" href=\"https:\/\/normisjon.profundo.no\/aksjon_agder?a=20064004&amp;n=N%C3%A5%20gjelder%20det\">Gi din gave her<\/a><\/p>\n<p style=\"text-align: center;\"><!-- \/wp:paragraph --> <!-- wp:paragraph {\"align\":\"center\"} --><\/p>\n<p style=\"text-align: center;\"><strong>Vipps\u00a0til 94272<\/strong><\/p>\n<p style=\"text-align: center;\"><!-- \/wp:paragraph --> <!-- wp:paragraph {\"align\":\"center\"} --><\/p>\n<p style=\"text-align: center;\">(Oppgi tlf.nr. dersom du \u00f8nsker skattefradrag).<\/p>\n<p style=\"text-align: center;\"><!-- \/wp:paragraph --> <!-- wp:paragraph {\"align\":\"center\"} --><\/p>\n<p style=\"text-align: center;\"><strong>Kontonummer: 8220 02 82600 <\/strong><\/p>\n<p style=\"text-align: center;\"><strong>Enten du bruker kontonummeret eller Vipps, <\/strong><br \/>\n<strong>er det fint om du merker gaven med &laquo;N\u00e5\u00a0gjelder\u00a0det!&raquo;<\/strong><\/p>\n<p><!-- \/wp:paragraph --><\/p><\/div><\/div><div id=\"module-2\" class=\"hogan-module hogan-module-gallery hogan-module-2 hogan-gallery-layout-slider\"><div class=\"hogan-module-inner\"><div class=\"hogan-gallery-carousel hogan-gallery-slider hogan-gallery-count-1\" itemscope itemtype=\"http:\/\/schema.org\/ImageGallery\" data-pswp-uid=\"2\">\n\t\t\t<figure\n\t\t\tclass=\"hogan-gallery-cell\"\n\t\t\titemprop=\"associatedMedia\"\n\t\t\titemscope\n\t\t\titemtype=\"http:\/\/schema.org\/ImageObject\"\n\t\t\tdata-pswp-index=\"0\"\n\t\t\tdata-pswp-size=\"322x156\"\n\t\t>\n\t\t\t<a class=\"hogan-gallery-item-link\" href=\"https:\/\/www.normisjon.no\/content\/uploads\/sites\/12\/2020\/05\/Bibel-.jpg\" itemprop=\"contentUrl\" aria-label=\"\u00c5pne bildegalleri\"><svg viewBox=\"0 0 100 100\" class=\"hogan-gallery-expand-icon\"><path d=\"M90.9 84.5L56.4 50l34.5-34.5v17.8h9.1V0H66.7v9.1h17.8L50 43.6 15.5 9.1h17.8V0H0v33.3h9.1V15.5L43.6 50 9.1 84.5V66.7H0V100h33.3v-9.1H15.5L50 56.4l34.5 34.5H66.7v9.1H100V66.7h-9.1z\"><\/path><\/svg><\/a><img loading=\"lazy\" decoding=\"async\" width=\"322\" height=\"156\" src=\"https:\/\/www.normisjon.no\/content\/uploads\/sites\/12\/2020\/05\/Bibel-.jpg\" class=\"attachment-large size-large\" alt=\"\" itemprop=\"thumbnail\" srcset=\"https:\/\/www.normisjon.no\/content\/uploads\/sites\/12\/2020\/05\/Bibel-.jpg 322w, https:\/\/www.normisjon.no\/content\/uploads\/sites\/12\/2020\/05\/Bibel--300x145.jpg 300w\" sizes=\"auto, (max-width: 322px) 100vw, 322px\" \/>\t\t<\/figure>\n\t\t<\/div>\n<\/div><\/div>","protected":false},"excerpt":{"rendered":"<p>20. november gikk startskuddet for region Agders giverkampanje &laquo;N\u00e5 gjelder det!&raquo; Det er en &laquo;omvendt&raquo; adventskalender der m\u00e5let er \u00e5 samle inn 500 000,- innen [&hellip;]<\/p>\n","protected":false},"author":69,"featured_media":0,"parent":0,"menu_order":0,"comment_status":"closed","ping_status":"closed","template":"","meta":{"_acf_changed":false,"footnotes":""},"class_list":["post-1638","page","type-page","status-publish","hentry"],"acf":[],"yoast_head":"<!-- This site is optimized with the Yoast SEO plugin v25.9 - https:\/\/yoast.com\/wordpress\/plugins\/seo\/ -->\n<title>Giverkampanjen 2020 - Region Agder<\/title>\n<meta name=\"robots\" content=\"index, follow, max-snippet:-1, max-image-preview:large, max-video-preview:-1\" \/>\n<link rel=\"canonical\" href=\"https:\/\/www.normisjon.no\/agder\/na-gjelder-det\/\" \/>\n<meta property=\"og:locale\" content=\"nb_NO\" \/>\n<meta property=\"og:type\" content=\"article\" \/>\n<meta property=\"og:title\" content=\"Giverkampanjen 2020 - Region Agder\" \/>\n<meta property=\"og:description\" content=\"20. november gikk startskuddet for region Agders giverkampanje &laquo;N\u00e5 gjelder det!&raquo; Det er en &laquo;omvendt&raquo; adventskalender der m\u00e5let er \u00e5 samle inn 500 000,- innen [&hellip;]\" \/>\n<meta property=\"og:url\" content=\"https:\/\/www.normisjon.no\/agder\/na-gjelder-det\/\" \/>\n<meta property=\"og:site_name\" content=\"Region Agder\" \/>\n<meta property=\"article:modified_time\" content=\"2020-12-04T14:28:16+00:00\" \/>\n<meta property=\"og:image\" content=\"https:\/\/www.normisjon.no\/content\/uploads\/sites\/12\/2020\/11\/Banner-nettsiden-normisjon-1360-bred11-2-1024x416.jpg\" \/>\n\t<meta property=\"og:image:width\" content=\"1024\" \/>\n\t<meta property=\"og:image:height\" content=\"416\" \/>\n\t<meta property=\"og:image:type\" content=\"image\/jpeg\" \/>\n<meta name=\"twitter:card\" content=\"summary_large_image\" \/>\n<script type=\"application\/ld+json\" class=\"yoast-schema-graph\">{\"@context\":\"https:\/\/schema.org\",\"@graph\":[{\"@type\":\"WebPage\",\"@id\":\"https:\/\/www.normisjon.no\/agder\/na-gjelder-det\/\",\"url\":\"https:\/\/www.normisjon.no\/agder\/na-gjelder-det\/\",\"name\":\"Giverkampanjen 2020 - Region Agder\",\"isPartOf\":{\"@id\":\"https:\/\/www.normisjon.no\/agder\/#website\"},\"datePublished\":\"2020-11-20T10:00:23+00:00\",\"dateModified\":\"2020-12-04T14:28:16+00:00\",\"breadcrumb\":{\"@id\":\"https:\/\/www.normisjon.no\/agder\/na-gjelder-det\/#breadcrumb\"},\"inLanguage\":\"nb-NO\",\"potentialAction\":[{\"@type\":\"ReadAction\",\"target\":[\"https:\/\/www.normisjon.no\/agder\/na-gjelder-det\/\"]}]},{\"@type\":\"BreadcrumbList\",\"@id\":\"https:\/\/www.normisjon.no\/agder\/na-gjelder-det\/#breadcrumb\",\"itemListElement\":[{\"@type\":\"ListItem\",\"position\":1,\"name\":\"Home\",\"item\":\"https:\/\/www.normisjon.no\/agder\/\"},{\"@type\":\"ListItem\",\"position\":2,\"name\":\"Giverkampanjen 2020\"}]},{\"@type\":\"WebSite\",\"@id\":\"https:\/\/www.normisjon.no\/agder\/#website\",\"url\":\"https:\/\/www.normisjon.no\/agder\/\",\"name\":\"Region Agder\",\"description\":\"\",\"publisher\":{\"@id\":\"https:\/\/www.normisjon.no\/agder\/#organization\"},\"potentialAction\":[{\"@type\":\"SearchAction\",\"target\":{\"@type\":\"EntryPoint\",\"urlTemplate\":\"https:\/\/www.normisjon.no\/agder\/?s={search_term_string}\"},\"query-input\":{\"@type\":\"PropertyValueSpecification\",\"valueRequired\":true,\"valueName\":\"search_term_string\"}}],\"inLanguage\":\"nb-NO\"},{\"@type\":\"Organization\",\"@id\":\"https:\/\/www.normisjon.no\/agder\/#organization\",\"name\":\"Region Agder\",\"url\":\"https:\/\/www.normisjon.no\/agder\/\",\"logo\":{\"@type\":\"ImageObject\",\"inLanguage\":\"nb-NO\",\"@id\":\"https:\/\/www.normisjon.no\/agder\/#\/schema\/logo\/image\/\",\"url\":\"https:\/\/www.normisjon.no\/content\/uploads\/sites\/12\/2026\/01\/Region_Venstre_Agder_oransje.png\",\"contentUrl\":\"https:\/\/www.normisjon.no\/content\/uploads\/sites\/12\/2026\/01\/Region_Venstre_Agder_oransje.png\",\"width\":1921,\"height\":541,\"caption\":\"Region Agder\"},\"image\":{\"@id\":\"https:\/\/www.normisjon.no\/agder\/#\/schema\/logo\/image\/\"}}]}<\/script>\n<!-- \/ Yoast SEO plugin. -->","yoast_head_json":{"title":"Giverkampanjen 2020 - Region Agder","robots":{"index":"index","follow":"follow","max-snippet":"max-snippet:-1","max-image-preview":"max-image-preview:large","max-video-preview":"max-video-preview:-1"},"canonical":"https:\/\/www.normisjon.no\/agder\/na-gjelder-det\/","og_locale":"nb_NO","og_type":"article","og_title":"Giverkampanjen 2020 - Region Agder","og_description":"20. november gikk startskuddet for region Agders giverkampanje &laquo;N\u00e5 gjelder det!&raquo; Det er en &laquo;omvendt&raquo; adventskalender der m\u00e5let er \u00e5 samle inn 500 000,- innen [&hellip;]","og_url":"https:\/\/www.normisjon.no\/agder\/na-gjelder-det\/","og_site_name":"Region Agder","article_modified_time":"2020-12-04T14:28:16+00:00","og_image":[{"width":1024,"height":416,"url":"https:\/\/www.normisjon.no\/content\/uploads\/sites\/12\/2020\/11\/Banner-nettsiden-normisjon-1360-bred11-2-1024x416.jpg","type":"image\/jpeg"}],"twitter_card":"summary_large_image","schema":{"@context":"https:\/\/schema.org","@graph":[{"@type":"WebPage","@id":"https:\/\/www.normisjon.no\/agder\/na-gjelder-det\/","url":"https:\/\/www.normisjon.no\/agder\/na-gjelder-det\/","name":"Giverkampanjen 2020 - Region Agder","isPartOf":{"@id":"https:\/\/www.normisjon.no\/agder\/#website"},"datePublished":"2020-11-20T10:00:23+00:00","dateModified":"2020-12-04T14:28:16+00:00","breadcrumb":{"@id":"https:\/\/www.normisjon.no\/agder\/na-gjelder-det\/#breadcrumb"},"inLanguage":"nb-NO","potentialAction":[{"@type":"ReadAction","target":["https:\/\/www.normisjon.no\/agder\/na-gjelder-det\/"]}]},{"@type":"BreadcrumbList","@id":"https:\/\/www.normisjon.no\/agder\/na-gjelder-det\/#breadcrumb","itemListElement":[{"@type":"ListItem","position":1,"name":"Home","item":"https:\/\/www.normisjon.no\/agder\/"},{"@type":"ListItem","position":2,"name":"Giverkampanjen 2020"}]},{"@type":"WebSite","@id":"https:\/\/www.normisjon.no\/agder\/#website","url":"https:\/\/www.normisjon.no\/agder\/","name":"Region Agder","description":"","publisher":{"@id":"https:\/\/www.normisjon.no\/agder\/#organization"},"potentialAction":[{"@type":"SearchAction","target":{"@type":"EntryPoint","urlTemplate":"https:\/\/www.normisjon.no\/agder\/?s={search_term_string}"},"query-input":{"@type":"PropertyValueSpecification","valueRequired":true,"valueName":"search_term_string"}}],"inLanguage":"nb-NO"},{"@type":"Organization","@id":"https:\/\/www.normisjon.no\/agder\/#organization","name":"Region Agder","url":"https:\/\/www.normisjon.no\/agder\/","logo":{"@type":"ImageObject","inLanguage":"nb-NO","@id":"https:\/\/www.normisjon.no\/agder\/#\/schema\/logo\/image\/","url":"https:\/\/www.normisjon.no\/content\/uploads\/sites\/12\/2026\/01\/Region_Venstre_Agder_oransje.png","contentUrl":"https:\/\/www.normisjon.no\/content\/uploads\/sites\/12\/2026\/01\/Region_Venstre_Agder_oransje.png","width":1921,"height":541,"caption":"Region Agder"},"image":{"@id":"https:\/\/www.normisjon.no\/agder\/#\/schema\/logo\/image\/"}}]}},"_links":{"self":[{"href":"https:\/\/www.normisjon.no\/agder\/wp-json\/wp\/v2\/pages\/1638","targetHints":{"allow":["GET"]}}],"collection":[{"href":"https:\/\/www.normisjon.no\/agder\/wp-json\/wp\/v2\/pages"}],"about":[{"href":"https:\/\/www.normisjon.no\/agder\/wp-json\/wp\/v2\/types\/page"}],"author":[{"embeddable":true,"href":"https:\/\/www.normisjon.no\/agder\/wp-json\/wp\/v2\/users\/69"}],"replies":[{"embeddable":true,"href":"https:\/\/www.normisjon.no\/agder\/wp-json\/wp\/v2\/comments?post=1638"}],"version-history":[{"count":3,"href":"https:\/\/www.normisjon.no\/agder\/wp-json\/wp\/v2\/pages\/1638\/revisions"}],"predecessor-version":[{"id":1859,"href":"https:\/\/www.normisjon.no\/agder\/wp-json\/wp\/v2\/pages\/1638\/revisions\/1859"}],"wp:attachment":[{"href":"https:\/\/www.normisjon.no\/agder\/wp-json\/wp\/v2\/media?parent=1638"}],"curies":[{"name":"wp","href":"https:\/\/api.w.org\/{rel}","templated":true}]}}