{"id":166,"date":"2018-08-22T13:46:52","date_gmt":"2018-08-22T11:46:52","guid":{"rendered":"https:\/\/www.normisjon.no\/agder\/?page_id=166"},"modified":"2024-11-06T12:33:34","modified_gmt":"2024-11-06T11:33:34","slug":"trossamfunn","status":"publish","type":"page","link":"https:\/\/www.normisjon.no\/agder\/trossamfunn\/","title":{"rendered":"Normisjon Agder trossamfunn"},"content":{"rendered":"<div id=\"module-0\" class=\"hogan-module hogan-module-text hogan-module-0\"><div class=\"hogan-module-inner\"><p>Normisjon Agder trossamfunn (trossamfunn) er tilknyttet Normisjon region Agder og tilbyr en kirkerettslig tilh\u00f8righet med tilknytning til organisasjonen. Trossamfunnet bygger sitt arbeid p\u00e5 Den hellige skrift og p\u00e5 Den evangelisk-lutherske kirkes bekjennelse.<\/p>\n<p>Medlemskap i trossamfunnet er et tilbud til deg som opplever at ditt lokale Normisjons-fellesskap fungerer som ditt \u00e5ndelige hjem og menighet, eller som \u00f8nsker en formell tilh\u00f8righet fordi du deler Normisjons trosgrunnlag. Medlemskap er ikke begrenset til personer som bor i Agder. Alle som deler trossamfunnets trosgrunnlag kan melde seg inn uansett bosted.<\/p>\n<p>Fakta om Normisjon Agder trossamfunn:<\/p>\n<ul>\n<li>Trossamfunnet administreres av Normisjon region Agder, ikke av den enkelte menighet\/forsamling\/forening i Normisjon<\/li>\n<li>Ble vedtatt opprettet av Normisjon region Agders \u00e5rsm\u00f8te 25. mars 2017<\/li>\n<li>Har eget styre og forstander (sammensetningen finner du <a href=\"https:\/\/www.normisjon.no\/agder\/2024\/02\/14\/styret-for-normisjon-agder-trossamfunn\/\">her<\/a>)<\/li>\n<li>V\u00e5re <a href=\"https:\/\/www.normisjon.no\/content\/uploads\/sites\/12\/2024\/11\/Vedtekter-for-Normisjon-Agder-trossamfunn-Endret-24.10.-2017.pdf\">vedtekter<\/a><\/li>\n<\/ul><\/div><\/div><div id=\"module-1\" class=\"hogan-module hogan-module-grid hogan-module-1\"><div class=\"hogan-module-inner\"><div class=\"hogan-grid hogan-grid-text-center hogan-grid-size-dynamic\">\n\t<div class=\"hogan-grid-inner\">\n\t\t\t\t\t<div class=\"hogan-grid-item hogan-grid-item-size-small hogan-grid-item-type-page savage-has-image savage-has-heading\">\n\t\t\t\t<div class=\"hogan-grid-item-inner\">\n\t\t\t\t\t<div class=\"savage-card-image\">\n\t<div class=\"savage-card-image-inner\">\n\t\t<span class=\"savage-card-image-image\" style=\"background-image: url(https:\/\/www.normisjon.no\/content\/themes\/normisjon-gutenberg\/assets\/images\/fallback.png);\"><\/span>\t<\/div>\n<\/div>\n\t\t<div class=\"savage-card-body\">\n\t\t\t<div class=\"savage-card-body-inner\">\n\t\t\t\t<h2 class=\"savage-card-heading\">Tilbud og tjenester<\/h2>\t\t\t<\/div>\n\t\t<\/div>\n\t\t<a href=\"https:\/\/www.normisjon.no\/agder\/tilbud-og-tjenester\/\" class=\"savage-card-link\"><span class=\"screen-reader-text\">Read article &quot;Tilbud og tjenester&quot;<\/span><\/a>\t\t\t\t<\/div>\n\t\t\t<\/div>\n\t\t\t\t\t\t<div class=\"hogan-grid-item hogan-grid-item-size-small hogan-grid-item-type-page savage-has-image savage-has-heading\">\n\t\t\t\t<div class=\"hogan-grid-item-inner\">\n\t\t\t\t\t<div class=\"savage-card-image\">\n\t<div class=\"savage-card-image-inner\">\n\t\t<span class=\"savage-card-image-image\" style=\"background-image: url(https:\/\/www.normisjon.no\/content\/uploads\/sites\/12\/2018\/08\/AdobeStock_72975546-768x441.jpeg);\"><\/span>\t<\/div>\n<\/div>\n\t\t<div class=\"savage-card-body\">\n\t\t\t<div class=\"savage-card-body-inner\">\n\t\t\t\t<h2 class=\"savage-card-heading\">Hvorfor og hvordan bli medlem?<\/h2>\t\t\t<\/div>\n\t\t<\/div>\n\t\t<a href=\"https:\/\/www.normisjon.no\/agder\/hvorfor-og-hvordan-bli-medlem\/\" class=\"savage-card-link\"><span class=\"screen-reader-text\">Read article &quot;Hvorfor og hvordan bli medlem?&quot;<\/span><\/a>\t\t\t\t<\/div>\n\t\t\t<\/div>\n\t\t\t\t\t\t<div class=\"hogan-grid-item hogan-grid-item-size-small hogan-grid-item-type-page savage-has-image savage-has-heading\">\n\t\t\t\t<div class=\"hogan-grid-item-inner\">\n\t\t\t\t\t<div class=\"savage-card-image\">\n\t<div class=\"savage-card-image-inner\">\n\t\t<span class=\"savage-card-image-image\" style=\"background-image: url(https:\/\/www.normisjon.no\/content\/themes\/normisjon-gutenberg\/assets\/images\/fallback.png);\"><\/span>\t<\/div>\n<\/div>\n\t\t<div class=\"savage-card-body\">\n\t\t\t<div class=\"savage-card-body-inner\">\n\t\t\t\t<h2 class=\"savage-card-heading\">Barn og medlemskap<\/h2>\t\t\t<\/div>\n\t\t<\/div>\n\t\t<a href=\"https:\/\/www.normisjon.no\/agder\/barn-og-medlemskap\/\" class=\"savage-card-link\"><span class=\"screen-reader-text\">Read article &quot;Barn og medlemskap&quot;<\/span><\/a>\t\t\t\t<\/div>\n\t\t\t<\/div>\n\t\t\t\t\t\t<div class=\"hogan-grid-item hogan-grid-item-size-small hogan-grid-item-type-page savage-has-image savage-has-heading\">\n\t\t\t\t<div class=\"hogan-grid-item-inner\">\n\t\t\t\t\t<div class=\"savage-card-image\">\n\t<div class=\"savage-card-image-inner\">\n\t\t<span class=\"savage-card-image-image\" style=\"background-image: url(https:\/\/www.normisjon.no\/content\/themes\/normisjon-gutenberg\/assets\/images\/fallback.png);\"><\/span>\t<\/div>\n<\/div>\n\t\t<div class=\"savage-card-body\">\n\t\t\t<div class=\"savage-card-body-inner\">\n\t\t\t\t<h2 class=\"savage-card-heading\">Skjemaer for ut- og innmelding<\/h2>\t\t\t<\/div>\n\t\t<\/div>\n\t\t<a href=\"https:\/\/www.normisjon.no\/agder\/skjemaer-for-ut-og-innmelding\/\" class=\"savage-card-link\"><span class=\"screen-reader-text\">Read article &quot;Skjemaer for ut- og innmelding&quot;<\/span><\/a>\t\t\t\t<\/div>\n\t\t\t<\/div>\n\t\t\t\t<\/div>\n<\/div>\n<\/div><\/div><div id=\"module-2\" class=\"hogan-module hogan-module-text hogan-module-2\"><div class=\"hogan-module-inner\"><p><strong>Sp\u00f8rsm\u00e5l og informasjon<\/strong><\/p>\n<p>Ta kontakt med: <strong>Gunnar Urstad<\/strong> (forstander i trossamfunnet)<br \/>\n<a href=\"mailto:trossamfunnagder@normisjon.no\">trossamfunnagder@normisjon.no<\/a> eller 48114910<\/p><\/div><\/div>","protected":false},"excerpt":{"rendered":"<p>Normisjon Agder trossamfunn (trossamfunn) er tilknyttet Normisjon region Agder og tilbyr en kirkerettslig tilh\u00f8righet med tilknytning til organisasjonen. Trossamfunnet bygger sitt arbeid p\u00e5 Den hellige [&hellip;]<\/p>\n","protected":false},"author":34,"featured_media":0,"parent":0,"menu_order":0,"comment_status":"closed","ping_status":"closed","template":"","meta":{"_acf_changed":false,"footnotes":""},"class_list":["post-166","page","type-page","status-publish","hentry"],"acf":[],"yoast_head":"<!-- This site is optimized with the Yoast SEO plugin v25.9 - https:\/\/yoast.com\/wordpress\/plugins\/seo\/ -->\n<title>Normisjon Agder trossamfunn - Region Agder<\/title>\n<meta name=\"robots\" content=\"index, follow, max-snippet:-1, max-image-preview:large, max-video-preview:-1\" \/>\n<link rel=\"canonical\" href=\"https:\/\/www.normisjon.no\/agder\/trossamfunn\/\" \/>\n<meta property=\"og:locale\" content=\"nb_NO\" \/>\n<meta property=\"og:type\" content=\"article\" \/>\n<meta property=\"og:title\" content=\"Normisjon Agder trossamfunn - Region Agder\" \/>\n<meta property=\"og:description\" content=\"Normisjon Agder trossamfunn (trossamfunn) er tilknyttet Normisjon region Agder og tilbyr en kirkerettslig tilh\u00f8righet med tilknytning til organisasjonen. Trossamfunnet bygger sitt arbeid p\u00e5 Den hellige [&hellip;]\" \/>\n<meta property=\"og:url\" content=\"https:\/\/www.normisjon.no\/agder\/trossamfunn\/\" \/>\n<meta property=\"og:site_name\" content=\"Region Agder\" \/>\n<meta property=\"article:modified_time\" content=\"2024-11-06T11:33:34+00:00\" \/>\n<meta name=\"twitter:card\" content=\"summary_large_image\" \/>\n<script type=\"application\/ld+json\" class=\"yoast-schema-graph\">{\"@context\":\"https:\/\/schema.org\",\"@graph\":[{\"@type\":\"WebPage\",\"@id\":\"https:\/\/www.normisjon.no\/agder\/trossamfunn\/\",\"url\":\"https:\/\/www.normisjon.no\/agder\/trossamfunn\/\",\"name\":\"Normisjon Agder trossamfunn - Region Agder\",\"isPartOf\":{\"@id\":\"https:\/\/www.normisjon.no\/agder\/#website\"},\"datePublished\":\"2018-08-22T11:46:52+00:00\",\"dateModified\":\"2024-11-06T11:33:34+00:00\",\"breadcrumb\":{\"@id\":\"https:\/\/www.normisjon.no\/agder\/trossamfunn\/#breadcrumb\"},\"inLanguage\":\"nb-NO\",\"potentialAction\":[{\"@type\":\"ReadAction\",\"target\":[\"https:\/\/www.normisjon.no\/agder\/trossamfunn\/\"]}]},{\"@type\":\"BreadcrumbList\",\"@id\":\"https:\/\/www.normisjon.no\/agder\/trossamfunn\/#breadcrumb\",\"itemListElement\":[{\"@type\":\"ListItem\",\"position\":1,\"name\":\"Home\",\"item\":\"https:\/\/www.normisjon.no\/agder\/\"},{\"@type\":\"ListItem\",\"position\":2,\"name\":\"Normisjon Agder trossamfunn\"}]},{\"@type\":\"WebSite\",\"@id\":\"https:\/\/www.normisjon.no\/agder\/#website\",\"url\":\"https:\/\/www.normisjon.no\/agder\/\",\"name\":\"Region Agder\",\"description\":\"\",\"publisher\":{\"@id\":\"https:\/\/www.normisjon.no\/agder\/#organization\"},\"potentialAction\":[{\"@type\":\"SearchAction\",\"target\":{\"@type\":\"EntryPoint\",\"urlTemplate\":\"https:\/\/www.normisjon.no\/agder\/?s={search_term_string}\"},\"query-input\":{\"@type\":\"PropertyValueSpecification\",\"valueRequired\":true,\"valueName\":\"search_term_string\"}}],\"inLanguage\":\"nb-NO\"},{\"@type\":\"Organization\",\"@id\":\"https:\/\/www.normisjon.no\/agder\/#organization\",\"name\":\"Region Agder\",\"url\":\"https:\/\/www.normisjon.no\/agder\/\",\"logo\":{\"@type\":\"ImageObject\",\"inLanguage\":\"nb-NO\",\"@id\":\"https:\/\/www.normisjon.no\/agder\/#\/schema\/logo\/image\/\",\"url\":\"https:\/\/www.normisjon.no\/content\/uploads\/sites\/12\/2026\/01\/Region_Venstre_Agder_oransje.png\",\"contentUrl\":\"https:\/\/www.normisjon.no\/content\/uploads\/sites\/12\/2026\/01\/Region_Venstre_Agder_oransje.png\",\"width\":1921,\"height\":541,\"caption\":\"Region Agder\"},\"image\":{\"@id\":\"https:\/\/www.normisjon.no\/agder\/#\/schema\/logo\/image\/\"}}]}<\/script>\n<!-- \/ Yoast SEO plugin. -->","yoast_head_json":{"title":"Normisjon Agder trossamfunn - Region Agder","robots":{"index":"index","follow":"follow","max-snippet":"max-snippet:-1","max-image-preview":"max-image-preview:large","max-video-preview":"max-video-preview:-1"},"canonical":"https:\/\/www.normisjon.no\/agder\/trossamfunn\/","og_locale":"nb_NO","og_type":"article","og_title":"Normisjon Agder trossamfunn - Region Agder","og_description":"Normisjon Agder trossamfunn (trossamfunn) er tilknyttet Normisjon region Agder og tilbyr en kirkerettslig tilh\u00f8righet med tilknytning til organisasjonen. Trossamfunnet bygger sitt arbeid p\u00e5 Den hellige [&hellip;]","og_url":"https:\/\/www.normisjon.no\/agder\/trossamfunn\/","og_site_name":"Region Agder","article_modified_time":"2024-11-06T11:33:34+00:00","twitter_card":"summary_large_image","schema":{"@context":"https:\/\/schema.org","@graph":[{"@type":"WebPage","@id":"https:\/\/www.normisjon.no\/agder\/trossamfunn\/","url":"https:\/\/www.normisjon.no\/agder\/trossamfunn\/","name":"Normisjon Agder trossamfunn - Region Agder","isPartOf":{"@id":"https:\/\/www.normisjon.no\/agder\/#website"},"datePublished":"2018-08-22T11:46:52+00:00","dateModified":"2024-11-06T11:33:34+00:00","breadcrumb":{"@id":"https:\/\/www.normisjon.no\/agder\/trossamfunn\/#breadcrumb"},"inLanguage":"nb-NO","potentialAction":[{"@type":"ReadAction","target":["https:\/\/www.normisjon.no\/agder\/trossamfunn\/"]}]},{"@type":"BreadcrumbList","@id":"https:\/\/www.normisjon.no\/agder\/trossamfunn\/#breadcrumb","itemListElement":[{"@type":"ListItem","position":1,"name":"Home","item":"https:\/\/www.normisjon.no\/agder\/"},{"@type":"ListItem","position":2,"name":"Normisjon Agder trossamfunn"}]},{"@type":"WebSite","@id":"https:\/\/www.normisjon.no\/agder\/#website","url":"https:\/\/www.normisjon.no\/agder\/","name":"Region Agder","description":"","publisher":{"@id":"https:\/\/www.normisjon.no\/agder\/#organization"},"potentialAction":[{"@type":"SearchAction","target":{"@type":"EntryPoint","urlTemplate":"https:\/\/www.normisjon.no\/agder\/?s={search_term_string}"},"query-input":{"@type":"PropertyValueSpecification","valueRequired":true,"valueName":"search_term_string"}}],"inLanguage":"nb-NO"},{"@type":"Organization","@id":"https:\/\/www.normisjon.no\/agder\/#organization","name":"Region Agder","url":"https:\/\/www.normisjon.no\/agder\/","logo":{"@type":"ImageObject","inLanguage":"nb-NO","@id":"https:\/\/www.normisjon.no\/agder\/#\/schema\/logo\/image\/","url":"https:\/\/www.normisjon.no\/content\/uploads\/sites\/12\/2026\/01\/Region_Venstre_Agder_oransje.png","contentUrl":"https:\/\/www.normisjon.no\/content\/uploads\/sites\/12\/2026\/01\/Region_Venstre_Agder_oransje.png","width":1921,"height":541,"caption":"Region Agder"},"image":{"@id":"https:\/\/www.normisjon.no\/agder\/#\/schema\/logo\/image\/"}}]}},"_links":{"self":[{"href":"https:\/\/www.normisjon.no\/agder\/wp-json\/wp\/v2\/pages\/166","targetHints":{"allow":["GET"]}}],"collection":[{"href":"https:\/\/www.normisjon.no\/agder\/wp-json\/wp\/v2\/pages"}],"about":[{"href":"https:\/\/www.normisjon.no\/agder\/wp-json\/wp\/v2\/types\/page"}],"author":[{"embeddable":true,"href":"https:\/\/www.normisjon.no\/agder\/wp-json\/wp\/v2\/users\/34"}],"replies":[{"embeddable":true,"href":"https:\/\/www.normisjon.no\/agder\/wp-json\/wp\/v2\/comments?post=166"}],"version-history":[{"count":5,"href":"https:\/\/www.normisjon.no\/agder\/wp-json\/wp\/v2\/pages\/166\/revisions"}],"predecessor-version":[{"id":5253,"href":"https:\/\/www.normisjon.no\/agder\/wp-json\/wp\/v2\/pages\/166\/revisions\/5253"}],"wp:attachment":[{"href":"https:\/\/www.normisjon.no\/agder\/wp-json\/wp\/v2\/media?parent=166"}],"curies":[{"name":"wp","href":"https:\/\/api.w.org\/{rel}","templated":true}]}}