{"id":501,"date":"2019-11-18T13:07:50","date_gmt":"2019-11-18T12:07:50","guid":{"rendered":"https:\/\/www.normisjon.no\/agder\/?page_id=501"},"modified":"2022-05-05T09:58:35","modified_gmt":"2022-05-05T07:58:35","slug":"nyhetsbrev-fra-hilde-og-alf-halvorsen","status":"publish","type":"page","link":"https:\/\/www.normisjon.no\/agder\/nyhetsbrev-fra-hilde-og-alf-halvorsen\/","title":{"rendered":"Nyhetsbrev fra Hilde og Alf Halvorsen"},"content":{"rendered":"<div id=\"module-0\" class=\"hogan-module hogan-module-text hogan-module-0\"><div class=\"hogan-module-inner\"><p>V\u00e5re misjon\u00e6rer Hilde og Alf Halvorsen befinner seg i Mali med jevne mellomrom.<br \/>\nHer kan du lese siste nytt fra arbeidet deres.<\/p><\/div><\/div><div id=\"module-1\" class=\"hogan-module hogan-module-grid hogan-module-1\"><div class=\"hogan-module-inner\"><div class=\"hogan-grid hogan-grid-text-center hogan-grid-size-dynamic\">\n\t<div class=\"hogan-grid-inner\">\n\t\t\t\t\t<div class=\"hogan-grid-item hogan-grid-item-size-small hogan-grid-item-type-post savage-has-image savage-has-heading savage-has-excerpt savage-has-teaser\">\n\t\t\t\t<div class=\"hogan-grid-item-inner\">\n\t\t\t\t\t<div class=\"savage-card-image\">\n\t<div class=\"savage-card-image-inner\">\n\t\t<span class=\"savage-card-image-image\" style=\"background-image: url(https:\/\/www.normisjon.no\/content\/uploads\/sites\/12\/2022\/05\/malinke-bibelkurs-768x576.jpeg);\"><\/span>\t<\/div>\n<\/div>\n\t\t<div class=\"savage-card-body\">\n\t\t\t<div class=\"savage-card-body-inner\">\n\t\t\t\t<div class=\"savage-card__date\">Publisert: 5. mai 2022<\/div><h2 class=\"savage-card-heading\">Malink\u00e9enes bibelm\u00e5ned<\/h2><p class=\"savage-card-excerpt\">N\u00e5r jordbrukssesongen er ferdig, m\u00f8tes b\u00f8ndene i Mali til bibelkurs. <\/p><p class=\"savage-card-teaser\">Les mer<\/p>\t\t\t<\/div>\n\t\t<\/div>\n\t\t<a href=\"https:\/\/www.normisjon.no\/agder\/2022\/05\/05\/malinkeenes-bibelmaned\/\" class=\"savage-card-link\"><span class=\"screen-reader-text\">Read article &quot;Malink\u00e9enes bibelm\u00e5ned&quot;<\/span><\/a>\t\t\t\t<\/div>\n\t\t\t<\/div>\n\t\t\t\t\t\t<div class=\"hogan-grid-item hogan-grid-item-size-small hogan-grid-item-type-post savage-has-image savage-has-heading savage-has-excerpt savage-has-teaser\">\n\t\t\t\t<div class=\"hogan-grid-item-inner\">\n\t\t\t\t\t<div class=\"savage-card-image\">\n\t<div class=\"savage-card-image-inner\">\n\t\t<span class=\"savage-card-image-image\" style=\"background-image: url(https:\/\/www.normisjon.no\/content\/uploads\/sites\/12\/2021\/01\/Gabriel-og-Hilde-fellebrev-2021-768x493.jpeg);\"><\/span>\t<\/div>\n<\/div>\n\t\t<div class=\"savage-card-body\">\n\t\t\t<div class=\"savage-card-body-inner\">\n\t\t\t\t<div class=\"savage-card__date\">Publisert: 13. januar 2021<\/div><h2 class=\"savage-card-heading\">Hilsen fra Halvorsen januar 2021<\/h2><p class=\"savage-card-excerpt\">Hilde og Alf Halvorsen h\u00e5per \u00e5 kunne bruke enda mer tid i Mali i \u00e5rene fremover<\/p><p class=\"savage-card-teaser\">Les mer<\/p>\t\t\t<\/div>\n\t\t<\/div>\n\t\t<a href=\"https:\/\/www.normisjon.no\/agder\/2021\/01\/13\/hilsen-fra-halvorsen-januar-2021\/\" class=\"savage-card-link\"><span class=\"screen-reader-text\">Read article &quot;Hilsen fra Halvorsen januar 2021&quot;<\/span><\/a>\t\t\t\t<\/div>\n\t\t\t<\/div>\n\t\t\t\t\t\t<div class=\"hogan-grid-item hogan-grid-item-size-small hogan-grid-item-type-post savage-has-image savage-has-heading savage-has-excerpt savage-has-teaser\">\n\t\t\t\t<div class=\"hogan-grid-item-inner\">\n\t\t\t\t\t<div class=\"savage-card-image\">\n\t<div class=\"savage-card-image-inner\">\n\t\t<span class=\"savage-card-image-image\" style=\"background-image: url(https:\/\/www.normisjon.no\/content\/themes\/normisjon-gutenberg\/assets\/images\/fallback.png);\"><\/span>\t<\/div>\n<\/div>\n\t\t<div class=\"savage-card-body\">\n\t\t\t<div class=\"savage-card-body-inner\">\n\t\t\t\t<div class=\"savage-card__date\">Publisert: 9. november 2020<\/div><h2 class=\"savage-card-heading\">Men ordet er ikke bundet<\/h2><p class=\"savage-card-excerpt\">Malink\u00e9omr\u00e5det har heldigvis blitt spart for stor spredning av Koronaviruset. Det st\u00f8rste problemet er fare for overfall langs veien.<\/p><p class=\"savage-card-teaser\">Les mer<\/p>\t\t\t<\/div>\n\t\t<\/div>\n\t\t<a href=\"https:\/\/www.normisjon.no\/agder\/2020\/11\/09\/men-ordet-er-ikke-bundet\/\" class=\"savage-card-link\"><span class=\"screen-reader-text\">Read article &quot;Men ordet er ikke bundet&quot;<\/span><\/a>\t\t\t\t<\/div>\n\t\t\t<\/div>\n\t\t\t\t\t\t<div class=\"hogan-grid-item hogan-grid-item-size-small hogan-grid-item-type-post savage-has-image savage-has-heading savage-has-excerpt savage-has-teaser\">\n\t\t\t\t<div class=\"hogan-grid-item-inner\">\n\t\t\t\t\t<div class=\"savage-card-image\">\n\t<div class=\"savage-card-image-inner\">\n\t\t<span class=\"savage-card-image-image\" style=\"background-image: url(https:\/\/www.normisjon.no\/content\/themes\/normisjon-gutenberg\/assets\/images\/fallback.png);\"><\/span>\t<\/div>\n<\/div>\n\t\t<div class=\"savage-card-body\">\n\t\t\t<div class=\"savage-card-body-inner\">\n\t\t\t\t<div class=\"savage-card__date\">Publisert: 9. november 2020<\/div><h2 class=\"savage-card-heading\">Endelig klar til avreise<\/h2><p class=\"savage-card-excerpt\">\"God dag, pappa Alf. Jeg har gleden av \u00e5 opplyse om at v\u00e5r reise til Mali er beregnet til 6. november\". Pastor Jogri Emmanuel og kona Elisabet er utsendinger fra Kamerun til Mali.<\/p><p class=\"savage-card-teaser\">Les mer<\/p>\t\t\t<\/div>\n\t\t<\/div>\n\t\t<a href=\"https:\/\/www.normisjon.no\/agder\/2020\/11\/09\/endelig-klar-til-avreise\/\" class=\"savage-card-link\"><span class=\"screen-reader-text\">Read article &quot;Endelig klar til avreise&quot;<\/span><\/a>\t\t\t\t<\/div>\n\t\t\t<\/div>\n\t\t\t\t\t\t<div class=\"hogan-grid-item hogan-grid-item-size-small hogan-grid-item-type-post savage-has-image savage-has-heading savage-has-excerpt savage-has-teaser\">\n\t\t\t\t<div class=\"hogan-grid-item-inner\">\n\t\t\t\t\t<div class=\"savage-card-image\">\n\t<div class=\"savage-card-image-inner\">\n\t\t<span class=\"savage-card-image-image\" style=\"background-image: url(https:\/\/www.normisjon.no\/content\/themes\/normisjon-gutenberg\/assets\/images\/fallback.png);\"><\/span>\t<\/div>\n<\/div>\n\t\t<div class=\"savage-card-body\">\n\t\t\t<div class=\"savage-card-body-inner\">\n\t\t\t\t<div class=\"savage-card__date\">Publisert: 24. september 2020<\/div><h2 class=\"savage-card-heading\">Hilsen fra Halvorsen september 2020<\/h2><p class=\"savage-card-excerpt\">Mali er ett av de minst Koronarammede land i verden s\u00e5 langt. I malink\u00e9omr\u00e5det har det s\u00e5 langt nesten ikke v\u00e6rt registrert smittetilfeller. Vi er takknemlige for det. <\/p><p class=\"savage-card-teaser\">Les mer<\/p>\t\t\t<\/div>\n\t\t<\/div>\n\t\t<a href=\"https:\/\/www.normisjon.no\/agder\/2020\/09\/24\/hilsen-fra-halvorsen-september-2020\/\" class=\"savage-card-link\"><span class=\"screen-reader-text\">Read article &quot;Hilsen fra Halvorsen september 2020&quot;<\/span><\/a>\t\t\t\t<\/div>\n\t\t\t<\/div>\n\t\t\t\t\t\t<div class=\"hogan-grid-item hogan-grid-item-size-small hogan-grid-item-type-post savage-has-image savage-has-heading savage-has-excerpt savage-has-teaser\">\n\t\t\t\t<div class=\"hogan-grid-item-inner\">\n\t\t\t\t\t<div class=\"savage-card-image\">\n\t<div class=\"savage-card-image-inner\">\n\t\t<span class=\"savage-card-image-image\" style=\"background-image: url(https:\/\/www.normisjon.no\/content\/uploads\/sites\/12\/2020\/05\/Lav-gjennomsnittsalder-varmt-klima-og-spredt-befokning-i-Mali.-Mulige-grunner-til-lite-koronaspredning-768x576.jpeg);\"><\/span>\t<\/div>\n<\/div>\n\t\t<div class=\"savage-card-body\">\n\t\t\t<div class=\"savage-card-body-inner\">\n\t\t\t\t<div class=\"savage-card__date\">Publisert: 29. mai 2020<\/div><h2 class=\"savage-card-heading\">Koronatider i Mali<\/h2><p class=\"savage-card-excerpt\">Nytt fra Mali<\/p><p class=\"savage-card-teaser\">Les mer<\/p>\t\t\t<\/div>\n\t\t<\/div>\n\t\t<a href=\"https:\/\/www.normisjon.no\/agder\/2020\/05\/29\/koronatider-i-mali\/\" class=\"savage-card-link\"><span class=\"screen-reader-text\">Read article &quot;Koronatider i Mali&quot;<\/span><\/a>\t\t\t\t<\/div>\n\t\t\t<\/div>\n\t\t\t\t\t\t<div class=\"hogan-grid-item hogan-grid-item-size-small hogan-grid-item-type-post savage-has-image savage-has-heading savage-has-excerpt savage-has-teaser\">\n\t\t\t\t<div class=\"hogan-grid-item-inner\">\n\t\t\t\t\t<div class=\"savage-card-image\">\n\t<div class=\"savage-card-image-inner\">\n\t\t<span class=\"savage-card-image-image\" style=\"background-image: url(https:\/\/www.normisjon.no\/content\/uploads\/sites\/12\/2020\/04\/Mali2.png);\"><\/span>\t<\/div>\n<\/div>\n\t\t<div class=\"savage-card-body\">\n\t\t\t<div class=\"savage-card-body-inner\">\n\t\t\t\t<div class=\"savage-card__date\">Publisert: 1. april 2020<\/div><h2 class=\"savage-card-heading\">Hilsen fra Halvorsen mars 2020<\/h2><p class=\"savage-card-excerpt\">Hilde og Alf Halvorsen er tilbake i Norge. Les om de siste ukene de fikk ha i Mali f\u00f8r koronakrisen sendte dem hjem.<\/p><p class=\"savage-card-teaser\">Les mer<\/p>\t\t\t<\/div>\n\t\t<\/div>\n\t\t<a href=\"https:\/\/www.normisjon.no\/agder\/2020\/04\/01\/hilsen-fra-halvorsen-mars-2020\/\" class=\"savage-card-link\"><span class=\"screen-reader-text\">Read article &quot;Hilsen fra Halvorsen mars 2020&quot;<\/span><\/a>\t\t\t\t<\/div>\n\t\t\t<\/div>\n\t\t\t\t\t\t<div class=\"hogan-grid-item hogan-grid-item-size-small hogan-grid-item-type-post savage-has-image savage-has-heading savage-has-excerpt savage-has-teaser\">\n\t\t\t\t<div class=\"hogan-grid-item-inner\">\n\t\t\t\t\t<div class=\"savage-card-image\">\n\t<div class=\"savage-card-image-inner\">\n\t\t<span class=\"savage-card-image-image\" style=\"background-image: url(https:\/\/www.normisjon.no\/content\/uploads\/sites\/12\/2020\/02\/brev-jan20-Jonfakuru-768x1066.jpg);\"><\/span>\t<\/div>\n<\/div>\n\t\t<div class=\"savage-card-body\">\n\t\t\t<div class=\"savage-card-body-inner\">\n\t\t\t\t<div class=\"savage-card__date\">Publisert: 6. februar 2020<\/div><h2 class=\"savage-card-heading\">Hilsen fra Halvorsen januar 2020<\/h2><p class=\"savage-card-excerpt\">\"Her er Hilde med en hel sekk med\r\npean\u00f8tter fra en forn\u00f8yd kvinnegruppe\"<\/p><p class=\"savage-card-teaser\">Les mer<\/p>\t\t\t<\/div>\n\t\t<\/div>\n\t\t<a href=\"https:\/\/www.normisjon.no\/agder\/2020\/02\/06\/hilsen-fra-halvorsen-januar-2020\/\" class=\"savage-card-link\"><span class=\"screen-reader-text\">Read article &quot;Hilsen fra Halvorsen januar 2020&quot;<\/span><\/a>\t\t\t\t<\/div>\n\t\t\t<\/div>\n\t\t\t\t<\/div>\n<\/div>\n<\/div><\/div><div id=\"module-2\" class=\"hogan-module hogan-module-linklist hogan-module-2\"><nav class=\"hogan-module-inner\">\n<ul class=\"hogan-linklist-container\">\n\t\t\t<li class=\"hogan-linklist-inner\">\n\t\t\t\n\t\t\t<ul class=\"hogan-linklist-items\">\n\t\t\t\t<li class=\"hogan-linklist-item hogan-linklist-item-external\"><a href=\"https:\/\/www.normisjon.no\/content\/uploads\/sites\/12\/2019\/11\/Hilsen-fra-Halvorsen-oktober-2019.pdf\">Nytt fra Halvorsen oktober 2019<svg xmlns=\"http:\/\/www.w3.org\/2000\/svg\" viewBox=\"0 0 56 100\" class=\"hogan-linklist-icon\"><path d=\"M54.3 47.3L7 0 .1 6.9l42.2 42.2L0 93.1l7.1 6.8 48.9-51z\"\/><\/svg><\/a><\/li><li class=\"hogan-linklist-item hogan-linklist-item-external\"><a href=\"https:\/\/www.normisjon.no\/content\/uploads\/sites\/12\/2019\/11\/Hilsen-fra-Halvorsen-november-2019.pdf\">Nytt fra Halvorsen november 2019<svg xmlns=\"http:\/\/www.w3.org\/2000\/svg\" viewBox=\"0 0 56 100\" class=\"hogan-linklist-icon\"><path d=\"M54.3 47.3L7 0 .1 6.9l42.2 42.2L0 93.1l7.1 6.8 48.9-51z\"\/><\/svg><\/a><\/li><li class=\"hogan-linklist-item hogan-linklist-item-external\"><a href=\"https:\/\/www.normisjon.no\/content\/uploads\/sites\/12\/2019\/12\/Hilsen-fra-Halvorsen-desember-2019.pdf\">Nytt fra Halvorsen desember 2019<svg xmlns=\"http:\/\/www.w3.org\/2000\/svg\" viewBox=\"0 0 56 100\" class=\"hogan-linklist-icon\"><path d=\"M54.3 47.3L7 0 .1 6.9l42.2 42.2L0 93.1l7.1 6.8 48.9-51z\"\/><\/svg><\/a><\/li>\t\t\t<\/ul>\n\t\t<\/li>\n\t<\/ul>\n<\/nav><\/div>","protected":false},"excerpt":{"rendered":"<p>V\u00e5re misjon\u00e6rer Hilde og Alf Halvorsen befinner seg i Mali med jevne mellomrom. Her kan du lese siste nytt fra arbeidet deres. Publisert: 5. mai [&hellip;]<\/p>\n","protected":false},"author":65,"featured_media":0,"parent":0,"menu_order":0,"comment_status":"closed","ping_status":"closed","template":"","meta":{"_acf_changed":false,"footnotes":""},"class_list":["post-501","page","type-page","status-publish","hentry"],"acf":[],"yoast_head":"<!-- This site is optimized with the Yoast SEO plugin v25.9 - https:\/\/yoast.com\/wordpress\/plugins\/seo\/ -->\n<title>Nyhetsbrev fra Hilde og Alf Halvorsen - Region Agder<\/title>\n<meta name=\"robots\" content=\"index, follow, max-snippet:-1, max-image-preview:large, max-video-preview:-1\" \/>\n<link rel=\"canonical\" href=\"https:\/\/www.normisjon.no\/agder\/nyhetsbrev-fra-hilde-og-alf-halvorsen\/\" \/>\n<meta property=\"og:locale\" content=\"nb_NO\" \/>\n<meta property=\"og:type\" content=\"article\" \/>\n<meta property=\"og:title\" content=\"Nyhetsbrev fra Hilde og Alf Halvorsen - Region Agder\" \/>\n<meta property=\"og:description\" content=\"V\u00e5re misjon\u00e6rer Hilde og Alf Halvorsen befinner seg i Mali med jevne mellomrom. Her kan du lese siste nytt fra arbeidet deres. Publisert: 5. mai [&hellip;]\" \/>\n<meta property=\"og:url\" content=\"https:\/\/www.normisjon.no\/agder\/nyhetsbrev-fra-hilde-og-alf-halvorsen\/\" \/>\n<meta property=\"og:site_name\" content=\"Region Agder\" \/>\n<meta property=\"article:modified_time\" content=\"2022-05-05T07:58:35+00:00\" \/>\n<meta property=\"og:image\" content=\"https:\/\/www.normisjon.no\/content\/uploads\/sites\/12\/2019\/11\/Hilde-og-Alf-h\u00f8st-2019.jpg\" \/>\n\t<meta property=\"og:image:width\" content=\"720\" \/>\n\t<meta property=\"og:image:height\" content=\"972\" \/>\n\t<meta property=\"og:image:type\" content=\"image\/jpeg\" \/>\n<meta name=\"twitter:card\" content=\"summary_large_image\" \/>\n<script type=\"application\/ld+json\" class=\"yoast-schema-graph\">{\"@context\":\"https:\/\/schema.org\",\"@graph\":[{\"@type\":\"WebPage\",\"@id\":\"https:\/\/www.normisjon.no\/agder\/nyhetsbrev-fra-hilde-og-alf-halvorsen\/\",\"url\":\"https:\/\/www.normisjon.no\/agder\/nyhetsbrev-fra-hilde-og-alf-halvorsen\/\",\"name\":\"Nyhetsbrev fra Hilde og Alf Halvorsen - Region Agder\",\"isPartOf\":{\"@id\":\"https:\/\/www.normisjon.no\/agder\/#website\"},\"datePublished\":\"2019-11-18T12:07:50+00:00\",\"dateModified\":\"2022-05-05T07:58:35+00:00\",\"breadcrumb\":{\"@id\":\"https:\/\/www.normisjon.no\/agder\/nyhetsbrev-fra-hilde-og-alf-halvorsen\/#breadcrumb\"},\"inLanguage\":\"nb-NO\",\"potentialAction\":[{\"@type\":\"ReadAction\",\"target\":[\"https:\/\/www.normisjon.no\/agder\/nyhetsbrev-fra-hilde-og-alf-halvorsen\/\"]}]},{\"@type\":\"BreadcrumbList\",\"@id\":\"https:\/\/www.normisjon.no\/agder\/nyhetsbrev-fra-hilde-og-alf-halvorsen\/#breadcrumb\",\"itemListElement\":[{\"@type\":\"ListItem\",\"position\":1,\"name\":\"Home\",\"item\":\"https:\/\/www.normisjon.no\/agder\/\"},{\"@type\":\"ListItem\",\"position\":2,\"name\":\"Nyhetsbrev fra Hilde og Alf Halvorsen\"}]},{\"@type\":\"WebSite\",\"@id\":\"https:\/\/www.normisjon.no\/agder\/#website\",\"url\":\"https:\/\/www.normisjon.no\/agder\/\",\"name\":\"Region Agder\",\"description\":\"\",\"publisher\":{\"@id\":\"https:\/\/www.normisjon.no\/agder\/#organization\"},\"potentialAction\":[{\"@type\":\"SearchAction\",\"target\":{\"@type\":\"EntryPoint\",\"urlTemplate\":\"https:\/\/www.normisjon.no\/agder\/?s={search_term_string}\"},\"query-input\":{\"@type\":\"PropertyValueSpecification\",\"valueRequired\":true,\"valueName\":\"search_term_string\"}}],\"inLanguage\":\"nb-NO\"},{\"@type\":\"Organization\",\"@id\":\"https:\/\/www.normisjon.no\/agder\/#organization\",\"name\":\"Region Agder\",\"url\":\"https:\/\/www.normisjon.no\/agder\/\",\"logo\":{\"@type\":\"ImageObject\",\"inLanguage\":\"nb-NO\",\"@id\":\"https:\/\/www.normisjon.no\/agder\/#\/schema\/logo\/image\/\",\"url\":\"https:\/\/www.normisjon.no\/content\/uploads\/sites\/12\/2026\/01\/Region_Venstre_Agder_oransje.png\",\"contentUrl\":\"https:\/\/www.normisjon.no\/content\/uploads\/sites\/12\/2026\/01\/Region_Venstre_Agder_oransje.png\",\"width\":1921,\"height\":541,\"caption\":\"Region Agder\"},\"image\":{\"@id\":\"https:\/\/www.normisjon.no\/agder\/#\/schema\/logo\/image\/\"}}]}<\/script>\n<!-- \/ Yoast SEO plugin. -->","yoast_head_json":{"title":"Nyhetsbrev fra Hilde og Alf Halvorsen - Region Agder","robots":{"index":"index","follow":"follow","max-snippet":"max-snippet:-1","max-image-preview":"max-image-preview:large","max-video-preview":"max-video-preview:-1"},"canonical":"https:\/\/www.normisjon.no\/agder\/nyhetsbrev-fra-hilde-og-alf-halvorsen\/","og_locale":"nb_NO","og_type":"article","og_title":"Nyhetsbrev fra Hilde og Alf Halvorsen - Region Agder","og_description":"V\u00e5re misjon\u00e6rer Hilde og Alf Halvorsen befinner seg i Mali med jevne mellomrom. Her kan du lese siste nytt fra arbeidet deres. Publisert: 5. mai [&hellip;]","og_url":"https:\/\/www.normisjon.no\/agder\/nyhetsbrev-fra-hilde-og-alf-halvorsen\/","og_site_name":"Region Agder","article_modified_time":"2022-05-05T07:58:35+00:00","og_image":[{"width":720,"height":972,"url":"https:\/\/www.normisjon.no\/content\/uploads\/sites\/12\/2019\/11\/Hilde-og-Alf-h\u00f8st-2019.jpg","type":"image\/jpeg"}],"twitter_card":"summary_large_image","schema":{"@context":"https:\/\/schema.org","@graph":[{"@type":"WebPage","@id":"https:\/\/www.normisjon.no\/agder\/nyhetsbrev-fra-hilde-og-alf-halvorsen\/","url":"https:\/\/www.normisjon.no\/agder\/nyhetsbrev-fra-hilde-og-alf-halvorsen\/","name":"Nyhetsbrev fra Hilde og Alf Halvorsen - Region Agder","isPartOf":{"@id":"https:\/\/www.normisjon.no\/agder\/#website"},"datePublished":"2019-11-18T12:07:50+00:00","dateModified":"2022-05-05T07:58:35+00:00","breadcrumb":{"@id":"https:\/\/www.normisjon.no\/agder\/nyhetsbrev-fra-hilde-og-alf-halvorsen\/#breadcrumb"},"inLanguage":"nb-NO","potentialAction":[{"@type":"ReadAction","target":["https:\/\/www.normisjon.no\/agder\/nyhetsbrev-fra-hilde-og-alf-halvorsen\/"]}]},{"@type":"BreadcrumbList","@id":"https:\/\/www.normisjon.no\/agder\/nyhetsbrev-fra-hilde-og-alf-halvorsen\/#breadcrumb","itemListElement":[{"@type":"ListItem","position":1,"name":"Home","item":"https:\/\/www.normisjon.no\/agder\/"},{"@type":"ListItem","position":2,"name":"Nyhetsbrev fra Hilde og Alf Halvorsen"}]},{"@type":"WebSite","@id":"https:\/\/www.normisjon.no\/agder\/#website","url":"https:\/\/www.normisjon.no\/agder\/","name":"Region Agder","description":"","publisher":{"@id":"https:\/\/www.normisjon.no\/agder\/#organization"},"potentialAction":[{"@type":"SearchAction","target":{"@type":"EntryPoint","urlTemplate":"https:\/\/www.normisjon.no\/agder\/?s={search_term_string}"},"query-input":{"@type":"PropertyValueSpecification","valueRequired":true,"valueName":"search_term_string"}}],"inLanguage":"nb-NO"},{"@type":"Organization","@id":"https:\/\/www.normisjon.no\/agder\/#organization","name":"Region Agder","url":"https:\/\/www.normisjon.no\/agder\/","logo":{"@type":"ImageObject","inLanguage":"nb-NO","@id":"https:\/\/www.normisjon.no\/agder\/#\/schema\/logo\/image\/","url":"https:\/\/www.normisjon.no\/content\/uploads\/sites\/12\/2026\/01\/Region_Venstre_Agder_oransje.png","contentUrl":"https:\/\/www.normisjon.no\/content\/uploads\/sites\/12\/2026\/01\/Region_Venstre_Agder_oransje.png","width":1921,"height":541,"caption":"Region Agder"},"image":{"@id":"https:\/\/www.normisjon.no\/agder\/#\/schema\/logo\/image\/"}}]}},"_links":{"self":[{"href":"https:\/\/www.normisjon.no\/agder\/wp-json\/wp\/v2\/pages\/501","targetHints":{"allow":["GET"]}}],"collection":[{"href":"https:\/\/www.normisjon.no\/agder\/wp-json\/wp\/v2\/pages"}],"about":[{"href":"https:\/\/www.normisjon.no\/agder\/wp-json\/wp\/v2\/types\/page"}],"author":[{"embeddable":true,"href":"https:\/\/www.normisjon.no\/agder\/wp-json\/wp\/v2\/users\/65"}],"replies":[{"embeddable":true,"href":"https:\/\/www.normisjon.no\/agder\/wp-json\/wp\/v2\/comments?post=501"}],"version-history":[{"count":4,"href":"https:\/\/www.normisjon.no\/agder\/wp-json\/wp\/v2\/pages\/501\/revisions"}],"predecessor-version":[{"id":2920,"href":"https:\/\/www.normisjon.no\/agder\/wp-json\/wp\/v2\/pages\/501\/revisions\/2920"}],"wp:attachment":[{"href":"https:\/\/www.normisjon.no\/agder\/wp-json\/wp\/v2\/media?parent=501"}],"curies":[{"name":"wp","href":"https:\/\/api.w.org\/{rel}","templated":true}]}}