{"id":91,"date":"2018-06-26T09:52:42","date_gmt":"2018-06-26T07:52:42","guid":{"rendered":"https:\/\/www.normisjon.no\/agder\/?page_id=91"},"modified":"2020-06-16T09:59:16","modified_gmt":"2020-06-16T07:59:16","slug":"gi-en-gave-til-normisjon","status":"publish","type":"page","link":"https:\/\/www.normisjon.no\/agder\/gi-en-gave-til-normisjon\/","title":{"rendered":"Gi en gave til Normisjon!"},"content":{"rendered":"<div id=\"module-0\" class=\"hogan-module hogan-module-text hogan-module-0\"><div class=\"hogan-module-inner\"><p><strong>\u00d8nsker du \u00e5 gi en gave til region Agder?<\/strong><\/p>\n<p>V\u00e5rt kontonummer: 8220.02.82600<br \/>\nV\u00e5rt Vippsnummer: #94272<\/p>\n<p>Husk \u00e5 skrive en merknad om hva gaven gjelder.<br \/>\nSender du penger p\u00e5 vegne av en forening, skriv en merknad om dette ogs\u00e5.<\/p><\/div><\/div><div id=\"module-1\" class=\"hogan-module hogan-module-links hogan-module-1\"><nav class=\"hogan-module-inner\"><ul class=\"hogan-links\">\n\n\t<li class=\"hogan-links-item\">\n\t\t\n\t\t<a href=\"https:\/\/normisjon.profundo.no\/gi_normisjonagder\"\n\t\t\t\t\t\t\t\t\t\t\t\t\taria-label=\"Gi en gave!\"\n\t\t\t\taria-describedby=\"link-list-item-1-0\"\n\t\t\t\t\t\t>\n\t\t\tGi en gave!\n\t\t\t\t\t\t\t<span id=\"link-list-item-1-0\" class=\"hogan-link-description\">Her kan du bli fast giver til Normisjon eller Acta, region Agder. <\/span>\n\t\t\t\n\t\t\t\t\t<\/a>\n\t<\/li>\n\t<\/ul>\n<\/nav><\/div>","protected":false},"excerpt":{"rendered":"<p>\u00d8nsker du \u00e5 gi en gave til region Agder? V\u00e5rt kontonummer: 8220.02.82600 V\u00e5rt Vippsnummer: #94272 Husk \u00e5 skrive en merknad om hva gaven gjelder. Sender [&hellip;]<\/p>\n","protected":false},"author":34,"featured_media":0,"parent":0,"menu_order":0,"comment_status":"closed","ping_status":"closed","template":"","meta":{"_acf_changed":false,"footnotes":""},"class_list":["post-91","page","type-page","status-publish","hentry"],"acf":[],"yoast_head":"<!-- This site is optimized with the Yoast SEO plugin v25.9 - https:\/\/yoast.com\/wordpress\/plugins\/seo\/ -->\n<title>Gi en gave til Normisjon! - Region Agder<\/title>\n<meta name=\"robots\" content=\"index, follow, max-snippet:-1, max-image-preview:large, max-video-preview:-1\" \/>\n<link rel=\"canonical\" href=\"https:\/\/www.normisjon.no\/agder\/gi-en-gave-til-normisjon\/\" \/>\n<meta property=\"og:locale\" content=\"nb_NO\" \/>\n<meta property=\"og:type\" content=\"article\" \/>\n<meta property=\"og:title\" content=\"Gi en gave til Normisjon! - Region Agder\" \/>\n<meta property=\"og:description\" content=\"\u00d8nsker du \u00e5 gi en gave til region Agder? V\u00e5rt kontonummer: 8220.02.82600 V\u00e5rt Vippsnummer: #94272 Husk \u00e5 skrive en merknad om hva gaven gjelder. Sender [&hellip;]\" \/>\n<meta property=\"og:url\" content=\"https:\/\/www.normisjon.no\/agder\/gi-en-gave-til-normisjon\/\" \/>\n<meta property=\"og:site_name\" content=\"Region Agder\" \/>\n<meta property=\"article:modified_time\" content=\"2020-06-16T07:59:16+00:00\" \/>\n<meta property=\"og:image\" content=\"https:\/\/www.normisjon.no\/content\/uploads\/sites\/12\/2018\/06\/AdobeStock_127619541-1024x171.jpeg\" \/>\n\t<meta property=\"og:image:width\" content=\"1024\" \/>\n\t<meta property=\"og:image:height\" content=\"171\" \/>\n\t<meta property=\"og:image:type\" content=\"image\/jpeg\" \/>\n<meta name=\"twitter:card\" content=\"summary_large_image\" \/>\n<script type=\"application\/ld+json\" class=\"yoast-schema-graph\">{\"@context\":\"https:\/\/schema.org\",\"@graph\":[{\"@type\":\"WebPage\",\"@id\":\"https:\/\/www.normisjon.no\/agder\/gi-en-gave-til-normisjon\/\",\"url\":\"https:\/\/www.normisjon.no\/agder\/gi-en-gave-til-normisjon\/\",\"name\":\"Gi en gave til Normisjon! - Region Agder\",\"isPartOf\":{\"@id\":\"https:\/\/www.normisjon.no\/agder\/#website\"},\"datePublished\":\"2018-06-26T07:52:42+00:00\",\"dateModified\":\"2020-06-16T07:59:16+00:00\",\"breadcrumb\":{\"@id\":\"https:\/\/www.normisjon.no\/agder\/gi-en-gave-til-normisjon\/#breadcrumb\"},\"inLanguage\":\"nb-NO\",\"potentialAction\":[{\"@type\":\"ReadAction\",\"target\":[\"https:\/\/www.normisjon.no\/agder\/gi-en-gave-til-normisjon\/\"]}]},{\"@type\":\"BreadcrumbList\",\"@id\":\"https:\/\/www.normisjon.no\/agder\/gi-en-gave-til-normisjon\/#breadcrumb\",\"itemListElement\":[{\"@type\":\"ListItem\",\"position\":1,\"name\":\"Home\",\"item\":\"https:\/\/www.normisjon.no\/agder\/\"},{\"@type\":\"ListItem\",\"position\":2,\"name\":\"Gi en gave til Normisjon!\"}]},{\"@type\":\"WebSite\",\"@id\":\"https:\/\/www.normisjon.no\/agder\/#website\",\"url\":\"https:\/\/www.normisjon.no\/agder\/\",\"name\":\"Region Agder\",\"description\":\"\",\"publisher\":{\"@id\":\"https:\/\/www.normisjon.no\/agder\/#organization\"},\"potentialAction\":[{\"@type\":\"SearchAction\",\"target\":{\"@type\":\"EntryPoint\",\"urlTemplate\":\"https:\/\/www.normisjon.no\/agder\/?s={search_term_string}\"},\"query-input\":{\"@type\":\"PropertyValueSpecification\",\"valueRequired\":true,\"valueName\":\"search_term_string\"}}],\"inLanguage\":\"nb-NO\"},{\"@type\":\"Organization\",\"@id\":\"https:\/\/www.normisjon.no\/agder\/#organization\",\"name\":\"Region Agder\",\"url\":\"https:\/\/www.normisjon.no\/agder\/\",\"logo\":{\"@type\":\"ImageObject\",\"inLanguage\":\"nb-NO\",\"@id\":\"https:\/\/www.normisjon.no\/agder\/#\/schema\/logo\/image\/\",\"url\":\"https:\/\/www.normisjon.no\/content\/uploads\/sites\/12\/2026\/01\/Region_Venstre_Agder_oransje.png\",\"contentUrl\":\"https:\/\/www.normisjon.no\/content\/uploads\/sites\/12\/2026\/01\/Region_Venstre_Agder_oransje.png\",\"width\":1921,\"height\":541,\"caption\":\"Region Agder\"},\"image\":{\"@id\":\"https:\/\/www.normisjon.no\/agder\/#\/schema\/logo\/image\/\"}}]}<\/script>\n<!-- \/ Yoast SEO plugin. -->","yoast_head_json":{"title":"Gi en gave til Normisjon! - Region Agder","robots":{"index":"index","follow":"follow","max-snippet":"max-snippet:-1","max-image-preview":"max-image-preview:large","max-video-preview":"max-video-preview:-1"},"canonical":"https:\/\/www.normisjon.no\/agder\/gi-en-gave-til-normisjon\/","og_locale":"nb_NO","og_type":"article","og_title":"Gi en gave til Normisjon! - Region Agder","og_description":"\u00d8nsker du \u00e5 gi en gave til region Agder? V\u00e5rt kontonummer: 8220.02.82600 V\u00e5rt Vippsnummer: #94272 Husk \u00e5 skrive en merknad om hva gaven gjelder. Sender [&hellip;]","og_url":"https:\/\/www.normisjon.no\/agder\/gi-en-gave-til-normisjon\/","og_site_name":"Region Agder","article_modified_time":"2020-06-16T07:59:16+00:00","og_image":[{"width":1024,"height":171,"url":"https:\/\/www.normisjon.no\/content\/uploads\/sites\/12\/2018\/06\/AdobeStock_127619541-1024x171.jpeg","type":"image\/jpeg"}],"twitter_card":"summary_large_image","schema":{"@context":"https:\/\/schema.org","@graph":[{"@type":"WebPage","@id":"https:\/\/www.normisjon.no\/agder\/gi-en-gave-til-normisjon\/","url":"https:\/\/www.normisjon.no\/agder\/gi-en-gave-til-normisjon\/","name":"Gi en gave til Normisjon! - Region Agder","isPartOf":{"@id":"https:\/\/www.normisjon.no\/agder\/#website"},"datePublished":"2018-06-26T07:52:42+00:00","dateModified":"2020-06-16T07:59:16+00:00","breadcrumb":{"@id":"https:\/\/www.normisjon.no\/agder\/gi-en-gave-til-normisjon\/#breadcrumb"},"inLanguage":"nb-NO","potentialAction":[{"@type":"ReadAction","target":["https:\/\/www.normisjon.no\/agder\/gi-en-gave-til-normisjon\/"]}]},{"@type":"BreadcrumbList","@id":"https:\/\/www.normisjon.no\/agder\/gi-en-gave-til-normisjon\/#breadcrumb","itemListElement":[{"@type":"ListItem","position":1,"name":"Home","item":"https:\/\/www.normisjon.no\/agder\/"},{"@type":"ListItem","position":2,"name":"Gi en gave til Normisjon!"}]},{"@type":"WebSite","@id":"https:\/\/www.normisjon.no\/agder\/#website","url":"https:\/\/www.normisjon.no\/agder\/","name":"Region Agder","description":"","publisher":{"@id":"https:\/\/www.normisjon.no\/agder\/#organization"},"potentialAction":[{"@type":"SearchAction","target":{"@type":"EntryPoint","urlTemplate":"https:\/\/www.normisjon.no\/agder\/?s={search_term_string}"},"query-input":{"@type":"PropertyValueSpecification","valueRequired":true,"valueName":"search_term_string"}}],"inLanguage":"nb-NO"},{"@type":"Organization","@id":"https:\/\/www.normisjon.no\/agder\/#organization","name":"Region Agder","url":"https:\/\/www.normisjon.no\/agder\/","logo":{"@type":"ImageObject","inLanguage":"nb-NO","@id":"https:\/\/www.normisjon.no\/agder\/#\/schema\/logo\/image\/","url":"https:\/\/www.normisjon.no\/content\/uploads\/sites\/12\/2026\/01\/Region_Venstre_Agder_oransje.png","contentUrl":"https:\/\/www.normisjon.no\/content\/uploads\/sites\/12\/2026\/01\/Region_Venstre_Agder_oransje.png","width":1921,"height":541,"caption":"Region Agder"},"image":{"@id":"https:\/\/www.normisjon.no\/agder\/#\/schema\/logo\/image\/"}}]}},"_links":{"self":[{"href":"https:\/\/www.normisjon.no\/agder\/wp-json\/wp\/v2\/pages\/91","targetHints":{"allow":["GET"]}}],"collection":[{"href":"https:\/\/www.normisjon.no\/agder\/wp-json\/wp\/v2\/pages"}],"about":[{"href":"https:\/\/www.normisjon.no\/agder\/wp-json\/wp\/v2\/types\/page"}],"author":[{"embeddable":true,"href":"https:\/\/www.normisjon.no\/agder\/wp-json\/wp\/v2\/users\/34"}],"replies":[{"embeddable":true,"href":"https:\/\/www.normisjon.no\/agder\/wp-json\/wp\/v2\/comments?post=91"}],"version-history":[{"count":3,"href":"https:\/\/www.normisjon.no\/agder\/wp-json\/wp\/v2\/pages\/91\/revisions"}],"predecessor-version":[{"id":1398,"href":"https:\/\/www.normisjon.no\/agder\/wp-json\/wp\/v2\/pages\/91\/revisions\/1398"}],"wp:attachment":[{"href":"https:\/\/www.normisjon.no\/agder\/wp-json\/wp\/v2\/media?parent=91"}],"curies":[{"name":"wp","href":"https:\/\/api.w.org\/{rel}","templated":true}]}}