{"id":935,"date":"2020-03-27T15:23:21","date_gmt":"2020-03-27T14:23:21","guid":{"rendered":"https:\/\/www.normisjon.no\/agder\/?page_id=935"},"modified":"2022-06-28T09:49:15","modified_gmt":"2022-06-28T07:49:15","slug":"nyheter","status":"publish","type":"page","link":"https:\/\/www.normisjon.no\/agder\/nyheter\/","title":{"rendered":"Nyheter fra Agder"},"content":{"rendered":"<div class=\"entry-content alignfull wp-block-post-content has-global-padding is-layout-constrained wp-block-post-content-is-layout-constrained\">\n<p>Vil du ha nyheter fra oss direkte til din e-post? Vi sender ut nyhetsbrev en gang i m\u00e5neden. <\/p>\n\n\n\n<p><a href=\"https:\/\/normisjon.profundo.no\/agd_nbrev?preview=true\">Meld deg p\u00e5 her<\/a>.<\/p>\n<\/div><div id=\"module-0\" class=\"hogan-module hogan-module-archive hogan-module-0\"><div class=\"hogan-module-inner\">\n\t<div class=\"hogan-grid hogan-grid-text-center\">\n\t\t<div class=\"hogan-grid-inner\">\n\t\t\t\t\t\t\t\t<div class=\"hogan-grid-item hogan-grid-item-type-post hogan-grid-item-size-small savage-has-image savage-has-heading savage-has-teaser\">\n\t\t\t\t\t\t<div class=\"hogan-grid-item-inner\">\n\t\t\t\t\t\t\t<div class=\"savage-card-image\">\n\t<div class=\"savage-card-image-inner\">\n\t\t<span class=\"savage-card-image-image\" style=\"background-image: url(https:\/\/www.normisjon.no\/content\/uploads\/sites\/12\/2026\/04\/Skjermbilde-2026-04-30-kl.-16.45.55.png);\"><\/span>\t<\/div>\n<\/div>\n\t\t<div class=\"savage-card-body\">\n\t\t\t<div class=\"savage-card-body-inner\">\n\t\t\t\t<div class=\"savage-card__date\">Publisert: 30. april 2026<\/div><h2 class=\"savage-card-heading\">Glendrangeposten april<\/h2><p class=\"savage-card-teaser\">Les mer<\/p>\t\t\t<\/div>\n\t\t<\/div>\n\t\t<a href=\"https:\/\/www.normisjon.no\/agder\/2026\/04\/30\/glendrangeposten-april\/\" class=\"savage-card-link\"><span class=\"screen-reader-text\">Read article &quot;Glendrangeposten april&quot;<\/span><\/a>\t\t\t\t\t\t<\/div>\n\t\t\t\t\t<\/div>\n\t\t\t\t\t\t\t\t\t\t<div class=\"hogan-grid-item hogan-grid-item-type-post hogan-grid-item-size-small savage-has-image savage-has-heading savage-has-excerpt savage-has-teaser\">\n\t\t\t\t\t\t<div class=\"hogan-grid-item-inner\">\n\t\t\t\t\t\t\t<div class=\"savage-card-image\">\n\t<div class=\"savage-card-image-inner\">\n\t\t<span class=\"savage-card-image-image\" style=\"background-image: url(https:\/\/www.normisjon.no\/content\/uploads\/sites\/12\/2026\/04\/dalen.jpg);\"><\/span>\t<\/div>\n<\/div>\n\t\t<div class=\"savage-card-body\">\n\t\t\t<div class=\"savage-card-body-inner\">\n\t\t\t\t<div class=\"savage-card__date\">Publisert: 29. april 2026<\/div><h2 class=\"savage-card-heading\">Stilling ledig i Austre Moland<\/h2><p class=\"savage-card-excerpt\">Stilling ledig i Austre Moland, s\u00f8knadsfrist 20.05.<\/p><p class=\"savage-card-teaser\">Les mer <\/p>\t\t\t<\/div>\n\t\t<\/div>\n\t\t<a href=\"https:\/\/www.normisjon.no\/agder\/2026\/04\/29\/stilling-ledig-i-austre-moland\/\" class=\"savage-card-link\"><span class=\"screen-reader-text\">Read article &quot;Stilling ledig i Austre Moland&quot;<\/span><\/a>\t\t\t\t\t\t<\/div>\n\t\t\t\t\t<\/div>\n\t\t\t\t\t\t\t\t\t\t<div class=\"hogan-grid-item hogan-grid-item-type-post hogan-grid-item-size-small savage-has-image savage-has-heading savage-has-excerpt savage-has-teaser\">\n\t\t\t\t\t\t<div class=\"hogan-grid-item-inner\">\n\t\t\t\t\t\t\t<div class=\"savage-card-image\">\n\t<div class=\"savage-card-image-inner\">\n\t\t<span class=\"savage-card-image-image\" style=\"background-image: url(https:\/\/www.normisjon.no\/content\/uploads\/sites\/12\/2025\/04\/att.boRqkj4RL4d_KvbYZYYThjfcK-ARVbzScPukYAaCOIY-768x1024.jpg);\"><\/span>\t<\/div>\n<\/div>\n\t\t<div class=\"savage-card-body\">\n\t\t\t<div class=\"savage-card-body-inner\">\n\t\t\t\t<div class=\"savage-card__date\">Publisert: 20. april 2026<\/div><h2 class=\"savage-card-heading\">\u00c5rsm\u00f8tepapirer<\/h2><p class=\"savage-card-excerpt\">Her er \u00e5rsm\u00f8tepapirer til \u00e5rsm\u00f8te 4. mai. Husk \u00e5 melde dere p\u00e5! <\/p><p class=\"savage-card-teaser\">Les mer <\/p>\t\t\t<\/div>\n\t\t<\/div>\n\t\t<a href=\"https:\/\/www.normisjon.no\/agder\/2026\/04\/20\/arsmotepapirer\/\" class=\"savage-card-link\"><span class=\"screen-reader-text\">Read article &quot;\u00c5rsm\u00f8tepapirer&quot;<\/span><\/a>\t\t\t\t\t\t<\/div>\n\t\t\t\t\t<\/div>\n\t\t\t\t\t\t\t\t\t\t<div class=\"hogan-grid-item hogan-grid-item-type-post hogan-grid-item-size-small savage-has-image savage-has-heading\">\n\t\t\t\t\t\t<div class=\"hogan-grid-item-inner\">\n\t\t\t\t\t\t\t<div class=\"savage-card-image\">\n\t<div class=\"savage-card-image-inner\">\n\t\t<span class=\"savage-card-image-image\" style=\"background-image: url(https:\/\/www.normisjon.no\/content\/uploads\/sites\/12\/2026\/04\/Arsmote-2026-768x545.png);\"><\/span>\t<\/div>\n<\/div>\n\t\t<div class=\"savage-card-body\">\n\t\t\t<div class=\"savage-card-body-inner\">\n\t\t\t\t<div class=\"savage-card__date\">Publisert: 13. april 2026<\/div><h2 class=\"savage-card-heading\">\u00c5rsm\u00f8te 4. mai<\/h2>\t\t\t<\/div>\n\t\t<\/div>\n\t\t<a href=\"https:\/\/www.normisjon.no\/agder\/2026\/04\/13\/arsmote-4-mai\/\" class=\"savage-card-link\"><span class=\"screen-reader-text\">Read article &quot;\u00c5rsm\u00f8te 4. mai&quot;<\/span><\/a>\t\t\t\t\t\t<\/div>\n\t\t\t\t\t<\/div>\n\t\t\t\t\t\t\t\t\t\t<div class=\"hogan-grid-item hogan-grid-item-type-post hogan-grid-item-size-small savage-has-image savage-has-heading\">\n\t\t\t\t\t\t<div class=\"hogan-grid-item-inner\">\n\t\t\t\t\t\t\t<div class=\"savage-card-image\">\n\t<div class=\"savage-card-image-inner\">\n\t\t<span class=\"savage-card-image-image\" style=\"background-image: url(https:\/\/www.normisjon.no\/content\/uploads\/sites\/12\/2026\/02\/Skjermbilde-2026-02-09-kl.-12.08.28.png);\"><\/span>\t<\/div>\n<\/div>\n\t\t<div class=\"savage-card-body\">\n\t\t\t<div class=\"savage-card-body-inner\">\n\t\t\t\t<div class=\"savage-card__date\">Publisert: 8. april 2026<\/div><h2 class=\"savage-card-heading\">Ikke mange plassene igjen p\u00e5 Seniortreffet.<\/h2>\t\t\t<\/div>\n\t\t<\/div>\n\t\t<a href=\"https:\/\/www.normisjon.no\/agder\/2026\/04\/08\/ikke-mange-plassene-igjen-pa-seniortreffet\/\" class=\"savage-card-link\"><span class=\"screen-reader-text\">Read article &quot;Ikke mange plassene igjen p\u00e5 Seniortreffet.&quot;<\/span><\/a>\t\t\t\t\t\t<\/div>\n\t\t\t\t\t<\/div>\n\t\t\t\t\t\t\t\t\t\t<div class=\"hogan-grid-item hogan-grid-item-type-post hogan-grid-item-size-small savage-has-image savage-has-heading savage-has-excerpt savage-has-teaser\">\n\t\t\t\t\t\t<div class=\"hogan-grid-item-inner\">\n\t\t\t\t\t\t\t<div class=\"savage-card-image\">\n\t<div class=\"savage-card-image-inner\">\n\t\t<span class=\"savage-card-image-image\" style=\"background-image: url(https:\/\/www.normisjon.no\/content\/uploads\/sites\/12\/2026\/03\/norkirkeniveland-768x495.png);\"><\/span>\t<\/div>\n<\/div>\n\t\t<div class=\"savage-card-body\">\n\t\t\t<div class=\"savage-card-body-inner\">\n\t\t\t\t<div class=\"savage-card__date\">Publisert: 23. mars 2026<\/div><h2 class=\"savage-card-heading\">Pastor s\u00f8kes til Norkirken Iveland (50\u201360 % stilling)<\/h2><p class=\"savage-card-excerpt\">Norkirken Iveland er en aktiv menighet med hjerte for hele lokalsamfunnet. N\u00e5 s\u00f8ker de en pastor som vil v\u00e6re med \u00e5 forme veien videre. De ser etter deg som kan lede, inspirere og se den enkelte. <\/p><p class=\"savage-card-teaser\">Les mer <\/p>\t\t\t<\/div>\n\t\t<\/div>\n\t\t<a href=\"https:\/\/www.normisjon.no\/agder\/2026\/03\/23\/pastor-sokes-til-norkirken-iveland-50-60-stilling\/\" class=\"savage-card-link\"><span class=\"screen-reader-text\">Read article &quot;Pastor s\u00f8kes til Norkirken Iveland (50\u201360 % stilling)&quot;<\/span><\/a>\t\t\t\t\t\t<\/div>\n\t\t\t\t\t<\/div>\n\t\t\t\t\t\t\t\t\t\t<div class=\"hogan-grid-item hogan-grid-item-type-post hogan-grid-item-size-small savage-has-image savage-has-heading savage-has-excerpt savage-has-teaser\">\n\t\t\t\t\t\t<div class=\"hogan-grid-item-inner\">\n\t\t\t\t\t\t\t<div class=\"savage-card-image\">\n\t<div class=\"savage-card-image-inner\">\n\t\t<span class=\"savage-card-image-image\" style=\"background-image: url(https:\/\/www.normisjon.no\/content\/uploads\/sites\/12\/2026\/03\/IMG_3718-scaled-e1773216896482-768x662.jpeg);\"><\/span>\t<\/div>\n<\/div>\n\t\t<div class=\"savage-card-body\">\n\t\t\t<div class=\"savage-card-body-inner\">\n\t\t\t\t<div class=\"savage-card__date\">Publisert: 11. mars 2026<\/div><h2 class=\"savage-card-heading\">Vil styrke samarbeidet<\/h2><p class=\"savage-card-excerpt\">Representanter fra flere styrer og r\u00e5d tilknyttet Normisjon Agder var samlet til medlemskveld p\u00e5 BiG 5. mars. Kvelden handlet om oppdraget organisasjonen har gjennom arbeidet med barn og unge, og om hvordan samarbeidet mellom skolene og organisasjonen kan styrkes videre.<\/p><p class=\"savage-card-teaser\">Les mer<\/p>\t\t\t<\/div>\n\t\t<\/div>\n\t\t<a href=\"https:\/\/www.normisjon.no\/agder\/2026\/03\/11\/vil-styrke-samarbeidet\/\" class=\"savage-card-link\"><span class=\"screen-reader-text\">Read article &quot;Vil styrke samarbeidet&quot;<\/span><\/a>\t\t\t\t\t\t<\/div>\n\t\t\t\t\t<\/div>\n\t\t\t\t\t\t\t\t\t\t<div class=\"hogan-grid-item hogan-grid-item-type-post hogan-grid-item-size-small savage-has-image savage-has-heading savage-has-teaser\">\n\t\t\t\t\t\t<div class=\"hogan-grid-item-inner\">\n\t\t\t\t\t\t\t<div class=\"savage-card-image\">\n\t<div class=\"savage-card-image-inner\">\n\t\t<span class=\"savage-card-image-image\" style=\"background-image: url(https:\/\/www.normisjon.no\/content\/uploads\/sites\/12\/2026\/02\/Retreat2026-768x1086.png);\"><\/span>\t<\/div>\n<\/div>\n\t\t<div class=\"savage-card-body\">\n\t\t\t<div class=\"savage-card-body-inner\">\n\t\t\t\t<div class=\"savage-card__date\">Publisert: 12. februar 2026<\/div><h2 class=\"savage-card-heading\">Retreat 1. &#8211; 4. oktober<\/h2><p class=\"savage-card-teaser\">Les mer <\/p>\t\t\t<\/div>\n\t\t<\/div>\n\t\t<a href=\"https:\/\/www.normisjon.no\/agder\/2026\/02\/12\/retreat\/\" class=\"savage-card-link\"><span class=\"screen-reader-text\">Read article &quot;Retreat 1. &#8211; 4. oktober&quot;<\/span><\/a>\t\t\t\t\t\t<\/div>\n\t\t\t\t\t<\/div>\n\t\t\t\t\t\t\t\t\t\t<div class=\"hogan-grid-item hogan-grid-item-type-post hogan-grid-item-size-small savage-has-image savage-has-heading savage-has-excerpt savage-has-teaser\">\n\t\t\t\t\t\t<div class=\"hogan-grid-item-inner\">\n\t\t\t\t\t\t\t<div class=\"savage-card-image\">\n\t<div class=\"savage-card-image-inner\">\n\t\t<span class=\"savage-card-image-image\" style=\"background-image: url(https:\/\/www.normisjon.no\/content\/uploads\/sites\/12\/2026\/02\/Skjermbilde-2026-02-09-kl.-12.08.28.png);\"><\/span>\t<\/div>\n<\/div>\n\t\t<div class=\"savage-card-body\">\n\t\t\t<div class=\"savage-card-body-inner\">\n\t\t\t\t<div class=\"savage-card__date\">Publisert: 11. februar 2026<\/div><h2 class=\"savage-card-heading\">Seniortreff v\u00e5ren 2026<\/h2><p class=\"savage-card-excerpt\">P\u00e5melding til Seniortreff region.agder@normisjon.no<\/p><p class=\"savage-card-teaser\">Les mer<\/p>\t\t\t<\/div>\n\t\t<\/div>\n\t\t<a href=\"https:\/\/www.normisjon.no\/agder\/2026\/02\/11\/seniortreff-varen-2026\/\" class=\"savage-card-link\"><span class=\"screen-reader-text\">Read article &quot;Seniortreff v\u00e5ren 2026&quot;<\/span><\/a>\t\t\t\t\t\t<\/div>\n\t\t\t\t\t<\/div>\n\t\t\t\t\t\t\t\t\t\t<div class=\"hogan-grid-item hogan-grid-item-type-post hogan-grid-item-size-small savage-has-image savage-has-heading savage-has-excerpt savage-has-teaser\">\n\t\t\t\t\t\t<div class=\"hogan-grid-item-inner\">\n\t\t\t\t\t\t\t<div class=\"savage-card-image\">\n\t<div class=\"savage-card-image-inner\">\n\t\t<span class=\"savage-card-image-image\" style=\"background-image: url(https:\/\/www.normisjon.no\/content\/uploads\/sites\/12\/2026\/02\/att.ZNG0kc6Q7Wi0wvbDelCHbXUy1mBwJNZ_HjyPad1Q7Mc-768x576.jpg);\"><\/span>\t<\/div>\n<\/div>\n\t\t<div class=\"savage-card-body\">\n\t\t\t<div class=\"savage-card-body-inner\">\n\t\t\t\t<div class=\"savage-card__date\">Publisert: 11. februar 2026<\/div><h2 class=\"savage-card-heading\">Familien D\u00f8rdal p\u00e5 TID i Kenya: Tre m\u00e5neder med Gud, fellesskap og nye opplevelser<\/h2><p class=\"savage-card-excerpt\">Elisabeth D\u00f8rdal, leder i Acta Agder, og familien er akkurat n\u00e5 i Kenya sammen med sine to barn p\u00e5 tre m\u00e5neders familiebibelskole gjennom TID Bibelskole. M\u00e5let? \u00c5 f\u00e5 mer tid til Gud, hverandre og oppleve et nytt milj\u00f8 sammen som familie.<\/p><p class=\"savage-card-teaser\">Les mer<\/p>\t\t\t<\/div>\n\t\t<\/div>\n\t\t<a href=\"https:\/\/www.normisjon.no\/agder\/2026\/02\/11\/familien-dordal-pa-tid-i-kenya-tre-maneder-med-gud-fellesskap-og-nye-opplevelser\/\" class=\"savage-card-link\"><span class=\"screen-reader-text\">Read article &quot;Familien D\u00f8rdal p\u00e5 TID i Kenya: Tre m\u00e5neder med Gud, fellesskap og nye opplevelser&quot;<\/span><\/a>\t\t\t\t\t\t<\/div>\n\t\t\t\t\t<\/div>\n\t\t\t\t\t\t\t<\/div>\n\t<\/div>\n\n\t<\/div><\/div>","protected":false},"excerpt":{"rendered":"<p>Vil du ha nyheter fra oss direkte til din e-post? Vi sender ut nyhetsbrev en gang i m\u00e5neden. Meld deg p\u00e5 her. Publisert: 30. april [&hellip;]<\/p>\n","protected":false},"author":69,"featured_media":0,"parent":0,"menu_order":0,"comment_status":"closed","ping_status":"closed","template":"","meta":{"_acf_changed":false,"footnotes":""},"class_list":["post-935","page","type-page","status-publish","hentry"],"acf":[],"yoast_head":"<!-- This site is optimized with the Yoast SEO plugin v25.9 - https:\/\/yoast.com\/wordpress\/plugins\/seo\/ -->\n<title>Nyheter fra Agder - Region Agder<\/title>\n<meta name=\"description\" content=\"Her f\u00e5r du siste nytt fra alt det spennende som skjer i Region Agder. Vi publiserer m\u00e5nedlig artikler og glimt fra inn og utland.\" \/>\n<meta name=\"robots\" content=\"index, follow, max-snippet:-1, max-image-preview:large, max-video-preview:-1\" \/>\n<link rel=\"canonical\" href=\"https:\/\/www.normisjon.no\/agder\/nyheter\/\" \/>\n<meta property=\"og:locale\" content=\"nb_NO\" \/>\n<meta property=\"og:type\" content=\"article\" \/>\n<meta property=\"og:title\" content=\"Nyheter fra Agder - Region Agder\" \/>\n<meta property=\"og:description\" content=\"Her f\u00e5r du siste nytt fra alt det spennende som skjer i Region Agder. Vi publiserer m\u00e5nedlig artikler og glimt fra inn og utland.\" \/>\n<meta property=\"og:url\" content=\"https:\/\/www.normisjon.no\/agder\/nyheter\/\" \/>\n<meta property=\"og:site_name\" content=\"Region Agder\" \/>\n<meta property=\"article:modified_time\" content=\"2022-06-28T07:49:15+00:00\" \/>\n<meta property=\"og:image\" content=\"https:\/\/www.normisjon.no\/content\/uploads\/sites\/12\/2020\/01\/Hjerte-Agenda-1-illustrasjon-1024x683.jpeg\" \/>\n\t<meta property=\"og:image:width\" content=\"1024\" \/>\n\t<meta property=\"og:image:height\" content=\"683\" \/>\n\t<meta property=\"og:image:type\" content=\"image\/jpeg\" \/>\n<meta name=\"twitter:card\" content=\"summary_large_image\" \/>\n<meta name=\"twitter:label1\" content=\"Ansl. lesetid\" \/>\n\t<meta name=\"twitter:data1\" content=\"1 minutt\" \/>\n<script type=\"application\/ld+json\" class=\"yoast-schema-graph\">{\"@context\":\"https:\/\/schema.org\",\"@graph\":[{\"@type\":\"WebPage\",\"@id\":\"https:\/\/www.normisjon.no\/agder\/nyheter\/\",\"url\":\"https:\/\/www.normisjon.no\/agder\/nyheter\/\",\"name\":\"Nyheter fra Agder - Region Agder\",\"isPartOf\":{\"@id\":\"https:\/\/www.normisjon.no\/agder\/#website\"},\"datePublished\":\"2020-03-27T14:23:21+00:00\",\"dateModified\":\"2022-06-28T07:49:15+00:00\",\"description\":\"Her f\u00e5r du siste nytt fra alt det spennende som skjer i Region Agder. Vi publiserer m\u00e5nedlig artikler og glimt fra inn og utland.\",\"breadcrumb\":{\"@id\":\"https:\/\/www.normisjon.no\/agder\/nyheter\/#breadcrumb\"},\"inLanguage\":\"nb-NO\",\"potentialAction\":[{\"@type\":\"ReadAction\",\"target\":[\"https:\/\/www.normisjon.no\/agder\/nyheter\/\"]}]},{\"@type\":\"BreadcrumbList\",\"@id\":\"https:\/\/www.normisjon.no\/agder\/nyheter\/#breadcrumb\",\"itemListElement\":[{\"@type\":\"ListItem\",\"position\":1,\"name\":\"Home\",\"item\":\"https:\/\/www.normisjon.no\/agder\/\"},{\"@type\":\"ListItem\",\"position\":2,\"name\":\"Nyheter fra Agder\"}]},{\"@type\":\"WebSite\",\"@id\":\"https:\/\/www.normisjon.no\/agder\/#website\",\"url\":\"https:\/\/www.normisjon.no\/agder\/\",\"name\":\"Region Agder\",\"description\":\"\",\"publisher\":{\"@id\":\"https:\/\/www.normisjon.no\/agder\/#organization\"},\"potentialAction\":[{\"@type\":\"SearchAction\",\"target\":{\"@type\":\"EntryPoint\",\"urlTemplate\":\"https:\/\/www.normisjon.no\/agder\/?s={search_term_string}\"},\"query-input\":{\"@type\":\"PropertyValueSpecification\",\"valueRequired\":true,\"valueName\":\"search_term_string\"}}],\"inLanguage\":\"nb-NO\"},{\"@type\":\"Organization\",\"@id\":\"https:\/\/www.normisjon.no\/agder\/#organization\",\"name\":\"Region Agder\",\"url\":\"https:\/\/www.normisjon.no\/agder\/\",\"logo\":{\"@type\":\"ImageObject\",\"inLanguage\":\"nb-NO\",\"@id\":\"https:\/\/www.normisjon.no\/agder\/#\/schema\/logo\/image\/\",\"url\":\"https:\/\/www.normisjon.no\/content\/uploads\/sites\/12\/2026\/01\/Region_Venstre_Agder_oransje.png\",\"contentUrl\":\"https:\/\/www.normisjon.no\/content\/uploads\/sites\/12\/2026\/01\/Region_Venstre_Agder_oransje.png\",\"width\":1921,\"height\":541,\"caption\":\"Region Agder\"},\"image\":{\"@id\":\"https:\/\/www.normisjon.no\/agder\/#\/schema\/logo\/image\/\"}}]}<\/script>\n<!-- \/ Yoast SEO plugin. -->","yoast_head_json":{"title":"Nyheter fra Agder - Region Agder","description":"Her f\u00e5r du siste nytt fra alt det spennende som skjer i Region Agder. Vi publiserer m\u00e5nedlig artikler og glimt fra inn og utland.","robots":{"index":"index","follow":"follow","max-snippet":"max-snippet:-1","max-image-preview":"max-image-preview:large","max-video-preview":"max-video-preview:-1"},"canonical":"https:\/\/www.normisjon.no\/agder\/nyheter\/","og_locale":"nb_NO","og_type":"article","og_title":"Nyheter fra Agder - Region Agder","og_description":"Her f\u00e5r du siste nytt fra alt det spennende som skjer i Region Agder. Vi publiserer m\u00e5nedlig artikler og glimt fra inn og utland.","og_url":"https:\/\/www.normisjon.no\/agder\/nyheter\/","og_site_name":"Region Agder","article_modified_time":"2022-06-28T07:49:15+00:00","og_image":[{"width":1024,"height":683,"url":"https:\/\/www.normisjon.no\/content\/uploads\/sites\/12\/2020\/01\/Hjerte-Agenda-1-illustrasjon-1024x683.jpeg","type":"image\/jpeg"}],"twitter_card":"summary_large_image","twitter_misc":{"Ansl. lesetid":"1 minutt"},"schema":{"@context":"https:\/\/schema.org","@graph":[{"@type":"WebPage","@id":"https:\/\/www.normisjon.no\/agder\/nyheter\/","url":"https:\/\/www.normisjon.no\/agder\/nyheter\/","name":"Nyheter fra Agder - Region Agder","isPartOf":{"@id":"https:\/\/www.normisjon.no\/agder\/#website"},"datePublished":"2020-03-27T14:23:21+00:00","dateModified":"2022-06-28T07:49:15+00:00","description":"Her f\u00e5r du siste nytt fra alt det spennende som skjer i Region Agder. Vi publiserer m\u00e5nedlig artikler og glimt fra inn og utland.","breadcrumb":{"@id":"https:\/\/www.normisjon.no\/agder\/nyheter\/#breadcrumb"},"inLanguage":"nb-NO","potentialAction":[{"@type":"ReadAction","target":["https:\/\/www.normisjon.no\/agder\/nyheter\/"]}]},{"@type":"BreadcrumbList","@id":"https:\/\/www.normisjon.no\/agder\/nyheter\/#breadcrumb","itemListElement":[{"@type":"ListItem","position":1,"name":"Home","item":"https:\/\/www.normisjon.no\/agder\/"},{"@type":"ListItem","position":2,"name":"Nyheter fra Agder"}]},{"@type":"WebSite","@id":"https:\/\/www.normisjon.no\/agder\/#website","url":"https:\/\/www.normisjon.no\/agder\/","name":"Region Agder","description":"","publisher":{"@id":"https:\/\/www.normisjon.no\/agder\/#organization"},"potentialAction":[{"@type":"SearchAction","target":{"@type":"EntryPoint","urlTemplate":"https:\/\/www.normisjon.no\/agder\/?s={search_term_string}"},"query-input":{"@type":"PropertyValueSpecification","valueRequired":true,"valueName":"search_term_string"}}],"inLanguage":"nb-NO"},{"@type":"Organization","@id":"https:\/\/www.normisjon.no\/agder\/#organization","name":"Region Agder","url":"https:\/\/www.normisjon.no\/agder\/","logo":{"@type":"ImageObject","inLanguage":"nb-NO","@id":"https:\/\/www.normisjon.no\/agder\/#\/schema\/logo\/image\/","url":"https:\/\/www.normisjon.no\/content\/uploads\/sites\/12\/2026\/01\/Region_Venstre_Agder_oransje.png","contentUrl":"https:\/\/www.normisjon.no\/content\/uploads\/sites\/12\/2026\/01\/Region_Venstre_Agder_oransje.png","width":1921,"height":541,"caption":"Region Agder"},"image":{"@id":"https:\/\/www.normisjon.no\/agder\/#\/schema\/logo\/image\/"}}]}},"_links":{"self":[{"href":"https:\/\/www.normisjon.no\/agder\/wp-json\/wp\/v2\/pages\/935","targetHints":{"allow":["GET"]}}],"collection":[{"href":"https:\/\/www.normisjon.no\/agder\/wp-json\/wp\/v2\/pages"}],"about":[{"href":"https:\/\/www.normisjon.no\/agder\/wp-json\/wp\/v2\/types\/page"}],"author":[{"embeddable":true,"href":"https:\/\/www.normisjon.no\/agder\/wp-json\/wp\/v2\/users\/69"}],"replies":[{"embeddable":true,"href":"https:\/\/www.normisjon.no\/agder\/wp-json\/wp\/v2\/comments?post=935"}],"version-history":[{"count":16,"href":"https:\/\/www.normisjon.no\/agder\/wp-json\/wp\/v2\/pages\/935\/revisions"}],"predecessor-version":[{"id":3107,"href":"https:\/\/www.normisjon.no\/agder\/wp-json\/wp\/v2\/pages\/935\/revisions\/3107"}],"wp:attachment":[{"href":"https:\/\/www.normisjon.no\/agder\/wp-json\/wp\/v2\/media?parent=935"}],"curies":[{"name":"wp","href":"https:\/\/api.w.org\/{rel}","templated":true}]}}