{"id":1009,"date":"2025-10-20T13:55:48","date_gmt":"2025-10-20T11:55:48","guid":{"rendered":"https:\/\/www.normisjon.no\/crm-manual\/?page_id=1009"},"modified":"2026-02-09T15:49:16","modified_gmt":"2026-02-09T14:49:16","slug":"opprette-bruker-i-minside","status":"publish","type":"page","link":"https:\/\/www.normisjon.no\/crm-manual\/opprette-bruker-i-minside\/","title":{"rendered":"Opprette bruker i MinSide"},"content":{"rendered":"<div class=\"entry-content alignfull wp-block-post-content has-global-padding is-layout-constrained wp-block-post-content-is-layout-constrained\">\n<figure class=\"wp-block-image aligncenter size-full is-resized\"><img loading=\"lazy\" decoding=\"async\" width=\"279\" height=\"610\" src=\"https:\/\/www.normisjon.no\/content\/uploads\/sites\/46\/2026\/02\/Blazer-dame2.jpg\" alt=\"\" class=\"wp-image-1053\" style=\"width:63px;height:auto\" srcset=\"https:\/\/www.normisjon.no\/content\/uploads\/sites\/46\/2026\/02\/Blazer-dame2.jpg 279w, https:\/\/www.normisjon.no\/content\/uploads\/sites\/46\/2026\/02\/Blazer-dame2-137x300.jpg 137w\" sizes=\"auto, (max-width: 279px) 100vw, 279px\" \/><\/figure>\n\n\n\n<p><strong>Hvordan opprette en ny bruker i MinSide.&nbsp;<\/strong><\/p>\n\n\n\n<p>Vi starter med \u00e5 g\u00e5 til en av to nettsideadresser, avhengig av om du er tilknyttet Normisjon eller Acta:<\/p>\n\n\n\n<p><strong>Normisjon<\/strong>: <a href=\"https:\/\/giver.normisjon.no\/minside\">https:\/\/giver.normisjon.no\/minside<\/a><br><strong>Acta<\/strong>: <a href=\"https:\/\/acta.profundo.no\/minside\">https:\/\/acta.profundo.no\/minside<\/a><\/p>\n\n\n\n<p>Videre er prosessen helt lik p\u00e5 de to nettsidene, med kun sm\u00e5 variasjoner i fargebruk og slikt (som illustrert i bildene under).<\/p>\n\n\n\n<p><strong>1)<\/strong>&nbsp;Neste steg er \u00e5 trykke p\u00e5&nbsp;<strong>Ny bruker<\/strong>.<\/p>\n\n\n\n<figure class=\"wp-block-image size-large is-resized\"><img loading=\"lazy\" decoding=\"async\" width=\"1024\" height=\"497\" src=\"https:\/\/www.normisjon.no\/content\/uploads\/sites\/46\/2025\/10\/Skjermbilde-2025-10-20-kl.-13.49.20-1024x497.png\" alt=\"\" class=\"wp-image-1010\" style=\"width:684px;height:auto\" srcset=\"https:\/\/www.normisjon.no\/content\/uploads\/sites\/46\/2025\/10\/Skjermbilde-2025-10-20-kl.-13.49.20-1024x497.png 1024w, https:\/\/www.normisjon.no\/content\/uploads\/sites\/46\/2025\/10\/Skjermbilde-2025-10-20-kl.-13.49.20-300x146.png 300w, https:\/\/www.normisjon.no\/content\/uploads\/sites\/46\/2025\/10\/Skjermbilde-2025-10-20-kl.-13.49.20-768x373.png 768w, https:\/\/www.normisjon.no\/content\/uploads\/sites\/46\/2025\/10\/Skjermbilde-2025-10-20-kl.-13.49.20-960x466.png 960w, https:\/\/www.normisjon.no\/content\/uploads\/sites\/46\/2025\/10\/Skjermbilde-2025-10-20-kl.-13.49.20.png 1158w\" sizes=\"auto, (max-width: 1024px) 100vw, 1024px\" \/><\/figure>\n\n\n\n<div class=\"wp-block-columns is-layout-flex wp-container-core-columns-is-layout-c5150b4a wp-block-columns-is-layout-flex\">\n<div class=\"wp-block-column is-layout-flow wp-block-column-is-layout-flow\" style=\"flex-basis:50%\">\n<p><strong>2)&nbsp;<\/strong>N\u00e5 f\u00e5r vi opp skjemaet for utfylling av personinformasjon. Her m\u00e5 alle felter markert med&nbsp;<mark style=\"background-color:rgba(0, 0, 0, 0)\" class=\"has-inline-color has-red-color\">*<\/mark>&nbsp;fylles ut. <br><br>N\u00e5r alt er korrekt, trykker vi p\u00e5 knappen&nbsp;<strong>Opprett ny bruker<\/strong>. Vi vil da f\u00e5 tilsendt en SMS med passord som vi bruker til \u00e5 logge oss inn med. Neste gang vi skal logge oss inn, skriver vi inn mobilnummer og passord, og vil f\u00e5 tilsendt en engangskode p\u00e5 SMS for \u00e5 kunne logge inn, s\u00e5kalt \u00ab2 faktor p\u00e5logging\u00bb, av sikkerhetshensyn.<\/p>\n<\/div>\n\n\n\n<div class=\"wp-block-column is-layout-flow wp-block-column-is-layout-flow\" style=\"flex-basis:50%\">\n<figure class=\"wp-block-image size-large is-resized\"><img loading=\"lazy\" decoding=\"async\" width=\"568\" height=\"1024\" src=\"https:\/\/www.normisjon.no\/content\/uploads\/sites\/46\/2025\/10\/Skjermbilde-2025-10-20-kl.-13.49.38-568x1024.png\" alt=\"\" class=\"wp-image-1011\" style=\"width:307px;height:auto\" srcset=\"https:\/\/www.normisjon.no\/content\/uploads\/sites\/46\/2025\/10\/Skjermbilde-2025-10-20-kl.-13.49.38-568x1024.png 568w, https:\/\/www.normisjon.no\/content\/uploads\/sites\/46\/2025\/10\/Skjermbilde-2025-10-20-kl.-13.49.38-167x300.png 167w, https:\/\/www.normisjon.no\/content\/uploads\/sites\/46\/2025\/10\/Skjermbilde-2025-10-20-kl.-13.49.38-533x960.png 533w, https:\/\/www.normisjon.no\/content\/uploads\/sites\/46\/2025\/10\/Skjermbilde-2025-10-20-kl.-13.49.38.png 624w\" sizes=\"auto, (max-width: 568px) 100vw, 568px\" \/><\/figure>\n<\/div>\n<\/div>\n\n\n\n<div class=\"wp-block-buttons is-content-justification-center is-layout-flex wp-container-core-buttons-is-layout-a89b3969 wp-block-buttons-is-layout-flex\">\n<div class=\"wp-block-button is-style-fill\"><a class=\"wp-block-button__link has-custom-font-size wp-element-button\" href=\"https:\/\/www.normisjon.no\/crm-manual\/alle-manualer-for-minside\/\" style=\"font-size:15px\">Tilbake til oversikt<\/a><\/div>\n<\/div>\n<\/div>","protected":false},"excerpt":{"rendered":"<p>Hvordan opprette en ny bruker i MinSide.&nbsp; Vi starter med \u00e5 g\u00e5 til en av to nettsideadresser, avhengig av om du er tilknyttet Normisjon eller [&hellip;]<\/p>\n","protected":false},"author":143,"featured_media":0,"parent":0,"menu_order":0,"comment_status":"closed","ping_status":"closed","template":"","meta":{"_acf_changed":false,"footnotes":""},"class_list":["post-1009","page","type-page","status-publish","hentry"],"acf":[],"yoast_head":"<!-- This site is optimized with the Yoast SEO plugin v25.9 - https:\/\/yoast.com\/wordpress\/plugins\/seo\/ -->\n<title>Opprette bruker i MinSide - CRM manual<\/title>\n<meta name=\"robots\" content=\"index, follow, max-snippet:-1, max-image-preview:large, max-video-preview:-1\" \/>\n<link rel=\"canonical\" href=\"https:\/\/www.normisjon.no\/crm-manual\/opprette-bruker-i-minside\/\" \/>\n<meta property=\"og:locale\" content=\"nb_NO\" \/>\n<meta property=\"og:type\" content=\"article\" \/>\n<meta property=\"og:title\" content=\"Opprette bruker i MinSide - CRM manual\" \/>\n<meta property=\"og:description\" content=\"Hvordan opprette en ny bruker i MinSide.&nbsp; Vi starter med \u00e5 g\u00e5 til en av to nettsideadresser, avhengig av om du er tilknyttet Normisjon eller [&hellip;]\" \/>\n<meta property=\"og:url\" content=\"https:\/\/www.normisjon.no\/crm-manual\/opprette-bruker-i-minside\/\" \/>\n<meta property=\"og:site_name\" content=\"CRM manual\" \/>\n<meta property=\"article:modified_time\" content=\"2026-02-09T14:49:16+00:00\" \/>\n<meta property=\"og:image\" content=\"https:\/\/www.normisjon.no\/content\/uploads\/sites\/46\/2026\/02\/Blazer-dame2.jpg\" \/>\n\t<meta property=\"og:image:width\" content=\"279\" \/>\n\t<meta property=\"og:image:height\" content=\"610\" \/>\n\t<meta property=\"og:image:type\" content=\"image\/jpeg\" \/>\n<meta name=\"twitter:card\" content=\"summary_large_image\" \/>\n<meta name=\"twitter:label1\" content=\"Ansl. lesetid\" \/>\n\t<meta name=\"twitter:data1\" content=\"2 minutter\" \/>\n<script type=\"application\/ld+json\" class=\"yoast-schema-graph\">{\"@context\":\"https:\/\/schema.org\",\"@graph\":[{\"@type\":\"WebPage\",\"@id\":\"https:\/\/www.normisjon.no\/crm-manual\/opprette-bruker-i-minside\/\",\"url\":\"https:\/\/www.normisjon.no\/crm-manual\/opprette-bruker-i-minside\/\",\"name\":\"Opprette bruker i MinSide - CRM manual\",\"isPartOf\":{\"@id\":\"https:\/\/www.normisjon.no\/crm-manual\/#website\"},\"primaryImageOfPage\":{\"@id\":\"https:\/\/www.normisjon.no\/crm-manual\/opprette-bruker-i-minside\/#primaryimage\"},\"image\":{\"@id\":\"https:\/\/www.normisjon.no\/crm-manual\/opprette-bruker-i-minside\/#primaryimage\"},\"thumbnailUrl\":\"https:\/\/www.normisjon.no\/content\/uploads\/sites\/46\/2026\/02\/Blazer-dame2.jpg\",\"datePublished\":\"2025-10-20T11:55:48+00:00\",\"dateModified\":\"2026-02-09T14:49:16+00:00\",\"breadcrumb\":{\"@id\":\"https:\/\/www.normisjon.no\/crm-manual\/opprette-bruker-i-minside\/#breadcrumb\"},\"inLanguage\":\"nb-NO\",\"potentialAction\":[{\"@type\":\"ReadAction\",\"target\":[\"https:\/\/www.normisjon.no\/crm-manual\/opprette-bruker-i-minside\/\"]}]},{\"@type\":\"ImageObject\",\"inLanguage\":\"nb-NO\",\"@id\":\"https:\/\/www.normisjon.no\/crm-manual\/opprette-bruker-i-minside\/#primaryimage\",\"url\":\"https:\/\/www.normisjon.no\/content\/uploads\/sites\/46\/2026\/02\/Blazer-dame2.jpg\",\"contentUrl\":\"https:\/\/www.normisjon.no\/content\/uploads\/sites\/46\/2026\/02\/Blazer-dame2.jpg\"},{\"@type\":\"BreadcrumbList\",\"@id\":\"https:\/\/www.normisjon.no\/crm-manual\/opprette-bruker-i-minside\/#breadcrumb\",\"itemListElement\":[{\"@type\":\"ListItem\",\"position\":1,\"name\":\"Hjem\",\"item\":\"https:\/\/www.normisjon.no\/crm-manual\/\"},{\"@type\":\"ListItem\",\"position\":2,\"name\":\"Opprette bruker i MinSide\"}]},{\"@type\":\"WebSite\",\"@id\":\"https:\/\/www.normisjon.no\/crm-manual\/#website\",\"url\":\"https:\/\/www.normisjon.no\/crm-manual\/\",\"name\":\"CRM manual\",\"description\":\"\",\"potentialAction\":[{\"@type\":\"SearchAction\",\"target\":{\"@type\":\"EntryPoint\",\"urlTemplate\":\"https:\/\/www.normisjon.no\/crm-manual\/?s={search_term_string}\"},\"query-input\":{\"@type\":\"PropertyValueSpecification\",\"valueRequired\":true,\"valueName\":\"search_term_string\"}}],\"inLanguage\":\"nb-NO\"}]}<\/script>\n<!-- \/ Yoast SEO plugin. -->","yoast_head_json":{"title":"Opprette bruker i MinSide - CRM manual","robots":{"index":"index","follow":"follow","max-snippet":"max-snippet:-1","max-image-preview":"max-image-preview:large","max-video-preview":"max-video-preview:-1"},"canonical":"https:\/\/www.normisjon.no\/crm-manual\/opprette-bruker-i-minside\/","og_locale":"nb_NO","og_type":"article","og_title":"Opprette bruker i MinSide - CRM manual","og_description":"Hvordan opprette en ny bruker i MinSide.&nbsp; Vi starter med \u00e5 g\u00e5 til en av to nettsideadresser, avhengig av om du er tilknyttet Normisjon eller [&hellip;]","og_url":"https:\/\/www.normisjon.no\/crm-manual\/opprette-bruker-i-minside\/","og_site_name":"CRM manual","article_modified_time":"2026-02-09T14:49:16+00:00","og_image":[{"width":279,"height":610,"url":"https:\/\/www.normisjon.no\/content\/uploads\/sites\/46\/2026\/02\/Blazer-dame2.jpg","type":"image\/jpeg"}],"twitter_card":"summary_large_image","twitter_misc":{"Ansl. lesetid":"2 minutter"},"schema":{"@context":"https:\/\/schema.org","@graph":[{"@type":"WebPage","@id":"https:\/\/www.normisjon.no\/crm-manual\/opprette-bruker-i-minside\/","url":"https:\/\/www.normisjon.no\/crm-manual\/opprette-bruker-i-minside\/","name":"Opprette bruker i MinSide - CRM manual","isPartOf":{"@id":"https:\/\/www.normisjon.no\/crm-manual\/#website"},"primaryImageOfPage":{"@id":"https:\/\/www.normisjon.no\/crm-manual\/opprette-bruker-i-minside\/#primaryimage"},"image":{"@id":"https:\/\/www.normisjon.no\/crm-manual\/opprette-bruker-i-minside\/#primaryimage"},"thumbnailUrl":"https:\/\/www.normisjon.no\/content\/uploads\/sites\/46\/2026\/02\/Blazer-dame2.jpg","datePublished":"2025-10-20T11:55:48+00:00","dateModified":"2026-02-09T14:49:16+00:00","breadcrumb":{"@id":"https:\/\/www.normisjon.no\/crm-manual\/opprette-bruker-i-minside\/#breadcrumb"},"inLanguage":"nb-NO","potentialAction":[{"@type":"ReadAction","target":["https:\/\/www.normisjon.no\/crm-manual\/opprette-bruker-i-minside\/"]}]},{"@type":"ImageObject","inLanguage":"nb-NO","@id":"https:\/\/www.normisjon.no\/crm-manual\/opprette-bruker-i-minside\/#primaryimage","url":"https:\/\/www.normisjon.no\/content\/uploads\/sites\/46\/2026\/02\/Blazer-dame2.jpg","contentUrl":"https:\/\/www.normisjon.no\/content\/uploads\/sites\/46\/2026\/02\/Blazer-dame2.jpg"},{"@type":"BreadcrumbList","@id":"https:\/\/www.normisjon.no\/crm-manual\/opprette-bruker-i-minside\/#breadcrumb","itemListElement":[{"@type":"ListItem","position":1,"name":"Hjem","item":"https:\/\/www.normisjon.no\/crm-manual\/"},{"@type":"ListItem","position":2,"name":"Opprette bruker i MinSide"}]},{"@type":"WebSite","@id":"https:\/\/www.normisjon.no\/crm-manual\/#website","url":"https:\/\/www.normisjon.no\/crm-manual\/","name":"CRM manual","description":"","potentialAction":[{"@type":"SearchAction","target":{"@type":"EntryPoint","urlTemplate":"https:\/\/www.normisjon.no\/crm-manual\/?s={search_term_string}"},"query-input":{"@type":"PropertyValueSpecification","valueRequired":true,"valueName":"search_term_string"}}],"inLanguage":"nb-NO"}]}},"_links":{"self":[{"href":"https:\/\/www.normisjon.no\/crm-manual\/wp-json\/wp\/v2\/pages\/1009","targetHints":{"allow":["GET"]}}],"collection":[{"href":"https:\/\/www.normisjon.no\/crm-manual\/wp-json\/wp\/v2\/pages"}],"about":[{"href":"https:\/\/www.normisjon.no\/crm-manual\/wp-json\/wp\/v2\/types\/page"}],"author":[{"embeddable":true,"href":"https:\/\/www.normisjon.no\/crm-manual\/wp-json\/wp\/v2\/users\/143"}],"replies":[{"embeddable":true,"href":"https:\/\/www.normisjon.no\/crm-manual\/wp-json\/wp\/v2\/comments?post=1009"}],"version-history":[{"count":3,"href":"https:\/\/www.normisjon.no\/crm-manual\/wp-json\/wp\/v2\/pages\/1009\/revisions"}],"predecessor-version":[{"id":1188,"href":"https:\/\/www.normisjon.no\/crm-manual\/wp-json\/wp\/v2\/pages\/1009\/revisions\/1188"}],"wp:attachment":[{"href":"https:\/\/www.normisjon.no\/crm-manual\/wp-json\/wp\/v2\/media?parent=1009"}],"curies":[{"name":"wp","href":"https:\/\/api.w.org\/{rel}","templated":true}]}}