{"id":1017,"date":"2026-01-12T12:37:53","date_gmt":"2026-01-12T11:37:53","guid":{"rendered":"https:\/\/www.normisjon.no\/crm-manual\/?page_id=1017"},"modified":"2026-02-09T15:49:51","modified_gmt":"2026-02-09T14:49:51","slug":"endre-medlemstype-i-minside","status":"publish","type":"page","link":"https:\/\/www.normisjon.no\/crm-manual\/endre-medlemstype-i-minside\/","title":{"rendered":"Endre medlemstype i MinSide"},"content":{"rendered":"<div class=\"entry-content alignfull wp-block-post-content has-global-padding is-layout-constrained wp-block-post-content-is-layout-constrained\">\n<figure class=\"wp-block-image aligncenter size-full is-resized\"><img loading=\"lazy\" decoding=\"async\" width=\"271\" height=\"562\" src=\"https:\/\/www.normisjon.no\/content\/uploads\/sites\/46\/2026\/02\/Oransje-fyr2.jpg\" alt=\"\" class=\"wp-image-1060\" style=\"width:65px;height:auto\" srcset=\"https:\/\/www.normisjon.no\/content\/uploads\/sites\/46\/2026\/02\/Oransje-fyr2.jpg 271w, https:\/\/www.normisjon.no\/content\/uploads\/sites\/46\/2026\/02\/Oransje-fyr2-145x300.jpg 145w\" sizes=\"auto, (max-width: 271px) 100vw, 271px\" \/><\/figure>\n\n\n\n<p><strong>Hvordan endre medlemstype i MinSide.<\/strong><\/p>\n\n\n\n<p><em>Skal du gj\u00f8re andre endringer p\u00e5 en profil? <a href=\"https:\/\/www.normisjon.no\/crm-manual\/redigere-profil-i-minside\/\">Les mer her<\/a>.<\/em><\/p>\n\n\n\n<p><strong>1)<\/strong>&nbsp;Inne p\u00e5 regionens\/lokallagets\/menighetens side trykker vi p\u00e5 fanen&nbsp;<strong>Medlemmer<\/strong>, og f\u00e5r dermed opp listen over alle medlemmer i regionen\/lokallaget\/menigheten.<\/p>\n\n\n\n<figure class=\"wp-block-image size-large\"><img loading=\"lazy\" decoding=\"async\" width=\"1024\" height=\"430\" src=\"https:\/\/www.normisjon.no\/content\/uploads\/sites\/46\/2026\/01\/Skjermbilde-2026-01-12-kl.-12.29.45-1024x430.png\" alt=\"\" class=\"wp-image-1018\" srcset=\"https:\/\/www.normisjon.no\/content\/uploads\/sites\/46\/2026\/01\/Skjermbilde-2026-01-12-kl.-12.29.45-1024x430.png 1024w, https:\/\/www.normisjon.no\/content\/uploads\/sites\/46\/2026\/01\/Skjermbilde-2026-01-12-kl.-12.29.45-300x126.png 300w, https:\/\/www.normisjon.no\/content\/uploads\/sites\/46\/2026\/01\/Skjermbilde-2026-01-12-kl.-12.29.45-768x323.png 768w, https:\/\/www.normisjon.no\/content\/uploads\/sites\/46\/2026\/01\/Skjermbilde-2026-01-12-kl.-12.29.45-1536x645.png 1536w, https:\/\/www.normisjon.no\/content\/uploads\/sites\/46\/2026\/01\/Skjermbilde-2026-01-12-kl.-12.29.45-1360x571.png 1360w, https:\/\/www.normisjon.no\/content\/uploads\/sites\/46\/2026\/01\/Skjermbilde-2026-01-12-kl.-12.29.45-960x403.png 960w, https:\/\/www.normisjon.no\/content\/uploads\/sites\/46\/2026\/01\/Skjermbilde-2026-01-12-kl.-12.29.45.png 1838w\" sizes=\"auto, (max-width: 1024px) 100vw, 1024px\" \/><\/figure>\n\n\n\n<p><strong>2)&nbsp;<\/strong>Vi s\u00f8ker s\u00e5 opp den personen hvis medlemstype vi \u00f8nsker \u00e5 endre, enten via fornavn eller etternavn. Om vi \u00f8nsker \u00e5 endre flere samtidig kan vi heller s\u00f8ke etter medlemstype. I eksempelet har vi inne et s\u00f8k etter alle som er barne- og ungdomsmedlem.&nbsp;<\/p>\n\n\n\n<p><strong>3)&nbsp;<\/strong>Vi krysser s\u00e5 av den eller de profilene vi \u00f8nsker \u00e5 endre.<br><br><strong>4)&nbsp;<\/strong>Videre trykker vi p\u00e5&nbsp;<strong>Bytt<\/strong>.&nbsp;<\/p>\n\n\n\n<div class=\"wp-block-columns is-layout-flex wp-container-core-columns-is-layout-c5150b4a wp-block-columns-is-layout-flex\">\n<div class=\"wp-block-column is-layout-flow wp-block-column-is-layout-flow\">\n<p><strong>5)&nbsp;<\/strong>I dialogboksen som kommer opp velger vi ny&nbsp;\u00f8nsket medlemstype fra nedtrekksmenyen.<\/p>\n\n\n\n<p><strong>6)<\/strong>&nbsp;N\u00e5r vi har valgt ny medlemstype, trykker vi p\u00e5&nbsp;<strong>Bytt.<\/strong><\/p>\n<\/div>\n\n\n\n<div class=\"wp-block-column is-layout-flow wp-block-column-is-layout-flow\">\n<figure class=\"wp-block-image size-full\"><img loading=\"lazy\" decoding=\"async\" width=\"878\" height=\"872\" src=\"https:\/\/www.normisjon.no\/content\/uploads\/sites\/46\/2026\/01\/Skjermbilde-2026-01-12-kl.-12.37.22.png\" alt=\"\" class=\"wp-image-1020\" srcset=\"https:\/\/www.normisjon.no\/content\/uploads\/sites\/46\/2026\/01\/Skjermbilde-2026-01-12-kl.-12.37.22.png 878w, https:\/\/www.normisjon.no\/content\/uploads\/sites\/46\/2026\/01\/Skjermbilde-2026-01-12-kl.-12.37.22-300x298.png 300w, https:\/\/www.normisjon.no\/content\/uploads\/sites\/46\/2026\/01\/Skjermbilde-2026-01-12-kl.-12.37.22-150x150.png 150w, https:\/\/www.normisjon.no\/content\/uploads\/sites\/46\/2026\/01\/Skjermbilde-2026-01-12-kl.-12.37.22-768x763.png 768w\" sizes=\"auto, (max-width: 878px) 100vw, 878px\" \/><\/figure>\n<\/div>\n<\/div>\n\n\n\n<div class=\"wp-block-buttons is-content-justification-center is-layout-flex wp-container-core-buttons-is-layout-a89b3969 wp-block-buttons-is-layout-flex\">\n<div class=\"wp-block-button is-style-fill\"><a class=\"wp-block-button__link has-custom-font-size wp-element-button\" href=\"https:\/\/www.normisjon.no\/crm-manual\/alle-manualer-for-minside\/\" style=\"font-size:15px\">Tilbake til oversikt<\/a><\/div>\n<\/div>\n<\/div>","protected":false},"excerpt":{"rendered":"<p>Hvordan endre medlemstype i MinSide. Skal du gj\u00f8re andre endringer p\u00e5 en profil? Les mer her. 1)&nbsp;Inne p\u00e5 regionens\/lokallagets\/menighetens side trykker vi p\u00e5 fanen&nbsp;Medlemmer, og [&hellip;]<\/p>\n","protected":false},"author":143,"featured_media":0,"parent":0,"menu_order":0,"comment_status":"closed","ping_status":"closed","template":"","meta":{"_acf_changed":false,"footnotes":""},"class_list":["post-1017","page","type-page","status-publish","hentry"],"acf":[],"yoast_head":"<!-- This site is optimized with the Yoast SEO plugin v25.9 - https:\/\/yoast.com\/wordpress\/plugins\/seo\/ -->\n<title>Endre medlemstype i MinSide - CRM manual<\/title>\n<meta name=\"robots\" content=\"index, follow, max-snippet:-1, max-image-preview:large, max-video-preview:-1\" \/>\n<link rel=\"canonical\" href=\"https:\/\/www.normisjon.no\/crm-manual\/endre-medlemstype-i-minside\/\" \/>\n<meta property=\"og:locale\" content=\"nb_NO\" \/>\n<meta property=\"og:type\" content=\"article\" \/>\n<meta property=\"og:title\" content=\"Endre medlemstype i MinSide - CRM manual\" \/>\n<meta property=\"og:description\" content=\"Hvordan endre medlemstype i MinSide. Skal du gj\u00f8re andre endringer p\u00e5 en profil? Les mer her. 1)&nbsp;Inne p\u00e5 regionens\/lokallagets\/menighetens side trykker vi p\u00e5 fanen&nbsp;Medlemmer, og [&hellip;]\" \/>\n<meta property=\"og:url\" content=\"https:\/\/www.normisjon.no\/crm-manual\/endre-medlemstype-i-minside\/\" \/>\n<meta property=\"og:site_name\" content=\"CRM manual\" \/>\n<meta property=\"article:modified_time\" content=\"2026-02-09T14:49:51+00:00\" \/>\n<meta property=\"og:image\" content=\"https:\/\/www.normisjon.no\/content\/uploads\/sites\/46\/2026\/02\/Oransje-fyr2.jpg\" \/>\n\t<meta property=\"og:image:width\" content=\"271\" \/>\n\t<meta property=\"og:image:height\" content=\"562\" \/>\n\t<meta property=\"og:image:type\" content=\"image\/jpeg\" \/>\n<meta name=\"twitter:card\" content=\"summary_large_image\" \/>\n<meta name=\"twitter:label1\" content=\"Ansl. lesetid\" \/>\n\t<meta name=\"twitter:data1\" content=\"2 minutter\" \/>\n<script type=\"application\/ld+json\" class=\"yoast-schema-graph\">{\"@context\":\"https:\/\/schema.org\",\"@graph\":[{\"@type\":\"WebPage\",\"@id\":\"https:\/\/www.normisjon.no\/crm-manual\/endre-medlemstype-i-minside\/\",\"url\":\"https:\/\/www.normisjon.no\/crm-manual\/endre-medlemstype-i-minside\/\",\"name\":\"Endre medlemstype i MinSide - CRM manual\",\"isPartOf\":{\"@id\":\"https:\/\/www.normisjon.no\/crm-manual\/#website\"},\"primaryImageOfPage\":{\"@id\":\"https:\/\/www.normisjon.no\/crm-manual\/endre-medlemstype-i-minside\/#primaryimage\"},\"image\":{\"@id\":\"https:\/\/www.normisjon.no\/crm-manual\/endre-medlemstype-i-minside\/#primaryimage\"},\"thumbnailUrl\":\"https:\/\/www.normisjon.no\/content\/uploads\/sites\/46\/2026\/02\/Oransje-fyr2.jpg\",\"datePublished\":\"2026-01-12T11:37:53+00:00\",\"dateModified\":\"2026-02-09T14:49:51+00:00\",\"breadcrumb\":{\"@id\":\"https:\/\/www.normisjon.no\/crm-manual\/endre-medlemstype-i-minside\/#breadcrumb\"},\"inLanguage\":\"nb-NO\",\"potentialAction\":[{\"@type\":\"ReadAction\",\"target\":[\"https:\/\/www.normisjon.no\/crm-manual\/endre-medlemstype-i-minside\/\"]}]},{\"@type\":\"ImageObject\",\"inLanguage\":\"nb-NO\",\"@id\":\"https:\/\/www.normisjon.no\/crm-manual\/endre-medlemstype-i-minside\/#primaryimage\",\"url\":\"https:\/\/www.normisjon.no\/content\/uploads\/sites\/46\/2026\/02\/Oransje-fyr2.jpg\",\"contentUrl\":\"https:\/\/www.normisjon.no\/content\/uploads\/sites\/46\/2026\/02\/Oransje-fyr2.jpg\"},{\"@type\":\"BreadcrumbList\",\"@id\":\"https:\/\/www.normisjon.no\/crm-manual\/endre-medlemstype-i-minside\/#breadcrumb\",\"itemListElement\":[{\"@type\":\"ListItem\",\"position\":1,\"name\":\"Hjem\",\"item\":\"https:\/\/www.normisjon.no\/crm-manual\/\"},{\"@type\":\"ListItem\",\"position\":2,\"name\":\"Endre medlemstype i MinSide\"}]},{\"@type\":\"WebSite\",\"@id\":\"https:\/\/www.normisjon.no\/crm-manual\/#website\",\"url\":\"https:\/\/www.normisjon.no\/crm-manual\/\",\"name\":\"CRM manual\",\"description\":\"\",\"potentialAction\":[{\"@type\":\"SearchAction\",\"target\":{\"@type\":\"EntryPoint\",\"urlTemplate\":\"https:\/\/www.normisjon.no\/crm-manual\/?s={search_term_string}\"},\"query-input\":{\"@type\":\"PropertyValueSpecification\",\"valueRequired\":true,\"valueName\":\"search_term_string\"}}],\"inLanguage\":\"nb-NO\"}]}<\/script>\n<!-- \/ Yoast SEO plugin. -->","yoast_head_json":{"title":"Endre medlemstype i MinSide - CRM manual","robots":{"index":"index","follow":"follow","max-snippet":"max-snippet:-1","max-image-preview":"max-image-preview:large","max-video-preview":"max-video-preview:-1"},"canonical":"https:\/\/www.normisjon.no\/crm-manual\/endre-medlemstype-i-minside\/","og_locale":"nb_NO","og_type":"article","og_title":"Endre medlemstype i MinSide - CRM manual","og_description":"Hvordan endre medlemstype i MinSide. Skal du gj\u00f8re andre endringer p\u00e5 en profil? Les mer her. 1)&nbsp;Inne p\u00e5 regionens\/lokallagets\/menighetens side trykker vi p\u00e5 fanen&nbsp;Medlemmer, og [&hellip;]","og_url":"https:\/\/www.normisjon.no\/crm-manual\/endre-medlemstype-i-minside\/","og_site_name":"CRM manual","article_modified_time":"2026-02-09T14:49:51+00:00","og_image":[{"width":271,"height":562,"url":"https:\/\/www.normisjon.no\/content\/uploads\/sites\/46\/2026\/02\/Oransje-fyr2.jpg","type":"image\/jpeg"}],"twitter_card":"summary_large_image","twitter_misc":{"Ansl. lesetid":"2 minutter"},"schema":{"@context":"https:\/\/schema.org","@graph":[{"@type":"WebPage","@id":"https:\/\/www.normisjon.no\/crm-manual\/endre-medlemstype-i-minside\/","url":"https:\/\/www.normisjon.no\/crm-manual\/endre-medlemstype-i-minside\/","name":"Endre medlemstype i MinSide - CRM manual","isPartOf":{"@id":"https:\/\/www.normisjon.no\/crm-manual\/#website"},"primaryImageOfPage":{"@id":"https:\/\/www.normisjon.no\/crm-manual\/endre-medlemstype-i-minside\/#primaryimage"},"image":{"@id":"https:\/\/www.normisjon.no\/crm-manual\/endre-medlemstype-i-minside\/#primaryimage"},"thumbnailUrl":"https:\/\/www.normisjon.no\/content\/uploads\/sites\/46\/2026\/02\/Oransje-fyr2.jpg","datePublished":"2026-01-12T11:37:53+00:00","dateModified":"2026-02-09T14:49:51+00:00","breadcrumb":{"@id":"https:\/\/www.normisjon.no\/crm-manual\/endre-medlemstype-i-minside\/#breadcrumb"},"inLanguage":"nb-NO","potentialAction":[{"@type":"ReadAction","target":["https:\/\/www.normisjon.no\/crm-manual\/endre-medlemstype-i-minside\/"]}]},{"@type":"ImageObject","inLanguage":"nb-NO","@id":"https:\/\/www.normisjon.no\/crm-manual\/endre-medlemstype-i-minside\/#primaryimage","url":"https:\/\/www.normisjon.no\/content\/uploads\/sites\/46\/2026\/02\/Oransje-fyr2.jpg","contentUrl":"https:\/\/www.normisjon.no\/content\/uploads\/sites\/46\/2026\/02\/Oransje-fyr2.jpg"},{"@type":"BreadcrumbList","@id":"https:\/\/www.normisjon.no\/crm-manual\/endre-medlemstype-i-minside\/#breadcrumb","itemListElement":[{"@type":"ListItem","position":1,"name":"Hjem","item":"https:\/\/www.normisjon.no\/crm-manual\/"},{"@type":"ListItem","position":2,"name":"Endre medlemstype i MinSide"}]},{"@type":"WebSite","@id":"https:\/\/www.normisjon.no\/crm-manual\/#website","url":"https:\/\/www.normisjon.no\/crm-manual\/","name":"CRM manual","description":"","potentialAction":[{"@type":"SearchAction","target":{"@type":"EntryPoint","urlTemplate":"https:\/\/www.normisjon.no\/crm-manual\/?s={search_term_string}"},"query-input":{"@type":"PropertyValueSpecification","valueRequired":true,"valueName":"search_term_string"}}],"inLanguage":"nb-NO"}]}},"_links":{"self":[{"href":"https:\/\/www.normisjon.no\/crm-manual\/wp-json\/wp\/v2\/pages\/1017","targetHints":{"allow":["GET"]}}],"collection":[{"href":"https:\/\/www.normisjon.no\/crm-manual\/wp-json\/wp\/v2\/pages"}],"about":[{"href":"https:\/\/www.normisjon.no\/crm-manual\/wp-json\/wp\/v2\/types\/page"}],"author":[{"embeddable":true,"href":"https:\/\/www.normisjon.no\/crm-manual\/wp-json\/wp\/v2\/users\/143"}],"replies":[{"embeddable":true,"href":"https:\/\/www.normisjon.no\/crm-manual\/wp-json\/wp\/v2\/comments?post=1017"}],"version-history":[{"count":3,"href":"https:\/\/www.normisjon.no\/crm-manual\/wp-json\/wp\/v2\/pages\/1017\/revisions"}],"predecessor-version":[{"id":1189,"href":"https:\/\/www.normisjon.no\/crm-manual\/wp-json\/wp\/v2\/pages\/1017\/revisions\/1189"}],"wp:attachment":[{"href":"https:\/\/www.normisjon.no\/crm-manual\/wp-json\/wp\/v2\/media?parent=1017"}],"curies":[{"name":"wp","href":"https:\/\/api.w.org\/{rel}","templated":true}]}}