{"id":1223,"date":"2026-03-02T13:44:03","date_gmt":"2026-03-02T12:44:03","guid":{"rendered":"https:\/\/www.normisjon.no\/crm-manual\/?page_id=1223"},"modified":"2026-03-02T13:44:04","modified_gmt":"2026-03-02T12:44:04","slug":"navnesok-med-reservasjoner-i-profundo","status":"publish","type":"page","link":"https:\/\/www.normisjon.no\/crm-manual\/navnesok-med-reservasjoner-i-profundo\/","title":{"rendered":"Navnes\u00f8k med reservasjoner i ProFundo"},"content":{"rendered":"<div class=\"entry-content alignfull wp-block-post-content has-global-padding is-layout-constrained wp-block-post-content-is-layout-constrained\">\n<figure class=\"wp-block-image aligncenter size-full is-resized\"><img loading=\"lazy\" decoding=\"async\" width=\"284\" height=\"553\" src=\"https:\/\/www.normisjon.no\/content\/uploads\/sites\/46\/2026\/02\/Pekefingerfyr2.jpg\" alt=\"\" class=\"wp-image-1062\" style=\"width:56px;height:auto\" srcset=\"https:\/\/www.normisjon.no\/content\/uploads\/sites\/46\/2026\/02\/Pekefingerfyr2.jpg 284w, https:\/\/www.normisjon.no\/content\/uploads\/sites\/46\/2026\/02\/Pekefingerfyr2-154x300.jpg 154w\" sizes=\"auto, (max-width: 284px) 100vw, 284px\" \/><\/figure>\n\n\n\n<p><strong>Hvordan s\u00f8ke frem personer i ProFundo som ikke har reservert seg mot henvendelser.<\/strong> Hvis vi eksempelvis skal sende ut en e-post til medlemmer, og samtidig ivareta \u00f8nsket til dem som har reservert seg fra e-post-henvendelser.<\/p>\n\n\n\n<p>For \u00e5 gj\u00f8re et s\u00f8k i ProFundo, starter vi alltid med \u00e5 trykke p\u00e5&nbsp;<strong>S\u00f8k<\/strong>&nbsp;i menyen til vestre. Da vil det dukke opp flere alternativer under, hvor vi kan spesifisere hva vi skal s\u00f8ke etter. Det v\u00e6re seg en person (Navn), en giveravtale, et prosjekt, en innbetaling eller annet. Til dette s\u00f8ket velger vi&nbsp;<strong>Navn<\/strong>.<\/p>\n\n\n\n<p>Til v\u00e5rt s\u00f8k m\u00e5 vi s\u00e5 legge inn noen ekstra&nbsp;<strong>kriterier (r\u00f8d pil)<\/strong>.<\/p>\n\n\n\n<figure class=\"wp-block-image size-large\"><img loading=\"lazy\" decoding=\"async\" width=\"1024\" height=\"649\" src=\"https:\/\/www.normisjon.no\/content\/uploads\/sites\/46\/2026\/03\/Skjermbilde-2026-03-02-kl.-12.32.55-1024x649.png\" alt=\"\" class=\"wp-image-1224\" srcset=\"https:\/\/www.normisjon.no\/content\/uploads\/sites\/46\/2026\/03\/Skjermbilde-2026-03-02-kl.-12.32.55-1024x649.png 1024w, https:\/\/www.normisjon.no\/content\/uploads\/sites\/46\/2026\/03\/Skjermbilde-2026-03-02-kl.-12.32.55-300x190.png 300w, https:\/\/www.normisjon.no\/content\/uploads\/sites\/46\/2026\/03\/Skjermbilde-2026-03-02-kl.-12.32.55-768x487.png 768w, https:\/\/www.normisjon.no\/content\/uploads\/sites\/46\/2026\/03\/Skjermbilde-2026-03-02-kl.-12.32.55-1536x974.png 1536w, https:\/\/www.normisjon.no\/content\/uploads\/sites\/46\/2026\/03\/Skjermbilde-2026-03-02-kl.-12.32.55-1360x862.png 1360w, https:\/\/www.normisjon.no\/content\/uploads\/sites\/46\/2026\/03\/Skjermbilde-2026-03-02-kl.-12.32.55-960x609.png 960w, https:\/\/www.normisjon.no\/content\/uploads\/sites\/46\/2026\/03\/Skjermbilde-2026-03-02-kl.-12.32.55.png 1830w\" sizes=\"auto, (max-width: 1024px) 100vw, 1024px\" \/><\/figure>\n\n\n\n<p><strong>1)<\/strong> <strong>Gyldig i dag<em>\u00a0<\/em><\/strong>&#8211; Her sier vi at navnet skal v\u00e6re aktivt, dvs. ikke avsluttet eller pauset. Det gj\u00f8res ved \u00e5 velge kriteriet\u00a0<strong>Gyldig i dag<\/strong>. Det er ogs\u00e5 mulig \u00e5 velge kriteriet\u00a0<strong>Gyldig pr<\/strong>, men dette krever at vi ogs\u00e5 legger inn datoen vi er ute etter.\u00a0<\/p>\n\n\n\n<p><strong>2)<\/strong> <strong>Navnetype<\/strong>\u00a0&#8211; Her tvinger vi s\u00f8ket til \u00e5 gjelde de navnetypene vi har f\u00f8rt opp, og fordi vi har valgt mer enn \u00e9n type s\u00e5 bestemmer vi at de ulike navnetypene skal v\u00e6re\u00a0<strong>i liste<\/strong>. De ulike navnetypene velger vi i nedtrekksmenyen\u00a0<\/p>\n\n\n\n<p><strong>3)<\/strong> <strong>Region<em>\u00a0<\/em><\/strong>&#8211; Ettersom vi i eksempelet skal henvende oss til direktemedlemmer bosatt i region \u00d8st, legger vi til feltet\u00a0<strong>Region<\/strong>\u00a0og velger region \u00d8st fra nedtrekksmenyen. Denne begrensningen m\u00e5 gj\u00f8res ettersom direktemedlemskapet er knyttet til hele organisasjonen, og det er medlemmets bosted som knytter det til en bestemt region.\u00a0<\/p>\n\n\n\n<p><strong>4)<\/strong> <strong>Alder i dag<em>\u00a0<\/em><\/strong>&#8211; Her har vi i eksempelet valgt \u00e5 begrense alderen nedover p\u00e5 de som kommer med. Dette gj\u00f8r vi ved \u00e5 legget til kriteriet\u00a0<strong>Alder i dag<\/strong>, og setter at alderen skal v\u00e6re\u00a0<strong>st\u00f8rre eller lik<\/strong>\u00a018 \u00e5r.\u00a0<\/p>\n\n\n\n<p><strong>5)<\/strong> <strong>Gyldig e<\/strong>&#8211;<strong>post<\/strong>\u00a0&#8211; Siden vi i dette eksemplet har tenkt \u00e5 sende ut en e-post, legger vi til kriteriet\u00a0<strong>Gyldig e-post<\/strong>. Denne sjekker at det er registrert en e-post-adresse i e-post-feltet, og at denne er gyldig. Med gyldig menes at e-post-adressen inneholder en alfakr\u00f8ll (@) og et punktum (.) samt at det ikke er noen mellomrom i adressen.\u00a0Det er alts\u00e5 ikke gitt at e-posten faktisk er i bruk.<\/p>\n\n\n\n<p><strong>6)<\/strong> Neste steg er \u00e5 legge til et nytt s\u00f8keemne. Det gj\u00f8r vi med knappen som heter\u00a0<strong>Legg til nytt s\u00f8keemne<\/strong>. Her velger vi s\u00e5\u00a0<strong>Avtale<\/strong>.\u00a0<\/p>\n\n\n\n<figure class=\"wp-block-image size-large\"><img loading=\"lazy\" decoding=\"async\" width=\"1024\" height=\"387\" src=\"https:\/\/www.normisjon.no\/content\/uploads\/sites\/46\/2026\/03\/Skjermbilde-2026-03-02-kl.-12.42.25-1024x387.png\" alt=\"\" class=\"wp-image-1225\" srcset=\"https:\/\/www.normisjon.no\/content\/uploads\/sites\/46\/2026\/03\/Skjermbilde-2026-03-02-kl.-12.42.25-1024x387.png 1024w, https:\/\/www.normisjon.no\/content\/uploads\/sites\/46\/2026\/03\/Skjermbilde-2026-03-02-kl.-12.42.25-300x113.png 300w, https:\/\/www.normisjon.no\/content\/uploads\/sites\/46\/2026\/03\/Skjermbilde-2026-03-02-kl.-12.42.25-768x290.png 768w, https:\/\/www.normisjon.no\/content\/uploads\/sites\/46\/2026\/03\/Skjermbilde-2026-03-02-kl.-12.42.25-1536x580.png 1536w, https:\/\/www.normisjon.no\/content\/uploads\/sites\/46\/2026\/03\/Skjermbilde-2026-03-02-kl.-12.42.25-1920x725.png 1920w, https:\/\/www.normisjon.no\/content\/uploads\/sites\/46\/2026\/03\/Skjermbilde-2026-03-02-kl.-12.42.25-1360x514.png 1360w, https:\/\/www.normisjon.no\/content\/uploads\/sites\/46\/2026\/03\/Skjermbilde-2026-03-02-kl.-12.42.25-960x363.png 960w, https:\/\/www.normisjon.no\/content\/uploads\/sites\/46\/2026\/03\/Skjermbilde-2026-03-02-kl.-12.42.25.png 1954w\" sizes=\"auto, (max-width: 1024px) 100vw, 1024px\" \/><\/figure>\n\n\n\n<p><strong>7)<\/strong> <strong>Gyldig i dag<em>\u00a0<\/em><\/strong>&#8211; Dette er den samme type begrensning som vi la inn p\u00e5 navnet (punkt 5), bare at n\u00e5 sjekkes det at medlemskapet er aktivt. Her er det ogs\u00e5, som i punkt 5, mulig \u00e5 velge\u00a0<strong>Gyldig pr<\/strong>\u00a0en bestemt dato.<\/p>\n\n\n\n<p><strong>8)<\/strong> <strong>Produkttype<\/strong>\u00a0&#8211; Dette er en gruppering som gir en litt mindre streng begrensning p\u00e5 s\u00f8ket. I eksemplet kunne man ha droppet prosjekt da det kun er et prosjekt som har direktemedlemmer. Dersom man skal sende noe til medlemmer i Normisjons fellesskap eller Actas lokallag m\u00e5 man bruke produkttypene MN (Lokallagsmedlem Normisjon) eller MA (Lokallagsmedlem Acta).\u00a0<\/p>\n\n\n\n<p><strong>9)<\/strong> <strong>Prosjekt<\/strong> &#8211; Her starter vi kriteriene med \u00e5 definere hvilke(t) prosjekt det gjelder, i eksemplet er prosjektet Normisjon (prosjekt nr 100) valgt.<br>Her kan man velge en prosjektrange. I s\u00e5 fall kan vi bruke\u00a0<strong>Avansert<\/strong>\u00a0(i stedet for\u00a0<strong>lik<\/strong>), da kan vi legge inn prosjektrangen\u00a0<strong>108100-108899<\/strong>\u00a0(dette er rangen som er satt av til foreninger og fellesskap i region Hordaland). Dersom man skal sende en felles utsendelse som gjelder medlemmer b\u00e5de Normisjons fellesskap og Acta lokallag kan man bruke\u00a0<strong>108100-108899, 208100-208899<\/strong>.<br><br><strong>10)<\/strong> <strong>Nytt s\u00f8keemne<\/strong> &#8211; Det neste steget er \u00e5 ta hensyn til eventuelle reservasjoner som ligger i v\u00e5r database og som er gitt til oss. Dette omtaler vi som interne reservasjoner, og disse skal vi ALLTID ta hensyn til. Reservasjonene er registrert som\u00a0<strong>Infounntak<\/strong> og de finnes under\u00a0<strong>Infoprofil<\/strong>. Dette finner vi ved \u00e5\u00a0<strong>legge til nytt s\u00f8keemne<\/strong>\u00a0(som da vi valgte Avtale i punkt 6).\u00a0<\/p>\n\n\n\n<figure class=\"wp-block-image size-large\"><img loading=\"lazy\" decoding=\"async\" width=\"1024\" height=\"343\" src=\"https:\/\/www.normisjon.no\/content\/uploads\/sites\/46\/2026\/03\/Skjermbilde-2026-03-02-kl.-12.51.12-1024x343.png\" alt=\"\" class=\"wp-image-1226\" srcset=\"https:\/\/www.normisjon.no\/content\/uploads\/sites\/46\/2026\/03\/Skjermbilde-2026-03-02-kl.-12.51.12-1024x343.png 1024w, https:\/\/www.normisjon.no\/content\/uploads\/sites\/46\/2026\/03\/Skjermbilde-2026-03-02-kl.-12.51.12-300x100.png 300w, https:\/\/www.normisjon.no\/content\/uploads\/sites\/46\/2026\/03\/Skjermbilde-2026-03-02-kl.-12.51.12-768x257.png 768w, https:\/\/www.normisjon.no\/content\/uploads\/sites\/46\/2026\/03\/Skjermbilde-2026-03-02-kl.-12.51.12-1536x514.png 1536w, https:\/\/www.normisjon.no\/content\/uploads\/sites\/46\/2026\/03\/Skjermbilde-2026-03-02-kl.-12.51.12-1920x643.png 1920w, https:\/\/www.normisjon.no\/content\/uploads\/sites\/46\/2026\/03\/Skjermbilde-2026-03-02-kl.-12.51.12-1360x455.png 1360w, https:\/\/www.normisjon.no\/content\/uploads\/sites\/46\/2026\/03\/Skjermbilde-2026-03-02-kl.-12.51.12-960x321.png 960w, https:\/\/www.normisjon.no\/content\/uploads\/sites\/46\/2026\/03\/Skjermbilde-2026-03-02-kl.-12.51.12.png 1948w\" sizes=\"auto, (max-width: 1024px) 100vw, 1024px\" \/><\/figure>\n\n\n\n<p><strong>11)<\/strong> Vi starter med \u00e5 bestemme at navnet ikke skal ha de f\u00f8lgende kriteriene, alts\u00e5 endrer vi til at infoprofilen\u00a0<strong>har ikke<\/strong>.<\/p>\n\n\n\n<p><strong>12)<\/strong> <strong>Gyldig i dag<\/strong>\u00a0\u2013 P\u00e5 nytt bruker vi kriteriet\u00a0<strong>Gyldig i dag<\/strong>, som n\u00e5 er knyttet til Infounntaket.\u00a0<\/p>\n\n\n\n<p><strong>13)<\/strong> <strong>Infotype<em>\u00a0<\/em><\/strong>\u2013 Her legger vi til hvilket kriterium det skal tas hensyn til. I eksemplet har vi valgt at personene ikke skal ha reservert seg mot henvendelser p\u00e5 e-post. Dersom det var en SMS som skulle sendes s\u00e5 m\u00e5tte vi ha valgt SMS (Normisjon (26) og TM \u2013 Normisjon (25)). Selv om vi skal sende SMS s\u00e5 tar vi ogs\u00e5 hensyn til de som har reservert som mot TM (telefonmarkedsf\u00f8ring), i s\u00e5 fall m\u00e5 vi endre til\u00a0<strong>i liste<\/strong>\u00a0slik at vi f\u00e5r med oss begge kriteriene.\u00a0<\/p>\n\n\n\n<p><strong>14)<\/strong> <strong>Antall enheter<em>\u00a0<\/em><\/strong>\u2013 Her er 0 (null) det samme som Nei, 1 (eller et h\u00f8yere tall) betyr Ja. S\u00e5 n\u00e5r vi skal ta hensyn til de som har reservert seg mot e-post-henvendelser fra oss m\u00e5 vi sette dette til 0.\u00a0<\/p>\n\n\n\n<ol class=\"wp-block-list\"><\/ol>\n\n\n\n<div class=\"wp-block-columns is-layout-flex wp-container-core-columns-is-layout-9c22b1e3 wp-block-columns-is-layout-flex\">\n<div class=\"wp-block-column is-layout-flow wp-block-column-is-layout-flow\">\n<figure class=\"wp-block-image size-full is-resized\"><img loading=\"lazy\" decoding=\"async\" width=\"626\" height=\"988\" src=\"https:\/\/www.normisjon.no\/content\/uploads\/sites\/46\/2026\/03\/Skjermbilde-2026-03-02-kl.-13.32.28.png\" alt=\"\" class=\"wp-image-1228\" style=\"width:288px;height:auto\" srcset=\"https:\/\/www.normisjon.no\/content\/uploads\/sites\/46\/2026\/03\/Skjermbilde-2026-03-02-kl.-13.32.28.png 626w, https:\/\/www.normisjon.no\/content\/uploads\/sites\/46\/2026\/03\/Skjermbilde-2026-03-02-kl.-13.32.28-190x300.png 190w, https:\/\/www.normisjon.no\/content\/uploads\/sites\/46\/2026\/03\/Skjermbilde-2026-03-02-kl.-13.32.28-608x960.png 608w\" sizes=\"auto, (max-width: 626px) 100vw, 626px\" \/><\/figure>\n<\/div>\n\n\n\n<div class=\"wp-block-column is-layout-flow wp-block-column-is-layout-flow\">\n<p><strong>15)<\/strong> Deretter kan vi telle opp hvor mange mottakere vi sitter igjen med ved \u00e5 trykke p\u00e5\u00a0<strong>Antall<\/strong>.\u00a0<\/p>\n\n\n\n<p><strong>16)<\/strong> Om vi vil hente ut listen trykker vi p\u00e5\u00a0<strong>Hent<\/strong>.<\/p>\n\n\n\n<p><strong>17)<\/strong> Under\u00a0<strong>Mer<\/strong>-knappen dukker det opp flere valg\/muligheter. Her kan man:<\/p>\n\n\n\n<p><strong>18)<\/strong> <strong>Lagre dette s\u00f8ket<\/strong>\u00a0&#8211; da lagrer man s\u00f8ket slik at man kan bruke det p\u00e5 nytt. Pass p\u00e5 at s\u00f8ket lagres slik at det ligger p\u00e5 din bruker.\u00a0<\/p>\n\n\n\n<p><strong>19)<\/strong> <strong>Sende E-post<\/strong>\u00a0&#8211; <a href=\"https:\/\/www.normisjon.no\/crm-manual\/sende-e-post-i-profundo\/\">Se egen beskrivelse<\/a>.<\/p>\n\n\n\n<p><strong>20)<\/strong> <strong>Sende SMS<em>\u00a0<\/em><\/strong>&#8211; <a href=\"https:\/\/www.normisjon.no\/crm-manual\/sende-sms-i-profundo\/\">Se egen beskrivelse<\/a>.<\/p>\n<\/div>\n<\/div>\n\n\n\n<div class=\"wp-block-buttons is-content-justification-center is-layout-flex wp-container-core-buttons-is-layout-a89b3969 wp-block-buttons-is-layout-flex\">\n<div class=\"wp-block-button is-style-fill\"><a class=\"wp-block-button__link has-custom-font-size wp-element-button\" href=\"https:\/\/www.normisjon.no\/crm-manual\/alle-manualer-for-profundo\/\" style=\"font-size:15px\">Tilbake til oversikt<\/a><\/div>\n<\/div>\n<\/div>","protected":false},"excerpt":{"rendered":"<p>Hvordan s\u00f8ke frem personer i ProFundo som ikke har reservert seg mot henvendelser. Hvis vi eksempelvis skal sende ut en e-post til medlemmer, og samtidig [&hellip;]<\/p>\n","protected":false},"author":143,"featured_media":0,"parent":0,"menu_order":0,"comment_status":"closed","ping_status":"closed","template":"","meta":{"_acf_changed":false,"footnotes":""},"class_list":["post-1223","page","type-page","status-publish","hentry"],"acf":[],"yoast_head":"<!-- This site is optimized with the Yoast SEO plugin v25.9 - https:\/\/yoast.com\/wordpress\/plugins\/seo\/ -->\n<title>Navnes\u00f8k med reservasjoner i ProFundo - CRM manual<\/title>\n<meta name=\"robots\" content=\"index, follow, max-snippet:-1, max-image-preview:large, max-video-preview:-1\" \/>\n<link rel=\"canonical\" href=\"https:\/\/www.normisjon.no\/crm-manual\/navnesok-med-reservasjoner-i-profundo\/\" \/>\n<meta property=\"og:locale\" content=\"nb_NO\" \/>\n<meta property=\"og:type\" content=\"article\" \/>\n<meta property=\"og:title\" content=\"Navnes\u00f8k med reservasjoner i ProFundo - CRM manual\" \/>\n<meta property=\"og:description\" content=\"Hvordan s\u00f8ke frem personer i ProFundo som ikke har reservert seg mot henvendelser. Hvis vi eksempelvis skal sende ut en e-post til medlemmer, og samtidig [&hellip;]\" \/>\n<meta property=\"og:url\" content=\"https:\/\/www.normisjon.no\/crm-manual\/navnesok-med-reservasjoner-i-profundo\/\" \/>\n<meta property=\"og:site_name\" content=\"CRM manual\" \/>\n<meta property=\"article:modified_time\" content=\"2026-03-02T12:44:04+00:00\" \/>\n<meta property=\"og:image\" content=\"https:\/\/www.normisjon.no\/content\/uploads\/sites\/46\/2026\/02\/Pekefingerfyr2.jpg\" \/>\n\t<meta property=\"og:image:width\" content=\"284\" \/>\n\t<meta property=\"og:image:height\" content=\"553\" \/>\n\t<meta property=\"og:image:type\" content=\"image\/jpeg\" \/>\n<meta name=\"twitter:card\" content=\"summary_large_image\" \/>\n<meta name=\"twitter:label1\" content=\"Ansl. lesetid\" \/>\n\t<meta name=\"twitter:data1\" content=\"6 minutter\" \/>\n<script type=\"application\/ld+json\" class=\"yoast-schema-graph\">{\"@context\":\"https:\/\/schema.org\",\"@graph\":[{\"@type\":\"WebPage\",\"@id\":\"https:\/\/www.normisjon.no\/crm-manual\/navnesok-med-reservasjoner-i-profundo\/\",\"url\":\"https:\/\/www.normisjon.no\/crm-manual\/navnesok-med-reservasjoner-i-profundo\/\",\"name\":\"Navnes\u00f8k med reservasjoner i ProFundo - CRM manual\",\"isPartOf\":{\"@id\":\"https:\/\/www.normisjon.no\/crm-manual\/#website\"},\"primaryImageOfPage\":{\"@id\":\"https:\/\/www.normisjon.no\/crm-manual\/navnesok-med-reservasjoner-i-profundo\/#primaryimage\"},\"image\":{\"@id\":\"https:\/\/www.normisjon.no\/crm-manual\/navnesok-med-reservasjoner-i-profundo\/#primaryimage\"},\"thumbnailUrl\":\"https:\/\/www.normisjon.no\/content\/uploads\/sites\/46\/2026\/02\/Pekefingerfyr2.jpg\",\"datePublished\":\"2026-03-02T12:44:03+00:00\",\"dateModified\":\"2026-03-02T12:44:04+00:00\",\"breadcrumb\":{\"@id\":\"https:\/\/www.normisjon.no\/crm-manual\/navnesok-med-reservasjoner-i-profundo\/#breadcrumb\"},\"inLanguage\":\"nb-NO\",\"potentialAction\":[{\"@type\":\"ReadAction\",\"target\":[\"https:\/\/www.normisjon.no\/crm-manual\/navnesok-med-reservasjoner-i-profundo\/\"]}]},{\"@type\":\"ImageObject\",\"inLanguage\":\"nb-NO\",\"@id\":\"https:\/\/www.normisjon.no\/crm-manual\/navnesok-med-reservasjoner-i-profundo\/#primaryimage\",\"url\":\"https:\/\/www.normisjon.no\/content\/uploads\/sites\/46\/2026\/02\/Pekefingerfyr2.jpg\",\"contentUrl\":\"https:\/\/www.normisjon.no\/content\/uploads\/sites\/46\/2026\/02\/Pekefingerfyr2.jpg\"},{\"@type\":\"BreadcrumbList\",\"@id\":\"https:\/\/www.normisjon.no\/crm-manual\/navnesok-med-reservasjoner-i-profundo\/#breadcrumb\",\"itemListElement\":[{\"@type\":\"ListItem\",\"position\":1,\"name\":\"Hjem\",\"item\":\"https:\/\/www.normisjon.no\/crm-manual\/\"},{\"@type\":\"ListItem\",\"position\":2,\"name\":\"Navnes\u00f8k med reservasjoner i ProFundo\"}]},{\"@type\":\"WebSite\",\"@id\":\"https:\/\/www.normisjon.no\/crm-manual\/#website\",\"url\":\"https:\/\/www.normisjon.no\/crm-manual\/\",\"name\":\"CRM manual\",\"description\":\"\",\"potentialAction\":[{\"@type\":\"SearchAction\",\"target\":{\"@type\":\"EntryPoint\",\"urlTemplate\":\"https:\/\/www.normisjon.no\/crm-manual\/?s={search_term_string}\"},\"query-input\":{\"@type\":\"PropertyValueSpecification\",\"valueRequired\":true,\"valueName\":\"search_term_string\"}}],\"inLanguage\":\"nb-NO\"}]}<\/script>\n<!-- \/ Yoast SEO plugin. -->","yoast_head_json":{"title":"Navnes\u00f8k med reservasjoner i ProFundo - CRM manual","robots":{"index":"index","follow":"follow","max-snippet":"max-snippet:-1","max-image-preview":"max-image-preview:large","max-video-preview":"max-video-preview:-1"},"canonical":"https:\/\/www.normisjon.no\/crm-manual\/navnesok-med-reservasjoner-i-profundo\/","og_locale":"nb_NO","og_type":"article","og_title":"Navnes\u00f8k med reservasjoner i ProFundo - CRM manual","og_description":"Hvordan s\u00f8ke frem personer i ProFundo som ikke har reservert seg mot henvendelser. Hvis vi eksempelvis skal sende ut en e-post til medlemmer, og samtidig [&hellip;]","og_url":"https:\/\/www.normisjon.no\/crm-manual\/navnesok-med-reservasjoner-i-profundo\/","og_site_name":"CRM manual","article_modified_time":"2026-03-02T12:44:04+00:00","og_image":[{"width":284,"height":553,"url":"https:\/\/www.normisjon.no\/content\/uploads\/sites\/46\/2026\/02\/Pekefingerfyr2.jpg","type":"image\/jpeg"}],"twitter_card":"summary_large_image","twitter_misc":{"Ansl. lesetid":"6 minutter"},"schema":{"@context":"https:\/\/schema.org","@graph":[{"@type":"WebPage","@id":"https:\/\/www.normisjon.no\/crm-manual\/navnesok-med-reservasjoner-i-profundo\/","url":"https:\/\/www.normisjon.no\/crm-manual\/navnesok-med-reservasjoner-i-profundo\/","name":"Navnes\u00f8k med reservasjoner i ProFundo - CRM manual","isPartOf":{"@id":"https:\/\/www.normisjon.no\/crm-manual\/#website"},"primaryImageOfPage":{"@id":"https:\/\/www.normisjon.no\/crm-manual\/navnesok-med-reservasjoner-i-profundo\/#primaryimage"},"image":{"@id":"https:\/\/www.normisjon.no\/crm-manual\/navnesok-med-reservasjoner-i-profundo\/#primaryimage"},"thumbnailUrl":"https:\/\/www.normisjon.no\/content\/uploads\/sites\/46\/2026\/02\/Pekefingerfyr2.jpg","datePublished":"2026-03-02T12:44:03+00:00","dateModified":"2026-03-02T12:44:04+00:00","breadcrumb":{"@id":"https:\/\/www.normisjon.no\/crm-manual\/navnesok-med-reservasjoner-i-profundo\/#breadcrumb"},"inLanguage":"nb-NO","potentialAction":[{"@type":"ReadAction","target":["https:\/\/www.normisjon.no\/crm-manual\/navnesok-med-reservasjoner-i-profundo\/"]}]},{"@type":"ImageObject","inLanguage":"nb-NO","@id":"https:\/\/www.normisjon.no\/crm-manual\/navnesok-med-reservasjoner-i-profundo\/#primaryimage","url":"https:\/\/www.normisjon.no\/content\/uploads\/sites\/46\/2026\/02\/Pekefingerfyr2.jpg","contentUrl":"https:\/\/www.normisjon.no\/content\/uploads\/sites\/46\/2026\/02\/Pekefingerfyr2.jpg"},{"@type":"BreadcrumbList","@id":"https:\/\/www.normisjon.no\/crm-manual\/navnesok-med-reservasjoner-i-profundo\/#breadcrumb","itemListElement":[{"@type":"ListItem","position":1,"name":"Hjem","item":"https:\/\/www.normisjon.no\/crm-manual\/"},{"@type":"ListItem","position":2,"name":"Navnes\u00f8k med reservasjoner i ProFundo"}]},{"@type":"WebSite","@id":"https:\/\/www.normisjon.no\/crm-manual\/#website","url":"https:\/\/www.normisjon.no\/crm-manual\/","name":"CRM manual","description":"","potentialAction":[{"@type":"SearchAction","target":{"@type":"EntryPoint","urlTemplate":"https:\/\/www.normisjon.no\/crm-manual\/?s={search_term_string}"},"query-input":{"@type":"PropertyValueSpecification","valueRequired":true,"valueName":"search_term_string"}}],"inLanguage":"nb-NO"}]}},"_links":{"self":[{"href":"https:\/\/www.normisjon.no\/crm-manual\/wp-json\/wp\/v2\/pages\/1223","targetHints":{"allow":["GET"]}}],"collection":[{"href":"https:\/\/www.normisjon.no\/crm-manual\/wp-json\/wp\/v2\/pages"}],"about":[{"href":"https:\/\/www.normisjon.no\/crm-manual\/wp-json\/wp\/v2\/types\/page"}],"author":[{"embeddable":true,"href":"https:\/\/www.normisjon.no\/crm-manual\/wp-json\/wp\/v2\/users\/143"}],"replies":[{"embeddable":true,"href":"https:\/\/www.normisjon.no\/crm-manual\/wp-json\/wp\/v2\/comments?post=1223"}],"version-history":[{"count":1,"href":"https:\/\/www.normisjon.no\/crm-manual\/wp-json\/wp\/v2\/pages\/1223\/revisions"}],"predecessor-version":[{"id":1230,"href":"https:\/\/www.normisjon.no\/crm-manual\/wp-json\/wp\/v2\/pages\/1223\/revisions\/1230"}],"wp:attachment":[{"href":"https:\/\/www.normisjon.no\/crm-manual\/wp-json\/wp\/v2\/media?parent=1223"}],"curies":[{"name":"wp","href":"https:\/\/api.w.org\/{rel}","templated":true}]}}