{"id":137,"date":"2025-04-07T15:46:50","date_gmt":"2025-04-07T13:46:50","guid":{"rendered":"https:\/\/www.normisjon.no\/crm-manual\/?page_id=137"},"modified":"2026-02-09T15:59:31","modified_gmt":"2026-02-09T14:59:31","slug":"opprette-nytt-verv","status":"publish","type":"page","link":"https:\/\/www.normisjon.no\/crm-manual\/opprette-nytt-verv\/","title":{"rendered":"Opprette nytt verv i MinSide"},"content":{"rendered":"<div class=\"entry-content alignfull wp-block-post-content has-global-padding is-layout-constrained wp-block-post-content-is-layout-constrained\">\n<figure class=\"wp-block-image aligncenter size-full is-resized\"><img loading=\"lazy\" decoding=\"async\" width=\"279\" height=\"610\" src=\"https:\/\/www.normisjon.no\/content\/uploads\/sites\/46\/2026\/02\/Blazer-dame2.jpg\" alt=\"\" class=\"wp-image-1053\" style=\"width:64px\" srcset=\"https:\/\/www.normisjon.no\/content\/uploads\/sites\/46\/2026\/02\/Blazer-dame2.jpg 279w, https:\/\/www.normisjon.no\/content\/uploads\/sites\/46\/2026\/02\/Blazer-dame2-137x300.jpg 137w\" sizes=\"auto, (max-width: 279px) 100vw, 279px\" \/><\/figure>\n\n\n\n<p><strong>Hvordan opprette et nytt verv i MinSide.<\/strong><\/p>\n\n\n\n<p><em>Skal du <a href=\"https:\/\/www.normisjon.no\/crm-manual\/endre-eller-avslutte-verv\/\">endre eller avslutte et verv?<\/a><\/em><\/p>\n\n\n\n<p>N\u00e5r lokallaget\/menigheten har f\u00e5tt en ny leder, eller skal endre andre verv p\u00e5 MinSide, er det viktig at dette gj\u00f8res korrekt.<\/p>\n\n\n\n<p><strong>NB:&nbsp;<\/strong>Det er helt essensielt at det til enhver tid er en som er enten&nbsp;<em><strong>Administrativ leder&nbsp;<\/strong><\/em>eller&nbsp;<em><strong>Foreningsleder Normisjon<\/strong>,&nbsp;<\/em>da det kun er disse som har mulighet til \u00e5 opprette verv og gi andre tilgang. Om du er en av disse, men skal fratre til fordel for noen andre, m\u00e5 alts\u00e5 det nye vervet tildeles f\u00f8r du avslutter ditt. I foreninger\/forsamlinger skal valgt leder ALLTID ha rollen som&nbsp;<em><strong>Foreningsleder Normisjon.<\/strong><\/em><\/p>\n\n\n\n<div class=\"wp-block-columns is-layout-flex wp-container-core-columns-is-layout-c5150b4a wp-block-columns-is-layout-flex\">\n<div class=\"wp-block-column is-layout-flow wp-block-column-is-layout-flow\" style=\"flex-basis:40%\">\n<p><strong>1)\u00a0<\/strong>Om personen som skal f\u00e5 et nytt verv ikke er registrert med et verv allerede, g\u00e5r man f\u00f8rst til fanen\u00a0<strong>Verv<\/strong>, hvor man vil se alle med n\u00e5v\u00e6rende verv.\u00a0<br><br><strong>2)\u00a0<\/strong>Deretter trykker man p\u00e5\u00a0<strong>Nytt verv.<\/strong><\/p>\n<\/div>\n\n\n\n<div class=\"wp-block-column is-layout-flow wp-block-column-is-layout-flow\" style=\"flex-basis:60%\">\n<figure class=\"wp-block-image alignfull size-full\"><img loading=\"lazy\" decoding=\"async\" width=\"960\" height=\"875\" src=\"https:\/\/www.normisjon.no\/content\/uploads\/sites\/46\/2025\/04\/Unknown-2.jpeg\" alt=\"\" class=\"wp-image-138\" srcset=\"https:\/\/www.normisjon.no\/content\/uploads\/sites\/46\/2025\/04\/Unknown-2.jpeg 960w, https:\/\/www.normisjon.no\/content\/uploads\/sites\/46\/2025\/04\/Unknown-2-300x273.jpeg 300w, https:\/\/www.normisjon.no\/content\/uploads\/sites\/46\/2025\/04\/Unknown-2-768x700.jpeg 768w\" sizes=\"auto, (max-width: 960px) 100vw, 960px\" \/><\/figure>\n<\/div>\n<\/div>\n\n\n\n<div class=\"wp-block-columns is-layout-flex wp-container-core-columns-is-layout-67f976c8 wp-block-columns-is-layout-flex\">\n<div class=\"wp-block-column is-layout-flow wp-block-column-is-layout-flow\" style=\"flex-basis:35%\">\n<p><strong>3)&nbsp;<\/strong>Om personen som skal tiltre i vervet er registrert som medlem, trykker man p\u00e5&nbsp;<strong>Medlemmer&nbsp;<\/strong>og velger s\u00e5 riktig person. Man fyller s\u00e5 ut \u00f8vrig etterspurt informasjon.<br><br><strong>4)&nbsp;<\/strong>Om personen ikke allerede er medlem, velger man&nbsp;<strong>Andre<\/strong>, og fyller ut n\u00f8dvendig informasjon.<br><br><strong>5)&nbsp;<\/strong>Man velger s\u00e5 riktig verv fra nedtrekkmenyen&nbsp;<strong>Verv<\/strong>.<\/p>\n<\/div>\n\n\n\n<div class=\"wp-block-column is-layout-flow wp-block-column-is-layout-flow\" style=\"flex-basis:65%\">\n<figure class=\"wp-block-image size-full\"><img loading=\"lazy\" decoding=\"async\" width=\"960\" height=\"960\" src=\"https:\/\/www.normisjon.no\/content\/uploads\/sites\/46\/2025\/04\/Unknown-3.jpeg\" alt=\"\" class=\"wp-image-140\" srcset=\"https:\/\/www.normisjon.no\/content\/uploads\/sites\/46\/2025\/04\/Unknown-3.jpeg 960w, https:\/\/www.normisjon.no\/content\/uploads\/sites\/46\/2025\/04\/Unknown-3-300x300.jpeg 300w, https:\/\/www.normisjon.no\/content\/uploads\/sites\/46\/2025\/04\/Unknown-3-150x150.jpeg 150w, https:\/\/www.normisjon.no\/content\/uploads\/sites\/46\/2025\/04\/Unknown-3-768x768.jpeg 768w\" sizes=\"auto, (max-width: 960px) 100vw, 960px\" \/><\/figure>\n<\/div>\n<\/div>\n\n\n\n<p><strong>6)&nbsp;<\/strong>Om personen er valgt til styret, krysser man av for dette.<br><br><strong>7)&nbsp;<\/strong>Om vervet tilsier at personen skal ha tilgang til MinSide, m\u00e5 dette krysses av for.&nbsp;<br><br><strong>8)&nbsp;<\/strong>N\u00e5r alt er utfylt og krysset av trykker man&nbsp;<strong>Lagre<\/strong>.<\/p>\n\n\n\n<p>Man har n\u00e5 opprettet en ny person i listen over alle med verv. Det kan v\u00e6re verdt \u00e5 merke seg at man ikke automatisk blir registrert som medlem samtidig, s\u00e5 om personen ogs\u00e5 er nytt medlem, m\u00e5 dette registreres i tillegg.<\/p>\n\n\n\n<div class=\"wp-block-buttons is-content-justification-center is-layout-flex wp-container-core-buttons-is-layout-a89b3969 wp-block-buttons-is-layout-flex\">\n<div class=\"wp-block-button is-style-fill\"><a class=\"wp-block-button__link has-custom-font-size wp-element-button\" href=\"https:\/\/www.normisjon.no\/crm-manual\/alle-manualer-for-minside\/\" style=\"font-size:15px\">Tilbake til oversikt<\/a><\/div>\n<\/div>\n<\/div>","protected":false},"excerpt":{"rendered":"<p>Hvordan opprette et nytt verv i MinSide. Skal du endre eller avslutte et verv? N\u00e5r lokallaget\/menigheten har f\u00e5tt en ny leder, eller skal endre andre [&hellip;]<\/p>\n","protected":false},"author":143,"featured_media":0,"parent":0,"menu_order":0,"comment_status":"closed","ping_status":"closed","template":"","meta":{"_acf_changed":false,"footnotes":""},"class_list":["post-137","page","type-page","status-publish","hentry"],"acf":[],"yoast_head":"<!-- This site is optimized with the Yoast SEO plugin v25.9 - https:\/\/yoast.com\/wordpress\/plugins\/seo\/ -->\n<title>Opprette nytt verv i MinSide - CRM manual<\/title>\n<meta name=\"robots\" content=\"index, follow, max-snippet:-1, max-image-preview:large, max-video-preview:-1\" \/>\n<link rel=\"canonical\" href=\"https:\/\/www.normisjon.no\/crm-manual\/opprette-nytt-verv\/\" \/>\n<meta property=\"og:locale\" content=\"nb_NO\" \/>\n<meta property=\"og:type\" content=\"article\" \/>\n<meta property=\"og:title\" content=\"Opprette nytt verv i MinSide - CRM manual\" \/>\n<meta property=\"og:description\" content=\"Hvordan opprette et nytt verv i MinSide. Skal du endre eller avslutte et verv? N\u00e5r lokallaget\/menigheten har f\u00e5tt en ny leder, eller skal endre andre [&hellip;]\" \/>\n<meta property=\"og:url\" content=\"https:\/\/www.normisjon.no\/crm-manual\/opprette-nytt-verv\/\" \/>\n<meta property=\"og:site_name\" content=\"CRM manual\" \/>\n<meta property=\"article:modified_time\" content=\"2026-02-09T14:59:31+00:00\" \/>\n<meta property=\"og:image\" content=\"https:\/\/www.normisjon.no\/content\/uploads\/sites\/46\/2026\/02\/Blazer-dame2.jpg\" \/>\n\t<meta property=\"og:image:width\" content=\"279\" \/>\n\t<meta property=\"og:image:height\" content=\"610\" \/>\n\t<meta property=\"og:image:type\" content=\"image\/jpeg\" \/>\n<meta name=\"twitter:card\" content=\"summary_large_image\" \/>\n<meta name=\"twitter:label1\" content=\"Ansl. lesetid\" \/>\n\t<meta name=\"twitter:data1\" content=\"3 minutter\" \/>\n<script type=\"application\/ld+json\" class=\"yoast-schema-graph\">{\"@context\":\"https:\/\/schema.org\",\"@graph\":[{\"@type\":\"WebPage\",\"@id\":\"https:\/\/www.normisjon.no\/crm-manual\/opprette-nytt-verv\/\",\"url\":\"https:\/\/www.normisjon.no\/crm-manual\/opprette-nytt-verv\/\",\"name\":\"Opprette nytt verv i MinSide - CRM manual\",\"isPartOf\":{\"@id\":\"https:\/\/www.normisjon.no\/crm-manual\/#website\"},\"primaryImageOfPage\":{\"@id\":\"https:\/\/www.normisjon.no\/crm-manual\/opprette-nytt-verv\/#primaryimage\"},\"image\":{\"@id\":\"https:\/\/www.normisjon.no\/crm-manual\/opprette-nytt-verv\/#primaryimage\"},\"thumbnailUrl\":\"https:\/\/www.normisjon.no\/content\/uploads\/sites\/46\/2026\/02\/Blazer-dame2.jpg\",\"datePublished\":\"2025-04-07T13:46:50+00:00\",\"dateModified\":\"2026-02-09T14:59:31+00:00\",\"breadcrumb\":{\"@id\":\"https:\/\/www.normisjon.no\/crm-manual\/opprette-nytt-verv\/#breadcrumb\"},\"inLanguage\":\"nb-NO\",\"potentialAction\":[{\"@type\":\"ReadAction\",\"target\":[\"https:\/\/www.normisjon.no\/crm-manual\/opprette-nytt-verv\/\"]}]},{\"@type\":\"ImageObject\",\"inLanguage\":\"nb-NO\",\"@id\":\"https:\/\/www.normisjon.no\/crm-manual\/opprette-nytt-verv\/#primaryimage\",\"url\":\"https:\/\/www.normisjon.no\/content\/uploads\/sites\/46\/2026\/02\/Blazer-dame2.jpg\",\"contentUrl\":\"https:\/\/www.normisjon.no\/content\/uploads\/sites\/46\/2026\/02\/Blazer-dame2.jpg\"},{\"@type\":\"BreadcrumbList\",\"@id\":\"https:\/\/www.normisjon.no\/crm-manual\/opprette-nytt-verv\/#breadcrumb\",\"itemListElement\":[{\"@type\":\"ListItem\",\"position\":1,\"name\":\"Hjem\",\"item\":\"https:\/\/www.normisjon.no\/crm-manual\/\"},{\"@type\":\"ListItem\",\"position\":2,\"name\":\"Opprette nytt verv i MinSide\"}]},{\"@type\":\"WebSite\",\"@id\":\"https:\/\/www.normisjon.no\/crm-manual\/#website\",\"url\":\"https:\/\/www.normisjon.no\/crm-manual\/\",\"name\":\"CRM manual\",\"description\":\"\",\"potentialAction\":[{\"@type\":\"SearchAction\",\"target\":{\"@type\":\"EntryPoint\",\"urlTemplate\":\"https:\/\/www.normisjon.no\/crm-manual\/?s={search_term_string}\"},\"query-input\":{\"@type\":\"PropertyValueSpecification\",\"valueRequired\":true,\"valueName\":\"search_term_string\"}}],\"inLanguage\":\"nb-NO\"}]}<\/script>\n<!-- \/ Yoast SEO plugin. -->","yoast_head_json":{"title":"Opprette nytt verv i MinSide - CRM manual","robots":{"index":"index","follow":"follow","max-snippet":"max-snippet:-1","max-image-preview":"max-image-preview:large","max-video-preview":"max-video-preview:-1"},"canonical":"https:\/\/www.normisjon.no\/crm-manual\/opprette-nytt-verv\/","og_locale":"nb_NO","og_type":"article","og_title":"Opprette nytt verv i MinSide - CRM manual","og_description":"Hvordan opprette et nytt verv i MinSide. Skal du endre eller avslutte et verv? N\u00e5r lokallaget\/menigheten har f\u00e5tt en ny leder, eller skal endre andre [&hellip;]","og_url":"https:\/\/www.normisjon.no\/crm-manual\/opprette-nytt-verv\/","og_site_name":"CRM manual","article_modified_time":"2026-02-09T14:59:31+00:00","og_image":[{"width":279,"height":610,"url":"https:\/\/www.normisjon.no\/content\/uploads\/sites\/46\/2026\/02\/Blazer-dame2.jpg","type":"image\/jpeg"}],"twitter_card":"summary_large_image","twitter_misc":{"Ansl. lesetid":"3 minutter"},"schema":{"@context":"https:\/\/schema.org","@graph":[{"@type":"WebPage","@id":"https:\/\/www.normisjon.no\/crm-manual\/opprette-nytt-verv\/","url":"https:\/\/www.normisjon.no\/crm-manual\/opprette-nytt-verv\/","name":"Opprette nytt verv i MinSide - CRM manual","isPartOf":{"@id":"https:\/\/www.normisjon.no\/crm-manual\/#website"},"primaryImageOfPage":{"@id":"https:\/\/www.normisjon.no\/crm-manual\/opprette-nytt-verv\/#primaryimage"},"image":{"@id":"https:\/\/www.normisjon.no\/crm-manual\/opprette-nytt-verv\/#primaryimage"},"thumbnailUrl":"https:\/\/www.normisjon.no\/content\/uploads\/sites\/46\/2026\/02\/Blazer-dame2.jpg","datePublished":"2025-04-07T13:46:50+00:00","dateModified":"2026-02-09T14:59:31+00:00","breadcrumb":{"@id":"https:\/\/www.normisjon.no\/crm-manual\/opprette-nytt-verv\/#breadcrumb"},"inLanguage":"nb-NO","potentialAction":[{"@type":"ReadAction","target":["https:\/\/www.normisjon.no\/crm-manual\/opprette-nytt-verv\/"]}]},{"@type":"ImageObject","inLanguage":"nb-NO","@id":"https:\/\/www.normisjon.no\/crm-manual\/opprette-nytt-verv\/#primaryimage","url":"https:\/\/www.normisjon.no\/content\/uploads\/sites\/46\/2026\/02\/Blazer-dame2.jpg","contentUrl":"https:\/\/www.normisjon.no\/content\/uploads\/sites\/46\/2026\/02\/Blazer-dame2.jpg"},{"@type":"BreadcrumbList","@id":"https:\/\/www.normisjon.no\/crm-manual\/opprette-nytt-verv\/#breadcrumb","itemListElement":[{"@type":"ListItem","position":1,"name":"Hjem","item":"https:\/\/www.normisjon.no\/crm-manual\/"},{"@type":"ListItem","position":2,"name":"Opprette nytt verv i MinSide"}]},{"@type":"WebSite","@id":"https:\/\/www.normisjon.no\/crm-manual\/#website","url":"https:\/\/www.normisjon.no\/crm-manual\/","name":"CRM manual","description":"","potentialAction":[{"@type":"SearchAction","target":{"@type":"EntryPoint","urlTemplate":"https:\/\/www.normisjon.no\/crm-manual\/?s={search_term_string}"},"query-input":{"@type":"PropertyValueSpecification","valueRequired":true,"valueName":"search_term_string"}}],"inLanguage":"nb-NO"}]}},"_links":{"self":[{"href":"https:\/\/www.normisjon.no\/crm-manual\/wp-json\/wp\/v2\/pages\/137","targetHints":{"allow":["GET"]}}],"collection":[{"href":"https:\/\/www.normisjon.no\/crm-manual\/wp-json\/wp\/v2\/pages"}],"about":[{"href":"https:\/\/www.normisjon.no\/crm-manual\/wp-json\/wp\/v2\/types\/page"}],"author":[{"embeddable":true,"href":"https:\/\/www.normisjon.no\/crm-manual\/wp-json\/wp\/v2\/users\/143"}],"replies":[{"embeddable":true,"href":"https:\/\/www.normisjon.no\/crm-manual\/wp-json\/wp\/v2\/comments?post=137"}],"version-history":[{"count":14,"href":"https:\/\/www.normisjon.no\/crm-manual\/wp-json\/wp\/v2\/pages\/137\/revisions"}],"predecessor-version":[{"id":1192,"href":"https:\/\/www.normisjon.no\/crm-manual\/wp-json\/wp\/v2\/pages\/137\/revisions\/1192"}],"wp:attachment":[{"href":"https:\/\/www.normisjon.no\/crm-manual\/wp-json\/wp\/v2\/media?parent=137"}],"curies":[{"name":"wp","href":"https:\/\/api.w.org\/{rel}","templated":true}]}}