{"id":161,"date":"2025-04-14T13:49:05","date_gmt":"2025-04-14T11:49:05","guid":{"rendered":"https:\/\/www.normisjon.no\/crm-manual\/?page_id=161"},"modified":"2026-02-09T15:41:20","modified_gmt":"2026-02-09T14:41:20","slug":"sende-sms-i-minside","status":"publish","type":"page","link":"https:\/\/www.normisjon.no\/crm-manual\/sende-sms-i-minside\/","title":{"rendered":"Sende SMS i MinSide"},"content":{"rendered":"<div class=\"entry-content alignfull wp-block-post-content has-global-padding is-layout-constrained wp-block-post-content-is-layout-constrained\">\n<figure class=\"wp-block-image aligncenter size-full is-resized\"><img loading=\"lazy\" decoding=\"async\" width=\"257\" height=\"523\" src=\"https:\/\/www.normisjon.no\/content\/uploads\/sites\/46\/2026\/02\/Pad-dame2.jpg\" alt=\"\" class=\"wp-image-1061\" style=\"width:64px\" srcset=\"https:\/\/www.normisjon.no\/content\/uploads\/sites\/46\/2026\/02\/Pad-dame2.jpg 257w, https:\/\/www.normisjon.no\/content\/uploads\/sites\/46\/2026\/02\/Pad-dame2-147x300.jpg 147w\" sizes=\"auto, (max-width: 257px) 100vw, 257px\" \/><\/figure>\n\n\n\n<p><strong>Hvordan sende sms til \u00e9n eller flere medlemmer av lokallaget\/menigheten fra MinSide.<\/strong><\/p>\n\n\n\n<p><em>Skal du sende e-post? <a href=\"https:\/\/www.normisjon.no\/crm-manual\/sende-e-post-i-minside\/\">Les hvordan her.<\/a><\/em><\/p>\n\n\n\n<p><strong>1)<\/strong>&nbsp;Inne p\u00e5 lokallagets\/menighetens side trykker vi p\u00e5 fanen&nbsp;<strong>Medlemmer<\/strong>, og f\u00e5r dermed opp listen over alle medlemmer.<br><br><strong>2)&nbsp;<\/strong>Om man skal sende sms til alle medlemmer, huker man av knappen \u00f8verst i venstre kolonne, hvilket automatisk markerer alle. Om man skal sende til ett eller flere enkeltmedlemmer velger man dem fra listen. Man kan s\u00f8ke etter f.eks. navn i \u00f8verste linje.<\/p>\n\n\n\n<figure class=\"wp-block-image size-full\"><img loading=\"lazy\" decoding=\"async\" width=\"960\" height=\"468\" src=\"https:\/\/www.normisjon.no\/content\/uploads\/sites\/46\/2025\/04\/Unknown-2-4.jpeg\" alt=\"\" class=\"wp-image-162\" srcset=\"https:\/\/www.normisjon.no\/content\/uploads\/sites\/46\/2025\/04\/Unknown-2-4.jpeg 960w, https:\/\/www.normisjon.no\/content\/uploads\/sites\/46\/2025\/04\/Unknown-2-4-300x146.jpeg 300w, https:\/\/www.normisjon.no\/content\/uploads\/sites\/46\/2025\/04\/Unknown-2-4-768x374.jpeg 768w\" sizes=\"auto, (max-width: 960px) 100vw, 960px\" \/><\/figure>\n\n\n\n<p><strong>3)<\/strong>&nbsp;Om<strong>&nbsp;<\/strong>man skal sende<strong>&nbsp;sms<\/strong>&nbsp;til medlemmer basert p\u00e5 bestemte kriterier, velger man disse i \u00f8verste linje. I eksempelet under \u00f8nsker vi \u00e5 purre de som enn\u00e5 ikke har betalt medlemskontingent, s\u00e5 derfor har vi valgt alle som ikke har betalt i \u00e5r, alts\u00e5 de som samsvarer med \u00abnei\u00bb under&nbsp;<strong>Betalt i \u00e5r<\/strong>.<\/p>\n\n\n\n<p><strong>4)&nbsp;<\/strong>N\u00e5r vi er forn\u00f8yd med utvalget, og har f\u00e5tt frem en liste over dem vi skal sende e-posten til (samt har markert mottakerne i venstre kolonne jf. punkt 2), trykker vi p\u00e5 knappen&nbsp;<strong>Send sms<\/strong>.<\/p>\n\n\n\n<figure class=\"wp-block-image size-full\"><img loading=\"lazy\" decoding=\"async\" width=\"960\" height=\"353\" src=\"https:\/\/www.normisjon.no\/content\/uploads\/sites\/46\/2025\/04\/Unknown-1-2-3.jpeg\" alt=\"\" class=\"wp-image-163\" srcset=\"https:\/\/www.normisjon.no\/content\/uploads\/sites\/46\/2025\/04\/Unknown-1-2-3.jpeg 960w, https:\/\/www.normisjon.no\/content\/uploads\/sites\/46\/2025\/04\/Unknown-1-2-3-300x110.jpeg 300w, https:\/\/www.normisjon.no\/content\/uploads\/sites\/46\/2025\/04\/Unknown-1-2-3-768x282.jpeg 768w\" sizes=\"auto, (max-width: 960px) 100vw, 960px\" \/><\/figure>\n\n\n\n<p>N\u00e5 f\u00e5r vi opp skjemaet hvor vi skriver selve smsen.<\/p>\n\n\n\n<div class=\"wp-block-columns is-layout-flex wp-container-core-columns-is-layout-67f976c8 wp-block-columns-is-layout-flex\">\n<div class=\"wp-block-column is-layout-flow wp-block-column-is-layout-flow\" style=\"flex-basis:50%\">\n<p><strong>5)<\/strong>&nbsp;\u00d8verst f\u00e5r vi et valg om vi skal sende smsen kun til de som er registrert som medlemmer, kun til eventuelle foreldre, eller begge deler.<br><br><strong>6)&nbsp;<\/strong>N\u00e5r mottakere er valgt, velger vi avsender.&nbsp;&nbsp;&nbsp;&nbsp;&nbsp;&nbsp;&nbsp;&nbsp;&nbsp;&nbsp;&nbsp;&nbsp;&nbsp;&nbsp;<br><br><strong>7)&nbsp;<\/strong>Selve meldingen i smsen skrives i meldingsfeltet.<br><br><strong>8)&nbsp;<\/strong>N\u00e5r meldingen er ferdig og klar til \u00e5 sendes, trykker vi p\u00e5 knappen&nbsp;<strong>Send<\/strong>.&nbsp;&nbsp;&nbsp;&nbsp;&nbsp;&nbsp;&nbsp;&nbsp;&nbsp;&nbsp;<\/p>\n<\/div>\n\n\n\n<div class=\"wp-block-column is-layout-flow wp-block-column-is-layout-flow\" style=\"flex-basis:50%\">\n<figure class=\"wp-block-image size-full\"><img loading=\"lazy\" decoding=\"async\" width=\"400\" height=\"378\" src=\"https:\/\/www.normisjon.no\/content\/uploads\/sites\/46\/2025\/04\/Unknown-2-5.jpeg\" alt=\"\" class=\"wp-image-164\" srcset=\"https:\/\/www.normisjon.no\/content\/uploads\/sites\/46\/2025\/04\/Unknown-2-5.jpeg 400w, https:\/\/www.normisjon.no\/content\/uploads\/sites\/46\/2025\/04\/Unknown-2-5-300x284.jpeg 300w\" sizes=\"auto, (max-width: 400px) 100vw, 400px\" \/><\/figure>\n<\/div>\n<\/div>\n\n\n\n<p>&nbsp;&nbsp;&nbsp;&nbsp;&nbsp;&nbsp;&nbsp;&nbsp;&nbsp;&nbsp;&nbsp;&nbsp;&nbsp;&nbsp;&nbsp;&nbsp;&nbsp;&nbsp;&nbsp;&nbsp;&nbsp;&nbsp;&nbsp;&nbsp;&nbsp;&nbsp;&nbsp;&nbsp;&nbsp;&nbsp; &nbsp;&nbsp;&nbsp;&nbsp;<\/p>\n\n\n\n<p>Les hvordan du <a href=\"https:\/\/www.normisjon.no\/crm-manual\/sende-e-post-i-minside\/\">sender e-post her<\/a>.<\/p>\n\n\n\n<div class=\"wp-block-buttons is-content-justification-center is-layout-flex wp-container-core-buttons-is-layout-a89b3969 wp-block-buttons-is-layout-flex\">\n<div class=\"wp-block-button is-style-fill\"><a class=\"wp-block-button__link has-custom-font-size wp-element-button\" href=\"https:\/\/www.normisjon.no\/crm-manual\/alle-manualer-for-minside\/\" style=\"font-size:15px\">Tilbake til oversikt<\/a><\/div>\n<\/div>\n<\/div>","protected":false},"excerpt":{"rendered":"<p>Hvordan sende sms til \u00e9n eller flere medlemmer av lokallaget\/menigheten fra MinSide. Skal du sende e-post? Les hvordan her. 1)&nbsp;Inne p\u00e5 lokallagets\/menighetens side trykker vi [&hellip;]<\/p>\n","protected":false},"author":143,"featured_media":0,"parent":0,"menu_order":0,"comment_status":"closed","ping_status":"closed","template":"","meta":{"_acf_changed":false,"footnotes":""},"class_list":["post-161","page","type-page","status-publish","hentry"],"acf":[],"yoast_head":"<!-- This site is optimized with the Yoast SEO plugin v25.9 - https:\/\/yoast.com\/wordpress\/plugins\/seo\/ -->\n<title>Sende SMS i MinSide - CRM manual<\/title>\n<meta name=\"robots\" content=\"index, follow, max-snippet:-1, max-image-preview:large, max-video-preview:-1\" \/>\n<link rel=\"canonical\" href=\"https:\/\/www.normisjon.no\/crm-manual\/sende-sms-i-minside\/\" \/>\n<meta property=\"og:locale\" content=\"nb_NO\" \/>\n<meta property=\"og:type\" content=\"article\" \/>\n<meta property=\"og:title\" content=\"Sende SMS i MinSide - CRM manual\" \/>\n<meta property=\"og:description\" content=\"Hvordan sende sms til \u00e9n eller flere medlemmer av lokallaget\/menigheten fra MinSide. Skal du sende e-post? Les hvordan her. 1)&nbsp;Inne p\u00e5 lokallagets\/menighetens side trykker vi [&hellip;]\" \/>\n<meta property=\"og:url\" content=\"https:\/\/www.normisjon.no\/crm-manual\/sende-sms-i-minside\/\" \/>\n<meta property=\"og:site_name\" content=\"CRM manual\" \/>\n<meta property=\"article:modified_time\" content=\"2026-02-09T14:41:20+00:00\" \/>\n<meta property=\"og:image\" content=\"https:\/\/www.normisjon.no\/content\/uploads\/sites\/46\/2026\/02\/Pad-dame2.jpg\" \/>\n\t<meta property=\"og:image:width\" content=\"257\" \/>\n\t<meta property=\"og:image:height\" content=\"523\" \/>\n\t<meta property=\"og:image:type\" content=\"image\/jpeg\" \/>\n<meta name=\"twitter:card\" content=\"summary_large_image\" \/>\n<meta name=\"twitter:label1\" content=\"Ansl. lesetid\" \/>\n\t<meta name=\"twitter:data1\" content=\"3 minutter\" \/>\n<script type=\"application\/ld+json\" class=\"yoast-schema-graph\">{\"@context\":\"https:\/\/schema.org\",\"@graph\":[{\"@type\":\"WebPage\",\"@id\":\"https:\/\/www.normisjon.no\/crm-manual\/sende-sms-i-minside\/\",\"url\":\"https:\/\/www.normisjon.no\/crm-manual\/sende-sms-i-minside\/\",\"name\":\"Sende SMS i MinSide - CRM manual\",\"isPartOf\":{\"@id\":\"https:\/\/www.normisjon.no\/crm-manual\/#website\"},\"primaryImageOfPage\":{\"@id\":\"https:\/\/www.normisjon.no\/crm-manual\/sende-sms-i-minside\/#primaryimage\"},\"image\":{\"@id\":\"https:\/\/www.normisjon.no\/crm-manual\/sende-sms-i-minside\/#primaryimage\"},\"thumbnailUrl\":\"https:\/\/www.normisjon.no\/content\/uploads\/sites\/46\/2026\/02\/Pad-dame2.jpg\",\"datePublished\":\"2025-04-14T11:49:05+00:00\",\"dateModified\":\"2026-02-09T14:41:20+00:00\",\"breadcrumb\":{\"@id\":\"https:\/\/www.normisjon.no\/crm-manual\/sende-sms-i-minside\/#breadcrumb\"},\"inLanguage\":\"nb-NO\",\"potentialAction\":[{\"@type\":\"ReadAction\",\"target\":[\"https:\/\/www.normisjon.no\/crm-manual\/sende-sms-i-minside\/\"]}]},{\"@type\":\"ImageObject\",\"inLanguage\":\"nb-NO\",\"@id\":\"https:\/\/www.normisjon.no\/crm-manual\/sende-sms-i-minside\/#primaryimage\",\"url\":\"https:\/\/www.normisjon.no\/content\/uploads\/sites\/46\/2026\/02\/Pad-dame2.jpg\",\"contentUrl\":\"https:\/\/www.normisjon.no\/content\/uploads\/sites\/46\/2026\/02\/Pad-dame2.jpg\"},{\"@type\":\"BreadcrumbList\",\"@id\":\"https:\/\/www.normisjon.no\/crm-manual\/sende-sms-i-minside\/#breadcrumb\",\"itemListElement\":[{\"@type\":\"ListItem\",\"position\":1,\"name\":\"Hjem\",\"item\":\"https:\/\/www.normisjon.no\/crm-manual\/\"},{\"@type\":\"ListItem\",\"position\":2,\"name\":\"Sende SMS i MinSide\"}]},{\"@type\":\"WebSite\",\"@id\":\"https:\/\/www.normisjon.no\/crm-manual\/#website\",\"url\":\"https:\/\/www.normisjon.no\/crm-manual\/\",\"name\":\"CRM manual\",\"description\":\"\",\"potentialAction\":[{\"@type\":\"SearchAction\",\"target\":{\"@type\":\"EntryPoint\",\"urlTemplate\":\"https:\/\/www.normisjon.no\/crm-manual\/?s={search_term_string}\"},\"query-input\":{\"@type\":\"PropertyValueSpecification\",\"valueRequired\":true,\"valueName\":\"search_term_string\"}}],\"inLanguage\":\"nb-NO\"}]}<\/script>\n<!-- \/ Yoast SEO plugin. -->","yoast_head_json":{"title":"Sende SMS i MinSide - CRM manual","robots":{"index":"index","follow":"follow","max-snippet":"max-snippet:-1","max-image-preview":"max-image-preview:large","max-video-preview":"max-video-preview:-1"},"canonical":"https:\/\/www.normisjon.no\/crm-manual\/sende-sms-i-minside\/","og_locale":"nb_NO","og_type":"article","og_title":"Sende SMS i MinSide - CRM manual","og_description":"Hvordan sende sms til \u00e9n eller flere medlemmer av lokallaget\/menigheten fra MinSide. Skal du sende e-post? Les hvordan her. 1)&nbsp;Inne p\u00e5 lokallagets\/menighetens side trykker vi [&hellip;]","og_url":"https:\/\/www.normisjon.no\/crm-manual\/sende-sms-i-minside\/","og_site_name":"CRM manual","article_modified_time":"2026-02-09T14:41:20+00:00","og_image":[{"width":257,"height":523,"url":"https:\/\/www.normisjon.no\/content\/uploads\/sites\/46\/2026\/02\/Pad-dame2.jpg","type":"image\/jpeg"}],"twitter_card":"summary_large_image","twitter_misc":{"Ansl. lesetid":"3 minutter"},"schema":{"@context":"https:\/\/schema.org","@graph":[{"@type":"WebPage","@id":"https:\/\/www.normisjon.no\/crm-manual\/sende-sms-i-minside\/","url":"https:\/\/www.normisjon.no\/crm-manual\/sende-sms-i-minside\/","name":"Sende SMS i MinSide - CRM manual","isPartOf":{"@id":"https:\/\/www.normisjon.no\/crm-manual\/#website"},"primaryImageOfPage":{"@id":"https:\/\/www.normisjon.no\/crm-manual\/sende-sms-i-minside\/#primaryimage"},"image":{"@id":"https:\/\/www.normisjon.no\/crm-manual\/sende-sms-i-minside\/#primaryimage"},"thumbnailUrl":"https:\/\/www.normisjon.no\/content\/uploads\/sites\/46\/2026\/02\/Pad-dame2.jpg","datePublished":"2025-04-14T11:49:05+00:00","dateModified":"2026-02-09T14:41:20+00:00","breadcrumb":{"@id":"https:\/\/www.normisjon.no\/crm-manual\/sende-sms-i-minside\/#breadcrumb"},"inLanguage":"nb-NO","potentialAction":[{"@type":"ReadAction","target":["https:\/\/www.normisjon.no\/crm-manual\/sende-sms-i-minside\/"]}]},{"@type":"ImageObject","inLanguage":"nb-NO","@id":"https:\/\/www.normisjon.no\/crm-manual\/sende-sms-i-minside\/#primaryimage","url":"https:\/\/www.normisjon.no\/content\/uploads\/sites\/46\/2026\/02\/Pad-dame2.jpg","contentUrl":"https:\/\/www.normisjon.no\/content\/uploads\/sites\/46\/2026\/02\/Pad-dame2.jpg"},{"@type":"BreadcrumbList","@id":"https:\/\/www.normisjon.no\/crm-manual\/sende-sms-i-minside\/#breadcrumb","itemListElement":[{"@type":"ListItem","position":1,"name":"Hjem","item":"https:\/\/www.normisjon.no\/crm-manual\/"},{"@type":"ListItem","position":2,"name":"Sende SMS i MinSide"}]},{"@type":"WebSite","@id":"https:\/\/www.normisjon.no\/crm-manual\/#website","url":"https:\/\/www.normisjon.no\/crm-manual\/","name":"CRM manual","description":"","potentialAction":[{"@type":"SearchAction","target":{"@type":"EntryPoint","urlTemplate":"https:\/\/www.normisjon.no\/crm-manual\/?s={search_term_string}"},"query-input":{"@type":"PropertyValueSpecification","valueRequired":true,"valueName":"search_term_string"}}],"inLanguage":"nb-NO"}]}},"_links":{"self":[{"href":"https:\/\/www.normisjon.no\/crm-manual\/wp-json\/wp\/v2\/pages\/161","targetHints":{"allow":["GET"]}}],"collection":[{"href":"https:\/\/www.normisjon.no\/crm-manual\/wp-json\/wp\/v2\/pages"}],"about":[{"href":"https:\/\/www.normisjon.no\/crm-manual\/wp-json\/wp\/v2\/types\/page"}],"author":[{"embeddable":true,"href":"https:\/\/www.normisjon.no\/crm-manual\/wp-json\/wp\/v2\/users\/143"}],"replies":[{"embeddable":true,"href":"https:\/\/www.normisjon.no\/crm-manual\/wp-json\/wp\/v2\/comments?post=161"}],"version-history":[{"count":10,"href":"https:\/\/www.normisjon.no\/crm-manual\/wp-json\/wp\/v2\/pages\/161\/revisions"}],"predecessor-version":[{"id":1178,"href":"https:\/\/www.normisjon.no\/crm-manual\/wp-json\/wp\/v2\/pages\/161\/revisions\/1178"}],"wp:attachment":[{"href":"https:\/\/www.normisjon.no\/crm-manual\/wp-json\/wp\/v2\/media?parent=161"}],"curies":[{"name":"wp","href":"https:\/\/api.w.org\/{rel}","templated":true}]}}