{"id":193,"date":"2025-04-14T15:40:43","date_gmt":"2025-04-14T13:40:43","guid":{"rendered":"https:\/\/www.normisjon.no\/crm-manual\/?page_id=193"},"modified":"2026-02-09T10:12:00","modified_gmt":"2026-02-09T09:12:00","slug":"soke-etter-person-i-minside","status":"publish","type":"page","link":"https:\/\/www.normisjon.no\/crm-manual\/soke-etter-person-i-minside\/","title":{"rendered":"S\u00f8ke etter person i MinSide"},"content":{"rendered":"<div class=\"entry-content alignfull wp-block-post-content has-global-padding is-layout-constrained wp-block-post-content-is-layout-constrained\">\n<figure class=\"wp-block-image aligncenter size-full is-resized\"><img loading=\"lazy\" decoding=\"async\" width=\"275\" height=\"606\" src=\"https:\/\/www.normisjon.no\/content\/uploads\/sites\/46\/2026\/02\/Oransje-dame2-2.jpg\" alt=\"\" class=\"wp-image-1058\" style=\"width:60px\" srcset=\"https:\/\/www.normisjon.no\/content\/uploads\/sites\/46\/2026\/02\/Oransje-dame2-2.jpg 275w, https:\/\/www.normisjon.no\/content\/uploads\/sites\/46\/2026\/02\/Oransje-dame2-2-136x300.jpg 136w\" sizes=\"auto, (max-width: 275px) 100vw, 275px\" \/><\/figure>\n\n\n\n<p><strong>Hvordan s\u00f8ke frem en person\/medlem i MinSide.<\/strong><\/p>\n\n\n\n<p><em>Skal du sende sms? <a href=\"https:\/\/www.normisjon.no\/crm-manual\/sende-sms-i-minside\/\">Les hvordan her.<\/a><\/em><\/p>\n\n\n\n<p><strong>1)<\/strong>&nbsp;Inne p\u00e5 lokallagets\/menighetens side trykker vi p\u00e5 fanen&nbsp;<strong>Medlemmer<\/strong>, og f\u00e5r dermed opp listen over alle medlemmer.<\/p>\n\n\n\n<figure class=\"wp-block-image size-large\"><img loading=\"lazy\" decoding=\"async\" width=\"1024\" height=\"475\" src=\"https:\/\/www.normisjon.no\/content\/uploads\/sites\/46\/2025\/04\/Unknown-2-11-1024x475.jpeg\" alt=\"\" class=\"wp-image-194\" srcset=\"https:\/\/www.normisjon.no\/content\/uploads\/sites\/46\/2025\/04\/Unknown-2-11-1024x475.jpeg 1024w, https:\/\/www.normisjon.no\/content\/uploads\/sites\/46\/2025\/04\/Unknown-2-11-300x139.jpeg 300w, https:\/\/www.normisjon.no\/content\/uploads\/sites\/46\/2025\/04\/Unknown-2-11-768x356.jpeg 768w, https:\/\/www.normisjon.no\/content\/uploads\/sites\/46\/2025\/04\/Unknown-2-11-1536x712.jpeg 1536w, https:\/\/www.normisjon.no\/content\/uploads\/sites\/46\/2025\/04\/Unknown-2-11-1360x631.jpeg 1360w, https:\/\/www.normisjon.no\/content\/uploads\/sites\/46\/2025\/04\/Unknown-2-11-960x445.jpeg 960w, https:\/\/www.normisjon.no\/content\/uploads\/sites\/46\/2025\/04\/Unknown-2-11.jpeg 1600w\" sizes=\"auto, (max-width: 1024px) 100vw, 1024px\" \/><\/figure>\n\n\n\n<p><strong>2)&nbsp;<\/strong>I den \u00f8verste linjen kan man velge hvilket kriteria man \u00f8nsker \u00e5 s\u00f8ke etter, og man kan bruke flere i samme s\u00f8ket. Om man kun vet etternavn, skriver man inne dette i den hvite boksen under \u00abEtternavn\u00bb og trykker&nbsp;<strong>Enter<\/strong>&nbsp;(p\u00e5 tastaturet). Man vil da f\u00e5 opp alle i listen med dette etternavnet. Om man i tillegg legger inn fornavnet i den hvite boksen under \u00abFornavn\u00bb, vil kun de med valgt fornavn og etternavn vises i listen.<\/p>\n\n\n\n<p><strong>3)<\/strong>&nbsp;N\u00e5r man har funnet riktig person kan man for eksempel trykke inn p\u00e5 personens profil om man skal gj\u00f8re endringer.<\/p>\n\n\n\n<p><strong>4)&nbsp;<\/strong>Om man skal sende personen en melding, kan man gj\u00f8re det ved \u00e5 krysse av i boksen i venstre kolonne, og velge&nbsp;<strong>Send epost<\/strong>&nbsp;eller&nbsp;<strong>Send sms&nbsp;<\/strong>fra<strong>&nbsp;<\/strong>menyen \u00f8verst i listen. Les mer om&nbsp;<a href=\"https:\/\/www.normisjon.no\/crm-manual\/sende-sms-i-minside\/\">hvordan sende sms<\/a>&nbsp;eller&nbsp;<a href=\"https:\/\/www.normisjon.no\/crm-manual\/sende-e-post-i-minside\/\">hvordan sende e-post<\/a>.<\/p>\n\n\n\n<div class=\"wp-block-buttons is-content-justification-center is-layout-flex wp-container-core-buttons-is-layout-a89b3969 wp-block-buttons-is-layout-flex\">\n<div class=\"wp-block-button is-style-fill\"><a class=\"wp-block-button__link has-small-font-size has-custom-font-size wp-element-button\" href=\"https:\/\/www.normisjon.no\/crm-manual\/alle-manualer-for-minside\/\">Tilbake til oversikt<\/a><\/div>\n<\/div>\n<\/div>","protected":false},"excerpt":{"rendered":"<p>Hvordan s\u00f8ke frem en person\/medlem i MinSide. Skal du sende sms? Les hvordan her. 1)&nbsp;Inne p\u00e5 lokallagets\/menighetens side trykker vi p\u00e5 fanen&nbsp;Medlemmer, og f\u00e5r dermed [&hellip;]<\/p>\n","protected":false},"author":143,"featured_media":0,"parent":0,"menu_order":0,"comment_status":"closed","ping_status":"closed","template":"","meta":{"_acf_changed":false,"footnotes":""},"class_list":["post-193","page","type-page","status-publish","hentry"],"acf":[],"yoast_head":"<!-- This site is optimized with the Yoast SEO plugin v25.9 - https:\/\/yoast.com\/wordpress\/plugins\/seo\/ -->\n<title>S\u00f8ke etter person i MinSide - CRM manual<\/title>\n<meta name=\"robots\" content=\"index, follow, max-snippet:-1, max-image-preview:large, max-video-preview:-1\" \/>\n<link rel=\"canonical\" href=\"https:\/\/www.normisjon.no\/crm-manual\/soke-etter-person-i-minside\/\" \/>\n<meta property=\"og:locale\" content=\"nb_NO\" \/>\n<meta property=\"og:type\" content=\"article\" \/>\n<meta property=\"og:title\" content=\"S\u00f8ke etter person i MinSide - CRM manual\" \/>\n<meta property=\"og:description\" content=\"Hvordan s\u00f8ke frem en person\/medlem i MinSide. Skal du sende sms? Les hvordan her. 1)&nbsp;Inne p\u00e5 lokallagets\/menighetens side trykker vi p\u00e5 fanen&nbsp;Medlemmer, og f\u00e5r dermed [&hellip;]\" \/>\n<meta property=\"og:url\" content=\"https:\/\/www.normisjon.no\/crm-manual\/soke-etter-person-i-minside\/\" \/>\n<meta property=\"og:site_name\" content=\"CRM manual\" \/>\n<meta property=\"article:modified_time\" content=\"2026-02-09T09:12:00+00:00\" \/>\n<meta property=\"og:image\" content=\"https:\/\/www.normisjon.no\/content\/uploads\/sites\/46\/2026\/02\/Oransje-dame2-2.jpg\" \/>\n\t<meta property=\"og:image:width\" content=\"275\" \/>\n\t<meta property=\"og:image:height\" content=\"606\" \/>\n\t<meta property=\"og:image:type\" content=\"image\/jpeg\" \/>\n<meta name=\"twitter:card\" content=\"summary_large_image\" \/>\n<meta name=\"twitter:label1\" content=\"Ansl. lesetid\" \/>\n\t<meta name=\"twitter:data1\" content=\"2 minutter\" \/>\n<script type=\"application\/ld+json\" class=\"yoast-schema-graph\">{\"@context\":\"https:\/\/schema.org\",\"@graph\":[{\"@type\":\"WebPage\",\"@id\":\"https:\/\/www.normisjon.no\/crm-manual\/soke-etter-person-i-minside\/\",\"url\":\"https:\/\/www.normisjon.no\/crm-manual\/soke-etter-person-i-minside\/\",\"name\":\"S\u00f8ke etter person i MinSide - CRM manual\",\"isPartOf\":{\"@id\":\"https:\/\/www.normisjon.no\/crm-manual\/#website\"},\"primaryImageOfPage\":{\"@id\":\"https:\/\/www.normisjon.no\/crm-manual\/soke-etter-person-i-minside\/#primaryimage\"},\"image\":{\"@id\":\"https:\/\/www.normisjon.no\/crm-manual\/soke-etter-person-i-minside\/#primaryimage\"},\"thumbnailUrl\":\"https:\/\/www.normisjon.no\/content\/uploads\/sites\/46\/2026\/02\/Oransje-dame2-2.jpg\",\"datePublished\":\"2025-04-14T13:40:43+00:00\",\"dateModified\":\"2026-02-09T09:12:00+00:00\",\"breadcrumb\":{\"@id\":\"https:\/\/www.normisjon.no\/crm-manual\/soke-etter-person-i-minside\/#breadcrumb\"},\"inLanguage\":\"nb-NO\",\"potentialAction\":[{\"@type\":\"ReadAction\",\"target\":[\"https:\/\/www.normisjon.no\/crm-manual\/soke-etter-person-i-minside\/\"]}]},{\"@type\":\"ImageObject\",\"inLanguage\":\"nb-NO\",\"@id\":\"https:\/\/www.normisjon.no\/crm-manual\/soke-etter-person-i-minside\/#primaryimage\",\"url\":\"https:\/\/www.normisjon.no\/content\/uploads\/sites\/46\/2026\/02\/Oransje-dame2-2.jpg\",\"contentUrl\":\"https:\/\/www.normisjon.no\/content\/uploads\/sites\/46\/2026\/02\/Oransje-dame2-2.jpg\"},{\"@type\":\"BreadcrumbList\",\"@id\":\"https:\/\/www.normisjon.no\/crm-manual\/soke-etter-person-i-minside\/#breadcrumb\",\"itemListElement\":[{\"@type\":\"ListItem\",\"position\":1,\"name\":\"Hjem\",\"item\":\"https:\/\/www.normisjon.no\/crm-manual\/\"},{\"@type\":\"ListItem\",\"position\":2,\"name\":\"S\u00f8ke etter person i MinSide\"}]},{\"@type\":\"WebSite\",\"@id\":\"https:\/\/www.normisjon.no\/crm-manual\/#website\",\"url\":\"https:\/\/www.normisjon.no\/crm-manual\/\",\"name\":\"CRM manual\",\"description\":\"\",\"potentialAction\":[{\"@type\":\"SearchAction\",\"target\":{\"@type\":\"EntryPoint\",\"urlTemplate\":\"https:\/\/www.normisjon.no\/crm-manual\/?s={search_term_string}\"},\"query-input\":{\"@type\":\"PropertyValueSpecification\",\"valueRequired\":true,\"valueName\":\"search_term_string\"}}],\"inLanguage\":\"nb-NO\"}]}<\/script>\n<!-- \/ Yoast SEO plugin. -->","yoast_head_json":{"title":"S\u00f8ke etter person i MinSide - CRM manual","robots":{"index":"index","follow":"follow","max-snippet":"max-snippet:-1","max-image-preview":"max-image-preview:large","max-video-preview":"max-video-preview:-1"},"canonical":"https:\/\/www.normisjon.no\/crm-manual\/soke-etter-person-i-minside\/","og_locale":"nb_NO","og_type":"article","og_title":"S\u00f8ke etter person i MinSide - CRM manual","og_description":"Hvordan s\u00f8ke frem en person\/medlem i MinSide. Skal du sende sms? Les hvordan her. 1)&nbsp;Inne p\u00e5 lokallagets\/menighetens side trykker vi p\u00e5 fanen&nbsp;Medlemmer, og f\u00e5r dermed [&hellip;]","og_url":"https:\/\/www.normisjon.no\/crm-manual\/soke-etter-person-i-minside\/","og_site_name":"CRM manual","article_modified_time":"2026-02-09T09:12:00+00:00","og_image":[{"width":275,"height":606,"url":"https:\/\/www.normisjon.no\/content\/uploads\/sites\/46\/2026\/02\/Oransje-dame2-2.jpg","type":"image\/jpeg"}],"twitter_card":"summary_large_image","twitter_misc":{"Ansl. lesetid":"2 minutter"},"schema":{"@context":"https:\/\/schema.org","@graph":[{"@type":"WebPage","@id":"https:\/\/www.normisjon.no\/crm-manual\/soke-etter-person-i-minside\/","url":"https:\/\/www.normisjon.no\/crm-manual\/soke-etter-person-i-minside\/","name":"S\u00f8ke etter person i MinSide - CRM manual","isPartOf":{"@id":"https:\/\/www.normisjon.no\/crm-manual\/#website"},"primaryImageOfPage":{"@id":"https:\/\/www.normisjon.no\/crm-manual\/soke-etter-person-i-minside\/#primaryimage"},"image":{"@id":"https:\/\/www.normisjon.no\/crm-manual\/soke-etter-person-i-minside\/#primaryimage"},"thumbnailUrl":"https:\/\/www.normisjon.no\/content\/uploads\/sites\/46\/2026\/02\/Oransje-dame2-2.jpg","datePublished":"2025-04-14T13:40:43+00:00","dateModified":"2026-02-09T09:12:00+00:00","breadcrumb":{"@id":"https:\/\/www.normisjon.no\/crm-manual\/soke-etter-person-i-minside\/#breadcrumb"},"inLanguage":"nb-NO","potentialAction":[{"@type":"ReadAction","target":["https:\/\/www.normisjon.no\/crm-manual\/soke-etter-person-i-minside\/"]}]},{"@type":"ImageObject","inLanguage":"nb-NO","@id":"https:\/\/www.normisjon.no\/crm-manual\/soke-etter-person-i-minside\/#primaryimage","url":"https:\/\/www.normisjon.no\/content\/uploads\/sites\/46\/2026\/02\/Oransje-dame2-2.jpg","contentUrl":"https:\/\/www.normisjon.no\/content\/uploads\/sites\/46\/2026\/02\/Oransje-dame2-2.jpg"},{"@type":"BreadcrumbList","@id":"https:\/\/www.normisjon.no\/crm-manual\/soke-etter-person-i-minside\/#breadcrumb","itemListElement":[{"@type":"ListItem","position":1,"name":"Hjem","item":"https:\/\/www.normisjon.no\/crm-manual\/"},{"@type":"ListItem","position":2,"name":"S\u00f8ke etter person i MinSide"}]},{"@type":"WebSite","@id":"https:\/\/www.normisjon.no\/crm-manual\/#website","url":"https:\/\/www.normisjon.no\/crm-manual\/","name":"CRM manual","description":"","potentialAction":[{"@type":"SearchAction","target":{"@type":"EntryPoint","urlTemplate":"https:\/\/www.normisjon.no\/crm-manual\/?s={search_term_string}"},"query-input":{"@type":"PropertyValueSpecification","valueRequired":true,"valueName":"search_term_string"}}],"inLanguage":"nb-NO"}]}},"_links":{"self":[{"href":"https:\/\/www.normisjon.no\/crm-manual\/wp-json\/wp\/v2\/pages\/193","targetHints":{"allow":["GET"]}}],"collection":[{"href":"https:\/\/www.normisjon.no\/crm-manual\/wp-json\/wp\/v2\/pages"}],"about":[{"href":"https:\/\/www.normisjon.no\/crm-manual\/wp-json\/wp\/v2\/types\/page"}],"author":[{"embeddable":true,"href":"https:\/\/www.normisjon.no\/crm-manual\/wp-json\/wp\/v2\/users\/143"}],"replies":[{"embeddable":true,"href":"https:\/\/www.normisjon.no\/crm-manual\/wp-json\/wp\/v2\/comments?post=193"}],"version-history":[{"count":6,"href":"https:\/\/www.normisjon.no\/crm-manual\/wp-json\/wp\/v2\/pages\/193\/revisions"}],"predecessor-version":[{"id":1079,"href":"https:\/\/www.normisjon.no\/crm-manual\/wp-json\/wp\/v2\/pages\/193\/revisions\/1079"}],"wp:attachment":[{"href":"https:\/\/www.normisjon.no\/crm-manual\/wp-json\/wp\/v2\/media?parent=193"}],"curies":[{"name":"wp","href":"https:\/\/api.w.org\/{rel}","templated":true}]}}