{"id":198,"date":"2025-04-14T15:43:46","date_gmt":"2025-04-14T13:43:46","guid":{"rendered":"https:\/\/www.normisjon.no\/crm-manual\/?page_id=198"},"modified":"2026-02-09T10:12:29","modified_gmt":"2026-02-09T09:12:29","slug":"eksportere-liste-til-excel","status":"publish","type":"page","link":"https:\/\/www.normisjon.no\/crm-manual\/eksportere-liste-til-excel\/","title":{"rendered":"Eksportere liste til Excel i MinSide"},"content":{"rendered":"<div class=\"entry-content alignfull wp-block-post-content has-global-padding is-layout-constrained wp-block-post-content-is-layout-constrained\">\n<figure class=\"wp-block-image aligncenter size-full is-resized\"><img loading=\"lazy\" decoding=\"async\" width=\"271\" height=\"562\" src=\"https:\/\/www.normisjon.no\/content\/uploads\/sites\/46\/2026\/02\/Oransje-fyr2.jpg\" alt=\"\" class=\"wp-image-1060\" style=\"width:64px\" srcset=\"https:\/\/www.normisjon.no\/content\/uploads\/sites\/46\/2026\/02\/Oransje-fyr2.jpg 271w, https:\/\/www.normisjon.no\/content\/uploads\/sites\/46\/2026\/02\/Oransje-fyr2-145x300.jpg 145w\" sizes=\"auto, (max-width: 271px) 100vw, 271px\" \/><\/figure>\n\n\n\n<p><strong>Hvordan eksportere en liste til Excel i MinSide.<\/strong><\/p>\n\n\n\n<p><em>Eksempel: Eksportere liste over alle medlemmer i regionen\/lokallaget\/menigheten til et Excel-dokument.<\/em><\/p>\n\n\n\n<p><em><a href=\"https:\/\/www.normisjon.no\/crm-manual\/sok-i-minside\/\">Les hvordan du gj\u00f8r et s\u00f8k i MinSide her.<\/a><\/em><\/p>\n\n\n\n<p><strong>1)<\/strong>&nbsp;Inne p\u00e5 regionens\/lokallagets\/menighetens side trykker vi p\u00e5 fanen&nbsp;<strong>Medlemmer<\/strong>, og f\u00e5r dermed opp listen over alle medlemmer i regionen\/lokallaget\/menigheten.<\/p>\n\n\n\n<figure class=\"wp-block-image size-large\"><img loading=\"lazy\" decoding=\"async\" width=\"1024\" height=\"508\" src=\"https:\/\/www.normisjon.no\/content\/uploads\/sites\/46\/2025\/04\/Unknown-2-12-1024x508.jpeg\" alt=\"\" class=\"wp-image-199\" srcset=\"https:\/\/www.normisjon.no\/content\/uploads\/sites\/46\/2025\/04\/Unknown-2-12-1024x508.jpeg 1024w, https:\/\/www.normisjon.no\/content\/uploads\/sites\/46\/2025\/04\/Unknown-2-12-300x149.jpeg 300w, https:\/\/www.normisjon.no\/content\/uploads\/sites\/46\/2025\/04\/Unknown-2-12-768x381.jpeg 768w, https:\/\/www.normisjon.no\/content\/uploads\/sites\/46\/2025\/04\/Unknown-2-12-1536x762.jpeg 1536w, https:\/\/www.normisjon.no\/content\/uploads\/sites\/46\/2025\/04\/Unknown-2-12-1360x675.jpeg 1360w, https:\/\/www.normisjon.no\/content\/uploads\/sites\/46\/2025\/04\/Unknown-2-12-960x476.jpeg 960w, https:\/\/www.normisjon.no\/content\/uploads\/sites\/46\/2025\/04\/Unknown-2-12.jpeg 1600w\" sizes=\"auto, (max-width: 1024px) 100vw, 1024px\" \/><\/figure>\n\n\n\n<p><strong>2)&nbsp;<\/strong>Om man vil eksportere listen i sin helhet trykker man p\u00e5 Eksporter til Excel i menyen \u00f8verst i listen. Et Excel-dokument vil da lagre seg lokalt p\u00e5 datamaskinen.<\/p>\n\n\n\n<p><strong>3)<\/strong>&nbsp;Man kan ogs\u00e5 velge kriterier for listen f\u00f8rst. Hvis man for eksempel kun \u00f8nsker en oversikt over alle medlemmer som ikke har betalt medlemskap i \u00e5r, kan man skrive&nbsp;<strong>Nei<\/strong>&nbsp;i s\u00f8kefeltet under&nbsp;<strong>Betalt i \u00e5r&nbsp;<\/strong>og trykke&nbsp;<strong>Enter&nbsp;<\/strong>(p\u00e5 tastaturet), og man vil f\u00e5 opp kun de medlemmene som ikke har betalt.<\/p>\n\n\n\n<div class=\"wp-block-buttons is-content-justification-center is-layout-flex wp-container-core-buttons-is-layout-a89b3969 wp-block-buttons-is-layout-flex\">\n<div class=\"wp-block-button is-style-fill\"><a class=\"wp-block-button__link has-custom-font-size wp-element-button\" href=\"https:\/\/www.normisjon.no\/crm-manual\/alle-manualer-for-minside\/\" style=\"font-size:15px\">Tilbake til oversikt<\/a><\/div>\n<\/div>\n<\/div>","protected":false},"excerpt":{"rendered":"<p>Hvordan eksportere en liste til Excel i MinSide. Eksempel: Eksportere liste over alle medlemmer i regionen\/lokallaget\/menigheten til et Excel-dokument. Les hvordan du gj\u00f8r et s\u00f8k [&hellip;]<\/p>\n","protected":false},"author":143,"featured_media":0,"parent":0,"menu_order":0,"comment_status":"closed","ping_status":"closed","template":"","meta":{"_acf_changed":false,"footnotes":""},"class_list":["post-198","page","type-page","status-publish","hentry"],"acf":[],"yoast_head":"<!-- This site is optimized with the Yoast SEO plugin v25.9 - https:\/\/yoast.com\/wordpress\/plugins\/seo\/ -->\n<title>Eksportere liste til Excel i MinSide - CRM manual<\/title>\n<meta name=\"robots\" content=\"index, follow, max-snippet:-1, max-image-preview:large, max-video-preview:-1\" \/>\n<link rel=\"canonical\" href=\"https:\/\/www.normisjon.no\/crm-manual\/eksportere-liste-til-excel\/\" \/>\n<meta property=\"og:locale\" content=\"nb_NO\" \/>\n<meta property=\"og:type\" content=\"article\" \/>\n<meta property=\"og:title\" content=\"Eksportere liste til Excel i MinSide - CRM manual\" \/>\n<meta property=\"og:description\" content=\"Hvordan eksportere en liste til Excel i MinSide. Eksempel: Eksportere liste over alle medlemmer i regionen\/lokallaget\/menigheten til et Excel-dokument. Les hvordan du gj\u00f8r et s\u00f8k [&hellip;]\" \/>\n<meta property=\"og:url\" content=\"https:\/\/www.normisjon.no\/crm-manual\/eksportere-liste-til-excel\/\" \/>\n<meta property=\"og:site_name\" content=\"CRM manual\" \/>\n<meta property=\"article:modified_time\" content=\"2026-02-09T09:12:29+00:00\" \/>\n<meta property=\"og:image\" content=\"https:\/\/www.normisjon.no\/content\/uploads\/sites\/46\/2026\/02\/Oransje-fyr2.jpg\" \/>\n\t<meta property=\"og:image:width\" content=\"271\" \/>\n\t<meta property=\"og:image:height\" content=\"562\" \/>\n\t<meta property=\"og:image:type\" content=\"image\/jpeg\" \/>\n<meta name=\"twitter:card\" content=\"summary_large_image\" \/>\n<meta name=\"twitter:label1\" content=\"Ansl. lesetid\" \/>\n\t<meta name=\"twitter:data1\" content=\"2 minutter\" \/>\n<script type=\"application\/ld+json\" class=\"yoast-schema-graph\">{\"@context\":\"https:\/\/schema.org\",\"@graph\":[{\"@type\":\"WebPage\",\"@id\":\"https:\/\/www.normisjon.no\/crm-manual\/eksportere-liste-til-excel\/\",\"url\":\"https:\/\/www.normisjon.no\/crm-manual\/eksportere-liste-til-excel\/\",\"name\":\"Eksportere liste til Excel i MinSide - CRM manual\",\"isPartOf\":{\"@id\":\"https:\/\/www.normisjon.no\/crm-manual\/#website\"},\"primaryImageOfPage\":{\"@id\":\"https:\/\/www.normisjon.no\/crm-manual\/eksportere-liste-til-excel\/#primaryimage\"},\"image\":{\"@id\":\"https:\/\/www.normisjon.no\/crm-manual\/eksportere-liste-til-excel\/#primaryimage\"},\"thumbnailUrl\":\"https:\/\/www.normisjon.no\/content\/uploads\/sites\/46\/2026\/02\/Oransje-fyr2.jpg\",\"datePublished\":\"2025-04-14T13:43:46+00:00\",\"dateModified\":\"2026-02-09T09:12:29+00:00\",\"breadcrumb\":{\"@id\":\"https:\/\/www.normisjon.no\/crm-manual\/eksportere-liste-til-excel\/#breadcrumb\"},\"inLanguage\":\"nb-NO\",\"potentialAction\":[{\"@type\":\"ReadAction\",\"target\":[\"https:\/\/www.normisjon.no\/crm-manual\/eksportere-liste-til-excel\/\"]}]},{\"@type\":\"ImageObject\",\"inLanguage\":\"nb-NO\",\"@id\":\"https:\/\/www.normisjon.no\/crm-manual\/eksportere-liste-til-excel\/#primaryimage\",\"url\":\"https:\/\/www.normisjon.no\/content\/uploads\/sites\/46\/2026\/02\/Oransje-fyr2.jpg\",\"contentUrl\":\"https:\/\/www.normisjon.no\/content\/uploads\/sites\/46\/2026\/02\/Oransje-fyr2.jpg\"},{\"@type\":\"BreadcrumbList\",\"@id\":\"https:\/\/www.normisjon.no\/crm-manual\/eksportere-liste-til-excel\/#breadcrumb\",\"itemListElement\":[{\"@type\":\"ListItem\",\"position\":1,\"name\":\"Hjem\",\"item\":\"https:\/\/www.normisjon.no\/crm-manual\/\"},{\"@type\":\"ListItem\",\"position\":2,\"name\":\"Eksportere liste til Excel i MinSide\"}]},{\"@type\":\"WebSite\",\"@id\":\"https:\/\/www.normisjon.no\/crm-manual\/#website\",\"url\":\"https:\/\/www.normisjon.no\/crm-manual\/\",\"name\":\"CRM manual\",\"description\":\"\",\"potentialAction\":[{\"@type\":\"SearchAction\",\"target\":{\"@type\":\"EntryPoint\",\"urlTemplate\":\"https:\/\/www.normisjon.no\/crm-manual\/?s={search_term_string}\"},\"query-input\":{\"@type\":\"PropertyValueSpecification\",\"valueRequired\":true,\"valueName\":\"search_term_string\"}}],\"inLanguage\":\"nb-NO\"}]}<\/script>\n<!-- \/ Yoast SEO plugin. -->","yoast_head_json":{"title":"Eksportere liste til Excel i MinSide - CRM manual","robots":{"index":"index","follow":"follow","max-snippet":"max-snippet:-1","max-image-preview":"max-image-preview:large","max-video-preview":"max-video-preview:-1"},"canonical":"https:\/\/www.normisjon.no\/crm-manual\/eksportere-liste-til-excel\/","og_locale":"nb_NO","og_type":"article","og_title":"Eksportere liste til Excel i MinSide - CRM manual","og_description":"Hvordan eksportere en liste til Excel i MinSide. Eksempel: Eksportere liste over alle medlemmer i regionen\/lokallaget\/menigheten til et Excel-dokument. Les hvordan du gj\u00f8r et s\u00f8k [&hellip;]","og_url":"https:\/\/www.normisjon.no\/crm-manual\/eksportere-liste-til-excel\/","og_site_name":"CRM manual","article_modified_time":"2026-02-09T09:12:29+00:00","og_image":[{"width":271,"height":562,"url":"https:\/\/www.normisjon.no\/content\/uploads\/sites\/46\/2026\/02\/Oransje-fyr2.jpg","type":"image\/jpeg"}],"twitter_card":"summary_large_image","twitter_misc":{"Ansl. lesetid":"2 minutter"},"schema":{"@context":"https:\/\/schema.org","@graph":[{"@type":"WebPage","@id":"https:\/\/www.normisjon.no\/crm-manual\/eksportere-liste-til-excel\/","url":"https:\/\/www.normisjon.no\/crm-manual\/eksportere-liste-til-excel\/","name":"Eksportere liste til Excel i MinSide - CRM manual","isPartOf":{"@id":"https:\/\/www.normisjon.no\/crm-manual\/#website"},"primaryImageOfPage":{"@id":"https:\/\/www.normisjon.no\/crm-manual\/eksportere-liste-til-excel\/#primaryimage"},"image":{"@id":"https:\/\/www.normisjon.no\/crm-manual\/eksportere-liste-til-excel\/#primaryimage"},"thumbnailUrl":"https:\/\/www.normisjon.no\/content\/uploads\/sites\/46\/2026\/02\/Oransje-fyr2.jpg","datePublished":"2025-04-14T13:43:46+00:00","dateModified":"2026-02-09T09:12:29+00:00","breadcrumb":{"@id":"https:\/\/www.normisjon.no\/crm-manual\/eksportere-liste-til-excel\/#breadcrumb"},"inLanguage":"nb-NO","potentialAction":[{"@type":"ReadAction","target":["https:\/\/www.normisjon.no\/crm-manual\/eksportere-liste-til-excel\/"]}]},{"@type":"ImageObject","inLanguage":"nb-NO","@id":"https:\/\/www.normisjon.no\/crm-manual\/eksportere-liste-til-excel\/#primaryimage","url":"https:\/\/www.normisjon.no\/content\/uploads\/sites\/46\/2026\/02\/Oransje-fyr2.jpg","contentUrl":"https:\/\/www.normisjon.no\/content\/uploads\/sites\/46\/2026\/02\/Oransje-fyr2.jpg"},{"@type":"BreadcrumbList","@id":"https:\/\/www.normisjon.no\/crm-manual\/eksportere-liste-til-excel\/#breadcrumb","itemListElement":[{"@type":"ListItem","position":1,"name":"Hjem","item":"https:\/\/www.normisjon.no\/crm-manual\/"},{"@type":"ListItem","position":2,"name":"Eksportere liste til Excel i MinSide"}]},{"@type":"WebSite","@id":"https:\/\/www.normisjon.no\/crm-manual\/#website","url":"https:\/\/www.normisjon.no\/crm-manual\/","name":"CRM manual","description":"","potentialAction":[{"@type":"SearchAction","target":{"@type":"EntryPoint","urlTemplate":"https:\/\/www.normisjon.no\/crm-manual\/?s={search_term_string}"},"query-input":{"@type":"PropertyValueSpecification","valueRequired":true,"valueName":"search_term_string"}}],"inLanguage":"nb-NO"}]}},"_links":{"self":[{"href":"https:\/\/www.normisjon.no\/crm-manual\/wp-json\/wp\/v2\/pages\/198","targetHints":{"allow":["GET"]}}],"collection":[{"href":"https:\/\/www.normisjon.no\/crm-manual\/wp-json\/wp\/v2\/pages"}],"about":[{"href":"https:\/\/www.normisjon.no\/crm-manual\/wp-json\/wp\/v2\/types\/page"}],"author":[{"embeddable":true,"href":"https:\/\/www.normisjon.no\/crm-manual\/wp-json\/wp\/v2\/users\/143"}],"replies":[{"embeddable":true,"href":"https:\/\/www.normisjon.no\/crm-manual\/wp-json\/wp\/v2\/comments?post=198"}],"version-history":[{"count":8,"href":"https:\/\/www.normisjon.no\/crm-manual\/wp-json\/wp\/v2\/pages\/198\/revisions"}],"predecessor-version":[{"id":1080,"href":"https:\/\/www.normisjon.no\/crm-manual\/wp-json\/wp\/v2\/pages\/198\/revisions\/1080"}],"wp:attachment":[{"href":"https:\/\/www.normisjon.no\/crm-manual\/wp-json\/wp\/v2\/media?parent=198"}],"curies":[{"name":"wp","href":"https:\/\/api.w.org\/{rel}","templated":true}]}}