{"id":224,"date":"2025-04-28T12:41:06","date_gmt":"2025-04-28T10:41:06","guid":{"rendered":"https:\/\/www.normisjon.no\/crm-manual\/?page_id=224"},"modified":"2026-02-16T10:46:34","modified_gmt":"2026-02-16T09:46:34","slug":"registrere-ny-person","status":"publish","type":"page","link":"https:\/\/www.normisjon.no\/crm-manual\/registrere-ny-person\/","title":{"rendered":"Registrere ny person i CRM Light"},"content":{"rendered":"<div class=\"entry-content alignfull wp-block-post-content has-global-padding is-layout-constrained wp-block-post-content-is-layout-constrained\">\n<figure class=\"wp-block-image aligncenter size-full is-resized\"><img loading=\"lazy\" decoding=\"async\" width=\"275\" height=\"606\" src=\"https:\/\/www.normisjon.no\/content\/uploads\/sites\/46\/2026\/02\/Oransje-dame2-2.jpg\" alt=\"\" class=\"wp-image-1058\" style=\"width:60px\" srcset=\"https:\/\/www.normisjon.no\/content\/uploads\/sites\/46\/2026\/02\/Oransje-dame2-2.jpg 275w, https:\/\/www.normisjon.no\/content\/uploads\/sites\/46\/2026\/02\/Oransje-dame2-2-136x300.jpg 136w\" sizes=\"auto, (max-width: 275px) 100vw, 275px\" \/><\/figure>\n\n\n\n<p><strong>Hvordan registrere en ny person i CRM Light.<\/strong><\/p>\n\n\n\n<p>Se hvordan du&nbsp;<a href=\"https:\/\/www.normisjon.no\/crm-manual\/redigere-eller-avslutte-medlemsprofil\/\">redigerer en medlemsprofil<\/a>.<\/p>\n\n\n\n<p><strong>1)<\/strong>&nbsp;For \u00e5 opprette registrere en ny person i CRM Light starter vi med \u00e5 trykke p\u00e5&nbsp;<strong>pluss-tegnet<\/strong>&nbsp;i menyen oppe til h\u00f8yre, og deretter velge&nbsp;<strong>Registrer nytt navn<\/strong>&nbsp;i menyen som dukker opp.<\/p>\n\n\n\n<figure class=\"wp-block-image size-full\"><img loading=\"lazy\" decoding=\"async\" width=\"960\" height=\"524\" src=\"https:\/\/www.normisjon.no\/content\/uploads\/sites\/46\/2025\/04\/Unknown-2-15.jpeg\" alt=\"\" class=\"wp-image-225\" srcset=\"https:\/\/www.normisjon.no\/content\/uploads\/sites\/46\/2025\/04\/Unknown-2-15.jpeg 960w, https:\/\/www.normisjon.no\/content\/uploads\/sites\/46\/2025\/04\/Unknown-2-15-300x164.jpeg 300w, https:\/\/www.normisjon.no\/content\/uploads\/sites\/46\/2025\/04\/Unknown-2-15-768x419.jpeg 768w\" sizes=\"auto, (max-width: 960px) 100vw, 960px\" \/><\/figure>\n\n\n\n<p><strong>2)<\/strong>&nbsp;Vi f\u00e5r n\u00e5 opp et lite skjema hvor vi starter prosessen. Om vi vet personens telefonnummer, kan vi legge dette inn under&nbsp;<strong>Mobil<\/strong>, f\u00f8r vi velger Kvinne eller Mann fra nedtrekksmenyen under&nbsp;<strong>Navnetype<\/strong>. Vi vil da mest sannsynlig f\u00e5 opp et ferdig utfylt skjema. Om vi ikke vet. Mobilnummeret velger vi kun kj\u00f8nn fra nedtrekksmenyen under&nbsp;<strong>Navnetype<\/strong>.<\/p>\n\n\n\n<figure class=\"wp-block-image size-full\"><img loading=\"lazy\" decoding=\"async\" width=\"960\" height=\"288\" src=\"https:\/\/www.normisjon.no\/content\/uploads\/sites\/46\/2025\/04\/Unknown-1-2-9.jpeg\" alt=\"\" class=\"wp-image-226\" srcset=\"https:\/\/www.normisjon.no\/content\/uploads\/sites\/46\/2025\/04\/Unknown-1-2-9.jpeg 960w, https:\/\/www.normisjon.no\/content\/uploads\/sites\/46\/2025\/04\/Unknown-1-2-9-300x90.jpeg 300w, https:\/\/www.normisjon.no\/content\/uploads\/sites\/46\/2025\/04\/Unknown-1-2-9-768x230.jpeg 768w\" sizes=\"auto, (max-width: 960px) 100vw, 960px\" \/><\/figure>\n\n\n\n<p><\/p>\n\n\n\n<div class=\"wp-block-columns is-layout-flex wp-container-core-columns-is-layout-c5150b4a wp-block-columns-is-layout-flex\">\n<div class=\"wp-block-column is-layout-flow wp-block-column-is-layout-flow\">\n<p><strong>3)<\/strong>&nbsp;N\u00e5 kommer skjemaet for registrering av ny person opp. Her fyller vi inn den informasjonen vi har tilgjengelig, hvor minimum er&nbsp;<strong>Etternavn<\/strong>&nbsp;og&nbsp;<strong>Land<\/strong>. N\u00e5r dette er gjort, trykker vi&nbsp;<strong>Lagre og vis&nbsp;<\/strong>(vi kan trykke Lagre og lukk, men det er alltid greit \u00e5 ta en siste sjekk at alt er riktig utfylt).<\/p>\n<\/div>\n\n\n\n<div class=\"wp-block-column is-layout-flow wp-block-column-is-layout-flow\">\n<figure class=\"wp-block-image size-full\"><img loading=\"lazy\" decoding=\"async\" width=\"960\" height=\"699\" src=\"https:\/\/www.normisjon.no\/content\/uploads\/sites\/46\/2025\/04\/Unknown-2-16.jpeg\" alt=\"\" class=\"wp-image-227\" srcset=\"https:\/\/www.normisjon.no\/content\/uploads\/sites\/46\/2025\/04\/Unknown-2-16.jpeg 960w, https:\/\/www.normisjon.no\/content\/uploads\/sites\/46\/2025\/04\/Unknown-2-16-300x218.jpeg 300w, https:\/\/www.normisjon.no\/content\/uploads\/sites\/46\/2025\/04\/Unknown-2-16-768x559.jpeg 768w\" sizes=\"auto, (max-width: 960px) 100vw, 960px\" \/><\/figure>\n<\/div>\n<\/div>\n\n\n\n<div class=\"wp-block-buttons is-content-justification-center is-layout-flex wp-container-core-buttons-is-layout-a89b3969 wp-block-buttons-is-layout-flex\">\n<div class=\"wp-block-button is-style-fill\"><a class=\"wp-block-button__link has-custom-font-size wp-element-button\" href=\"https:\/\/www.normisjon.no\/crm-manual\/alle-manualer-for-crm-light\/\" style=\"font-size:15px\">Tilbake til oversikt<\/a><\/div>\n<\/div>\n<\/div>","protected":false},"excerpt":{"rendered":"<p>Hvordan registrere en ny person i CRM Light. Se hvordan du&nbsp;redigerer en medlemsprofil. 1)&nbsp;For \u00e5 opprette registrere en ny person i CRM Light starter vi [&hellip;]<\/p>\n","protected":false},"author":143,"featured_media":0,"parent":0,"menu_order":0,"comment_status":"closed","ping_status":"closed","template":"","meta":{"_acf_changed":false,"footnotes":""},"class_list":["post-224","page","type-page","status-publish","hentry"],"acf":[],"yoast_head":"<!-- This site is optimized with the Yoast SEO plugin v25.9 - https:\/\/yoast.com\/wordpress\/plugins\/seo\/ -->\n<title>Registrere ny person i CRM Light - CRM manual<\/title>\n<meta name=\"robots\" content=\"index, follow, max-snippet:-1, max-image-preview:large, max-video-preview:-1\" \/>\n<link rel=\"canonical\" href=\"https:\/\/www.normisjon.no\/crm-manual\/registrere-ny-person\/\" \/>\n<meta property=\"og:locale\" content=\"nb_NO\" \/>\n<meta property=\"og:type\" content=\"article\" \/>\n<meta property=\"og:title\" content=\"Registrere ny person i CRM Light - CRM manual\" \/>\n<meta property=\"og:description\" content=\"Hvordan registrere en ny person i CRM Light. Se hvordan du&nbsp;redigerer en medlemsprofil. 1)&nbsp;For \u00e5 opprette registrere en ny person i CRM Light starter vi [&hellip;]\" \/>\n<meta property=\"og:url\" content=\"https:\/\/www.normisjon.no\/crm-manual\/registrere-ny-person\/\" \/>\n<meta property=\"og:site_name\" content=\"CRM manual\" \/>\n<meta property=\"article:modified_time\" content=\"2026-02-16T09:46:34+00:00\" \/>\n<meta property=\"og:image\" content=\"https:\/\/www.normisjon.no\/content\/uploads\/sites\/46\/2026\/02\/Oransje-dame2-2.jpg\" \/>\n\t<meta property=\"og:image:width\" content=\"275\" \/>\n\t<meta property=\"og:image:height\" content=\"606\" \/>\n\t<meta property=\"og:image:type\" content=\"image\/jpeg\" \/>\n<meta name=\"twitter:card\" content=\"summary_large_image\" \/>\n<meta name=\"twitter:label1\" content=\"Ansl. lesetid\" \/>\n\t<meta name=\"twitter:data1\" content=\"2 minutter\" \/>\n<script type=\"application\/ld+json\" class=\"yoast-schema-graph\">{\"@context\":\"https:\/\/schema.org\",\"@graph\":[{\"@type\":\"WebPage\",\"@id\":\"https:\/\/www.normisjon.no\/crm-manual\/registrere-ny-person\/\",\"url\":\"https:\/\/www.normisjon.no\/crm-manual\/registrere-ny-person\/\",\"name\":\"Registrere ny person i CRM Light - CRM manual\",\"isPartOf\":{\"@id\":\"https:\/\/www.normisjon.no\/crm-manual\/#website\"},\"primaryImageOfPage\":{\"@id\":\"https:\/\/www.normisjon.no\/crm-manual\/registrere-ny-person\/#primaryimage\"},\"image\":{\"@id\":\"https:\/\/www.normisjon.no\/crm-manual\/registrere-ny-person\/#primaryimage\"},\"thumbnailUrl\":\"https:\/\/www.normisjon.no\/content\/uploads\/sites\/46\/2026\/02\/Oransje-dame2-2.jpg\",\"datePublished\":\"2025-04-28T10:41:06+00:00\",\"dateModified\":\"2026-02-16T09:46:34+00:00\",\"breadcrumb\":{\"@id\":\"https:\/\/www.normisjon.no\/crm-manual\/registrere-ny-person\/#breadcrumb\"},\"inLanguage\":\"nb-NO\",\"potentialAction\":[{\"@type\":\"ReadAction\",\"target\":[\"https:\/\/www.normisjon.no\/crm-manual\/registrere-ny-person\/\"]}]},{\"@type\":\"ImageObject\",\"inLanguage\":\"nb-NO\",\"@id\":\"https:\/\/www.normisjon.no\/crm-manual\/registrere-ny-person\/#primaryimage\",\"url\":\"https:\/\/www.normisjon.no\/content\/uploads\/sites\/46\/2026\/02\/Oransje-dame2-2.jpg\",\"contentUrl\":\"https:\/\/www.normisjon.no\/content\/uploads\/sites\/46\/2026\/02\/Oransje-dame2-2.jpg\"},{\"@type\":\"BreadcrumbList\",\"@id\":\"https:\/\/www.normisjon.no\/crm-manual\/registrere-ny-person\/#breadcrumb\",\"itemListElement\":[{\"@type\":\"ListItem\",\"position\":1,\"name\":\"Hjem\",\"item\":\"https:\/\/www.normisjon.no\/crm-manual\/\"},{\"@type\":\"ListItem\",\"position\":2,\"name\":\"Registrere ny person i CRM Light\"}]},{\"@type\":\"WebSite\",\"@id\":\"https:\/\/www.normisjon.no\/crm-manual\/#website\",\"url\":\"https:\/\/www.normisjon.no\/crm-manual\/\",\"name\":\"CRM manual\",\"description\":\"\",\"potentialAction\":[{\"@type\":\"SearchAction\",\"target\":{\"@type\":\"EntryPoint\",\"urlTemplate\":\"https:\/\/www.normisjon.no\/crm-manual\/?s={search_term_string}\"},\"query-input\":{\"@type\":\"PropertyValueSpecification\",\"valueRequired\":true,\"valueName\":\"search_term_string\"}}],\"inLanguage\":\"nb-NO\"}]}<\/script>\n<!-- \/ Yoast SEO plugin. -->","yoast_head_json":{"title":"Registrere ny person i CRM Light - CRM manual","robots":{"index":"index","follow":"follow","max-snippet":"max-snippet:-1","max-image-preview":"max-image-preview:large","max-video-preview":"max-video-preview:-1"},"canonical":"https:\/\/www.normisjon.no\/crm-manual\/registrere-ny-person\/","og_locale":"nb_NO","og_type":"article","og_title":"Registrere ny person i CRM Light - CRM manual","og_description":"Hvordan registrere en ny person i CRM Light. Se hvordan du&nbsp;redigerer en medlemsprofil. 1)&nbsp;For \u00e5 opprette registrere en ny person i CRM Light starter vi [&hellip;]","og_url":"https:\/\/www.normisjon.no\/crm-manual\/registrere-ny-person\/","og_site_name":"CRM manual","article_modified_time":"2026-02-16T09:46:34+00:00","og_image":[{"width":275,"height":606,"url":"https:\/\/www.normisjon.no\/content\/uploads\/sites\/46\/2026\/02\/Oransje-dame2-2.jpg","type":"image\/jpeg"}],"twitter_card":"summary_large_image","twitter_misc":{"Ansl. lesetid":"2 minutter"},"schema":{"@context":"https:\/\/schema.org","@graph":[{"@type":"WebPage","@id":"https:\/\/www.normisjon.no\/crm-manual\/registrere-ny-person\/","url":"https:\/\/www.normisjon.no\/crm-manual\/registrere-ny-person\/","name":"Registrere ny person i CRM Light - CRM manual","isPartOf":{"@id":"https:\/\/www.normisjon.no\/crm-manual\/#website"},"primaryImageOfPage":{"@id":"https:\/\/www.normisjon.no\/crm-manual\/registrere-ny-person\/#primaryimage"},"image":{"@id":"https:\/\/www.normisjon.no\/crm-manual\/registrere-ny-person\/#primaryimage"},"thumbnailUrl":"https:\/\/www.normisjon.no\/content\/uploads\/sites\/46\/2026\/02\/Oransje-dame2-2.jpg","datePublished":"2025-04-28T10:41:06+00:00","dateModified":"2026-02-16T09:46:34+00:00","breadcrumb":{"@id":"https:\/\/www.normisjon.no\/crm-manual\/registrere-ny-person\/#breadcrumb"},"inLanguage":"nb-NO","potentialAction":[{"@type":"ReadAction","target":["https:\/\/www.normisjon.no\/crm-manual\/registrere-ny-person\/"]}]},{"@type":"ImageObject","inLanguage":"nb-NO","@id":"https:\/\/www.normisjon.no\/crm-manual\/registrere-ny-person\/#primaryimage","url":"https:\/\/www.normisjon.no\/content\/uploads\/sites\/46\/2026\/02\/Oransje-dame2-2.jpg","contentUrl":"https:\/\/www.normisjon.no\/content\/uploads\/sites\/46\/2026\/02\/Oransje-dame2-2.jpg"},{"@type":"BreadcrumbList","@id":"https:\/\/www.normisjon.no\/crm-manual\/registrere-ny-person\/#breadcrumb","itemListElement":[{"@type":"ListItem","position":1,"name":"Hjem","item":"https:\/\/www.normisjon.no\/crm-manual\/"},{"@type":"ListItem","position":2,"name":"Registrere ny person i CRM Light"}]},{"@type":"WebSite","@id":"https:\/\/www.normisjon.no\/crm-manual\/#website","url":"https:\/\/www.normisjon.no\/crm-manual\/","name":"CRM manual","description":"","potentialAction":[{"@type":"SearchAction","target":{"@type":"EntryPoint","urlTemplate":"https:\/\/www.normisjon.no\/crm-manual\/?s={search_term_string}"},"query-input":{"@type":"PropertyValueSpecification","valueRequired":true,"valueName":"search_term_string"}}],"inLanguage":"nb-NO"}]}},"_links":{"self":[{"href":"https:\/\/www.normisjon.no\/crm-manual\/wp-json\/wp\/v2\/pages\/224","targetHints":{"allow":["GET"]}}],"collection":[{"href":"https:\/\/www.normisjon.no\/crm-manual\/wp-json\/wp\/v2\/pages"}],"about":[{"href":"https:\/\/www.normisjon.no\/crm-manual\/wp-json\/wp\/v2\/types\/page"}],"author":[{"embeddable":true,"href":"https:\/\/www.normisjon.no\/crm-manual\/wp-json\/wp\/v2\/users\/143"}],"replies":[{"embeddable":true,"href":"https:\/\/www.normisjon.no\/crm-manual\/wp-json\/wp\/v2\/comments?post=224"}],"version-history":[{"count":9,"href":"https:\/\/www.normisjon.no\/crm-manual\/wp-json\/wp\/v2\/pages\/224\/revisions"}],"predecessor-version":[{"id":1209,"href":"https:\/\/www.normisjon.no\/crm-manual\/wp-json\/wp\/v2\/pages\/224\/revisions\/1209"}],"wp:attachment":[{"href":"https:\/\/www.normisjon.no\/crm-manual\/wp-json\/wp\/v2\/media?parent=224"}],"curies":[{"name":"wp","href":"https:\/\/api.w.org\/{rel}","templated":true}]}}