{"id":232,"date":"2025-04-28T12:49:02","date_gmt":"2025-04-28T10:49:02","guid":{"rendered":"https:\/\/www.normisjon.no\/crm-manual\/?page_id=232"},"modified":"2026-02-16T10:47:28","modified_gmt":"2026-02-16T09:47:28","slug":"redigere-eller-avslutte-medlemsprofil","status":"publish","type":"page","link":"https:\/\/www.normisjon.no\/crm-manual\/redigere-eller-avslutte-medlemsprofil\/","title":{"rendered":"Redigere eller avslutte medlemsprofil i CRM Light"},"content":{"rendered":"<div class=\"entry-content alignfull wp-block-post-content has-global-padding is-layout-constrained wp-block-post-content-is-layout-constrained\">\n<figure class=\"wp-block-image aligncenter size-full is-resized\"><img loading=\"lazy\" decoding=\"async\" width=\"275\" height=\"606\" src=\"https:\/\/www.normisjon.no\/content\/uploads\/sites\/46\/2026\/02\/Oransje-dame2-2.jpg\" alt=\"\" class=\"wp-image-1058\" style=\"width:60px;height:131px\" srcset=\"https:\/\/www.normisjon.no\/content\/uploads\/sites\/46\/2026\/02\/Oransje-dame2-2.jpg 275w, https:\/\/www.normisjon.no\/content\/uploads\/sites\/46\/2026\/02\/Oransje-dame2-2-136x300.jpg 136w\" sizes=\"auto, (max-width: 275px) 100vw, 275px\" \/><\/figure>\n\n\n\n<p><strong>Hvordan redigere eller avslutte en medlemsprofil i CRM Light.<\/strong><\/p>\n\n\n\n<p>Se hvordan du&nbsp;<a href=\"https:\/\/www.normisjon.no\/crm-manual\/registrere-ny-person\/\">registrerer en ny person<\/a>.<\/p>\n\n\n\n<p><strong>1)<\/strong>&nbsp;For \u00e5 redigere en medlemsprofil starter vi med \u00e5 g\u00e5 til fanen&nbsp;<strong>Alle.<\/strong>&nbsp;Da kommer automatisk alle registrerte personer tilknyttet foreningen\/menigheten opp.&nbsp;<\/p>\n\n\n\n<p><strong>2)<\/strong>&nbsp;Vi s\u00f8ker s\u00e5 etter personen som det skal redigeres informasjon om eller slettes. Dette gj\u00f8r vi ved \u00e5 trykke p\u00e5 ikonet \u00f8verst i enten kolonnen&nbsp;<strong>Fornavn<\/strong>&nbsp;eller&nbsp;<strong>Etternavn<\/strong>, hvor vi s\u00e5 skriver inn navnet til personen i feltet under&nbsp;<strong>Inneholder&nbsp;<\/strong>og trykker&nbsp;<strong>Filtrere<\/strong>. Vi f\u00e5r da kun opp de medlemmene som samstemmer med navnet vi s\u00f8kte etter, finner det rette og trykker p\u00e5 dette.<\/p>\n\n\n\n<figure class=\"wp-block-image size-full\"><img loading=\"lazy\" decoding=\"async\" width=\"960\" height=\"589\" src=\"https:\/\/www.normisjon.no\/content\/uploads\/sites\/46\/2025\/04\/Unknown-2-17.jpeg\" alt=\"\" class=\"wp-image-233\" srcset=\"https:\/\/www.normisjon.no\/content\/uploads\/sites\/46\/2025\/04\/Unknown-2-17.jpeg 960w, https:\/\/www.normisjon.no\/content\/uploads\/sites\/46\/2025\/04\/Unknown-2-17-300x184.jpeg 300w, https:\/\/www.normisjon.no\/content\/uploads\/sites\/46\/2025\/04\/Unknown-2-17-768x471.jpeg 768w\" sizes=\"auto, (max-width: 960px) 100vw, 960px\" \/><\/figure>\n\n\n\n<p><strong>3)<\/strong>&nbsp;Vi f\u00e5r n\u00e5 opp profilen til personen vi har trykket p\u00e5. Her ser vi all den informasjonen som er tilgjengelig om personen. Vi trykker s\u00e5 p\u00e5 de tre prikkene \u00f8verst til h\u00f8yre i hovedelementet, og fra menyen som kommer frem velger vi om vi vil redigere eller avslutte medlemsprofilen.&nbsp;<\/p>\n\n\n\n<figure class=\"wp-block-image size-full\"><img loading=\"lazy\" decoding=\"async\" width=\"960\" height=\"528\" src=\"https:\/\/www.normisjon.no\/content\/uploads\/sites\/46\/2025\/04\/Unknown-1-2-10.jpeg\" alt=\"\" class=\"wp-image-234\" srcset=\"https:\/\/www.normisjon.no\/content\/uploads\/sites\/46\/2025\/04\/Unknown-1-2-10.jpeg 960w, https:\/\/www.normisjon.no\/content\/uploads\/sites\/46\/2025\/04\/Unknown-1-2-10-300x165.jpeg 300w, https:\/\/www.normisjon.no\/content\/uploads\/sites\/46\/2025\/04\/Unknown-1-2-10-768x422.jpeg 768w\" sizes=\"auto, (max-width: 960px) 100vw, 960px\" \/><\/figure>\n\n\n\n<p><\/p>\n\n\n\n<div class=\"wp-block-columns is-layout-flex wp-container-core-columns-is-layout-c5150b4a wp-block-columns-is-layout-flex\">\n<div class=\"wp-block-column is-layout-flow wp-block-column-is-layout-flow\" style=\"flex-basis:50%\">\n<p><strong>4)&nbsp;<\/strong>Om vi trykket p\u00e5&nbsp;<strong>Rediger<\/strong>&nbsp;i forrige punkt, f\u00e5r vi opp skjemaet hvor vi kan gj\u00f8re endringer i data registrert p\u00e5 personen. N\u00e5r vi er ferdig, m\u00e5 vi huske \u00e5 trykke&nbsp;<strong>Lagre<\/strong>.<\/p>\n<\/div>\n\n\n\n<div class=\"wp-block-column is-layout-flow wp-block-column-is-layout-flow\" style=\"flex-basis:50%\">\n<figure class=\"wp-block-image size-large\"><img loading=\"lazy\" decoding=\"async\" width=\"976\" height=\"1024\" src=\"https:\/\/www.normisjon.no\/content\/uploads\/sites\/46\/2025\/04\/Unknown-2-18-976x1024.jpeg\" alt=\"\" class=\"wp-image-235\" srcset=\"https:\/\/www.normisjon.no\/content\/uploads\/sites\/46\/2025\/04\/Unknown-2-18-976x1024.jpeg 976w, https:\/\/www.normisjon.no\/content\/uploads\/sites\/46\/2025\/04\/Unknown-2-18-286x300.jpeg 286w, https:\/\/www.normisjon.no\/content\/uploads\/sites\/46\/2025\/04\/Unknown-2-18-768x806.jpeg 768w, https:\/\/www.normisjon.no\/content\/uploads\/sites\/46\/2025\/04\/Unknown-2-18-915x960.jpeg 915w, https:\/\/www.normisjon.no\/content\/uploads\/sites\/46\/2025\/04\/Unknown-2-18.jpeg 1214w\" sizes=\"auto, (max-width: 976px) 100vw, 976px\" \/><\/figure>\n<\/div>\n<\/div>\n\n\n\n<div class=\"wp-block-buttons is-content-justification-center is-layout-flex wp-container-core-buttons-is-layout-a89b3969 wp-block-buttons-is-layout-flex\">\n<div class=\"wp-block-button is-style-fill\"><a class=\"wp-block-button__link has-custom-font-size wp-element-button\" href=\"https:\/\/www.normisjon.no\/crm-manual\/alle-manualer-for-crm-light\/\" style=\"font-size:15px\">Tilbake til oversikt<\/a><\/div>\n<\/div>\n<\/div>","protected":false},"excerpt":{"rendered":"<p>Hvordan redigere eller avslutte en medlemsprofil i CRM Light. Se hvordan du&nbsp;registrerer en ny person. 1)&nbsp;For \u00e5 redigere en medlemsprofil starter vi med \u00e5 g\u00e5 [&hellip;]<\/p>\n","protected":false},"author":143,"featured_media":0,"parent":0,"menu_order":0,"comment_status":"closed","ping_status":"closed","template":"","meta":{"_acf_changed":false,"footnotes":""},"class_list":["post-232","page","type-page","status-publish","hentry"],"acf":[],"yoast_head":"<!-- This site is optimized with the Yoast SEO plugin v25.9 - https:\/\/yoast.com\/wordpress\/plugins\/seo\/ -->\n<title>Redigere eller avslutte medlemsprofil i CRM Light - CRM manual<\/title>\n<meta name=\"robots\" content=\"index, follow, max-snippet:-1, max-image-preview:large, max-video-preview:-1\" \/>\n<link rel=\"canonical\" href=\"https:\/\/www.normisjon.no\/crm-manual\/redigere-eller-avslutte-medlemsprofil\/\" \/>\n<meta property=\"og:locale\" content=\"nb_NO\" \/>\n<meta property=\"og:type\" content=\"article\" \/>\n<meta property=\"og:title\" content=\"Redigere eller avslutte medlemsprofil i CRM Light - CRM manual\" \/>\n<meta property=\"og:description\" content=\"Hvordan redigere eller avslutte en medlemsprofil i CRM Light. Se hvordan du&nbsp;registrerer en ny person. 1)&nbsp;For \u00e5 redigere en medlemsprofil starter vi med \u00e5 g\u00e5 [&hellip;]\" \/>\n<meta property=\"og:url\" content=\"https:\/\/www.normisjon.no\/crm-manual\/redigere-eller-avslutte-medlemsprofil\/\" \/>\n<meta property=\"og:site_name\" content=\"CRM manual\" \/>\n<meta property=\"article:modified_time\" content=\"2026-02-16T09:47:28+00:00\" \/>\n<meta property=\"og:image\" content=\"https:\/\/www.normisjon.no\/content\/uploads\/sites\/46\/2026\/02\/Oransje-dame2-2.jpg\" \/>\n\t<meta property=\"og:image:width\" content=\"275\" \/>\n\t<meta property=\"og:image:height\" content=\"606\" \/>\n\t<meta property=\"og:image:type\" content=\"image\/jpeg\" \/>\n<meta name=\"twitter:card\" content=\"summary_large_image\" \/>\n<meta name=\"twitter:label1\" content=\"Ansl. lesetid\" \/>\n\t<meta name=\"twitter:data1\" content=\"2 minutter\" \/>\n<script type=\"application\/ld+json\" class=\"yoast-schema-graph\">{\"@context\":\"https:\/\/schema.org\",\"@graph\":[{\"@type\":\"WebPage\",\"@id\":\"https:\/\/www.normisjon.no\/crm-manual\/redigere-eller-avslutte-medlemsprofil\/\",\"url\":\"https:\/\/www.normisjon.no\/crm-manual\/redigere-eller-avslutte-medlemsprofil\/\",\"name\":\"Redigere eller avslutte medlemsprofil i CRM Light - CRM manual\",\"isPartOf\":{\"@id\":\"https:\/\/www.normisjon.no\/crm-manual\/#website\"},\"primaryImageOfPage\":{\"@id\":\"https:\/\/www.normisjon.no\/crm-manual\/redigere-eller-avslutte-medlemsprofil\/#primaryimage\"},\"image\":{\"@id\":\"https:\/\/www.normisjon.no\/crm-manual\/redigere-eller-avslutte-medlemsprofil\/#primaryimage\"},\"thumbnailUrl\":\"https:\/\/www.normisjon.no\/content\/uploads\/sites\/46\/2026\/02\/Oransje-dame2-2.jpg\",\"datePublished\":\"2025-04-28T10:49:02+00:00\",\"dateModified\":\"2026-02-16T09:47:28+00:00\",\"breadcrumb\":{\"@id\":\"https:\/\/www.normisjon.no\/crm-manual\/redigere-eller-avslutte-medlemsprofil\/#breadcrumb\"},\"inLanguage\":\"nb-NO\",\"potentialAction\":[{\"@type\":\"ReadAction\",\"target\":[\"https:\/\/www.normisjon.no\/crm-manual\/redigere-eller-avslutte-medlemsprofil\/\"]}]},{\"@type\":\"ImageObject\",\"inLanguage\":\"nb-NO\",\"@id\":\"https:\/\/www.normisjon.no\/crm-manual\/redigere-eller-avslutte-medlemsprofil\/#primaryimage\",\"url\":\"https:\/\/www.normisjon.no\/content\/uploads\/sites\/46\/2026\/02\/Oransje-dame2-2.jpg\",\"contentUrl\":\"https:\/\/www.normisjon.no\/content\/uploads\/sites\/46\/2026\/02\/Oransje-dame2-2.jpg\"},{\"@type\":\"BreadcrumbList\",\"@id\":\"https:\/\/www.normisjon.no\/crm-manual\/redigere-eller-avslutte-medlemsprofil\/#breadcrumb\",\"itemListElement\":[{\"@type\":\"ListItem\",\"position\":1,\"name\":\"Hjem\",\"item\":\"https:\/\/www.normisjon.no\/crm-manual\/\"},{\"@type\":\"ListItem\",\"position\":2,\"name\":\"Redigere eller avslutte medlemsprofil i CRM Light\"}]},{\"@type\":\"WebSite\",\"@id\":\"https:\/\/www.normisjon.no\/crm-manual\/#website\",\"url\":\"https:\/\/www.normisjon.no\/crm-manual\/\",\"name\":\"CRM manual\",\"description\":\"\",\"potentialAction\":[{\"@type\":\"SearchAction\",\"target\":{\"@type\":\"EntryPoint\",\"urlTemplate\":\"https:\/\/www.normisjon.no\/crm-manual\/?s={search_term_string}\"},\"query-input\":{\"@type\":\"PropertyValueSpecification\",\"valueRequired\":true,\"valueName\":\"search_term_string\"}}],\"inLanguage\":\"nb-NO\"}]}<\/script>\n<!-- \/ Yoast SEO plugin. -->","yoast_head_json":{"title":"Redigere eller avslutte medlemsprofil i CRM Light - CRM manual","robots":{"index":"index","follow":"follow","max-snippet":"max-snippet:-1","max-image-preview":"max-image-preview:large","max-video-preview":"max-video-preview:-1"},"canonical":"https:\/\/www.normisjon.no\/crm-manual\/redigere-eller-avslutte-medlemsprofil\/","og_locale":"nb_NO","og_type":"article","og_title":"Redigere eller avslutte medlemsprofil i CRM Light - CRM manual","og_description":"Hvordan redigere eller avslutte en medlemsprofil i CRM Light. Se hvordan du&nbsp;registrerer en ny person. 1)&nbsp;For \u00e5 redigere en medlemsprofil starter vi med \u00e5 g\u00e5 [&hellip;]","og_url":"https:\/\/www.normisjon.no\/crm-manual\/redigere-eller-avslutte-medlemsprofil\/","og_site_name":"CRM manual","article_modified_time":"2026-02-16T09:47:28+00:00","og_image":[{"width":275,"height":606,"url":"https:\/\/www.normisjon.no\/content\/uploads\/sites\/46\/2026\/02\/Oransje-dame2-2.jpg","type":"image\/jpeg"}],"twitter_card":"summary_large_image","twitter_misc":{"Ansl. lesetid":"2 minutter"},"schema":{"@context":"https:\/\/schema.org","@graph":[{"@type":"WebPage","@id":"https:\/\/www.normisjon.no\/crm-manual\/redigere-eller-avslutte-medlemsprofil\/","url":"https:\/\/www.normisjon.no\/crm-manual\/redigere-eller-avslutte-medlemsprofil\/","name":"Redigere eller avslutte medlemsprofil i CRM Light - CRM manual","isPartOf":{"@id":"https:\/\/www.normisjon.no\/crm-manual\/#website"},"primaryImageOfPage":{"@id":"https:\/\/www.normisjon.no\/crm-manual\/redigere-eller-avslutte-medlemsprofil\/#primaryimage"},"image":{"@id":"https:\/\/www.normisjon.no\/crm-manual\/redigere-eller-avslutte-medlemsprofil\/#primaryimage"},"thumbnailUrl":"https:\/\/www.normisjon.no\/content\/uploads\/sites\/46\/2026\/02\/Oransje-dame2-2.jpg","datePublished":"2025-04-28T10:49:02+00:00","dateModified":"2026-02-16T09:47:28+00:00","breadcrumb":{"@id":"https:\/\/www.normisjon.no\/crm-manual\/redigere-eller-avslutte-medlemsprofil\/#breadcrumb"},"inLanguage":"nb-NO","potentialAction":[{"@type":"ReadAction","target":["https:\/\/www.normisjon.no\/crm-manual\/redigere-eller-avslutte-medlemsprofil\/"]}]},{"@type":"ImageObject","inLanguage":"nb-NO","@id":"https:\/\/www.normisjon.no\/crm-manual\/redigere-eller-avslutte-medlemsprofil\/#primaryimage","url":"https:\/\/www.normisjon.no\/content\/uploads\/sites\/46\/2026\/02\/Oransje-dame2-2.jpg","contentUrl":"https:\/\/www.normisjon.no\/content\/uploads\/sites\/46\/2026\/02\/Oransje-dame2-2.jpg"},{"@type":"BreadcrumbList","@id":"https:\/\/www.normisjon.no\/crm-manual\/redigere-eller-avslutte-medlemsprofil\/#breadcrumb","itemListElement":[{"@type":"ListItem","position":1,"name":"Hjem","item":"https:\/\/www.normisjon.no\/crm-manual\/"},{"@type":"ListItem","position":2,"name":"Redigere eller avslutte medlemsprofil i CRM Light"}]},{"@type":"WebSite","@id":"https:\/\/www.normisjon.no\/crm-manual\/#website","url":"https:\/\/www.normisjon.no\/crm-manual\/","name":"CRM manual","description":"","potentialAction":[{"@type":"SearchAction","target":{"@type":"EntryPoint","urlTemplate":"https:\/\/www.normisjon.no\/crm-manual\/?s={search_term_string}"},"query-input":{"@type":"PropertyValueSpecification","valueRequired":true,"valueName":"search_term_string"}}],"inLanguage":"nb-NO"}]}},"_links":{"self":[{"href":"https:\/\/www.normisjon.no\/crm-manual\/wp-json\/wp\/v2\/pages\/232","targetHints":{"allow":["GET"]}}],"collection":[{"href":"https:\/\/www.normisjon.no\/crm-manual\/wp-json\/wp\/v2\/pages"}],"about":[{"href":"https:\/\/www.normisjon.no\/crm-manual\/wp-json\/wp\/v2\/types\/page"}],"author":[{"embeddable":true,"href":"https:\/\/www.normisjon.no\/crm-manual\/wp-json\/wp\/v2\/users\/143"}],"replies":[{"embeddable":true,"href":"https:\/\/www.normisjon.no\/crm-manual\/wp-json\/wp\/v2\/comments?post=232"}],"version-history":[{"count":10,"href":"https:\/\/www.normisjon.no\/crm-manual\/wp-json\/wp\/v2\/pages\/232\/revisions"}],"predecessor-version":[{"id":1210,"href":"https:\/\/www.normisjon.no\/crm-manual\/wp-json\/wp\/v2\/pages\/232\/revisions\/1210"}],"wp:attachment":[{"href":"https:\/\/www.normisjon.no\/crm-manual\/wp-json\/wp\/v2\/media?parent=232"}],"curies":[{"name":"wp","href":"https:\/\/api.w.org\/{rel}","templated":true}]}}