{"id":259,"date":"2025-04-28T14:36:57","date_gmt":"2025-04-28T12:36:57","guid":{"rendered":"https:\/\/www.normisjon.no\/crm-manual\/?page_id=259"},"modified":"2026-02-09T13:13:09","modified_gmt":"2026-02-09T12:13:09","slug":"registrere-ny-medlemsavtale-i-crm-light","status":"publish","type":"page","link":"https:\/\/www.normisjon.no\/crm-manual\/registrere-ny-medlemsavtale-i-crm-light\/","title":{"rendered":"Registrere ny medlemsavtale i CRM Light"},"content":{"rendered":"<div class=\"entry-content alignfull wp-block-post-content has-global-padding is-layout-constrained wp-block-post-content-is-layout-constrained\">\n<figure class=\"wp-block-image aligncenter size-full is-resized\"><img loading=\"lazy\" decoding=\"async\" width=\"284\" height=\"553\" src=\"https:\/\/www.normisjon.no\/content\/uploads\/sites\/46\/2026\/02\/Pekefingerfyr2.jpg\" alt=\"\" class=\"wp-image-1062\" style=\"width:64px\" srcset=\"https:\/\/www.normisjon.no\/content\/uploads\/sites\/46\/2026\/02\/Pekefingerfyr2.jpg 284w, https:\/\/www.normisjon.no\/content\/uploads\/sites\/46\/2026\/02\/Pekefingerfyr2-154x300.jpg 154w\" sizes=\"auto, (max-width: 284px) 100vw, 284px\" \/><\/figure>\n\n\n\n<p><strong>Hvordan opprette en ny medlemsavtale i CRM Light.<\/strong><\/p>\n\n\n\n<p>Les her hvordan <a href=\"https:\/\/www.normisjon.no\/crm-manual\/registrere-ny-person\/\">registrere ny person<\/a>.<\/p>\n\n\n\n<p><strong>1)<\/strong>&nbsp;For \u00e5 opprette en ny medlemsavtale starter vi med \u00e5 g\u00e5 til fanen&nbsp;<strong>Medlemmer.<\/strong>&nbsp;Da kommer automatisk alle registrerte medlemmer opp.<\/p>\n\n\n\n<p><strong>2)<\/strong>&nbsp;Videre trykker vi p\u00e5 de tre prikkene \u00f8verst til h\u00f8yre, og deretter p\u00e5&nbsp;<strong>Ny<\/strong>&nbsp;i den lille menyen som dukker opp.<\/p>\n\n\n\n<figure class=\"wp-block-image size-full\"><img loading=\"lazy\" decoding=\"async\" width=\"960\" height=\"523\" src=\"https:\/\/www.normisjon.no\/content\/uploads\/sites\/46\/2025\/04\/Unknown-2-19.jpeg\" alt=\"\" class=\"wp-image-260\" srcset=\"https:\/\/www.normisjon.no\/content\/uploads\/sites\/46\/2025\/04\/Unknown-2-19.jpeg 960w, https:\/\/www.normisjon.no\/content\/uploads\/sites\/46\/2025\/04\/Unknown-2-19-300x163.jpeg 300w, https:\/\/www.normisjon.no\/content\/uploads\/sites\/46\/2025\/04\/Unknown-2-19-768x418.jpeg 768w\" sizes=\"auto, (max-width: 960px) 100vw, 960px\" \/><\/figure>\n\n\n\n<p><strong>3)<\/strong>&nbsp;N\u00e5 f\u00e5r vi opp skjemaet hvor vi oppretter den nye medlemsavtalen.&nbsp;<strong>Betalingsm\u00e5te&nbsp;<\/strong>vil automatisk st\u00e5 som OCR-giro, og&nbsp;m\u00e5 ogs\u00e5 st\u00e5 som n\u00e5r vi oppretter. Om det nye medlemmet heller \u00f8nsker \u00e5 betale med AvtaleGiro eller Vipps er dette noe vi m\u00e5 endre senere,&nbsp;<a href=\"https:\/\/www.normisjon.no\/crm-manual\/endre-betalingsmate-pa-avtale-i-crm-light\/\">les hvordan her<\/a>.<\/p>\n\n\n\n<p><strong>4)&nbsp;<\/strong>I feltet&nbsp;<strong>Produkt<\/strong>&nbsp;m\u00e5 vi velge medlemsvariant.<\/p>\n\n\n\n<p><strong>5)&nbsp;<\/strong>I feltet&nbsp;<strong>Avtalehaver<\/strong>&nbsp;velger vi hvem avtalen skal st\u00e5 p\u00e5. Begynn \u00e5 skrive navnet, s\u00e5 vil s\u00f8kemotoren fortl\u00f8pende hente opp personer som passer til s\u00f8ket. Om personen ikke er registrert i databasen fra f\u00f8r, kan du lese her hvordan man&nbsp;<a href=\"https:\/\/www.normisjon.no\/crm-manual\/registrere-ny-person\/\">registrerer en ny person.<\/a><\/p>\n\n\n\n<p><strong>6)&nbsp;<\/strong>Om det er noen andre enn personen avtalen er registrert p\u00e5 som skal betale, legges dette til i feltet&nbsp;<strong>Fremmedbetaler<\/strong>.<\/p>\n\n\n\n<p><strong>7)&nbsp;<\/strong>Som<strong>&nbsp;\u00c5rsbel\u00f8p<\/strong>&nbsp;skriver vi medlemsprisen.<\/p>\n\n\n\n<figure class=\"wp-block-image size-full\"><img loading=\"lazy\" decoding=\"async\" width=\"960\" height=\"882\" src=\"https:\/\/www.normisjon.no\/content\/uploads\/sites\/46\/2025\/04\/Unknown-1-2-11.jpeg\" alt=\"\" class=\"wp-image-261\" srcset=\"https:\/\/www.normisjon.no\/content\/uploads\/sites\/46\/2025\/04\/Unknown-1-2-11.jpeg 960w, https:\/\/www.normisjon.no\/content\/uploads\/sites\/46\/2025\/04\/Unknown-1-2-11-300x276.jpeg 300w, https:\/\/www.normisjon.no\/content\/uploads\/sites\/46\/2025\/04\/Unknown-1-2-11-768x706.jpeg 768w\" sizes=\"auto, (max-width: 960px) 100vw, 960px\" \/><\/figure>\n\n\n\n<p><strong>8)&nbsp;<\/strong>N\u00e5r vi har fylt ut det n\u00f8dvendige, trykker vi p\u00e5&nbsp;<strong>Lagre og vis.&nbsp;<\/strong>Det g\u00e5r fint \u00e5 trykke Lagre og lukk ogs\u00e5, men det kan v\u00e6re greit \u00e5 ta en siste titt f\u00f8r vi avslutter helt.&nbsp;<\/p>\n\n\n\n<div class=\"wp-block-buttons is-content-justification-center is-layout-flex wp-container-core-buttons-is-layout-a89b3969 wp-block-buttons-is-layout-flex\">\n<div class=\"wp-block-button is-style-fill\"><a class=\"wp-block-button__link has-custom-font-size wp-element-button\" href=\"https:\/\/www.normisjon.no\/crm-manual\/alle-manualer-for-crm-light\/\" style=\"font-size:15px\">Tilbake til oversikt<\/a><\/div>\n<\/div>\n<\/div>","protected":false},"excerpt":{"rendered":"<p>Hvordan opprette en ny medlemsavtale i CRM Light. Les her hvordan registrere ny person. 1)&nbsp;For \u00e5 opprette en ny medlemsavtale starter vi med \u00e5 g\u00e5 [&hellip;]<\/p>\n","protected":false},"author":143,"featured_media":0,"parent":0,"menu_order":0,"comment_status":"closed","ping_status":"closed","template":"","meta":{"_acf_changed":false,"footnotes":""},"class_list":["post-259","page","type-page","status-publish","hentry"],"acf":[],"yoast_head":"<!-- This site is optimized with the Yoast SEO plugin v25.9 - https:\/\/yoast.com\/wordpress\/plugins\/seo\/ -->\n<title>Registrere ny medlemsavtale i CRM Light - CRM manual<\/title>\n<meta name=\"robots\" content=\"index, follow, max-snippet:-1, max-image-preview:large, max-video-preview:-1\" \/>\n<link rel=\"canonical\" href=\"https:\/\/www.normisjon.no\/crm-manual\/registrere-ny-medlemsavtale-i-crm-light\/\" \/>\n<meta property=\"og:locale\" content=\"nb_NO\" \/>\n<meta property=\"og:type\" content=\"article\" \/>\n<meta property=\"og:title\" content=\"Registrere ny medlemsavtale i CRM Light - CRM manual\" \/>\n<meta property=\"og:description\" content=\"Hvordan opprette en ny medlemsavtale i CRM Light. Les her hvordan registrere ny person. 1)&nbsp;For \u00e5 opprette en ny medlemsavtale starter vi med \u00e5 g\u00e5 [&hellip;]\" \/>\n<meta property=\"og:url\" content=\"https:\/\/www.normisjon.no\/crm-manual\/registrere-ny-medlemsavtale-i-crm-light\/\" \/>\n<meta property=\"og:site_name\" content=\"CRM manual\" \/>\n<meta property=\"article:modified_time\" content=\"2026-02-09T12:13:09+00:00\" \/>\n<meta property=\"og:image\" content=\"https:\/\/www.normisjon.no\/content\/uploads\/sites\/46\/2026\/02\/Pekefingerfyr2.jpg\" \/>\n\t<meta property=\"og:image:width\" content=\"284\" \/>\n\t<meta property=\"og:image:height\" content=\"553\" \/>\n\t<meta property=\"og:image:type\" content=\"image\/jpeg\" \/>\n<meta name=\"twitter:card\" content=\"summary_large_image\" \/>\n<meta name=\"twitter:label1\" content=\"Ansl. lesetid\" \/>\n\t<meta name=\"twitter:data1\" content=\"2 minutter\" \/>\n<script type=\"application\/ld+json\" class=\"yoast-schema-graph\">{\"@context\":\"https:\/\/schema.org\",\"@graph\":[{\"@type\":\"WebPage\",\"@id\":\"https:\/\/www.normisjon.no\/crm-manual\/registrere-ny-medlemsavtale-i-crm-light\/\",\"url\":\"https:\/\/www.normisjon.no\/crm-manual\/registrere-ny-medlemsavtale-i-crm-light\/\",\"name\":\"Registrere ny medlemsavtale i CRM Light - CRM manual\",\"isPartOf\":{\"@id\":\"https:\/\/www.normisjon.no\/crm-manual\/#website\"},\"primaryImageOfPage\":{\"@id\":\"https:\/\/www.normisjon.no\/crm-manual\/registrere-ny-medlemsavtale-i-crm-light\/#primaryimage\"},\"image\":{\"@id\":\"https:\/\/www.normisjon.no\/crm-manual\/registrere-ny-medlemsavtale-i-crm-light\/#primaryimage\"},\"thumbnailUrl\":\"https:\/\/www.normisjon.no\/content\/uploads\/sites\/46\/2026\/02\/Pekefingerfyr2.jpg\",\"datePublished\":\"2025-04-28T12:36:57+00:00\",\"dateModified\":\"2026-02-09T12:13:09+00:00\",\"breadcrumb\":{\"@id\":\"https:\/\/www.normisjon.no\/crm-manual\/registrere-ny-medlemsavtale-i-crm-light\/#breadcrumb\"},\"inLanguage\":\"nb-NO\",\"potentialAction\":[{\"@type\":\"ReadAction\",\"target\":[\"https:\/\/www.normisjon.no\/crm-manual\/registrere-ny-medlemsavtale-i-crm-light\/\"]}]},{\"@type\":\"ImageObject\",\"inLanguage\":\"nb-NO\",\"@id\":\"https:\/\/www.normisjon.no\/crm-manual\/registrere-ny-medlemsavtale-i-crm-light\/#primaryimage\",\"url\":\"https:\/\/www.normisjon.no\/content\/uploads\/sites\/46\/2026\/02\/Pekefingerfyr2.jpg\",\"contentUrl\":\"https:\/\/www.normisjon.no\/content\/uploads\/sites\/46\/2026\/02\/Pekefingerfyr2.jpg\"},{\"@type\":\"BreadcrumbList\",\"@id\":\"https:\/\/www.normisjon.no\/crm-manual\/registrere-ny-medlemsavtale-i-crm-light\/#breadcrumb\",\"itemListElement\":[{\"@type\":\"ListItem\",\"position\":1,\"name\":\"Hjem\",\"item\":\"https:\/\/www.normisjon.no\/crm-manual\/\"},{\"@type\":\"ListItem\",\"position\":2,\"name\":\"Registrere ny medlemsavtale i CRM Light\"}]},{\"@type\":\"WebSite\",\"@id\":\"https:\/\/www.normisjon.no\/crm-manual\/#website\",\"url\":\"https:\/\/www.normisjon.no\/crm-manual\/\",\"name\":\"CRM manual\",\"description\":\"\",\"potentialAction\":[{\"@type\":\"SearchAction\",\"target\":{\"@type\":\"EntryPoint\",\"urlTemplate\":\"https:\/\/www.normisjon.no\/crm-manual\/?s={search_term_string}\"},\"query-input\":{\"@type\":\"PropertyValueSpecification\",\"valueRequired\":true,\"valueName\":\"search_term_string\"}}],\"inLanguage\":\"nb-NO\"}]}<\/script>\n<!-- \/ Yoast SEO plugin. -->","yoast_head_json":{"title":"Registrere ny medlemsavtale i CRM Light - CRM manual","robots":{"index":"index","follow":"follow","max-snippet":"max-snippet:-1","max-image-preview":"max-image-preview:large","max-video-preview":"max-video-preview:-1"},"canonical":"https:\/\/www.normisjon.no\/crm-manual\/registrere-ny-medlemsavtale-i-crm-light\/","og_locale":"nb_NO","og_type":"article","og_title":"Registrere ny medlemsavtale i CRM Light - CRM manual","og_description":"Hvordan opprette en ny medlemsavtale i CRM Light. Les her hvordan registrere ny person. 1)&nbsp;For \u00e5 opprette en ny medlemsavtale starter vi med \u00e5 g\u00e5 [&hellip;]","og_url":"https:\/\/www.normisjon.no\/crm-manual\/registrere-ny-medlemsavtale-i-crm-light\/","og_site_name":"CRM manual","article_modified_time":"2026-02-09T12:13:09+00:00","og_image":[{"width":284,"height":553,"url":"https:\/\/www.normisjon.no\/content\/uploads\/sites\/46\/2026\/02\/Pekefingerfyr2.jpg","type":"image\/jpeg"}],"twitter_card":"summary_large_image","twitter_misc":{"Ansl. lesetid":"2 minutter"},"schema":{"@context":"https:\/\/schema.org","@graph":[{"@type":"WebPage","@id":"https:\/\/www.normisjon.no\/crm-manual\/registrere-ny-medlemsavtale-i-crm-light\/","url":"https:\/\/www.normisjon.no\/crm-manual\/registrere-ny-medlemsavtale-i-crm-light\/","name":"Registrere ny medlemsavtale i CRM Light - CRM manual","isPartOf":{"@id":"https:\/\/www.normisjon.no\/crm-manual\/#website"},"primaryImageOfPage":{"@id":"https:\/\/www.normisjon.no\/crm-manual\/registrere-ny-medlemsavtale-i-crm-light\/#primaryimage"},"image":{"@id":"https:\/\/www.normisjon.no\/crm-manual\/registrere-ny-medlemsavtale-i-crm-light\/#primaryimage"},"thumbnailUrl":"https:\/\/www.normisjon.no\/content\/uploads\/sites\/46\/2026\/02\/Pekefingerfyr2.jpg","datePublished":"2025-04-28T12:36:57+00:00","dateModified":"2026-02-09T12:13:09+00:00","breadcrumb":{"@id":"https:\/\/www.normisjon.no\/crm-manual\/registrere-ny-medlemsavtale-i-crm-light\/#breadcrumb"},"inLanguage":"nb-NO","potentialAction":[{"@type":"ReadAction","target":["https:\/\/www.normisjon.no\/crm-manual\/registrere-ny-medlemsavtale-i-crm-light\/"]}]},{"@type":"ImageObject","inLanguage":"nb-NO","@id":"https:\/\/www.normisjon.no\/crm-manual\/registrere-ny-medlemsavtale-i-crm-light\/#primaryimage","url":"https:\/\/www.normisjon.no\/content\/uploads\/sites\/46\/2026\/02\/Pekefingerfyr2.jpg","contentUrl":"https:\/\/www.normisjon.no\/content\/uploads\/sites\/46\/2026\/02\/Pekefingerfyr2.jpg"},{"@type":"BreadcrumbList","@id":"https:\/\/www.normisjon.no\/crm-manual\/registrere-ny-medlemsavtale-i-crm-light\/#breadcrumb","itemListElement":[{"@type":"ListItem","position":1,"name":"Hjem","item":"https:\/\/www.normisjon.no\/crm-manual\/"},{"@type":"ListItem","position":2,"name":"Registrere ny medlemsavtale i CRM Light"}]},{"@type":"WebSite","@id":"https:\/\/www.normisjon.no\/crm-manual\/#website","url":"https:\/\/www.normisjon.no\/crm-manual\/","name":"CRM manual","description":"","potentialAction":[{"@type":"SearchAction","target":{"@type":"EntryPoint","urlTemplate":"https:\/\/www.normisjon.no\/crm-manual\/?s={search_term_string}"},"query-input":{"@type":"PropertyValueSpecification","valueRequired":true,"valueName":"search_term_string"}}],"inLanguage":"nb-NO"}]}},"_links":{"self":[{"href":"https:\/\/www.normisjon.no\/crm-manual\/wp-json\/wp\/v2\/pages\/259","targetHints":{"allow":["GET"]}}],"collection":[{"href":"https:\/\/www.normisjon.no\/crm-manual\/wp-json\/wp\/v2\/pages"}],"about":[{"href":"https:\/\/www.normisjon.no\/crm-manual\/wp-json\/wp\/v2\/types\/page"}],"author":[{"embeddable":true,"href":"https:\/\/www.normisjon.no\/crm-manual\/wp-json\/wp\/v2\/users\/143"}],"replies":[{"embeddable":true,"href":"https:\/\/www.normisjon.no\/crm-manual\/wp-json\/wp\/v2\/comments?post=259"}],"version-history":[{"count":6,"href":"https:\/\/www.normisjon.no\/crm-manual\/wp-json\/wp\/v2\/pages\/259\/revisions"}],"predecessor-version":[{"id":1137,"href":"https:\/\/www.normisjon.no\/crm-manual\/wp-json\/wp\/v2\/pages\/259\/revisions\/1137"}],"wp:attachment":[{"href":"https:\/\/www.normisjon.no\/crm-manual\/wp-json\/wp\/v2\/media?parent=259"}],"curies":[{"name":"wp","href":"https:\/\/api.w.org\/{rel}","templated":true}]}}