{"id":330,"date":"2025-05-05T12:50:38","date_gmt":"2025-05-05T10:50:38","guid":{"rendered":"https:\/\/www.normisjon.no\/crm-manual\/?page_id=330"},"modified":"2026-02-09T13:33:10","modified_gmt":"2026-02-09T12:33:10","slug":"sende-e-post-til-medlemmer-i-crm-light","status":"publish","type":"page","link":"https:\/\/www.normisjon.no\/crm-manual\/sende-e-post-til-medlemmer-i-crm-light\/","title":{"rendered":"Sende e-post til medlemmer i CRM Light"},"content":{"rendered":"<div class=\"entry-content alignfull wp-block-post-content has-global-padding is-layout-constrained wp-block-post-content-is-layout-constrained\">\n<figure class=\"wp-block-image aligncenter size-full is-resized\"><img loading=\"lazy\" decoding=\"async\" width=\"261\" height=\"543\" src=\"https:\/\/www.normisjon.no\/content\/uploads\/sites\/46\/2026\/02\/Oransje-dame-2.jpg\" alt=\"\" class=\"wp-image-1057\" style=\"width:64px\" srcset=\"https:\/\/www.normisjon.no\/content\/uploads\/sites\/46\/2026\/02\/Oransje-dame-2.jpg 261w, https:\/\/www.normisjon.no\/content\/uploads\/sites\/46\/2026\/02\/Oransje-dame-2-144x300.jpg 144w\" sizes=\"auto, (max-width: 261px) 100vw, 261px\" \/><\/figure>\n\n\n\n<p><strong>Hvordan sende e-post til medlemmer via CRM Light.<\/strong><\/p>\n\n\n\n<p><em>Eksempel: Du skal sende en e-post til alle n\u00e5v\u00e6rende medlemmer i menigheten\/lokallaget.<\/em><\/p>\n\n\n\n<p><em>Skal du sende SMS? <\/em><a href=\"https:\/\/www.normisjon.no\/crm-manual\/sende-sms-til-medlemmer-i-crm-light\/\"><em>Les hvordan her.<\/em><\/a><\/p>\n\n\n\n<p><\/p>\n\n\n\n<p><strong>1)<\/strong>&nbsp;For \u00e5 f\u00e5 frem listen over alle medlemmer trykker vi p\u00e5 fanen&nbsp;<strong>Medlemmer.<\/strong>&nbsp;Da kommer automatisk alle registrerte medlemmer opp usortert, ogs\u00e5 de som ikke har betalt medlemskapet sitt innev\u00e6rende \u00e5r.<\/p>\n\n\n\n<p><strong>2)&nbsp;<\/strong>Vi trykker s\u00e5 p\u00e5 symbolet til h\u00f8yre i fanen&nbsp;<strong>E-post<\/strong>&nbsp;og f\u00e5r opp en meny for s\u00f8k i denne kollonnen. Her velger vi&nbsp;<strong>Har verdi<\/strong>&nbsp;fra nedtrekksmenyen og trykker s\u00e5&nbsp;<strong>Filtrere<\/strong>&nbsp;for \u00e5 kun f\u00e5 frem medlemmer som har en registrert e-post-adresse.<\/p>\n\n\n\n<p><strong>3)<\/strong>&nbsp;Videre huker vi av boksen \u00f8verst til venstre i \u00f8verste kolonne, slik at alle p\u00e5 listen blir valgt.&nbsp;<\/p>\n\n\n\n<p><em>Om man \u00f8nsker \u00e5 sende e-post til en utvalgt gruppe, for eksempel alle som ikke har betalt medlemsavgift enn\u00e5,&nbsp;m\u00e5 dette gj\u00f8res under fanen&nbsp;<strong>Alle<\/strong>. Les hvordan her (link kommer).<\/em><\/p>\n\n\n\n<p><strong>4)&nbsp;<\/strong>N\u00e5r alle p\u00e5 listen er huket av (boksen til venstre er bl\u00e5) trykker vi p\u00e5&nbsp;<strong>Send E-post<\/strong>.<\/p>\n\n\n\n<figure class=\"wp-block-image size-full\"><img loading=\"lazy\" decoding=\"async\" width=\"960\" height=\"740\" src=\"https:\/\/www.normisjon.no\/content\/uploads\/sites\/46\/2025\/05\/Unknown-2-2.jpeg\" alt=\"\" class=\"wp-image-331\" srcset=\"https:\/\/www.normisjon.no\/content\/uploads\/sites\/46\/2025\/05\/Unknown-2-2.jpeg 960w, https:\/\/www.normisjon.no\/content\/uploads\/sites\/46\/2025\/05\/Unknown-2-2-300x231.jpeg 300w, https:\/\/www.normisjon.no\/content\/uploads\/sites\/46\/2025\/05\/Unknown-2-2-768x592.jpeg 768w\" sizes=\"auto, (max-width: 960px) 100vw, 960px\" \/><\/figure>\n\n\n\n<p>Vi f\u00e5r n\u00e5 opp skjemaet hvor vi utformer selve e-posten. Her velger vi&nbsp;<strong>Avsender<\/strong>&nbsp;for utsendelsen. Her vil man f\u00e5 opp avsender automatisk basert p\u00e5 hvem som er logget inn og eventuell e-post tilknyttet menigheten\/forsamlingen. Vi kan ogs\u00e5 velge&nbsp;<strong>Aksjonsnummer<\/strong>&nbsp;for utsendelsen. Selve meldingen skrives i feltet&nbsp;<strong>Melding,&nbsp;<\/strong>og emnet skrives i feltet&nbsp;<strong>Emne<\/strong>. Om man har vedlegg som skal sendes ved e-posten, trykker man p\u00e5 knappen&nbsp;<strong>Velg&#8230;<\/strong>&nbsp;under Vedlegg.<\/p>\n\n\n\n<figure class=\"wp-block-image size-full\"><img loading=\"lazy\" decoding=\"async\" width=\"960\" height=\"712\" src=\"https:\/\/www.normisjon.no\/content\/uploads\/sites\/46\/2025\/05\/Unknown-1-2-1.jpeg\" alt=\"\" class=\"wp-image-332\" srcset=\"https:\/\/www.normisjon.no\/content\/uploads\/sites\/46\/2025\/05\/Unknown-1-2-1.jpeg 960w, https:\/\/www.normisjon.no\/content\/uploads\/sites\/46\/2025\/05\/Unknown-1-2-1-300x223.jpeg 300w, https:\/\/www.normisjon.no\/content\/uploads\/sites\/46\/2025\/05\/Unknown-1-2-1-768x570.jpeg 768w\" sizes=\"auto, (max-width: 960px) 100vw, 960px\" \/><\/figure>\n\n\n\n<p><strong>5)&nbsp;<\/strong>N\u00e5r e-posten er klar for utsendelse, trykker vi&nbsp;<strong>Send E-post<\/strong>. E-posten vil da bli sendt til alle i den valgte listen som har en e-post-adresse registrert (antallet vises under Mottakere til h\u00f8yre i skjemaet).<\/p>\n\n\n\n<div class=\"wp-block-buttons is-content-justification-center is-layout-flex wp-container-core-buttons-is-layout-a89b3969 wp-block-buttons-is-layout-flex\">\n<div class=\"wp-block-button is-style-fill\"><a class=\"wp-block-button__link has-custom-font-size wp-element-button\" href=\"https:\/\/www.normisjon.no\/crm-manual\/alle-manualer-for-crm-light\/\" style=\"font-size:15px\">Tilbake til oversikt<\/a><\/div>\n<\/div>\n<\/div>","protected":false},"excerpt":{"rendered":"<p>Hvordan sende e-post til medlemmer via CRM Light. Eksempel: Du skal sende en e-post til alle n\u00e5v\u00e6rende medlemmer i menigheten\/lokallaget. Skal du sende SMS? Les [&hellip;]<\/p>\n","protected":false},"author":143,"featured_media":0,"parent":0,"menu_order":0,"comment_status":"closed","ping_status":"closed","template":"","meta":{"_acf_changed":false,"footnotes":""},"class_list":["post-330","page","type-page","status-publish","hentry"],"acf":[],"yoast_head":"<!-- This site is optimized with the Yoast SEO plugin v25.9 - https:\/\/yoast.com\/wordpress\/plugins\/seo\/ -->\n<title>Sende e-post til medlemmer i CRM Light - CRM manual<\/title>\n<meta name=\"robots\" content=\"index, follow, max-snippet:-1, max-image-preview:large, max-video-preview:-1\" \/>\n<link rel=\"canonical\" href=\"https:\/\/www.normisjon.no\/crm-manual\/sende-e-post-til-medlemmer-i-crm-light\/\" \/>\n<meta property=\"og:locale\" content=\"nb_NO\" \/>\n<meta property=\"og:type\" content=\"article\" \/>\n<meta property=\"og:title\" content=\"Sende e-post til medlemmer i CRM Light - CRM manual\" \/>\n<meta property=\"og:description\" content=\"Hvordan sende e-post til medlemmer via CRM Light. Eksempel: Du skal sende en e-post til alle n\u00e5v\u00e6rende medlemmer i menigheten\/lokallaget. Skal du sende SMS? Les [&hellip;]\" \/>\n<meta property=\"og:url\" content=\"https:\/\/www.normisjon.no\/crm-manual\/sende-e-post-til-medlemmer-i-crm-light\/\" \/>\n<meta property=\"og:site_name\" content=\"CRM manual\" \/>\n<meta property=\"article:modified_time\" content=\"2026-02-09T12:33:10+00:00\" \/>\n<meta property=\"og:image\" content=\"https:\/\/www.normisjon.no\/content\/uploads\/sites\/46\/2026\/02\/Oransje-dame-2.jpg\" \/>\n\t<meta property=\"og:image:width\" content=\"261\" \/>\n\t<meta property=\"og:image:height\" content=\"543\" \/>\n\t<meta property=\"og:image:type\" content=\"image\/jpeg\" \/>\n<meta name=\"twitter:card\" content=\"summary_large_image\" \/>\n<meta name=\"twitter:label1\" content=\"Ansl. lesetid\" \/>\n\t<meta name=\"twitter:data1\" content=\"3 minutter\" \/>\n<script type=\"application\/ld+json\" class=\"yoast-schema-graph\">{\"@context\":\"https:\/\/schema.org\",\"@graph\":[{\"@type\":\"WebPage\",\"@id\":\"https:\/\/www.normisjon.no\/crm-manual\/sende-e-post-til-medlemmer-i-crm-light\/\",\"url\":\"https:\/\/www.normisjon.no\/crm-manual\/sende-e-post-til-medlemmer-i-crm-light\/\",\"name\":\"Sende e-post til medlemmer i CRM Light - CRM manual\",\"isPartOf\":{\"@id\":\"https:\/\/www.normisjon.no\/crm-manual\/#website\"},\"primaryImageOfPage\":{\"@id\":\"https:\/\/www.normisjon.no\/crm-manual\/sende-e-post-til-medlemmer-i-crm-light\/#primaryimage\"},\"image\":{\"@id\":\"https:\/\/www.normisjon.no\/crm-manual\/sende-e-post-til-medlemmer-i-crm-light\/#primaryimage\"},\"thumbnailUrl\":\"https:\/\/www.normisjon.no\/content\/uploads\/sites\/46\/2026\/02\/Oransje-dame-2.jpg\",\"datePublished\":\"2025-05-05T10:50:38+00:00\",\"dateModified\":\"2026-02-09T12:33:10+00:00\",\"breadcrumb\":{\"@id\":\"https:\/\/www.normisjon.no\/crm-manual\/sende-e-post-til-medlemmer-i-crm-light\/#breadcrumb\"},\"inLanguage\":\"nb-NO\",\"potentialAction\":[{\"@type\":\"ReadAction\",\"target\":[\"https:\/\/www.normisjon.no\/crm-manual\/sende-e-post-til-medlemmer-i-crm-light\/\"]}]},{\"@type\":\"ImageObject\",\"inLanguage\":\"nb-NO\",\"@id\":\"https:\/\/www.normisjon.no\/crm-manual\/sende-e-post-til-medlemmer-i-crm-light\/#primaryimage\",\"url\":\"https:\/\/www.normisjon.no\/content\/uploads\/sites\/46\/2026\/02\/Oransje-dame-2.jpg\",\"contentUrl\":\"https:\/\/www.normisjon.no\/content\/uploads\/sites\/46\/2026\/02\/Oransje-dame-2.jpg\"},{\"@type\":\"BreadcrumbList\",\"@id\":\"https:\/\/www.normisjon.no\/crm-manual\/sende-e-post-til-medlemmer-i-crm-light\/#breadcrumb\",\"itemListElement\":[{\"@type\":\"ListItem\",\"position\":1,\"name\":\"Hjem\",\"item\":\"https:\/\/www.normisjon.no\/crm-manual\/\"},{\"@type\":\"ListItem\",\"position\":2,\"name\":\"Sende e-post til medlemmer i CRM Light\"}]},{\"@type\":\"WebSite\",\"@id\":\"https:\/\/www.normisjon.no\/crm-manual\/#website\",\"url\":\"https:\/\/www.normisjon.no\/crm-manual\/\",\"name\":\"CRM manual\",\"description\":\"\",\"potentialAction\":[{\"@type\":\"SearchAction\",\"target\":{\"@type\":\"EntryPoint\",\"urlTemplate\":\"https:\/\/www.normisjon.no\/crm-manual\/?s={search_term_string}\"},\"query-input\":{\"@type\":\"PropertyValueSpecification\",\"valueRequired\":true,\"valueName\":\"search_term_string\"}}],\"inLanguage\":\"nb-NO\"}]}<\/script>\n<!-- \/ Yoast SEO plugin. -->","yoast_head_json":{"title":"Sende e-post til medlemmer i CRM Light - CRM manual","robots":{"index":"index","follow":"follow","max-snippet":"max-snippet:-1","max-image-preview":"max-image-preview:large","max-video-preview":"max-video-preview:-1"},"canonical":"https:\/\/www.normisjon.no\/crm-manual\/sende-e-post-til-medlemmer-i-crm-light\/","og_locale":"nb_NO","og_type":"article","og_title":"Sende e-post til medlemmer i CRM Light - CRM manual","og_description":"Hvordan sende e-post til medlemmer via CRM Light. Eksempel: Du skal sende en e-post til alle n\u00e5v\u00e6rende medlemmer i menigheten\/lokallaget. Skal du sende SMS? Les [&hellip;]","og_url":"https:\/\/www.normisjon.no\/crm-manual\/sende-e-post-til-medlemmer-i-crm-light\/","og_site_name":"CRM manual","article_modified_time":"2026-02-09T12:33:10+00:00","og_image":[{"width":261,"height":543,"url":"https:\/\/www.normisjon.no\/content\/uploads\/sites\/46\/2026\/02\/Oransje-dame-2.jpg","type":"image\/jpeg"}],"twitter_card":"summary_large_image","twitter_misc":{"Ansl. lesetid":"3 minutter"},"schema":{"@context":"https:\/\/schema.org","@graph":[{"@type":"WebPage","@id":"https:\/\/www.normisjon.no\/crm-manual\/sende-e-post-til-medlemmer-i-crm-light\/","url":"https:\/\/www.normisjon.no\/crm-manual\/sende-e-post-til-medlemmer-i-crm-light\/","name":"Sende e-post til medlemmer i CRM Light - CRM manual","isPartOf":{"@id":"https:\/\/www.normisjon.no\/crm-manual\/#website"},"primaryImageOfPage":{"@id":"https:\/\/www.normisjon.no\/crm-manual\/sende-e-post-til-medlemmer-i-crm-light\/#primaryimage"},"image":{"@id":"https:\/\/www.normisjon.no\/crm-manual\/sende-e-post-til-medlemmer-i-crm-light\/#primaryimage"},"thumbnailUrl":"https:\/\/www.normisjon.no\/content\/uploads\/sites\/46\/2026\/02\/Oransje-dame-2.jpg","datePublished":"2025-05-05T10:50:38+00:00","dateModified":"2026-02-09T12:33:10+00:00","breadcrumb":{"@id":"https:\/\/www.normisjon.no\/crm-manual\/sende-e-post-til-medlemmer-i-crm-light\/#breadcrumb"},"inLanguage":"nb-NO","potentialAction":[{"@type":"ReadAction","target":["https:\/\/www.normisjon.no\/crm-manual\/sende-e-post-til-medlemmer-i-crm-light\/"]}]},{"@type":"ImageObject","inLanguage":"nb-NO","@id":"https:\/\/www.normisjon.no\/crm-manual\/sende-e-post-til-medlemmer-i-crm-light\/#primaryimage","url":"https:\/\/www.normisjon.no\/content\/uploads\/sites\/46\/2026\/02\/Oransje-dame-2.jpg","contentUrl":"https:\/\/www.normisjon.no\/content\/uploads\/sites\/46\/2026\/02\/Oransje-dame-2.jpg"},{"@type":"BreadcrumbList","@id":"https:\/\/www.normisjon.no\/crm-manual\/sende-e-post-til-medlemmer-i-crm-light\/#breadcrumb","itemListElement":[{"@type":"ListItem","position":1,"name":"Hjem","item":"https:\/\/www.normisjon.no\/crm-manual\/"},{"@type":"ListItem","position":2,"name":"Sende e-post til medlemmer i CRM Light"}]},{"@type":"WebSite","@id":"https:\/\/www.normisjon.no\/crm-manual\/#website","url":"https:\/\/www.normisjon.no\/crm-manual\/","name":"CRM manual","description":"","potentialAction":[{"@type":"SearchAction","target":{"@type":"EntryPoint","urlTemplate":"https:\/\/www.normisjon.no\/crm-manual\/?s={search_term_string}"},"query-input":{"@type":"PropertyValueSpecification","valueRequired":true,"valueName":"search_term_string"}}],"inLanguage":"nb-NO"}]}},"_links":{"self":[{"href":"https:\/\/www.normisjon.no\/crm-manual\/wp-json\/wp\/v2\/pages\/330","targetHints":{"allow":["GET"]}}],"collection":[{"href":"https:\/\/www.normisjon.no\/crm-manual\/wp-json\/wp\/v2\/pages"}],"about":[{"href":"https:\/\/www.normisjon.no\/crm-manual\/wp-json\/wp\/v2\/types\/page"}],"author":[{"embeddable":true,"href":"https:\/\/www.normisjon.no\/crm-manual\/wp-json\/wp\/v2\/users\/143"}],"replies":[{"embeddable":true,"href":"https:\/\/www.normisjon.no\/crm-manual\/wp-json\/wp\/v2\/comments?post=330"}],"version-history":[{"count":7,"href":"https:\/\/www.normisjon.no\/crm-manual\/wp-json\/wp\/v2\/pages\/330\/revisions"}],"predecessor-version":[{"id":1140,"href":"https:\/\/www.normisjon.no\/crm-manual\/wp-json\/wp\/v2\/pages\/330\/revisions\/1140"}],"wp:attachment":[{"href":"https:\/\/www.normisjon.no\/crm-manual\/wp-json\/wp\/v2\/media?parent=330"}],"curies":[{"name":"wp","href":"https:\/\/api.w.org\/{rel}","templated":true}]}}