{"id":384,"date":"2025-05-19T12:59:53","date_gmt":"2025-05-19T10:59:53","guid":{"rendered":"https:\/\/www.normisjon.no\/crm-manual\/?page_id=384"},"modified":"2026-02-16T12:19:15","modified_gmt":"2026-02-16T11:19:15","slug":"sok-blant-alle-i-crmlight","status":"publish","type":"page","link":"https:\/\/www.normisjon.no\/crm-manual\/sok-blant-alle-i-crmlight\/","title":{"rendered":"S\u00f8k blant alle i CRM Light"},"content":{"rendered":"<div class=\"entry-content alignfull wp-block-post-content has-global-padding is-layout-constrained wp-block-post-content-is-layout-constrained\">\n<figure class=\"wp-block-image aligncenter size-full is-resized\"><img loading=\"lazy\" decoding=\"async\" width=\"492\" height=\"588\" src=\"https:\/\/www.normisjon.no\/content\/uploads\/sites\/46\/2026\/02\/Gruppe1-2.jpg\" alt=\"\" class=\"wp-image-1056\" style=\"width:110px\" srcset=\"https:\/\/www.normisjon.no\/content\/uploads\/sites\/46\/2026\/02\/Gruppe1-2.jpg 492w, https:\/\/www.normisjon.no\/content\/uploads\/sites\/46\/2026\/02\/Gruppe1-2-251x300.jpg 251w\" sizes=\"auto, (max-width: 492px) 100vw, 492px\" \/><\/figure>\n\n\n\n<p><strong>Hvordan gj\u00f8re s\u00f8k blant alle navn tilknyttet en forsamling\/menighet i CRM Light.<\/strong><\/p>\n\n\n\n<p><em>Skal du sende&nbsp;<\/em><a href=\"https:\/\/www.normisjon.no\/crm-manual\/sende-sms-til-medlemmer-i-crm-light\/\"><em>SMS<\/em><\/a><em>&nbsp;eller&nbsp;<\/em><a href=\"https:\/\/www.normisjon.no\/crm-manual\/sende-e-post-til-medlemmer-i-crm-light\/\"><em>e-post<\/em><\/a><em>?<\/em><\/p>\n\n\n\n<p>For \u00e5 f\u00e5 opp alle navn tilknyttet forsamlingen\/menigheten m\u00e5 vi f\u00f8rst g\u00e5 til fanen&nbsp;<strong>Alle&nbsp;<\/strong>i menylinjen. Da f\u00e5r vi frem en liste, og her kan vi spesifisere og gj\u00f8re mer presise s\u00f8k. Under kommer eksempler.<\/p>\n\n\n\n<h3 class=\"wp-block-heading\"><br><strong>Velge kolonner<\/strong><\/h3>\n\n\n\n<p><strong>1)<\/strong>&nbsp;Man kan legge til eller fjerne kolonner fra listen etter hva man har behov for. F\u00f8rste steg er da \u00e5 trykke p\u00e5&nbsp;<strong>Kolonner<\/strong>.<\/p>\n\n\n\n<figure class=\"wp-block-image size-full\"><img loading=\"lazy\" decoding=\"async\" width=\"960\" height=\"450\" src=\"https:\/\/www.normisjon.no\/content\/uploads\/sites\/46\/2025\/05\/Unknown-2-4.jpeg\" alt=\"\" class=\"wp-image-385\" srcset=\"https:\/\/www.normisjon.no\/content\/uploads\/sites\/46\/2025\/05\/Unknown-2-4.jpeg 960w, https:\/\/www.normisjon.no\/content\/uploads\/sites\/46\/2025\/05\/Unknown-2-4-300x141.jpeg 300w, https:\/\/www.normisjon.no\/content\/uploads\/sites\/46\/2025\/05\/Unknown-2-4-768x360.jpeg 768w\" sizes=\"auto, (max-width: 960px) 100vw, 960px\" \/><\/figure>\n\n\n\n<p><strong>2)&nbsp;<\/strong>Det kommer s\u00e5 opp en liste med alle tilgjengelige valg av kolonner. Her kan man legge til eller velge bort dem man selv \u00f8nsker \u00e5 ha i listen. Dette gj\u00f8res ved \u00e5 trykke i ruten ved siden av \u00f8nsket kolonne. Er ruten bl\u00e5 vil kolonnen vises.<\/p>\n\n\n\n<figure class=\"wp-block-image size-full\"><img loading=\"lazy\" decoding=\"async\" width=\"960\" height=\"474\" src=\"https:\/\/www.normisjon.no\/content\/uploads\/sites\/46\/2025\/05\/Unknown-1-2-3.jpeg\" alt=\"\" class=\"wp-image-386\" srcset=\"https:\/\/www.normisjon.no\/content\/uploads\/sites\/46\/2025\/05\/Unknown-1-2-3.jpeg 960w, https:\/\/www.normisjon.no\/content\/uploads\/sites\/46\/2025\/05\/Unknown-1-2-3-300x148.jpeg 300w, https:\/\/www.normisjon.no\/content\/uploads\/sites\/46\/2025\/05\/Unknown-1-2-3-768x379.jpeg 768w\" sizes=\"auto, (max-width: 960px) 100vw, 960px\" \/><\/figure>\n\n\n\n<h3 class=\"wp-block-heading\"><br><strong>S\u00f8k i kolonner<\/strong><\/h3>\n\n\n\n<p>I alle kolonnene kan det gj\u00f8res s\u00f8k\/filtreringer for \u00e5 spesifisere listen. Dette gj\u00f8res p\u00e5 samme m\u00e5te, ved \u00e5 trykke p\u00e5 ikonet ved siden av tittelen \u00f8verst i kolonnen, men filtreringsmulighetene vil variere basert p\u00e5 hvilken kolonne man gj\u00f8r endringer i.&nbsp;<\/p>\n\n\n\n<p><em>Eksempel: Vi vil kun se folk mellom 18 og 60 \u00e5r i listen.<\/em><\/p>\n\n\n\n<p><strong>1)&nbsp;<\/strong>For \u00e5 spesifisere eller filtrere i kolonnene, trykker man p\u00e5 symbolet \u00f8verst i kolonnen. Da dukker s\u00f8kemotoren opp for den valgte kolonnen.<\/p>\n\n\n\n<p><strong>2)&nbsp;<\/strong>Ettersom vi i eksempelet \u00f8nsker \u00e5 se alle fra og med 18 \u00e5r, velger vi&nbsp;<strong>Er lik eller st\u00f8rre enn&nbsp;<\/strong>i nedtrekksmenyen, og skriver 18 i feltet under. Da vil alle om er 18 eller over vises.<\/p>\n\n\n\n<p><strong>3)&nbsp;<\/strong>N\u00e5r vi ogs\u00e5 er ute etter en \u00f8vre grense i alder, legger vi til et kriterium i feltet under ogs\u00e5. Her velger vi&nbsp;<strong>Er lik eller mindre enn<\/strong>&nbsp;slik at alle som er 60 eller yngre vises p\u00e5 listen.<\/p>\n\n\n\n<p><strong>4)&nbsp;<\/strong>For \u00e5 oppdatere listen trykker vi p\u00e5&nbsp;<strong>Filtrere.<\/strong><\/p>\n\n\n\n<p><strong>5)&nbsp;<\/strong>Om vi \u00f8nsker \u00e5 ta bort denne filtreringen trykker vi p\u00e5&nbsp;<strong>Fjern<\/strong>.<\/p>\n\n\n\n<figure class=\"wp-block-image size-full\"><img loading=\"lazy\" decoding=\"async\" width=\"960\" height=\"459\" src=\"https:\/\/www.normisjon.no\/content\/uploads\/sites\/46\/2025\/05\/Unknown-2-5.jpeg\" alt=\"\" class=\"wp-image-387\" srcset=\"https:\/\/www.normisjon.no\/content\/uploads\/sites\/46\/2025\/05\/Unknown-2-5.jpeg 960w, https:\/\/www.normisjon.no\/content\/uploads\/sites\/46\/2025\/05\/Unknown-2-5-300x143.jpeg 300w, https:\/\/www.normisjon.no\/content\/uploads\/sites\/46\/2025\/05\/Unknown-2-5-768x367.jpeg 768w\" sizes=\"auto, (max-width: 960px) 100vw, 960px\" \/><\/figure>\n\n\n\n<div class=\"wp-block-columns is-layout-flex wp-container-core-columns-is-layout-c5150b4a wp-block-columns-is-layout-flex\">\n<div class=\"wp-block-column is-layout-flow wp-block-column-is-layout-flow\" style=\"flex-basis:75%\">\n<p><strong>6)&nbsp;<\/strong>Hvis vi i tillegg \u00f8nsker \u00e5 f\u00e5 listen arrangert i synkende eller stigende rekkef\u00f8lge basert p\u00e5 alder, trykker vi p\u00e5 kolonnens tittel \u00e9n eller to ganger, avhengig av om vi vil ha listen i stigende eller synkende alder. Dette gjelder de andre kolonnene ogs\u00e5, som navn i stigende eller synkende alfabetisk rekkef\u00f8lge osv. Den bl\u00e5 pilen indikerer om det er synkende (som p\u00e5 bildet) eller stigende. Trykker vi en tredje gang, blir listen tilbakestilt igjen.<\/p>\n<\/div>\n\n\n\n<div class=\"wp-block-column is-layout-flow wp-block-column-is-layout-flow\" style=\"flex-basis:25%\">\n<figure class=\"wp-block-image size-full\"><img loading=\"lazy\" decoding=\"async\" width=\"348\" height=\"492\" src=\"https:\/\/www.normisjon.no\/content\/uploads\/sites\/46\/2025\/05\/Unknown-3-2.jpeg\" alt=\"\" class=\"wp-image-388\" srcset=\"https:\/\/www.normisjon.no\/content\/uploads\/sites\/46\/2025\/05\/Unknown-3-2.jpeg 348w, https:\/\/www.normisjon.no\/content\/uploads\/sites\/46\/2025\/05\/Unknown-3-2-212x300.jpeg 212w\" sizes=\"auto, (max-width: 348px) 100vw, 348px\" \/><\/figure>\n<\/div>\n<\/div>\n\n\n\n<p>Slik kan vi jobbe oss bortover kolonnene, og spesifisere s\u00f8ket ytterligere. Eksempelvis kan vi videre spesifisere om de p\u00e5 listen skal\/ikke skal v\u00e6re givere\/medlemmer og s\u00e5 videre.<br><\/p>\n\n\n\n<h3 class=\"wp-block-heading\"><br><strong>S\u00f8k etter navn<\/strong><\/h3>\n\n\n\n<p><strong>1)&nbsp;<\/strong>For \u00e5 s\u00f8ke etter enkeltpersoner vi kjenner navnet til, om vi for eksempel skal redigere noe i profilen deres, starter vi med \u00e5 trykke p\u00e5 ikonet \u00f8verst i kolonnen, slik at s\u00f8kemotoren kommer frem.<\/p>\n\n\n\n<p><strong>2)&nbsp;<\/strong>Videre velger vi&nbsp;<strong>Inneholder&nbsp;<\/strong>fra den \u00f8verste nedtrekksmenyen og skriver inn navnet p\u00e5 personen i feltet under. Om vi f.eks. kun skriver et fornavn, vil alle med dette navnet dukke opp i listen.<\/p>\n\n\n\n<p><strong>3)&nbsp;<\/strong>Vi trykker p\u00e5 knappen&nbsp;<strong>Filtrere&nbsp;<\/strong>for \u00e5 oppdatere listen, og&nbsp;<strong>Fjern&nbsp;<\/strong>om vi vil nullstille listen igjen.<\/p>\n\n\n\n<figure class=\"wp-block-image aligncenter size-full is-resized\"><img loading=\"lazy\" decoding=\"async\" width=\"960\" height=\"869\" src=\"https:\/\/www.normisjon.no\/content\/uploads\/sites\/46\/2025\/05\/Unknown-4.jpeg\" alt=\"\" class=\"wp-image-389\" style=\"width:523px;height:473px\" srcset=\"https:\/\/www.normisjon.no\/content\/uploads\/sites\/46\/2025\/05\/Unknown-4.jpeg 960w, https:\/\/www.normisjon.no\/content\/uploads\/sites\/46\/2025\/05\/Unknown-4-300x272.jpeg 300w, https:\/\/www.normisjon.no\/content\/uploads\/sites\/46\/2025\/05\/Unknown-4-768x695.jpeg 768w\" sizes=\"auto, (max-width: 960px) 100vw, 960px\" \/><\/figure>\n\n\n\n<h3 class=\"wp-block-heading\"><br><strong>Bruke den ferdige listen<\/strong><\/h3>\n\n\n\n<p>N\u00e5r vi har gjort n\u00f8dvendige filtreringer og listen er slik vi \u00f8nsker den, kan vi benytte den til \u00f8nsket form\u00e5l. Vi kan n\u00e5 velge \u00e5 sende e-post eller sms til alle p\u00e5 listen (se guider til \u00e5&nbsp;<a href=\"https:\/\/www.normisjon.no\/crm-manual\/sende-sms-til-medlemmer-i-crm-light\/\">sende sms<\/a>&nbsp;eller&nbsp;<a href=\"https:\/\/www.normisjon.no\/crm-manual\/sende-e-post-til-medlemmer-i-crm-light\/\">sende e-post<\/a>), eller den kan lastes ned til datamaskinen som et Excel-dokument ved \u00e5 trykke p\u00e5 knappen&nbsp;<strong>Eksporter til Excel<\/strong>.&nbsp;<\/p>\n\n\n\n<figure class=\"wp-block-image size-full\"><img loading=\"lazy\" decoding=\"async\" width=\"960\" height=\"597\" src=\"https:\/\/www.normisjon.no\/content\/uploads\/sites\/46\/2025\/05\/Unknown-5.jpeg\" alt=\"\" class=\"wp-image-390\" srcset=\"https:\/\/www.normisjon.no\/content\/uploads\/sites\/46\/2025\/05\/Unknown-5.jpeg 960w, https:\/\/www.normisjon.no\/content\/uploads\/sites\/46\/2025\/05\/Unknown-5-300x187.jpeg 300w, https:\/\/www.normisjon.no\/content\/uploads\/sites\/46\/2025\/05\/Unknown-5-768x478.jpeg 768w\" sizes=\"auto, (max-width: 960px) 100vw, 960px\" \/><\/figure>\n\n\n\n<div class=\"wp-block-buttons is-content-justification-center is-layout-flex wp-container-core-buttons-is-layout-a89b3969 wp-block-buttons-is-layout-flex\">\n<div class=\"wp-block-button is-style-fill\"><a class=\"wp-block-button__link has-custom-font-size wp-element-button\" href=\"https:\/\/www.normisjon.no\/crm-manual\/alle-manualer-for-crm-light\/\" style=\"font-size:15px\">Tilbake til oversikt<\/a><\/div>\n<\/div>\n<\/div>","protected":false},"excerpt":{"rendered":"<p>Hvordan gj\u00f8re s\u00f8k blant alle navn tilknyttet en forsamling\/menighet i CRM Light. Skal du sende&nbsp;SMS&nbsp;eller&nbsp;e-post? For \u00e5 f\u00e5 opp alle navn tilknyttet forsamlingen\/menigheten m\u00e5 vi [&hellip;]<\/p>\n","protected":false},"author":143,"featured_media":0,"parent":0,"menu_order":0,"comment_status":"closed","ping_status":"closed","template":"","meta":{"_acf_changed":false,"footnotes":""},"class_list":["post-384","page","type-page","status-publish","hentry"],"acf":[],"yoast_head":"<!-- This site is optimized with the Yoast SEO plugin v25.9 - https:\/\/yoast.com\/wordpress\/plugins\/seo\/ -->\n<title>S\u00f8k blant alle i CRM Light - CRM manual<\/title>\n<meta name=\"robots\" content=\"index, follow, max-snippet:-1, max-image-preview:large, max-video-preview:-1\" \/>\n<link rel=\"canonical\" href=\"https:\/\/www.normisjon.no\/crm-manual\/sok-blant-alle-i-crmlight\/\" \/>\n<meta property=\"og:locale\" content=\"nb_NO\" \/>\n<meta property=\"og:type\" content=\"article\" \/>\n<meta property=\"og:title\" content=\"S\u00f8k blant alle i CRM Light - CRM manual\" \/>\n<meta property=\"og:description\" content=\"Hvordan gj\u00f8re s\u00f8k blant alle navn tilknyttet en forsamling\/menighet i CRM Light. Skal du sende&nbsp;SMS&nbsp;eller&nbsp;e-post? For \u00e5 f\u00e5 opp alle navn tilknyttet forsamlingen\/menigheten m\u00e5 vi [&hellip;]\" \/>\n<meta property=\"og:url\" content=\"https:\/\/www.normisjon.no\/crm-manual\/sok-blant-alle-i-crmlight\/\" \/>\n<meta property=\"og:site_name\" content=\"CRM manual\" \/>\n<meta property=\"article:modified_time\" content=\"2026-02-16T11:19:15+00:00\" \/>\n<meta property=\"og:image\" content=\"https:\/\/www.normisjon.no\/content\/uploads\/sites\/46\/2026\/02\/Gruppe1-2.jpg\" \/>\n\t<meta property=\"og:image:width\" content=\"492\" \/>\n\t<meta property=\"og:image:height\" content=\"588\" \/>\n\t<meta property=\"og:image:type\" content=\"image\/jpeg\" \/>\n<meta name=\"twitter:card\" content=\"summary_large_image\" \/>\n<meta name=\"twitter:label1\" content=\"Ansl. lesetid\" \/>\n\t<meta name=\"twitter:data1\" content=\"5 minutter\" \/>\n<script type=\"application\/ld+json\" class=\"yoast-schema-graph\">{\"@context\":\"https:\/\/schema.org\",\"@graph\":[{\"@type\":\"WebPage\",\"@id\":\"https:\/\/www.normisjon.no\/crm-manual\/sok-blant-alle-i-crmlight\/\",\"url\":\"https:\/\/www.normisjon.no\/crm-manual\/sok-blant-alle-i-crmlight\/\",\"name\":\"S\u00f8k blant alle i CRM Light - CRM manual\",\"isPartOf\":{\"@id\":\"https:\/\/www.normisjon.no\/crm-manual\/#website\"},\"primaryImageOfPage\":{\"@id\":\"https:\/\/www.normisjon.no\/crm-manual\/sok-blant-alle-i-crmlight\/#primaryimage\"},\"image\":{\"@id\":\"https:\/\/www.normisjon.no\/crm-manual\/sok-blant-alle-i-crmlight\/#primaryimage\"},\"thumbnailUrl\":\"https:\/\/www.normisjon.no\/content\/uploads\/sites\/46\/2026\/02\/Gruppe1-2.jpg\",\"datePublished\":\"2025-05-19T10:59:53+00:00\",\"dateModified\":\"2026-02-16T11:19:15+00:00\",\"breadcrumb\":{\"@id\":\"https:\/\/www.normisjon.no\/crm-manual\/sok-blant-alle-i-crmlight\/#breadcrumb\"},\"inLanguage\":\"nb-NO\",\"potentialAction\":[{\"@type\":\"ReadAction\",\"target\":[\"https:\/\/www.normisjon.no\/crm-manual\/sok-blant-alle-i-crmlight\/\"]}]},{\"@type\":\"ImageObject\",\"inLanguage\":\"nb-NO\",\"@id\":\"https:\/\/www.normisjon.no\/crm-manual\/sok-blant-alle-i-crmlight\/#primaryimage\",\"url\":\"https:\/\/www.normisjon.no\/content\/uploads\/sites\/46\/2026\/02\/Gruppe1-2.jpg\",\"contentUrl\":\"https:\/\/www.normisjon.no\/content\/uploads\/sites\/46\/2026\/02\/Gruppe1-2.jpg\"},{\"@type\":\"BreadcrumbList\",\"@id\":\"https:\/\/www.normisjon.no\/crm-manual\/sok-blant-alle-i-crmlight\/#breadcrumb\",\"itemListElement\":[{\"@type\":\"ListItem\",\"position\":1,\"name\":\"Hjem\",\"item\":\"https:\/\/www.normisjon.no\/crm-manual\/\"},{\"@type\":\"ListItem\",\"position\":2,\"name\":\"S\u00f8k blant alle i CRM Light\"}]},{\"@type\":\"WebSite\",\"@id\":\"https:\/\/www.normisjon.no\/crm-manual\/#website\",\"url\":\"https:\/\/www.normisjon.no\/crm-manual\/\",\"name\":\"CRM manual\",\"description\":\"\",\"potentialAction\":[{\"@type\":\"SearchAction\",\"target\":{\"@type\":\"EntryPoint\",\"urlTemplate\":\"https:\/\/www.normisjon.no\/crm-manual\/?s={search_term_string}\"},\"query-input\":{\"@type\":\"PropertyValueSpecification\",\"valueRequired\":true,\"valueName\":\"search_term_string\"}}],\"inLanguage\":\"nb-NO\"}]}<\/script>\n<!-- \/ Yoast SEO plugin. -->","yoast_head_json":{"title":"S\u00f8k blant alle i CRM Light - CRM manual","robots":{"index":"index","follow":"follow","max-snippet":"max-snippet:-1","max-image-preview":"max-image-preview:large","max-video-preview":"max-video-preview:-1"},"canonical":"https:\/\/www.normisjon.no\/crm-manual\/sok-blant-alle-i-crmlight\/","og_locale":"nb_NO","og_type":"article","og_title":"S\u00f8k blant alle i CRM Light - CRM manual","og_description":"Hvordan gj\u00f8re s\u00f8k blant alle navn tilknyttet en forsamling\/menighet i CRM Light. Skal du sende&nbsp;SMS&nbsp;eller&nbsp;e-post? For \u00e5 f\u00e5 opp alle navn tilknyttet forsamlingen\/menigheten m\u00e5 vi [&hellip;]","og_url":"https:\/\/www.normisjon.no\/crm-manual\/sok-blant-alle-i-crmlight\/","og_site_name":"CRM manual","article_modified_time":"2026-02-16T11:19:15+00:00","og_image":[{"width":492,"height":588,"url":"https:\/\/www.normisjon.no\/content\/uploads\/sites\/46\/2026\/02\/Gruppe1-2.jpg","type":"image\/jpeg"}],"twitter_card":"summary_large_image","twitter_misc":{"Ansl. lesetid":"5 minutter"},"schema":{"@context":"https:\/\/schema.org","@graph":[{"@type":"WebPage","@id":"https:\/\/www.normisjon.no\/crm-manual\/sok-blant-alle-i-crmlight\/","url":"https:\/\/www.normisjon.no\/crm-manual\/sok-blant-alle-i-crmlight\/","name":"S\u00f8k blant alle i CRM Light - CRM manual","isPartOf":{"@id":"https:\/\/www.normisjon.no\/crm-manual\/#website"},"primaryImageOfPage":{"@id":"https:\/\/www.normisjon.no\/crm-manual\/sok-blant-alle-i-crmlight\/#primaryimage"},"image":{"@id":"https:\/\/www.normisjon.no\/crm-manual\/sok-blant-alle-i-crmlight\/#primaryimage"},"thumbnailUrl":"https:\/\/www.normisjon.no\/content\/uploads\/sites\/46\/2026\/02\/Gruppe1-2.jpg","datePublished":"2025-05-19T10:59:53+00:00","dateModified":"2026-02-16T11:19:15+00:00","breadcrumb":{"@id":"https:\/\/www.normisjon.no\/crm-manual\/sok-blant-alle-i-crmlight\/#breadcrumb"},"inLanguage":"nb-NO","potentialAction":[{"@type":"ReadAction","target":["https:\/\/www.normisjon.no\/crm-manual\/sok-blant-alle-i-crmlight\/"]}]},{"@type":"ImageObject","inLanguage":"nb-NO","@id":"https:\/\/www.normisjon.no\/crm-manual\/sok-blant-alle-i-crmlight\/#primaryimage","url":"https:\/\/www.normisjon.no\/content\/uploads\/sites\/46\/2026\/02\/Gruppe1-2.jpg","contentUrl":"https:\/\/www.normisjon.no\/content\/uploads\/sites\/46\/2026\/02\/Gruppe1-2.jpg"},{"@type":"BreadcrumbList","@id":"https:\/\/www.normisjon.no\/crm-manual\/sok-blant-alle-i-crmlight\/#breadcrumb","itemListElement":[{"@type":"ListItem","position":1,"name":"Hjem","item":"https:\/\/www.normisjon.no\/crm-manual\/"},{"@type":"ListItem","position":2,"name":"S\u00f8k blant alle i CRM Light"}]},{"@type":"WebSite","@id":"https:\/\/www.normisjon.no\/crm-manual\/#website","url":"https:\/\/www.normisjon.no\/crm-manual\/","name":"CRM manual","description":"","potentialAction":[{"@type":"SearchAction","target":{"@type":"EntryPoint","urlTemplate":"https:\/\/www.normisjon.no\/crm-manual\/?s={search_term_string}"},"query-input":{"@type":"PropertyValueSpecification","valueRequired":true,"valueName":"search_term_string"}}],"inLanguage":"nb-NO"}]}},"_links":{"self":[{"href":"https:\/\/www.normisjon.no\/crm-manual\/wp-json\/wp\/v2\/pages\/384","targetHints":{"allow":["GET"]}}],"collection":[{"href":"https:\/\/www.normisjon.no\/crm-manual\/wp-json\/wp\/v2\/pages"}],"about":[{"href":"https:\/\/www.normisjon.no\/crm-manual\/wp-json\/wp\/v2\/types\/page"}],"author":[{"embeddable":true,"href":"https:\/\/www.normisjon.no\/crm-manual\/wp-json\/wp\/v2\/users\/143"}],"replies":[{"embeddable":true,"href":"https:\/\/www.normisjon.no\/crm-manual\/wp-json\/wp\/v2\/comments?post=384"}],"version-history":[{"count":14,"href":"https:\/\/www.normisjon.no\/crm-manual\/wp-json\/wp\/v2\/pages\/384\/revisions"}],"predecessor-version":[{"id":1220,"href":"https:\/\/www.normisjon.no\/crm-manual\/wp-json\/wp\/v2\/pages\/384\/revisions\/1220"}],"wp:attachment":[{"href":"https:\/\/www.normisjon.no\/crm-manual\/wp-json\/wp\/v2\/media?parent=384"}],"curies":[{"name":"wp","href":"https:\/\/api.w.org\/{rel}","templated":true}]}}