{"id":408,"date":"2025-05-19T13:34:01","date_gmt":"2025-05-19T11:34:01","guid":{"rendered":"https:\/\/www.normisjon.no\/crm-manual\/?page_id=408"},"modified":"2026-02-09T15:21:30","modified_gmt":"2026-02-09T14:21:30","slug":"redigere-info-om-regionen","status":"publish","type":"page","link":"https:\/\/www.normisjon.no\/crm-manual\/redigere-info-om-regionen\/","title":{"rendered":"Redigere info om regionen i ProFundo"},"content":{"rendered":"<div class=\"entry-content alignfull wp-block-post-content has-global-padding is-layout-constrained wp-block-post-content-is-layout-constrained\">\n<figure class=\"wp-block-image aligncenter size-full is-resized\"><img loading=\"lazy\" decoding=\"async\" width=\"294\" height=\"566\" src=\"https:\/\/www.normisjon.no\/content\/uploads\/sites\/46\/2026\/02\/Oransje-fyr-2-2.jpg\" alt=\"\" class=\"wp-image-1059\" style=\"width:64px\" srcset=\"https:\/\/www.normisjon.no\/content\/uploads\/sites\/46\/2026\/02\/Oransje-fyr-2-2.jpg 294w, https:\/\/www.normisjon.no\/content\/uploads\/sites\/46\/2026\/02\/Oransje-fyr-2-2-156x300.jpg 156w\" sizes=\"auto, (max-width: 294px) 100vw, 294px\" \/><\/figure>\n\n\n\n<p><strong>Hvordan redigere informasjon om regionen i ProFundo.<\/strong><\/p>\n\n\n\n<p><em>Se hvordan du&nbsp;<\/em><a href=\"https:\/\/www.normisjon.no\/crm-manual\/redigere-profil-i-profundo\/\"><em>redigerer en brukerprofil.<\/em><\/a><\/p>\n\n\n\n<p><strong>1)<\/strong>&nbsp;For \u00e5 redigere informasjonen som er lagret i ProFundo om regionen, starter vi med \u00e5 s\u00f8ke etter den i s\u00f8kemotoren \u00f8verst p\u00e5 siden. Vi bruker da regionens nummer, i dette eksempelet 106 (Region Agder), skriver det inn og trykker&nbsp;<strong>Enter<\/strong>&nbsp;p\u00e5 tastaturet.<\/p>\n\n\n\n<figure class=\"wp-block-image size-full\"><img loading=\"lazy\" decoding=\"async\" width=\"960\" height=\"252\" src=\"https:\/\/www.normisjon.no\/content\/uploads\/sites\/46\/2025\/05\/Unknown-2-7.jpeg\" alt=\"\" class=\"wp-image-409\" srcset=\"https:\/\/www.normisjon.no\/content\/uploads\/sites\/46\/2025\/05\/Unknown-2-7.jpeg 960w, https:\/\/www.normisjon.no\/content\/uploads\/sites\/46\/2025\/05\/Unknown-2-7-300x79.jpeg 300w, https:\/\/www.normisjon.no\/content\/uploads\/sites\/46\/2025\/05\/Unknown-2-7-768x202.jpeg 768w\" sizes=\"auto, (max-width: 960px) 100vw, 960px\" \/><\/figure>\n\n\n\n<p><strong>2)&nbsp;<\/strong>Vi kommer da til regionens hovedside. Her trykker vi p\u00e5 de tre prikkene \u00f8verst til h\u00f8yre i hovedelementet, og s\u00e5 p\u00e5&nbsp;<strong>Rediger<\/strong>&nbsp;i menyen som kommer frem.<\/p>\n\n\n\n<p><em>For \u00e5 se tidligere endringer\/redigeringer kan vi trykke&nbsp;<strong>Historikk<\/strong>.<\/em><\/p>\n\n\n\n<figure class=\"wp-block-image size-full\"><img loading=\"lazy\" decoding=\"async\" width=\"960\" height=\"477\" src=\"https:\/\/www.normisjon.no\/content\/uploads\/sites\/46\/2025\/05\/Unknown-1-2-5.jpeg\" alt=\"\" class=\"wp-image-410\" srcset=\"https:\/\/www.normisjon.no\/content\/uploads\/sites\/46\/2025\/05\/Unknown-1-2-5.jpeg 960w, https:\/\/www.normisjon.no\/content\/uploads\/sites\/46\/2025\/05\/Unknown-1-2-5-300x149.jpeg 300w, https:\/\/www.normisjon.no\/content\/uploads\/sites\/46\/2025\/05\/Unknown-1-2-5-768x382.jpeg 768w\" sizes=\"auto, (max-width: 960px) 100vw, 960px\" \/><\/figure>\n\n\n\n<div class=\"wp-block-columns is-layout-flex wp-container-core-columns-is-layout-67f976c8 wp-block-columns-is-layout-flex\">\n<div class=\"wp-block-column is-layout-flow wp-block-column-is-layout-flow\" style=\"flex-basis:40%\">\n<p><strong>3)&nbsp;<\/strong>Vi f\u00e5r n\u00e5 opp skjemaet hvor vi fyller inn ny eller endrer informasjon om regionen\/menigheten. N\u00e5r vi har gjort \u00f8nskede endringer trykker vi p\u00e5&nbsp;<strong>Lagre<\/strong>.<\/p>\n<\/div>\n\n\n\n<div class=\"wp-block-column is-layout-flow wp-block-column-is-layout-flow\" style=\"flex-basis:60%\">\n<figure class=\"wp-block-image size-large\"><img loading=\"lazy\" decoding=\"async\" width=\"886\" height=\"1024\" src=\"https:\/\/www.normisjon.no\/content\/uploads\/sites\/46\/2025\/05\/Unknown-2-8-886x1024.jpeg\" alt=\"\" class=\"wp-image-411\" srcset=\"https:\/\/www.normisjon.no\/content\/uploads\/sites\/46\/2025\/05\/Unknown-2-8-886x1024.jpeg 886w, https:\/\/www.normisjon.no\/content\/uploads\/sites\/46\/2025\/05\/Unknown-2-8-260x300.jpeg 260w, https:\/\/www.normisjon.no\/content\/uploads\/sites\/46\/2025\/05\/Unknown-2-8-768x887.jpeg 768w, https:\/\/www.normisjon.no\/content\/uploads\/sites\/46\/2025\/05\/Unknown-2-8-831x960.jpeg 831w, https:\/\/www.normisjon.no\/content\/uploads\/sites\/46\/2025\/05\/Unknown-2-8.jpeg 1210w\" sizes=\"auto, (max-width: 886px) 100vw, 886px\" \/><\/figure>\n<\/div>\n<\/div>\n\n\n\n<div class=\"wp-block-buttons is-content-justification-center is-layout-flex wp-container-core-buttons-is-layout-a89b3969 wp-block-buttons-is-layout-flex\">\n<div class=\"wp-block-button is-style-fill\"><a class=\"wp-block-button__link has-custom-font-size wp-element-button\" href=\"https:\/\/www.normisjon.no\/crm-manual\/alle-manualer-for-profundo\/\" style=\"font-size:15px\">Tilbake til oversikt<\/a><\/div>\n<\/div>\n<\/div>","protected":false},"excerpt":{"rendered":"<p>Hvordan redigere informasjon om regionen i ProFundo. Se hvordan du&nbsp;redigerer en brukerprofil. 1)&nbsp;For \u00e5 redigere informasjonen som er lagret i ProFundo om regionen, starter vi [&hellip;]<\/p>\n","protected":false},"author":143,"featured_media":0,"parent":0,"menu_order":0,"comment_status":"closed","ping_status":"closed","template":"","meta":{"_acf_changed":false,"footnotes":""},"class_list":["post-408","page","type-page","status-publish","hentry"],"acf":[],"yoast_head":"<!-- This site is optimized with the Yoast SEO plugin v25.9 - https:\/\/yoast.com\/wordpress\/plugins\/seo\/ -->\n<title>Redigere info om regionen i ProFundo - CRM manual<\/title>\n<meta name=\"robots\" content=\"index, follow, max-snippet:-1, max-image-preview:large, max-video-preview:-1\" \/>\n<link rel=\"canonical\" href=\"https:\/\/www.normisjon.no\/crm-manual\/redigere-info-om-regionen\/\" \/>\n<meta property=\"og:locale\" content=\"nb_NO\" \/>\n<meta property=\"og:type\" content=\"article\" \/>\n<meta property=\"og:title\" content=\"Redigere info om regionen i ProFundo - CRM manual\" \/>\n<meta property=\"og:description\" content=\"Hvordan redigere informasjon om regionen i ProFundo. Se hvordan du&nbsp;redigerer en brukerprofil. 1)&nbsp;For \u00e5 redigere informasjonen som er lagret i ProFundo om regionen, starter vi [&hellip;]\" \/>\n<meta property=\"og:url\" content=\"https:\/\/www.normisjon.no\/crm-manual\/redigere-info-om-regionen\/\" \/>\n<meta property=\"og:site_name\" content=\"CRM manual\" \/>\n<meta property=\"article:modified_time\" content=\"2026-02-09T14:21:30+00:00\" \/>\n<meta property=\"og:image\" content=\"https:\/\/www.normisjon.no\/content\/uploads\/sites\/46\/2026\/02\/Oransje-fyr-2-2.jpg\" \/>\n\t<meta property=\"og:image:width\" content=\"294\" \/>\n\t<meta property=\"og:image:height\" content=\"566\" \/>\n\t<meta property=\"og:image:type\" content=\"image\/jpeg\" \/>\n<meta name=\"twitter:card\" content=\"summary_large_image\" \/>\n<meta name=\"twitter:label1\" content=\"Ansl. lesetid\" \/>\n\t<meta name=\"twitter:data1\" content=\"2 minutter\" \/>\n<script type=\"application\/ld+json\" class=\"yoast-schema-graph\">{\"@context\":\"https:\/\/schema.org\",\"@graph\":[{\"@type\":\"WebPage\",\"@id\":\"https:\/\/www.normisjon.no\/crm-manual\/redigere-info-om-regionen\/\",\"url\":\"https:\/\/www.normisjon.no\/crm-manual\/redigere-info-om-regionen\/\",\"name\":\"Redigere info om regionen i ProFundo - CRM manual\",\"isPartOf\":{\"@id\":\"https:\/\/www.normisjon.no\/crm-manual\/#website\"},\"primaryImageOfPage\":{\"@id\":\"https:\/\/www.normisjon.no\/crm-manual\/redigere-info-om-regionen\/#primaryimage\"},\"image\":{\"@id\":\"https:\/\/www.normisjon.no\/crm-manual\/redigere-info-om-regionen\/#primaryimage\"},\"thumbnailUrl\":\"https:\/\/www.normisjon.no\/content\/uploads\/sites\/46\/2026\/02\/Oransje-fyr-2-2.jpg\",\"datePublished\":\"2025-05-19T11:34:01+00:00\",\"dateModified\":\"2026-02-09T14:21:30+00:00\",\"breadcrumb\":{\"@id\":\"https:\/\/www.normisjon.no\/crm-manual\/redigere-info-om-regionen\/#breadcrumb\"},\"inLanguage\":\"nb-NO\",\"potentialAction\":[{\"@type\":\"ReadAction\",\"target\":[\"https:\/\/www.normisjon.no\/crm-manual\/redigere-info-om-regionen\/\"]}]},{\"@type\":\"ImageObject\",\"inLanguage\":\"nb-NO\",\"@id\":\"https:\/\/www.normisjon.no\/crm-manual\/redigere-info-om-regionen\/#primaryimage\",\"url\":\"https:\/\/www.normisjon.no\/content\/uploads\/sites\/46\/2026\/02\/Oransje-fyr-2-2.jpg\",\"contentUrl\":\"https:\/\/www.normisjon.no\/content\/uploads\/sites\/46\/2026\/02\/Oransje-fyr-2-2.jpg\"},{\"@type\":\"BreadcrumbList\",\"@id\":\"https:\/\/www.normisjon.no\/crm-manual\/redigere-info-om-regionen\/#breadcrumb\",\"itemListElement\":[{\"@type\":\"ListItem\",\"position\":1,\"name\":\"Hjem\",\"item\":\"https:\/\/www.normisjon.no\/crm-manual\/\"},{\"@type\":\"ListItem\",\"position\":2,\"name\":\"Redigere info om regionen i ProFundo\"}]},{\"@type\":\"WebSite\",\"@id\":\"https:\/\/www.normisjon.no\/crm-manual\/#website\",\"url\":\"https:\/\/www.normisjon.no\/crm-manual\/\",\"name\":\"CRM manual\",\"description\":\"\",\"potentialAction\":[{\"@type\":\"SearchAction\",\"target\":{\"@type\":\"EntryPoint\",\"urlTemplate\":\"https:\/\/www.normisjon.no\/crm-manual\/?s={search_term_string}\"},\"query-input\":{\"@type\":\"PropertyValueSpecification\",\"valueRequired\":true,\"valueName\":\"search_term_string\"}}],\"inLanguage\":\"nb-NO\"}]}<\/script>\n<!-- \/ Yoast SEO plugin. -->","yoast_head_json":{"title":"Redigere info om regionen i ProFundo - CRM manual","robots":{"index":"index","follow":"follow","max-snippet":"max-snippet:-1","max-image-preview":"max-image-preview:large","max-video-preview":"max-video-preview:-1"},"canonical":"https:\/\/www.normisjon.no\/crm-manual\/redigere-info-om-regionen\/","og_locale":"nb_NO","og_type":"article","og_title":"Redigere info om regionen i ProFundo - CRM manual","og_description":"Hvordan redigere informasjon om regionen i ProFundo. Se hvordan du&nbsp;redigerer en brukerprofil. 1)&nbsp;For \u00e5 redigere informasjonen som er lagret i ProFundo om regionen, starter vi [&hellip;]","og_url":"https:\/\/www.normisjon.no\/crm-manual\/redigere-info-om-regionen\/","og_site_name":"CRM manual","article_modified_time":"2026-02-09T14:21:30+00:00","og_image":[{"width":294,"height":566,"url":"https:\/\/www.normisjon.no\/content\/uploads\/sites\/46\/2026\/02\/Oransje-fyr-2-2.jpg","type":"image\/jpeg"}],"twitter_card":"summary_large_image","twitter_misc":{"Ansl. lesetid":"2 minutter"},"schema":{"@context":"https:\/\/schema.org","@graph":[{"@type":"WebPage","@id":"https:\/\/www.normisjon.no\/crm-manual\/redigere-info-om-regionen\/","url":"https:\/\/www.normisjon.no\/crm-manual\/redigere-info-om-regionen\/","name":"Redigere info om regionen i ProFundo - CRM manual","isPartOf":{"@id":"https:\/\/www.normisjon.no\/crm-manual\/#website"},"primaryImageOfPage":{"@id":"https:\/\/www.normisjon.no\/crm-manual\/redigere-info-om-regionen\/#primaryimage"},"image":{"@id":"https:\/\/www.normisjon.no\/crm-manual\/redigere-info-om-regionen\/#primaryimage"},"thumbnailUrl":"https:\/\/www.normisjon.no\/content\/uploads\/sites\/46\/2026\/02\/Oransje-fyr-2-2.jpg","datePublished":"2025-05-19T11:34:01+00:00","dateModified":"2026-02-09T14:21:30+00:00","breadcrumb":{"@id":"https:\/\/www.normisjon.no\/crm-manual\/redigere-info-om-regionen\/#breadcrumb"},"inLanguage":"nb-NO","potentialAction":[{"@type":"ReadAction","target":["https:\/\/www.normisjon.no\/crm-manual\/redigere-info-om-regionen\/"]}]},{"@type":"ImageObject","inLanguage":"nb-NO","@id":"https:\/\/www.normisjon.no\/crm-manual\/redigere-info-om-regionen\/#primaryimage","url":"https:\/\/www.normisjon.no\/content\/uploads\/sites\/46\/2026\/02\/Oransje-fyr-2-2.jpg","contentUrl":"https:\/\/www.normisjon.no\/content\/uploads\/sites\/46\/2026\/02\/Oransje-fyr-2-2.jpg"},{"@type":"BreadcrumbList","@id":"https:\/\/www.normisjon.no\/crm-manual\/redigere-info-om-regionen\/#breadcrumb","itemListElement":[{"@type":"ListItem","position":1,"name":"Hjem","item":"https:\/\/www.normisjon.no\/crm-manual\/"},{"@type":"ListItem","position":2,"name":"Redigere info om regionen i ProFundo"}]},{"@type":"WebSite","@id":"https:\/\/www.normisjon.no\/crm-manual\/#website","url":"https:\/\/www.normisjon.no\/crm-manual\/","name":"CRM manual","description":"","potentialAction":[{"@type":"SearchAction","target":{"@type":"EntryPoint","urlTemplate":"https:\/\/www.normisjon.no\/crm-manual\/?s={search_term_string}"},"query-input":{"@type":"PropertyValueSpecification","valueRequired":true,"valueName":"search_term_string"}}],"inLanguage":"nb-NO"}]}},"_links":{"self":[{"href":"https:\/\/www.normisjon.no\/crm-manual\/wp-json\/wp\/v2\/pages\/408","targetHints":{"allow":["GET"]}}],"collection":[{"href":"https:\/\/www.normisjon.no\/crm-manual\/wp-json\/wp\/v2\/pages"}],"about":[{"href":"https:\/\/www.normisjon.no\/crm-manual\/wp-json\/wp\/v2\/types\/page"}],"author":[{"embeddable":true,"href":"https:\/\/www.normisjon.no\/crm-manual\/wp-json\/wp\/v2\/users\/143"}],"replies":[{"embeddable":true,"href":"https:\/\/www.normisjon.no\/crm-manual\/wp-json\/wp\/v2\/comments?post=408"}],"version-history":[{"count":7,"href":"https:\/\/www.normisjon.no\/crm-manual\/wp-json\/wp\/v2\/pages\/408\/revisions"}],"predecessor-version":[{"id":1176,"href":"https:\/\/www.normisjon.no\/crm-manual\/wp-json\/wp\/v2\/pages\/408\/revisions\/1176"}],"wp:attachment":[{"href":"https:\/\/www.normisjon.no\/crm-manual\/wp-json\/wp\/v2\/media?parent=408"}],"curies":[{"name":"wp","href":"https:\/\/api.w.org\/{rel}","templated":true}]}}