{"id":433,"date":"2025-05-19T15:03:31","date_gmt":"2025-05-19T13:03:31","guid":{"rendered":"https:\/\/www.normisjon.no\/crm-manual\/?page_id=433"},"modified":"2026-02-16T09:59:38","modified_gmt":"2026-02-16T08:59:38","slug":"redigere-profil-i-profundo","status":"publish","type":"page","link":"https:\/\/www.normisjon.no\/crm-manual\/redigere-profil-i-profundo\/","title":{"rendered":"Redigere profil i ProFundo"},"content":{"rendered":"<div class=\"entry-content alignfull wp-block-post-content has-global-padding is-layout-constrained wp-block-post-content-is-layout-constrained\">\n<figure class=\"wp-block-image aligncenter size-full is-resized\"><img loading=\"lazy\" decoding=\"async\" width=\"148\" height=\"284\" src=\"https:\/\/www.normisjon.no\/content\/uploads\/sites\/46\/2026\/02\/Slipsfyr2.jpg\" alt=\"\" class=\"wp-image-1063\" style=\"width:64px\"\/><\/figure>\n\n\n\n<p><strong>Hvordan redigere en eksisterende profil i ProFundo.<\/strong><\/p>\n\n\n\n<p><em>Se hvordan du&nbsp;<a href=\"https:\/\/www.normisjon.no\/crm-manual\/registrere-ny-person-2\/\">oppretter en ny profil<\/a><\/em> <em>eller <a href=\"https:\/\/www.normisjon.no\/crm-manual\/registrere-nytt-medlem\/\">registrerer et nytt medlem<\/a>.<\/em><\/p>\n\n\n\n<p><strong>1)<\/strong>&nbsp;Vi starter med \u00e5 s\u00f8ke frem personen. Dette gj\u00f8r vi ved \u00e5 f\u00f8rst g\u00e5 til&nbsp;<strong>S\u00f8k<\/strong>&nbsp;og&nbsp;<strong>Navn<\/strong>&nbsp;i menyen til venstre.<\/p>\n\n\n\n<p><strong>2)&nbsp;<\/strong>Deretter skriver vi inn navnet p\u00e5 personen, hvis profil vi skal gj\u00f8re endringer i, i s\u00f8kefeltet.<\/p>\n\n\n\n<p><strong>3)<\/strong>&nbsp;For \u00e5 utf\u00f8re s\u00f8ket etter navnet vi har skrevet inn, trykker vi p\u00e5&nbsp;<strong>Hent<\/strong>. Det vil da komme opp en liste med navn som passer med s\u00f8ket.<\/p>\n\n\n\n<figure class=\"wp-block-image size-full\"><img loading=\"lazy\" decoding=\"async\" width=\"960\" height=\"473\" src=\"https:\/\/www.normisjon.no\/content\/uploads\/sites\/46\/2025\/05\/Unknown-2-13.jpeg\" alt=\"\" class=\"wp-image-434\" srcset=\"https:\/\/www.normisjon.no\/content\/uploads\/sites\/46\/2025\/05\/Unknown-2-13.jpeg 960w, https:\/\/www.normisjon.no\/content\/uploads\/sites\/46\/2025\/05\/Unknown-2-13-300x148.jpeg 300w, https:\/\/www.normisjon.no\/content\/uploads\/sites\/46\/2025\/05\/Unknown-2-13-768x378.jpeg 768w\" sizes=\"auto, (max-width: 960px) 100vw, 960px\" \/><\/figure>\n\n\n\n<p><strong>4)&nbsp;&nbsp;<\/strong>N\u00e5r vi har s\u00f8kt frem riktig person, trykker vi oss inn p\u00e5 profilen til personen ved \u00e5 trykke p\u00e5 navnet eller et annet sted p\u00e5 linjen med informasjon om vedkommende (eksempelet er anonymisert, s\u00e5 mer informasjon vil v\u00e6re synlig ved s\u00f8k i ProFundo.)<\/p>\n\n\n\n<figure class=\"wp-block-image size-large\"><img loading=\"lazy\" decoding=\"async\" width=\"1024\" height=\"289\" src=\"https:\/\/www.normisjon.no\/content\/uploads\/sites\/46\/2025\/09\/Skjermbilde-2025-09-01-kl.-14.00.33-1024x289.png\" alt=\"\" class=\"wp-image-941\" srcset=\"https:\/\/www.normisjon.no\/content\/uploads\/sites\/46\/2025\/09\/Skjermbilde-2025-09-01-kl.-14.00.33-1024x289.png 1024w, https:\/\/www.normisjon.no\/content\/uploads\/sites\/46\/2025\/09\/Skjermbilde-2025-09-01-kl.-14.00.33-300x85.png 300w, https:\/\/www.normisjon.no\/content\/uploads\/sites\/46\/2025\/09\/Skjermbilde-2025-09-01-kl.-14.00.33-768x217.png 768w, https:\/\/www.normisjon.no\/content\/uploads\/sites\/46\/2025\/09\/Skjermbilde-2025-09-01-kl.-14.00.33-1360x384.png 1360w, https:\/\/www.normisjon.no\/content\/uploads\/sites\/46\/2025\/09\/Skjermbilde-2025-09-01-kl.-14.00.33-960x271.png 960w, https:\/\/www.normisjon.no\/content\/uploads\/sites\/46\/2025\/09\/Skjermbilde-2025-09-01-kl.-14.00.33.png 1514w\" sizes=\"auto, (max-width: 1024px) 100vw, 1024px\" \/><\/figure>\n\n\n\n<p><strong>5)&nbsp;<\/strong>Vi f\u00e5r n\u00e5 opp medlemsprofilen til personen. For \u00e5 gj\u00f8re endringer trykker vi p\u00e5 de&nbsp;<strong>tre prikkene<\/strong>&nbsp;\u00f8verst til h\u00f8yre, og deretter p\u00e5&nbsp;<strong>Rediger<\/strong>&nbsp;i menyen som dukker opp.<\/p>\n\n\n\n<figure class=\"wp-block-image size-full\"><img loading=\"lazy\" decoding=\"async\" width=\"960\" height=\"463\" src=\"https:\/\/www.normisjon.no\/content\/uploads\/sites\/46\/2025\/05\/Unknown-2-14.jpeg\" alt=\"\" class=\"wp-image-436\" srcset=\"https:\/\/www.normisjon.no\/content\/uploads\/sites\/46\/2025\/05\/Unknown-2-14.jpeg 960w, https:\/\/www.normisjon.no\/content\/uploads\/sites\/46\/2025\/05\/Unknown-2-14-300x145.jpeg 300w, https:\/\/www.normisjon.no\/content\/uploads\/sites\/46\/2025\/05\/Unknown-2-14-768x370.jpeg 768w\" sizes=\"auto, (max-width: 960px) 100vw, 960px\" \/><\/figure>\n\n\n\n<div class=\"wp-block-columns is-layout-flex wp-container-core-columns-is-layout-c5150b4a wp-block-columns-is-layout-flex\">\n<div class=\"wp-block-column is-layout-flow wp-block-column-is-layout-flow\" style=\"flex-basis:35%\">\n<p><strong>6)<\/strong>&nbsp;Det kommer s\u00e5 opp en ny boks, hvor vi kan gj\u00f8re n\u00f8dvendige endringer (i eksempelet er informasjonen anonymisert).&nbsp;<br><br><strong>7)<\/strong>&nbsp;Husk \u00e5 trykke&nbsp;<strong>Lagre<\/strong>&nbsp;n\u00e5r endringene er gjort.<\/p>\n<\/div>\n\n\n\n<div class=\"wp-block-column is-layout-flow wp-block-column-is-layout-flow\" style=\"flex-basis:65%\">\n<figure class=\"wp-block-image size-large\"><img loading=\"lazy\" decoding=\"async\" width=\"959\" height=\"1024\" src=\"https:\/\/www.normisjon.no\/content\/uploads\/sites\/46\/2025\/05\/Unknown-3-4-959x1024.jpeg\" alt=\"\" class=\"wp-image-437\" srcset=\"https:\/\/www.normisjon.no\/content\/uploads\/sites\/46\/2025\/05\/Unknown-3-4-959x1024.jpeg 959w, https:\/\/www.normisjon.no\/content\/uploads\/sites\/46\/2025\/05\/Unknown-3-4-281x300.jpeg 281w, https:\/\/www.normisjon.no\/content\/uploads\/sites\/46\/2025\/05\/Unknown-3-4-768x820.jpeg 768w, https:\/\/www.normisjon.no\/content\/uploads\/sites\/46\/2025\/05\/Unknown-3-4-899x960.jpeg 899w, https:\/\/www.normisjon.no\/content\/uploads\/sites\/46\/2025\/05\/Unknown-3-4.jpeg 1244w\" sizes=\"auto, (max-width: 959px) 100vw, 959px\" \/><\/figure>\n<\/div>\n<\/div>\n\n\n\n<div class=\"wp-block-buttons is-content-justification-center is-layout-flex wp-container-core-buttons-is-layout-a89b3969 wp-block-buttons-is-layout-flex\">\n<div class=\"wp-block-button is-style-fill\"><a class=\"wp-block-button__link has-custom-font-size wp-element-button\" href=\"https:\/\/www.normisjon.no\/crm-manual\/alle-manualer-for-profundo\/\" style=\"font-size:15px\">Tilbake til oversikt<\/a><\/div>\n<\/div>\n<\/div>","protected":false},"excerpt":{"rendered":"<p>Hvordan redigere en eksisterende profil i ProFundo. Se hvordan du&nbsp;oppretter en ny profil eller registrerer et nytt medlem. 1)&nbsp;Vi starter med \u00e5 s\u00f8ke frem personen. [&hellip;]<\/p>\n","protected":false},"author":143,"featured_media":0,"parent":0,"menu_order":0,"comment_status":"closed","ping_status":"closed","template":"","meta":{"_acf_changed":false,"footnotes":""},"class_list":["post-433","page","type-page","status-publish","hentry"],"acf":[],"yoast_head":"<!-- This site is optimized with the Yoast SEO plugin v25.9 - https:\/\/yoast.com\/wordpress\/plugins\/seo\/ -->\n<title>Redigere profil i ProFundo - CRM manual<\/title>\n<meta name=\"robots\" content=\"index, follow, max-snippet:-1, max-image-preview:large, max-video-preview:-1\" \/>\n<link rel=\"canonical\" href=\"https:\/\/www.normisjon.no\/crm-manual\/redigere-profil-i-profundo\/\" \/>\n<meta property=\"og:locale\" content=\"nb_NO\" \/>\n<meta property=\"og:type\" content=\"article\" \/>\n<meta property=\"og:title\" content=\"Redigere profil i ProFundo - CRM manual\" \/>\n<meta property=\"og:description\" content=\"Hvordan redigere en eksisterende profil i ProFundo. Se hvordan du&nbsp;oppretter en ny profil eller registrerer et nytt medlem. 1)&nbsp;Vi starter med \u00e5 s\u00f8ke frem personen. [&hellip;]\" \/>\n<meta property=\"og:url\" content=\"https:\/\/www.normisjon.no\/crm-manual\/redigere-profil-i-profundo\/\" \/>\n<meta property=\"og:site_name\" content=\"CRM manual\" \/>\n<meta property=\"article:modified_time\" content=\"2026-02-16T08:59:38+00:00\" \/>\n<meta property=\"og:image\" content=\"https:\/\/www.normisjon.no\/content\/uploads\/sites\/46\/2026\/02\/Slipsfyr2.jpg\" \/>\n\t<meta property=\"og:image:width\" content=\"148\" \/>\n\t<meta property=\"og:image:height\" content=\"284\" \/>\n\t<meta property=\"og:image:type\" content=\"image\/jpeg\" \/>\n<meta name=\"twitter:card\" content=\"summary_large_image\" \/>\n<meta name=\"twitter:label1\" content=\"Ansl. lesetid\" \/>\n\t<meta name=\"twitter:data1\" content=\"3 minutter\" \/>\n<script type=\"application\/ld+json\" class=\"yoast-schema-graph\">{\"@context\":\"https:\/\/schema.org\",\"@graph\":[{\"@type\":\"WebPage\",\"@id\":\"https:\/\/www.normisjon.no\/crm-manual\/redigere-profil-i-profundo\/\",\"url\":\"https:\/\/www.normisjon.no\/crm-manual\/redigere-profil-i-profundo\/\",\"name\":\"Redigere profil i ProFundo - CRM manual\",\"isPartOf\":{\"@id\":\"https:\/\/www.normisjon.no\/crm-manual\/#website\"},\"primaryImageOfPage\":{\"@id\":\"https:\/\/www.normisjon.no\/crm-manual\/redigere-profil-i-profundo\/#primaryimage\"},\"image\":{\"@id\":\"https:\/\/www.normisjon.no\/crm-manual\/redigere-profil-i-profundo\/#primaryimage\"},\"thumbnailUrl\":\"https:\/\/www.normisjon.no\/content\/uploads\/sites\/46\/2026\/02\/Slipsfyr2.jpg\",\"datePublished\":\"2025-05-19T13:03:31+00:00\",\"dateModified\":\"2026-02-16T08:59:38+00:00\",\"breadcrumb\":{\"@id\":\"https:\/\/www.normisjon.no\/crm-manual\/redigere-profil-i-profundo\/#breadcrumb\"},\"inLanguage\":\"nb-NO\",\"potentialAction\":[{\"@type\":\"ReadAction\",\"target\":[\"https:\/\/www.normisjon.no\/crm-manual\/redigere-profil-i-profundo\/\"]}]},{\"@type\":\"ImageObject\",\"inLanguage\":\"nb-NO\",\"@id\":\"https:\/\/www.normisjon.no\/crm-manual\/redigere-profil-i-profundo\/#primaryimage\",\"url\":\"https:\/\/www.normisjon.no\/content\/uploads\/sites\/46\/2026\/02\/Slipsfyr2.jpg\",\"contentUrl\":\"https:\/\/www.normisjon.no\/content\/uploads\/sites\/46\/2026\/02\/Slipsfyr2.jpg\"},{\"@type\":\"BreadcrumbList\",\"@id\":\"https:\/\/www.normisjon.no\/crm-manual\/redigere-profil-i-profundo\/#breadcrumb\",\"itemListElement\":[{\"@type\":\"ListItem\",\"position\":1,\"name\":\"Hjem\",\"item\":\"https:\/\/www.normisjon.no\/crm-manual\/\"},{\"@type\":\"ListItem\",\"position\":2,\"name\":\"Redigere profil i ProFundo\"}]},{\"@type\":\"WebSite\",\"@id\":\"https:\/\/www.normisjon.no\/crm-manual\/#website\",\"url\":\"https:\/\/www.normisjon.no\/crm-manual\/\",\"name\":\"CRM manual\",\"description\":\"\",\"potentialAction\":[{\"@type\":\"SearchAction\",\"target\":{\"@type\":\"EntryPoint\",\"urlTemplate\":\"https:\/\/www.normisjon.no\/crm-manual\/?s={search_term_string}\"},\"query-input\":{\"@type\":\"PropertyValueSpecification\",\"valueRequired\":true,\"valueName\":\"search_term_string\"}}],\"inLanguage\":\"nb-NO\"}]}<\/script>\n<!-- \/ Yoast SEO plugin. -->","yoast_head_json":{"title":"Redigere profil i ProFundo - CRM manual","robots":{"index":"index","follow":"follow","max-snippet":"max-snippet:-1","max-image-preview":"max-image-preview:large","max-video-preview":"max-video-preview:-1"},"canonical":"https:\/\/www.normisjon.no\/crm-manual\/redigere-profil-i-profundo\/","og_locale":"nb_NO","og_type":"article","og_title":"Redigere profil i ProFundo - CRM manual","og_description":"Hvordan redigere en eksisterende profil i ProFundo. Se hvordan du&nbsp;oppretter en ny profil eller registrerer et nytt medlem. 1)&nbsp;Vi starter med \u00e5 s\u00f8ke frem personen. [&hellip;]","og_url":"https:\/\/www.normisjon.no\/crm-manual\/redigere-profil-i-profundo\/","og_site_name":"CRM manual","article_modified_time":"2026-02-16T08:59:38+00:00","og_image":[{"width":148,"height":284,"url":"https:\/\/www.normisjon.no\/content\/uploads\/sites\/46\/2026\/02\/Slipsfyr2.jpg","type":"image\/jpeg"}],"twitter_card":"summary_large_image","twitter_misc":{"Ansl. lesetid":"3 minutter"},"schema":{"@context":"https:\/\/schema.org","@graph":[{"@type":"WebPage","@id":"https:\/\/www.normisjon.no\/crm-manual\/redigere-profil-i-profundo\/","url":"https:\/\/www.normisjon.no\/crm-manual\/redigere-profil-i-profundo\/","name":"Redigere profil i ProFundo - CRM manual","isPartOf":{"@id":"https:\/\/www.normisjon.no\/crm-manual\/#website"},"primaryImageOfPage":{"@id":"https:\/\/www.normisjon.no\/crm-manual\/redigere-profil-i-profundo\/#primaryimage"},"image":{"@id":"https:\/\/www.normisjon.no\/crm-manual\/redigere-profil-i-profundo\/#primaryimage"},"thumbnailUrl":"https:\/\/www.normisjon.no\/content\/uploads\/sites\/46\/2026\/02\/Slipsfyr2.jpg","datePublished":"2025-05-19T13:03:31+00:00","dateModified":"2026-02-16T08:59:38+00:00","breadcrumb":{"@id":"https:\/\/www.normisjon.no\/crm-manual\/redigere-profil-i-profundo\/#breadcrumb"},"inLanguage":"nb-NO","potentialAction":[{"@type":"ReadAction","target":["https:\/\/www.normisjon.no\/crm-manual\/redigere-profil-i-profundo\/"]}]},{"@type":"ImageObject","inLanguage":"nb-NO","@id":"https:\/\/www.normisjon.no\/crm-manual\/redigere-profil-i-profundo\/#primaryimage","url":"https:\/\/www.normisjon.no\/content\/uploads\/sites\/46\/2026\/02\/Slipsfyr2.jpg","contentUrl":"https:\/\/www.normisjon.no\/content\/uploads\/sites\/46\/2026\/02\/Slipsfyr2.jpg"},{"@type":"BreadcrumbList","@id":"https:\/\/www.normisjon.no\/crm-manual\/redigere-profil-i-profundo\/#breadcrumb","itemListElement":[{"@type":"ListItem","position":1,"name":"Hjem","item":"https:\/\/www.normisjon.no\/crm-manual\/"},{"@type":"ListItem","position":2,"name":"Redigere profil i ProFundo"}]},{"@type":"WebSite","@id":"https:\/\/www.normisjon.no\/crm-manual\/#website","url":"https:\/\/www.normisjon.no\/crm-manual\/","name":"CRM manual","description":"","potentialAction":[{"@type":"SearchAction","target":{"@type":"EntryPoint","urlTemplate":"https:\/\/www.normisjon.no\/crm-manual\/?s={search_term_string}"},"query-input":{"@type":"PropertyValueSpecification","valueRequired":true,"valueName":"search_term_string"}}],"inLanguage":"nb-NO"}]}},"_links":{"self":[{"href":"https:\/\/www.normisjon.no\/crm-manual\/wp-json\/wp\/v2\/pages\/433","targetHints":{"allow":["GET"]}}],"collection":[{"href":"https:\/\/www.normisjon.no\/crm-manual\/wp-json\/wp\/v2\/pages"}],"about":[{"href":"https:\/\/www.normisjon.no\/crm-manual\/wp-json\/wp\/v2\/types\/page"}],"author":[{"embeddable":true,"href":"https:\/\/www.normisjon.no\/crm-manual\/wp-json\/wp\/v2\/users\/143"}],"replies":[{"embeddable":true,"href":"https:\/\/www.normisjon.no\/crm-manual\/wp-json\/wp\/v2\/comments?post=433"}],"version-history":[{"count":5,"href":"https:\/\/www.normisjon.no\/crm-manual\/wp-json\/wp\/v2\/pages\/433\/revisions"}],"predecessor-version":[{"id":1196,"href":"https:\/\/www.normisjon.no\/crm-manual\/wp-json\/wp\/v2\/pages\/433\/revisions\/1196"}],"wp:attachment":[{"href":"https:\/\/www.normisjon.no\/crm-manual\/wp-json\/wp\/v2\/media?parent=433"}],"curies":[{"name":"wp","href":"https:\/\/api.w.org\/{rel}","templated":true}]}}