{"id":451,"date":"2025-05-19T15:32:36","date_gmt":"2025-05-19T13:32:36","guid":{"rendered":"https:\/\/www.normisjon.no\/crm-manual\/?page_id=451"},"modified":"2026-02-09T12:35:57","modified_gmt":"2026-02-09T11:35:57","slug":"sende-sms-i-profundo","status":"publish","type":"page","link":"https:\/\/www.normisjon.no\/crm-manual\/sende-sms-i-profundo\/","title":{"rendered":"Sende sms i ProFundo"},"content":{"rendered":"<div class=\"entry-content alignfull wp-block-post-content has-global-padding is-layout-constrained wp-block-post-content-is-layout-constrained\">\n<figure class=\"wp-block-image aligncenter size-full is-resized\"><img loading=\"lazy\" decoding=\"async\" width=\"257\" height=\"523\" src=\"https:\/\/www.normisjon.no\/content\/uploads\/sites\/46\/2026\/02\/Pad-dame2.jpg\" alt=\"\" class=\"wp-image-1061\" style=\"width:64px\" srcset=\"https:\/\/www.normisjon.no\/content\/uploads\/sites\/46\/2026\/02\/Pad-dame2.jpg 257w, https:\/\/www.normisjon.no\/content\/uploads\/sites\/46\/2026\/02\/Pad-dame2-147x300.jpg 147w\" sizes=\"auto, (max-width: 257px) 100vw, 257px\" \/><\/figure>\n\n\n\n<p><strong>Hvordan sende en sms i ProFundo.<\/strong><\/p>\n\n\n\n<p><em>Eksempel: Du skal sende en sms hvor du ber om en ekstra gave fra alle n\u00e5v\u00e6rende medlemmer i Region Agder.<\/em><\/p>\n\n\n\n<p><a href=\"https:\/\/www.normisjon.no\/crm-manual\/sende-e-post-i-profundo\/\"><em>Se hvordan du sender e-post her.<\/em><\/a><\/p>\n\n\n\n<p><strong>1)<\/strong>&nbsp;Det f\u00f8rste steget er \u00e5 velge&nbsp;<strong>S\u00f8k<\/strong>&nbsp;og deretter&nbsp;<strong>Navn<\/strong>&nbsp;i menyen til venstre. Dette fordi vi m\u00e5 starte med \u00e5 lage en liste over hvilke personer vi skal sende meldingen til, basert p\u00e5 visse s\u00f8kekriterier.<\/p>\n\n\n\n<p><strong>2)&nbsp;<\/strong>Vi lar&nbsp;<strong>Gyldig i dag<\/strong>&nbsp;st\u00e5 som gyldig, siden det er n\u00e5v\u00e6rende medlemmer vi skal ha i listen v\u00e5r.<\/p>\n\n\n\n<p><strong>3)&nbsp;<\/strong>Listen trenger flere kriterier for \u00e5 bli riktig, s\u00e5 vi velger&nbsp;<strong>Gyldig mobilnummer&nbsp;<\/strong>som et&nbsp;<strong>nytt kriterium<\/strong>&nbsp;i s\u00f8ket.<\/p>\n\n\n\n<figure class=\"wp-block-image size-full\"><img loading=\"lazy\" decoding=\"async\" width=\"960\" height=\"354\" src=\"https:\/\/www.normisjon.no\/content\/uploads\/sites\/46\/2025\/05\/Unknown-2-15.jpeg\" alt=\"\" class=\"wp-image-452\" srcset=\"https:\/\/www.normisjon.no\/content\/uploads\/sites\/46\/2025\/05\/Unknown-2-15.jpeg 960w, https:\/\/www.normisjon.no\/content\/uploads\/sites\/46\/2025\/05\/Unknown-2-15-300x111.jpeg 300w, https:\/\/www.normisjon.no\/content\/uploads\/sites\/46\/2025\/05\/Unknown-2-15-768x283.jpeg 768w\" sizes=\"auto, (max-width: 960px) 100vw, 960px\" \/><\/figure>\n\n\n\n<p><strong>4)&nbsp;<\/strong>Vi velger&nbsp;<strong>gyldig<\/strong>&nbsp;fra nedtrekksmenyen, ettersom vi kun er interessert i en liste over de som har et gyldig mobilnummer.<\/p>\n\n\n\n<p><strong>5)<\/strong>&nbsp;Videre m\u00e5 vi legge til&nbsp;<strong>Region<\/strong>&nbsp;som et&nbsp;<strong>nytt kriterium<\/strong>, siden e-posten kun skal sendes ut til medlemmer i en gitt region.<\/p>\n\n\n\n<figure class=\"wp-block-image size-full\"><img loading=\"lazy\" decoding=\"async\" width=\"960\" height=\"379\" src=\"https:\/\/www.normisjon.no\/content\/uploads\/sites\/46\/2025\/05\/Unknown-1-2-9.jpeg\" alt=\"\" class=\"wp-image-453\" srcset=\"https:\/\/www.normisjon.no\/content\/uploads\/sites\/46\/2025\/05\/Unknown-1-2-9.jpeg 960w, https:\/\/www.normisjon.no\/content\/uploads\/sites\/46\/2025\/05\/Unknown-1-2-9-300x118.jpeg 300w, https:\/\/www.normisjon.no\/content\/uploads\/sites\/46\/2025\/05\/Unknown-1-2-9-768x303.jpeg 768w\" sizes=\"auto, (max-width: 960px) 100vw, 960px\" \/><\/figure>\n\n\n\n<p><strong>6)&nbsp;<\/strong>Vi m\u00e5 se til for at Region er&nbsp;<strong>lik&nbsp;<\/strong>den vi velger, i dette eksempelet&nbsp;<strong>Region Agder<\/strong>&nbsp;(fra nedtrekksmenyen).<\/p>\n\n\n\n<p><strong>7)&nbsp;<\/strong>N\u00e5 har vi alle de n\u00f8dvendige kriteriene p\u00e5 plass til \u00e5 produsere en liste over alle n\u00e5v\u00e6rende medlemmer i Region \u00d8st med gyldig e-post. Om \u00f8nskelig kan vi trykke p\u00e5&nbsp;<strong>Hent<\/strong>&nbsp;(*) for \u00e5 f\u00e5 opp eller laste ned hele listen, eller <strong>Antall<\/strong> om vi bare vil se hvor mange som er p\u00e5 listen. Ettersom m\u00e5let er \u00e5 sende en e-post til disse, trykker vi p\u00e5&nbsp;<strong>Mer<\/strong>, og velger&nbsp;<strong>Send SMS<\/strong>.<\/p>\n\n\n\n<figure class=\"wp-block-image size-full\"><img loading=\"lazy\" decoding=\"async\" width=\"960\" height=\"654\" src=\"https:\/\/www.normisjon.no\/content\/uploads\/sites\/46\/2025\/05\/Unknown-2-16.jpeg\" alt=\"\" class=\"wp-image-454\" srcset=\"https:\/\/www.normisjon.no\/content\/uploads\/sites\/46\/2025\/05\/Unknown-2-16.jpeg 960w, https:\/\/www.normisjon.no\/content\/uploads\/sites\/46\/2025\/05\/Unknown-2-16-300x204.jpeg 300w, https:\/\/www.normisjon.no\/content\/uploads\/sites\/46\/2025\/05\/Unknown-2-16-768x523.jpeg 768w\" sizes=\"auto, (max-width: 960px) 100vw, 960px\" \/><\/figure>\n\n\n\n<p><strong>8)&nbsp;<\/strong>Vi f\u00e5r n\u00e5 opp skjemaet hvor vi utformer selve meldingen. Her m\u00e5 vi velge&nbsp;<strong>Aksjon<\/strong>&nbsp;for utsendelsen (i v\u00e5rt tilfelle \u00f8nsker vi \u00e5 be om en ekstra gave fra medlemmene i Region Agder, s\u00e5 da velger vi aksjon 106). Videre velger vi&nbsp;<strong>Avsender<\/strong>&nbsp;og eventuell&nbsp;<strong>Mal<\/strong>&nbsp;for meldingen. Selve meldingen skrives i feltet&nbsp;<strong>Melding,&nbsp;<\/strong>og om man \u00f8nsker \u00e5 bestemme et senere tidspunkt for utsendelsen gj\u00f8res dette i feltet&nbsp;<strong>Utsatt utsendelse<\/strong>.<\/p>\n\n\n\n<figure class=\"wp-block-image size-full\"><img loading=\"lazy\" decoding=\"async\" width=\"995\" height=\"595\" src=\"https:\/\/www.normisjon.no\/content\/uploads\/sites\/46\/2025\/09\/Skjermbilde-2025-09-01-kl.-14.31.32.png\" alt=\"\" class=\"wp-image-953\" srcset=\"https:\/\/www.normisjon.no\/content\/uploads\/sites\/46\/2025\/09\/Skjermbilde-2025-09-01-kl.-14.31.32.png 995w, https:\/\/www.normisjon.no\/content\/uploads\/sites\/46\/2025\/09\/Skjermbilde-2025-09-01-kl.-14.31.32-300x179.png 300w, https:\/\/www.normisjon.no\/content\/uploads\/sites\/46\/2025\/09\/Skjermbilde-2025-09-01-kl.-14.31.32-768x459.png 768w, https:\/\/www.normisjon.no\/content\/uploads\/sites\/46\/2025\/09\/Skjermbilde-2025-09-01-kl.-14.31.32-960x574.png 960w\" sizes=\"auto, (max-width: 995px) 100vw, 995px\" \/><\/figure>\n\n\n\n<p>Om du \u00f8nsker \u00e5 se tidligere utsendte meldinger&nbsp;<a href=\"https:\/\/www.normisjon.no\/crm-manual\/alle-manualer-for-profundo\/normisjon.no\/crm-manual\/se-sendt-sms-e-post\/\"><u>leser du hvordan her.<\/u><\/a><br><\/p>\n\n\n\n<div class=\"wp-block-buttons is-content-justification-center is-layout-flex wp-container-core-buttons-is-layout-a89b3969 wp-block-buttons-is-layout-flex\">\n<div class=\"wp-block-button is-style-fill\"><a class=\"wp-block-button__link has-custom-font-size wp-element-button\" href=\"https:\/\/www.normisjon.no\/crm-manual\/alle-manualer-for-profundo\/\" style=\"font-size:15px\">Tilbake til oversikt<\/a><\/div>\n<\/div>\n<\/div>","protected":false},"excerpt":{"rendered":"<p>Hvordan sende en sms i ProFundo. Eksempel: Du skal sende en sms hvor du ber om en ekstra gave fra alle n\u00e5v\u00e6rende medlemmer i Region [&hellip;]<\/p>\n","protected":false},"author":143,"featured_media":0,"parent":0,"menu_order":0,"comment_status":"closed","ping_status":"closed","template":"","meta":{"_acf_changed":false,"footnotes":""},"class_list":["post-451","page","type-page","status-publish","hentry"],"acf":[],"yoast_head":"<!-- This site is optimized with the Yoast SEO plugin v25.9 - https:\/\/yoast.com\/wordpress\/plugins\/seo\/ -->\n<title>Sende sms i ProFundo - CRM manual<\/title>\n<meta name=\"robots\" content=\"index, follow, max-snippet:-1, max-image-preview:large, max-video-preview:-1\" \/>\n<link rel=\"canonical\" href=\"https:\/\/www.normisjon.no\/crm-manual\/sende-sms-i-profundo\/\" \/>\n<meta property=\"og:locale\" content=\"nb_NO\" \/>\n<meta property=\"og:type\" content=\"article\" \/>\n<meta property=\"og:title\" content=\"Sende sms i ProFundo - CRM manual\" \/>\n<meta property=\"og:description\" content=\"Hvordan sende en sms i ProFundo. Eksempel: Du skal sende en sms hvor du ber om en ekstra gave fra alle n\u00e5v\u00e6rende medlemmer i Region [&hellip;]\" \/>\n<meta property=\"og:url\" content=\"https:\/\/www.normisjon.no\/crm-manual\/sende-sms-i-profundo\/\" \/>\n<meta property=\"og:site_name\" content=\"CRM manual\" \/>\n<meta property=\"article:modified_time\" content=\"2026-02-09T11:35:57+00:00\" \/>\n<meta property=\"og:image\" content=\"https:\/\/www.normisjon.no\/content\/uploads\/sites\/46\/2026\/02\/Pad-dame2.jpg\" \/>\n\t<meta property=\"og:image:width\" content=\"257\" \/>\n\t<meta property=\"og:image:height\" content=\"523\" \/>\n\t<meta property=\"og:image:type\" content=\"image\/jpeg\" \/>\n<meta name=\"twitter:card\" content=\"summary_large_image\" \/>\n<meta name=\"twitter:label1\" content=\"Ansl. lesetid\" \/>\n\t<meta name=\"twitter:data1\" content=\"3 minutter\" \/>\n<script type=\"application\/ld+json\" class=\"yoast-schema-graph\">{\"@context\":\"https:\/\/schema.org\",\"@graph\":[{\"@type\":\"WebPage\",\"@id\":\"https:\/\/www.normisjon.no\/crm-manual\/sende-sms-i-profundo\/\",\"url\":\"https:\/\/www.normisjon.no\/crm-manual\/sende-sms-i-profundo\/\",\"name\":\"Sende sms i ProFundo - CRM manual\",\"isPartOf\":{\"@id\":\"https:\/\/www.normisjon.no\/crm-manual\/#website\"},\"primaryImageOfPage\":{\"@id\":\"https:\/\/www.normisjon.no\/crm-manual\/sende-sms-i-profundo\/#primaryimage\"},\"image\":{\"@id\":\"https:\/\/www.normisjon.no\/crm-manual\/sende-sms-i-profundo\/#primaryimage\"},\"thumbnailUrl\":\"https:\/\/www.normisjon.no\/content\/uploads\/sites\/46\/2026\/02\/Pad-dame2.jpg\",\"datePublished\":\"2025-05-19T13:32:36+00:00\",\"dateModified\":\"2026-02-09T11:35:57+00:00\",\"breadcrumb\":{\"@id\":\"https:\/\/www.normisjon.no\/crm-manual\/sende-sms-i-profundo\/#breadcrumb\"},\"inLanguage\":\"nb-NO\",\"potentialAction\":[{\"@type\":\"ReadAction\",\"target\":[\"https:\/\/www.normisjon.no\/crm-manual\/sende-sms-i-profundo\/\"]}]},{\"@type\":\"ImageObject\",\"inLanguage\":\"nb-NO\",\"@id\":\"https:\/\/www.normisjon.no\/crm-manual\/sende-sms-i-profundo\/#primaryimage\",\"url\":\"https:\/\/www.normisjon.no\/content\/uploads\/sites\/46\/2026\/02\/Pad-dame2.jpg\",\"contentUrl\":\"https:\/\/www.normisjon.no\/content\/uploads\/sites\/46\/2026\/02\/Pad-dame2.jpg\"},{\"@type\":\"BreadcrumbList\",\"@id\":\"https:\/\/www.normisjon.no\/crm-manual\/sende-sms-i-profundo\/#breadcrumb\",\"itemListElement\":[{\"@type\":\"ListItem\",\"position\":1,\"name\":\"Hjem\",\"item\":\"https:\/\/www.normisjon.no\/crm-manual\/\"},{\"@type\":\"ListItem\",\"position\":2,\"name\":\"Sende sms i ProFundo\"}]},{\"@type\":\"WebSite\",\"@id\":\"https:\/\/www.normisjon.no\/crm-manual\/#website\",\"url\":\"https:\/\/www.normisjon.no\/crm-manual\/\",\"name\":\"CRM manual\",\"description\":\"\",\"potentialAction\":[{\"@type\":\"SearchAction\",\"target\":{\"@type\":\"EntryPoint\",\"urlTemplate\":\"https:\/\/www.normisjon.no\/crm-manual\/?s={search_term_string}\"},\"query-input\":{\"@type\":\"PropertyValueSpecification\",\"valueRequired\":true,\"valueName\":\"search_term_string\"}}],\"inLanguage\":\"nb-NO\"}]}<\/script>\n<!-- \/ Yoast SEO plugin. -->","yoast_head_json":{"title":"Sende sms i ProFundo - CRM manual","robots":{"index":"index","follow":"follow","max-snippet":"max-snippet:-1","max-image-preview":"max-image-preview:large","max-video-preview":"max-video-preview:-1"},"canonical":"https:\/\/www.normisjon.no\/crm-manual\/sende-sms-i-profundo\/","og_locale":"nb_NO","og_type":"article","og_title":"Sende sms i ProFundo - CRM manual","og_description":"Hvordan sende en sms i ProFundo. Eksempel: Du skal sende en sms hvor du ber om en ekstra gave fra alle n\u00e5v\u00e6rende medlemmer i Region [&hellip;]","og_url":"https:\/\/www.normisjon.no\/crm-manual\/sende-sms-i-profundo\/","og_site_name":"CRM manual","article_modified_time":"2026-02-09T11:35:57+00:00","og_image":[{"width":257,"height":523,"url":"https:\/\/www.normisjon.no\/content\/uploads\/sites\/46\/2026\/02\/Pad-dame2.jpg","type":"image\/jpeg"}],"twitter_card":"summary_large_image","twitter_misc":{"Ansl. lesetid":"3 minutter"},"schema":{"@context":"https:\/\/schema.org","@graph":[{"@type":"WebPage","@id":"https:\/\/www.normisjon.no\/crm-manual\/sende-sms-i-profundo\/","url":"https:\/\/www.normisjon.no\/crm-manual\/sende-sms-i-profundo\/","name":"Sende sms i ProFundo - CRM manual","isPartOf":{"@id":"https:\/\/www.normisjon.no\/crm-manual\/#website"},"primaryImageOfPage":{"@id":"https:\/\/www.normisjon.no\/crm-manual\/sende-sms-i-profundo\/#primaryimage"},"image":{"@id":"https:\/\/www.normisjon.no\/crm-manual\/sende-sms-i-profundo\/#primaryimage"},"thumbnailUrl":"https:\/\/www.normisjon.no\/content\/uploads\/sites\/46\/2026\/02\/Pad-dame2.jpg","datePublished":"2025-05-19T13:32:36+00:00","dateModified":"2026-02-09T11:35:57+00:00","breadcrumb":{"@id":"https:\/\/www.normisjon.no\/crm-manual\/sende-sms-i-profundo\/#breadcrumb"},"inLanguage":"nb-NO","potentialAction":[{"@type":"ReadAction","target":["https:\/\/www.normisjon.no\/crm-manual\/sende-sms-i-profundo\/"]}]},{"@type":"ImageObject","inLanguage":"nb-NO","@id":"https:\/\/www.normisjon.no\/crm-manual\/sende-sms-i-profundo\/#primaryimage","url":"https:\/\/www.normisjon.no\/content\/uploads\/sites\/46\/2026\/02\/Pad-dame2.jpg","contentUrl":"https:\/\/www.normisjon.no\/content\/uploads\/sites\/46\/2026\/02\/Pad-dame2.jpg"},{"@type":"BreadcrumbList","@id":"https:\/\/www.normisjon.no\/crm-manual\/sende-sms-i-profundo\/#breadcrumb","itemListElement":[{"@type":"ListItem","position":1,"name":"Hjem","item":"https:\/\/www.normisjon.no\/crm-manual\/"},{"@type":"ListItem","position":2,"name":"Sende sms i ProFundo"}]},{"@type":"WebSite","@id":"https:\/\/www.normisjon.no\/crm-manual\/#website","url":"https:\/\/www.normisjon.no\/crm-manual\/","name":"CRM manual","description":"","potentialAction":[{"@type":"SearchAction","target":{"@type":"EntryPoint","urlTemplate":"https:\/\/www.normisjon.no\/crm-manual\/?s={search_term_string}"},"query-input":{"@type":"PropertyValueSpecification","valueRequired":true,"valueName":"search_term_string"}}],"inLanguage":"nb-NO"}]}},"_links":{"self":[{"href":"https:\/\/www.normisjon.no\/crm-manual\/wp-json\/wp\/v2\/pages\/451","targetHints":{"allow":["GET"]}}],"collection":[{"href":"https:\/\/www.normisjon.no\/crm-manual\/wp-json\/wp\/v2\/pages"}],"about":[{"href":"https:\/\/www.normisjon.no\/crm-manual\/wp-json\/wp\/v2\/types\/page"}],"author":[{"embeddable":true,"href":"https:\/\/www.normisjon.no\/crm-manual\/wp-json\/wp\/v2\/users\/143"}],"replies":[{"embeddable":true,"href":"https:\/\/www.normisjon.no\/crm-manual\/wp-json\/wp\/v2\/comments?post=451"}],"version-history":[{"count":7,"href":"https:\/\/www.normisjon.no\/crm-manual\/wp-json\/wp\/v2\/pages\/451\/revisions"}],"predecessor-version":[{"id":1111,"href":"https:\/\/www.normisjon.no\/crm-manual\/wp-json\/wp\/v2\/pages\/451\/revisions\/1111"}],"wp:attachment":[{"href":"https:\/\/www.normisjon.no\/crm-manual\/wp-json\/wp\/v2\/media?parent=451"}],"curies":[{"name":"wp","href":"https:\/\/api.w.org\/{rel}","templated":true}]}}