{"id":477,"date":"2025-05-26T13:14:02","date_gmt":"2025-05-26T11:14:02","guid":{"rendered":"https:\/\/www.normisjon.no\/crm-manual\/?page_id=477"},"modified":"2026-02-16T10:01:09","modified_gmt":"2026-02-16T09:01:09","slug":"opprette-ny-giveravtale-i-profundo","status":"publish","type":"page","link":"https:\/\/www.normisjon.no\/crm-manual\/opprette-ny-giveravtale-i-profundo\/","title":{"rendered":"Opprette ny giveravtale i ProFundo"},"content":{"rendered":"<div class=\"entry-content alignfull wp-block-post-content has-global-padding is-layout-constrained wp-block-post-content-is-layout-constrained\">\n<figure class=\"wp-block-image aligncenter size-full is-resized\"><img loading=\"lazy\" decoding=\"async\" width=\"257\" height=\"523\" src=\"https:\/\/www.normisjon.no\/content\/uploads\/sites\/46\/2026\/02\/Pad-dame2.jpg\" alt=\"\" class=\"wp-image-1061\" style=\"width:64px\" srcset=\"https:\/\/www.normisjon.no\/content\/uploads\/sites\/46\/2026\/02\/Pad-dame2.jpg 257w, https:\/\/www.normisjon.no\/content\/uploads\/sites\/46\/2026\/02\/Pad-dame2-147x300.jpg 147w\" sizes=\"auto, (max-width: 257px) 100vw, 257px\" \/><\/figure>\n\n\n\n<p><strong>Hvordan opprette en ny giveravtale i ProFundo<\/strong><\/p>\n\n\n\n<p><em>Se hvordan du <a href=\"https:\/\/www.normisjon.no\/crm-manual\/endre-betalingsavtale-i-profundo\/\">endrer<\/a> eller <a href=\"https:\/\/www.normisjon.no\/crm-manual\/avslutte-betalingsavtale-i-profundo\/\">avslutter<\/a> en giveravtale.<\/em><\/p>\n\n\n\n<p><br><strong>1)<\/strong>&nbsp;N\u00e5r vi skal opprette en ny giveravtale i ProFundo m\u00e5 vi starte med \u00e5 s\u00f8ke frem personen som vil inng\u00e5 avtalen. Dette gj\u00f8r vi ved \u00e5 f\u00f8rst g\u00e5 til&nbsp;<strong>S\u00f8k<\/strong>&nbsp;og&nbsp;<strong>Navn<\/strong>&nbsp;i menyen til venstre. Om vedkommende ikke er registrert i ProFundo fra f\u00f8r, m\u00e5 vi f\u00f8rst&nbsp;<a href=\"https:\/\/www.normisjon.no\/crm-manual\/registrere-ny-person-2\/\">registrere ny person<\/a>.<\/p>\n\n\n\n<p><strong>2)&nbsp;<\/strong>Deretter skriver vi inn navnet p\u00e5 personen s\u00f8kefeltet.<\/p>\n\n\n\n<p><strong>3)<\/strong>&nbsp;For \u00e5 utf\u00f8re s\u00f8ket etter navnet vi har skrevet inn, trykker vi p\u00e5&nbsp;<strong>Hent<\/strong>. Det vil da komme opp en liste med navn som passer med s\u00f8ket.<\/p>\n\n\n\n<figure class=\"wp-block-image size-full\"><img loading=\"lazy\" decoding=\"async\" width=\"960\" height=\"473\" src=\"https:\/\/www.normisjon.no\/content\/uploads\/sites\/46\/2025\/05\/Unknown-2-19.jpeg\" alt=\"\" class=\"wp-image-478\" srcset=\"https:\/\/www.normisjon.no\/content\/uploads\/sites\/46\/2025\/05\/Unknown-2-19.jpeg 960w, https:\/\/www.normisjon.no\/content\/uploads\/sites\/46\/2025\/05\/Unknown-2-19-300x148.jpeg 300w, https:\/\/www.normisjon.no\/content\/uploads\/sites\/46\/2025\/05\/Unknown-2-19-768x378.jpeg 768w\" sizes=\"auto, (max-width: 960px) 100vw, 960px\" \/><\/figure>\n\n\n\n<p>Om man har skrevet hele navnet p\u00e5 personen vil det antakelig kun komme opp et navn p\u00e5 listen, som i eksempelet v\u00e5rt (se neste punkt), men om man har s\u00f8kt kun etter for eksempel etternavn, eller flere i databasen har likt navn, vil listen v\u00e6re lengre. Vi m\u00e5 forsikre oss om at det er riktig person vi velger. Hvis man ikke ser riktig person i listen, m\u00e5 vi&nbsp;<a href=\"https:\/\/www.normisjon.no\/crm-manual\/registrere-ny-person-2\/\">registrere ny person<\/a>.<\/p>\n\n\n\n<p><strong>4)&nbsp;<\/strong>N\u00e5r vi vet at vi har s\u00f8kt frem riktig person, trykker vi oss inn p\u00e5 profilen til personen ved \u00e5 trykke p\u00e5 navnet eller et annet sted p\u00e5 linjen med informasjon om vedkommende (eksempelet er delvis anonymisert, s\u00e5 mer informasjon vil v\u00e6re synlig i ProFundo.)<\/p>\n\n\n\n<figure class=\"wp-block-image size-large\"><img loading=\"lazy\" decoding=\"async\" width=\"1024\" height=\"289\" src=\"https:\/\/www.normisjon.no\/content\/uploads\/sites\/46\/2025\/09\/Skjermbilde-2025-09-01-kl.-14.00.33-1024x289.png\" alt=\"\" class=\"wp-image-941\" srcset=\"https:\/\/www.normisjon.no\/content\/uploads\/sites\/46\/2025\/09\/Skjermbilde-2025-09-01-kl.-14.00.33-1024x289.png 1024w, https:\/\/www.normisjon.no\/content\/uploads\/sites\/46\/2025\/09\/Skjermbilde-2025-09-01-kl.-14.00.33-300x85.png 300w, https:\/\/www.normisjon.no\/content\/uploads\/sites\/46\/2025\/09\/Skjermbilde-2025-09-01-kl.-14.00.33-768x217.png 768w, https:\/\/www.normisjon.no\/content\/uploads\/sites\/46\/2025\/09\/Skjermbilde-2025-09-01-kl.-14.00.33-1360x384.png 1360w, https:\/\/www.normisjon.no\/content\/uploads\/sites\/46\/2025\/09\/Skjermbilde-2025-09-01-kl.-14.00.33-960x271.png 960w, https:\/\/www.normisjon.no\/content\/uploads\/sites\/46\/2025\/09\/Skjermbilde-2025-09-01-kl.-14.00.33.png 1514w\" sizes=\"auto, (max-width: 1024px) 100vw, 1024px\" \/><\/figure>\n\n\n\n<div class=\"wp-block-columns is-layout-flex wp-container-core-columns-is-layout-67f976c8 wp-block-columns-is-layout-flex\">\n<div class=\"wp-block-column is-layout-flow wp-block-column-is-layout-flow\" style=\"flex-basis:60%\">\n<p><strong>5)&nbsp;<\/strong>N\u00e5 kommer vi inn p\u00e5 profilen til personen. Her g\u00e5r vi til elementet&nbsp;<strong>Giveravtaler<\/strong>, hvor vi trykker p\u00e5&nbsp;<strong>de tre prikkene<\/strong>&nbsp;oppe til h\u00f8yre, og deretter p\u00e5&nbsp;<strong>Ny<\/strong>.<\/p>\n<\/div>\n\n\n\n<div class=\"wp-block-column is-layout-flow wp-block-column-is-layout-flow\" style=\"flex-basis:40%\">\n<figure class=\"wp-block-image size-full\"><img loading=\"lazy\" decoding=\"async\" width=\"400\" height=\"234\" src=\"https:\/\/www.normisjon.no\/content\/uploads\/sites\/46\/2025\/05\/Unknown-2-20.jpeg\" alt=\"\" class=\"wp-image-480\" srcset=\"https:\/\/www.normisjon.no\/content\/uploads\/sites\/46\/2025\/05\/Unknown-2-20.jpeg 400w, https:\/\/www.normisjon.no\/content\/uploads\/sites\/46\/2025\/05\/Unknown-2-20-300x176.jpeg 300w\" sizes=\"auto, (max-width: 400px) 100vw, 400px\" \/><\/figure>\n<\/div>\n<\/div>\n\n\n\n<p><strong>6)&nbsp;<\/strong>Vi f\u00e5r n\u00e5 opp skjemaet hvor vi fyller inn den n\u00f8dvendige informasjonen for avtalen.<strong>&nbsp;<\/strong>I feltet&nbsp;<strong>Produkt<\/strong>&nbsp;m\u00e5 givertjenesten spesifiseres. N\u00e5r vi skal finne riktig tjeneste kan vi for eksempel skrive navnet p\u00e5 foreningen\/lokallaget, s\u00e5 vil vi f\u00e5 forslag i nedtrekksmenyen basert p\u00e5 det vi har skrevet.<\/p>\n\n\n\n<div class=\"wp-block-columns is-layout-flex wp-container-core-columns-is-layout-14cf5ab5 wp-block-columns-is-layout-flex\">\n<div class=\"wp-block-column is-layout-flow wp-block-column-is-layout-flow\" style=\"flex-basis:40%\">\n<p><strong>7)<\/strong>&nbsp;<strong>Betalingsm\u00e5te<\/strong>&nbsp;m\u00e5 st\u00e5 som OCR-giro n\u00e5r vi oppretter avtalen. Mm medlemmet heller \u00f8nsker \u00e5 betale med AvtaleGiro eller Vipps er dette noe vi m\u00e5 endre senere,&nbsp;<a href=\"https:\/\/www.normisjon.no\/crm-manual\/endre-betalingsmate-for-betalingsavtale-i-profundo\/\">les hvordan her<\/a>.<\/p>\n<\/div>\n\n\n\n<div class=\"wp-block-column is-layout-flow wp-block-column-is-layout-flow\" style=\"flex-basis:60%\">\n<figure class=\"wp-block-image size-full\"><img loading=\"lazy\" decoding=\"async\" width=\"960\" height=\"788\" src=\"https:\/\/www.normisjon.no\/content\/uploads\/sites\/46\/2025\/05\/Unknown-3-7.jpeg\" alt=\"\" class=\"wp-image-481\" srcset=\"https:\/\/www.normisjon.no\/content\/uploads\/sites\/46\/2025\/05\/Unknown-3-7.jpeg 960w, https:\/\/www.normisjon.no\/content\/uploads\/sites\/46\/2025\/05\/Unknown-3-7-300x246.jpeg 300w, https:\/\/www.normisjon.no\/content\/uploads\/sites\/46\/2025\/05\/Unknown-3-7-768x630.jpeg 768w\" sizes=\"auto, (max-width: 960px) 100vw, 960px\" \/><\/figure>\n<\/div>\n<\/div>\n\n\n\n<p><strong>8)&nbsp;<\/strong>I feltet&nbsp;<strong>Opprettelsesaksjon<\/strong>&nbsp;skal vi velge aksjon&nbsp;<strong>29 \u2013 Registrert manuelt<\/strong>. Dette for at vi skal vite hvordan giveravtalen ble opprettet.<\/p>\n\n\n\n<p><strong>9)&nbsp;<\/strong>De obligatoriske feltene er n\u00e5 utfylt, og vi avslutter ved \u00e5 trykke&nbsp;<strong>Lagre og vis<\/strong>&nbsp;eller&nbsp;<strong>Lagre og lukk.<\/strong><br><\/p>\n\n\n\n<div class=\"wp-block-buttons is-content-justification-center is-layout-flex wp-container-core-buttons-is-layout-a89b3969 wp-block-buttons-is-layout-flex\">\n<div class=\"wp-block-button is-style-fill\"><a class=\"wp-block-button__link has-custom-font-size wp-element-button\" href=\"https:\/\/www.normisjon.no\/crm-manual\/alle-manualer-for-profundo\/\" style=\"font-size:15px\">Tilbake til oversikt<\/a><\/div>\n<\/div>\n<\/div>","protected":false},"excerpt":{"rendered":"<p>Hvordan opprette en ny giveravtale i ProFundo Se hvordan du endrer eller avslutter en giveravtale. 1)&nbsp;N\u00e5r vi skal opprette en ny giveravtale i ProFundo m\u00e5 [&hellip;]<\/p>\n","protected":false},"author":143,"featured_media":0,"parent":0,"menu_order":0,"comment_status":"closed","ping_status":"closed","template":"","meta":{"_acf_changed":false,"footnotes":""},"class_list":["post-477","page","type-page","status-publish","hentry"],"acf":[],"yoast_head":"<!-- This site is optimized with the Yoast SEO plugin v25.9 - https:\/\/yoast.com\/wordpress\/plugins\/seo\/ -->\n<title>Opprette ny giveravtale i ProFundo - CRM manual<\/title>\n<meta name=\"robots\" content=\"index, follow, max-snippet:-1, max-image-preview:large, max-video-preview:-1\" \/>\n<link rel=\"canonical\" href=\"https:\/\/www.normisjon.no\/crm-manual\/opprette-ny-giveravtale-i-profundo\/\" \/>\n<meta property=\"og:locale\" content=\"nb_NO\" \/>\n<meta property=\"og:type\" content=\"article\" \/>\n<meta property=\"og:title\" content=\"Opprette ny giveravtale i ProFundo - CRM manual\" \/>\n<meta property=\"og:description\" content=\"Hvordan opprette en ny giveravtale i ProFundo Se hvordan du endrer eller avslutter en giveravtale. 1)&nbsp;N\u00e5r vi skal opprette en ny giveravtale i ProFundo m\u00e5 [&hellip;]\" \/>\n<meta property=\"og:url\" content=\"https:\/\/www.normisjon.no\/crm-manual\/opprette-ny-giveravtale-i-profundo\/\" \/>\n<meta property=\"og:site_name\" content=\"CRM manual\" \/>\n<meta property=\"article:modified_time\" content=\"2026-02-16T09:01:09+00:00\" \/>\n<meta property=\"og:image\" content=\"https:\/\/www.normisjon.no\/content\/uploads\/sites\/46\/2026\/02\/Pad-dame2.jpg\" \/>\n\t<meta property=\"og:image:width\" content=\"257\" \/>\n\t<meta property=\"og:image:height\" content=\"523\" \/>\n\t<meta property=\"og:image:type\" content=\"image\/jpeg\" \/>\n<meta name=\"twitter:card\" content=\"summary_large_image\" \/>\n<meta name=\"twitter:label1\" content=\"Ansl. lesetid\" \/>\n\t<meta name=\"twitter:data1\" content=\"4 minutter\" \/>\n<script type=\"application\/ld+json\" class=\"yoast-schema-graph\">{\"@context\":\"https:\/\/schema.org\",\"@graph\":[{\"@type\":\"WebPage\",\"@id\":\"https:\/\/www.normisjon.no\/crm-manual\/opprette-ny-giveravtale-i-profundo\/\",\"url\":\"https:\/\/www.normisjon.no\/crm-manual\/opprette-ny-giveravtale-i-profundo\/\",\"name\":\"Opprette ny giveravtale i ProFundo - CRM manual\",\"isPartOf\":{\"@id\":\"https:\/\/www.normisjon.no\/crm-manual\/#website\"},\"primaryImageOfPage\":{\"@id\":\"https:\/\/www.normisjon.no\/crm-manual\/opprette-ny-giveravtale-i-profundo\/#primaryimage\"},\"image\":{\"@id\":\"https:\/\/www.normisjon.no\/crm-manual\/opprette-ny-giveravtale-i-profundo\/#primaryimage\"},\"thumbnailUrl\":\"https:\/\/www.normisjon.no\/content\/uploads\/sites\/46\/2026\/02\/Pad-dame2.jpg\",\"datePublished\":\"2025-05-26T11:14:02+00:00\",\"dateModified\":\"2026-02-16T09:01:09+00:00\",\"breadcrumb\":{\"@id\":\"https:\/\/www.normisjon.no\/crm-manual\/opprette-ny-giveravtale-i-profundo\/#breadcrumb\"},\"inLanguage\":\"nb-NO\",\"potentialAction\":[{\"@type\":\"ReadAction\",\"target\":[\"https:\/\/www.normisjon.no\/crm-manual\/opprette-ny-giveravtale-i-profundo\/\"]}]},{\"@type\":\"ImageObject\",\"inLanguage\":\"nb-NO\",\"@id\":\"https:\/\/www.normisjon.no\/crm-manual\/opprette-ny-giveravtale-i-profundo\/#primaryimage\",\"url\":\"https:\/\/www.normisjon.no\/content\/uploads\/sites\/46\/2026\/02\/Pad-dame2.jpg\",\"contentUrl\":\"https:\/\/www.normisjon.no\/content\/uploads\/sites\/46\/2026\/02\/Pad-dame2.jpg\"},{\"@type\":\"BreadcrumbList\",\"@id\":\"https:\/\/www.normisjon.no\/crm-manual\/opprette-ny-giveravtale-i-profundo\/#breadcrumb\",\"itemListElement\":[{\"@type\":\"ListItem\",\"position\":1,\"name\":\"Hjem\",\"item\":\"https:\/\/www.normisjon.no\/crm-manual\/\"},{\"@type\":\"ListItem\",\"position\":2,\"name\":\"Opprette ny giveravtale i ProFundo\"}]},{\"@type\":\"WebSite\",\"@id\":\"https:\/\/www.normisjon.no\/crm-manual\/#website\",\"url\":\"https:\/\/www.normisjon.no\/crm-manual\/\",\"name\":\"CRM manual\",\"description\":\"\",\"potentialAction\":[{\"@type\":\"SearchAction\",\"target\":{\"@type\":\"EntryPoint\",\"urlTemplate\":\"https:\/\/www.normisjon.no\/crm-manual\/?s={search_term_string}\"},\"query-input\":{\"@type\":\"PropertyValueSpecification\",\"valueRequired\":true,\"valueName\":\"search_term_string\"}}],\"inLanguage\":\"nb-NO\"}]}<\/script>\n<!-- \/ Yoast SEO plugin. -->","yoast_head_json":{"title":"Opprette ny giveravtale i ProFundo - CRM manual","robots":{"index":"index","follow":"follow","max-snippet":"max-snippet:-1","max-image-preview":"max-image-preview:large","max-video-preview":"max-video-preview:-1"},"canonical":"https:\/\/www.normisjon.no\/crm-manual\/opprette-ny-giveravtale-i-profundo\/","og_locale":"nb_NO","og_type":"article","og_title":"Opprette ny giveravtale i ProFundo - CRM manual","og_description":"Hvordan opprette en ny giveravtale i ProFundo Se hvordan du endrer eller avslutter en giveravtale. 1)&nbsp;N\u00e5r vi skal opprette en ny giveravtale i ProFundo m\u00e5 [&hellip;]","og_url":"https:\/\/www.normisjon.no\/crm-manual\/opprette-ny-giveravtale-i-profundo\/","og_site_name":"CRM manual","article_modified_time":"2026-02-16T09:01:09+00:00","og_image":[{"width":257,"height":523,"url":"https:\/\/www.normisjon.no\/content\/uploads\/sites\/46\/2026\/02\/Pad-dame2.jpg","type":"image\/jpeg"}],"twitter_card":"summary_large_image","twitter_misc":{"Ansl. lesetid":"4 minutter"},"schema":{"@context":"https:\/\/schema.org","@graph":[{"@type":"WebPage","@id":"https:\/\/www.normisjon.no\/crm-manual\/opprette-ny-giveravtale-i-profundo\/","url":"https:\/\/www.normisjon.no\/crm-manual\/opprette-ny-giveravtale-i-profundo\/","name":"Opprette ny giveravtale i ProFundo - CRM manual","isPartOf":{"@id":"https:\/\/www.normisjon.no\/crm-manual\/#website"},"primaryImageOfPage":{"@id":"https:\/\/www.normisjon.no\/crm-manual\/opprette-ny-giveravtale-i-profundo\/#primaryimage"},"image":{"@id":"https:\/\/www.normisjon.no\/crm-manual\/opprette-ny-giveravtale-i-profundo\/#primaryimage"},"thumbnailUrl":"https:\/\/www.normisjon.no\/content\/uploads\/sites\/46\/2026\/02\/Pad-dame2.jpg","datePublished":"2025-05-26T11:14:02+00:00","dateModified":"2026-02-16T09:01:09+00:00","breadcrumb":{"@id":"https:\/\/www.normisjon.no\/crm-manual\/opprette-ny-giveravtale-i-profundo\/#breadcrumb"},"inLanguage":"nb-NO","potentialAction":[{"@type":"ReadAction","target":["https:\/\/www.normisjon.no\/crm-manual\/opprette-ny-giveravtale-i-profundo\/"]}]},{"@type":"ImageObject","inLanguage":"nb-NO","@id":"https:\/\/www.normisjon.no\/crm-manual\/opprette-ny-giveravtale-i-profundo\/#primaryimage","url":"https:\/\/www.normisjon.no\/content\/uploads\/sites\/46\/2026\/02\/Pad-dame2.jpg","contentUrl":"https:\/\/www.normisjon.no\/content\/uploads\/sites\/46\/2026\/02\/Pad-dame2.jpg"},{"@type":"BreadcrumbList","@id":"https:\/\/www.normisjon.no\/crm-manual\/opprette-ny-giveravtale-i-profundo\/#breadcrumb","itemListElement":[{"@type":"ListItem","position":1,"name":"Hjem","item":"https:\/\/www.normisjon.no\/crm-manual\/"},{"@type":"ListItem","position":2,"name":"Opprette ny giveravtale i ProFundo"}]},{"@type":"WebSite","@id":"https:\/\/www.normisjon.no\/crm-manual\/#website","url":"https:\/\/www.normisjon.no\/crm-manual\/","name":"CRM manual","description":"","potentialAction":[{"@type":"SearchAction","target":{"@type":"EntryPoint","urlTemplate":"https:\/\/www.normisjon.no\/crm-manual\/?s={search_term_string}"},"query-input":{"@type":"PropertyValueSpecification","valueRequired":true,"valueName":"search_term_string"}}],"inLanguage":"nb-NO"}]}},"_links":{"self":[{"href":"https:\/\/www.normisjon.no\/crm-manual\/wp-json\/wp\/v2\/pages\/477","targetHints":{"allow":["GET"]}}],"collection":[{"href":"https:\/\/www.normisjon.no\/crm-manual\/wp-json\/wp\/v2\/pages"}],"about":[{"href":"https:\/\/www.normisjon.no\/crm-manual\/wp-json\/wp\/v2\/types\/page"}],"author":[{"embeddable":true,"href":"https:\/\/www.normisjon.no\/crm-manual\/wp-json\/wp\/v2\/users\/143"}],"replies":[{"embeddable":true,"href":"https:\/\/www.normisjon.no\/crm-manual\/wp-json\/wp\/v2\/comments?post=477"}],"version-history":[{"count":10,"href":"https:\/\/www.normisjon.no\/crm-manual\/wp-json\/wp\/v2\/pages\/477\/revisions"}],"predecessor-version":[{"id":1198,"href":"https:\/\/www.normisjon.no\/crm-manual\/wp-json\/wp\/v2\/pages\/477\/revisions\/1198"}],"wp:attachment":[{"href":"https:\/\/www.normisjon.no\/crm-manual\/wp-json\/wp\/v2\/media?parent=477"}],"curies":[{"name":"wp","href":"https:\/\/api.w.org\/{rel}","templated":true}]}}