{"id":554,"date":"2025-05-26T14:55:54","date_gmt":"2025-05-26T12:55:54","guid":{"rendered":"https:\/\/www.normisjon.no\/crm-manual\/?page_id=554"},"modified":"2026-02-16T10:04:34","modified_gmt":"2026-02-16T09:04:34","slug":"endre-betalingsmate-for-betalingsavtale-i-profundo","status":"publish","type":"page","link":"https:\/\/www.normisjon.no\/crm-manual\/endre-betalingsmate-for-betalingsavtale-i-profundo\/","title":{"rendered":"Endre betalingsm\u00e5te for betalingsavtale i ProFundo"},"content":{"rendered":"<div class=\"entry-content alignfull wp-block-post-content has-global-padding is-layout-constrained wp-block-post-content-is-layout-constrained\">\n<figure class=\"wp-block-image aligncenter size-full is-resized\"><img loading=\"lazy\" decoding=\"async\" width=\"148\" height=\"284\" src=\"https:\/\/www.normisjon.no\/content\/uploads\/sites\/46\/2026\/02\/Slipsfyr2.jpg\" alt=\"\" class=\"wp-image-1063\" style=\"width:64px\"\/><\/figure>\n\n\n\n<p><strong>Hvordan endre betalingsm\u00e5te for en betalingsavtale (medlem eller fastgiver) i ProFundo.<\/strong><\/p>\n\n\n\n<p><em>Se hvordan du&nbsp;<\/em><a href=\"https:\/\/www.normisjon.no\/crm-manual\/avslutte-betalingsavtale-i-profundo\/\"><em>avslutter<\/em><\/a><em>&nbsp;eller&nbsp;<\/em><a href=\"https:\/\/www.normisjon.no\/crm-manual\/endre-betalingsavtale-i-profundo\/\"><em>endrer<\/em><\/a><em>&nbsp;en betalingsavtale.<\/em><br><\/p>\n\n\n\n<p><strong>1)<\/strong>&nbsp;Vi starter med \u00e5 s\u00f8ke frem personen. Dette gj\u00f8r vi ved \u00e5 f\u00f8rst g\u00e5 til&nbsp;<strong>S\u00f8k<\/strong>&nbsp;og&nbsp;<strong>Navn<\/strong>&nbsp;i menyen til venstre.<\/p>\n\n\n\n<p><strong>2)&nbsp;<\/strong>Deretter skriver vi inn navnet p\u00e5 personen, som vil ha endret betalingsm\u00e5te, i s\u00f8kefeltet.<\/p>\n\n\n\n<p><strong>3)<\/strong>&nbsp;For \u00e5 utf\u00f8re s\u00f8ket etter navnet vi har skrevet inn, trykker vi p\u00e5&nbsp;<strong>Hent<\/strong>. Det vil da komme opp en liste med navn som passer med s\u00f8ket.<\/p>\n\n\n\n<figure class=\"wp-block-image size-full\"><img loading=\"lazy\" decoding=\"async\" width=\"960\" height=\"473\" src=\"https:\/\/www.normisjon.no\/content\/uploads\/sites\/46\/2025\/05\/Unknown-2-23.jpeg\" alt=\"\" class=\"wp-image-555\" srcset=\"https:\/\/www.normisjon.no\/content\/uploads\/sites\/46\/2025\/05\/Unknown-2-23.jpeg 960w, https:\/\/www.normisjon.no\/content\/uploads\/sites\/46\/2025\/05\/Unknown-2-23-300x148.jpeg 300w, https:\/\/www.normisjon.no\/content\/uploads\/sites\/46\/2025\/05\/Unknown-2-23-768x378.jpeg 768w\" sizes=\"auto, (max-width: 960px) 100vw, 960px\" \/><\/figure>\n\n\n\n<p><strong>4)&nbsp;<\/strong>N\u00e5r vi har s\u00f8kt frem riktig person, trykker vi oss inn p\u00e5 profilen til personen ved \u00e5 trykke p\u00e5 navnet eller et annet sted p\u00e5 linjen med informasjon om vedkommende (eksempelet er delvis anonymisert, s\u00e5 mer informasjon vil v\u00e6re synlig i ProFundo.)<\/p>\n\n\n\n<figure class=\"wp-block-image size-large\"><img loading=\"lazy\" decoding=\"async\" width=\"1024\" height=\"289\" src=\"https:\/\/www.normisjon.no\/content\/uploads\/sites\/46\/2025\/09\/Skjermbilde-2025-09-01-kl.-14.00.33-1024x289.png\" alt=\"\" class=\"wp-image-941\" srcset=\"https:\/\/www.normisjon.no\/content\/uploads\/sites\/46\/2025\/09\/Skjermbilde-2025-09-01-kl.-14.00.33-1024x289.png 1024w, https:\/\/www.normisjon.no\/content\/uploads\/sites\/46\/2025\/09\/Skjermbilde-2025-09-01-kl.-14.00.33-300x85.png 300w, https:\/\/www.normisjon.no\/content\/uploads\/sites\/46\/2025\/09\/Skjermbilde-2025-09-01-kl.-14.00.33-768x217.png 768w, https:\/\/www.normisjon.no\/content\/uploads\/sites\/46\/2025\/09\/Skjermbilde-2025-09-01-kl.-14.00.33-1360x384.png 1360w, https:\/\/www.normisjon.no\/content\/uploads\/sites\/46\/2025\/09\/Skjermbilde-2025-09-01-kl.-14.00.33-960x271.png 960w, https:\/\/www.normisjon.no\/content\/uploads\/sites\/46\/2025\/09\/Skjermbilde-2025-09-01-kl.-14.00.33.png 1514w\" sizes=\"auto, (max-width: 1024px) 100vw, 1024px\" \/><\/figure>\n\n\n\n<div class=\"wp-block-columns is-layout-flex wp-container-core-columns-is-layout-c5150b4a wp-block-columns-is-layout-flex\">\n<div class=\"wp-block-column is-layout-flow wp-block-column-is-layout-flow\" style=\"flex-basis:60%\">\n<p><strong>5)&nbsp;<\/strong>N\u00e5 kommer vi inn p\u00e5 profilen til personen. Her g\u00e5r vi til elementet&nbsp;<strong>Medlemsavtaler&nbsp;<\/strong>eller <strong>Giveravtaler<\/strong>, hvor vi trykker p\u00e5&nbsp;<strong>de tre prikkene<\/strong>&nbsp;oppe til h\u00f8yre, og deretter p\u00e5&nbsp;<strong>Vis mer<\/strong>.<\/p>\n<\/div>\n\n\n\n<div class=\"wp-block-column is-layout-flow wp-block-column-is-layout-flow\" style=\"flex-basis:40%\">\n<figure class=\"wp-block-image size-full\"><img loading=\"lazy\" decoding=\"async\" width=\"400\" height=\"258\" src=\"https:\/\/www.normisjon.no\/content\/uploads\/sites\/46\/2025\/05\/Unknown-2-24.jpeg\" alt=\"\" class=\"wp-image-557\" srcset=\"https:\/\/www.normisjon.no\/content\/uploads\/sites\/46\/2025\/05\/Unknown-2-24.jpeg 400w, https:\/\/www.normisjon.no\/content\/uploads\/sites\/46\/2025\/05\/Unknown-2-24-300x194.jpeg 300w\" sizes=\"auto, (max-width: 400px) 100vw, 400px\" \/><\/figure>\n<\/div>\n<\/div>\n\n\n\n<p><strong>6)&nbsp;<\/strong>N\u00e5 f\u00e5r vi opp en liste over betalingsavtaler personen har, og vi velger den avtalen det gjelder.&nbsp;<em>I dette eksempelet en medlemsavtale.<\/em><\/p>\n\n\n\n<figure class=\"wp-block-image size-full\"><img loading=\"lazy\" decoding=\"async\" width=\"955\" height=\"325\" src=\"https:\/\/www.normisjon.no\/content\/uploads\/sites\/46\/2025\/05\/Unknown-3-9.jpeg\" alt=\"\" class=\"wp-image-558\" srcset=\"https:\/\/www.normisjon.no\/content\/uploads\/sites\/46\/2025\/05\/Unknown-3-9.jpeg 955w, https:\/\/www.normisjon.no\/content\/uploads\/sites\/46\/2025\/05\/Unknown-3-9-300x102.jpeg 300w, https:\/\/www.normisjon.no\/content\/uploads\/sites\/46\/2025\/05\/Unknown-3-9-768x261.jpeg 768w\" sizes=\"auto, (max-width: 955px) 100vw, 955px\" \/><\/figure>\n\n\n\n<p><strong>7)&nbsp;<\/strong>Betalingsavtalen vil n\u00e5 komme opp. Om medlemmet \u00f8nsker \u00e5 betale medlemskapet sitt med AvtaleGiro eller Vipps trykker vi p\u00e5&nbsp;<strong>Send lenke med SMS<\/strong>&nbsp;under den leverand\u00f8ren de \u00f8nsker. Han eller hun vil n\u00e5 f\u00e5 tilsendt en SMS med en lenke til den valgte leverand\u00f8ren, hvor de selv fyller ut n\u00f8dvendig informasjon.<\/p>\n\n\n\n<figure class=\"wp-block-image size-large\"><img loading=\"lazy\" decoding=\"async\" width=\"1024\" height=\"510\" src=\"https:\/\/www.normisjon.no\/content\/uploads\/sites\/46\/2025\/09\/Skjermbilde-2025-09-01-kl.-14.06.30-1024x510.png\" alt=\"\" class=\"wp-image-948\" srcset=\"https:\/\/www.normisjon.no\/content\/uploads\/sites\/46\/2025\/09\/Skjermbilde-2025-09-01-kl.-14.06.30-1024x510.png 1024w, https:\/\/www.normisjon.no\/content\/uploads\/sites\/46\/2025\/09\/Skjermbilde-2025-09-01-kl.-14.06.30-300x149.png 300w, https:\/\/www.normisjon.no\/content\/uploads\/sites\/46\/2025\/09\/Skjermbilde-2025-09-01-kl.-14.06.30-768x382.png 768w, https:\/\/www.normisjon.no\/content\/uploads\/sites\/46\/2025\/09\/Skjermbilde-2025-09-01-kl.-14.06.30-1360x677.png 1360w, https:\/\/www.normisjon.no\/content\/uploads\/sites\/46\/2025\/09\/Skjermbilde-2025-09-01-kl.-14.06.30-960x478.png 960w, https:\/\/www.normisjon.no\/content\/uploads\/sites\/46\/2025\/09\/Skjermbilde-2025-09-01-kl.-14.06.30.png 1526w\" sizes=\"auto, (max-width: 1024px) 100vw, 1024px\" \/><\/figure>\n\n\n\n<p><\/p>\n\n\n\n<div class=\"wp-block-buttons is-content-justification-center is-layout-flex wp-container-core-buttons-is-layout-a89b3969 wp-block-buttons-is-layout-flex\">\n<div class=\"wp-block-button is-style-fill\"><a class=\"wp-block-button__link has-custom-font-size wp-element-button\" href=\"https:\/\/www.normisjon.no\/crm-manual\/alle-manualer-for-profundo\/\" style=\"font-size:15px\">Tilbake til oversikt<\/a><\/div>\n<\/div>\n<\/div>","protected":false},"excerpt":{"rendered":"<p>Hvordan endre betalingsm\u00e5te for en betalingsavtale (medlem eller fastgiver) i ProFundo. Se hvordan du&nbsp;avslutter&nbsp;eller&nbsp;endrer&nbsp;en betalingsavtale. 1)&nbsp;Vi starter med \u00e5 s\u00f8ke frem personen. Dette gj\u00f8r vi [&hellip;]<\/p>\n","protected":false},"author":143,"featured_media":0,"parent":0,"menu_order":0,"comment_status":"closed","ping_status":"closed","template":"","meta":{"_acf_changed":false,"footnotes":""},"class_list":["post-554","page","type-page","status-publish","hentry"],"acf":[],"yoast_head":"<!-- This site is optimized with the Yoast SEO plugin v25.9 - https:\/\/yoast.com\/wordpress\/plugins\/seo\/ -->\n<title>Endre betalingsm\u00e5te for betalingsavtale i ProFundo - CRM manual<\/title>\n<meta name=\"robots\" content=\"index, follow, max-snippet:-1, max-image-preview:large, max-video-preview:-1\" \/>\n<link rel=\"canonical\" href=\"https:\/\/www.normisjon.no\/crm-manual\/endre-betalingsmate-for-betalingsavtale-i-profundo\/\" \/>\n<meta property=\"og:locale\" content=\"nb_NO\" \/>\n<meta property=\"og:type\" content=\"article\" \/>\n<meta property=\"og:title\" content=\"Endre betalingsm\u00e5te for betalingsavtale i ProFundo - CRM manual\" \/>\n<meta property=\"og:description\" content=\"Hvordan endre betalingsm\u00e5te for en betalingsavtale (medlem eller fastgiver) i ProFundo. Se hvordan du&nbsp;avslutter&nbsp;eller&nbsp;endrer&nbsp;en betalingsavtale. 1)&nbsp;Vi starter med \u00e5 s\u00f8ke frem personen. Dette gj\u00f8r vi [&hellip;]\" \/>\n<meta property=\"og:url\" content=\"https:\/\/www.normisjon.no\/crm-manual\/endre-betalingsmate-for-betalingsavtale-i-profundo\/\" \/>\n<meta property=\"og:site_name\" content=\"CRM manual\" \/>\n<meta property=\"article:modified_time\" content=\"2026-02-16T09:04:34+00:00\" \/>\n<meta property=\"og:image\" content=\"https:\/\/www.normisjon.no\/content\/uploads\/sites\/46\/2026\/02\/Slipsfyr2.jpg\" \/>\n\t<meta property=\"og:image:width\" content=\"148\" \/>\n\t<meta property=\"og:image:height\" content=\"284\" \/>\n\t<meta property=\"og:image:type\" content=\"image\/jpeg\" \/>\n<meta name=\"twitter:card\" content=\"summary_large_image\" \/>\n<meta name=\"twitter:label1\" content=\"Ansl. lesetid\" \/>\n\t<meta name=\"twitter:data1\" content=\"3 minutter\" \/>\n<script type=\"application\/ld+json\" class=\"yoast-schema-graph\">{\"@context\":\"https:\/\/schema.org\",\"@graph\":[{\"@type\":\"WebPage\",\"@id\":\"https:\/\/www.normisjon.no\/crm-manual\/endre-betalingsmate-for-betalingsavtale-i-profundo\/\",\"url\":\"https:\/\/www.normisjon.no\/crm-manual\/endre-betalingsmate-for-betalingsavtale-i-profundo\/\",\"name\":\"Endre betalingsm\u00e5te for betalingsavtale i ProFundo - CRM manual\",\"isPartOf\":{\"@id\":\"https:\/\/www.normisjon.no\/crm-manual\/#website\"},\"primaryImageOfPage\":{\"@id\":\"https:\/\/www.normisjon.no\/crm-manual\/endre-betalingsmate-for-betalingsavtale-i-profundo\/#primaryimage\"},\"image\":{\"@id\":\"https:\/\/www.normisjon.no\/crm-manual\/endre-betalingsmate-for-betalingsavtale-i-profundo\/#primaryimage\"},\"thumbnailUrl\":\"https:\/\/www.normisjon.no\/content\/uploads\/sites\/46\/2026\/02\/Slipsfyr2.jpg\",\"datePublished\":\"2025-05-26T12:55:54+00:00\",\"dateModified\":\"2026-02-16T09:04:34+00:00\",\"breadcrumb\":{\"@id\":\"https:\/\/www.normisjon.no\/crm-manual\/endre-betalingsmate-for-betalingsavtale-i-profundo\/#breadcrumb\"},\"inLanguage\":\"nb-NO\",\"potentialAction\":[{\"@type\":\"ReadAction\",\"target\":[\"https:\/\/www.normisjon.no\/crm-manual\/endre-betalingsmate-for-betalingsavtale-i-profundo\/\"]}]},{\"@type\":\"ImageObject\",\"inLanguage\":\"nb-NO\",\"@id\":\"https:\/\/www.normisjon.no\/crm-manual\/endre-betalingsmate-for-betalingsavtale-i-profundo\/#primaryimage\",\"url\":\"https:\/\/www.normisjon.no\/content\/uploads\/sites\/46\/2026\/02\/Slipsfyr2.jpg\",\"contentUrl\":\"https:\/\/www.normisjon.no\/content\/uploads\/sites\/46\/2026\/02\/Slipsfyr2.jpg\"},{\"@type\":\"BreadcrumbList\",\"@id\":\"https:\/\/www.normisjon.no\/crm-manual\/endre-betalingsmate-for-betalingsavtale-i-profundo\/#breadcrumb\",\"itemListElement\":[{\"@type\":\"ListItem\",\"position\":1,\"name\":\"Hjem\",\"item\":\"https:\/\/www.normisjon.no\/crm-manual\/\"},{\"@type\":\"ListItem\",\"position\":2,\"name\":\"Endre betalingsm\u00e5te for betalingsavtale i ProFundo\"}]},{\"@type\":\"WebSite\",\"@id\":\"https:\/\/www.normisjon.no\/crm-manual\/#website\",\"url\":\"https:\/\/www.normisjon.no\/crm-manual\/\",\"name\":\"CRM manual\",\"description\":\"\",\"potentialAction\":[{\"@type\":\"SearchAction\",\"target\":{\"@type\":\"EntryPoint\",\"urlTemplate\":\"https:\/\/www.normisjon.no\/crm-manual\/?s={search_term_string}\"},\"query-input\":{\"@type\":\"PropertyValueSpecification\",\"valueRequired\":true,\"valueName\":\"search_term_string\"}}],\"inLanguage\":\"nb-NO\"}]}<\/script>\n<!-- \/ Yoast SEO plugin. -->","yoast_head_json":{"title":"Endre betalingsm\u00e5te for betalingsavtale i ProFundo - CRM manual","robots":{"index":"index","follow":"follow","max-snippet":"max-snippet:-1","max-image-preview":"max-image-preview:large","max-video-preview":"max-video-preview:-1"},"canonical":"https:\/\/www.normisjon.no\/crm-manual\/endre-betalingsmate-for-betalingsavtale-i-profundo\/","og_locale":"nb_NO","og_type":"article","og_title":"Endre betalingsm\u00e5te for betalingsavtale i ProFundo - CRM manual","og_description":"Hvordan endre betalingsm\u00e5te for en betalingsavtale (medlem eller fastgiver) i ProFundo. Se hvordan du&nbsp;avslutter&nbsp;eller&nbsp;endrer&nbsp;en betalingsavtale. 1)&nbsp;Vi starter med \u00e5 s\u00f8ke frem personen. Dette gj\u00f8r vi [&hellip;]","og_url":"https:\/\/www.normisjon.no\/crm-manual\/endre-betalingsmate-for-betalingsavtale-i-profundo\/","og_site_name":"CRM manual","article_modified_time":"2026-02-16T09:04:34+00:00","og_image":[{"width":148,"height":284,"url":"https:\/\/www.normisjon.no\/content\/uploads\/sites\/46\/2026\/02\/Slipsfyr2.jpg","type":"image\/jpeg"}],"twitter_card":"summary_large_image","twitter_misc":{"Ansl. lesetid":"3 minutter"},"schema":{"@context":"https:\/\/schema.org","@graph":[{"@type":"WebPage","@id":"https:\/\/www.normisjon.no\/crm-manual\/endre-betalingsmate-for-betalingsavtale-i-profundo\/","url":"https:\/\/www.normisjon.no\/crm-manual\/endre-betalingsmate-for-betalingsavtale-i-profundo\/","name":"Endre betalingsm\u00e5te for betalingsavtale i ProFundo - CRM manual","isPartOf":{"@id":"https:\/\/www.normisjon.no\/crm-manual\/#website"},"primaryImageOfPage":{"@id":"https:\/\/www.normisjon.no\/crm-manual\/endre-betalingsmate-for-betalingsavtale-i-profundo\/#primaryimage"},"image":{"@id":"https:\/\/www.normisjon.no\/crm-manual\/endre-betalingsmate-for-betalingsavtale-i-profundo\/#primaryimage"},"thumbnailUrl":"https:\/\/www.normisjon.no\/content\/uploads\/sites\/46\/2026\/02\/Slipsfyr2.jpg","datePublished":"2025-05-26T12:55:54+00:00","dateModified":"2026-02-16T09:04:34+00:00","breadcrumb":{"@id":"https:\/\/www.normisjon.no\/crm-manual\/endre-betalingsmate-for-betalingsavtale-i-profundo\/#breadcrumb"},"inLanguage":"nb-NO","potentialAction":[{"@type":"ReadAction","target":["https:\/\/www.normisjon.no\/crm-manual\/endre-betalingsmate-for-betalingsavtale-i-profundo\/"]}]},{"@type":"ImageObject","inLanguage":"nb-NO","@id":"https:\/\/www.normisjon.no\/crm-manual\/endre-betalingsmate-for-betalingsavtale-i-profundo\/#primaryimage","url":"https:\/\/www.normisjon.no\/content\/uploads\/sites\/46\/2026\/02\/Slipsfyr2.jpg","contentUrl":"https:\/\/www.normisjon.no\/content\/uploads\/sites\/46\/2026\/02\/Slipsfyr2.jpg"},{"@type":"BreadcrumbList","@id":"https:\/\/www.normisjon.no\/crm-manual\/endre-betalingsmate-for-betalingsavtale-i-profundo\/#breadcrumb","itemListElement":[{"@type":"ListItem","position":1,"name":"Hjem","item":"https:\/\/www.normisjon.no\/crm-manual\/"},{"@type":"ListItem","position":2,"name":"Endre betalingsm\u00e5te for betalingsavtale i ProFundo"}]},{"@type":"WebSite","@id":"https:\/\/www.normisjon.no\/crm-manual\/#website","url":"https:\/\/www.normisjon.no\/crm-manual\/","name":"CRM manual","description":"","potentialAction":[{"@type":"SearchAction","target":{"@type":"EntryPoint","urlTemplate":"https:\/\/www.normisjon.no\/crm-manual\/?s={search_term_string}"},"query-input":{"@type":"PropertyValueSpecification","valueRequired":true,"valueName":"search_term_string"}}],"inLanguage":"nb-NO"}]}},"_links":{"self":[{"href":"https:\/\/www.normisjon.no\/crm-manual\/wp-json\/wp\/v2\/pages\/554","targetHints":{"allow":["GET"]}}],"collection":[{"href":"https:\/\/www.normisjon.no\/crm-manual\/wp-json\/wp\/v2\/pages"}],"about":[{"href":"https:\/\/www.normisjon.no\/crm-manual\/wp-json\/wp\/v2\/types\/page"}],"author":[{"embeddable":true,"href":"https:\/\/www.normisjon.no\/crm-manual\/wp-json\/wp\/v2\/users\/143"}],"replies":[{"embeddable":true,"href":"https:\/\/www.normisjon.no\/crm-manual\/wp-json\/wp\/v2\/comments?post=554"}],"version-history":[{"count":8,"href":"https:\/\/www.normisjon.no\/crm-manual\/wp-json\/wp\/v2\/pages\/554\/revisions"}],"predecessor-version":[{"id":1202,"href":"https:\/\/www.normisjon.no\/crm-manual\/wp-json\/wp\/v2\/pages\/554\/revisions\/1202"}],"wp:attachment":[{"href":"https:\/\/www.normisjon.no\/crm-manual\/wp-json\/wp\/v2\/media?parent=554"}],"curies":[{"name":"wp","href":"https:\/\/api.w.org\/{rel}","templated":true}]}}