{"id":564,"date":"2025-05-26T15:36:13","date_gmt":"2025-05-26T13:36:13","guid":{"rendered":"https:\/\/www.normisjon.no\/crm-manual\/?page_id=564"},"modified":"2026-02-16T10:03:52","modified_gmt":"2026-02-16T09:03:52","slug":"avslutte-betalingsavtale-i-profundo","status":"publish","type":"page","link":"https:\/\/www.normisjon.no\/crm-manual\/avslutte-betalingsavtale-i-profundo\/","title":{"rendered":"Avslutte betalingsavtale i ProFundo"},"content":{"rendered":"<div class=\"entry-content alignfull wp-block-post-content has-global-padding is-layout-constrained wp-block-post-content-is-layout-constrained\">\n<figure class=\"wp-block-image aligncenter size-medium is-resized\"><img loading=\"lazy\" decoding=\"async\" width=\"154\" height=\"300\" src=\"https:\/\/www.normisjon.no\/content\/uploads\/sites\/46\/2026\/02\/Pekefingerfyr2-154x300.jpg\" alt=\"\" class=\"wp-image-1062\" style=\"width:64px\" srcset=\"https:\/\/www.normisjon.no\/content\/uploads\/sites\/46\/2026\/02\/Pekefingerfyr2-154x300.jpg 154w, https:\/\/www.normisjon.no\/content\/uploads\/sites\/46\/2026\/02\/Pekefingerfyr2.jpg 284w\" sizes=\"auto, (max-width: 154px) 100vw, 154px\" \/><\/figure>\n\n\n\n<p><strong>Hvordan avslutte en betalingsavtale for medlemskap eller fastgiver i ProFundo.<\/strong><\/p>\n\n\n\n<p><em>Se hvordan du&nbsp;<\/em><a href=\"https:\/\/www.normisjon.no\/crm-manual\/opprette-ny-giveravtale-i-profundo\/\"><em>oppretter<\/em><\/a><em>&nbsp;eller&nbsp;<\/em><a href=\"https:\/\/www.normisjon.no\/crm-manual\/endre-betalingsavtale-i-profundo\/\"><em>endrer<\/em><\/a><em>&nbsp;en betalingsavtale.<\/em><\/p>\n\n\n\n<p><br><strong>1)<\/strong>&nbsp;Vi starter med \u00e5 s\u00f8ke frem personen. Dette gj\u00f8r vi ved \u00e5 f\u00f8rst g\u00e5 til&nbsp;<strong>S\u00f8k<\/strong>&nbsp;og&nbsp;<strong>Navn<\/strong>&nbsp;i menyen til venstre.<\/p>\n\n\n\n<p><strong>2)&nbsp;<\/strong>Deretter skriver vi inn navnet p\u00e5 personen som vil ha betalingsavtalen sin avsluttet i s\u00f8kefeltet.<\/p>\n\n\n\n<p><strong>3)<\/strong>&nbsp;For \u00e5 utf\u00f8re s\u00f8ket etter navnet vi har skrevet inn, trykker vi p\u00e5&nbsp;<strong>Hent<\/strong>. Det vil da komme opp en liste med navn som passer med s\u00f8ket.<\/p>\n\n\n\n<figure class=\"wp-block-image size-full\"><img loading=\"lazy\" decoding=\"async\" width=\"960\" height=\"473\" src=\"https:\/\/www.normisjon.no\/content\/uploads\/sites\/46\/2025\/05\/Unknown-2-23.jpeg\" alt=\"\" class=\"wp-image-555\" srcset=\"https:\/\/www.normisjon.no\/content\/uploads\/sites\/46\/2025\/05\/Unknown-2-23.jpeg 960w, https:\/\/www.normisjon.no\/content\/uploads\/sites\/46\/2025\/05\/Unknown-2-23-300x148.jpeg 300w, https:\/\/www.normisjon.no\/content\/uploads\/sites\/46\/2025\/05\/Unknown-2-23-768x378.jpeg 768w\" sizes=\"auto, (max-width: 960px) 100vw, 960px\" \/><\/figure>\n\n\n\n<p><strong>4)&nbsp;<\/strong>N\u00e5r vi har s\u00f8kt frem riktig person, trykker vi oss inn p\u00e5 profilen til personen ved \u00e5 trykke p\u00e5 navnet eller et annet sted p\u00e5 linjen med informasjon om vedkommende (eksempelet er delvis anonymisert, s\u00e5 mer informasjon vil v\u00e6re synlig i ProFundo.)<\/p>\n\n\n\n<figure class=\"wp-block-image size-large\"><img loading=\"lazy\" decoding=\"async\" width=\"1024\" height=\"289\" src=\"https:\/\/www.normisjon.no\/content\/uploads\/sites\/46\/2025\/09\/Skjermbilde-2025-09-01-kl.-14.00.33-1024x289.png\" alt=\"\" class=\"wp-image-941\" srcset=\"https:\/\/www.normisjon.no\/content\/uploads\/sites\/46\/2025\/09\/Skjermbilde-2025-09-01-kl.-14.00.33-1024x289.png 1024w, https:\/\/www.normisjon.no\/content\/uploads\/sites\/46\/2025\/09\/Skjermbilde-2025-09-01-kl.-14.00.33-300x85.png 300w, https:\/\/www.normisjon.no\/content\/uploads\/sites\/46\/2025\/09\/Skjermbilde-2025-09-01-kl.-14.00.33-768x217.png 768w, https:\/\/www.normisjon.no\/content\/uploads\/sites\/46\/2025\/09\/Skjermbilde-2025-09-01-kl.-14.00.33-1360x384.png 1360w, https:\/\/www.normisjon.no\/content\/uploads\/sites\/46\/2025\/09\/Skjermbilde-2025-09-01-kl.-14.00.33-960x271.png 960w, https:\/\/www.normisjon.no\/content\/uploads\/sites\/46\/2025\/09\/Skjermbilde-2025-09-01-kl.-14.00.33.png 1514w\" sizes=\"auto, (max-width: 1024px) 100vw, 1024px\" \/><\/figure>\n\n\n\n<div class=\"wp-block-columns is-layout-flex wp-container-core-columns-is-layout-c5150b4a wp-block-columns-is-layout-flex\">\n<div class=\"wp-block-column is-layout-flow wp-block-column-is-layout-flow\" style=\"flex-basis:60%\">\n<p><strong>5)&nbsp;<\/strong>N\u00e5 kommer vi inn p\u00e5 profilen til personen. Her g\u00e5r vi til elementet&nbsp;<strong>Medlemsavtaler&nbsp;<\/strong>eller<strong>Giveravtaler<\/strong>, hvor vi trykker p\u00e5&nbsp;<strong>de tre prikkene<\/strong>&nbsp;oppe til h\u00f8yre, og deretter p\u00e5&nbsp;<strong>Vis mer<\/strong>.<\/p>\n<\/div>\n\n\n\n<div class=\"wp-block-column is-layout-flow wp-block-column-is-layout-flow\" style=\"flex-basis:40%\">\n<figure class=\"wp-block-image size-full\"><img loading=\"lazy\" decoding=\"async\" width=\"400\" height=\"258\" src=\"https:\/\/www.normisjon.no\/content\/uploads\/sites\/46\/2025\/05\/Unknown-2-24.jpeg\" alt=\"\" class=\"wp-image-557\" srcset=\"https:\/\/www.normisjon.no\/content\/uploads\/sites\/46\/2025\/05\/Unknown-2-24.jpeg 400w, https:\/\/www.normisjon.no\/content\/uploads\/sites\/46\/2025\/05\/Unknown-2-24-300x194.jpeg 300w\" sizes=\"auto, (max-width: 400px) 100vw, 400px\" \/><\/figure>\n<\/div>\n<\/div>\n\n\n\n<p><strong>6)&nbsp;<\/strong>N\u00e5 f\u00e5r vi opp en liste over medlemsavtaler personen har, og vi velger den avtalen det gjelder, slik at betalingsavtalen vi skal avslutte kommer opp.<\/p>\n\n\n\n<figure class=\"wp-block-image size-full\"><img loading=\"lazy\" decoding=\"async\" width=\"955\" height=\"325\" src=\"https:\/\/www.normisjon.no\/content\/uploads\/sites\/46\/2025\/05\/Unknown-3-9.jpeg\" alt=\"\" class=\"wp-image-558\" srcset=\"https:\/\/www.normisjon.no\/content\/uploads\/sites\/46\/2025\/05\/Unknown-3-9.jpeg 955w, https:\/\/www.normisjon.no\/content\/uploads\/sites\/46\/2025\/05\/Unknown-3-9-300x102.jpeg 300w, https:\/\/www.normisjon.no\/content\/uploads\/sites\/46\/2025\/05\/Unknown-3-9-768x261.jpeg 768w\" sizes=\"auto, (max-width: 955px) 100vw, 955px\" \/><\/figure>\n\n\n\n<div class=\"wp-block-columns is-layout-flex wp-container-core-columns-is-layout-c5150b4a wp-block-columns-is-layout-flex\">\n<div class=\"wp-block-column is-layout-flow wp-block-column-is-layout-flow\" style=\"flex-basis:50%\">\n<p><strong>7)&nbsp;<\/strong>N\u00e5r vi har betalingsavtalen fremme trykker vi s\u00e5 p\u00e5 de&nbsp;<strong>tre prikkene&nbsp;<\/strong>\u00f8verst til h\u00f8yre i \u00abhovedelementet\u00bb til avtalen, og velger s\u00e5&nbsp;<strong>Avslutte<\/strong>.<\/p>\n<\/div>\n\n\n\n<div class=\"wp-block-column is-layout-flow wp-block-column-is-layout-flow\" style=\"flex-basis:50%\">\n<figure class=\"wp-block-image size-large\"><img loading=\"lazy\" decoding=\"async\" width=\"1024\" height=\"983\" src=\"https:\/\/www.normisjon.no\/content\/uploads\/sites\/46\/2025\/09\/Skjermbilde-2025-09-01-kl.-14.08.09-1024x983.png\" alt=\"\" class=\"wp-image-950\" srcset=\"https:\/\/www.normisjon.no\/content\/uploads\/sites\/46\/2025\/09\/Skjermbilde-2025-09-01-kl.-14.08.09-1024x983.png 1024w, https:\/\/www.normisjon.no\/content\/uploads\/sites\/46\/2025\/09\/Skjermbilde-2025-09-01-kl.-14.08.09-300x288.png 300w, https:\/\/www.normisjon.no\/content\/uploads\/sites\/46\/2025\/09\/Skjermbilde-2025-09-01-kl.-14.08.09-768x737.png 768w, https:\/\/www.normisjon.no\/content\/uploads\/sites\/46\/2025\/09\/Skjermbilde-2025-09-01-kl.-14.08.09-960x921.png 960w, https:\/\/www.normisjon.no\/content\/uploads\/sites\/46\/2025\/09\/Skjermbilde-2025-09-01-kl.-14.08.09.png 1144w\" sizes=\"auto, (max-width: 1024px) 100vw, 1024px\" \/><\/figure>\n<\/div>\n<\/div>\n\n\n\n<div class=\"wp-block-columns is-layout-flex wp-container-core-columns-is-layout-c5150b4a wp-block-columns-is-layout-flex\">\n<div class=\"wp-block-column is-layout-flow wp-block-column-is-layout-flow\" style=\"flex-basis:50%\">\n<p><strong>8)&nbsp;<\/strong>N\u00e5 f\u00e5r<strong>&nbsp;<\/strong>vi opp en boks hvor vi m\u00e5 velge dato og \u00e5rsak for at avtalen avsluttes. Ved \u00e5 trykke p\u00e5 kalendersymbolet f\u00e5r vi opp en kalender om det er \u00f8nskelig \u00e5 se visuelt. N\u00e5r dette er gjort, trykker vi p\u00e5&nbsp;<strong>Lagre<\/strong>, og avtalen blir avsluttet.<\/p>\n<\/div>\n\n\n\n<div class=\"wp-block-column is-layout-flow wp-block-column-is-layout-flow\" style=\"flex-basis:50%\">\n<figure class=\"wp-block-image size-full\"><img loading=\"lazy\" decoding=\"async\" width=\"400\" height=\"264\" src=\"https:\/\/www.normisjon.no\/content\/uploads\/sites\/46\/2025\/05\/Unknown-4-3.jpeg\" alt=\"\" class=\"wp-image-568\" srcset=\"https:\/\/www.normisjon.no\/content\/uploads\/sites\/46\/2025\/05\/Unknown-4-3.jpeg 400w, https:\/\/www.normisjon.no\/content\/uploads\/sites\/46\/2025\/05\/Unknown-4-3-300x198.jpeg 300w\" sizes=\"auto, (max-width: 400px) 100vw, 400px\" \/><\/figure>\n<\/div>\n<\/div>\n\n\n\n<p><\/p>\n\n\n\n<div class=\"wp-block-buttons is-content-justification-center is-layout-flex wp-container-core-buttons-is-layout-a89b3969 wp-block-buttons-is-layout-flex\">\n<div class=\"wp-block-button is-style-fill\"><a class=\"wp-block-button__link has-custom-font-size wp-element-button\" href=\"https:\/\/www.normisjon.no\/crm-manual\/alle-manualer-for-profundo\/\" style=\"font-size:15px\">Tilbake til oversikt<\/a><\/div>\n<\/div>\n<\/div>","protected":false},"excerpt":{"rendered":"<p>Hvordan avslutte en betalingsavtale for medlemskap eller fastgiver i ProFundo. Se hvordan du&nbsp;oppretter&nbsp;eller&nbsp;endrer&nbsp;en betalingsavtale. 1)&nbsp;Vi starter med \u00e5 s\u00f8ke frem personen. Dette gj\u00f8r vi ved [&hellip;]<\/p>\n","protected":false},"author":143,"featured_media":0,"parent":0,"menu_order":0,"comment_status":"closed","ping_status":"closed","template":"","meta":{"_acf_changed":false,"footnotes":""},"class_list":["post-564","page","type-page","status-publish","hentry"],"acf":[],"yoast_head":"<!-- This site is optimized with the Yoast SEO plugin v25.9 - https:\/\/yoast.com\/wordpress\/plugins\/seo\/ -->\n<title>Avslutte betalingsavtale i ProFundo - CRM manual<\/title>\n<meta name=\"robots\" content=\"index, follow, max-snippet:-1, max-image-preview:large, max-video-preview:-1\" \/>\n<link rel=\"canonical\" href=\"https:\/\/www.normisjon.no\/crm-manual\/avslutte-betalingsavtale-i-profundo\/\" \/>\n<meta property=\"og:locale\" content=\"nb_NO\" \/>\n<meta property=\"og:type\" content=\"article\" \/>\n<meta property=\"og:title\" content=\"Avslutte betalingsavtale i ProFundo - CRM manual\" \/>\n<meta property=\"og:description\" content=\"Hvordan avslutte en betalingsavtale for medlemskap eller fastgiver i ProFundo. Se hvordan du&nbsp;oppretter&nbsp;eller&nbsp;endrer&nbsp;en betalingsavtale. 1)&nbsp;Vi starter med \u00e5 s\u00f8ke frem personen. Dette gj\u00f8r vi ved [&hellip;]\" \/>\n<meta property=\"og:url\" content=\"https:\/\/www.normisjon.no\/crm-manual\/avslutte-betalingsavtale-i-profundo\/\" \/>\n<meta property=\"og:site_name\" content=\"CRM manual\" \/>\n<meta property=\"article:modified_time\" content=\"2026-02-16T09:03:52+00:00\" \/>\n<meta property=\"og:image\" content=\"https:\/\/www.normisjon.no\/content\/uploads\/sites\/46\/2026\/02\/Pekefingerfyr2.jpg\" \/>\n\t<meta property=\"og:image:width\" content=\"284\" \/>\n\t<meta property=\"og:image:height\" content=\"553\" \/>\n\t<meta property=\"og:image:type\" content=\"image\/jpeg\" \/>\n<meta name=\"twitter:card\" content=\"summary_large_image\" \/>\n<meta name=\"twitter:label1\" content=\"Ansl. lesetid\" \/>\n\t<meta name=\"twitter:data1\" content=\"3 minutter\" \/>\n<script type=\"application\/ld+json\" class=\"yoast-schema-graph\">{\"@context\":\"https:\/\/schema.org\",\"@graph\":[{\"@type\":\"WebPage\",\"@id\":\"https:\/\/www.normisjon.no\/crm-manual\/avslutte-betalingsavtale-i-profundo\/\",\"url\":\"https:\/\/www.normisjon.no\/crm-manual\/avslutte-betalingsavtale-i-profundo\/\",\"name\":\"Avslutte betalingsavtale i ProFundo - CRM manual\",\"isPartOf\":{\"@id\":\"https:\/\/www.normisjon.no\/crm-manual\/#website\"},\"primaryImageOfPage\":{\"@id\":\"https:\/\/www.normisjon.no\/crm-manual\/avslutte-betalingsavtale-i-profundo\/#primaryimage\"},\"image\":{\"@id\":\"https:\/\/www.normisjon.no\/crm-manual\/avslutte-betalingsavtale-i-profundo\/#primaryimage\"},\"thumbnailUrl\":\"https:\/\/www.normisjon.no\/content\/uploads\/sites\/46\/2026\/02\/Pekefingerfyr2-154x300.jpg\",\"datePublished\":\"2025-05-26T13:36:13+00:00\",\"dateModified\":\"2026-02-16T09:03:52+00:00\",\"breadcrumb\":{\"@id\":\"https:\/\/www.normisjon.no\/crm-manual\/avslutte-betalingsavtale-i-profundo\/#breadcrumb\"},\"inLanguage\":\"nb-NO\",\"potentialAction\":[{\"@type\":\"ReadAction\",\"target\":[\"https:\/\/www.normisjon.no\/crm-manual\/avslutte-betalingsavtale-i-profundo\/\"]}]},{\"@type\":\"ImageObject\",\"inLanguage\":\"nb-NO\",\"@id\":\"https:\/\/www.normisjon.no\/crm-manual\/avslutte-betalingsavtale-i-profundo\/#primaryimage\",\"url\":\"https:\/\/www.normisjon.no\/content\/uploads\/sites\/46\/2026\/02\/Pekefingerfyr2-154x300.jpg\",\"contentUrl\":\"https:\/\/www.normisjon.no\/content\/uploads\/sites\/46\/2026\/02\/Pekefingerfyr2-154x300.jpg\"},{\"@type\":\"BreadcrumbList\",\"@id\":\"https:\/\/www.normisjon.no\/crm-manual\/avslutte-betalingsavtale-i-profundo\/#breadcrumb\",\"itemListElement\":[{\"@type\":\"ListItem\",\"position\":1,\"name\":\"Hjem\",\"item\":\"https:\/\/www.normisjon.no\/crm-manual\/\"},{\"@type\":\"ListItem\",\"position\":2,\"name\":\"Avslutte betalingsavtale i ProFundo\"}]},{\"@type\":\"WebSite\",\"@id\":\"https:\/\/www.normisjon.no\/crm-manual\/#website\",\"url\":\"https:\/\/www.normisjon.no\/crm-manual\/\",\"name\":\"CRM manual\",\"description\":\"\",\"potentialAction\":[{\"@type\":\"SearchAction\",\"target\":{\"@type\":\"EntryPoint\",\"urlTemplate\":\"https:\/\/www.normisjon.no\/crm-manual\/?s={search_term_string}\"},\"query-input\":{\"@type\":\"PropertyValueSpecification\",\"valueRequired\":true,\"valueName\":\"search_term_string\"}}],\"inLanguage\":\"nb-NO\"}]}<\/script>\n<!-- \/ Yoast SEO plugin. -->","yoast_head_json":{"title":"Avslutte betalingsavtale i ProFundo - CRM manual","robots":{"index":"index","follow":"follow","max-snippet":"max-snippet:-1","max-image-preview":"max-image-preview:large","max-video-preview":"max-video-preview:-1"},"canonical":"https:\/\/www.normisjon.no\/crm-manual\/avslutte-betalingsavtale-i-profundo\/","og_locale":"nb_NO","og_type":"article","og_title":"Avslutte betalingsavtale i ProFundo - CRM manual","og_description":"Hvordan avslutte en betalingsavtale for medlemskap eller fastgiver i ProFundo. Se hvordan du&nbsp;oppretter&nbsp;eller&nbsp;endrer&nbsp;en betalingsavtale. 1)&nbsp;Vi starter med \u00e5 s\u00f8ke frem personen. Dette gj\u00f8r vi ved [&hellip;]","og_url":"https:\/\/www.normisjon.no\/crm-manual\/avslutte-betalingsavtale-i-profundo\/","og_site_name":"CRM manual","article_modified_time":"2026-02-16T09:03:52+00:00","og_image":[{"width":284,"height":553,"url":"https:\/\/www.normisjon.no\/content\/uploads\/sites\/46\/2026\/02\/Pekefingerfyr2.jpg","type":"image\/jpeg"}],"twitter_card":"summary_large_image","twitter_misc":{"Ansl. lesetid":"3 minutter"},"schema":{"@context":"https:\/\/schema.org","@graph":[{"@type":"WebPage","@id":"https:\/\/www.normisjon.no\/crm-manual\/avslutte-betalingsavtale-i-profundo\/","url":"https:\/\/www.normisjon.no\/crm-manual\/avslutte-betalingsavtale-i-profundo\/","name":"Avslutte betalingsavtale i ProFundo - CRM manual","isPartOf":{"@id":"https:\/\/www.normisjon.no\/crm-manual\/#website"},"primaryImageOfPage":{"@id":"https:\/\/www.normisjon.no\/crm-manual\/avslutte-betalingsavtale-i-profundo\/#primaryimage"},"image":{"@id":"https:\/\/www.normisjon.no\/crm-manual\/avslutte-betalingsavtale-i-profundo\/#primaryimage"},"thumbnailUrl":"https:\/\/www.normisjon.no\/content\/uploads\/sites\/46\/2026\/02\/Pekefingerfyr2-154x300.jpg","datePublished":"2025-05-26T13:36:13+00:00","dateModified":"2026-02-16T09:03:52+00:00","breadcrumb":{"@id":"https:\/\/www.normisjon.no\/crm-manual\/avslutte-betalingsavtale-i-profundo\/#breadcrumb"},"inLanguage":"nb-NO","potentialAction":[{"@type":"ReadAction","target":["https:\/\/www.normisjon.no\/crm-manual\/avslutte-betalingsavtale-i-profundo\/"]}]},{"@type":"ImageObject","inLanguage":"nb-NO","@id":"https:\/\/www.normisjon.no\/crm-manual\/avslutte-betalingsavtale-i-profundo\/#primaryimage","url":"https:\/\/www.normisjon.no\/content\/uploads\/sites\/46\/2026\/02\/Pekefingerfyr2-154x300.jpg","contentUrl":"https:\/\/www.normisjon.no\/content\/uploads\/sites\/46\/2026\/02\/Pekefingerfyr2-154x300.jpg"},{"@type":"BreadcrumbList","@id":"https:\/\/www.normisjon.no\/crm-manual\/avslutte-betalingsavtale-i-profundo\/#breadcrumb","itemListElement":[{"@type":"ListItem","position":1,"name":"Hjem","item":"https:\/\/www.normisjon.no\/crm-manual\/"},{"@type":"ListItem","position":2,"name":"Avslutte betalingsavtale i ProFundo"}]},{"@type":"WebSite","@id":"https:\/\/www.normisjon.no\/crm-manual\/#website","url":"https:\/\/www.normisjon.no\/crm-manual\/","name":"CRM manual","description":"","potentialAction":[{"@type":"SearchAction","target":{"@type":"EntryPoint","urlTemplate":"https:\/\/www.normisjon.no\/crm-manual\/?s={search_term_string}"},"query-input":{"@type":"PropertyValueSpecification","valueRequired":true,"valueName":"search_term_string"}}],"inLanguage":"nb-NO"}]}},"_links":{"self":[{"href":"https:\/\/www.normisjon.no\/crm-manual\/wp-json\/wp\/v2\/pages\/564","targetHints":{"allow":["GET"]}}],"collection":[{"href":"https:\/\/www.normisjon.no\/crm-manual\/wp-json\/wp\/v2\/pages"}],"about":[{"href":"https:\/\/www.normisjon.no\/crm-manual\/wp-json\/wp\/v2\/types\/page"}],"author":[{"embeddable":true,"href":"https:\/\/www.normisjon.no\/crm-manual\/wp-json\/wp\/v2\/users\/143"}],"replies":[{"embeddable":true,"href":"https:\/\/www.normisjon.no\/crm-manual\/wp-json\/wp\/v2\/comments?post=564"}],"version-history":[{"count":7,"href":"https:\/\/www.normisjon.no\/crm-manual\/wp-json\/wp\/v2\/pages\/564\/revisions"}],"predecessor-version":[{"id":1201,"href":"https:\/\/www.normisjon.no\/crm-manual\/wp-json\/wp\/v2\/pages\/564\/revisions\/1201"}],"wp:attachment":[{"href":"https:\/\/www.normisjon.no\/crm-manual\/wp-json\/wp\/v2\/media?parent=564"}],"curies":[{"name":"wp","href":"https:\/\/api.w.org\/{rel}","templated":true}]}}