{"id":594,"date":"2025-06-02T14:51:25","date_gmt":"2025-06-02T12:51:25","guid":{"rendered":"https:\/\/www.normisjon.no\/crm-manual\/?page_id=594"},"modified":"2026-02-09T13:01:16","modified_gmt":"2026-02-09T12:01:16","slug":"opprette-tjenestegruppe-i-crm-light","status":"publish","type":"page","link":"https:\/\/www.normisjon.no\/crm-manual\/opprette-tjenestegruppe-i-crm-light\/","title":{"rendered":"Opprette tjenestegruppe i CRM Light"},"content":{"rendered":"<div class=\"entry-content alignfull wp-block-post-content has-global-padding is-layout-constrained wp-block-post-content-is-layout-constrained\">\n<figure class=\"wp-block-image aligncenter size-full is-resized\"><img loading=\"lazy\" decoding=\"async\" width=\"492\" height=\"588\" src=\"https:\/\/www.normisjon.no\/content\/uploads\/sites\/46\/2026\/02\/Gruppe1-2.jpg\" alt=\"\" class=\"wp-image-1056\" style=\"width:110px;height:131px\" srcset=\"https:\/\/www.normisjon.no\/content\/uploads\/sites\/46\/2026\/02\/Gruppe1-2.jpg 492w, https:\/\/www.normisjon.no\/content\/uploads\/sites\/46\/2026\/02\/Gruppe1-2-251x300.jpg 251w\" sizes=\"auto, (max-width: 492px) 100vw, 492px\" \/><\/figure>\n\n\n\n<p><strong>Hvordan opprette en ny tjenestegruppe i CRM Light.<\/strong><br><br><em>Les hvordan du <a href=\"https:\/\/www.normisjon.no\/crm-manual\/legge-til-i-tjenestegruppe-i-crm-light\/\">legger til en person i en tjenestegruppe<\/a>.<\/em><br><\/p>\n\n\n\n<p><strong>1)&nbsp;<\/strong>N\u00e5r vi skal opprette en ny tjenestegruppe starter vi med \u00e5 g\u00e5 til fanen&nbsp;<strong>Admin.&nbsp;<\/strong>Her vil listen over ulike tjenestegrupper vises.<\/p>\n\n\n\n<p><strong>2)&nbsp;<\/strong>For \u00e5 opprette en ny tjenestegruppe trykker vi p\u00e5 de tre prikkene oppe til h\u00f8yre og velger&nbsp;<strong>Ny<\/strong>.<\/p>\n\n\n\n<figure class=\"wp-block-image size-large\"><img loading=\"lazy\" decoding=\"async\" width=\"1024\" height=\"358\" src=\"https:\/\/www.normisjon.no\/content\/uploads\/sites\/46\/2025\/06\/Skjermbilde-2025-06-02-kl.-14.44.02-1024x358.png\" alt=\"\" class=\"wp-image-595\" srcset=\"https:\/\/www.normisjon.no\/content\/uploads\/sites\/46\/2025\/06\/Skjermbilde-2025-06-02-kl.-14.44.02-1024x358.png 1024w, https:\/\/www.normisjon.no\/content\/uploads\/sites\/46\/2025\/06\/Skjermbilde-2025-06-02-kl.-14.44.02-300x105.png 300w, https:\/\/www.normisjon.no\/content\/uploads\/sites\/46\/2025\/06\/Skjermbilde-2025-06-02-kl.-14.44.02-768x269.png 768w, https:\/\/www.normisjon.no\/content\/uploads\/sites\/46\/2025\/06\/Skjermbilde-2025-06-02-kl.-14.44.02-1360x476.png 1360w, https:\/\/www.normisjon.no\/content\/uploads\/sites\/46\/2025\/06\/Skjermbilde-2025-06-02-kl.-14.44.02-960x336.png 960w, https:\/\/www.normisjon.no\/content\/uploads\/sites\/46\/2025\/06\/Skjermbilde-2025-06-02-kl.-14.44.02.png 1406w\" sizes=\"auto, (max-width: 1024px) 100vw, 1024px\" \/><\/figure>\n\n\n\n<p><strong>3)&nbsp;<\/strong>Vi f\u00e5r n\u00e5 opp skjemaet hvor vi oppretter den nye tjenestegruppen. Navnet p\u00e5 gruppen velger vi i feltet&nbsp;<strong>Beskrivelse<\/strong>.<\/p>\n\n\n\n<p><strong>4)&nbsp;<\/strong>Om tjenstegruppen skal ha ulike niv\u00e5er av medlemmer, for eksempel ledere og frivillige, opprettes disse niv\u00e5ene i&nbsp;<strong>Underklassifikasjoner<\/strong>. Trykk p\u00e5 plusstegnet og skriv navnet p\u00e5 klassifikasjonen, f.eks.<em>Leder<\/em> eller<em>Frivillig<\/em>. Skal du opprette flere trykker du p\u00e5 plusstegnet flere ganger. Disse vil vise seg som&nbsp;<strong>Funksjoner&nbsp;<\/strong>i skjemaet hvor man <a href=\"https:\/\/www.normisjon.no\/crm-manual\/legge-til-i-tjenestegruppe-i-crm-light\/\">registrerer en ny person<\/a> i en tjenestegruppe.<\/p>\n\n\n\n<figure class=\"wp-block-image size-large\"><img loading=\"lazy\" decoding=\"async\" width=\"1024\" height=\"421\" src=\"https:\/\/www.normisjon.no\/content\/uploads\/sites\/46\/2025\/06\/Skjermbilde-2025-06-02-kl.-14.44.14-1024x421.png\" alt=\"\" class=\"wp-image-596\" srcset=\"https:\/\/www.normisjon.no\/content\/uploads\/sites\/46\/2025\/06\/Skjermbilde-2025-06-02-kl.-14.44.14-1024x421.png 1024w, https:\/\/www.normisjon.no\/content\/uploads\/sites\/46\/2025\/06\/Skjermbilde-2025-06-02-kl.-14.44.14-300x123.png 300w, https:\/\/www.normisjon.no\/content\/uploads\/sites\/46\/2025\/06\/Skjermbilde-2025-06-02-kl.-14.44.14-768x316.png 768w, https:\/\/www.normisjon.no\/content\/uploads\/sites\/46\/2025\/06\/Skjermbilde-2025-06-02-kl.-14.44.14-960x395.png 960w, https:\/\/www.normisjon.no\/content\/uploads\/sites\/46\/2025\/06\/Skjermbilde-2025-06-02-kl.-14.44.14.png 1210w\" sizes=\"auto, (max-width: 1024px) 100vw, 1024px\" \/><\/figure>\n\n\n\n<p><strong>5)<\/strong> I feltet Klassifikasjon skal vi kun trykke p\u00e5 knappen <strong>Sjekk\/neste ledige<\/strong>.  Tjenestegruppen blir da tildelt en automatisk generert og unik kombinasjon av to tegn.<\/p>\n\n\n\n<p>N\u00e5r vi er ferdig, trykker vi p\u00e5&nbsp;<strong>Lagre<\/strong>. Vi kan alltid g\u00e5 tilbake og <a href=\"https:\/\/www.normisjon.no\/crm-manual\/alle-manualer-for-crm-light\/normisjon.no\/crm-manual\/redigere-tjenestegruppe-i-crm-light\/\">redigere tjenestegruppen<\/a> om vi \u00f8nsker det.<br><\/p>\n\n\n\n<div class=\"wp-block-buttons is-content-justification-center is-layout-flex wp-container-core-buttons-is-layout-a89b3969 wp-block-buttons-is-layout-flex\">\n<div class=\"wp-block-button is-style-fill\"><a class=\"wp-block-button__link has-custom-font-size wp-element-button\" href=\"https:\/\/www.normisjon.no\/crm-manual\/alle-manualer-for-crm-light\/\" style=\"font-size:15px\">Tilbake til oversikt<\/a><\/div>\n<\/div>\n<\/div>","protected":false},"excerpt":{"rendered":"<p>Hvordan opprette en ny tjenestegruppe i CRM Light. Les hvordan du legger til en person i en tjenestegruppe. 1)&nbsp;N\u00e5r vi skal opprette en ny tjenestegruppe [&hellip;]<\/p>\n","protected":false},"author":143,"featured_media":0,"parent":0,"menu_order":0,"comment_status":"closed","ping_status":"closed","template":"","meta":{"_acf_changed":false,"footnotes":""},"class_list":["post-594","page","type-page","status-publish","hentry"],"acf":[],"yoast_head":"<!-- This site is optimized with the Yoast SEO plugin v25.9 - https:\/\/yoast.com\/wordpress\/plugins\/seo\/ -->\n<title>Opprette tjenestegruppe i CRM Light - CRM manual<\/title>\n<meta name=\"robots\" content=\"index, follow, max-snippet:-1, max-image-preview:large, max-video-preview:-1\" \/>\n<link rel=\"canonical\" href=\"https:\/\/www.normisjon.no\/crm-manual\/opprette-tjenestegruppe-i-crm-light\/\" \/>\n<meta property=\"og:locale\" content=\"nb_NO\" \/>\n<meta property=\"og:type\" content=\"article\" \/>\n<meta property=\"og:title\" content=\"Opprette tjenestegruppe i CRM Light - CRM manual\" \/>\n<meta property=\"og:description\" content=\"Hvordan opprette en ny tjenestegruppe i CRM Light. Les hvordan du legger til en person i en tjenestegruppe. 1)&nbsp;N\u00e5r vi skal opprette en ny tjenestegruppe [&hellip;]\" \/>\n<meta property=\"og:url\" content=\"https:\/\/www.normisjon.no\/crm-manual\/opprette-tjenestegruppe-i-crm-light\/\" \/>\n<meta property=\"og:site_name\" content=\"CRM manual\" \/>\n<meta property=\"article:modified_time\" content=\"2026-02-09T12:01:16+00:00\" \/>\n<meta property=\"og:image\" content=\"https:\/\/www.normisjon.no\/content\/uploads\/sites\/46\/2026\/02\/Gruppe1-2.jpg\" \/>\n\t<meta property=\"og:image:width\" content=\"492\" \/>\n\t<meta property=\"og:image:height\" content=\"588\" \/>\n\t<meta property=\"og:image:type\" content=\"image\/jpeg\" \/>\n<meta name=\"twitter:card\" content=\"summary_large_image\" \/>\n<meta name=\"twitter:label1\" content=\"Ansl. lesetid\" \/>\n\t<meta name=\"twitter:data1\" content=\"2 minutter\" \/>\n<script type=\"application\/ld+json\" class=\"yoast-schema-graph\">{\"@context\":\"https:\/\/schema.org\",\"@graph\":[{\"@type\":\"WebPage\",\"@id\":\"https:\/\/www.normisjon.no\/crm-manual\/opprette-tjenestegruppe-i-crm-light\/\",\"url\":\"https:\/\/www.normisjon.no\/crm-manual\/opprette-tjenestegruppe-i-crm-light\/\",\"name\":\"Opprette tjenestegruppe i CRM Light - CRM manual\",\"isPartOf\":{\"@id\":\"https:\/\/www.normisjon.no\/crm-manual\/#website\"},\"primaryImageOfPage\":{\"@id\":\"https:\/\/www.normisjon.no\/crm-manual\/opprette-tjenestegruppe-i-crm-light\/#primaryimage\"},\"image\":{\"@id\":\"https:\/\/www.normisjon.no\/crm-manual\/opprette-tjenestegruppe-i-crm-light\/#primaryimage\"},\"thumbnailUrl\":\"https:\/\/www.normisjon.no\/content\/uploads\/sites\/46\/2026\/02\/Gruppe1-2.jpg\",\"datePublished\":\"2025-06-02T12:51:25+00:00\",\"dateModified\":\"2026-02-09T12:01:16+00:00\",\"breadcrumb\":{\"@id\":\"https:\/\/www.normisjon.no\/crm-manual\/opprette-tjenestegruppe-i-crm-light\/#breadcrumb\"},\"inLanguage\":\"nb-NO\",\"potentialAction\":[{\"@type\":\"ReadAction\",\"target\":[\"https:\/\/www.normisjon.no\/crm-manual\/opprette-tjenestegruppe-i-crm-light\/\"]}]},{\"@type\":\"ImageObject\",\"inLanguage\":\"nb-NO\",\"@id\":\"https:\/\/www.normisjon.no\/crm-manual\/opprette-tjenestegruppe-i-crm-light\/#primaryimage\",\"url\":\"https:\/\/www.normisjon.no\/content\/uploads\/sites\/46\/2026\/02\/Gruppe1-2.jpg\",\"contentUrl\":\"https:\/\/www.normisjon.no\/content\/uploads\/sites\/46\/2026\/02\/Gruppe1-2.jpg\"},{\"@type\":\"BreadcrumbList\",\"@id\":\"https:\/\/www.normisjon.no\/crm-manual\/opprette-tjenestegruppe-i-crm-light\/#breadcrumb\",\"itemListElement\":[{\"@type\":\"ListItem\",\"position\":1,\"name\":\"Hjem\",\"item\":\"https:\/\/www.normisjon.no\/crm-manual\/\"},{\"@type\":\"ListItem\",\"position\":2,\"name\":\"Opprette tjenestegruppe i CRM Light\"}]},{\"@type\":\"WebSite\",\"@id\":\"https:\/\/www.normisjon.no\/crm-manual\/#website\",\"url\":\"https:\/\/www.normisjon.no\/crm-manual\/\",\"name\":\"CRM manual\",\"description\":\"\",\"potentialAction\":[{\"@type\":\"SearchAction\",\"target\":{\"@type\":\"EntryPoint\",\"urlTemplate\":\"https:\/\/www.normisjon.no\/crm-manual\/?s={search_term_string}\"},\"query-input\":{\"@type\":\"PropertyValueSpecification\",\"valueRequired\":true,\"valueName\":\"search_term_string\"}}],\"inLanguage\":\"nb-NO\"}]}<\/script>\n<!-- \/ Yoast SEO plugin. -->","yoast_head_json":{"title":"Opprette tjenestegruppe i CRM Light - CRM manual","robots":{"index":"index","follow":"follow","max-snippet":"max-snippet:-1","max-image-preview":"max-image-preview:large","max-video-preview":"max-video-preview:-1"},"canonical":"https:\/\/www.normisjon.no\/crm-manual\/opprette-tjenestegruppe-i-crm-light\/","og_locale":"nb_NO","og_type":"article","og_title":"Opprette tjenestegruppe i CRM Light - CRM manual","og_description":"Hvordan opprette en ny tjenestegruppe i CRM Light. Les hvordan du legger til en person i en tjenestegruppe. 1)&nbsp;N\u00e5r vi skal opprette en ny tjenestegruppe [&hellip;]","og_url":"https:\/\/www.normisjon.no\/crm-manual\/opprette-tjenestegruppe-i-crm-light\/","og_site_name":"CRM manual","article_modified_time":"2026-02-09T12:01:16+00:00","og_image":[{"width":492,"height":588,"url":"https:\/\/www.normisjon.no\/content\/uploads\/sites\/46\/2026\/02\/Gruppe1-2.jpg","type":"image\/jpeg"}],"twitter_card":"summary_large_image","twitter_misc":{"Ansl. lesetid":"2 minutter"},"schema":{"@context":"https:\/\/schema.org","@graph":[{"@type":"WebPage","@id":"https:\/\/www.normisjon.no\/crm-manual\/opprette-tjenestegruppe-i-crm-light\/","url":"https:\/\/www.normisjon.no\/crm-manual\/opprette-tjenestegruppe-i-crm-light\/","name":"Opprette tjenestegruppe i CRM Light - CRM manual","isPartOf":{"@id":"https:\/\/www.normisjon.no\/crm-manual\/#website"},"primaryImageOfPage":{"@id":"https:\/\/www.normisjon.no\/crm-manual\/opprette-tjenestegruppe-i-crm-light\/#primaryimage"},"image":{"@id":"https:\/\/www.normisjon.no\/crm-manual\/opprette-tjenestegruppe-i-crm-light\/#primaryimage"},"thumbnailUrl":"https:\/\/www.normisjon.no\/content\/uploads\/sites\/46\/2026\/02\/Gruppe1-2.jpg","datePublished":"2025-06-02T12:51:25+00:00","dateModified":"2026-02-09T12:01:16+00:00","breadcrumb":{"@id":"https:\/\/www.normisjon.no\/crm-manual\/opprette-tjenestegruppe-i-crm-light\/#breadcrumb"},"inLanguage":"nb-NO","potentialAction":[{"@type":"ReadAction","target":["https:\/\/www.normisjon.no\/crm-manual\/opprette-tjenestegruppe-i-crm-light\/"]}]},{"@type":"ImageObject","inLanguage":"nb-NO","@id":"https:\/\/www.normisjon.no\/crm-manual\/opprette-tjenestegruppe-i-crm-light\/#primaryimage","url":"https:\/\/www.normisjon.no\/content\/uploads\/sites\/46\/2026\/02\/Gruppe1-2.jpg","contentUrl":"https:\/\/www.normisjon.no\/content\/uploads\/sites\/46\/2026\/02\/Gruppe1-2.jpg"},{"@type":"BreadcrumbList","@id":"https:\/\/www.normisjon.no\/crm-manual\/opprette-tjenestegruppe-i-crm-light\/#breadcrumb","itemListElement":[{"@type":"ListItem","position":1,"name":"Hjem","item":"https:\/\/www.normisjon.no\/crm-manual\/"},{"@type":"ListItem","position":2,"name":"Opprette tjenestegruppe i CRM Light"}]},{"@type":"WebSite","@id":"https:\/\/www.normisjon.no\/crm-manual\/#website","url":"https:\/\/www.normisjon.no\/crm-manual\/","name":"CRM manual","description":"","potentialAction":[{"@type":"SearchAction","target":{"@type":"EntryPoint","urlTemplate":"https:\/\/www.normisjon.no\/crm-manual\/?s={search_term_string}"},"query-input":{"@type":"PropertyValueSpecification","valueRequired":true,"valueName":"search_term_string"}}],"inLanguage":"nb-NO"}]}},"_links":{"self":[{"href":"https:\/\/www.normisjon.no\/crm-manual\/wp-json\/wp\/v2\/pages\/594","targetHints":{"allow":["GET"]}}],"collection":[{"href":"https:\/\/www.normisjon.no\/crm-manual\/wp-json\/wp\/v2\/pages"}],"about":[{"href":"https:\/\/www.normisjon.no\/crm-manual\/wp-json\/wp\/v2\/types\/page"}],"author":[{"embeddable":true,"href":"https:\/\/www.normisjon.no\/crm-manual\/wp-json\/wp\/v2\/users\/143"}],"replies":[{"embeddable":true,"href":"https:\/\/www.normisjon.no\/crm-manual\/wp-json\/wp\/v2\/comments?post=594"}],"version-history":[{"count":8,"href":"https:\/\/www.normisjon.no\/crm-manual\/wp-json\/wp\/v2\/pages\/594\/revisions"}],"predecessor-version":[{"id":1132,"href":"https:\/\/www.normisjon.no\/crm-manual\/wp-json\/wp\/v2\/pages\/594\/revisions\/1132"}],"wp:attachment":[{"href":"https:\/\/www.normisjon.no\/crm-manual\/wp-json\/wp\/v2\/media?parent=594"}],"curies":[{"name":"wp","href":"https:\/\/api.w.org\/{rel}","templated":true}]}}