{"id":602,"date":"2025-06-16T13:29:11","date_gmt":"2025-06-16T11:29:11","guid":{"rendered":"https:\/\/www.normisjon.no\/crm-manual\/?page_id=602"},"modified":"2026-02-16T10:50:16","modified_gmt":"2026-02-16T09:50:16","slug":"redigere-tjenestegruppe-i-crm-light","status":"publish","type":"page","link":"https:\/\/www.normisjon.no\/crm-manual\/redigere-tjenestegruppe-i-crm-light\/","title":{"rendered":"Redigere tjenestegruppe i CRM Light"},"content":{"rendered":"<div class=\"entry-content alignfull wp-block-post-content has-global-padding is-layout-constrained wp-block-post-content-is-layout-constrained\">\n<figure class=\"wp-block-image aligncenter size-full is-resized\"><img loading=\"lazy\" decoding=\"async\" width=\"493\" height=\"610\" src=\"https:\/\/www.normisjon.no\/content\/uploads\/sites\/46\/2026\/02\/gruppe-2-2.jpg\" alt=\"\" class=\"wp-image-1055\" style=\"width:110px\" srcset=\"https:\/\/www.normisjon.no\/content\/uploads\/sites\/46\/2026\/02\/gruppe-2-2.jpg 493w, https:\/\/www.normisjon.no\/content\/uploads\/sites\/46\/2026\/02\/gruppe-2-2-242x300.jpg 242w\" sizes=\"auto, (max-width: 493px) 100vw, 493px\" \/><\/figure>\n\n\n\n<p><strong>Hvordan gj\u00f8re endringer p\u00e5 en tjenestegruppe i CRM Light.<\/strong><\/p>\n\n\n\n<p><em>Les hvordan du&nbsp;<\/em><a href=\"https:\/\/www.normisjon.no\/crm-manual\/opprette-tjenestegruppe-i-crm-light\/\"><em>oppretter<\/em><\/a><em>&nbsp;eller&nbsp;<\/em><a href=\"https:\/\/www.normisjon.no\/crm-manual\/legge-til-i-tjenestegruppe-i-crm-light\/\"><em>legger noen til<\/em><\/a><em>&nbsp;i en tjenestegruppe<\/em><\/p>\n\n\n\n<p><strong>1)&nbsp;<\/strong>N\u00e5r vi skal gj\u00f8re endringer i en tjenestegruppe starter vi med \u00e5 g\u00e5 til fanen&nbsp;<strong>Admin.&nbsp;<\/strong>Her vil listen over ulike tjenestegrupper vises.<\/p>\n\n\n\n<p><strong>2)&nbsp;<\/strong>For \u00e5 gj\u00f8re endringer i en tjenestegruppe trykker vi p\u00e5 den vi vil gj\u00f8re endringer i, i dette tilfellet&nbsp;<strong>Velkomst<\/strong>.<\/p>\n\n\n\n<figure class=\"wp-block-image size-large\"><img loading=\"lazy\" decoding=\"async\" width=\"1024\" height=\"359\" src=\"https:\/\/www.normisjon.no\/content\/uploads\/sites\/46\/2025\/06\/Skjermbilde-2025-06-16-kl.-13.57.00-1024x359.png\" alt=\"\" class=\"wp-image-616\" srcset=\"https:\/\/www.normisjon.no\/content\/uploads\/sites\/46\/2025\/06\/Skjermbilde-2025-06-16-kl.-13.57.00-1024x359.png 1024w, https:\/\/www.normisjon.no\/content\/uploads\/sites\/46\/2025\/06\/Skjermbilde-2025-06-16-kl.-13.57.00-300x105.png 300w, https:\/\/www.normisjon.no\/content\/uploads\/sites\/46\/2025\/06\/Skjermbilde-2025-06-16-kl.-13.57.00-768x269.png 768w, https:\/\/www.normisjon.no\/content\/uploads\/sites\/46\/2025\/06\/Skjermbilde-2025-06-16-kl.-13.57.00-1536x538.png 1536w, https:\/\/www.normisjon.no\/content\/uploads\/sites\/46\/2025\/06\/Skjermbilde-2025-06-16-kl.-13.57.00-1360x476.png 1360w, https:\/\/www.normisjon.no\/content\/uploads\/sites\/46\/2025\/06\/Skjermbilde-2025-06-16-kl.-13.57.00-960x336.png 960w, https:\/\/www.normisjon.no\/content\/uploads\/sites\/46\/2025\/06\/Skjermbilde-2025-06-16-kl.-13.57.00.png 1570w\" sizes=\"auto, (max-width: 1024px) 100vw, 1024px\" \/><\/figure>\n\n\n\n<div class=\"wp-block-columns is-layout-flex wp-container-core-columns-is-layout-c5150b4a wp-block-columns-is-layout-flex\">\n<div class=\"wp-block-column is-layout-flow wp-block-column-is-layout-flow\" style=\"flex-basis:50%\">\n<p><strong>3)&nbsp;<\/strong>Vi f\u00e5r n\u00e5 opp et kort med informasjon om den valgte tjenestegruppen. For \u00e5 gj\u00f8re endringer trykker vi p\u00e5 de tre prikkene \u00f8verst til h\u00f8yre, og s\u00e5 p\u00e5&nbsp;<strong>Rediger<\/strong>.<\/p>\n<\/div>\n\n\n\n<div class=\"wp-block-column is-layout-flow wp-block-column-is-layout-flow\" style=\"flex-basis:50%\">\n<figure class=\"wp-block-image size-full\"><img loading=\"lazy\" decoding=\"async\" width=\"886\" height=\"672\" src=\"https:\/\/www.normisjon.no\/content\/uploads\/sites\/46\/2025\/06\/Skjermbilde-2025-06-16-kl.-11.09.16.png\" alt=\"\" class=\"wp-image-604\" srcset=\"https:\/\/www.normisjon.no\/content\/uploads\/sites\/46\/2025\/06\/Skjermbilde-2025-06-16-kl.-11.09.16.png 886w, https:\/\/www.normisjon.no\/content\/uploads\/sites\/46\/2025\/06\/Skjermbilde-2025-06-16-kl.-11.09.16-300x228.png 300w, https:\/\/www.normisjon.no\/content\/uploads\/sites\/46\/2025\/06\/Skjermbilde-2025-06-16-kl.-11.09.16-768x583.png 768w\" sizes=\"auto, (max-width: 886px) 100vw, 886px\" \/><\/figure>\n<\/div>\n<\/div>\n\n\n\n<p><strong>4)<\/strong> N\u00e5 f\u00e5r vi opp skjemaet hvor vi kan gj\u00f8re endringer i tjenestegruppen. Om vi \u00f8nsker \u00e5 legge til underklassifikasjoner, trykker vi p\u00e5 det gr\u00f8nne plusstegnet for hver ny underklassifikasjon vi \u00f8nsker. For \u00e5 slette eksisterende trykker vi p\u00e5 den r\u00f8de s\u00f8ppelb\u00f8tten.<\/p>\n\n\n\n<figure class=\"wp-block-image size-large is-resized\"><img loading=\"lazy\" decoding=\"async\" width=\"1024\" height=\"628\" src=\"https:\/\/www.normisjon.no\/content\/uploads\/sites\/46\/2025\/06\/Skjermbilde-2025-06-16-kl.-11.09.31-1024x628.png\" alt=\"\" class=\"wp-image-605\" style=\"width:729px;height:447px\" srcset=\"https:\/\/www.normisjon.no\/content\/uploads\/sites\/46\/2025\/06\/Skjermbilde-2025-06-16-kl.-11.09.31-1024x628.png 1024w, https:\/\/www.normisjon.no\/content\/uploads\/sites\/46\/2025\/06\/Skjermbilde-2025-06-16-kl.-11.09.31-300x184.png 300w, https:\/\/www.normisjon.no\/content\/uploads\/sites\/46\/2025\/06\/Skjermbilde-2025-06-16-kl.-11.09.31-768x471.png 768w, https:\/\/www.normisjon.no\/content\/uploads\/sites\/46\/2025\/06\/Skjermbilde-2025-06-16-kl.-11.09.31-1536x942.png 1536w, https:\/\/www.normisjon.no\/content\/uploads\/sites\/46\/2025\/06\/Skjermbilde-2025-06-16-kl.-11.09.31-1360x834.png 1360w, https:\/\/www.normisjon.no\/content\/uploads\/sites\/46\/2025\/06\/Skjermbilde-2025-06-16-kl.-11.09.31-960x589.png 960w, https:\/\/www.normisjon.no\/content\/uploads\/sites\/46\/2025\/06\/Skjermbilde-2025-06-16-kl.-11.09.31.png 1568w\" sizes=\"auto, (max-width: 1024px) 100vw, 1024px\" \/><\/figure>\n\n\n\n<p>N\u00e5r vi er ferdig, trykker vi p\u00e5 <strong>Lagre<\/strong>.<br><\/p>\n\n\n\n<div class=\"wp-block-buttons is-content-justification-center is-layout-flex wp-container-core-buttons-is-layout-a89b3969 wp-block-buttons-is-layout-flex\">\n<div class=\"wp-block-button is-style-fill\"><a class=\"wp-block-button__link has-custom-font-size wp-element-button\" href=\"https:\/\/www.normisjon.no\/crm-manual\/alle-manualer-for-crm-light\/\" style=\"font-size:15px\">Tilbake til oversikt<\/a><\/div>\n<\/div>\n<\/div>","protected":false},"excerpt":{"rendered":"<p>Hvordan gj\u00f8re endringer p\u00e5 en tjenestegruppe i CRM Light. Les hvordan du&nbsp;oppretter&nbsp;eller&nbsp;legger noen til&nbsp;i en tjenestegruppe 1)&nbsp;N\u00e5r vi skal gj\u00f8re endringer i en tjenestegruppe starter [&hellip;]<\/p>\n","protected":false},"author":143,"featured_media":0,"parent":0,"menu_order":0,"comment_status":"closed","ping_status":"closed","template":"","meta":{"_acf_changed":false,"footnotes":""},"class_list":["post-602","page","type-page","status-publish","hentry"],"acf":[],"yoast_head":"<!-- This site is optimized with the Yoast SEO plugin v25.9 - https:\/\/yoast.com\/wordpress\/plugins\/seo\/ -->\n<title>Redigere tjenestegruppe i CRM Light - CRM manual<\/title>\n<meta name=\"robots\" content=\"index, follow, max-snippet:-1, max-image-preview:large, max-video-preview:-1\" \/>\n<link rel=\"canonical\" href=\"https:\/\/www.normisjon.no\/crm-manual\/redigere-tjenestegruppe-i-crm-light\/\" \/>\n<meta property=\"og:locale\" content=\"nb_NO\" \/>\n<meta property=\"og:type\" content=\"article\" \/>\n<meta property=\"og:title\" content=\"Redigere tjenestegruppe i CRM Light - CRM manual\" \/>\n<meta property=\"og:description\" content=\"Hvordan gj\u00f8re endringer p\u00e5 en tjenestegruppe i CRM Light. Les hvordan du&nbsp;oppretter&nbsp;eller&nbsp;legger noen til&nbsp;i en tjenestegruppe 1)&nbsp;N\u00e5r vi skal gj\u00f8re endringer i en tjenestegruppe starter [&hellip;]\" \/>\n<meta property=\"og:url\" content=\"https:\/\/www.normisjon.no\/crm-manual\/redigere-tjenestegruppe-i-crm-light\/\" \/>\n<meta property=\"og:site_name\" content=\"CRM manual\" \/>\n<meta property=\"article:modified_time\" content=\"2026-02-16T09:50:16+00:00\" \/>\n<meta property=\"og:image\" content=\"https:\/\/www.normisjon.no\/content\/uploads\/sites\/46\/2026\/02\/gruppe-2-2.jpg\" \/>\n\t<meta property=\"og:image:width\" content=\"493\" \/>\n\t<meta property=\"og:image:height\" content=\"610\" \/>\n\t<meta property=\"og:image:type\" content=\"image\/jpeg\" \/>\n<meta name=\"twitter:card\" content=\"summary_large_image\" \/>\n<meta name=\"twitter:label1\" content=\"Ansl. lesetid\" \/>\n\t<meta name=\"twitter:data1\" content=\"2 minutter\" \/>\n<script type=\"application\/ld+json\" class=\"yoast-schema-graph\">{\"@context\":\"https:\/\/schema.org\",\"@graph\":[{\"@type\":\"WebPage\",\"@id\":\"https:\/\/www.normisjon.no\/crm-manual\/redigere-tjenestegruppe-i-crm-light\/\",\"url\":\"https:\/\/www.normisjon.no\/crm-manual\/redigere-tjenestegruppe-i-crm-light\/\",\"name\":\"Redigere tjenestegruppe i CRM Light - CRM manual\",\"isPartOf\":{\"@id\":\"https:\/\/www.normisjon.no\/crm-manual\/#website\"},\"primaryImageOfPage\":{\"@id\":\"https:\/\/www.normisjon.no\/crm-manual\/redigere-tjenestegruppe-i-crm-light\/#primaryimage\"},\"image\":{\"@id\":\"https:\/\/www.normisjon.no\/crm-manual\/redigere-tjenestegruppe-i-crm-light\/#primaryimage\"},\"thumbnailUrl\":\"https:\/\/www.normisjon.no\/content\/uploads\/sites\/46\/2026\/02\/gruppe-2-2.jpg\",\"datePublished\":\"2025-06-16T11:29:11+00:00\",\"dateModified\":\"2026-02-16T09:50:16+00:00\",\"breadcrumb\":{\"@id\":\"https:\/\/www.normisjon.no\/crm-manual\/redigere-tjenestegruppe-i-crm-light\/#breadcrumb\"},\"inLanguage\":\"nb-NO\",\"potentialAction\":[{\"@type\":\"ReadAction\",\"target\":[\"https:\/\/www.normisjon.no\/crm-manual\/redigere-tjenestegruppe-i-crm-light\/\"]}]},{\"@type\":\"ImageObject\",\"inLanguage\":\"nb-NO\",\"@id\":\"https:\/\/www.normisjon.no\/crm-manual\/redigere-tjenestegruppe-i-crm-light\/#primaryimage\",\"url\":\"https:\/\/www.normisjon.no\/content\/uploads\/sites\/46\/2026\/02\/gruppe-2-2.jpg\",\"contentUrl\":\"https:\/\/www.normisjon.no\/content\/uploads\/sites\/46\/2026\/02\/gruppe-2-2.jpg\"},{\"@type\":\"BreadcrumbList\",\"@id\":\"https:\/\/www.normisjon.no\/crm-manual\/redigere-tjenestegruppe-i-crm-light\/#breadcrumb\",\"itemListElement\":[{\"@type\":\"ListItem\",\"position\":1,\"name\":\"Hjem\",\"item\":\"https:\/\/www.normisjon.no\/crm-manual\/\"},{\"@type\":\"ListItem\",\"position\":2,\"name\":\"Redigere tjenestegruppe i CRM Light\"}]},{\"@type\":\"WebSite\",\"@id\":\"https:\/\/www.normisjon.no\/crm-manual\/#website\",\"url\":\"https:\/\/www.normisjon.no\/crm-manual\/\",\"name\":\"CRM manual\",\"description\":\"\",\"potentialAction\":[{\"@type\":\"SearchAction\",\"target\":{\"@type\":\"EntryPoint\",\"urlTemplate\":\"https:\/\/www.normisjon.no\/crm-manual\/?s={search_term_string}\"},\"query-input\":{\"@type\":\"PropertyValueSpecification\",\"valueRequired\":true,\"valueName\":\"search_term_string\"}}],\"inLanguage\":\"nb-NO\"}]}<\/script>\n<!-- \/ Yoast SEO plugin. -->","yoast_head_json":{"title":"Redigere tjenestegruppe i CRM Light - CRM manual","robots":{"index":"index","follow":"follow","max-snippet":"max-snippet:-1","max-image-preview":"max-image-preview:large","max-video-preview":"max-video-preview:-1"},"canonical":"https:\/\/www.normisjon.no\/crm-manual\/redigere-tjenestegruppe-i-crm-light\/","og_locale":"nb_NO","og_type":"article","og_title":"Redigere tjenestegruppe i CRM Light - CRM manual","og_description":"Hvordan gj\u00f8re endringer p\u00e5 en tjenestegruppe i CRM Light. Les hvordan du&nbsp;oppretter&nbsp;eller&nbsp;legger noen til&nbsp;i en tjenestegruppe 1)&nbsp;N\u00e5r vi skal gj\u00f8re endringer i en tjenestegruppe starter [&hellip;]","og_url":"https:\/\/www.normisjon.no\/crm-manual\/redigere-tjenestegruppe-i-crm-light\/","og_site_name":"CRM manual","article_modified_time":"2026-02-16T09:50:16+00:00","og_image":[{"width":493,"height":610,"url":"https:\/\/www.normisjon.no\/content\/uploads\/sites\/46\/2026\/02\/gruppe-2-2.jpg","type":"image\/jpeg"}],"twitter_card":"summary_large_image","twitter_misc":{"Ansl. lesetid":"2 minutter"},"schema":{"@context":"https:\/\/schema.org","@graph":[{"@type":"WebPage","@id":"https:\/\/www.normisjon.no\/crm-manual\/redigere-tjenestegruppe-i-crm-light\/","url":"https:\/\/www.normisjon.no\/crm-manual\/redigere-tjenestegruppe-i-crm-light\/","name":"Redigere tjenestegruppe i CRM Light - CRM manual","isPartOf":{"@id":"https:\/\/www.normisjon.no\/crm-manual\/#website"},"primaryImageOfPage":{"@id":"https:\/\/www.normisjon.no\/crm-manual\/redigere-tjenestegruppe-i-crm-light\/#primaryimage"},"image":{"@id":"https:\/\/www.normisjon.no\/crm-manual\/redigere-tjenestegruppe-i-crm-light\/#primaryimage"},"thumbnailUrl":"https:\/\/www.normisjon.no\/content\/uploads\/sites\/46\/2026\/02\/gruppe-2-2.jpg","datePublished":"2025-06-16T11:29:11+00:00","dateModified":"2026-02-16T09:50:16+00:00","breadcrumb":{"@id":"https:\/\/www.normisjon.no\/crm-manual\/redigere-tjenestegruppe-i-crm-light\/#breadcrumb"},"inLanguage":"nb-NO","potentialAction":[{"@type":"ReadAction","target":["https:\/\/www.normisjon.no\/crm-manual\/redigere-tjenestegruppe-i-crm-light\/"]}]},{"@type":"ImageObject","inLanguage":"nb-NO","@id":"https:\/\/www.normisjon.no\/crm-manual\/redigere-tjenestegruppe-i-crm-light\/#primaryimage","url":"https:\/\/www.normisjon.no\/content\/uploads\/sites\/46\/2026\/02\/gruppe-2-2.jpg","contentUrl":"https:\/\/www.normisjon.no\/content\/uploads\/sites\/46\/2026\/02\/gruppe-2-2.jpg"},{"@type":"BreadcrumbList","@id":"https:\/\/www.normisjon.no\/crm-manual\/redigere-tjenestegruppe-i-crm-light\/#breadcrumb","itemListElement":[{"@type":"ListItem","position":1,"name":"Hjem","item":"https:\/\/www.normisjon.no\/crm-manual\/"},{"@type":"ListItem","position":2,"name":"Redigere tjenestegruppe i CRM Light"}]},{"@type":"WebSite","@id":"https:\/\/www.normisjon.no\/crm-manual\/#website","url":"https:\/\/www.normisjon.no\/crm-manual\/","name":"CRM manual","description":"","potentialAction":[{"@type":"SearchAction","target":{"@type":"EntryPoint","urlTemplate":"https:\/\/www.normisjon.no\/crm-manual\/?s={search_term_string}"},"query-input":{"@type":"PropertyValueSpecification","valueRequired":true,"valueName":"search_term_string"}}],"inLanguage":"nb-NO"}]}},"_links":{"self":[{"href":"https:\/\/www.normisjon.no\/crm-manual\/wp-json\/wp\/v2\/pages\/602","targetHints":{"allow":["GET"]}}],"collection":[{"href":"https:\/\/www.normisjon.no\/crm-manual\/wp-json\/wp\/v2\/pages"}],"about":[{"href":"https:\/\/www.normisjon.no\/crm-manual\/wp-json\/wp\/v2\/types\/page"}],"author":[{"embeddable":true,"href":"https:\/\/www.normisjon.no\/crm-manual\/wp-json\/wp\/v2\/users\/143"}],"replies":[{"embeddable":true,"href":"https:\/\/www.normisjon.no\/crm-manual\/wp-json\/wp\/v2\/comments?post=602"}],"version-history":[{"count":8,"href":"https:\/\/www.normisjon.no\/crm-manual\/wp-json\/wp\/v2\/pages\/602\/revisions"}],"predecessor-version":[{"id":1212,"href":"https:\/\/www.normisjon.no\/crm-manual\/wp-json\/wp\/v2\/pages\/602\/revisions\/1212"}],"wp:attachment":[{"href":"https:\/\/www.normisjon.no\/crm-manual\/wp-json\/wp\/v2\/media?parent=602"}],"curies":[{"name":"wp","href":"https:\/\/api.w.org\/{rel}","templated":true}]}}