{"id":622,"date":"2025-06-16T14:26:15","date_gmt":"2025-06-16T12:26:15","guid":{"rendered":"https:\/\/www.normisjon.no\/crm-manual\/?page_id=622"},"modified":"2026-02-16T10:16:41","modified_gmt":"2026-02-16T09:16:41","slug":"hente-adresseliste-til-regionsblad-i-profundo","status":"publish","type":"page","link":"https:\/\/www.normisjon.no\/crm-manual\/hente-adresseliste-til-regionsblad-i-profundo\/","title":{"rendered":"Hente adresseliste til regionsblad  i ProFundo"},"content":{"rendered":"<div class=\"entry-content alignfull wp-block-post-content has-global-padding is-layout-constrained wp-block-post-content-is-layout-constrained\">\n<figure class=\"wp-block-image aligncenter size-full is-resized\"><img loading=\"lazy\" decoding=\"async\" width=\"294\" height=\"566\" src=\"https:\/\/www.normisjon.no\/content\/uploads\/sites\/46\/2026\/02\/Oransje-fyr-2-2.jpg\" alt=\"\" class=\"wp-image-1059\" style=\"width:64px\" srcset=\"https:\/\/www.normisjon.no\/content\/uploads\/sites\/46\/2026\/02\/Oransje-fyr-2-2.jpg 294w, https:\/\/www.normisjon.no\/content\/uploads\/sites\/46\/2026\/02\/Oransje-fyr-2-2-156x300.jpg 156w\" sizes=\"auto, (max-width: 294px) 100vw, 294px\" \/><\/figure>\n\n\n\n<p><strong>Hvordan hente ut fil med adresselisten til et regionsblad fra ProFundo.<\/strong><\/p>\n\n\n\n<p>Dette er en spesialrapport laget til oss, og som er identisk for alle regionaviser. Rapporten genererer en adressefil basert p\u00e5 aktivt infounntak p\u00e5 kj\u00f8ringstidspunktet samt at navnet er gyldig. Med gyldig menes det at det ikke er avsluttet eller pauset.&nbsp;<\/p>\n\n\n\n<div class=\"wp-block-columns is-layout-flex wp-container-core-columns-is-layout-cbe57604 wp-block-columns-is-layout-flex\">\n<div class=\"wp-block-column is-layout-flow wp-block-column-is-layout-flow\" style=\"flex-basis:50%\">\n<p>Rapporten som skal benyttes finnes under menyvalget&nbsp;<strong>Massebehandling&nbsp;<\/strong>og<strong> Adressefil<\/strong>, navn p\u00e5 rapporten er&nbsp;<strong>Adressefil regionsblader<\/strong>.&nbsp;<\/p>\n<\/div>\n\n\n\n<div class=\"wp-block-column is-layout-flow wp-block-column-is-layout-flow\" style=\"flex-basis:50%\">\n<figure class=\"wp-block-image size-full\"><img loading=\"lazy\" decoding=\"async\" width=\"400\" height=\"302\" src=\"https:\/\/www.normisjon.no\/content\/uploads\/sites\/46\/2025\/06\/Unknown-2.jpeg\" alt=\"\" class=\"wp-image-623\" srcset=\"https:\/\/www.normisjon.no\/content\/uploads\/sites\/46\/2025\/06\/Unknown-2.jpeg 400w, https:\/\/www.normisjon.no\/content\/uploads\/sites\/46\/2025\/06\/Unknown-2-300x227.jpeg 300w\" sizes=\"auto, (max-width: 400px) 100vw, 400px\" \/><\/figure>\n<\/div>\n<\/div>\n\n\n\n<p><strong>1)&nbsp;<\/strong>Her velger man hvilken region\/regionavis man skal kj\u00f8re rapporten for.&nbsp;<\/p>\n\n\n\n<p><strong>2)&nbsp;<\/strong>Her velger man&nbsp;<strong>infoenheten<\/strong>&nbsp;som skal knyttes til utsendelsen. Det m\u00e5 alltid knyttes en infoenhet til denne type utsendelser, og den kan kun benyttes \u00e9n gang.&nbsp;<\/p>\n\n\n\n<p><strong>3)&nbsp;<\/strong>Her velger vi<strong>&nbsp;<\/strong>aksjonen som skal knyttes til utsendelsen. V\u00e6r oppmerksom p\u00e5 at det alltid m\u00e5 opprettes en ny aksjon per utsendelse. Les hvordan du&nbsp;<a href=\"https:\/\/www.normisjon.no\/crm-manual\/opprette-ny-aksjon\/\">oppretter en ny aksjon<\/a>.<\/p>\n\n\n\n<p><strong>4)&nbsp;<\/strong>Her velger man om det skal f\u00f8lge med en giro eller ikke til utsendelsen.<\/p>\n\n\n\n<p><strong>5)<\/strong>&nbsp;N\u00e5r vi har gjort punktene over, trykker vi p\u00e5&nbsp;<strong>Hent data.&nbsp;<\/strong>Dette gj\u00f8res som en siste sjekk p\u00e5 at alt er som vi \u00f8nsker. Helt i bunnen av oversikten vi f\u00e5r opp vises antall mottakere.<\/p>\n\n\n\n<p><strong>6)&nbsp;<\/strong>N\u00e5r vi har kontrollert listen, jf. punkt 5, og alt ser riktig ut, kan vi trykke&nbsp;<strong>Produksjon med CSV.&nbsp;<\/strong>Da genereres filen som skal benyttes til adressering. Den ferdige filen legger seg s\u00e5 i listen i elementet&nbsp;<strong>Produksjoner<\/strong>, hvor den s\u00e5 kan lastes ned fra.<\/p>\n\n\n\n<figure class=\"wp-block-image size-full\"><img loading=\"lazy\" decoding=\"async\" width=\"960\" height=\"406\" src=\"https:\/\/www.normisjon.no\/content\/uploads\/sites\/46\/2025\/06\/Unknown-1-2.jpeg\" alt=\"\" class=\"wp-image-624\" srcset=\"https:\/\/www.normisjon.no\/content\/uploads\/sites\/46\/2025\/06\/Unknown-1-2.jpeg 960w, https:\/\/www.normisjon.no\/content\/uploads\/sites\/46\/2025\/06\/Unknown-1-2-300x127.jpeg 300w, https:\/\/www.normisjon.no\/content\/uploads\/sites\/46\/2025\/06\/Unknown-1-2-768x325.jpeg 768w\" sizes=\"auto, (max-width: 960px) 100vw, 960px\" \/><\/figure>\n\n\n\n<p>I elementet&nbsp;<strong>Produksjoner<\/strong>&nbsp;ligger alle produserte produksjoner. Her kan man finne igjen rapporter dersom man m\u00e5 hente\/laste ned en liste p\u00e5 nytt:<\/p>\n\n\n\n<p><strong>7)&nbsp;<\/strong>Under<strong>&nbsp;Info&nbsp;<\/strong>ser vi navnet p\u00e5 de ulike produksjonene, og sammen med dato burde dette gi nok informasjon om hvilken publisering det gjelder.<\/p>\n\n\n\n<p><strong>8)&nbsp;<\/strong>Under&nbsp;<strong>Fil&nbsp;<\/strong>ligger selve adressefilen for hver produksjon, som ble opprettet automatisk da vi trykket p\u00e5&nbsp;<strong>Produksjon<\/strong>&nbsp;<strong>med<\/strong>&nbsp;<strong>CSV&nbsp;<\/strong>(punkt 6). Vi trykker p\u00e5 knappen p\u00e5 samme linje som produksjonen vi har laget for \u00e5 laste adressefilen ned, og fillen vil ha samme navn som nummeret p\u00e5 produksjonen.<\/p>\n\n\n\n<p><strong>9)&nbsp;<\/strong>Om man \u00f8nsker en forh\u00e5ndsvisning av innholdet i en produksjon, kan man trykke p\u00e5&nbsp;<strong>Vis.<\/strong>&nbsp;Innholdet vil dukke opp nedenfor elementet&nbsp;<strong>Produksjon<\/strong>, i et nytt element som heter&nbsp;<strong>Adressefil regionsblader<\/strong>.<\/p>\n\n\n\n<p><strong>10)&nbsp;<\/strong>Dersom CSV-filen ikke kommer automatisk n\u00e5r du har klikket p\u00e5 knappen Produksjon med CSV, kan man starte denne jobben ved \u00e5 trykke p\u00e5&nbsp;<strong>Lag CSV<\/strong>.<\/p>\n\n\n\n<figure class=\"wp-block-image size-full\"><img loading=\"lazy\" decoding=\"async\" width=\"960\" height=\"349\" src=\"https:\/\/www.normisjon.no\/content\/uploads\/sites\/46\/2025\/06\/Unknown-2-1.jpeg\" alt=\"\" class=\"wp-image-625\" srcset=\"https:\/\/www.normisjon.no\/content\/uploads\/sites\/46\/2025\/06\/Unknown-2-1.jpeg 960w, https:\/\/www.normisjon.no\/content\/uploads\/sites\/46\/2025\/06\/Unknown-2-1-300x109.jpeg 300w, https:\/\/www.normisjon.no\/content\/uploads\/sites\/46\/2025\/06\/Unknown-2-1-768x279.jpeg 768w\" sizes=\"auto, (max-width: 960px) 100vw, 960px\" \/><\/figure>\n\n\n\n<p>Adressefilen som genereres inneholder f\u00f8lgende felter:&nbsp;<\/p>\n\n\n\n<ul class=\"wp-block-list\">\n<li>Navnenr<\/li>\n\n\n\n<li>Fornavn<\/li>\n\n\n\n<li>Etternavn<\/li>\n\n\n\n<li>Navn&nbsp;<em>(for- og etternavn)<\/em><\/li>\n\n\n\n<li>Adresse 1<\/li>\n\n\n\n<li>Adresse 2<\/li>\n\n\n\n<li>Poststedlinje&nbsp;<em>(postnummer og -sted)<\/em><\/li>\n\n\n\n<li>Land<\/li>\n\n\n\n<li>Antall&nbsp;<em>(antall eksemplarer mottaker skal ha)<\/em><\/li>\n\n\n\n<li>Aksjon<\/li>\n\n\n\n<li>Aksjonsnavn<\/li>\n\n\n\n<li>Kid&nbsp;<\/li>\n<\/ul>\n\n\n\n<p>Kontonummer som skal benyttes ved utsendelse av giro med KID er 3000 18 32731. Bankkontoen er knyttet til Normisjons hovedkontor, gavene overf\u00f8res mottaker via v\u00e5re vanlige rutiner.&nbsp;<br><\/p>\n\n\n\n<div class=\"wp-block-buttons is-content-justification-center is-layout-flex wp-container-core-buttons-is-layout-a89b3969 wp-block-buttons-is-layout-flex\">\n<div class=\"wp-block-button is-style-fill\"><a class=\"wp-block-button__link has-custom-font-size wp-element-button\" href=\"https:\/\/www.normisjon.no\/crm-manual\/alle-manualer-for-profundo\/\" style=\"font-size:15px\">Tilbake til oversikt<\/a><\/div>\n<\/div>\n<\/div>","protected":false},"excerpt":{"rendered":"<p>Hvordan hente ut fil med adresselisten til et regionsblad fra ProFundo. Dette er en spesialrapport laget til oss, og som er identisk for alle regionaviser. [&hellip;]<\/p>\n","protected":false},"author":143,"featured_media":0,"parent":0,"menu_order":0,"comment_status":"closed","ping_status":"closed","template":"","meta":{"_acf_changed":false,"footnotes":""},"class_list":["post-622","page","type-page","status-publish","hentry"],"acf":[],"yoast_head":"<!-- This site is optimized with the Yoast SEO plugin v25.9 - https:\/\/yoast.com\/wordpress\/plugins\/seo\/ -->\n<title>Hente adresseliste til regionsblad i ProFundo - CRM manual<\/title>\n<meta name=\"robots\" content=\"index, follow, max-snippet:-1, max-image-preview:large, max-video-preview:-1\" \/>\n<link rel=\"canonical\" href=\"https:\/\/www.normisjon.no\/crm-manual\/hente-adresseliste-til-regionsblad-i-profundo\/\" \/>\n<meta property=\"og:locale\" content=\"nb_NO\" \/>\n<meta property=\"og:type\" content=\"article\" \/>\n<meta property=\"og:title\" content=\"Hente adresseliste til regionsblad i ProFundo - CRM manual\" \/>\n<meta property=\"og:description\" content=\"Hvordan hente ut fil med adresselisten til et regionsblad fra ProFundo. Dette er en spesialrapport laget til oss, og som er identisk for alle regionaviser. [&hellip;]\" \/>\n<meta property=\"og:url\" content=\"https:\/\/www.normisjon.no\/crm-manual\/hente-adresseliste-til-regionsblad-i-profundo\/\" \/>\n<meta property=\"og:site_name\" content=\"CRM manual\" \/>\n<meta property=\"article:modified_time\" content=\"2026-02-16T09:16:41+00:00\" \/>\n<meta property=\"og:image\" content=\"https:\/\/www.normisjon.no\/content\/uploads\/sites\/46\/2026\/02\/Oransje-fyr-2-2.jpg\" \/>\n\t<meta property=\"og:image:width\" content=\"294\" \/>\n\t<meta property=\"og:image:height\" content=\"566\" \/>\n\t<meta property=\"og:image:type\" content=\"image\/jpeg\" \/>\n<meta name=\"twitter:card\" content=\"summary_large_image\" \/>\n<meta name=\"twitter:label1\" content=\"Ansl. lesetid\" \/>\n\t<meta name=\"twitter:data1\" content=\"4 minutter\" \/>\n<script type=\"application\/ld+json\" class=\"yoast-schema-graph\">{\"@context\":\"https:\/\/schema.org\",\"@graph\":[{\"@type\":\"WebPage\",\"@id\":\"https:\/\/www.normisjon.no\/crm-manual\/hente-adresseliste-til-regionsblad-i-profundo\/\",\"url\":\"https:\/\/www.normisjon.no\/crm-manual\/hente-adresseliste-til-regionsblad-i-profundo\/\",\"name\":\"Hente adresseliste til regionsblad i ProFundo - CRM manual\",\"isPartOf\":{\"@id\":\"https:\/\/www.normisjon.no\/crm-manual\/#website\"},\"primaryImageOfPage\":{\"@id\":\"https:\/\/www.normisjon.no\/crm-manual\/hente-adresseliste-til-regionsblad-i-profundo\/#primaryimage\"},\"image\":{\"@id\":\"https:\/\/www.normisjon.no\/crm-manual\/hente-adresseliste-til-regionsblad-i-profundo\/#primaryimage\"},\"thumbnailUrl\":\"https:\/\/www.normisjon.no\/content\/uploads\/sites\/46\/2026\/02\/Oransje-fyr-2-2.jpg\",\"datePublished\":\"2025-06-16T12:26:15+00:00\",\"dateModified\":\"2026-02-16T09:16:41+00:00\",\"breadcrumb\":{\"@id\":\"https:\/\/www.normisjon.no\/crm-manual\/hente-adresseliste-til-regionsblad-i-profundo\/#breadcrumb\"},\"inLanguage\":\"nb-NO\",\"potentialAction\":[{\"@type\":\"ReadAction\",\"target\":[\"https:\/\/www.normisjon.no\/crm-manual\/hente-adresseliste-til-regionsblad-i-profundo\/\"]}]},{\"@type\":\"ImageObject\",\"inLanguage\":\"nb-NO\",\"@id\":\"https:\/\/www.normisjon.no\/crm-manual\/hente-adresseliste-til-regionsblad-i-profundo\/#primaryimage\",\"url\":\"https:\/\/www.normisjon.no\/content\/uploads\/sites\/46\/2026\/02\/Oransje-fyr-2-2.jpg\",\"contentUrl\":\"https:\/\/www.normisjon.no\/content\/uploads\/sites\/46\/2026\/02\/Oransje-fyr-2-2.jpg\"},{\"@type\":\"BreadcrumbList\",\"@id\":\"https:\/\/www.normisjon.no\/crm-manual\/hente-adresseliste-til-regionsblad-i-profundo\/#breadcrumb\",\"itemListElement\":[{\"@type\":\"ListItem\",\"position\":1,\"name\":\"Hjem\",\"item\":\"https:\/\/www.normisjon.no\/crm-manual\/\"},{\"@type\":\"ListItem\",\"position\":2,\"name\":\"Hente adresseliste til regionsblad i ProFundo\"}]},{\"@type\":\"WebSite\",\"@id\":\"https:\/\/www.normisjon.no\/crm-manual\/#website\",\"url\":\"https:\/\/www.normisjon.no\/crm-manual\/\",\"name\":\"CRM manual\",\"description\":\"\",\"potentialAction\":[{\"@type\":\"SearchAction\",\"target\":{\"@type\":\"EntryPoint\",\"urlTemplate\":\"https:\/\/www.normisjon.no\/crm-manual\/?s={search_term_string}\"},\"query-input\":{\"@type\":\"PropertyValueSpecification\",\"valueRequired\":true,\"valueName\":\"search_term_string\"}}],\"inLanguage\":\"nb-NO\"}]}<\/script>\n<!-- \/ Yoast SEO plugin. -->","yoast_head_json":{"title":"Hente adresseliste til regionsblad i ProFundo - CRM manual","robots":{"index":"index","follow":"follow","max-snippet":"max-snippet:-1","max-image-preview":"max-image-preview:large","max-video-preview":"max-video-preview:-1"},"canonical":"https:\/\/www.normisjon.no\/crm-manual\/hente-adresseliste-til-regionsblad-i-profundo\/","og_locale":"nb_NO","og_type":"article","og_title":"Hente adresseliste til regionsblad i ProFundo - CRM manual","og_description":"Hvordan hente ut fil med adresselisten til et regionsblad fra ProFundo. Dette er en spesialrapport laget til oss, og som er identisk for alle regionaviser. [&hellip;]","og_url":"https:\/\/www.normisjon.no\/crm-manual\/hente-adresseliste-til-regionsblad-i-profundo\/","og_site_name":"CRM manual","article_modified_time":"2026-02-16T09:16:41+00:00","og_image":[{"width":294,"height":566,"url":"https:\/\/www.normisjon.no\/content\/uploads\/sites\/46\/2026\/02\/Oransje-fyr-2-2.jpg","type":"image\/jpeg"}],"twitter_card":"summary_large_image","twitter_misc":{"Ansl. lesetid":"4 minutter"},"schema":{"@context":"https:\/\/schema.org","@graph":[{"@type":"WebPage","@id":"https:\/\/www.normisjon.no\/crm-manual\/hente-adresseliste-til-regionsblad-i-profundo\/","url":"https:\/\/www.normisjon.no\/crm-manual\/hente-adresseliste-til-regionsblad-i-profundo\/","name":"Hente adresseliste til regionsblad i ProFundo - CRM manual","isPartOf":{"@id":"https:\/\/www.normisjon.no\/crm-manual\/#website"},"primaryImageOfPage":{"@id":"https:\/\/www.normisjon.no\/crm-manual\/hente-adresseliste-til-regionsblad-i-profundo\/#primaryimage"},"image":{"@id":"https:\/\/www.normisjon.no\/crm-manual\/hente-adresseliste-til-regionsblad-i-profundo\/#primaryimage"},"thumbnailUrl":"https:\/\/www.normisjon.no\/content\/uploads\/sites\/46\/2026\/02\/Oransje-fyr-2-2.jpg","datePublished":"2025-06-16T12:26:15+00:00","dateModified":"2026-02-16T09:16:41+00:00","breadcrumb":{"@id":"https:\/\/www.normisjon.no\/crm-manual\/hente-adresseliste-til-regionsblad-i-profundo\/#breadcrumb"},"inLanguage":"nb-NO","potentialAction":[{"@type":"ReadAction","target":["https:\/\/www.normisjon.no\/crm-manual\/hente-adresseliste-til-regionsblad-i-profundo\/"]}]},{"@type":"ImageObject","inLanguage":"nb-NO","@id":"https:\/\/www.normisjon.no\/crm-manual\/hente-adresseliste-til-regionsblad-i-profundo\/#primaryimage","url":"https:\/\/www.normisjon.no\/content\/uploads\/sites\/46\/2026\/02\/Oransje-fyr-2-2.jpg","contentUrl":"https:\/\/www.normisjon.no\/content\/uploads\/sites\/46\/2026\/02\/Oransje-fyr-2-2.jpg"},{"@type":"BreadcrumbList","@id":"https:\/\/www.normisjon.no\/crm-manual\/hente-adresseliste-til-regionsblad-i-profundo\/#breadcrumb","itemListElement":[{"@type":"ListItem","position":1,"name":"Hjem","item":"https:\/\/www.normisjon.no\/crm-manual\/"},{"@type":"ListItem","position":2,"name":"Hente adresseliste til regionsblad i ProFundo"}]},{"@type":"WebSite","@id":"https:\/\/www.normisjon.no\/crm-manual\/#website","url":"https:\/\/www.normisjon.no\/crm-manual\/","name":"CRM manual","description":"","potentialAction":[{"@type":"SearchAction","target":{"@type":"EntryPoint","urlTemplate":"https:\/\/www.normisjon.no\/crm-manual\/?s={search_term_string}"},"query-input":{"@type":"PropertyValueSpecification","valueRequired":true,"valueName":"search_term_string"}}],"inLanguage":"nb-NO"}]}},"_links":{"self":[{"href":"https:\/\/www.normisjon.no\/crm-manual\/wp-json\/wp\/v2\/pages\/622","targetHints":{"allow":["GET"]}}],"collection":[{"href":"https:\/\/www.normisjon.no\/crm-manual\/wp-json\/wp\/v2\/pages"}],"about":[{"href":"https:\/\/www.normisjon.no\/crm-manual\/wp-json\/wp\/v2\/types\/page"}],"author":[{"embeddable":true,"href":"https:\/\/www.normisjon.no\/crm-manual\/wp-json\/wp\/v2\/users\/143"}],"replies":[{"embeddable":true,"href":"https:\/\/www.normisjon.no\/crm-manual\/wp-json\/wp\/v2\/comments?post=622"}],"version-history":[{"count":9,"href":"https:\/\/www.normisjon.no\/crm-manual\/wp-json\/wp\/v2\/pages\/622\/revisions"}],"predecessor-version":[{"id":1203,"href":"https:\/\/www.normisjon.no\/crm-manual\/wp-json\/wp\/v2\/pages\/622\/revisions\/1203"}],"wp:attachment":[{"href":"https:\/\/www.normisjon.no\/crm-manual\/wp-json\/wp\/v2\/media?parent=622"}],"curies":[{"name":"wp","href":"https:\/\/api.w.org\/{rel}","templated":true}]}}