{"id":634,"date":"2025-06-16T14:59:12","date_gmt":"2025-06-16T12:59:12","guid":{"rendered":"https:\/\/www.normisjon.no\/crm-manual\/?page_id=634"},"modified":"2026-02-09T12:08:07","modified_gmt":"2026-02-09T11:08:07","slug":"sok-etter-person-i-profundo","status":"publish","type":"page","link":"https:\/\/www.normisjon.no\/crm-manual\/sok-etter-person-i-profundo\/","title":{"rendered":"S\u00f8k etter person i ProFundo"},"content":{"rendered":"<div class=\"entry-content alignfull wp-block-post-content has-global-padding is-layout-constrained wp-block-post-content-is-layout-constrained\">\n<figure class=\"wp-block-image aligncenter size-full is-resized\"><img loading=\"lazy\" decoding=\"async\" width=\"275\" height=\"575\" src=\"https:\/\/www.normisjon.no\/content\/uploads\/sites\/46\/2026\/02\/Chill-fyr2.jpg\" alt=\"\" class=\"wp-image-1054\" style=\"width:64px\" srcset=\"https:\/\/www.normisjon.no\/content\/uploads\/sites\/46\/2026\/02\/Chill-fyr2.jpg 275w, https:\/\/www.normisjon.no\/content\/uploads\/sites\/46\/2026\/02\/Chill-fyr2-143x300.jpg 143w\" sizes=\"auto, (max-width: 275px) 100vw, 275px\" \/><\/figure>\n\n\n\n<p><strong>Hvordan s\u00f8ke etter en spesifikk person i ProFundo.<\/strong><\/p>\n\n\n\n<p><em>Se hvordan du&nbsp;<\/em><a href=\"https:\/\/www.normisjon.no\/crm-manual\/registrere-nytt-medlem\/\"><em>registrerer et nytt medlem<\/em><\/a>.<br><\/p>\n\n\n\n<p><strong>1)<\/strong>&nbsp;Vi starter med \u00e5 f\u00f8rst g\u00e5 til&nbsp;<strong>S\u00f8k<\/strong>&nbsp;og&nbsp;<strong>Navn<\/strong>&nbsp;i menyen til venstre.<\/p>\n\n\n\n<p><strong>2)&nbsp;<\/strong>Deretter skriver vi inn navnet p\u00e5 personen i s\u00f8kefeltet.<\/p>\n\n\n\n<p><strong>3)<\/strong>&nbsp;For \u00e5 utf\u00f8re s\u00f8ket etter navnet vi har skrevet inn, trykker vi p\u00e5&nbsp;<strong>Hent<\/strong>. Det vil da komme opp en liste med navn som passer med s\u00f8ket.<\/p>\n\n\n\n<figure class=\"wp-block-image size-full\"><img loading=\"lazy\" decoding=\"async\" width=\"960\" height=\"473\" src=\"https:\/\/www.normisjon.no\/content\/uploads\/sites\/46\/2025\/06\/Unknown-2-2.jpeg\" alt=\"\" class=\"wp-image-635\" srcset=\"https:\/\/www.normisjon.no\/content\/uploads\/sites\/46\/2025\/06\/Unknown-2-2.jpeg 960w, https:\/\/www.normisjon.no\/content\/uploads\/sites\/46\/2025\/06\/Unknown-2-2-300x148.jpeg 300w, https:\/\/www.normisjon.no\/content\/uploads\/sites\/46\/2025\/06\/Unknown-2-2-768x378.jpeg 768w\" sizes=\"auto, (max-width: 960px) 100vw, 960px\" \/><\/figure>\n\n\n\n<p><strong>4)&nbsp;<\/strong>N\u00e5r vi har s\u00f8kt frem riktig person, kan vi g\u00e5 inn p\u00e5 profilen til personen ved \u00e5 trykke p\u00e5 navnet eller et annet sted p\u00e5 linjen med informasjon om vedkommende (eksempelet er delvis anonymisert, s\u00e5 mer informasjon vil v\u00e6re synlig i ProFundo.).&nbsp;<\/p>\n\n\n\n<figure class=\"wp-block-image size-large\"><img loading=\"lazy\" decoding=\"async\" width=\"1024\" height=\"289\" src=\"https:\/\/www.normisjon.no\/content\/uploads\/sites\/46\/2025\/09\/Skjermbilde-2025-09-01-kl.-14.00.33-1024x289.png\" alt=\"\" class=\"wp-image-941\" srcset=\"https:\/\/www.normisjon.no\/content\/uploads\/sites\/46\/2025\/09\/Skjermbilde-2025-09-01-kl.-14.00.33-1024x289.png 1024w, https:\/\/www.normisjon.no\/content\/uploads\/sites\/46\/2025\/09\/Skjermbilde-2025-09-01-kl.-14.00.33-300x85.png 300w, https:\/\/www.normisjon.no\/content\/uploads\/sites\/46\/2025\/09\/Skjermbilde-2025-09-01-kl.-14.00.33-768x217.png 768w, https:\/\/www.normisjon.no\/content\/uploads\/sites\/46\/2025\/09\/Skjermbilde-2025-09-01-kl.-14.00.33-1360x384.png 1360w, https:\/\/www.normisjon.no\/content\/uploads\/sites\/46\/2025\/09\/Skjermbilde-2025-09-01-kl.-14.00.33-960x271.png 960w, https:\/\/www.normisjon.no\/content\/uploads\/sites\/46\/2025\/09\/Skjermbilde-2025-09-01-kl.-14.00.33.png 1514w\" sizes=\"auto, (max-width: 1024px) 100vw, 1024px\" \/><\/figure>\n\n\n\n<p>P\u00e5 profilen vil man finne alt av informasjon som er lagret p\u00e5 personen i databasen, man kan gj\u00f8re endringer p\u00e5 informasjon, betalingsavtaler og liknende, samt sende sms eller e-post til personen.<br><\/p>\n\n\n\n<div class=\"wp-block-buttons is-content-justification-center is-layout-flex wp-container-core-buttons-is-layout-a89b3969 wp-block-buttons-is-layout-flex\">\n<div class=\"wp-block-button is-style-fill\"><a class=\"wp-block-button__link has-custom-font-size wp-element-button\" href=\"https:\/\/www.normisjon.no\/crm-manual\/alle-manualer-for-profundo\/\" style=\"font-size:15px\">Tilbake til oversikt<\/a><\/div>\n<\/div>\n<\/div>","protected":false},"excerpt":{"rendered":"<p>Hvordan s\u00f8ke etter en spesifikk person i ProFundo. Se hvordan du&nbsp;registrerer et nytt medlem. 1)&nbsp;Vi starter med \u00e5 f\u00f8rst g\u00e5 til&nbsp;S\u00f8k&nbsp;og&nbsp;Navn&nbsp;i menyen til venstre. 2)&nbsp;Deretter [&hellip;]<\/p>\n","protected":false},"author":143,"featured_media":0,"parent":0,"menu_order":0,"comment_status":"closed","ping_status":"closed","template":"","meta":{"_acf_changed":false,"footnotes":""},"class_list":["post-634","page","type-page","status-publish","hentry"],"acf":[],"yoast_head":"<!-- This site is optimized with the Yoast SEO plugin v25.9 - https:\/\/yoast.com\/wordpress\/plugins\/seo\/ -->\n<title>S\u00f8k etter person i ProFundo - CRM manual<\/title>\n<meta name=\"robots\" content=\"index, follow, max-snippet:-1, max-image-preview:large, max-video-preview:-1\" \/>\n<link rel=\"canonical\" href=\"https:\/\/www.normisjon.no\/crm-manual\/sok-etter-person-i-profundo\/\" \/>\n<meta property=\"og:locale\" content=\"nb_NO\" \/>\n<meta property=\"og:type\" content=\"article\" \/>\n<meta property=\"og:title\" content=\"S\u00f8k etter person i ProFundo - CRM manual\" \/>\n<meta property=\"og:description\" content=\"Hvordan s\u00f8ke etter en spesifikk person i ProFundo. Se hvordan du&nbsp;registrerer et nytt medlem. 1)&nbsp;Vi starter med \u00e5 f\u00f8rst g\u00e5 til&nbsp;S\u00f8k&nbsp;og&nbsp;Navn&nbsp;i menyen til venstre. 2)&nbsp;Deretter [&hellip;]\" \/>\n<meta property=\"og:url\" content=\"https:\/\/www.normisjon.no\/crm-manual\/sok-etter-person-i-profundo\/\" \/>\n<meta property=\"og:site_name\" content=\"CRM manual\" \/>\n<meta property=\"article:modified_time\" content=\"2026-02-09T11:08:07+00:00\" \/>\n<meta property=\"og:image\" content=\"https:\/\/www.normisjon.no\/content\/uploads\/sites\/46\/2026\/02\/Chill-fyr2.jpg\" \/>\n\t<meta property=\"og:image:width\" content=\"275\" \/>\n\t<meta property=\"og:image:height\" content=\"575\" \/>\n\t<meta property=\"og:image:type\" content=\"image\/jpeg\" \/>\n<meta name=\"twitter:card\" content=\"summary_large_image\" \/>\n<meta name=\"twitter:label1\" content=\"Ansl. lesetid\" \/>\n\t<meta name=\"twitter:data1\" content=\"2 minutter\" \/>\n<script type=\"application\/ld+json\" class=\"yoast-schema-graph\">{\"@context\":\"https:\/\/schema.org\",\"@graph\":[{\"@type\":\"WebPage\",\"@id\":\"https:\/\/www.normisjon.no\/crm-manual\/sok-etter-person-i-profundo\/\",\"url\":\"https:\/\/www.normisjon.no\/crm-manual\/sok-etter-person-i-profundo\/\",\"name\":\"S\u00f8k etter person i ProFundo - CRM manual\",\"isPartOf\":{\"@id\":\"https:\/\/www.normisjon.no\/crm-manual\/#website\"},\"primaryImageOfPage\":{\"@id\":\"https:\/\/www.normisjon.no\/crm-manual\/sok-etter-person-i-profundo\/#primaryimage\"},\"image\":{\"@id\":\"https:\/\/www.normisjon.no\/crm-manual\/sok-etter-person-i-profundo\/#primaryimage\"},\"thumbnailUrl\":\"https:\/\/www.normisjon.no\/content\/uploads\/sites\/46\/2026\/02\/Chill-fyr2.jpg\",\"datePublished\":\"2025-06-16T12:59:12+00:00\",\"dateModified\":\"2026-02-09T11:08:07+00:00\",\"breadcrumb\":{\"@id\":\"https:\/\/www.normisjon.no\/crm-manual\/sok-etter-person-i-profundo\/#breadcrumb\"},\"inLanguage\":\"nb-NO\",\"potentialAction\":[{\"@type\":\"ReadAction\",\"target\":[\"https:\/\/www.normisjon.no\/crm-manual\/sok-etter-person-i-profundo\/\"]}]},{\"@type\":\"ImageObject\",\"inLanguage\":\"nb-NO\",\"@id\":\"https:\/\/www.normisjon.no\/crm-manual\/sok-etter-person-i-profundo\/#primaryimage\",\"url\":\"https:\/\/www.normisjon.no\/content\/uploads\/sites\/46\/2026\/02\/Chill-fyr2.jpg\",\"contentUrl\":\"https:\/\/www.normisjon.no\/content\/uploads\/sites\/46\/2026\/02\/Chill-fyr2.jpg\"},{\"@type\":\"BreadcrumbList\",\"@id\":\"https:\/\/www.normisjon.no\/crm-manual\/sok-etter-person-i-profundo\/#breadcrumb\",\"itemListElement\":[{\"@type\":\"ListItem\",\"position\":1,\"name\":\"Hjem\",\"item\":\"https:\/\/www.normisjon.no\/crm-manual\/\"},{\"@type\":\"ListItem\",\"position\":2,\"name\":\"S\u00f8k etter person i ProFundo\"}]},{\"@type\":\"WebSite\",\"@id\":\"https:\/\/www.normisjon.no\/crm-manual\/#website\",\"url\":\"https:\/\/www.normisjon.no\/crm-manual\/\",\"name\":\"CRM manual\",\"description\":\"\",\"potentialAction\":[{\"@type\":\"SearchAction\",\"target\":{\"@type\":\"EntryPoint\",\"urlTemplate\":\"https:\/\/www.normisjon.no\/crm-manual\/?s={search_term_string}\"},\"query-input\":{\"@type\":\"PropertyValueSpecification\",\"valueRequired\":true,\"valueName\":\"search_term_string\"}}],\"inLanguage\":\"nb-NO\"}]}<\/script>\n<!-- \/ Yoast SEO plugin. -->","yoast_head_json":{"title":"S\u00f8k etter person i ProFundo - CRM manual","robots":{"index":"index","follow":"follow","max-snippet":"max-snippet:-1","max-image-preview":"max-image-preview:large","max-video-preview":"max-video-preview:-1"},"canonical":"https:\/\/www.normisjon.no\/crm-manual\/sok-etter-person-i-profundo\/","og_locale":"nb_NO","og_type":"article","og_title":"S\u00f8k etter person i ProFundo - CRM manual","og_description":"Hvordan s\u00f8ke etter en spesifikk person i ProFundo. Se hvordan du&nbsp;registrerer et nytt medlem. 1)&nbsp;Vi starter med \u00e5 f\u00f8rst g\u00e5 til&nbsp;S\u00f8k&nbsp;og&nbsp;Navn&nbsp;i menyen til venstre. 2)&nbsp;Deretter [&hellip;]","og_url":"https:\/\/www.normisjon.no\/crm-manual\/sok-etter-person-i-profundo\/","og_site_name":"CRM manual","article_modified_time":"2026-02-09T11:08:07+00:00","og_image":[{"width":275,"height":575,"url":"https:\/\/www.normisjon.no\/content\/uploads\/sites\/46\/2026\/02\/Chill-fyr2.jpg","type":"image\/jpeg"}],"twitter_card":"summary_large_image","twitter_misc":{"Ansl. lesetid":"2 minutter"},"schema":{"@context":"https:\/\/schema.org","@graph":[{"@type":"WebPage","@id":"https:\/\/www.normisjon.no\/crm-manual\/sok-etter-person-i-profundo\/","url":"https:\/\/www.normisjon.no\/crm-manual\/sok-etter-person-i-profundo\/","name":"S\u00f8k etter person i ProFundo - CRM manual","isPartOf":{"@id":"https:\/\/www.normisjon.no\/crm-manual\/#website"},"primaryImageOfPage":{"@id":"https:\/\/www.normisjon.no\/crm-manual\/sok-etter-person-i-profundo\/#primaryimage"},"image":{"@id":"https:\/\/www.normisjon.no\/crm-manual\/sok-etter-person-i-profundo\/#primaryimage"},"thumbnailUrl":"https:\/\/www.normisjon.no\/content\/uploads\/sites\/46\/2026\/02\/Chill-fyr2.jpg","datePublished":"2025-06-16T12:59:12+00:00","dateModified":"2026-02-09T11:08:07+00:00","breadcrumb":{"@id":"https:\/\/www.normisjon.no\/crm-manual\/sok-etter-person-i-profundo\/#breadcrumb"},"inLanguage":"nb-NO","potentialAction":[{"@type":"ReadAction","target":["https:\/\/www.normisjon.no\/crm-manual\/sok-etter-person-i-profundo\/"]}]},{"@type":"ImageObject","inLanguage":"nb-NO","@id":"https:\/\/www.normisjon.no\/crm-manual\/sok-etter-person-i-profundo\/#primaryimage","url":"https:\/\/www.normisjon.no\/content\/uploads\/sites\/46\/2026\/02\/Chill-fyr2.jpg","contentUrl":"https:\/\/www.normisjon.no\/content\/uploads\/sites\/46\/2026\/02\/Chill-fyr2.jpg"},{"@type":"BreadcrumbList","@id":"https:\/\/www.normisjon.no\/crm-manual\/sok-etter-person-i-profundo\/#breadcrumb","itemListElement":[{"@type":"ListItem","position":1,"name":"Hjem","item":"https:\/\/www.normisjon.no\/crm-manual\/"},{"@type":"ListItem","position":2,"name":"S\u00f8k etter person i ProFundo"}]},{"@type":"WebSite","@id":"https:\/\/www.normisjon.no\/crm-manual\/#website","url":"https:\/\/www.normisjon.no\/crm-manual\/","name":"CRM manual","description":"","potentialAction":[{"@type":"SearchAction","target":{"@type":"EntryPoint","urlTemplate":"https:\/\/www.normisjon.no\/crm-manual\/?s={search_term_string}"},"query-input":{"@type":"PropertyValueSpecification","valueRequired":true,"valueName":"search_term_string"}}],"inLanguage":"nb-NO"}]}},"_links":{"self":[{"href":"https:\/\/www.normisjon.no\/crm-manual\/wp-json\/wp\/v2\/pages\/634","targetHints":{"allow":["GET"]}}],"collection":[{"href":"https:\/\/www.normisjon.no\/crm-manual\/wp-json\/wp\/v2\/pages"}],"about":[{"href":"https:\/\/www.normisjon.no\/crm-manual\/wp-json\/wp\/v2\/types\/page"}],"author":[{"embeddable":true,"href":"https:\/\/www.normisjon.no\/crm-manual\/wp-json\/wp\/v2\/users\/143"}],"replies":[{"embeddable":true,"href":"https:\/\/www.normisjon.no\/crm-manual\/wp-json\/wp\/v2\/comments?post=634"}],"version-history":[{"count":4,"href":"https:\/\/www.normisjon.no\/crm-manual\/wp-json\/wp\/v2\/pages\/634\/revisions"}],"predecessor-version":[{"id":1105,"href":"https:\/\/www.normisjon.no\/crm-manual\/wp-json\/wp\/v2\/pages\/634\/revisions\/1105"}],"wp:attachment":[{"href":"https:\/\/www.normisjon.no\/crm-manual\/wp-json\/wp\/v2\/media?parent=634"}],"curies":[{"name":"wp","href":"https:\/\/api.w.org\/{rel}","templated":true}]}}