{"id":654,"date":"2025-06-23T12:56:33","date_gmt":"2025-06-23T10:56:33","guid":{"rendered":"https:\/\/www.normisjon.no\/crm-manual\/?page_id=654"},"modified":"2026-02-16T10:18:00","modified_gmt":"2026-02-16T09:18:00","slug":"sok-pa-prosjekt-innbetalingsniva-i-profundo","status":"publish","type":"page","link":"https:\/\/www.normisjon.no\/crm-manual\/sok-pa-prosjekt-innbetalingsniva-i-profundo\/","title":{"rendered":"S\u00f8k p\u00e5 prosjekt (innbetalingsniv\u00e5) i ProFundo"},"content":{"rendered":"<div class=\"entry-content alignfull wp-block-post-content has-global-padding is-layout-constrained wp-block-post-content-is-layout-constrained\">\n<figure class=\"wp-block-image aligncenter size-full is-resized\"><img loading=\"lazy\" decoding=\"async\" width=\"271\" height=\"562\" src=\"https:\/\/www.normisjon.no\/content\/uploads\/sites\/46\/2026\/02\/Oransje-fyr2.jpg\" alt=\"\" class=\"wp-image-1060\" style=\"width:64px\" srcset=\"https:\/\/www.normisjon.no\/content\/uploads\/sites\/46\/2026\/02\/Oransje-fyr2.jpg 271w, https:\/\/www.normisjon.no\/content\/uploads\/sites\/46\/2026\/02\/Oransje-fyr2-145x300.jpg 145w\" sizes=\"auto, (max-width: 271px) 100vw, 271px\" \/><\/figure>\n\n\n\n<p><strong>Hvordan s\u00f8ke p\u00e5 prosjekt p\u00e5 innbetalingsniv\u00e5 i ProFundo.<\/strong><\/p>\n\n\n\n<p><em>Eksempel: Du \u00f8nsker \u00e5 finne ut av hvor mange innbetalinger som er gjort til internasjonalt arbeid i en region i innev\u00e6rende \u00e5r.<\/em><\/p>\n\n\n\n<p><em>Se hvordan du kan s\u00f8ke <a href=\"https:\/\/www.normisjon.no\/crm-manual\/alle-manualer-for-profundo\/normisjon.no\/crm-manual\/sok-pa-prosjekt-personniva-i-profundo\/\">p\u00e5 personniv\u00e5 her<\/a> eller&nbsp;<\/em><a href=\"https:\/\/www.normisjon.no\/crm-manual\/sok-etter-person-i-profundo\/\"><em>etter person her<\/em><\/a><br><\/p>\n\n\n\n<p><strong>1)&nbsp;<\/strong>For \u00e5 finne ut av hvor mange innbetalinger som er gjort til et prosjekt, i dette tilfellet internasjonalt arbeid generelt, i et gitt tidsrom, starter vi med \u00e5 g\u00e5 til&nbsp;<strong>S\u00f8k<\/strong>&nbsp;i menyen til venstre i ProFundo, og velger&nbsp;<strong>Innbetaling<\/strong>.<\/p>\n\n\n\n<p><strong>2)&nbsp;<\/strong>Ettersom<strong>&nbsp;<\/strong>vi vil finne tall fra en periode mellom to tidspunkter, velger vi&nbsp;<strong>mellom<\/strong> fra nedtrekksmenyen.<\/p>\n\n\n\n<p><strong>3)&nbsp;<\/strong>Siden s\u00f8ket v\u00e5rt skal v\u00e6re etter innbetalinger gjort til n\u00e5 i innev\u00e6rende \u00e5r, velger vi s\u00e5 enten \u00e5rets f\u00f8rste dag (1. januar), eller den dynamiske datoen&nbsp;<strong>StartOfYear<\/strong>, samt dagens dato eller den dynamiske datoen&nbsp;<strong>Today<\/strong>.<\/p>\n\n\n\n<p><strong>4)&nbsp;<\/strong>Da vi er interessert i \u00e5 f\u00e5 informasjon om innbetalinger tilknyttet et gitt prosjekt, m\u00e5&nbsp;<strong>Prosjekt<\/strong>&nbsp;legges inn som et&nbsp;<strong>nytt kriterium<\/strong>&nbsp;i s\u00f8ket.<\/p>\n\n\n\n<figure class=\"wp-block-image size-full\"><img loading=\"lazy\" decoding=\"async\" width=\"960\" height=\"574\" src=\"https:\/\/www.normisjon.no\/content\/uploads\/sites\/46\/2025\/06\/Unknown-2-5.jpeg\" alt=\"\" class=\"wp-image-655\" srcset=\"https:\/\/www.normisjon.no\/content\/uploads\/sites\/46\/2025\/06\/Unknown-2-5.jpeg 960w, https:\/\/www.normisjon.no\/content\/uploads\/sites\/46\/2025\/06\/Unknown-2-5-300x179.jpeg 300w, https:\/\/www.normisjon.no\/content\/uploads\/sites\/46\/2025\/06\/Unknown-2-5-768x459.jpeg 768w\" sizes=\"auto, (max-width: 960px) 100vw, 960px\" \/><\/figure>\n\n\n\n<p><strong>5)<\/strong>&nbsp;Under kriteriet<strong>&nbsp;Prosjekt<\/strong>&nbsp;velger vi s\u00e5&nbsp;<strong>mellom<\/strong>, ettersom vi er ute etter gaver til alle prosjekter som har med internasjonalt arbeid \u00e5 gj\u00f8re.<\/p>\n\n\n\n<p><strong>6)<\/strong>&nbsp;Vi velger s\u00e5 f\u00f8rste og siste prosjektnummer innen internasjonalt arbeid.<\/p>\n\n\n\n<p><strong>7)<\/strong>&nbsp;M\u00e5let med s\u00f8ket er \u00e5 finne ut av hvor mange innbetalinger som er gjort i en gitt region, derfor legger vi s\u00e5 til er&nbsp;<strong>nytt s\u00f8keemne<\/strong>, og velger&nbsp;<strong>Navn<\/strong>&nbsp;slik at vi kan spesifisere.<\/p>\n\n\n\n<p><em><strong>Greit \u00e5 vite:<\/strong> Om vi trykker&nbsp;<strong>Hent<\/strong>&nbsp;allerede n\u00e5, f\u00e5r vi opp alle innbetalinger til internasjonalt arbeid fra alle regioner og forsamlinger i Normisjon.<\/em><\/p>\n\n\n\n<figure class=\"wp-block-image size-full\"><img loading=\"lazy\" decoding=\"async\" width=\"960\" height=\"381\" src=\"https:\/\/www.normisjon.no\/content\/uploads\/sites\/46\/2025\/06\/Unknown-1-2-3.jpeg\" alt=\"\" class=\"wp-image-656\" srcset=\"https:\/\/www.normisjon.no\/content\/uploads\/sites\/46\/2025\/06\/Unknown-1-2-3.jpeg 960w, https:\/\/www.normisjon.no\/content\/uploads\/sites\/46\/2025\/06\/Unknown-1-2-3-300x119.jpeg 300w, https:\/\/www.normisjon.no\/content\/uploads\/sites\/46\/2025\/06\/Unknown-1-2-3-768x305.jpeg 768w\" sizes=\"auto, (max-width: 960px) 100vw, 960px\" \/><\/figure>\n\n\n\n<p><strong>8)&nbsp;<\/strong>Vi er ute etter navn i databasen som er gyldige per i dag, s\u00e5 vi velger&nbsp;<strong>gyldig<\/strong>.<\/p>\n\n\n\n<p><strong>9)<\/strong>&nbsp;Videre \u00f8nsker vi \u00e5 f\u00e5 innbetalinger fra en gitt region, s\u00e5 da legger vi til et&nbsp;<strong>nytt kriterium.<\/strong><\/p>\n\n\n\n<figure class=\"wp-block-image size-full\"><img loading=\"lazy\" decoding=\"async\" width=\"960\" height=\"297\" src=\"https:\/\/www.normisjon.no\/content\/uploads\/sites\/46\/2025\/06\/Unknown-2-6.jpeg\" alt=\"\" class=\"wp-image-657\" srcset=\"https:\/\/www.normisjon.no\/content\/uploads\/sites\/46\/2025\/06\/Unknown-2-6.jpeg 960w, https:\/\/www.normisjon.no\/content\/uploads\/sites\/46\/2025\/06\/Unknown-2-6-300x93.jpeg 300w, https:\/\/www.normisjon.no\/content\/uploads\/sites\/46\/2025\/06\/Unknown-2-6-768x238.jpeg 768w\" sizes=\"auto, (max-width: 960px) 100vw, 960px\" \/><\/figure>\n\n\n\n<div class=\"wp-block-columns is-layout-flex wp-container-core-columns-is-layout-67f976c8 wp-block-columns-is-layout-flex\">\n<div class=\"wp-block-column is-layout-flow wp-block-column-is-layout-flow\" style=\"flex-basis:40%\">\n<p><strong>10)&nbsp;<\/strong>I det nye kriteriet velger vi den regionen vi \u00f8nsker \u00e5 finne innbetalinger fra i nedtrekkmenyen, i dette eksempelet&nbsp;<strong>Region M\u00f8re.<\/strong><br><br><strong>11)&nbsp;<\/strong>Trykk&nbsp;<strong>Hent<\/strong>&nbsp;for \u00e5 f\u00e5 opp resultatet.<\/p>\n<\/div>\n\n\n\n<div class=\"wp-block-column is-layout-flow wp-block-column-is-layout-flow\" style=\"flex-basis:60%\">\n<figure class=\"wp-block-image size-full\"><img loading=\"lazy\" decoding=\"async\" width=\"960\" height=\"839\" src=\"https:\/\/www.normisjon.no\/content\/uploads\/sites\/46\/2025\/06\/Unknown-3-1.jpeg\" alt=\"\" class=\"wp-image-658\" srcset=\"https:\/\/www.normisjon.no\/content\/uploads\/sites\/46\/2025\/06\/Unknown-3-1.jpeg 960w, https:\/\/www.normisjon.no\/content\/uploads\/sites\/46\/2025\/06\/Unknown-3-1-300x262.jpeg 300w, https:\/\/www.normisjon.no\/content\/uploads\/sites\/46\/2025\/06\/Unknown-3-1-768x671.jpeg 768w\" sizes=\"auto, (max-width: 960px) 100vw, 960px\" \/><\/figure>\n<\/div>\n<\/div>\n\n\n\n<div class=\"wp-block-buttons is-content-justification-center is-layout-flex wp-container-core-buttons-is-layout-a89b3969 wp-block-buttons-is-layout-flex\">\n<div class=\"wp-block-button is-style-fill\"><a class=\"wp-block-button__link has-custom-font-size wp-element-button\" href=\"https:\/\/www.normisjon.no\/crm-manual\/alle-manualer-for-profundo\/\" style=\"font-size:15px\">Tilbake til oversikt<\/a><\/div>\n<\/div>\n<\/div>","protected":false},"excerpt":{"rendered":"<p>Hvordan s\u00f8ke p\u00e5 prosjekt p\u00e5 innbetalingsniv\u00e5 i ProFundo. Eksempel: Du \u00f8nsker \u00e5 finne ut av hvor mange innbetalinger som er gjort til internasjonalt arbeid i [&hellip;]<\/p>\n","protected":false},"author":143,"featured_media":0,"parent":0,"menu_order":0,"comment_status":"closed","ping_status":"closed","template":"","meta":{"_acf_changed":false,"footnotes":""},"class_list":["post-654","page","type-page","status-publish","hentry"],"acf":[],"yoast_head":"<!-- This site is optimized with the Yoast SEO plugin v25.9 - https:\/\/yoast.com\/wordpress\/plugins\/seo\/ -->\n<title>S\u00f8k p\u00e5 prosjekt (innbetalingsniv\u00e5) i ProFundo - CRM manual<\/title>\n<meta name=\"robots\" content=\"index, follow, max-snippet:-1, max-image-preview:large, max-video-preview:-1\" \/>\n<link rel=\"canonical\" href=\"https:\/\/www.normisjon.no\/crm-manual\/sok-pa-prosjekt-innbetalingsniva-i-profundo\/\" \/>\n<meta property=\"og:locale\" content=\"nb_NO\" \/>\n<meta property=\"og:type\" content=\"article\" \/>\n<meta property=\"og:title\" content=\"S\u00f8k p\u00e5 prosjekt (innbetalingsniv\u00e5) i ProFundo - CRM manual\" \/>\n<meta property=\"og:description\" content=\"Hvordan s\u00f8ke p\u00e5 prosjekt p\u00e5 innbetalingsniv\u00e5 i ProFundo. Eksempel: Du \u00f8nsker \u00e5 finne ut av hvor mange innbetalinger som er gjort til internasjonalt arbeid i [&hellip;]\" \/>\n<meta property=\"og:url\" content=\"https:\/\/www.normisjon.no\/crm-manual\/sok-pa-prosjekt-innbetalingsniva-i-profundo\/\" \/>\n<meta property=\"og:site_name\" content=\"CRM manual\" \/>\n<meta property=\"article:modified_time\" content=\"2026-02-16T09:18:00+00:00\" \/>\n<meta property=\"og:image\" content=\"https:\/\/www.normisjon.no\/content\/uploads\/sites\/46\/2026\/02\/Oransje-fyr2.jpg\" \/>\n\t<meta property=\"og:image:width\" content=\"271\" \/>\n\t<meta property=\"og:image:height\" content=\"562\" \/>\n\t<meta property=\"og:image:type\" content=\"image\/jpeg\" \/>\n<meta name=\"twitter:card\" content=\"summary_large_image\" \/>\n<meta name=\"twitter:label1\" content=\"Ansl. lesetid\" \/>\n\t<meta name=\"twitter:data1\" content=\"3 minutter\" \/>\n<script type=\"application\/ld+json\" class=\"yoast-schema-graph\">{\"@context\":\"https:\/\/schema.org\",\"@graph\":[{\"@type\":\"WebPage\",\"@id\":\"https:\/\/www.normisjon.no\/crm-manual\/sok-pa-prosjekt-innbetalingsniva-i-profundo\/\",\"url\":\"https:\/\/www.normisjon.no\/crm-manual\/sok-pa-prosjekt-innbetalingsniva-i-profundo\/\",\"name\":\"S\u00f8k p\u00e5 prosjekt (innbetalingsniv\u00e5) i ProFundo - CRM manual\",\"isPartOf\":{\"@id\":\"https:\/\/www.normisjon.no\/crm-manual\/#website\"},\"primaryImageOfPage\":{\"@id\":\"https:\/\/www.normisjon.no\/crm-manual\/sok-pa-prosjekt-innbetalingsniva-i-profundo\/#primaryimage\"},\"image\":{\"@id\":\"https:\/\/www.normisjon.no\/crm-manual\/sok-pa-prosjekt-innbetalingsniva-i-profundo\/#primaryimage\"},\"thumbnailUrl\":\"https:\/\/www.normisjon.no\/content\/uploads\/sites\/46\/2026\/02\/Oransje-fyr2.jpg\",\"datePublished\":\"2025-06-23T10:56:33+00:00\",\"dateModified\":\"2026-02-16T09:18:00+00:00\",\"breadcrumb\":{\"@id\":\"https:\/\/www.normisjon.no\/crm-manual\/sok-pa-prosjekt-innbetalingsniva-i-profundo\/#breadcrumb\"},\"inLanguage\":\"nb-NO\",\"potentialAction\":[{\"@type\":\"ReadAction\",\"target\":[\"https:\/\/www.normisjon.no\/crm-manual\/sok-pa-prosjekt-innbetalingsniva-i-profundo\/\"]}]},{\"@type\":\"ImageObject\",\"inLanguage\":\"nb-NO\",\"@id\":\"https:\/\/www.normisjon.no\/crm-manual\/sok-pa-prosjekt-innbetalingsniva-i-profundo\/#primaryimage\",\"url\":\"https:\/\/www.normisjon.no\/content\/uploads\/sites\/46\/2026\/02\/Oransje-fyr2.jpg\",\"contentUrl\":\"https:\/\/www.normisjon.no\/content\/uploads\/sites\/46\/2026\/02\/Oransje-fyr2.jpg\"},{\"@type\":\"BreadcrumbList\",\"@id\":\"https:\/\/www.normisjon.no\/crm-manual\/sok-pa-prosjekt-innbetalingsniva-i-profundo\/#breadcrumb\",\"itemListElement\":[{\"@type\":\"ListItem\",\"position\":1,\"name\":\"Hjem\",\"item\":\"https:\/\/www.normisjon.no\/crm-manual\/\"},{\"@type\":\"ListItem\",\"position\":2,\"name\":\"S\u00f8k p\u00e5 prosjekt (innbetalingsniv\u00e5) i ProFundo\"}]},{\"@type\":\"WebSite\",\"@id\":\"https:\/\/www.normisjon.no\/crm-manual\/#website\",\"url\":\"https:\/\/www.normisjon.no\/crm-manual\/\",\"name\":\"CRM manual\",\"description\":\"\",\"potentialAction\":[{\"@type\":\"SearchAction\",\"target\":{\"@type\":\"EntryPoint\",\"urlTemplate\":\"https:\/\/www.normisjon.no\/crm-manual\/?s={search_term_string}\"},\"query-input\":{\"@type\":\"PropertyValueSpecification\",\"valueRequired\":true,\"valueName\":\"search_term_string\"}}],\"inLanguage\":\"nb-NO\"}]}<\/script>\n<!-- \/ Yoast SEO plugin. -->","yoast_head_json":{"title":"S\u00f8k p\u00e5 prosjekt (innbetalingsniv\u00e5) i ProFundo - CRM manual","robots":{"index":"index","follow":"follow","max-snippet":"max-snippet:-1","max-image-preview":"max-image-preview:large","max-video-preview":"max-video-preview:-1"},"canonical":"https:\/\/www.normisjon.no\/crm-manual\/sok-pa-prosjekt-innbetalingsniva-i-profundo\/","og_locale":"nb_NO","og_type":"article","og_title":"S\u00f8k p\u00e5 prosjekt (innbetalingsniv\u00e5) i ProFundo - CRM manual","og_description":"Hvordan s\u00f8ke p\u00e5 prosjekt p\u00e5 innbetalingsniv\u00e5 i ProFundo. Eksempel: Du \u00f8nsker \u00e5 finne ut av hvor mange innbetalinger som er gjort til internasjonalt arbeid i [&hellip;]","og_url":"https:\/\/www.normisjon.no\/crm-manual\/sok-pa-prosjekt-innbetalingsniva-i-profundo\/","og_site_name":"CRM manual","article_modified_time":"2026-02-16T09:18:00+00:00","og_image":[{"width":271,"height":562,"url":"https:\/\/www.normisjon.no\/content\/uploads\/sites\/46\/2026\/02\/Oransje-fyr2.jpg","type":"image\/jpeg"}],"twitter_card":"summary_large_image","twitter_misc":{"Ansl. lesetid":"3 minutter"},"schema":{"@context":"https:\/\/schema.org","@graph":[{"@type":"WebPage","@id":"https:\/\/www.normisjon.no\/crm-manual\/sok-pa-prosjekt-innbetalingsniva-i-profundo\/","url":"https:\/\/www.normisjon.no\/crm-manual\/sok-pa-prosjekt-innbetalingsniva-i-profundo\/","name":"S\u00f8k p\u00e5 prosjekt (innbetalingsniv\u00e5) i ProFundo - CRM manual","isPartOf":{"@id":"https:\/\/www.normisjon.no\/crm-manual\/#website"},"primaryImageOfPage":{"@id":"https:\/\/www.normisjon.no\/crm-manual\/sok-pa-prosjekt-innbetalingsniva-i-profundo\/#primaryimage"},"image":{"@id":"https:\/\/www.normisjon.no\/crm-manual\/sok-pa-prosjekt-innbetalingsniva-i-profundo\/#primaryimage"},"thumbnailUrl":"https:\/\/www.normisjon.no\/content\/uploads\/sites\/46\/2026\/02\/Oransje-fyr2.jpg","datePublished":"2025-06-23T10:56:33+00:00","dateModified":"2026-02-16T09:18:00+00:00","breadcrumb":{"@id":"https:\/\/www.normisjon.no\/crm-manual\/sok-pa-prosjekt-innbetalingsniva-i-profundo\/#breadcrumb"},"inLanguage":"nb-NO","potentialAction":[{"@type":"ReadAction","target":["https:\/\/www.normisjon.no\/crm-manual\/sok-pa-prosjekt-innbetalingsniva-i-profundo\/"]}]},{"@type":"ImageObject","inLanguage":"nb-NO","@id":"https:\/\/www.normisjon.no\/crm-manual\/sok-pa-prosjekt-innbetalingsniva-i-profundo\/#primaryimage","url":"https:\/\/www.normisjon.no\/content\/uploads\/sites\/46\/2026\/02\/Oransje-fyr2.jpg","contentUrl":"https:\/\/www.normisjon.no\/content\/uploads\/sites\/46\/2026\/02\/Oransje-fyr2.jpg"},{"@type":"BreadcrumbList","@id":"https:\/\/www.normisjon.no\/crm-manual\/sok-pa-prosjekt-innbetalingsniva-i-profundo\/#breadcrumb","itemListElement":[{"@type":"ListItem","position":1,"name":"Hjem","item":"https:\/\/www.normisjon.no\/crm-manual\/"},{"@type":"ListItem","position":2,"name":"S\u00f8k p\u00e5 prosjekt (innbetalingsniv\u00e5) i ProFundo"}]},{"@type":"WebSite","@id":"https:\/\/www.normisjon.no\/crm-manual\/#website","url":"https:\/\/www.normisjon.no\/crm-manual\/","name":"CRM manual","description":"","potentialAction":[{"@type":"SearchAction","target":{"@type":"EntryPoint","urlTemplate":"https:\/\/www.normisjon.no\/crm-manual\/?s={search_term_string}"},"query-input":{"@type":"PropertyValueSpecification","valueRequired":true,"valueName":"search_term_string"}}],"inLanguage":"nb-NO"}]}},"_links":{"self":[{"href":"https:\/\/www.normisjon.no\/crm-manual\/wp-json\/wp\/v2\/pages\/654","targetHints":{"allow":["GET"]}}],"collection":[{"href":"https:\/\/www.normisjon.no\/crm-manual\/wp-json\/wp\/v2\/pages"}],"about":[{"href":"https:\/\/www.normisjon.no\/crm-manual\/wp-json\/wp\/v2\/types\/page"}],"author":[{"embeddable":true,"href":"https:\/\/www.normisjon.no\/crm-manual\/wp-json\/wp\/v2\/users\/143"}],"replies":[{"embeddable":true,"href":"https:\/\/www.normisjon.no\/crm-manual\/wp-json\/wp\/v2\/comments?post=654"}],"version-history":[{"count":5,"href":"https:\/\/www.normisjon.no\/crm-manual\/wp-json\/wp\/v2\/pages\/654\/revisions"}],"predecessor-version":[{"id":1204,"href":"https:\/\/www.normisjon.no\/crm-manual\/wp-json\/wp\/v2\/pages\/654\/revisions\/1204"}],"wp:attachment":[{"href":"https:\/\/www.normisjon.no\/crm-manual\/wp-json\/wp\/v2\/media?parent=654"}],"curies":[{"name":"wp","href":"https:\/\/api.w.org\/{rel}","templated":true}]}}