{"id":665,"date":"2025-06-23T13:53:54","date_gmt":"2025-06-23T11:53:54","guid":{"rendered":"https:\/\/www.normisjon.no\/crm-manual\/?page_id=665"},"modified":"2026-02-09T12:36:34","modified_gmt":"2026-02-09T11:36:34","slug":"opprette-ny-aksjon","status":"publish","type":"page","link":"https:\/\/www.normisjon.no\/crm-manual\/opprette-ny-aksjon\/","title":{"rendered":"Opprette ny aksjon i ProFundo"},"content":{"rendered":"<div class=\"entry-content alignfull wp-block-post-content has-global-padding is-layout-constrained wp-block-post-content-is-layout-constrained\">\n<figure class=\"wp-block-image aligncenter size-full is-resized\"><img loading=\"lazy\" decoding=\"async\" width=\"284\" height=\"553\" src=\"https:\/\/www.normisjon.no\/content\/uploads\/sites\/46\/2026\/02\/Pekefingerfyr2.jpg\" alt=\"\" class=\"wp-image-1062\" style=\"width:64px\" srcset=\"https:\/\/www.normisjon.no\/content\/uploads\/sites\/46\/2026\/02\/Pekefingerfyr2.jpg 284w, https:\/\/www.normisjon.no\/content\/uploads\/sites\/46\/2026\/02\/Pekefingerfyr2-154x300.jpg 154w\" sizes=\"auto, (max-width: 284px) 100vw, 284px\" \/><\/figure>\n\n\n\n<p><strong>Hvordan f\u00e5 opprettet en ny aksjon i ProFundo.<\/strong><\/p>\n\n\n\n<p><em>Se hvordan du f\u00e5r&nbsp;<\/em><a href=\"https:\/\/www.normisjon.no\/crm-manual\/opprette-nytt-prosjekt\/\"><em>opprettet et nytt prosjekt<\/em><\/a>.<\/p>\n\n\n\n<p><br>En aksjon er en tilknytning som viser hvilke kampanjer eller aktiviteter i markedet som gjorde at innbetalinger, nye navn og\/eller nye avtaler kom inn i databasen. Eksempler p\u00e5 aksjoner kan v\u00e6re: V\u00e5rkampanjen 2019, Jubileumsgaver fra Berits 75-\u00e5rsdag, Skolebes\u00f8k, Sommerfestivalen 2023, Facebook-kampanje osv.&nbsp;<\/p>\n\n\n\n<p>Hovedform\u00e5let med aksjon er responsm\u00e5ling, enten i form av hvor mye penger som er kommet inn p\u00e5 en kampanje, eller antall som har registrert seg som giver, medlem eller abonnent.<\/p>\n\n\n\n<p>Dersom du skal opprette en ny aksjon skal det gj\u00f8res etter dialog med databaseansvarlig, og&nbsp;dialogen skal skje F\u00d8R man oppretter aksjonen. Dette for \u00e5 passe p\u00e5 at det gj\u00f8res riktig, i f\u00f8lge databasens bestemte struktur.<\/p>\n\n\n\n<p>Se&nbsp;<a href=\"https:\/\/www.normisjon.no\/crm-manual\/aksjoner-og-aksjonstruktur\/\">Aksjonsstuktur<\/a>&nbsp;for mer informasjon om strukturen.&nbsp;<\/p>\n\n\n\n<p><strong><mark style=\"background-color:rgba(0, 0, 0, 0)\" class=\"has-inline-color has-red-color\">F\u00f8r opprettelse av nye aksjoner<\/mark><\/strong>: ta kontakt med&nbsp;<a href=\"mailto:mbh@normisjon.no\"><u>mbh@normisjon.no<\/u><\/a><\/p>\n\n\n\n<p><\/p>\n\n\n\n<div class=\"wp-block-buttons is-content-justification-center is-layout-flex wp-container-core-buttons-is-layout-a89b3969 wp-block-buttons-is-layout-flex\">\n<div class=\"wp-block-button is-style-fill\"><a class=\"wp-block-button__link has-custom-font-size wp-element-button\" href=\"https:\/\/www.normisjon.no\/crm-manual\/alle-manualer-for-profundo\/\" style=\"font-size:15px\">Tilbake til oversikt<\/a><\/div>\n<\/div>\n<\/div>","protected":false},"excerpt":{"rendered":"<p>Hvordan f\u00e5 opprettet en ny aksjon i ProFundo. Se hvordan du f\u00e5r&nbsp;opprettet et nytt prosjekt. En aksjon er en tilknytning som viser hvilke kampanjer eller [&hellip;]<\/p>\n","protected":false},"author":143,"featured_media":0,"parent":0,"menu_order":0,"comment_status":"closed","ping_status":"closed","template":"","meta":{"_acf_changed":false,"footnotes":""},"class_list":["post-665","page","type-page","status-publish","hentry"],"acf":[],"yoast_head":"<!-- This site is optimized with the Yoast SEO plugin v25.9 - https:\/\/yoast.com\/wordpress\/plugins\/seo\/ -->\n<title>Opprette ny aksjon i ProFundo - CRM manual<\/title>\n<meta name=\"robots\" content=\"index, follow, max-snippet:-1, max-image-preview:large, max-video-preview:-1\" \/>\n<link rel=\"canonical\" href=\"https:\/\/www.normisjon.no\/crm-manual\/opprette-ny-aksjon\/\" \/>\n<meta property=\"og:locale\" content=\"nb_NO\" \/>\n<meta property=\"og:type\" content=\"article\" \/>\n<meta property=\"og:title\" content=\"Opprette ny aksjon i ProFundo - CRM manual\" \/>\n<meta property=\"og:description\" content=\"Hvordan f\u00e5 opprettet en ny aksjon i ProFundo. Se hvordan du f\u00e5r&nbsp;opprettet et nytt prosjekt. En aksjon er en tilknytning som viser hvilke kampanjer eller [&hellip;]\" \/>\n<meta property=\"og:url\" content=\"https:\/\/www.normisjon.no\/crm-manual\/opprette-ny-aksjon\/\" \/>\n<meta property=\"og:site_name\" content=\"CRM manual\" \/>\n<meta property=\"article:modified_time\" content=\"2026-02-09T11:36:34+00:00\" \/>\n<meta property=\"og:image\" content=\"https:\/\/www.normisjon.no\/content\/uploads\/sites\/46\/2026\/02\/Pekefingerfyr2.jpg\" \/>\n\t<meta property=\"og:image:width\" content=\"284\" \/>\n\t<meta property=\"og:image:height\" content=\"553\" \/>\n\t<meta property=\"og:image:type\" content=\"image\/jpeg\" \/>\n<meta name=\"twitter:card\" content=\"summary_large_image\" \/>\n<meta name=\"twitter:label1\" content=\"Ansl. lesetid\" \/>\n\t<meta name=\"twitter:data1\" content=\"1 minutt\" \/>\n<script type=\"application\/ld+json\" class=\"yoast-schema-graph\">{\"@context\":\"https:\/\/schema.org\",\"@graph\":[{\"@type\":\"WebPage\",\"@id\":\"https:\/\/www.normisjon.no\/crm-manual\/opprette-ny-aksjon\/\",\"url\":\"https:\/\/www.normisjon.no\/crm-manual\/opprette-ny-aksjon\/\",\"name\":\"Opprette ny aksjon i ProFundo - CRM manual\",\"isPartOf\":{\"@id\":\"https:\/\/www.normisjon.no\/crm-manual\/#website\"},\"primaryImageOfPage\":{\"@id\":\"https:\/\/www.normisjon.no\/crm-manual\/opprette-ny-aksjon\/#primaryimage\"},\"image\":{\"@id\":\"https:\/\/www.normisjon.no\/crm-manual\/opprette-ny-aksjon\/#primaryimage\"},\"thumbnailUrl\":\"https:\/\/www.normisjon.no\/content\/uploads\/sites\/46\/2026\/02\/Pekefingerfyr2.jpg\",\"datePublished\":\"2025-06-23T11:53:54+00:00\",\"dateModified\":\"2026-02-09T11:36:34+00:00\",\"breadcrumb\":{\"@id\":\"https:\/\/www.normisjon.no\/crm-manual\/opprette-ny-aksjon\/#breadcrumb\"},\"inLanguage\":\"nb-NO\",\"potentialAction\":[{\"@type\":\"ReadAction\",\"target\":[\"https:\/\/www.normisjon.no\/crm-manual\/opprette-ny-aksjon\/\"]}]},{\"@type\":\"ImageObject\",\"inLanguage\":\"nb-NO\",\"@id\":\"https:\/\/www.normisjon.no\/crm-manual\/opprette-ny-aksjon\/#primaryimage\",\"url\":\"https:\/\/www.normisjon.no\/content\/uploads\/sites\/46\/2026\/02\/Pekefingerfyr2.jpg\",\"contentUrl\":\"https:\/\/www.normisjon.no\/content\/uploads\/sites\/46\/2026\/02\/Pekefingerfyr2.jpg\"},{\"@type\":\"BreadcrumbList\",\"@id\":\"https:\/\/www.normisjon.no\/crm-manual\/opprette-ny-aksjon\/#breadcrumb\",\"itemListElement\":[{\"@type\":\"ListItem\",\"position\":1,\"name\":\"Hjem\",\"item\":\"https:\/\/www.normisjon.no\/crm-manual\/\"},{\"@type\":\"ListItem\",\"position\":2,\"name\":\"Opprette ny aksjon i ProFundo\"}]},{\"@type\":\"WebSite\",\"@id\":\"https:\/\/www.normisjon.no\/crm-manual\/#website\",\"url\":\"https:\/\/www.normisjon.no\/crm-manual\/\",\"name\":\"CRM manual\",\"description\":\"\",\"potentialAction\":[{\"@type\":\"SearchAction\",\"target\":{\"@type\":\"EntryPoint\",\"urlTemplate\":\"https:\/\/www.normisjon.no\/crm-manual\/?s={search_term_string}\"},\"query-input\":{\"@type\":\"PropertyValueSpecification\",\"valueRequired\":true,\"valueName\":\"search_term_string\"}}],\"inLanguage\":\"nb-NO\"}]}<\/script>\n<!-- \/ Yoast SEO plugin. -->","yoast_head_json":{"title":"Opprette ny aksjon i ProFundo - CRM manual","robots":{"index":"index","follow":"follow","max-snippet":"max-snippet:-1","max-image-preview":"max-image-preview:large","max-video-preview":"max-video-preview:-1"},"canonical":"https:\/\/www.normisjon.no\/crm-manual\/opprette-ny-aksjon\/","og_locale":"nb_NO","og_type":"article","og_title":"Opprette ny aksjon i ProFundo - CRM manual","og_description":"Hvordan f\u00e5 opprettet en ny aksjon i ProFundo. Se hvordan du f\u00e5r&nbsp;opprettet et nytt prosjekt. En aksjon er en tilknytning som viser hvilke kampanjer eller [&hellip;]","og_url":"https:\/\/www.normisjon.no\/crm-manual\/opprette-ny-aksjon\/","og_site_name":"CRM manual","article_modified_time":"2026-02-09T11:36:34+00:00","og_image":[{"width":284,"height":553,"url":"https:\/\/www.normisjon.no\/content\/uploads\/sites\/46\/2026\/02\/Pekefingerfyr2.jpg","type":"image\/jpeg"}],"twitter_card":"summary_large_image","twitter_misc":{"Ansl. lesetid":"1 minutt"},"schema":{"@context":"https:\/\/schema.org","@graph":[{"@type":"WebPage","@id":"https:\/\/www.normisjon.no\/crm-manual\/opprette-ny-aksjon\/","url":"https:\/\/www.normisjon.no\/crm-manual\/opprette-ny-aksjon\/","name":"Opprette ny aksjon i ProFundo - CRM manual","isPartOf":{"@id":"https:\/\/www.normisjon.no\/crm-manual\/#website"},"primaryImageOfPage":{"@id":"https:\/\/www.normisjon.no\/crm-manual\/opprette-ny-aksjon\/#primaryimage"},"image":{"@id":"https:\/\/www.normisjon.no\/crm-manual\/opprette-ny-aksjon\/#primaryimage"},"thumbnailUrl":"https:\/\/www.normisjon.no\/content\/uploads\/sites\/46\/2026\/02\/Pekefingerfyr2.jpg","datePublished":"2025-06-23T11:53:54+00:00","dateModified":"2026-02-09T11:36:34+00:00","breadcrumb":{"@id":"https:\/\/www.normisjon.no\/crm-manual\/opprette-ny-aksjon\/#breadcrumb"},"inLanguage":"nb-NO","potentialAction":[{"@type":"ReadAction","target":["https:\/\/www.normisjon.no\/crm-manual\/opprette-ny-aksjon\/"]}]},{"@type":"ImageObject","inLanguage":"nb-NO","@id":"https:\/\/www.normisjon.no\/crm-manual\/opprette-ny-aksjon\/#primaryimage","url":"https:\/\/www.normisjon.no\/content\/uploads\/sites\/46\/2026\/02\/Pekefingerfyr2.jpg","contentUrl":"https:\/\/www.normisjon.no\/content\/uploads\/sites\/46\/2026\/02\/Pekefingerfyr2.jpg"},{"@type":"BreadcrumbList","@id":"https:\/\/www.normisjon.no\/crm-manual\/opprette-ny-aksjon\/#breadcrumb","itemListElement":[{"@type":"ListItem","position":1,"name":"Hjem","item":"https:\/\/www.normisjon.no\/crm-manual\/"},{"@type":"ListItem","position":2,"name":"Opprette ny aksjon i ProFundo"}]},{"@type":"WebSite","@id":"https:\/\/www.normisjon.no\/crm-manual\/#website","url":"https:\/\/www.normisjon.no\/crm-manual\/","name":"CRM manual","description":"","potentialAction":[{"@type":"SearchAction","target":{"@type":"EntryPoint","urlTemplate":"https:\/\/www.normisjon.no\/crm-manual\/?s={search_term_string}"},"query-input":{"@type":"PropertyValueSpecification","valueRequired":true,"valueName":"search_term_string"}}],"inLanguage":"nb-NO"}]}},"_links":{"self":[{"href":"https:\/\/www.normisjon.no\/crm-manual\/wp-json\/wp\/v2\/pages\/665","targetHints":{"allow":["GET"]}}],"collection":[{"href":"https:\/\/www.normisjon.no\/crm-manual\/wp-json\/wp\/v2\/pages"}],"about":[{"href":"https:\/\/www.normisjon.no\/crm-manual\/wp-json\/wp\/v2\/types\/page"}],"author":[{"embeddable":true,"href":"https:\/\/www.normisjon.no\/crm-manual\/wp-json\/wp\/v2\/users\/143"}],"replies":[{"embeddable":true,"href":"https:\/\/www.normisjon.no\/crm-manual\/wp-json\/wp\/v2\/comments?post=665"}],"version-history":[{"count":7,"href":"https:\/\/www.normisjon.no\/crm-manual\/wp-json\/wp\/v2\/pages\/665\/revisions"}],"predecessor-version":[{"id":1112,"href":"https:\/\/www.normisjon.no\/crm-manual\/wp-json\/wp\/v2\/pages\/665\/revisions\/1112"}],"wp:attachment":[{"href":"https:\/\/www.normisjon.no\/crm-manual\/wp-json\/wp\/v2\/media?parent=665"}],"curies":[{"name":"wp","href":"https:\/\/api.w.org\/{rel}","templated":true}]}}