{"id":676,"date":"2025-07-28T11:00:33","date_gmt":"2025-07-28T09:00:33","guid":{"rendered":"https:\/\/www.normisjon.no\/crm-manual\/?page_id=676"},"modified":"2026-02-09T12:37:25","modified_gmt":"2026-02-09T11:37:25","slug":"aksjoner-og-aksjonstruktur","status":"publish","type":"page","link":"https:\/\/www.normisjon.no\/crm-manual\/aksjoner-og-aksjonstruktur\/","title":{"rendered":"Aksjoner og aksjonstruktur"},"content":{"rendered":"<div class=\"entry-content alignfull wp-block-post-content has-global-padding is-layout-constrained wp-block-post-content-is-layout-constrained\">\n<figure class=\"wp-block-image aligncenter size-full is-resized\"><img loading=\"lazy\" decoding=\"async\" width=\"400\" height=\"270\" src=\"https:\/\/www.normisjon.no\/content\/uploads\/sites\/46\/2026\/02\/Struktur3-2.jpg\" alt=\"\" class=\"wp-image-1066\" style=\"width:110px\" srcset=\"https:\/\/www.normisjon.no\/content\/uploads\/sites\/46\/2026\/02\/Struktur3-2.jpg 400w, https:\/\/www.normisjon.no\/content\/uploads\/sites\/46\/2026\/02\/Struktur3-2-300x203.jpg 300w\" sizes=\"auto, (max-width: 400px) 100vw, 400px\" \/><\/figure>\n\n\n\n<p><strong>En gjennomgang av aksjonstrukturen i databasen.<\/strong><\/p>\n\n\n\n<p><em>Les hvordan&nbsp;<\/em><a href=\"https:\/\/www.normisjon.no\/crm-manual\/opprette-ny-aksjon\/\"><em>opprette en ny aksjon.<\/em><\/a><\/p>\n\n\n\n<p><em>Les mer om&nbsp;<\/em><a href=\"https:\/\/www.normisjon.no\/crm-manual\/grunnleggende-struktur\/\"><em>den grunnleggende strukturen<\/em><\/a><em>&nbsp;eller&nbsp;<\/em><a href=\"https:\/\/www.normisjon.no\/crm-manual\/prosjektstruktur\/\"><em><u>prosjektstruktur<\/u>en<\/em><\/a><em>.<\/em><\/p>\n\n\n\n<p>Aksjon er knytning som viser hvilke kampanjer eller aktiviteter vi gjennomf\u00f8rer for \u00e5 generere inntekter (som vises i databasen), samt nye navn og avtaler. Eksempler p\u00e5 aksjoner kan v\u00e6re: Julegaven 2021, Jubileumsgaver fra Karis 70-\u00e5rsdag, Skoleinnsamlinger, kampanjer i sosiale medier osv.&nbsp;<\/p>\n\n\n\n<p>De ulike aksjonene som vi benytter oss av brukes for \u00e5 kunne m\u00e5le respons, det v\u00e6re seg om det er se hvor mye som er kommet inn p\u00e5 en innsamlingskampanje, analysere de ulike givergruppene, f\u00f8lge med p\u00e5 og analysere hvordan faste givere f\u00f8lger opp sine avtaler. Videre s\u00e5 bruker vi aksjoner til \u00e5 telle antall p\u00e5meldinger til f.eks nyhetsbrev eller ulike abonnement.&nbsp;<\/p>\n\n\n\n<p>I tillegg til dette bruker vi aksjonene til \u00e5 se hvor en p\u00e5melding eller innbetaling kommer fra, men ogs\u00e5 for \u00e5 kunne se utsendelser som er gjort direkte fra databasen.&nbsp;<\/p>\n\n\n\n<p>Vi har to hovedtyper av aksjoner, \u00e5rsavhengige og \u00e5rsuavhengige aksjoner. De \u00e5rsavhengige akjsonene er knyttet til den enkelte \u00e5r som aktiviteten skjer eller vi forventer respons. De \u00e5rsuavhengige aksjonene er aksjoner som g\u00e5r over flere \u00e5r, mange av dem vil v\u00e6re i bruke s\u00e5 lenge vi benytter dagens databasel\u00f8sning.&nbsp;<\/p>\n\n\n\n<p>Et \u00e5rsavhengig aksjonsnummer er bygd opp p\u00e5 f\u00f8lgende m\u00e5te:&nbsp;<\/p>\n\n\n\n<p><strong>YYRR2XNN<\/strong>&nbsp;<\/p>\n\n\n\n<figure class=\"wp-block-table\"><table><tbody><tr><td>YY&nbsp;<\/td><td>Angir hvilket \u00e5r det er&nbsp;<\/td><\/tr><tr><td>RR&nbsp;<\/td><td>Angir hvilken enhet det gjelder. 00= Normisjon, 20= Acta, 01-13 = regionene deretter kommer de andre enhetene&nbsp;<\/td><\/tr><tr><td>2&nbsp;<\/td><td>Angir hva det gjelder. 0= diverse, 1=medlem, 2= abonnement, 3=givertjeneste, 4= DM, 5= info-utsendelser og 6= andre kampanjer&nbsp;&nbsp;<\/td><\/tr><tr><td>XNN&nbsp;<\/td><td>Angir l\u00f8penummer for utsendelsen. 100 = v\u00e5rgaven, 200 = sommergaven. Dette er gj\u00f8r at vi kan ha en rekke underaksjoner til f.eks v\u00e5re sesonggaver. Dersom det bare er en enkel giroutsendelse s\u00e5 begynner vi p\u00e5 001.&nbsp;<\/td><\/tr><\/tbody><\/table><\/figure>\n\n\n\n<p>Denne strukturen brukes p\u00e5 de aller fleste aksjonsnummer, og nedenfor vises en litt mer detaljert oversikt. Oversikten som vises nedenfor er bare et utsnitt av alle aksjoner, de som er markert med r\u00f8d farge opprettes p\u00e5 systemniv\u00e5. De andre aksjonene kan opprettes av den enkelte bruker som har tilgang til dette, men det krever at man f\u00f8lger \u00aboppskriften\u00bb p\u00e5 hvordan man setter opp en aksjon samt at man har kontroll p\u00e5 prosjekter og fordeling av gavene.&nbsp;<\/p>\n\n\n\n<figure class=\"wp-block-table\"><table><tbody><tr><td><strong>Diverse \u2013 YYRR0000<\/strong>&nbsp;<\/td><td><strong>Medlem \u2013 YYRR1000<\/strong>&nbsp;<\/td><td><strong>Abonnement \u2013 YYRR2000<\/strong>&nbsp;<\/td><td><strong>Givertjeneste \u2013 YYRR3000<\/strong>&nbsp;<\/td><\/tr><tr><td>YYRR0100 \u2013 div innsamling&nbsp;<\/td><td>YY001010 \u2013 medlemsgiro&nbsp;<\/td><td>YYRR2001 \u2013 abo.giro&nbsp;<\/td><td>YY003301 \u2013 giver januar&nbsp;<\/td><\/tr><tr><td>YYRR0400 \u2013 minnegaver&nbsp;<\/td><td>YY001020 \u2013 1.purring&nbsp;<\/td><td>YYRR2002 \u2013 1.purring&nbsp;<\/td><td>YY003302 \u2013 giver februar&nbsp;<\/td><\/tr><tr><td>YYRR0500 &#8211; anledningsgaver&nbsp;<\/td><td>YY001030 \u2013 2.purring&nbsp;<\/td><td>YYRR2003 \u2013 2.purring&nbsp;<\/td><td>YY003303 \u2013 giver mars&nbsp;<\/td><\/tr><tr><td>YYRR0600 \u2013 div aksjoner&nbsp;<\/td><td>YY001110 \u2013 medlemsutsend.&nbsp;<\/td><td>YYRR2010 \u2013 blad nr 1&nbsp;<\/td><td>&nbsp;<\/td><\/tr><tr><td>YYRR0700 \u2013 Min Innsamling&nbsp;<\/td><td>&nbsp;<\/td><td>YYRR2020 \u2013 blad nr 2&nbsp;<\/td><td>YYRR3800 \u2013 giveraksjoner&nbsp;<\/td><\/tr><tr><td>YYRR0800 \u2013 alt. Kampanjer&nbsp;<\/td><td>&nbsp;<\/td><td>YYRR2030 \u2013 blad nr 3&nbsp;<\/td><td>&nbsp;<\/td><\/tr><tr><td>YYRR0900 \u2013 lokal innrapport.&nbsp;<\/td><td>&nbsp;<\/td><td>&nbsp;<\/td><td>&nbsp;<\/td><\/tr><tr><td>&nbsp;<\/td><td>&nbsp;<\/td><td>YYRR2800 \u2013 andre kampanjer&nbsp;<\/td><td>&nbsp;<\/td><\/tr><tr><td>&nbsp;<\/td><td>&nbsp;<\/td><td>YYRR2900 \u2013 ringekampanjer&nbsp;&nbsp;<\/td><td>&nbsp;<\/td><\/tr><\/tbody><\/table><\/figure>\n\n\n\n<figure class=\"wp-block-table\"><table><tbody><tr><td><strong>DM\u2013 YYRR4000<\/strong>&nbsp;<\/td><td><strong>Info-utsendelser \u2013 YYRR5000<\/strong>&nbsp;<\/td><td><strong>Andre aksjoner \u2013 YYRR6000<\/strong>&nbsp;<\/td><td><strong>Agenda 3:16 \u2013 YY332000<\/strong>&nbsp;<\/td><\/tr><tr><td>YYRR4001 \u2013 dm-1&nbsp;<\/td><td>&nbsp;<\/td><td>YY006100 \u2013 skoleaksjoner&nbsp;<\/td><td>YY332010 \u2013 abo.giro&nbsp;<\/td><\/tr><tr><td>YYRR4200 \u2013 dm-2&nbsp;<\/td><td>&nbsp;<\/td><td>YY006101 \u2013 skole 1&nbsp;<\/td><td>YY332020 \u2013 1.purring&nbsp;<\/td><\/tr><tr><td>YYRR4300 \u2013 dm-3&nbsp;&nbsp;<\/td><td>&nbsp;<\/td><td>YY006102 \u2013 skole 2&nbsp;<\/td><td>YY332030 \u2013 2.purring&nbsp;<\/td><\/tr><tr><td>YYRR4100 \u2013 v\u00e5rgaven&nbsp;<\/td><td>&nbsp;<\/td><td>&nbsp;<\/td><td>YY332040 \u2013 3.purring&nbsp;<\/td><\/tr><tr><td>YYRR4200 \u2013 sommergaven&nbsp;<\/td><td>&nbsp;<\/td><td>&nbsp;<\/td><td>YY332110 \u2013 agenda 3:16 nr 1&nbsp;<\/td><\/tr><tr><td>YYRR4300 \u2013 h\u00f8stgaven&nbsp;&nbsp;<\/td><td>&nbsp;<\/td><td>&nbsp;<\/td><td>YY332120 \u2013 agenda 3:16 nr 2&nbsp;<\/td><\/tr><tr><td>&nbsp;<\/td><td>&nbsp;<\/td><td>&nbsp;<\/td><td>YY332800 \u2013 aksjoner&nbsp;<\/td><\/tr><tr><td>&nbsp;<\/td><td>&nbsp;<\/td><td>&nbsp;<\/td><td>YY332900 \u2013 ringekampanjer&nbsp;<\/td><\/tr><\/tbody><\/table><\/figure>\n\n\n\n<p>I tillegg til disse \u00e5rsavhengige aksjonsseriene s\u00e5 har vi en rekke \u00e5rsuavhengige aksjoner. Disse aksjonene brukes for sporing av innmeldinger, utsendelser av auto-sms\u2019er, innsamling, Vipps-import, informasjonsutsendelser og ulike administrative oppgaver. Dette er aksjoner som skal settes opp av databaseansvarlig.&nbsp;<\/p>\n\n\n\n<figure class=\"wp-block-table\"><table><tbody><tr><td><strong>Aksjonsserie<\/strong>&nbsp;<\/td><td><strong>Beskrivelse<\/strong>&nbsp;<\/td><\/tr><tr><td>0 \u2013 1000&nbsp;<\/td><td>Administrative aksjonsnummer&nbsp;<\/td><\/tr><tr><td>1100-1199&nbsp;<\/td><td>Autojobber knyttet til Normisjon&nbsp;<\/td><\/tr><tr><td>1200-1299&nbsp;<\/td><td>Autojobber knyttet til Acta&nbsp;<\/td><\/tr><tr><td>1300-1399&nbsp;<\/td><td>Autojobber knyttet til agenda 3:16&nbsp;<\/td><\/tr><tr><td>2000-2999&nbsp;<\/td><td>Aksjoner knyttet til oppsett av Streetrecruiter for Normisjon&nbsp;<\/td><\/tr><tr><td>3000-3599&nbsp;<\/td><td>\u00c5rsuavhengige aksjoner&nbsp;<\/td><\/tr><tr><td>3600-3699&nbsp;<\/td><td>Aksjoner knyttet til import av Vipps-innbetalinger&nbsp;<\/td><\/tr><tr><td>7000-7999&nbsp;<\/td><td>Konverterte anledningsinnsamlinger&nbsp;<\/td><\/tr><tr><td>9000-9999&nbsp;<\/td><td>Aksjoner knyttet til lokal innrapportering&nbsp;<\/td><\/tr><tr><td>1RRNN&nbsp;<\/td><td>Aksjoner knyttet til informasjonsutsendelser Normisjon&nbsp;<\/td><\/tr><tr><td>2RRNN&nbsp;<\/td><td>Aksjoner knyttet til informasjonsutsendelser Acta&nbsp;<\/td><\/tr><tr><td>33NNN&nbsp;<\/td><td>Aksjoner knyttet til informasjonsutsendelser agenda 3:16&nbsp;<\/td><\/tr><\/tbody><\/table><\/figure>\n\n\n\n<p>Aksjonene gir oss informasjon gjennom tall, og som informasjon om hvilken dialog det har v\u00e6rt mellom oss og den enkelte registrerte. <br><br>Nedenfor vises et utsnitt fra elementet&nbsp;<em><strong>Utsendelser og aktiviteter<\/strong><\/em>&nbsp;i Navn360. Denne oversikten er viktig for oss n\u00e5r vi skal besvare henvendelser fra v\u00e5re ulike st\u00f8ttespillere og andre som er registrert i databasen p\u00e5 hvorfor man har f\u00e5tt en utsendelse.&nbsp;<\/p>\n\n\n\n<figure class=\"wp-block-image size-full\"><img loading=\"lazy\" decoding=\"async\" width=\"848\" height=\"628\" src=\"https:\/\/www.normisjon.no\/content\/uploads\/sites\/46\/2025\/07\/Unknown-2.jpeg\" alt=\"\" class=\"wp-image-677\" srcset=\"https:\/\/www.normisjon.no\/content\/uploads\/sites\/46\/2025\/07\/Unknown-2.jpeg 848w, https:\/\/www.normisjon.no\/content\/uploads\/sites\/46\/2025\/07\/Unknown-2-300x222.jpeg 300w, https:\/\/www.normisjon.no\/content\/uploads\/sites\/46\/2025\/07\/Unknown-2-768x569.jpeg 768w\" sizes=\"auto, (max-width: 848px) 100vw, 848px\" \/><\/figure>\n\n\n\n<div class=\"wp-block-buttons is-content-justification-center is-layout-flex wp-container-core-buttons-is-layout-a89b3969 wp-block-buttons-is-layout-flex\">\n<div class=\"wp-block-button is-style-fill\"><a class=\"wp-block-button__link has-custom-font-size wp-element-button\" href=\"https:\/\/www.normisjon.no\/crm-manual\/alle-manualer-for-profundo\/\" style=\"font-size:15px\">til oversikt Profundo<\/a><\/div>\n\n\n\n<div class=\"wp-block-button is-style-fill\"><a class=\"wp-block-button__link has-custom-font-size wp-element-button\" href=\"https:\/\/www.normisjon.no\/crm-manual\/struktur\/\" style=\"font-size:15px\">Til oversikt STRUKtur<\/a><\/div>\n<\/div>\n<\/div>","protected":false},"excerpt":{"rendered":"<p>En gjennomgang av aksjonstrukturen i databasen. Les hvordan&nbsp;opprette en ny aksjon. Les mer om&nbsp;den grunnleggende strukturen&nbsp;eller&nbsp;prosjektstrukturen. Aksjon er knytning som viser hvilke kampanjer eller aktiviteter [&hellip;]<\/p>\n","protected":false},"author":143,"featured_media":0,"parent":0,"menu_order":0,"comment_status":"closed","ping_status":"closed","template":"","meta":{"_acf_changed":false,"footnotes":""},"class_list":["post-676","page","type-page","status-publish","hentry"],"acf":[],"yoast_head":"<!-- This site is optimized with the Yoast SEO plugin v25.9 - https:\/\/yoast.com\/wordpress\/plugins\/seo\/ -->\n<title>Aksjoner og aksjonstruktur - CRM manual<\/title>\n<meta name=\"robots\" content=\"index, follow, max-snippet:-1, max-image-preview:large, max-video-preview:-1\" \/>\n<link rel=\"canonical\" href=\"https:\/\/www.normisjon.no\/crm-manual\/aksjoner-og-aksjonstruktur\/\" \/>\n<meta property=\"og:locale\" content=\"nb_NO\" \/>\n<meta property=\"og:type\" content=\"article\" \/>\n<meta property=\"og:title\" content=\"Aksjoner og aksjonstruktur - CRM manual\" \/>\n<meta property=\"og:description\" content=\"En gjennomgang av aksjonstrukturen i databasen. Les hvordan&nbsp;opprette en ny aksjon. Les mer om&nbsp;den grunnleggende strukturen&nbsp;eller&nbsp;prosjektstrukturen. Aksjon er knytning som viser hvilke kampanjer eller aktiviteter [&hellip;]\" \/>\n<meta property=\"og:url\" content=\"https:\/\/www.normisjon.no\/crm-manual\/aksjoner-og-aksjonstruktur\/\" \/>\n<meta property=\"og:site_name\" content=\"CRM manual\" \/>\n<meta property=\"article:modified_time\" content=\"2026-02-09T11:37:25+00:00\" \/>\n<meta property=\"og:image\" content=\"https:\/\/www.normisjon.no\/content\/uploads\/sites\/46\/2026\/02\/Struktur3-2.jpg\" \/>\n\t<meta property=\"og:image:width\" content=\"400\" \/>\n\t<meta property=\"og:image:height\" content=\"270\" \/>\n\t<meta property=\"og:image:type\" content=\"image\/jpeg\" \/>\n<meta name=\"twitter:card\" content=\"summary_large_image\" \/>\n<meta name=\"twitter:label1\" content=\"Ansl. lesetid\" \/>\n\t<meta name=\"twitter:data1\" content=\"5 minutter\" \/>\n<script type=\"application\/ld+json\" class=\"yoast-schema-graph\">{\"@context\":\"https:\/\/schema.org\",\"@graph\":[{\"@type\":\"WebPage\",\"@id\":\"https:\/\/www.normisjon.no\/crm-manual\/aksjoner-og-aksjonstruktur\/\",\"url\":\"https:\/\/www.normisjon.no\/crm-manual\/aksjoner-og-aksjonstruktur\/\",\"name\":\"Aksjoner og aksjonstruktur - CRM manual\",\"isPartOf\":{\"@id\":\"https:\/\/www.normisjon.no\/crm-manual\/#website\"},\"primaryImageOfPage\":{\"@id\":\"https:\/\/www.normisjon.no\/crm-manual\/aksjoner-og-aksjonstruktur\/#primaryimage\"},\"image\":{\"@id\":\"https:\/\/www.normisjon.no\/crm-manual\/aksjoner-og-aksjonstruktur\/#primaryimage\"},\"thumbnailUrl\":\"https:\/\/www.normisjon.no\/content\/uploads\/sites\/46\/2026\/02\/Struktur3-2.jpg\",\"datePublished\":\"2025-07-28T09:00:33+00:00\",\"dateModified\":\"2026-02-09T11:37:25+00:00\",\"breadcrumb\":{\"@id\":\"https:\/\/www.normisjon.no\/crm-manual\/aksjoner-og-aksjonstruktur\/#breadcrumb\"},\"inLanguage\":\"nb-NO\",\"potentialAction\":[{\"@type\":\"ReadAction\",\"target\":[\"https:\/\/www.normisjon.no\/crm-manual\/aksjoner-og-aksjonstruktur\/\"]}]},{\"@type\":\"ImageObject\",\"inLanguage\":\"nb-NO\",\"@id\":\"https:\/\/www.normisjon.no\/crm-manual\/aksjoner-og-aksjonstruktur\/#primaryimage\",\"url\":\"https:\/\/www.normisjon.no\/content\/uploads\/sites\/46\/2026\/02\/Struktur3-2.jpg\",\"contentUrl\":\"https:\/\/www.normisjon.no\/content\/uploads\/sites\/46\/2026\/02\/Struktur3-2.jpg\"},{\"@type\":\"BreadcrumbList\",\"@id\":\"https:\/\/www.normisjon.no\/crm-manual\/aksjoner-og-aksjonstruktur\/#breadcrumb\",\"itemListElement\":[{\"@type\":\"ListItem\",\"position\":1,\"name\":\"Hjem\",\"item\":\"https:\/\/www.normisjon.no\/crm-manual\/\"},{\"@type\":\"ListItem\",\"position\":2,\"name\":\"Aksjoner og aksjonstruktur\"}]},{\"@type\":\"WebSite\",\"@id\":\"https:\/\/www.normisjon.no\/crm-manual\/#website\",\"url\":\"https:\/\/www.normisjon.no\/crm-manual\/\",\"name\":\"CRM manual\",\"description\":\"\",\"potentialAction\":[{\"@type\":\"SearchAction\",\"target\":{\"@type\":\"EntryPoint\",\"urlTemplate\":\"https:\/\/www.normisjon.no\/crm-manual\/?s={search_term_string}\"},\"query-input\":{\"@type\":\"PropertyValueSpecification\",\"valueRequired\":true,\"valueName\":\"search_term_string\"}}],\"inLanguage\":\"nb-NO\"}]}<\/script>\n<!-- \/ Yoast SEO plugin. -->","yoast_head_json":{"title":"Aksjoner og aksjonstruktur - CRM manual","robots":{"index":"index","follow":"follow","max-snippet":"max-snippet:-1","max-image-preview":"max-image-preview:large","max-video-preview":"max-video-preview:-1"},"canonical":"https:\/\/www.normisjon.no\/crm-manual\/aksjoner-og-aksjonstruktur\/","og_locale":"nb_NO","og_type":"article","og_title":"Aksjoner og aksjonstruktur - CRM manual","og_description":"En gjennomgang av aksjonstrukturen i databasen. Les hvordan&nbsp;opprette en ny aksjon. Les mer om&nbsp;den grunnleggende strukturen&nbsp;eller&nbsp;prosjektstrukturen. Aksjon er knytning som viser hvilke kampanjer eller aktiviteter [&hellip;]","og_url":"https:\/\/www.normisjon.no\/crm-manual\/aksjoner-og-aksjonstruktur\/","og_site_name":"CRM manual","article_modified_time":"2026-02-09T11:37:25+00:00","og_image":[{"width":400,"height":270,"url":"https:\/\/www.normisjon.no\/content\/uploads\/sites\/46\/2026\/02\/Struktur3-2.jpg","type":"image\/jpeg"}],"twitter_card":"summary_large_image","twitter_misc":{"Ansl. lesetid":"5 minutter"},"schema":{"@context":"https:\/\/schema.org","@graph":[{"@type":"WebPage","@id":"https:\/\/www.normisjon.no\/crm-manual\/aksjoner-og-aksjonstruktur\/","url":"https:\/\/www.normisjon.no\/crm-manual\/aksjoner-og-aksjonstruktur\/","name":"Aksjoner og aksjonstruktur - CRM manual","isPartOf":{"@id":"https:\/\/www.normisjon.no\/crm-manual\/#website"},"primaryImageOfPage":{"@id":"https:\/\/www.normisjon.no\/crm-manual\/aksjoner-og-aksjonstruktur\/#primaryimage"},"image":{"@id":"https:\/\/www.normisjon.no\/crm-manual\/aksjoner-og-aksjonstruktur\/#primaryimage"},"thumbnailUrl":"https:\/\/www.normisjon.no\/content\/uploads\/sites\/46\/2026\/02\/Struktur3-2.jpg","datePublished":"2025-07-28T09:00:33+00:00","dateModified":"2026-02-09T11:37:25+00:00","breadcrumb":{"@id":"https:\/\/www.normisjon.no\/crm-manual\/aksjoner-og-aksjonstruktur\/#breadcrumb"},"inLanguage":"nb-NO","potentialAction":[{"@type":"ReadAction","target":["https:\/\/www.normisjon.no\/crm-manual\/aksjoner-og-aksjonstruktur\/"]}]},{"@type":"ImageObject","inLanguage":"nb-NO","@id":"https:\/\/www.normisjon.no\/crm-manual\/aksjoner-og-aksjonstruktur\/#primaryimage","url":"https:\/\/www.normisjon.no\/content\/uploads\/sites\/46\/2026\/02\/Struktur3-2.jpg","contentUrl":"https:\/\/www.normisjon.no\/content\/uploads\/sites\/46\/2026\/02\/Struktur3-2.jpg"},{"@type":"BreadcrumbList","@id":"https:\/\/www.normisjon.no\/crm-manual\/aksjoner-og-aksjonstruktur\/#breadcrumb","itemListElement":[{"@type":"ListItem","position":1,"name":"Hjem","item":"https:\/\/www.normisjon.no\/crm-manual\/"},{"@type":"ListItem","position":2,"name":"Aksjoner og aksjonstruktur"}]},{"@type":"WebSite","@id":"https:\/\/www.normisjon.no\/crm-manual\/#website","url":"https:\/\/www.normisjon.no\/crm-manual\/","name":"CRM manual","description":"","potentialAction":[{"@type":"SearchAction","target":{"@type":"EntryPoint","urlTemplate":"https:\/\/www.normisjon.no\/crm-manual\/?s={search_term_string}"},"query-input":{"@type":"PropertyValueSpecification","valueRequired":true,"valueName":"search_term_string"}}],"inLanguage":"nb-NO"}]}},"_links":{"self":[{"href":"https:\/\/www.normisjon.no\/crm-manual\/wp-json\/wp\/v2\/pages\/676","targetHints":{"allow":["GET"]}}],"collection":[{"href":"https:\/\/www.normisjon.no\/crm-manual\/wp-json\/wp\/v2\/pages"}],"about":[{"href":"https:\/\/www.normisjon.no\/crm-manual\/wp-json\/wp\/v2\/types\/page"}],"author":[{"embeddable":true,"href":"https:\/\/www.normisjon.no\/crm-manual\/wp-json\/wp\/v2\/users\/143"}],"replies":[{"embeddable":true,"href":"https:\/\/www.normisjon.no\/crm-manual\/wp-json\/wp\/v2\/comments?post=676"}],"version-history":[{"count":6,"href":"https:\/\/www.normisjon.no\/crm-manual\/wp-json\/wp\/v2\/pages\/676\/revisions"}],"predecessor-version":[{"id":1114,"href":"https:\/\/www.normisjon.no\/crm-manual\/wp-json\/wp\/v2\/pages\/676\/revisions\/1114"}],"wp:attachment":[{"href":"https:\/\/www.normisjon.no\/crm-manual\/wp-json\/wp\/v2\/media?parent=676"}],"curies":[{"name":"wp","href":"https:\/\/api.w.org\/{rel}","templated":true}]}}