{"id":688,"date":"2025-07-28T12:39:35","date_gmt":"2025-07-28T10:39:35","guid":{"rendered":"https:\/\/www.normisjon.no\/crm-manual\/?page_id=688"},"modified":"2026-02-09T12:38:54","modified_gmt":"2026-02-09T11:38:54","slug":"prosjektstruktur","status":"publish","type":"page","link":"https:\/\/www.normisjon.no\/crm-manual\/prosjektstruktur\/","title":{"rendered":"Prosjektstruktur"},"content":{"rendered":"<div class=\"entry-content alignfull wp-block-post-content has-global-padding is-layout-constrained wp-block-post-content-is-layout-constrained\">\n<figure class=\"wp-block-image aligncenter size-full is-resized\"><img loading=\"lazy\" decoding=\"async\" width=\"542\" height=\"328\" src=\"https:\/\/www.normisjon.no\/content\/uploads\/sites\/46\/2026\/02\/Struktur-2.jpg\" alt=\"\" class=\"wp-image-1064\" style=\"width:110px\" srcset=\"https:\/\/www.normisjon.no\/content\/uploads\/sites\/46\/2026\/02\/Struktur-2.jpg 542w, https:\/\/www.normisjon.no\/content\/uploads\/sites\/46\/2026\/02\/Struktur-2-300x182.jpg 300w\" sizes=\"auto, (max-width: 542px) 100vw, 542px\" \/><\/figure>\n\n\n\n<p><strong>En gjennomgang av prosjektstrukturen i databasen.<\/strong><\/p>\n\n\n\n<p><em>Les hvordan&nbsp;<\/em><a href=\"https:\/\/www.normisjon.no\/crm-manual\/opprette-nytt-prosjekt\/\"><em>opprette et nytt prosjekt<\/em><\/a><em>.<\/em><\/p>\n\n\n\n<p><em>Les mer om&nbsp;<\/em><a href=\"https:\/\/www.normisjon.no\/crm-manual\/grunnleggende-struktur\/\"><em>den grunnleggende strukturen<\/em><\/a><em>&nbsp;eller&nbsp;<\/em><a href=\"https:\/\/www.normisjon.no\/crm-manual\/aksjoner-og-aksjonstruktur\/\"><em>aksjonstrukturen<\/em><\/a><em>.<\/em><\/p>\n\n\n\n<p>Prosjektstrukturen er bygd opp slik at man lett skal kunne identifisere hvor det enkelte prosjekt h\u00f8rer hjemme. Prosjektnummeret best\u00e5r av i alt 6 siffer og de har f\u00f8lgende betydning.&nbsp;<\/p>\n\n\n\n<p>XRRNNN&nbsp;<\/p>\n\n\n\n<figure class=\"wp-block-table\"><table><tbody><tr><td>X&nbsp;<\/td><td>Det f\u00f8rste sifferet forteller om det er et prosjekt knyttet til arbeidet i Norge, Acta eller det internasjonale arbeidet. Starter prosjektnummeret med 1, s\u00e5 gjelder det arbeid i Norge, starter det tallet 2 s\u00e5 betyr det Acta-arbeid og 3 betyr internasjonalt.&nbsp;&nbsp;&nbsp;<\/td><\/tr><tr><td>RR&nbsp;<\/td><td>Disse to sifrene forteller hvilken region det gjelder, for de internasjonale prosjektene brukes disse til \u00e5 fortelle hvilket kontinent og land. Dersom de to sifrene er 00 (2 nuller) s\u00e5 gjelder det enten Normisjons hovedkontor (100NNN) eller Acta sentralt (200NNN).&nbsp;&nbsp;&nbsp;<\/td><\/tr><tr><td>NNN&nbsp;<\/td><td>De tre siste sifrene er l\u00f8penummer, men det er noen begrensninger her. Nummerrekken fra 000-049 er forbeholdt enhetens (regionens) arbeid, nummerrekken fra 050-099 er reservert til eventuelle leirstedet ol hvor vi leverer regnskapsdata p\u00e5 fil. Fra 100-899 er reservert til foreninger og lokallag.&nbsp;&nbsp;<\/td><\/tr><\/tbody><\/table><\/figure>\n\n\n\n<p>I tillegg til denne strukturen har to enkeltst\u00e5ende og generelle prosjekter, det er prosjektene 100 \u2013 Normisjon generelt og 200 \u2013 Acta sentralt.&nbsp;<\/p>\n\n\n\n<p>Videre s\u00e5 har vi noen prosjekter som starter med 119, dette er prosjekter knyttet til skoler vi drifter givertjeneste og innsamling for.&nbsp;<\/p>\n\n\n\n<p>Her er noen eksempler ulke prosjektnummer for \u00e5 synliggj\u00f8re hvordan prosjektnumrene er bygd opp og hvordan de fremst\u00e5r.&nbsp;<\/p>\n\n\n\n<figure class=\"wp-block-table\"><table><tbody><tr><td>100003&nbsp;<\/td><td>Forkynnertjenesten&nbsp;<\/td><\/tr><tr><td>102000&nbsp;<\/td><td>Normisjon region \u00d8stfold&nbsp;<\/td><\/tr><tr><td>104090&nbsp;<\/td><td>Strand leirsted&nbsp;<\/td><\/tr><tr><td>119010&nbsp;<\/td><td>Misjonssenteret G\u00e5 Ut Senteret&nbsp;<\/td><\/tr><tr><td>207002&nbsp;<\/td><td>Disippel 2020, Acta Rogaland&nbsp;<\/td><\/tr><tr><td>300000&nbsp;<\/td><td>Normisjons internasjonale arbeid&nbsp;<\/td><\/tr><tr><td>310000&nbsp;<\/td><td>Normisjon i Europa&nbsp;<\/td><\/tr><tr><td>312000&nbsp;<\/td><td>Normisjon i Tsjekkia&nbsp;<\/td><\/tr><\/tbody><\/table><\/figure>\n\n\n\n<p>De tre f\u00f8rste sifrene for regionene blir slik:&nbsp;<\/p>\n\n\n\n<figure class=\"wp-block-table\"><table><tbody><tr><td><strong>Region<\/strong>&nbsp;<\/td><td><strong>Normisjon<\/strong>&nbsp;<\/td><td><strong>Acta<\/strong>&nbsp;<\/td><\/tr><tr><td>\u00d8st&nbsp;<\/td><td>101&nbsp;<\/td><td>201&nbsp;<\/td><\/tr><tr><td>\u00d8stfold&nbsp;<\/td><td>102&nbsp;<\/td><td>202&nbsp;<\/td><\/tr><tr><td>Vestfold Buskerud&nbsp;<\/td><td>104&nbsp;<\/td><td>204&nbsp;<\/td><\/tr><tr><td>Telemark&nbsp;<\/td><td>105&nbsp;<\/td><td>205&nbsp;<\/td><\/tr><tr><td>Agder&nbsp;<\/td><td>106&nbsp;<\/td><td>206&nbsp;<\/td><\/tr><tr><td>Rogaland&nbsp;<\/td><td>107&nbsp;<\/td><td>207&nbsp;<\/td><\/tr><tr><td>Hordaland&nbsp;<\/td><td>108&nbsp;<\/td><td>208&nbsp;<\/td><\/tr><tr><td>Sogn og Fjordane&nbsp;<\/td><td>109&nbsp;<\/td><td>209&nbsp;<\/td><\/tr><tr><td>M\u00f8re&nbsp;<\/td><td>110&nbsp;<\/td><td>210&nbsp;<\/td><\/tr><tr><td>Tr\u00f8ndelag&nbsp;<\/td><td>111&nbsp;<\/td><td>211&nbsp;<\/td><\/tr><tr><td>Nordland&nbsp;<\/td><td>112&nbsp;<\/td><td>212&nbsp;<\/td><\/tr><tr><td>Nord&nbsp;<\/td><td>113&nbsp;<\/td><td>213&nbsp;<\/td><\/tr><\/tbody><\/table><\/figure>\n\n\n\n<p>For det internasjonale arbeidet har vi definert f\u00f8lgende tre f\u00f8rste siffer:&nbsp;<\/p>\n\n\n\n<figure class=\"wp-block-table\"><table><tbody><tr><td><strong>Prefiks<\/strong>&nbsp;<\/td><td><strong>Beskrivelse<\/strong>&nbsp;<\/td><\/tr><tr><td>300&nbsp;<\/td><td>Generelt til det internasjonale arbeidet&nbsp;<\/td><\/tr><tr><td>310&nbsp;<\/td><td>Europa&nbsp;<\/td><\/tr><tr><td>312&nbsp;<\/td><td>Tsjekkia&nbsp;<\/td><\/tr><tr><td>320&nbsp;<\/td><td>Asia&nbsp;<\/td><\/tr><tr><td>321&nbsp;<\/td><td>Aserbajdsjan&nbsp;<\/td><\/tr><tr><td>322&nbsp;<\/td><td>Bangladesh&nbsp;<\/td><\/tr><tr><td>323&nbsp;<\/td><td>Bhutan&nbsp;<\/td><\/tr><tr><td>324&nbsp;<\/td><td>India&nbsp;<\/td><\/tr><tr><td>325&nbsp;<\/td><td>Kambodsja&nbsp;<\/td><\/tr><tr><td>326&nbsp;<\/td><td>Nepal&nbsp;<\/td><\/tr><tr><td>327&nbsp;<\/td><td>Thailand&nbsp;<\/td><\/tr><tr><td>340&nbsp;<\/td><td>Afrika&nbsp;<\/td><\/tr><tr><td>341&nbsp;<\/td><td>Mali&nbsp;<\/td><\/tr><tr><td>342&nbsp;<\/td><td>Senegal&nbsp;<\/td><\/tr><tr><td>350&nbsp;<\/td><td>S\u00f8r- og Mellom-Amerika&nbsp;<\/td><\/tr><tr><td>351&nbsp;<\/td><td>Cuba&nbsp;<\/td><\/tr><tr><td>352&nbsp;<\/td><td>Ecuador&nbsp;<\/td><\/tr><tr><td>391&nbsp;<\/td><td>Midt-\u00d8sten og Sentral-Asia&nbsp;<\/td><\/tr><\/tbody><\/table><\/figure>\n\n\n\n<div class=\"wp-block-buttons is-content-justification-center is-layout-flex wp-container-core-buttons-is-layout-a89b3969 wp-block-buttons-is-layout-flex\">\n<div class=\"wp-block-button is-style-fill\"><a class=\"wp-block-button__link has-custom-font-size wp-element-button\" href=\"https:\/\/www.normisjon.no\/crm-manual\/alle-manualer-for-profundo\/\" style=\"font-size:15px\">til oversikt Profundo<\/a><\/div>\n\n\n\n<div class=\"wp-block-button is-style-fill\"><a class=\"wp-block-button__link has-custom-font-size wp-element-button\" href=\"https:\/\/www.normisjon.no\/crm-manual\/struktur\/\" style=\"font-size:15px\">Til oversikt STRUKtur<\/a><\/div>\n<\/div>\n<\/div>","protected":false},"excerpt":{"rendered":"<p>En gjennomgang av prosjektstrukturen i databasen. Les hvordan&nbsp;opprette et nytt prosjekt. Les mer om&nbsp;den grunnleggende strukturen&nbsp;eller&nbsp;aksjonstrukturen. Prosjektstrukturen er bygd opp slik at man lett skal [&hellip;]<\/p>\n","protected":false},"author":143,"featured_media":0,"parent":0,"menu_order":0,"comment_status":"closed","ping_status":"closed","template":"","meta":{"_acf_changed":false,"footnotes":""},"class_list":["post-688","page","type-page","status-publish","hentry"],"acf":[],"yoast_head":"<!-- This site is optimized with the Yoast SEO plugin v25.9 - https:\/\/yoast.com\/wordpress\/plugins\/seo\/ -->\n<title>Prosjektstruktur - CRM manual<\/title>\n<meta name=\"robots\" content=\"index, follow, max-snippet:-1, max-image-preview:large, max-video-preview:-1\" \/>\n<link rel=\"canonical\" href=\"https:\/\/www.normisjon.no\/crm-manual\/prosjektstruktur\/\" \/>\n<meta property=\"og:locale\" content=\"nb_NO\" \/>\n<meta property=\"og:type\" content=\"article\" \/>\n<meta property=\"og:title\" content=\"Prosjektstruktur - CRM manual\" \/>\n<meta property=\"og:description\" content=\"En gjennomgang av prosjektstrukturen i databasen. Les hvordan&nbsp;opprette et nytt prosjekt. Les mer om&nbsp;den grunnleggende strukturen&nbsp;eller&nbsp;aksjonstrukturen. Prosjektstrukturen er bygd opp slik at man lett skal [&hellip;]\" \/>\n<meta property=\"og:url\" content=\"https:\/\/www.normisjon.no\/crm-manual\/prosjektstruktur\/\" \/>\n<meta property=\"og:site_name\" content=\"CRM manual\" \/>\n<meta property=\"article:modified_time\" content=\"2026-02-09T11:38:54+00:00\" \/>\n<meta property=\"og:image\" content=\"https:\/\/www.normisjon.no\/content\/uploads\/sites\/46\/2026\/02\/Struktur-2.jpg\" \/>\n\t<meta property=\"og:image:width\" content=\"542\" \/>\n\t<meta property=\"og:image:height\" content=\"328\" \/>\n\t<meta property=\"og:image:type\" content=\"image\/jpeg\" \/>\n<meta name=\"twitter:card\" content=\"summary_large_image\" \/>\n<meta name=\"twitter:label1\" content=\"Ansl. lesetid\" \/>\n\t<meta name=\"twitter:data1\" content=\"3 minutter\" \/>\n<script type=\"application\/ld+json\" class=\"yoast-schema-graph\">{\"@context\":\"https:\/\/schema.org\",\"@graph\":[{\"@type\":\"WebPage\",\"@id\":\"https:\/\/www.normisjon.no\/crm-manual\/prosjektstruktur\/\",\"url\":\"https:\/\/www.normisjon.no\/crm-manual\/prosjektstruktur\/\",\"name\":\"Prosjektstruktur - CRM manual\",\"isPartOf\":{\"@id\":\"https:\/\/www.normisjon.no\/crm-manual\/#website\"},\"primaryImageOfPage\":{\"@id\":\"https:\/\/www.normisjon.no\/crm-manual\/prosjektstruktur\/#primaryimage\"},\"image\":{\"@id\":\"https:\/\/www.normisjon.no\/crm-manual\/prosjektstruktur\/#primaryimage\"},\"thumbnailUrl\":\"https:\/\/www.normisjon.no\/content\/uploads\/sites\/46\/2026\/02\/Struktur-2.jpg\",\"datePublished\":\"2025-07-28T10:39:35+00:00\",\"dateModified\":\"2026-02-09T11:38:54+00:00\",\"breadcrumb\":{\"@id\":\"https:\/\/www.normisjon.no\/crm-manual\/prosjektstruktur\/#breadcrumb\"},\"inLanguage\":\"nb-NO\",\"potentialAction\":[{\"@type\":\"ReadAction\",\"target\":[\"https:\/\/www.normisjon.no\/crm-manual\/prosjektstruktur\/\"]}]},{\"@type\":\"ImageObject\",\"inLanguage\":\"nb-NO\",\"@id\":\"https:\/\/www.normisjon.no\/crm-manual\/prosjektstruktur\/#primaryimage\",\"url\":\"https:\/\/www.normisjon.no\/content\/uploads\/sites\/46\/2026\/02\/Struktur-2.jpg\",\"contentUrl\":\"https:\/\/www.normisjon.no\/content\/uploads\/sites\/46\/2026\/02\/Struktur-2.jpg\"},{\"@type\":\"BreadcrumbList\",\"@id\":\"https:\/\/www.normisjon.no\/crm-manual\/prosjektstruktur\/#breadcrumb\",\"itemListElement\":[{\"@type\":\"ListItem\",\"position\":1,\"name\":\"Hjem\",\"item\":\"https:\/\/www.normisjon.no\/crm-manual\/\"},{\"@type\":\"ListItem\",\"position\":2,\"name\":\"Prosjektstruktur\"}]},{\"@type\":\"WebSite\",\"@id\":\"https:\/\/www.normisjon.no\/crm-manual\/#website\",\"url\":\"https:\/\/www.normisjon.no\/crm-manual\/\",\"name\":\"CRM manual\",\"description\":\"\",\"potentialAction\":[{\"@type\":\"SearchAction\",\"target\":{\"@type\":\"EntryPoint\",\"urlTemplate\":\"https:\/\/www.normisjon.no\/crm-manual\/?s={search_term_string}\"},\"query-input\":{\"@type\":\"PropertyValueSpecification\",\"valueRequired\":true,\"valueName\":\"search_term_string\"}}],\"inLanguage\":\"nb-NO\"}]}<\/script>\n<!-- \/ Yoast SEO plugin. -->","yoast_head_json":{"title":"Prosjektstruktur - CRM manual","robots":{"index":"index","follow":"follow","max-snippet":"max-snippet:-1","max-image-preview":"max-image-preview:large","max-video-preview":"max-video-preview:-1"},"canonical":"https:\/\/www.normisjon.no\/crm-manual\/prosjektstruktur\/","og_locale":"nb_NO","og_type":"article","og_title":"Prosjektstruktur - CRM manual","og_description":"En gjennomgang av prosjektstrukturen i databasen. Les hvordan&nbsp;opprette et nytt prosjekt. Les mer om&nbsp;den grunnleggende strukturen&nbsp;eller&nbsp;aksjonstrukturen. Prosjektstrukturen er bygd opp slik at man lett skal [&hellip;]","og_url":"https:\/\/www.normisjon.no\/crm-manual\/prosjektstruktur\/","og_site_name":"CRM manual","article_modified_time":"2026-02-09T11:38:54+00:00","og_image":[{"width":542,"height":328,"url":"https:\/\/www.normisjon.no\/content\/uploads\/sites\/46\/2026\/02\/Struktur-2.jpg","type":"image\/jpeg"}],"twitter_card":"summary_large_image","twitter_misc":{"Ansl. lesetid":"3 minutter"},"schema":{"@context":"https:\/\/schema.org","@graph":[{"@type":"WebPage","@id":"https:\/\/www.normisjon.no\/crm-manual\/prosjektstruktur\/","url":"https:\/\/www.normisjon.no\/crm-manual\/prosjektstruktur\/","name":"Prosjektstruktur - CRM manual","isPartOf":{"@id":"https:\/\/www.normisjon.no\/crm-manual\/#website"},"primaryImageOfPage":{"@id":"https:\/\/www.normisjon.no\/crm-manual\/prosjektstruktur\/#primaryimage"},"image":{"@id":"https:\/\/www.normisjon.no\/crm-manual\/prosjektstruktur\/#primaryimage"},"thumbnailUrl":"https:\/\/www.normisjon.no\/content\/uploads\/sites\/46\/2026\/02\/Struktur-2.jpg","datePublished":"2025-07-28T10:39:35+00:00","dateModified":"2026-02-09T11:38:54+00:00","breadcrumb":{"@id":"https:\/\/www.normisjon.no\/crm-manual\/prosjektstruktur\/#breadcrumb"},"inLanguage":"nb-NO","potentialAction":[{"@type":"ReadAction","target":["https:\/\/www.normisjon.no\/crm-manual\/prosjektstruktur\/"]}]},{"@type":"ImageObject","inLanguage":"nb-NO","@id":"https:\/\/www.normisjon.no\/crm-manual\/prosjektstruktur\/#primaryimage","url":"https:\/\/www.normisjon.no\/content\/uploads\/sites\/46\/2026\/02\/Struktur-2.jpg","contentUrl":"https:\/\/www.normisjon.no\/content\/uploads\/sites\/46\/2026\/02\/Struktur-2.jpg"},{"@type":"BreadcrumbList","@id":"https:\/\/www.normisjon.no\/crm-manual\/prosjektstruktur\/#breadcrumb","itemListElement":[{"@type":"ListItem","position":1,"name":"Hjem","item":"https:\/\/www.normisjon.no\/crm-manual\/"},{"@type":"ListItem","position":2,"name":"Prosjektstruktur"}]},{"@type":"WebSite","@id":"https:\/\/www.normisjon.no\/crm-manual\/#website","url":"https:\/\/www.normisjon.no\/crm-manual\/","name":"CRM manual","description":"","potentialAction":[{"@type":"SearchAction","target":{"@type":"EntryPoint","urlTemplate":"https:\/\/www.normisjon.no\/crm-manual\/?s={search_term_string}"},"query-input":{"@type":"PropertyValueSpecification","valueRequired":true,"valueName":"search_term_string"}}],"inLanguage":"nb-NO"}]}},"_links":{"self":[{"href":"https:\/\/www.normisjon.no\/crm-manual\/wp-json\/wp\/v2\/pages\/688","targetHints":{"allow":["GET"]}}],"collection":[{"href":"https:\/\/www.normisjon.no\/crm-manual\/wp-json\/wp\/v2\/pages"}],"about":[{"href":"https:\/\/www.normisjon.no\/crm-manual\/wp-json\/wp\/v2\/types\/page"}],"author":[{"embeddable":true,"href":"https:\/\/www.normisjon.no\/crm-manual\/wp-json\/wp\/v2\/users\/143"}],"replies":[{"embeddable":true,"href":"https:\/\/www.normisjon.no\/crm-manual\/wp-json\/wp\/v2\/comments?post=688"}],"version-history":[{"count":7,"href":"https:\/\/www.normisjon.no\/crm-manual\/wp-json\/wp\/v2\/pages\/688\/revisions"}],"predecessor-version":[{"id":1116,"href":"https:\/\/www.normisjon.no\/crm-manual\/wp-json\/wp\/v2\/pages\/688\/revisions\/1116"}],"wp:attachment":[{"href":"https:\/\/www.normisjon.no\/crm-manual\/wp-json\/wp\/v2\/media?parent=688"}],"curies":[{"name":"wp","href":"https:\/\/api.w.org\/{rel}","templated":true}]}}