{"id":78,"date":"2025-03-31T10:32:13","date_gmt":"2025-03-31T08:32:13","guid":{"rendered":"https:\/\/www.normisjon.no\/crm-manual\/?page_id=78"},"modified":"2026-02-09T14:57:33","modified_gmt":"2026-02-09T13:57:33","slug":"redigere_info_lokallag_minside","status":"publish","type":"page","link":"https:\/\/www.normisjon.no\/crm-manual\/redigere_info_lokallag_minside\/","title":{"rendered":"Redigere info om lokallag i MinSide"},"content":{"rendered":"<div class=\"entry-content alignfull wp-block-post-content has-global-padding is-layout-constrained wp-block-post-content-is-layout-constrained\">\n<figure class=\"wp-block-image aligncenter size-full is-resized\"><img loading=\"lazy\" decoding=\"async\" width=\"271\" height=\"562\" src=\"https:\/\/www.normisjon.no\/content\/uploads\/sites\/46\/2026\/02\/Oransje-fyr2.jpg\" alt=\"\" class=\"wp-image-1060\" style=\"width:64px\" srcset=\"https:\/\/www.normisjon.no\/content\/uploads\/sites\/46\/2026\/02\/Oransje-fyr2.jpg 271w, https:\/\/www.normisjon.no\/content\/uploads\/sites\/46\/2026\/02\/Oransje-fyr2-145x300.jpg 145w\" sizes=\"auto, (max-width: 271px) 100vw, 271px\" \/><\/figure>\n\n\n\n<p><strong>Hvordan redigere informasjon om lokallaget eller menigheten i MinSide<\/strong><\/p>\n\n\n\n<p><em>Skal du gj\u00f8re endringer p\u00e5 en medlemsprofil?&nbsp;<a href=\"https:\/\/www.normisjon.no\/crm-manual\/redigere-profil-i-minside\/\">Les hvordan her.<\/a><\/em><br><\/p>\n\n\n\n<div class=\"wp-block-columns is-layout-flex wp-container-core-columns-is-layout-28f84493 wp-block-columns-is-layout-flex\">\n<div class=\"wp-block-column is-layout-flow wp-block-column-is-layout-flow\" style=\"flex-basis:100%\">\n<p><strong>1)<\/strong>&nbsp;For \u00e5 redigere informasjonen om lokallaget\/menigheten i MinSide g\u00e5r vi til fanen Info. Her kommer all den informasjonen som er registrert p\u00e5 lokallaget\/menigheten opp, og vi kan endre eller legge til det som trengs. Det kan eksempelvis v\u00e6re lurt \u00e5 legge til lokallagets\/menighetens navn under&nbsp;<strong>SMS-avsendernavn<\/strong>, om man benytter seg av SMS-utsendelser.<\/p>\n<\/div>\n<\/div>\n\n\n\n<figure class=\"wp-block-image size-full is-resized\"><img loading=\"lazy\" decoding=\"async\" width=\"1146\" height=\"1212\" src=\"https:\/\/www.normisjon.no\/content\/uploads\/sites\/46\/2025\/03\/Unknown-2.jpeg\" alt=\"\" class=\"wp-image-109\" style=\"object-fit:contain;width:509px;height:auto\" srcset=\"https:\/\/www.normisjon.no\/content\/uploads\/sites\/46\/2025\/03\/Unknown-2.jpeg 1146w, https:\/\/www.normisjon.no\/content\/uploads\/sites\/46\/2025\/03\/Unknown-2-284x300.jpeg 284w, https:\/\/www.normisjon.no\/content\/uploads\/sites\/46\/2025\/03\/Unknown-2-968x1024.jpeg 968w, https:\/\/www.normisjon.no\/content\/uploads\/sites\/46\/2025\/03\/Unknown-2-768x812.jpeg 768w, https:\/\/www.normisjon.no\/content\/uploads\/sites\/46\/2025\/03\/Unknown-2-908x960.jpeg 908w\" sizes=\"auto, (max-width: 1146px) 100vw, 1146px\" \/><\/figure>\n\n\n\n<div class=\"wp-block-columns is-layout-flex wp-container-core-columns-is-layout-28f84493 wp-block-columns-is-layout-flex\">\n<div class=\"wp-block-column is-layout-flow wp-block-column-is-layout-flow\" style=\"flex-basis:100%\">\n<p><strong>2)&nbsp;<\/strong>N\u00e5r vi har gjort \u00f8nskede endringer m\u00e5 vi huske \u00e5 scrolle helt til bunnen av siden og trykke&nbsp;<strong>Lagre<\/strong>.<\/p>\n<\/div>\n<\/div>\n\n\n\n<figure class=\"wp-block-image size-full is-resized\"><img loading=\"lazy\" decoding=\"async\" width=\"960\" height=\"447\" src=\"https:\/\/www.normisjon.no\/content\/uploads\/sites\/46\/2025\/03\/Unknown-1-2.jpeg\" alt=\"\" class=\"wp-image-110\" style=\"object-fit:contain;width:492px;height:229px\" srcset=\"https:\/\/www.normisjon.no\/content\/uploads\/sites\/46\/2025\/03\/Unknown-1-2.jpeg 960w, https:\/\/www.normisjon.no\/content\/uploads\/sites\/46\/2025\/03\/Unknown-1-2-300x140.jpeg 300w, https:\/\/www.normisjon.no\/content\/uploads\/sites\/46\/2025\/03\/Unknown-1-2-768x358.jpeg 768w\" sizes=\"auto, (max-width: 960px) 100vw, 960px\" \/><\/figure>\n\n\n\n<div class=\"wp-block-buttons is-content-justification-center is-layout-flex wp-container-core-buttons-is-layout-a89b3969 wp-block-buttons-is-layout-flex\">\n<div class=\"wp-block-button is-style-fill\"><a class=\"wp-block-button__link has-custom-font-size wp-element-button\" href=\"https:\/\/www.normisjon.no\/crm-manual\/alle-manualer-for-minside\/\" style=\"font-size:15px\">Tilbake til oversikt<\/a><\/div>\n<\/div>\n<\/div>","protected":false},"excerpt":{"rendered":"<p>Hvordan redigere informasjon om lokallaget eller menigheten i MinSide Skal du gj\u00f8re endringer p\u00e5 en medlemsprofil?&nbsp;Les hvordan her. 1)&nbsp;For \u00e5 redigere informasjonen om lokallaget\/menigheten i [&hellip;]<\/p>\n","protected":false},"author":128,"featured_media":0,"parent":0,"menu_order":0,"comment_status":"closed","ping_status":"closed","template":"","meta":{"_acf_changed":false,"footnotes":""},"class_list":["post-78","page","type-page","status-publish","hentry"],"acf":[],"yoast_head":"<!-- This site is optimized with the Yoast SEO plugin v25.9 - https:\/\/yoast.com\/wordpress\/plugins\/seo\/ -->\n<title>Redigere info om lokallag i MinSide - CRM manual<\/title>\n<meta name=\"robots\" content=\"index, follow, max-snippet:-1, max-image-preview:large, max-video-preview:-1\" \/>\n<link rel=\"canonical\" href=\"https:\/\/www.normisjon.no\/crm-manual\/redigere_info_lokallag_minside\/\" \/>\n<meta property=\"og:locale\" content=\"nb_NO\" \/>\n<meta property=\"og:type\" content=\"article\" \/>\n<meta property=\"og:title\" content=\"Redigere info om lokallag i MinSide - CRM manual\" \/>\n<meta property=\"og:description\" content=\"Hvordan redigere informasjon om lokallaget eller menigheten i MinSide Skal du gj\u00f8re endringer p\u00e5 en medlemsprofil?&nbsp;Les hvordan her. 1)&nbsp;For \u00e5 redigere informasjonen om lokallaget\/menigheten i [&hellip;]\" \/>\n<meta property=\"og:url\" content=\"https:\/\/www.normisjon.no\/crm-manual\/redigere_info_lokallag_minside\/\" \/>\n<meta property=\"og:site_name\" content=\"CRM manual\" \/>\n<meta property=\"article:modified_time\" content=\"2026-02-09T13:57:33+00:00\" \/>\n<meta property=\"og:image\" content=\"https:\/\/www.normisjon.no\/content\/uploads\/sites\/46\/2026\/02\/Oransje-fyr2.jpg\" \/>\n\t<meta property=\"og:image:width\" content=\"271\" \/>\n\t<meta property=\"og:image:height\" content=\"562\" \/>\n\t<meta property=\"og:image:type\" content=\"image\/jpeg\" \/>\n<meta name=\"twitter:card\" content=\"summary_large_image\" \/>\n<meta name=\"twitter:label1\" content=\"Ansl. lesetid\" \/>\n\t<meta name=\"twitter:data1\" content=\"2 minutter\" \/>\n<script type=\"application\/ld+json\" class=\"yoast-schema-graph\">{\"@context\":\"https:\/\/schema.org\",\"@graph\":[{\"@type\":\"WebPage\",\"@id\":\"https:\/\/www.normisjon.no\/crm-manual\/redigere_info_lokallag_minside\/\",\"url\":\"https:\/\/www.normisjon.no\/crm-manual\/redigere_info_lokallag_minside\/\",\"name\":\"Redigere info om lokallag i MinSide - CRM manual\",\"isPartOf\":{\"@id\":\"https:\/\/www.normisjon.no\/crm-manual\/#website\"},\"primaryImageOfPage\":{\"@id\":\"https:\/\/www.normisjon.no\/crm-manual\/redigere_info_lokallag_minside\/#primaryimage\"},\"image\":{\"@id\":\"https:\/\/www.normisjon.no\/crm-manual\/redigere_info_lokallag_minside\/#primaryimage\"},\"thumbnailUrl\":\"https:\/\/www.normisjon.no\/content\/uploads\/sites\/46\/2026\/02\/Oransje-fyr2.jpg\",\"datePublished\":\"2025-03-31T08:32:13+00:00\",\"dateModified\":\"2026-02-09T13:57:33+00:00\",\"breadcrumb\":{\"@id\":\"https:\/\/www.normisjon.no\/crm-manual\/redigere_info_lokallag_minside\/#breadcrumb\"},\"inLanguage\":\"nb-NO\",\"potentialAction\":[{\"@type\":\"ReadAction\",\"target\":[\"https:\/\/www.normisjon.no\/crm-manual\/redigere_info_lokallag_minside\/\"]}]},{\"@type\":\"ImageObject\",\"inLanguage\":\"nb-NO\",\"@id\":\"https:\/\/www.normisjon.no\/crm-manual\/redigere_info_lokallag_minside\/#primaryimage\",\"url\":\"https:\/\/www.normisjon.no\/content\/uploads\/sites\/46\/2026\/02\/Oransje-fyr2.jpg\",\"contentUrl\":\"https:\/\/www.normisjon.no\/content\/uploads\/sites\/46\/2026\/02\/Oransje-fyr2.jpg\"},{\"@type\":\"BreadcrumbList\",\"@id\":\"https:\/\/www.normisjon.no\/crm-manual\/redigere_info_lokallag_minside\/#breadcrumb\",\"itemListElement\":[{\"@type\":\"ListItem\",\"position\":1,\"name\":\"Hjem\",\"item\":\"https:\/\/www.normisjon.no\/crm-manual\/\"},{\"@type\":\"ListItem\",\"position\":2,\"name\":\"Redigere info om lokallag i MinSide\"}]},{\"@type\":\"WebSite\",\"@id\":\"https:\/\/www.normisjon.no\/crm-manual\/#website\",\"url\":\"https:\/\/www.normisjon.no\/crm-manual\/\",\"name\":\"CRM manual\",\"description\":\"\",\"potentialAction\":[{\"@type\":\"SearchAction\",\"target\":{\"@type\":\"EntryPoint\",\"urlTemplate\":\"https:\/\/www.normisjon.no\/crm-manual\/?s={search_term_string}\"},\"query-input\":{\"@type\":\"PropertyValueSpecification\",\"valueRequired\":true,\"valueName\":\"search_term_string\"}}],\"inLanguage\":\"nb-NO\"}]}<\/script>\n<!-- \/ Yoast SEO plugin. -->","yoast_head_json":{"title":"Redigere info om lokallag i MinSide - CRM manual","robots":{"index":"index","follow":"follow","max-snippet":"max-snippet:-1","max-image-preview":"max-image-preview:large","max-video-preview":"max-video-preview:-1"},"canonical":"https:\/\/www.normisjon.no\/crm-manual\/redigere_info_lokallag_minside\/","og_locale":"nb_NO","og_type":"article","og_title":"Redigere info om lokallag i MinSide - CRM manual","og_description":"Hvordan redigere informasjon om lokallaget eller menigheten i MinSide Skal du gj\u00f8re endringer p\u00e5 en medlemsprofil?&nbsp;Les hvordan her. 1)&nbsp;For \u00e5 redigere informasjonen om lokallaget\/menigheten i [&hellip;]","og_url":"https:\/\/www.normisjon.no\/crm-manual\/redigere_info_lokallag_minside\/","og_site_name":"CRM manual","article_modified_time":"2026-02-09T13:57:33+00:00","og_image":[{"width":271,"height":562,"url":"https:\/\/www.normisjon.no\/content\/uploads\/sites\/46\/2026\/02\/Oransje-fyr2.jpg","type":"image\/jpeg"}],"twitter_card":"summary_large_image","twitter_misc":{"Ansl. lesetid":"2 minutter"},"schema":{"@context":"https:\/\/schema.org","@graph":[{"@type":"WebPage","@id":"https:\/\/www.normisjon.no\/crm-manual\/redigere_info_lokallag_minside\/","url":"https:\/\/www.normisjon.no\/crm-manual\/redigere_info_lokallag_minside\/","name":"Redigere info om lokallag i MinSide - CRM manual","isPartOf":{"@id":"https:\/\/www.normisjon.no\/crm-manual\/#website"},"primaryImageOfPage":{"@id":"https:\/\/www.normisjon.no\/crm-manual\/redigere_info_lokallag_minside\/#primaryimage"},"image":{"@id":"https:\/\/www.normisjon.no\/crm-manual\/redigere_info_lokallag_minside\/#primaryimage"},"thumbnailUrl":"https:\/\/www.normisjon.no\/content\/uploads\/sites\/46\/2026\/02\/Oransje-fyr2.jpg","datePublished":"2025-03-31T08:32:13+00:00","dateModified":"2026-02-09T13:57:33+00:00","breadcrumb":{"@id":"https:\/\/www.normisjon.no\/crm-manual\/redigere_info_lokallag_minside\/#breadcrumb"},"inLanguage":"nb-NO","potentialAction":[{"@type":"ReadAction","target":["https:\/\/www.normisjon.no\/crm-manual\/redigere_info_lokallag_minside\/"]}]},{"@type":"ImageObject","inLanguage":"nb-NO","@id":"https:\/\/www.normisjon.no\/crm-manual\/redigere_info_lokallag_minside\/#primaryimage","url":"https:\/\/www.normisjon.no\/content\/uploads\/sites\/46\/2026\/02\/Oransje-fyr2.jpg","contentUrl":"https:\/\/www.normisjon.no\/content\/uploads\/sites\/46\/2026\/02\/Oransje-fyr2.jpg"},{"@type":"BreadcrumbList","@id":"https:\/\/www.normisjon.no\/crm-manual\/redigere_info_lokallag_minside\/#breadcrumb","itemListElement":[{"@type":"ListItem","position":1,"name":"Hjem","item":"https:\/\/www.normisjon.no\/crm-manual\/"},{"@type":"ListItem","position":2,"name":"Redigere info om lokallag i MinSide"}]},{"@type":"WebSite","@id":"https:\/\/www.normisjon.no\/crm-manual\/#website","url":"https:\/\/www.normisjon.no\/crm-manual\/","name":"CRM manual","description":"","potentialAction":[{"@type":"SearchAction","target":{"@type":"EntryPoint","urlTemplate":"https:\/\/www.normisjon.no\/crm-manual\/?s={search_term_string}"},"query-input":{"@type":"PropertyValueSpecification","valueRequired":true,"valueName":"search_term_string"}}],"inLanguage":"nb-NO"}]}},"_links":{"self":[{"href":"https:\/\/www.normisjon.no\/crm-manual\/wp-json\/wp\/v2\/pages\/78","targetHints":{"allow":["GET"]}}],"collection":[{"href":"https:\/\/www.normisjon.no\/crm-manual\/wp-json\/wp\/v2\/pages"}],"about":[{"href":"https:\/\/www.normisjon.no\/crm-manual\/wp-json\/wp\/v2\/types\/page"}],"author":[{"embeddable":true,"href":"https:\/\/www.normisjon.no\/crm-manual\/wp-json\/wp\/v2\/users\/128"}],"replies":[{"embeddable":true,"href":"https:\/\/www.normisjon.no\/crm-manual\/wp-json\/wp\/v2\/comments?post=78"}],"version-history":[{"count":19,"href":"https:\/\/www.normisjon.no\/crm-manual\/wp-json\/wp\/v2\/pages\/78\/revisions"}],"predecessor-version":[{"id":1163,"href":"https:\/\/www.normisjon.no\/crm-manual\/wp-json\/wp\/v2\/pages\/78\/revisions\/1163"}],"wp:attachment":[{"href":"https:\/\/www.normisjon.no\/crm-manual\/wp-json\/wp\/v2\/media?parent=78"}],"curies":[{"name":"wp","href":"https:\/\/api.w.org\/{rel}","templated":true}]}}