{"id":965,"date":"2025-09-22T13:43:42","date_gmt":"2025-09-22T11:43:42","guid":{"rendered":"https:\/\/www.normisjon.no\/crm-manual\/?page_id=965"},"modified":"2026-02-16T10:19:56","modified_gmt":"2026-02-16T09:19:56","slug":"generelt-om-sok-i-profundo","status":"publish","type":"page","link":"https:\/\/www.normisjon.no\/crm-manual\/generelt-om-sok-i-profundo\/","title":{"rendered":"Generelt om s\u00f8k i ProFundo"},"content":{"rendered":"<div class=\"entry-content alignfull wp-block-post-content has-global-padding is-layout-constrained wp-block-post-content-is-layout-constrained\">\n<figure class=\"wp-block-image aligncenter size-full is-resized\"><img loading=\"lazy\" decoding=\"async\" width=\"261\" height=\"543\" src=\"https:\/\/www.normisjon.no\/content\/uploads\/sites\/46\/2026\/02\/Oransje-dame-2.jpg\" alt=\"\" class=\"wp-image-1057\" style=\"width:66px;height:136px\" srcset=\"https:\/\/www.normisjon.no\/content\/uploads\/sites\/46\/2026\/02\/Oransje-dame-2.jpg 261w, https:\/\/www.normisjon.no\/content\/uploads\/sites\/46\/2026\/02\/Oransje-dame-2-144x300.jpg 144w\" sizes=\"auto, (max-width: 261px) 100vw, 261px\" \/><\/figure>\n\n\n\n<p><strong>Generell informasjon om elementer i et s\u00f8k i ProFundo.<br><\/strong><\/p>\n\n\n\n<div class=\"wp-block-columns is-layout-flex wp-container-core-columns-is-layout-65e523f9 wp-block-columns-is-layout-flex\">\n<div class=\"wp-block-column is-layout-flow wp-block-column-is-layout-flow\" style=\"flex-basis:50%\">\n<p><strong>1)<\/strong>&nbsp;For \u00e5 gj\u00f8re et s\u00f8k i ProFundo, starter vi alltid med \u00e5 trykke p\u00e5&nbsp;<strong>S\u00f8k<\/strong>&nbsp;i menyen til vestre. Da vil det dukke opp flere alternativer under, hvor vi kan spesifisere hva vi skal s\u00f8ke etter. Det v\u00e6re seg en person (Navn), et prosjekt, en giveravtale, aksjon, innbetaling eller annet.<\/p>\n<\/div>\n\n\n\n<div class=\"wp-block-column is-layout-flow wp-block-column-is-layout-flow\" style=\"flex-basis:50%\">\n<figure class=\"wp-block-image size-large is-resized\"><img loading=\"lazy\" decoding=\"async\" width=\"452\" height=\"1024\" src=\"https:\/\/www.normisjon.no\/content\/uploads\/sites\/46\/2025\/09\/Skjermbilde-2025-09-22-kl.-13.33.20-452x1024.png\" alt=\"\" class=\"wp-image-966\" style=\"width:266px;height:603px\" srcset=\"https:\/\/www.normisjon.no\/content\/uploads\/sites\/46\/2025\/09\/Skjermbilde-2025-09-22-kl.-13.33.20-452x1024.png 452w, https:\/\/www.normisjon.no\/content\/uploads\/sites\/46\/2025\/09\/Skjermbilde-2025-09-22-kl.-13.33.20-132x300.png 132w, https:\/\/www.normisjon.no\/content\/uploads\/sites\/46\/2025\/09\/Skjermbilde-2025-09-22-kl.-13.33.20.png 464w\" sizes=\"auto, (max-width: 452px) 100vw, 452px\" \/><\/figure>\n<\/div>\n<\/div>\n\n\n\n<p><strong>2)&nbsp;<\/strong>N\u00e5r vi har valgt hvilken kategori vi \u00f8nsker \u00e5 s\u00f8ke i, f\u00e5r vi opp s\u00f8kemotoren. Denne er tilrettelagt for de ulike kategoriene med hvilke kriterier vi kan s\u00f8ke i, og vil derfor ikke se helt lik ut innholdsmessig.&nbsp;<strong>Fritekst<\/strong>, som kommer \u00f8verst i et navnes\u00f8k kan benyttes om man vet spesifikt hvem man vil s\u00f8ke etter. Om man vil ha en liste over for eksempel alle i en region eller annet lar man denne st\u00e5 blank.<\/p>\n\n\n\n<p><strong>3)&nbsp;<\/strong>I flere av kategoriene f\u00e5r vi opp et kriterium som heter&nbsp;<strong>Gyldig i dag<\/strong>. Dette kriteriet tilsier om det vi s\u00f8ker etter er aktivt eller ikke n\u00e5r vi gj\u00f8r s\u00f8ket.<\/p>\n\n\n\n<figure class=\"wp-block-image size-large\"><img loading=\"lazy\" decoding=\"async\" width=\"1024\" height=\"486\" src=\"https:\/\/www.normisjon.no\/content\/uploads\/sites\/46\/2025\/09\/Skjermbilde-2025-09-22-kl.-13.33.37-1024x486.png\" alt=\"\" class=\"wp-image-967\" srcset=\"https:\/\/www.normisjon.no\/content\/uploads\/sites\/46\/2025\/09\/Skjermbilde-2025-09-22-kl.-13.33.37-1024x486.png 1024w, https:\/\/www.normisjon.no\/content\/uploads\/sites\/46\/2025\/09\/Skjermbilde-2025-09-22-kl.-13.33.37-300x142.png 300w, https:\/\/www.normisjon.no\/content\/uploads\/sites\/46\/2025\/09\/Skjermbilde-2025-09-22-kl.-13.33.37-768x365.png 768w, https:\/\/www.normisjon.no\/content\/uploads\/sites\/46\/2025\/09\/Skjermbilde-2025-09-22-kl.-13.33.37-1536x729.png 1536w, https:\/\/www.normisjon.no\/content\/uploads\/sites\/46\/2025\/09\/Skjermbilde-2025-09-22-kl.-13.33.37-1360x646.png 1360w, https:\/\/www.normisjon.no\/content\/uploads\/sites\/46\/2025\/09\/Skjermbilde-2025-09-22-kl.-13.33.37-960x456.png 960w, https:\/\/www.normisjon.no\/content\/uploads\/sites\/46\/2025\/09\/Skjermbilde-2025-09-22-kl.-13.33.37.png 1554w\" sizes=\"auto, (max-width: 1024px) 100vw, 1024px\" \/><\/figure>\n\n\n\n<p><strong>4)&nbsp;<\/strong>For \u00e5 spisse et s\u00f8k kan vi legge til flere kriterier. Kriteriene vil v\u00e6re tilpasset s\u00f8kekategorien vi har valgt. Under navnes\u00f8k vil det for eksempel v\u00e6re kriterier som adresse og alder. Er form\u00e5let med s\u00f8ket \u00e5 lage en liste for \u00e5 sende ut e-post eller SMS, m\u00e5 vi eksempelvis benyttet kriteriene&nbsp;<strong>Gyldig-post<\/strong>&nbsp;eller&nbsp;<strong>Gyldig mobilnummer<\/strong>, og s\u00e5 velge&nbsp;<strong>gyldig<\/strong>&nbsp;(jf. punktet over). Om vi legger til kriterier vil kun resultater som treffes av de valgte kriteriene, og spesifiseringene innen disse, komme opp.<\/p>\n\n\n\n<figure class=\"wp-block-image size-large\"><img loading=\"lazy\" decoding=\"async\" width=\"1024\" height=\"584\" src=\"https:\/\/www.normisjon.no\/content\/uploads\/sites\/46\/2025\/09\/Skjermbilde-2025-09-22-kl.-13.33.56-1024x584.png\" alt=\"\" class=\"wp-image-968\" srcset=\"https:\/\/www.normisjon.no\/content\/uploads\/sites\/46\/2025\/09\/Skjermbilde-2025-09-22-kl.-13.33.56-1024x584.png 1024w, https:\/\/www.normisjon.no\/content\/uploads\/sites\/46\/2025\/09\/Skjermbilde-2025-09-22-kl.-13.33.56-300x171.png 300w, https:\/\/www.normisjon.no\/content\/uploads\/sites\/46\/2025\/09\/Skjermbilde-2025-09-22-kl.-13.33.56-768x438.png 768w, https:\/\/www.normisjon.no\/content\/uploads\/sites\/46\/2025\/09\/Skjermbilde-2025-09-22-kl.-13.33.56-1360x775.png 1360w, https:\/\/www.normisjon.no\/content\/uploads\/sites\/46\/2025\/09\/Skjermbilde-2025-09-22-kl.-13.33.56-960x547.png 960w, https:\/\/www.normisjon.no\/content\/uploads\/sites\/46\/2025\/09\/Skjermbilde-2025-09-22-kl.-13.33.56.png 1474w\" sizes=\"auto, (max-width: 1024px) 100vw, 1024px\" \/><\/figure>\n\n\n\n<p><strong>5)&nbsp;<\/strong>Om man ved et navnes\u00f8k \u00f8nsker \u00e5 finne mer enn bare navn, som for eksempel om dem man s\u00f8ker etter ved et navnes\u00f8k skal v\u00e6re alle som har et verv, er tilknyttet en gitt aksjon, aktivitet eller liknende, m\u00e5 vi legge til dette som et nytt (eller flere nye)&nbsp;<strong>s\u00f8keemne(r)<\/strong>.<\/p>\n\n\n\n<figure class=\"wp-block-image size-large\"><img loading=\"lazy\" decoding=\"async\" width=\"1024\" height=\"561\" src=\"https:\/\/www.normisjon.no\/content\/uploads\/sites\/46\/2025\/09\/Skjermbilde-2025-09-22-kl.-13.34.11-1024x561.png\" alt=\"\" class=\"wp-image-969\" srcset=\"https:\/\/www.normisjon.no\/content\/uploads\/sites\/46\/2025\/09\/Skjermbilde-2025-09-22-kl.-13.34.11-1024x561.png 1024w, https:\/\/www.normisjon.no\/content\/uploads\/sites\/46\/2025\/09\/Skjermbilde-2025-09-22-kl.-13.34.11-300x164.png 300w, https:\/\/www.normisjon.no\/content\/uploads\/sites\/46\/2025\/09\/Skjermbilde-2025-09-22-kl.-13.34.11-768x421.png 768w, https:\/\/www.normisjon.no\/content\/uploads\/sites\/46\/2025\/09\/Skjermbilde-2025-09-22-kl.-13.34.11-1360x745.png 1360w, https:\/\/www.normisjon.no\/content\/uploads\/sites\/46\/2025\/09\/Skjermbilde-2025-09-22-kl.-13.34.11-960x526.png 960w, https:\/\/www.normisjon.no\/content\/uploads\/sites\/46\/2025\/09\/Skjermbilde-2025-09-22-kl.-13.34.11.png 1508w\" sizes=\"auto, (max-width: 1024px) 100vw, 1024px\" \/><\/figure>\n\n\n\n<p><strong>6)&nbsp;<\/strong>N\u00e5r vi spesifiserer gjennom kriterier m\u00e5 vi ofte velge fra nedtrekksmenyen om det vi s\u00f8ker etter eksempelvis skal v\u00e6re&nbsp;<em>lik<\/em>,&nbsp;<em>ikke lik<\/em>,&nbsp;<em>mindre eller lik<\/em>&nbsp;osv. Om vi for eksempel s\u00f8ker etter alle som er fra og med 18 \u00e5r, velger vi&nbsp;<strong>st\u00f8rre eller lik&nbsp;<\/strong>og skriver 18 i s\u00f8kefeltet, slik at kun de som er 18 \u00e5r eller eldre kommer med. Om vi \u00f8nsker \u00e5 se kun dem som er under 18 velger vi&nbsp;<strong>mindre eller lik<\/strong>&nbsp;og skriver 17 i s\u00f8kefeltet. Skal s\u00f8ket spesifiseres til en gitt region velger vi&nbsp;<strong>lik<\/strong>&nbsp;og skriver regionen i s\u00f8kefeltet.<\/p>\n\n\n\n<figure class=\"wp-block-image aligncenter size-full is-resized\"><img loading=\"lazy\" decoding=\"async\" width=\"896\" height=\"488\" src=\"https:\/\/www.normisjon.no\/content\/uploads\/sites\/46\/2025\/09\/Skjermbilde-2025-09-22-kl.-13.34.29.png\" alt=\"\" class=\"wp-image-970\" style=\"width:476px;height:259px\" srcset=\"https:\/\/www.normisjon.no\/content\/uploads\/sites\/46\/2025\/09\/Skjermbilde-2025-09-22-kl.-13.34.29.png 896w, https:\/\/www.normisjon.no\/content\/uploads\/sites\/46\/2025\/09\/Skjermbilde-2025-09-22-kl.-13.34.29-300x163.png 300w, https:\/\/www.normisjon.no\/content\/uploads\/sites\/46\/2025\/09\/Skjermbilde-2025-09-22-kl.-13.34.29-768x418.png 768w\" sizes=\"auto, (max-width: 896px) 100vw, 896px\" \/><\/figure>\n\n\n\n<p><strong>7)&nbsp;<\/strong>Eventuelle reservasjoner finner vi under s\u00f8keemnet&nbsp;<strong>Infoprofil<\/strong>, hvor de er registrert som infounntak, alts\u00e5 at navnene vi s\u00f8ker frem&nbsp;<em>har ikke&nbsp;<\/em>visse verdier. Her kan du lese mer om navnes\u00f8k med reservasjoner.&nbsp;<\/p>\n\n\n\n<figure class=\"wp-block-image size-large\"><img loading=\"lazy\" decoding=\"async\" width=\"1024\" height=\"338\" src=\"https:\/\/www.normisjon.no\/content\/uploads\/sites\/46\/2025\/09\/Skjermbilde-2025-09-22-kl.-13.34.47-1024x338.png\" alt=\"\" class=\"wp-image-971\" srcset=\"https:\/\/www.normisjon.no\/content\/uploads\/sites\/46\/2025\/09\/Skjermbilde-2025-09-22-kl.-13.34.47-1024x338.png 1024w, https:\/\/www.normisjon.no\/content\/uploads\/sites\/46\/2025\/09\/Skjermbilde-2025-09-22-kl.-13.34.47-300x99.png 300w, https:\/\/www.normisjon.no\/content\/uploads\/sites\/46\/2025\/09\/Skjermbilde-2025-09-22-kl.-13.34.47-768x253.png 768w, https:\/\/www.normisjon.no\/content\/uploads\/sites\/46\/2025\/09\/Skjermbilde-2025-09-22-kl.-13.34.47-1536x507.png 1536w, https:\/\/www.normisjon.no\/content\/uploads\/sites\/46\/2025\/09\/Skjermbilde-2025-09-22-kl.-13.34.47-1360x449.png 1360w, https:\/\/www.normisjon.no\/content\/uploads\/sites\/46\/2025\/09\/Skjermbilde-2025-09-22-kl.-13.34.47-960x317.png 960w, https:\/\/www.normisjon.no\/content\/uploads\/sites\/46\/2025\/09\/Skjermbilde-2025-09-22-kl.-13.34.47.png 1788w\" sizes=\"auto, (max-width: 1024px) 100vw, 1024px\" \/><\/figure>\n\n\n\n<p><strong>8)&nbsp;<\/strong>N\u00e5r vi er forn\u00f8yd med s\u00f8ket, og har lagt inn alle kriterier og s\u00f8keemner vi \u00f8nsker, velger vi hva vi skal bruke listen v\u00e5r til. Knappen&nbsp;<strong>Antall<\/strong>&nbsp;vil vise hvor mange navn som er p\u00e5 listen. Trykker vi p\u00e5&nbsp;<strong>Hent&nbsp;<\/strong>f\u00e5r vi opp hele listen, og kan s\u00e5 lagre listen som et Excel-ark p\u00e5 datamaskinen om \u00f8nskelig. Knappen&nbsp;<strong>Mer&nbsp;<\/strong>gir oss flere muligheter, som \u00e5 sende SMS, e-post, skrive ut adresseetiketter eller&nbsp;<strong>lagre s\u00f8ket<\/strong>&nbsp;(9). \u00c5 lagre s\u00f8ket kan v\u00e6re lurt \u00e5 gj\u00f8re p\u00e5 s\u00f8k som gj\u00f8res regelmessig, slik at vi slipper \u00e5 gj\u00f8re hele prosessen igjen neste gang. Lagrede s\u00f8k finner vi igjen nede til venstre (r\u00f8d pil).&nbsp;<\/p>\n\n\n\n<figure class=\"wp-block-image size-large\"><img loading=\"lazy\" decoding=\"async\" width=\"1024\" height=\"630\" src=\"https:\/\/www.normisjon.no\/content\/uploads\/sites\/46\/2025\/09\/Skjermbilde-2025-09-22-kl.-13.35.25-1024x630.png\" alt=\"\" class=\"wp-image-972\" srcset=\"https:\/\/www.normisjon.no\/content\/uploads\/sites\/46\/2025\/09\/Skjermbilde-2025-09-22-kl.-13.35.25-1024x630.png 1024w, https:\/\/www.normisjon.no\/content\/uploads\/sites\/46\/2025\/09\/Skjermbilde-2025-09-22-kl.-13.35.25-300x184.png 300w, https:\/\/www.normisjon.no\/content\/uploads\/sites\/46\/2025\/09\/Skjermbilde-2025-09-22-kl.-13.35.25-768x472.png 768w, https:\/\/www.normisjon.no\/content\/uploads\/sites\/46\/2025\/09\/Skjermbilde-2025-09-22-kl.-13.35.25-1536x944.png 1536w, https:\/\/www.normisjon.no\/content\/uploads\/sites\/46\/2025\/09\/Skjermbilde-2025-09-22-kl.-13.35.25-1360x836.png 1360w, https:\/\/www.normisjon.no\/content\/uploads\/sites\/46\/2025\/09\/Skjermbilde-2025-09-22-kl.-13.35.25-960x590.png 960w, https:\/\/www.normisjon.no\/content\/uploads\/sites\/46\/2025\/09\/Skjermbilde-2025-09-22-kl.-13.35.25.png 1646w\" sizes=\"auto, (max-width: 1024px) 100vw, 1024px\" \/><\/figure>\n\n\n\n<div class=\"wp-block-buttons is-content-justification-center is-layout-flex wp-container-core-buttons-is-layout-a89b3969 wp-block-buttons-is-layout-flex\">\n<div class=\"wp-block-button is-style-fill\"><a class=\"wp-block-button__link has-custom-font-size wp-element-button\" href=\"https:\/\/www.normisjon.no\/crm-manual\/alle-manualer-for-profundo\/\" style=\"font-size:15px\">Tilbake til oversikt<\/a><\/div>\n<\/div>\n<\/div>","protected":false},"excerpt":{"rendered":"<p>Generell informasjon om elementer i et s\u00f8k i ProFundo. 1)&nbsp;For \u00e5 gj\u00f8re et s\u00f8k i ProFundo, starter vi alltid med \u00e5 trykke p\u00e5&nbsp;S\u00f8k&nbsp;i menyen til [&hellip;]<\/p>\n","protected":false},"author":143,"featured_media":0,"parent":0,"menu_order":0,"comment_status":"closed","ping_status":"closed","template":"","meta":{"_acf_changed":false,"footnotes":""},"class_list":["post-965","page","type-page","status-publish","hentry"],"acf":[],"yoast_head":"<!-- This site is optimized with the Yoast SEO plugin v25.9 - https:\/\/yoast.com\/wordpress\/plugins\/seo\/ -->\n<title>Generelt om s\u00f8k i ProFundo - CRM manual<\/title>\n<meta name=\"robots\" content=\"index, follow, max-snippet:-1, max-image-preview:large, max-video-preview:-1\" \/>\n<link rel=\"canonical\" href=\"https:\/\/www.normisjon.no\/crm-manual\/generelt-om-sok-i-profundo\/\" \/>\n<meta property=\"og:locale\" content=\"nb_NO\" \/>\n<meta property=\"og:type\" content=\"article\" \/>\n<meta property=\"og:title\" content=\"Generelt om s\u00f8k i ProFundo - CRM manual\" \/>\n<meta property=\"og:description\" content=\"Generell informasjon om elementer i et s\u00f8k i ProFundo. 1)&nbsp;For \u00e5 gj\u00f8re et s\u00f8k i ProFundo, starter vi alltid med \u00e5 trykke p\u00e5&nbsp;S\u00f8k&nbsp;i menyen til [&hellip;]\" \/>\n<meta property=\"og:url\" content=\"https:\/\/www.normisjon.no\/crm-manual\/generelt-om-sok-i-profundo\/\" \/>\n<meta property=\"og:site_name\" content=\"CRM manual\" \/>\n<meta property=\"article:modified_time\" content=\"2026-02-16T09:19:56+00:00\" \/>\n<meta property=\"og:image\" content=\"https:\/\/www.normisjon.no\/content\/uploads\/sites\/46\/2026\/02\/Oransje-dame-2.jpg\" \/>\n\t<meta property=\"og:image:width\" content=\"261\" \/>\n\t<meta property=\"og:image:height\" content=\"543\" \/>\n\t<meta property=\"og:image:type\" content=\"image\/jpeg\" \/>\n<meta name=\"twitter:card\" content=\"summary_large_image\" \/>\n<meta name=\"twitter:label1\" content=\"Ansl. lesetid\" \/>\n\t<meta name=\"twitter:data1\" content=\"5 minutter\" \/>\n<script type=\"application\/ld+json\" class=\"yoast-schema-graph\">{\"@context\":\"https:\/\/schema.org\",\"@graph\":[{\"@type\":\"WebPage\",\"@id\":\"https:\/\/www.normisjon.no\/crm-manual\/generelt-om-sok-i-profundo\/\",\"url\":\"https:\/\/www.normisjon.no\/crm-manual\/generelt-om-sok-i-profundo\/\",\"name\":\"Generelt om s\u00f8k i ProFundo - CRM manual\",\"isPartOf\":{\"@id\":\"https:\/\/www.normisjon.no\/crm-manual\/#website\"},\"primaryImageOfPage\":{\"@id\":\"https:\/\/www.normisjon.no\/crm-manual\/generelt-om-sok-i-profundo\/#primaryimage\"},\"image\":{\"@id\":\"https:\/\/www.normisjon.no\/crm-manual\/generelt-om-sok-i-profundo\/#primaryimage\"},\"thumbnailUrl\":\"https:\/\/www.normisjon.no\/content\/uploads\/sites\/46\/2026\/02\/Oransje-dame-2.jpg\",\"datePublished\":\"2025-09-22T11:43:42+00:00\",\"dateModified\":\"2026-02-16T09:19:56+00:00\",\"breadcrumb\":{\"@id\":\"https:\/\/www.normisjon.no\/crm-manual\/generelt-om-sok-i-profundo\/#breadcrumb\"},\"inLanguage\":\"nb-NO\",\"potentialAction\":[{\"@type\":\"ReadAction\",\"target\":[\"https:\/\/www.normisjon.no\/crm-manual\/generelt-om-sok-i-profundo\/\"]}]},{\"@type\":\"ImageObject\",\"inLanguage\":\"nb-NO\",\"@id\":\"https:\/\/www.normisjon.no\/crm-manual\/generelt-om-sok-i-profundo\/#primaryimage\",\"url\":\"https:\/\/www.normisjon.no\/content\/uploads\/sites\/46\/2026\/02\/Oransje-dame-2.jpg\",\"contentUrl\":\"https:\/\/www.normisjon.no\/content\/uploads\/sites\/46\/2026\/02\/Oransje-dame-2.jpg\"},{\"@type\":\"BreadcrumbList\",\"@id\":\"https:\/\/www.normisjon.no\/crm-manual\/generelt-om-sok-i-profundo\/#breadcrumb\",\"itemListElement\":[{\"@type\":\"ListItem\",\"position\":1,\"name\":\"Hjem\",\"item\":\"https:\/\/www.normisjon.no\/crm-manual\/\"},{\"@type\":\"ListItem\",\"position\":2,\"name\":\"Generelt om s\u00f8k i ProFundo\"}]},{\"@type\":\"WebSite\",\"@id\":\"https:\/\/www.normisjon.no\/crm-manual\/#website\",\"url\":\"https:\/\/www.normisjon.no\/crm-manual\/\",\"name\":\"CRM manual\",\"description\":\"\",\"potentialAction\":[{\"@type\":\"SearchAction\",\"target\":{\"@type\":\"EntryPoint\",\"urlTemplate\":\"https:\/\/www.normisjon.no\/crm-manual\/?s={search_term_string}\"},\"query-input\":{\"@type\":\"PropertyValueSpecification\",\"valueRequired\":true,\"valueName\":\"search_term_string\"}}],\"inLanguage\":\"nb-NO\"}]}<\/script>\n<!-- \/ Yoast SEO plugin. -->","yoast_head_json":{"title":"Generelt om s\u00f8k i ProFundo - CRM manual","robots":{"index":"index","follow":"follow","max-snippet":"max-snippet:-1","max-image-preview":"max-image-preview:large","max-video-preview":"max-video-preview:-1"},"canonical":"https:\/\/www.normisjon.no\/crm-manual\/generelt-om-sok-i-profundo\/","og_locale":"nb_NO","og_type":"article","og_title":"Generelt om s\u00f8k i ProFundo - CRM manual","og_description":"Generell informasjon om elementer i et s\u00f8k i ProFundo. 1)&nbsp;For \u00e5 gj\u00f8re et s\u00f8k i ProFundo, starter vi alltid med \u00e5 trykke p\u00e5&nbsp;S\u00f8k&nbsp;i menyen til [&hellip;]","og_url":"https:\/\/www.normisjon.no\/crm-manual\/generelt-om-sok-i-profundo\/","og_site_name":"CRM manual","article_modified_time":"2026-02-16T09:19:56+00:00","og_image":[{"width":261,"height":543,"url":"https:\/\/www.normisjon.no\/content\/uploads\/sites\/46\/2026\/02\/Oransje-dame-2.jpg","type":"image\/jpeg"}],"twitter_card":"summary_large_image","twitter_misc":{"Ansl. lesetid":"5 minutter"},"schema":{"@context":"https:\/\/schema.org","@graph":[{"@type":"WebPage","@id":"https:\/\/www.normisjon.no\/crm-manual\/generelt-om-sok-i-profundo\/","url":"https:\/\/www.normisjon.no\/crm-manual\/generelt-om-sok-i-profundo\/","name":"Generelt om s\u00f8k i ProFundo - CRM manual","isPartOf":{"@id":"https:\/\/www.normisjon.no\/crm-manual\/#website"},"primaryImageOfPage":{"@id":"https:\/\/www.normisjon.no\/crm-manual\/generelt-om-sok-i-profundo\/#primaryimage"},"image":{"@id":"https:\/\/www.normisjon.no\/crm-manual\/generelt-om-sok-i-profundo\/#primaryimage"},"thumbnailUrl":"https:\/\/www.normisjon.no\/content\/uploads\/sites\/46\/2026\/02\/Oransje-dame-2.jpg","datePublished":"2025-09-22T11:43:42+00:00","dateModified":"2026-02-16T09:19:56+00:00","breadcrumb":{"@id":"https:\/\/www.normisjon.no\/crm-manual\/generelt-om-sok-i-profundo\/#breadcrumb"},"inLanguage":"nb-NO","potentialAction":[{"@type":"ReadAction","target":["https:\/\/www.normisjon.no\/crm-manual\/generelt-om-sok-i-profundo\/"]}]},{"@type":"ImageObject","inLanguage":"nb-NO","@id":"https:\/\/www.normisjon.no\/crm-manual\/generelt-om-sok-i-profundo\/#primaryimage","url":"https:\/\/www.normisjon.no\/content\/uploads\/sites\/46\/2026\/02\/Oransje-dame-2.jpg","contentUrl":"https:\/\/www.normisjon.no\/content\/uploads\/sites\/46\/2026\/02\/Oransje-dame-2.jpg"},{"@type":"BreadcrumbList","@id":"https:\/\/www.normisjon.no\/crm-manual\/generelt-om-sok-i-profundo\/#breadcrumb","itemListElement":[{"@type":"ListItem","position":1,"name":"Hjem","item":"https:\/\/www.normisjon.no\/crm-manual\/"},{"@type":"ListItem","position":2,"name":"Generelt om s\u00f8k i ProFundo"}]},{"@type":"WebSite","@id":"https:\/\/www.normisjon.no\/crm-manual\/#website","url":"https:\/\/www.normisjon.no\/crm-manual\/","name":"CRM manual","description":"","potentialAction":[{"@type":"SearchAction","target":{"@type":"EntryPoint","urlTemplate":"https:\/\/www.normisjon.no\/crm-manual\/?s={search_term_string}"},"query-input":{"@type":"PropertyValueSpecification","valueRequired":true,"valueName":"search_term_string"}}],"inLanguage":"nb-NO"}]}},"_links":{"self":[{"href":"https:\/\/www.normisjon.no\/crm-manual\/wp-json\/wp\/v2\/pages\/965","targetHints":{"allow":["GET"]}}],"collection":[{"href":"https:\/\/www.normisjon.no\/crm-manual\/wp-json\/wp\/v2\/pages"}],"about":[{"href":"https:\/\/www.normisjon.no\/crm-manual\/wp-json\/wp\/v2\/types\/page"}],"author":[{"embeddable":true,"href":"https:\/\/www.normisjon.no\/crm-manual\/wp-json\/wp\/v2\/users\/143"}],"replies":[{"embeddable":true,"href":"https:\/\/www.normisjon.no\/crm-manual\/wp-json\/wp\/v2\/comments?post=965"}],"version-history":[{"count":3,"href":"https:\/\/www.normisjon.no\/crm-manual\/wp-json\/wp\/v2\/pages\/965\/revisions"}],"predecessor-version":[{"id":1206,"href":"https:\/\/www.normisjon.no\/crm-manual\/wp-json\/wp\/v2\/pages\/965\/revisions\/1206"}],"wp:attachment":[{"href":"https:\/\/www.normisjon.no\/crm-manual\/wp-json\/wp\/v2\/media?parent=965"}],"curies":[{"name":"wp","href":"https:\/\/api.w.org\/{rel}","templated":true}]}}