{"id":10,"date":"2025-12-17T08:48:24","date_gmt":"2025-12-17T07:48:24","guid":{"rendered":"https:\/\/www.normisjon.no\/designmanual\/?page_id=10"},"modified":"2026-02-04T10:01:53","modified_gmt":"2026-02-04T09:01:53","slug":"normisjons-designmanual","status":"publish","type":"page","link":"https:\/\/www.normisjon.no\/designmanual\/","title":{"rendered":"Normisjons designmanual"},"content":{"rendered":"<div class=\"entry-content alignfull wp-block-post-content has-global-padding is-layout-constrained wp-block-post-content-is-layout-constrained\">\n<div class=\"wp-block-cover alignfull is-light\"><img loading=\"lazy\" decoding=\"async\" width=\"2560\" height=\"1440\" class=\"wp-block-cover__image-background wp-image-202 size-full\" alt=\"\" src=\"https:\/\/www.normisjon.no\/content\/uploads\/sites\/50\/2026\/01\/Farger-til-designmaualen2-scaled.jpg\" data-object-fit=\"cover\" srcset=\"https:\/\/www.normisjon.no\/content\/uploads\/sites\/50\/2026\/01\/Farger-til-designmaualen2-scaled.jpg 2560w, https:\/\/www.normisjon.no\/content\/uploads\/sites\/50\/2026\/01\/Farger-til-designmaualen2-300x169.jpg 300w, https:\/\/www.normisjon.no\/content\/uploads\/sites\/50\/2026\/01\/Farger-til-designmaualen2-1024x576.jpg 1024w, https:\/\/www.normisjon.no\/content\/uploads\/sites\/50\/2026\/01\/Farger-til-designmaualen2-768x432.jpg 768w, https:\/\/www.normisjon.no\/content\/uploads\/sites\/50\/2026\/01\/Farger-til-designmaualen2-1536x864.jpg 1536w, https:\/\/www.normisjon.no\/content\/uploads\/sites\/50\/2026\/01\/Farger-til-designmaualen2-2048x1152.jpg 2048w, https:\/\/www.normisjon.no\/content\/uploads\/sites\/50\/2026\/01\/Farger-til-designmaualen2-1920x1080.jpg 1920w, https:\/\/www.normisjon.no\/content\/uploads\/sites\/50\/2026\/01\/Farger-til-designmaualen2-1360x765.jpg 1360w, https:\/\/www.normisjon.no\/content\/uploads\/sites\/50\/2026\/01\/Farger-til-designmaualen2-960x540.jpg 960w\" sizes=\"auto, (max-width: 2560px) 100vw, 2560px\" \/><span aria-hidden=\"true\" class=\"wp-block-cover__background has-background-dim-0 has-background-dim\"><\/span><div class=\"wp-block-cover__inner-container is-layout-flow wp-block-cover-is-layout-flow\">\n<h1 class=\"wp-block-heading has-text-align-center has-neutral-100-color has-text-color has-link-color wp-elements-fb4ddb18142786b41898d74b7676563a\" style=\"font-size:71px\">Normisjons designmanual<\/h1>\n<\/div><\/div>\n\n\n\n<p>Normisjon sin designmanual gir en helhetlig oversikt over den visuelle identiteten og gir retningslinjer for hvordan den skal brukes. Her blir du introdusert for de visuelle elementene som utgj\u00f8r profilen, og hvordan de kan tas i bruk p\u00e5 ulike flater og formater.<\/p>\n\n\n\n<p>Vi anbefaler \u00e5 bruke litt tid p\u00e5 \u00e5 gj\u00f8re deg kjent med det visuelle uttrykket, slik at identiteten brukes konsekvent, tydelig og gjenkjennelig i praksis.<\/p>\n\n\n\n<p><\/p>\n\n\n\n<p>Under ligger det lenker som vil f\u00f8re dere til de forskjellige delene av designmanualen og som vil f\u00f8re dere til nedlastbart innhold og p\u00e5 forklaringer p\u00e5 hvordan du bruker de forskjellige elementene.<\/p>\n\n\n\n<p><\/p>\n\n\n\n<div class=\"wp-block-columns alignwide is-layout-flex wp-container-core-columns-is-layout-28f84493 wp-block-columns-is-layout-flex\">\n<div class=\"wp-block-column is-layout-flow wp-block-column-is-layout-flow\"><ul class=\"t2-link-list has-1-items alignwide wp-block-t2-link-list\">\n\t<li class=\"t2-link-list-item wp-block-t2-link-list-item\">\n\t\t<a\n\t\t\thref=\"https:\/\/www.normisjon.no\/designmanual\/logo\/\"\n\t\t\tclass=\"t2-link-list-item__link t2-link-list__icon--right\"\n\t\t\t\t\t>\n\t\t\t<span class=\"t2-link-list-item__icon\"><span class=\"t2-link-list-item__icon-box\"><\/span><svg xmlns=\"http:\/\/www.w3.org\/2000\/svg\" viewBox=\"0 0 24 24\" height=\"24\" width=\"24\" class=\"t2-icon t2-icon-arrowright\" aria-hidden=\"true\" focusable=\"false\"><path d=\"M13.9 6.259a1.438 1.438 0 0 1-.147.037c-.139.031-.339.201-.421.359-.084.161-.084.529-.001.685.035.066.911.966 1.947 2l1.882 1.88-6.19.02c-5.662.018-6.2.026-6.31.086a.713.713 0 0 0-.393.674c0 .307.128.528.393.674.11.06.648.068 6.31.086l6.19.02-1.882 1.88c-1.036 1.034-1.912 1.934-1.947 2-.077.145-.085.521-.013.66a.849.849 0 0 0 .342.35c.156.082.526.081.68-.001.066-.035 1.285-1.23 2.709-2.656 1.803-1.807 2.607-2.638 2.65-2.742a.665.665 0 0 0 0-.542c-.043-.104-.847-.935-2.65-2.742-1.424-1.426-2.634-2.616-2.689-2.645-.105-.055-.392-.107-.46-.083\" fill-rule=\"evenodd\" fill=\"currentColor\"\/><\/svg><\/span>\t\t\t<div class=\"t2-link-list-item__content\">\n\n\t\t\t\t\n\t\t\t\t<span id=\"link-list-item-text\" class=\"t2-link-list-item__text\">\n\t\t\t\t\tLogo\t\t\t\t<\/span>\n\t\t\t\t\t\t\t<\/div>\n\t\t<\/a>\n\t<\/li>\n\t\n<\/ul><\/div>\n\n\n\n<div class=\"wp-block-column is-layout-flow wp-block-column-is-layout-flow\"><ul class=\"t2-link-list has-1-items wp-block-t2-link-list\">\n\t<li class=\"t2-link-list-item wp-block-t2-link-list-item\">\n\t\t<a\n\t\t\thref=\"https:\/\/www.normisjon.no\/designmanual\/typografi\/\"\n\t\t\tclass=\"t2-link-list-item__link t2-link-list__icon--right\"\n\t\t\t\t\t>\n\t\t\t<span class=\"t2-link-list-item__icon\"><span class=\"t2-link-list-item__icon-box\"><\/span><svg xmlns=\"http:\/\/www.w3.org\/2000\/svg\" viewBox=\"0 0 24 24\" height=\"24\" width=\"24\" class=\"t2-icon t2-icon-arrowright\" aria-hidden=\"true\" focusable=\"false\"><path d=\"M13.9 6.259a1.438 1.438 0 0 1-.147.037c-.139.031-.339.201-.421.359-.084.161-.084.529-.001.685.035.066.911.966 1.947 2l1.882 1.88-6.19.02c-5.662.018-6.2.026-6.31.086a.713.713 0 0 0-.393.674c0 .307.128.528.393.674.11.06.648.068 6.31.086l6.19.02-1.882 1.88c-1.036 1.034-1.912 1.934-1.947 2-.077.145-.085.521-.013.66a.849.849 0 0 0 .342.35c.156.082.526.081.68-.001.066-.035 1.285-1.23 2.709-2.656 1.803-1.807 2.607-2.638 2.65-2.742a.665.665 0 0 0 0-.542c-.043-.104-.847-.935-2.65-2.742-1.424-1.426-2.634-2.616-2.689-2.645-.105-.055-.392-.107-.46-.083\" fill-rule=\"evenodd\" fill=\"currentColor\"\/><\/svg><\/span>\t\t\t<div class=\"t2-link-list-item__content\">\n\n\t\t\t\t\n\t\t\t\t<span id=\"link-list-item-text-1\" class=\"t2-link-list-item__text\">\n\t\t\t\t\tTypografi\t\t\t\t<\/span>\n\t\t\t\t\t\t\t<\/div>\n\t\t<\/a>\n\t<\/li>\n\t\n<\/ul><\/div>\n\n\n\n<div class=\"wp-block-column is-layout-flow wp-block-column-is-layout-flow\"><ul class=\"t2-link-list has-1-items wp-block-t2-link-list\">\n\t<li class=\"t2-link-list-item wp-block-t2-link-list-item\">\n\t\t<a\n\t\t\thref=\"https:\/\/www.normisjon.no\/designmanual\/farger\/\"\n\t\t\tclass=\"t2-link-list-item__link t2-link-list__icon--right\"\n\t\t\t\t\t>\n\t\t\t<span class=\"t2-link-list-item__icon\"><span class=\"t2-link-list-item__icon-box\"><\/span><svg xmlns=\"http:\/\/www.w3.org\/2000\/svg\" viewBox=\"0 0 24 24\" height=\"24\" width=\"24\" class=\"t2-icon t2-icon-arrowright\" aria-hidden=\"true\" focusable=\"false\"><path d=\"M13.9 6.259a1.438 1.438 0 0 1-.147.037c-.139.031-.339.201-.421.359-.084.161-.084.529-.001.685.035.066.911.966 1.947 2l1.882 1.88-6.19.02c-5.662.018-6.2.026-6.31.086a.713.713 0 0 0-.393.674c0 .307.128.528.393.674.11.06.648.068 6.31.086l6.19.02-1.882 1.88c-1.036 1.034-1.912 1.934-1.947 2-.077.145-.085.521-.013.66a.849.849 0 0 0 .342.35c.156.082.526.081.68-.001.066-.035 1.285-1.23 2.709-2.656 1.803-1.807 2.607-2.638 2.65-2.742a.665.665 0 0 0 0-.542c-.043-.104-.847-.935-2.65-2.742-1.424-1.426-2.634-2.616-2.689-2.645-.105-.055-.392-.107-.46-.083\" fill-rule=\"evenodd\" fill=\"currentColor\"\/><\/svg><\/span>\t\t\t<div class=\"t2-link-list-item__content\">\n\n\t\t\t\t\n\t\t\t\t<span id=\"link-list-item-text-2\" class=\"t2-link-list-item__text\">\n\t\t\t\t\tFarger\t\t\t\t<\/span>\n\t\t\t\t\t\t\t<\/div>\n\t\t<\/a>\n\t<\/li>\n\t\n<\/ul><\/div>\n<\/div>\n\n\n\n<div class=\"wp-block-columns alignwide is-layout-flex wp-container-core-columns-is-layout-28f84493 wp-block-columns-is-layout-flex\">\n<div class=\"wp-block-column is-layout-flow wp-block-column-is-layout-flow\"><ul class=\"t2-link-list has-1-items alignwide wp-block-t2-link-list\">\n\t<li class=\"t2-link-list-item wp-block-t2-link-list-item\">\n\t\t<a\n\t\t\thref=\"https:\/\/www.normisjon.no\/designmanual\/grafiske-elementer\/\"\n\t\t\tclass=\"t2-link-list-item__link t2-link-list__icon--right\"\n\t\t\t\t\t>\n\t\t\t<span class=\"t2-link-list-item__icon\"><span class=\"t2-link-list-item__icon-box\"><\/span><svg xmlns=\"http:\/\/www.w3.org\/2000\/svg\" viewBox=\"0 0 24 24\" height=\"24\" width=\"24\" class=\"t2-icon t2-icon-arrowright\" aria-hidden=\"true\" focusable=\"false\"><path d=\"M13.9 6.259a1.438 1.438 0 0 1-.147.037c-.139.031-.339.201-.421.359-.084.161-.084.529-.001.685.035.066.911.966 1.947 2l1.882 1.88-6.19.02c-5.662.018-6.2.026-6.31.086a.713.713 0 0 0-.393.674c0 .307.128.528.393.674.11.06.648.068 6.31.086l6.19.02-1.882 1.88c-1.036 1.034-1.912 1.934-1.947 2-.077.145-.085.521-.013.66a.849.849 0 0 0 .342.35c.156.082.526.081.68-.001.066-.035 1.285-1.23 2.709-2.656 1.803-1.807 2.607-2.638 2.65-2.742a.665.665 0 0 0 0-.542c-.043-.104-.847-.935-2.65-2.742-1.424-1.426-2.634-2.616-2.689-2.645-.105-.055-.392-.107-.46-.083\" fill-rule=\"evenodd\" fill=\"currentColor\"\/><\/svg><\/span>\t\t\t<div class=\"t2-link-list-item__content\">\n\n\t\t\t\t\n\t\t\t\t<span id=\"link-list-item-text-3\" class=\"t2-link-list-item__text\">\n\t\t\t\t\tGrafiske elementer\t\t\t\t<\/span>\n\t\t\t\t\t\t\t<\/div>\n\t\t<\/a>\n\t<\/li>\n\t\n<\/ul><\/div>\n\n\n\n<div class=\"wp-block-column is-layout-flow wp-block-column-is-layout-flow\"><ul class=\"t2-link-list has-1-items wp-block-t2-link-list\">\n\t<li class=\"t2-link-list-item wp-block-t2-link-list-item\">\n\t\t<a\n\t\t\thref=\"https:\/\/www.normisjon.no\/designmanual\/eksempler-maler\/\"\n\t\t\tclass=\"t2-link-list-item__link t2-link-list__icon--right\"\n\t\t\t\t\t>\n\t\t\t<span class=\"t2-link-list-item__icon\"><span class=\"t2-link-list-item__icon-box\"><\/span><svg xmlns=\"http:\/\/www.w3.org\/2000\/svg\" viewBox=\"0 0 24 24\" height=\"24\" width=\"24\" class=\"t2-icon t2-icon-arrowright\" aria-hidden=\"true\" focusable=\"false\"><path d=\"M13.9 6.259a1.438 1.438 0 0 1-.147.037c-.139.031-.339.201-.421.359-.084.161-.084.529-.001.685.035.066.911.966 1.947 2l1.882 1.88-6.19.02c-5.662.018-6.2.026-6.31.086a.713.713 0 0 0-.393.674c0 .307.128.528.393.674.11.06.648.068 6.31.086l6.19.02-1.882 1.88c-1.036 1.034-1.912 1.934-1.947 2-.077.145-.085.521-.013.66a.849.849 0 0 0 .342.35c.156.082.526.081.68-.001.066-.035 1.285-1.23 2.709-2.656 1.803-1.807 2.607-2.638 2.65-2.742a.665.665 0 0 0 0-.542c-.043-.104-.847-.935-2.65-2.742-1.424-1.426-2.634-2.616-2.689-2.645-.105-.055-.392-.107-.46-.083\" fill-rule=\"evenodd\" fill=\"currentColor\"\/><\/svg><\/span>\t\t\t<div class=\"t2-link-list-item__content\">\n\n\t\t\t\t\n\t\t\t\t<span id=\"link-list-item-text-4\" class=\"t2-link-list-item__text\">\n\t\t\t\t\tEksempler og maler\t\t\t\t<\/span>\n\t\t\t\t\t\t\t<\/div>\n\t\t<\/a>\n\t<\/li>\n\t\n<\/ul><\/div>\n\n\n\n<div class=\"wp-block-column is-layout-flow wp-block-column-is-layout-flow\"><\/div>\n<\/div>\n\n\n\n<p><\/p>\n\n\n\n<p><strong>Bildestil: <\/strong><\/p>\n\n\n\n<p>Bildene skal gjenspeile mangfoldet i organisasjonen og formidle ekte, n\u00e6re \u00f8yeblikk. Konsekvent bildestil bidrar til \u00e5 skape et helhetlig uttrykk og styrker Normisjon som et gjenkjennbart merke.<\/p>\n\n\n\n<p>Motivene skal oppleves ryddig, uten for mange elementer og et luftig utsnitt.<\/p>\n\n\n\n<h2 class=\"wp-block-heading\">Eksempler<\/h2>\n\n\n\n<figure class=\"wp-block-image size-large is-resized\"><img loading=\"lazy\" decoding=\"async\" width=\"819\" height=\"1024\" src=\"https:\/\/www.normisjon.no\/content\/uploads\/sites\/50\/2026\/01\/Innlegg_3_V2-1-819x1024.png\" alt=\"\" class=\"wp-image-97\" style=\"width:491px;height:auto\" srcset=\"https:\/\/www.normisjon.no\/content\/uploads\/sites\/50\/2026\/01\/Innlegg_3_V2-1-819x1024.png 819w, https:\/\/www.normisjon.no\/content\/uploads\/sites\/50\/2026\/01\/Innlegg_3_V2-1-240x300.png 240w, https:\/\/www.normisjon.no\/content\/uploads\/sites\/50\/2026\/01\/Innlegg_3_V2-1-768x960.png 768w, https:\/\/www.normisjon.no\/content\/uploads\/sites\/50\/2026\/01\/Innlegg_3_V2-1.png 1080w\" sizes=\"auto, (max-width: 819px) 100vw, 819px\" \/><\/figure>\n\n\n\n<p><\/p>\n\n\n\n<figure class=\"wp-block-image size-large\"><img loading=\"lazy\" decoding=\"async\" width=\"1024\" height=\"683\" src=\"https:\/\/www.normisjon.no\/content\/uploads\/sites\/50\/2026\/01\/Illustrasjonsbilder_Inga-Lill-._5-1-1024x683.jpg\" alt=\"\" class=\"wp-image-98\" srcset=\"https:\/\/www.normisjon.no\/content\/uploads\/sites\/50\/2026\/01\/Illustrasjonsbilder_Inga-Lill-._5-1-1024x683.jpg 1024w, https:\/\/www.normisjon.no\/content\/uploads\/sites\/50\/2026\/01\/Illustrasjonsbilder_Inga-Lill-._5-1-300x200.jpg 300w, https:\/\/www.normisjon.no\/content\/uploads\/sites\/50\/2026\/01\/Illustrasjonsbilder_Inga-Lill-._5-1-768x512.jpg 768w, https:\/\/www.normisjon.no\/content\/uploads\/sites\/50\/2026\/01\/Illustrasjonsbilder_Inga-Lill-._5-1-1536x1024.jpg 1536w, https:\/\/www.normisjon.no\/content\/uploads\/sites\/50\/2026\/01\/Illustrasjonsbilder_Inga-Lill-._5-1-2048x1365.jpg 2048w, https:\/\/www.normisjon.no\/content\/uploads\/sites\/50\/2026\/01\/Illustrasjonsbilder_Inga-Lill-._5-1-1920x1280.jpg 1920w, https:\/\/www.normisjon.no\/content\/uploads\/sites\/50\/2026\/01\/Illustrasjonsbilder_Inga-Lill-._5-1-1360x907.jpg 1360w, https:\/\/www.normisjon.no\/content\/uploads\/sites\/50\/2026\/01\/Illustrasjonsbilder_Inga-Lill-._5-1-960x640.jpg 960w\" sizes=\"auto, (max-width: 1024px) 100vw, 1024px\" \/><\/figure>\n<\/div>","protected":false},"excerpt":{"rendered":"<p>Normisjon sin designmanual gir en helhetlig oversikt over den visuelle identiteten og gir retningslinjer for hvordan den skal brukes. Her blir du introdusert for de [&hellip;]<\/p>\n","protected":false},"author":128,"featured_media":0,"parent":0,"menu_order":0,"comment_status":"closed","ping_status":"closed","template":"","meta":{"_acf_changed":false,"footnotes":""},"class_list":["post-10","page","type-page","status-publish","hentry"],"acf":[],"yoast_head":"<!-- This site is optimized with the Yoast SEO plugin v25.9 - https:\/\/yoast.com\/wordpress\/plugins\/seo\/ -->\n<title>Normisjons designmanual - Designmanual<\/title>\n<meta name=\"robots\" content=\"index, follow, max-snippet:-1, max-image-preview:large, max-video-preview:-1\" \/>\n<link rel=\"canonical\" href=\"https:\/\/www.normisjon.no\/designmanual\/\" \/>\n<meta property=\"og:locale\" content=\"nb_NO\" \/>\n<meta property=\"og:type\" content=\"article\" \/>\n<meta property=\"og:title\" content=\"Normisjons designmanual - Designmanual\" \/>\n<meta property=\"og:description\" content=\"Normisjon sin designmanual gir en helhetlig oversikt over den visuelle identiteten og gir retningslinjer for hvordan den skal brukes. Her blir du introdusert for de [&hellip;]\" \/>\n<meta property=\"og:url\" content=\"https:\/\/www.normisjon.no\/designmanual\/\" \/>\n<meta property=\"og:site_name\" content=\"Designmanual\" \/>\n<meta property=\"article:modified_time\" content=\"2026-02-04T09:01:53+00:00\" \/>\n<meta property=\"og:image\" content=\"https:\/\/www.normisjon.no\/content\/uploads\/sites\/50\/2026\/01\/Farger-til-designmaualen2-scaled.jpg\" \/>\n\t<meta property=\"og:image:width\" content=\"2560\" \/>\n\t<meta property=\"og:image:height\" content=\"1440\" \/>\n\t<meta property=\"og:image:type\" content=\"image\/jpeg\" \/>\n<meta name=\"twitter:card\" content=\"summary_large_image\" \/>\n<meta name=\"twitter:label1\" content=\"Ansl. lesetid\" \/>\n\t<meta name=\"twitter:data1\" content=\"2 minutter\" \/>\n<script type=\"application\/ld+json\" class=\"yoast-schema-graph\">{\"@context\":\"https:\/\/schema.org\",\"@graph\":[{\"@type\":\"WebPage\",\"@id\":\"https:\/\/www.normisjon.no\/designmanual\/\",\"url\":\"https:\/\/www.normisjon.no\/designmanual\/\",\"name\":\"Normisjons designmanual - Designmanual\",\"isPartOf\":{\"@id\":\"https:\/\/www.normisjon.no\/designmanual\/#website\"},\"primaryImageOfPage\":{\"@id\":\"https:\/\/www.normisjon.no\/designmanual\/#primaryimage\"},\"image\":{\"@id\":\"https:\/\/www.normisjon.no\/designmanual\/#primaryimage\"},\"thumbnailUrl\":\"https:\/\/www.normisjon.no\/content\/uploads\/sites\/50\/2026\/01\/Farger-til-designmaualen2-scaled.jpg\",\"datePublished\":\"2025-12-17T07:48:24+00:00\",\"dateModified\":\"2026-02-04T09:01:53+00:00\",\"breadcrumb\":{\"@id\":\"https:\/\/www.normisjon.no\/designmanual\/#breadcrumb\"},\"inLanguage\":\"nb-NO\",\"potentialAction\":[{\"@type\":\"ReadAction\",\"target\":[\"https:\/\/www.normisjon.no\/designmanual\/\"]}]},{\"@type\":\"ImageObject\",\"inLanguage\":\"nb-NO\",\"@id\":\"https:\/\/www.normisjon.no\/designmanual\/#primaryimage\",\"url\":\"https:\/\/www.normisjon.no\/content\/uploads\/sites\/50\/2026\/01\/Farger-til-designmaualen2-scaled.jpg\",\"contentUrl\":\"https:\/\/www.normisjon.no\/content\/uploads\/sites\/50\/2026\/01\/Farger-til-designmaualen2-scaled.jpg\"},{\"@type\":\"BreadcrumbList\",\"@id\":\"https:\/\/www.normisjon.no\/designmanual\/#breadcrumb\",\"itemListElement\":[{\"@type\":\"ListItem\",\"position\":1,\"name\":\"Hjem\",\"item\":\"https:\/\/www.normisjon.no\/designmanual\/\"},{\"@type\":\"ListItem\",\"position\":2,\"name\":\"Normisjons designmanual\"}]},{\"@type\":\"WebSite\",\"@id\":\"https:\/\/www.normisjon.no\/designmanual\/#website\",\"url\":\"https:\/\/www.normisjon.no\/designmanual\/\",\"name\":\"Designmanual\",\"description\":\"\",\"potentialAction\":[{\"@type\":\"SearchAction\",\"target\":{\"@type\":\"EntryPoint\",\"urlTemplate\":\"https:\/\/www.normisjon.no\/designmanual\/?s={search_term_string}\"},\"query-input\":{\"@type\":\"PropertyValueSpecification\",\"valueRequired\":true,\"valueName\":\"search_term_string\"}}],\"inLanguage\":\"nb-NO\"}]}<\/script>\n<!-- \/ Yoast SEO plugin. -->","yoast_head_json":{"title":"Normisjons designmanual - Designmanual","robots":{"index":"index","follow":"follow","max-snippet":"max-snippet:-1","max-image-preview":"max-image-preview:large","max-video-preview":"max-video-preview:-1"},"canonical":"https:\/\/www.normisjon.no\/designmanual\/","og_locale":"nb_NO","og_type":"article","og_title":"Normisjons designmanual - Designmanual","og_description":"Normisjon sin designmanual gir en helhetlig oversikt over den visuelle identiteten og gir retningslinjer for hvordan den skal brukes. Her blir du introdusert for de [&hellip;]","og_url":"https:\/\/www.normisjon.no\/designmanual\/","og_site_name":"Designmanual","article_modified_time":"2026-02-04T09:01:53+00:00","og_image":[{"width":2560,"height":1440,"url":"https:\/\/www.normisjon.no\/content\/uploads\/sites\/50\/2026\/01\/Farger-til-designmaualen2-scaled.jpg","type":"image\/jpeg"}],"twitter_card":"summary_large_image","twitter_misc":{"Ansl. lesetid":"2 minutter"},"schema":{"@context":"https:\/\/schema.org","@graph":[{"@type":"WebPage","@id":"https:\/\/www.normisjon.no\/designmanual\/","url":"https:\/\/www.normisjon.no\/designmanual\/","name":"Normisjons designmanual - Designmanual","isPartOf":{"@id":"https:\/\/www.normisjon.no\/designmanual\/#website"},"primaryImageOfPage":{"@id":"https:\/\/www.normisjon.no\/designmanual\/#primaryimage"},"image":{"@id":"https:\/\/www.normisjon.no\/designmanual\/#primaryimage"},"thumbnailUrl":"https:\/\/www.normisjon.no\/content\/uploads\/sites\/50\/2026\/01\/Farger-til-designmaualen2-scaled.jpg","datePublished":"2025-12-17T07:48:24+00:00","dateModified":"2026-02-04T09:01:53+00:00","breadcrumb":{"@id":"https:\/\/www.normisjon.no\/designmanual\/#breadcrumb"},"inLanguage":"nb-NO","potentialAction":[{"@type":"ReadAction","target":["https:\/\/www.normisjon.no\/designmanual\/"]}]},{"@type":"ImageObject","inLanguage":"nb-NO","@id":"https:\/\/www.normisjon.no\/designmanual\/#primaryimage","url":"https:\/\/www.normisjon.no\/content\/uploads\/sites\/50\/2026\/01\/Farger-til-designmaualen2-scaled.jpg","contentUrl":"https:\/\/www.normisjon.no\/content\/uploads\/sites\/50\/2026\/01\/Farger-til-designmaualen2-scaled.jpg"},{"@type":"BreadcrumbList","@id":"https:\/\/www.normisjon.no\/designmanual\/#breadcrumb","itemListElement":[{"@type":"ListItem","position":1,"name":"Hjem","item":"https:\/\/www.normisjon.no\/designmanual\/"},{"@type":"ListItem","position":2,"name":"Normisjons designmanual"}]},{"@type":"WebSite","@id":"https:\/\/www.normisjon.no\/designmanual\/#website","url":"https:\/\/www.normisjon.no\/designmanual\/","name":"Designmanual","description":"","potentialAction":[{"@type":"SearchAction","target":{"@type":"EntryPoint","urlTemplate":"https:\/\/www.normisjon.no\/designmanual\/?s={search_term_string}"},"query-input":{"@type":"PropertyValueSpecification","valueRequired":true,"valueName":"search_term_string"}}],"inLanguage":"nb-NO"}]}},"_links":{"self":[{"href":"https:\/\/www.normisjon.no\/designmanual\/wp-json\/wp\/v2\/pages\/10","targetHints":{"allow":["GET"]}}],"collection":[{"href":"https:\/\/www.normisjon.no\/designmanual\/wp-json\/wp\/v2\/pages"}],"about":[{"href":"https:\/\/www.normisjon.no\/designmanual\/wp-json\/wp\/v2\/types\/page"}],"author":[{"embeddable":true,"href":"https:\/\/www.normisjon.no\/designmanual\/wp-json\/wp\/v2\/users\/128"}],"replies":[{"embeddable":true,"href":"https:\/\/www.normisjon.no\/designmanual\/wp-json\/wp\/v2\/comments?post=10"}],"version-history":[{"count":31,"href":"https:\/\/www.normisjon.no\/designmanual\/wp-json\/wp\/v2\/pages\/10\/revisions"}],"predecessor-version":[{"id":287,"href":"https:\/\/www.normisjon.no\/designmanual\/wp-json\/wp\/v2\/pages\/10\/revisions\/287"}],"wp:attachment":[{"href":"https:\/\/www.normisjon.no\/designmanual\/wp-json\/wp\/v2\/media?parent=10"}],"curies":[{"name":"wp","href":"https:\/\/api.w.org\/{rel}","templated":true}]}}