{"id":23,"date":"2025-12-17T09:16:04","date_gmt":"2025-12-17T08:16:04","guid":{"rendered":"https:\/\/www.normisjon.no\/designmanual\/?page_id=23"},"modified":"2026-02-13T08:56:00","modified_gmt":"2026-02-13T07:56:00","slug":"typografi","status":"publish","type":"page","link":"https:\/\/www.normisjon.no\/designmanual\/typografi\/","title":{"rendered":""},"content":{"rendered":"<div class=\"entry-content alignfull wp-block-post-content has-global-padding is-layout-constrained wp-block-post-content-is-layout-constrained\">\n<div class=\"wp-block-cover alignfull is-light\"><img loading=\"lazy\" decoding=\"async\" width=\"2560\" height=\"1440\" class=\"wp-block-cover__image-background wp-image-204 size-full\" alt=\"\" src=\"https:\/\/www.normisjon.no\/content\/uploads\/sites\/50\/2026\/01\/Farger-til-designmaualen-scaled.jpg\" data-object-fit=\"cover\" srcset=\"https:\/\/www.normisjon.no\/content\/uploads\/sites\/50\/2026\/01\/Farger-til-designmaualen-scaled.jpg 2560w, https:\/\/www.normisjon.no\/content\/uploads\/sites\/50\/2026\/01\/Farger-til-designmaualen-300x169.jpg 300w, https:\/\/www.normisjon.no\/content\/uploads\/sites\/50\/2026\/01\/Farger-til-designmaualen-1024x576.jpg 1024w, https:\/\/www.normisjon.no\/content\/uploads\/sites\/50\/2026\/01\/Farger-til-designmaualen-768x432.jpg 768w, https:\/\/www.normisjon.no\/content\/uploads\/sites\/50\/2026\/01\/Farger-til-designmaualen-1536x864.jpg 1536w, https:\/\/www.normisjon.no\/content\/uploads\/sites\/50\/2026\/01\/Farger-til-designmaualen-2048x1152.jpg 2048w, https:\/\/www.normisjon.no\/content\/uploads\/sites\/50\/2026\/01\/Farger-til-designmaualen-1920x1080.jpg 1920w, https:\/\/www.normisjon.no\/content\/uploads\/sites\/50\/2026\/01\/Farger-til-designmaualen-1360x765.jpg 1360w, https:\/\/www.normisjon.no\/content\/uploads\/sites\/50\/2026\/01\/Farger-til-designmaualen-960x540.jpg 960w\" sizes=\"auto, (max-width: 2560px) 100vw, 2560px\" \/><span aria-hidden=\"true\" class=\"wp-block-cover__background has-background-dim-0 has-background-dim\"><\/span><div class=\"wp-block-cover__inner-container has-global-padding is-layout-constrained wp-block-cover-is-layout-constrained\">\n<h1 class=\"wp-block-heading has-text-align-center has-neutral-100-color has-text-color has-link-color has-x-large-font-size wp-elements-28bb37d2d777434700d3f9a25f207e20\">TYPOGRAFI<\/h1>\n<\/div><\/div>\n\n\n\n<p><strong>TYPOGRAFI:<\/strong><\/p>\n\n\n\n<p>Hovedfonten til Normisjon er Platypi, og er en moderne sans serif-font. Fonten har myke kurver og et vennlig karaktersterkt uttryk, noe som gir god lesbarhet samtidig som den f\u00f8les s\u00e6rpreget. Brukes prim\u00e6rt til overskrifter.<\/p>\n\n\n\n<figure class=\"wp-block-image aligncenter size-large is-resized\"><img loading=\"lazy\" decoding=\"async\" width=\"1024\" height=\"273\" src=\"https:\/\/www.normisjon.no\/content\/uploads\/sites\/50\/2026\/01\/Skjermbilde-2026-01-16-kl.-00.21.00-1024x273.png\" alt=\"\" class=\"wp-image-129\" style=\"width:529px;height:auto\" srcset=\"https:\/\/www.normisjon.no\/content\/uploads\/sites\/50\/2026\/01\/Skjermbilde-2026-01-16-kl.-00.21.00-1024x273.png 1024w, https:\/\/www.normisjon.no\/content\/uploads\/sites\/50\/2026\/01\/Skjermbilde-2026-01-16-kl.-00.21.00-300x80.png 300w, https:\/\/www.normisjon.no\/content\/uploads\/sites\/50\/2026\/01\/Skjermbilde-2026-01-16-kl.-00.21.00-768x205.png 768w, https:\/\/www.normisjon.no\/content\/uploads\/sites\/50\/2026\/01\/Skjermbilde-2026-01-16-kl.-00.21.00-960x256.png 960w, https:\/\/www.normisjon.no\/content\/uploads\/sites\/50\/2026\/01\/Skjermbilde-2026-01-16-kl.-00.21.00.png 1148w\" sizes=\"auto, (max-width: 1024px) 100vw, 1024px\" \/><\/figure>\n\n\n\n<div class=\"wp-block-columns is-layout-flex wp-container-core-columns-is-layout-28232c24 wp-block-columns-is-layout-flex\">\n<div class=\"wp-block-column is-layout-flow wp-block-column-is-layout-flow\"><div class=\"t2-files wp-block-t2-files\">\n<div class=\"t2-file-item wp-block-t2-file-item\">\n\t\t<a href=\"https:\/\/www.normisjon.no\/content\/uploads\/sites\/50\/2026\/01\/Platypi-.zip\" class=\"t2-file-item__link t2-file-item__link--icon-right\" download>\n\t\t\t<span class=\"t2-file-item__icon\"><svg xmlns=\"http:\/\/www.w3.org\/2000\/svg\" viewBox=\"0 0 24 24\" height=\"24\" width=\"24\" class=\"t2-icon t2-icon-arrowdownward\" aria-hidden=\"true\" focusable=\"false\"><path d=\"M12 19.574219c-.132812 0-.257812-.019531-.375-.0625-.117188-.039063-.226562-.113281-.324219-.210938l-6.601562-6.601562c-.199219-.199219-.300781-.4375-.300781-.710938 0-.277343.101562-.511719.300781-.714843.199219-.199219.433593-.296876.699219-.296876.269531 0 .5.097657.703124.296876L11 16.175781V4.976562c0-.285156.097656-.519531.289062-.703124C11.480469 4.089844 11.714844 4 12 4c.285156 0 .519531.097656.710938.289062C12.902344 4.480469 13 4.714844 13 5v11.175781l4.898438-4.902343c.203124-.199219.433593-.296876.703124-.296876.265626 0 .5.097657.699219.296876.199219.203124.300781.4375.300781.714843 0 .273438-.101562.511719-.300781.710938l-6.601562 6.601562c-.097657.097657-.207031.171875-.324219.210938-.117188.042969-.242188.0625-.375.0625Zm0 0\" fill=\"currentColor\" \/><\/svg><\/span>\n\t\t\t<span class=\"t2-file-item__info\">\n\t\t\t\t<span class=\"t2-file-item__filename\">Platypi<\/span>\n\t\t\t\t\n\t\t\t\t<span class=\"t2-file-item__meta\">zip \u00b7 2 MB<\/span>\n\t\t\t<\/span>\n\t\t<\/a>\n\t\t<\/div>\n<\/div><\/div>\n<\/div>\n\n\n\n<p><\/p>\n\n\n\n<p>I tillegg til Playtypi, har Normisjon to st\u00f8ttefonter: Source Sans Pro og Source Serif Pro. Disse brukes til br\u00f8dtekst\/mengdetekst.<\/p>\n\n\n\n<figure class=\"wp-block-image aligncenter size-full is-resized\"><img loading=\"lazy\" decoding=\"async\" width=\"918\" height=\"304\" src=\"https:\/\/www.normisjon.no\/content\/uploads\/sites\/50\/2026\/01\/Skjermbilde-2026-01-16-kl.-00.24.44.png\" alt=\"\" class=\"wp-image-131\" style=\"width:411px;height:auto\" srcset=\"https:\/\/www.normisjon.no\/content\/uploads\/sites\/50\/2026\/01\/Skjermbilde-2026-01-16-kl.-00.24.44.png 918w, https:\/\/www.normisjon.no\/content\/uploads\/sites\/50\/2026\/01\/Skjermbilde-2026-01-16-kl.-00.24.44-300x99.png 300w, https:\/\/www.normisjon.no\/content\/uploads\/sites\/50\/2026\/01\/Skjermbilde-2026-01-16-kl.-00.24.44-768x254.png 768w\" sizes=\"auto, (max-width: 918px) 100vw, 918px\" \/><\/figure>\n\n\n<div class=\"t2-files wp-block-t2-files\">\n<div class=\"t2-file-item wp-block-t2-file-item\">\n\t\t<a href=\"https:\/\/www.normisjon.no\/content\/uploads\/sites\/50\/2026\/01\/source-sans-pro-2.zip\" class=\"t2-file-item__link t2-file-item__link--icon-right\" download>\n\t\t\t<span class=\"t2-file-item__icon\"><svg xmlns=\"http:\/\/www.w3.org\/2000\/svg\" viewBox=\"0 0 24 24\" height=\"24\" width=\"24\" class=\"t2-icon t2-icon-arrowdownward\" aria-hidden=\"true\" focusable=\"false\"><path d=\"M12 19.574219c-.132812 0-.257812-.019531-.375-.0625-.117188-.039063-.226562-.113281-.324219-.210938l-6.601562-6.601562c-.199219-.199219-.300781-.4375-.300781-.710938 0-.277343.101562-.511719.300781-.714843.199219-.199219.433593-.296876.699219-.296876.269531 0 .5.097657.703124.296876L11 16.175781V4.976562c0-.285156.097656-.519531.289062-.703124C11.480469 4.089844 11.714844 4 12 4c.285156 0 .519531.097656.710938.289062C12.902344 4.480469 13 4.714844 13 5v11.175781l4.898438-4.902343c.203124-.199219.433593-.296876.703124-.296876.265626 0 .5.097657.699219.296876.199219.203124.300781.4375.300781.714843 0 .273438-.101562.511719-.300781.710938l-6.601562 6.601562c-.097657.097657-.207031.171875-.324219.210938-.117188.042969-.242188.0625-.375.0625Zm0 0\" fill=\"currentColor\" \/><\/svg><\/span>\n\t\t\t<span class=\"t2-file-item__info\">\n\t\t\t\t<span class=\"t2-file-item__filename\">Source sans pro <\/span>\n\t\t\t\t\n\t\t\t\t<span class=\"t2-file-item__meta\">zip \u00b7 668 KB<\/span>\n\t\t\t<\/span>\n\t\t<\/a>\n\t\t<\/div>\n<\/div>\n\n\n<figure class=\"wp-block-image aligncenter size-full is-resized\"><img loading=\"lazy\" decoding=\"async\" width=\"1008\" height=\"314\" src=\"https:\/\/www.normisjon.no\/content\/uploads\/sites\/50\/2026\/01\/Skjermbilde-2026-01-16-kl.-00.26.46.png\" alt=\"\" class=\"wp-image-132\" style=\"width:430px;height:auto\" srcset=\"https:\/\/www.normisjon.no\/content\/uploads\/sites\/50\/2026\/01\/Skjermbilde-2026-01-16-kl.-00.26.46.png 1008w, https:\/\/www.normisjon.no\/content\/uploads\/sites\/50\/2026\/01\/Skjermbilde-2026-01-16-kl.-00.26.46-300x93.png 300w, https:\/\/www.normisjon.no\/content\/uploads\/sites\/50\/2026\/01\/Skjermbilde-2026-01-16-kl.-00.26.46-768x239.png 768w, https:\/\/www.normisjon.no\/content\/uploads\/sites\/50\/2026\/01\/Skjermbilde-2026-01-16-kl.-00.26.46-960x299.png 960w\" sizes=\"auto, (max-width: 1008px) 100vw, 1008px\" \/><\/figure>\n\n\n<div class=\"t2-files wp-block-t2-files\">\n<div class=\"t2-file-item wp-block-t2-file-item\">\n\t\t<a href=\"https:\/\/www.normisjon.no\/content\/uploads\/sites\/50\/2026\/01\/Source_Serif.zip\" class=\"t2-file-item__link t2-file-item__link--icon-right\" download>\n\t\t\t<span class=\"t2-file-item__icon\"><svg xmlns=\"http:\/\/www.w3.org\/2000\/svg\" viewBox=\"0 0 24 24\" height=\"24\" width=\"24\" class=\"t2-icon t2-icon-arrowdownward\" aria-hidden=\"true\" focusable=\"false\"><path d=\"M12 19.574219c-.132812 0-.257812-.019531-.375-.0625-.117188-.039063-.226562-.113281-.324219-.210938l-6.601562-6.601562c-.199219-.199219-.300781-.4375-.300781-.710938 0-.277343.101562-.511719.300781-.714843.199219-.199219.433593-.296876.699219-.296876.269531 0 .5.097657.703124.296876L11 16.175781V4.976562c0-.285156.097656-.519531.289062-.703124C11.480469 4.089844 11.714844 4 12 4c.285156 0 .519531.097656.710938.289062C12.902344 4.480469 13 4.714844 13 5v11.175781l4.898438-4.902343c.203124-.199219.433593-.296876.703124-.296876.265626 0 .5.097657.699219.296876.199219.203124.300781.4375.300781.714843 0 .273438-.101562.511719-.300781.710938l-6.601562 6.601562c-.097657.097657-.207031.171875-.324219.210938-.117188.042969-.242188.0625-.375.0625Zm0 0\" fill=\"currentColor\" \/><\/svg><\/span>\n\t\t\t<span class=\"t2-file-item__info\">\n\t\t\t\t<span class=\"t2-file-item__filename\">Source Serif<\/span>\n\t\t\t\t\n\t\t\t\t<span class=\"t2-file-item__meta\">zip \u00b7 18 MB<\/span>\n\t\t\t<\/span>\n\t\t<\/a>\n\t\t<\/div>\n<\/div>\n\n\n<p><\/p>\n\n\n\n<p><\/p>\n<\/div>","protected":false},"excerpt":{"rendered":"<p>TYPOGRAFI: Hovedfonten til Normisjon er Platypi, og er en moderne sans serif-font. Fonten har myke kurver og et vennlig karaktersterkt uttryk, noe som gir god [&hellip;]<\/p>\n","protected":false},"author":128,"featured_media":0,"parent":0,"menu_order":0,"comment_status":"closed","ping_status":"closed","template":"","meta":{"_acf_changed":false,"footnotes":""},"class_list":["post-23","page","type-page","status-publish","hentry"],"acf":[],"yoast_head":"<!-- This site is optimized with the Yoast SEO plugin v25.9 - https:\/\/yoast.com\/wordpress\/plugins\/seo\/ -->\n<title>- Designmanual<\/title>\n<meta name=\"robots\" content=\"index, follow, max-snippet:-1, max-image-preview:large, max-video-preview:-1\" \/>\n<link rel=\"canonical\" href=\"https:\/\/www.normisjon.no\/designmanual\/typografi\/\" \/>\n<meta property=\"og:locale\" content=\"nb_NO\" \/>\n<meta property=\"og:type\" content=\"article\" \/>\n<meta property=\"og:title\" content=\"- Designmanual\" \/>\n<meta property=\"og:description\" content=\"TYPOGRAFI: Hovedfonten til Normisjon er Platypi, og er en moderne sans serif-font. Fonten har myke kurver og et vennlig karaktersterkt uttryk, noe som gir god [&hellip;]\" \/>\n<meta property=\"og:url\" content=\"https:\/\/www.normisjon.no\/designmanual\/typografi\/\" \/>\n<meta property=\"og:site_name\" content=\"Designmanual\" \/>\n<meta property=\"article:modified_time\" content=\"2026-02-13T07:56:00+00:00\" \/>\n<meta property=\"og:image\" content=\"https:\/\/www.normisjon.no\/content\/uploads\/sites\/50\/2026\/01\/Farger-til-designmaualen-scaled.jpg\" \/>\n\t<meta property=\"og:image:width\" content=\"2560\" \/>\n\t<meta property=\"og:image:height\" content=\"1440\" \/>\n\t<meta property=\"og:image:type\" content=\"image\/jpeg\" \/>\n<meta name=\"twitter:card\" content=\"summary_large_image\" \/>\n<meta name=\"twitter:label1\" content=\"Ansl. lesetid\" \/>\n\t<meta name=\"twitter:data1\" content=\"2 minutter\" \/>\n<script type=\"application\/ld+json\" class=\"yoast-schema-graph\">{\"@context\":\"https:\/\/schema.org\",\"@graph\":[{\"@type\":\"WebPage\",\"@id\":\"https:\/\/www.normisjon.no\/designmanual\/typografi\/\",\"url\":\"https:\/\/www.normisjon.no\/designmanual\/typografi\/\",\"name\":\"- Designmanual\",\"isPartOf\":{\"@id\":\"https:\/\/www.normisjon.no\/designmanual\/#website\"},\"primaryImageOfPage\":{\"@id\":\"https:\/\/www.normisjon.no\/designmanual\/typografi\/#primaryimage\"},\"image\":{\"@id\":\"https:\/\/www.normisjon.no\/designmanual\/typografi\/#primaryimage\"},\"thumbnailUrl\":\"https:\/\/www.normisjon.no\/content\/uploads\/sites\/50\/2026\/01\/Farger-til-designmaualen-scaled.jpg\",\"datePublished\":\"2025-12-17T08:16:04+00:00\",\"dateModified\":\"2026-02-13T07:56:00+00:00\",\"inLanguage\":\"nb-NO\",\"potentialAction\":[{\"@type\":\"ReadAction\",\"target\":[\"https:\/\/www.normisjon.no\/designmanual\/typografi\/\"]}]},{\"@type\":\"ImageObject\",\"inLanguage\":\"nb-NO\",\"@id\":\"https:\/\/www.normisjon.no\/designmanual\/typografi\/#primaryimage\",\"url\":\"https:\/\/www.normisjon.no\/content\/uploads\/sites\/50\/2026\/01\/Farger-til-designmaualen-scaled.jpg\",\"contentUrl\":\"https:\/\/www.normisjon.no\/content\/uploads\/sites\/50\/2026\/01\/Farger-til-designmaualen-scaled.jpg\"},{\"@type\":\"WebSite\",\"@id\":\"https:\/\/www.normisjon.no\/designmanual\/#website\",\"url\":\"https:\/\/www.normisjon.no\/designmanual\/\",\"name\":\"Designmanual\",\"description\":\"\",\"potentialAction\":[{\"@type\":\"SearchAction\",\"target\":{\"@type\":\"EntryPoint\",\"urlTemplate\":\"https:\/\/www.normisjon.no\/designmanual\/?s={search_term_string}\"},\"query-input\":{\"@type\":\"PropertyValueSpecification\",\"valueRequired\":true,\"valueName\":\"search_term_string\"}}],\"inLanguage\":\"nb-NO\"}]}<\/script>\n<!-- \/ Yoast SEO plugin. -->","yoast_head_json":{"title":"- Designmanual","robots":{"index":"index","follow":"follow","max-snippet":"max-snippet:-1","max-image-preview":"max-image-preview:large","max-video-preview":"max-video-preview:-1"},"canonical":"https:\/\/www.normisjon.no\/designmanual\/typografi\/","og_locale":"nb_NO","og_type":"article","og_title":"- Designmanual","og_description":"TYPOGRAFI: Hovedfonten til Normisjon er Platypi, og er en moderne sans serif-font. Fonten har myke kurver og et vennlig karaktersterkt uttryk, noe som gir god [&hellip;]","og_url":"https:\/\/www.normisjon.no\/designmanual\/typografi\/","og_site_name":"Designmanual","article_modified_time":"2026-02-13T07:56:00+00:00","og_image":[{"width":2560,"height":1440,"url":"https:\/\/www.normisjon.no\/content\/uploads\/sites\/50\/2026\/01\/Farger-til-designmaualen-scaled.jpg","type":"image\/jpeg"}],"twitter_card":"summary_large_image","twitter_misc":{"Ansl. lesetid":"2 minutter"},"schema":{"@context":"https:\/\/schema.org","@graph":[{"@type":"WebPage","@id":"https:\/\/www.normisjon.no\/designmanual\/typografi\/","url":"https:\/\/www.normisjon.no\/designmanual\/typografi\/","name":"- Designmanual","isPartOf":{"@id":"https:\/\/www.normisjon.no\/designmanual\/#website"},"primaryImageOfPage":{"@id":"https:\/\/www.normisjon.no\/designmanual\/typografi\/#primaryimage"},"image":{"@id":"https:\/\/www.normisjon.no\/designmanual\/typografi\/#primaryimage"},"thumbnailUrl":"https:\/\/www.normisjon.no\/content\/uploads\/sites\/50\/2026\/01\/Farger-til-designmaualen-scaled.jpg","datePublished":"2025-12-17T08:16:04+00:00","dateModified":"2026-02-13T07:56:00+00:00","inLanguage":"nb-NO","potentialAction":[{"@type":"ReadAction","target":["https:\/\/www.normisjon.no\/designmanual\/typografi\/"]}]},{"@type":"ImageObject","inLanguage":"nb-NO","@id":"https:\/\/www.normisjon.no\/designmanual\/typografi\/#primaryimage","url":"https:\/\/www.normisjon.no\/content\/uploads\/sites\/50\/2026\/01\/Farger-til-designmaualen-scaled.jpg","contentUrl":"https:\/\/www.normisjon.no\/content\/uploads\/sites\/50\/2026\/01\/Farger-til-designmaualen-scaled.jpg"},{"@type":"WebSite","@id":"https:\/\/www.normisjon.no\/designmanual\/#website","url":"https:\/\/www.normisjon.no\/designmanual\/","name":"Designmanual","description":"","potentialAction":[{"@type":"SearchAction","target":{"@type":"EntryPoint","urlTemplate":"https:\/\/www.normisjon.no\/designmanual\/?s={search_term_string}"},"query-input":{"@type":"PropertyValueSpecification","valueRequired":true,"valueName":"search_term_string"}}],"inLanguage":"nb-NO"}]}},"_links":{"self":[{"href":"https:\/\/www.normisjon.no\/designmanual\/wp-json\/wp\/v2\/pages\/23","targetHints":{"allow":["GET"]}}],"collection":[{"href":"https:\/\/www.normisjon.no\/designmanual\/wp-json\/wp\/v2\/pages"}],"about":[{"href":"https:\/\/www.normisjon.no\/designmanual\/wp-json\/wp\/v2\/types\/page"}],"author":[{"embeddable":true,"href":"https:\/\/www.normisjon.no\/designmanual\/wp-json\/wp\/v2\/users\/128"}],"replies":[{"embeddable":true,"href":"https:\/\/www.normisjon.no\/designmanual\/wp-json\/wp\/v2\/comments?post=23"}],"version-history":[{"count":9,"href":"https:\/\/www.normisjon.no\/designmanual\/wp-json\/wp\/v2\/pages\/23\/revisions"}],"predecessor-version":[{"id":341,"href":"https:\/\/www.normisjon.no\/designmanual\/wp-json\/wp\/v2\/pages\/23\/revisions\/341"}],"wp:attachment":[{"href":"https:\/\/www.normisjon.no\/designmanual\/wp-json\/wp\/v2\/media?parent=23"}],"curies":[{"name":"wp","href":"https:\/\/api.w.org\/{rel}","templated":true}]}}