{"id":27,"date":"2025-12-17T09:22:45","date_gmt":"2025-12-17T08:22:45","guid":{"rendered":"https:\/\/www.normisjon.no\/designmanual\/?page_id=27"},"modified":"2026-02-13T15:29:13","modified_gmt":"2026-02-13T14:29:13","slug":"farger","status":"publish","type":"page","link":"https:\/\/www.normisjon.no\/designmanual\/farger\/","title":{"rendered":""},"content":{"rendered":"<div class=\"entry-content alignfull wp-block-post-content has-global-padding is-layout-constrained wp-block-post-content-is-layout-constrained\">\n<div class=\"wp-block-cover alignfull\"><img loading=\"lazy\" decoding=\"async\" width=\"2560\" height=\"1440\" class=\"wp-block-cover__image-background wp-image-200 size-full\" alt=\"\" src=\"https:\/\/www.normisjon.no\/content\/uploads\/sites\/50\/2026\/01\/Farger-til-designmaualen3-scaled.jpg\" data-object-fit=\"cover\" srcset=\"https:\/\/www.normisjon.no\/content\/uploads\/sites\/50\/2026\/01\/Farger-til-designmaualen3-scaled.jpg 2560w, https:\/\/www.normisjon.no\/content\/uploads\/sites\/50\/2026\/01\/Farger-til-designmaualen3-300x169.jpg 300w, https:\/\/www.normisjon.no\/content\/uploads\/sites\/50\/2026\/01\/Farger-til-designmaualen3-1024x576.jpg 1024w, https:\/\/www.normisjon.no\/content\/uploads\/sites\/50\/2026\/01\/Farger-til-designmaualen3-768x432.jpg 768w, https:\/\/www.normisjon.no\/content\/uploads\/sites\/50\/2026\/01\/Farger-til-designmaualen3-1536x864.jpg 1536w, https:\/\/www.normisjon.no\/content\/uploads\/sites\/50\/2026\/01\/Farger-til-designmaualen3-2048x1152.jpg 2048w, https:\/\/www.normisjon.no\/content\/uploads\/sites\/50\/2026\/01\/Farger-til-designmaualen3-1920x1080.jpg 1920w, https:\/\/www.normisjon.no\/content\/uploads\/sites\/50\/2026\/01\/Farger-til-designmaualen3-1360x765.jpg 1360w, https:\/\/www.normisjon.no\/content\/uploads\/sites\/50\/2026\/01\/Farger-til-designmaualen3-960x540.jpg 960w\" sizes=\"auto, (max-width: 2560px) 100vw, 2560px\" \/><span aria-hidden=\"true\" class=\"wp-block-cover__background has-background-dim-0 has-background-dim\"><\/span><div class=\"wp-block-cover__inner-container is-layout-flow wp-block-cover-is-layout-flow\">\n<h1 class=\"wp-block-heading has-text-align-center has-x-large-font-size\">FARGER<\/h1>\n<\/div><\/div>\n\n\n\n<p><strong>HOVEDFARGER:<\/strong><\/p>\n\n\n\n<p>Hovedfargene utgj\u00f8r kjernen i den visuelle identiteten og er b\u00e6rende i all kommunikasjon. De skal brukes konsekvent p\u00e5 tvers av alle flater.<\/p>\n\n\n\n<h2 class=\"wp-block-heading\">Hovedfarger<\/h2>\n\n\n\n<figure class=\"wp-block-table\"><table class=\"has-fixed-layout\"><tbody><tr><td><img loading=\"lazy\" decoding=\"async\" width=\"150\" height=\"86\" class=\"wp-image-289\" style=\"width: 150px;\" src=\"https:\/\/www.normisjon.no\/content\/uploads\/sites\/50\/2026\/02\/Skjermbilde-2026-02-04-kl.-10.05.12.png\" alt=\"\"><\/td><td>Hex #f1662c<br>RGB 241,102,44<br>CMYK 0,74,93,0<br>PMS 158 U<\/td><\/tr><tr><td><img loading=\"lazy\" decoding=\"async\" width=\"150\" height=\"86\" class=\"wp-image-292\" style=\"width: 150px;\" src=\"https:\/\/www.normisjon.no\/content\/uploads\/sites\/50\/2026\/02\/Skjermbilde-2026-02-04-kl.-10.09.13.png\" alt=\"\"><\/td><td>Hex #ba4b1d<br>RGB 186,75,29<br>CMYK 0,66,100,15<br>PMS 1525 U<\/td><\/tr><tr><td><img loading=\"lazy\" decoding=\"async\" width=\"150\" height=\"90\" class=\"wp-image-293\" style=\"width: 150px;\" src=\"https:\/\/www.normisjon.no\/content\/uploads\/sites\/50\/2026\/02\/Skjermbilde-2026-02-04-kl.-10.11.51.png\" alt=\"\"><\/td><td>Hex #6c2422<br>RGB 108,36,34<br>CMYK 34,89,81,46<br>PMS 7629 U<\/td><\/tr><tr><td><img loading=\"lazy\" decoding=\"async\" width=\"150\" height=\"81\" class=\"wp-image-294\" style=\"width: 150px;\" src=\"https:\/\/www.normisjon.no\/content\/uploads\/sites\/50\/2026\/02\/Skjermbilde-2026-02-04-kl.-10.13.24.png\" alt=\"\"><\/td><td>Hex #f2e2d4<br>RGB 242,226,212<br>CMYK 4,10,14,0<br>PMS 4029 U<\/td><\/tr><tr><td><img loading=\"lazy\" decoding=\"async\" width=\"150\" height=\"84\" class=\"wp-image-295\" style=\"width: 150px;\" src=\"https:\/\/www.normisjon.no\/content\/uploads\/sites\/50\/2026\/02\/Skjermbilde-2026-02-04-kl.-10.14.42.png\" alt=\"\"><\/td><td>Hex #f3b6fb<br>RGB 242,182,251<br>CMYK 6,33,0,0<br>PMS 243 U<\/td><\/tr><\/tbody><\/table><\/figure>\n\n\n\n<h2 class=\"wp-block-heading\">St\u00f8ttefarger<\/h2>\n\n\n\n<figure class=\"wp-block-table\"><table class=\"has-fixed-layout\"><tbody><tr><td><img loading=\"lazy\" decoding=\"async\" width=\"150\" height=\"81\" class=\"wp-image-316\" style=\"width: 150px;\" src=\"https:\/\/www.normisjon.no\/content\/uploads\/sites\/50\/2026\/02\/Skjermbilde-2026-02-04-kl.-10.42.00.png\" alt=\"\"><\/td><td>Hex #a9b6f3<br>RGB 169,182,243<br>CMYK 38,27,00<br>PMS 2716 U<\/td><\/tr><tr><td><img loading=\"lazy\" decoding=\"async\" width=\"150\" height=\"81\" class=\"wp-image-317\" style=\"width: 150px;\" src=\"https:\/\/www.normisjon.no\/content\/uploads\/sites\/50\/2026\/02\/Skjermbilde-2026-02-04-kl.-10.42.29.png\" alt=\"\"><\/td><td>Hex #15337c<br>RGB 21,51,124<br>CMYK 94,77,16,29<br>PMS 2756 U<\/td><\/tr><tr><td><img loading=\"lazy\" decoding=\"async\" width=\"150\" height=\"81\" class=\"wp-image-318\" style=\"width: 150px;\" src=\"https:\/\/www.normisjon.no\/content\/uploads\/sites\/50\/2026\/02\/Skjermbilde-2026-02-04-kl.-10.42.54.png\" alt=\"\"><\/td><td>Hex #254f38<br>RGB 37,79,56<br>CMYK 78,29,74,57<br>PMS 357 U<\/td><\/tr><tr><td><img loading=\"lazy\" decoding=\"async\" width=\"150\" height=\"81\" class=\"wp-image-319\" style=\"width: 150px;\" src=\"https:\/\/www.normisjon.no\/content\/uploads\/sites\/50\/2026\/02\/Skjermbilde-2026-02-04-kl.-10.43.15.png\" alt=\"\"><\/td><td>Hex #dbf177<br>RGB 219,241,119<br>CMYK 22,0,65,0<br>PMS 4211 U<\/td><\/tr><tr><td><img loading=\"lazy\" decoding=\"async\" width=\"150\" height=\"81\" class=\"wp-image-320\" style=\"width: 150px;\" src=\"https:\/\/www.normisjon.no\/content\/uploads\/sites\/50\/2026\/02\/Skjermbilde-2026-02-04-kl.-10.43.35.png\" alt=\"\"><\/td><td>Hex #a0958d<br>RGB 160,149,141<br>CMYK 26,27,29,27<br>PMS Warm Grey 5 U <\/td><\/tr><tr><td><img loading=\"lazy\" decoding=\"async\" width=\"150\" height=\"82\" class=\"wp-image-321\" style=\"width: 150px;\" src=\"https:\/\/www.normisjon.no\/content\/uploads\/sites\/50\/2026\/02\/Skjermbilde-2026-02-04-kl.-10.43.54.png\" alt=\"\"><\/td><td>Hex #000000<br>RGB 0,0,0<br>CMYK 75,68,67,90<br>PMS Black 6 U<\/td><\/tr><tr><td><img loading=\"lazy\" decoding=\"async\" width=\"150\" height=\"83\" class=\"wp-image-322\" style=\"width: 150px;\" src=\"https:\/\/www.normisjon.no\/content\/uploads\/sites\/50\/2026\/02\/Skjermbilde-2026-02-04-kl.-10.44.32.png\" alt=\"\"><\/td><td>Hex #ffffff<br>RGB 255,255,255<br>CMYK 0,0,0,0<\/td><\/tr><\/tbody><\/table><\/figure>\n\n\n\n<p><\/p>\n\n\n\n<p class=\"has-heading-3-font-size\"><strong>Forklaring av fargekodene:<\/strong><\/p>\n\n\n\n<p>1. CMYK (Trykk)<\/p>\n\n\n\n<ul class=\"wp-block-list\">\n<li>Hva det er:\u00a0St\u00e5r for\u00a0Cyan,\u00a0Magenta,\u00a0Yellow og\u00a0Key (svart). Dette kalles en \u00absubtraktiv\u00bb fargemodell fordi fargene oppst\u00e5r ved at blekk absorberer (subtraherer) lys.<\/li>\n\n\n\n<li>Bruk:\u00a0Brukes utelukkende til\u00a0trykksaker\u00a0som brosjyrer, visittkort, magasiner og plakater.<\/li>\n\n\n\n<li>Hvordan det fungerer:\u00a0Ved \u00e5 trykke sm\u00e5 prikker med disse fire fargene opp\u00e5 hverandre i ulike styrker (0-100%), skapes et fullfargespekter.<\/li>\n<\/ul>\n\n\n\n<p>2. RGB (Skjerm)<\/p>\n\n\n\n<ul class=\"wp-block-list\">\n<li>Hva det er:\u00a0St\u00e5r for\u00a0Red,\u00a0Green,\u00a0Blue. Dette kalles en \u00abadditiv\u00bb fargemodell, fordi farger oppst\u00e5r ved \u00e5 legge til (addere) lys.<\/li>\n\n\n\n<li>Bruk:\u00a0Brukes til alt som skal vises p\u00e5\u00a0skjerm: nettsider, sosiale medier, TV og mobiltelefoner.<\/li>\n\n\n\n<li>Hvordan det fungerer:\u00a0RGB kan vise mange flere og mer &laquo;vibrerende&raquo; farger enn CMYK, fordi fargene er belyste<\/li>\n<\/ul>\n\n\n\n<p>3. HEX-kode (Webdesign)<\/p>\n\n\n\n<ul class=\"wp-block-list\">\n<li>Hva det er:\u00a0En heksadesimal kode (f.eks. #FF5733) som brukes til \u00e5 definere farger i HTML og CSS. Det er i praksis en forkortet, kodedefinisjon av RGB-verdier.<\/li>\n\n\n\n<li>Bruk:\u00a0Brukes av webdesignere og utviklere for \u00e5 sikre n\u00f8yaktig fargegjengivelse p\u00e5 nettsider.<\/li>\n\n\n\n<li>Hvordan det fungerer:\u00a0Koden best\u00e5r av # etterfulgt av seks tegn (tall 0-9 og bokstaver A-F)<\/li>\n<\/ul>\n\n\n\n<p>4. PMS \/ Pantone (Spesialfarger)<\/p>\n\n\n\n<ul class=\"wp-block-list\">\n<li>Hva det er:\u00a0Pantone\u00a0Matching\u00a0System. I stedet for \u00e5 blande farger av CMYK-prikker, brukes ferdigblandede farger fra store &laquo;b\u00f8tter&raquo;.<\/li>\n\n\n\n<li>Bruk:\u00a0Brukes for \u00e5 garantere\u00a0100% lik farge\u00a0(profilfarger) uansett hvor det trykkes, for eksempel i logoer. Brukes ogs\u00e5 for farger som er umulige \u00e5 gjenskape i CMYK, som metalliske eller neonfarger.<\/li>\n\n\n\n<li>Fordel:\u00a0H\u00f8yeste presisjon og konsistens.<\/li>\n<\/ul>\n\n\n\n<p class=\"has-heading-3-font-size\"><strong>Oppsummering <\/strong><\/p>\n\n\n\n<figure class=\"wp-block-table\"><table class=\"has-fixed-layout\"><tbody><tr><th><strong>System<\/strong><strong><\/strong><\/th><th><strong>Bruksomr\u00e5de<\/strong><\/th><th><strong>Medium<\/strong><\/th><th><strong>Fargespekter<\/strong><\/th><\/tr><tr><td>RGB<\/td><td>Digitalt<\/td><td>Skjerm\/Web<\/td><td>Bredt (vibrerende)<\/td><\/tr><tr><td>HEX<\/td><td>Web\/Kode<\/td><td>Nettsider<\/td><td>Samme som RGB<\/td><\/tr><tr><td>CMYK<\/td><td>Trykk<\/td><td>Papir\/Fysisk<\/td><td>Begrenset (dullere)<\/td><\/tr><tr><td>PMS<\/td><td>Profilfarger<\/td><td>Logo\/Emballasje<\/td><td>Sv\u00e6rt n\u00f8yaktig<\/td><\/tr><\/tbody><\/table><\/figure>\n\n\n\n<p>Viktig huskeregel:&nbsp;Design aldri i RGB hvis sluttproduktet skal trykkes (da blir fargene ofte blasse). Konverter alltid til CMYK eller bruk&nbsp;<a href=\"http:\/\/www.pantone.com\/\" target=\"_blank\" rel=\"noreferrer noopener\">Pantone<\/a>&nbsp;for trykk.&nbsp;<\/p>\n\n\n\n<p><\/p>\n\n\n\n<p class=\"has-heading-3-font-size\"><strong>Typiske bruksomr\u00e5der:<\/strong><\/p>\n\n\n\n<p><br>\u2022 <strong>Prim\u00e6re flater:<\/strong> Bakgrunner, toppfelt, seksjonsflater og st\u00f8rre fargeflater i trykk og digitale flater.<br>\u2022 <strong>Profilb\u00e6rende elementer:<\/strong> Presentasjoner, kampanjemateriell, nettsider og sosiale medier.<br>\u2022 <strong>Tekst og kontrastflater:<\/strong> Overskrifter, uthevinger og bakgrunner der hovedfargene gir tydelig kontrast og god lesbarhet.<br>\u2022 <strong>Grafiske elementer:<\/strong> Sammen med logo, piktogram og hovedsymboler for \u00e5 styrke gjenkjennelsen av profilen.<br><\/p>\n\n\n\n<p class=\"has-heading-3-font-size\"><br><strong>Prinsipp for god bruk:<\/strong><\/p>\n\n\n\n<p><br>\u2022 <strong>Hovedfargene skal dominere:<\/strong> De skal alltid v\u00e6re det visuelle fundamentet i uttrykket.<br>\u2022 <strong>Bruk f\u00e5 farger per flate:<\/strong> Maks to hovedfarger (unntaksvis tre) p\u00e5 \u00e9n flate for \u00e5 sikre ro og tydelighet.<br>\u2022 <strong>Konsekvent bruk gir gjenkjennelse:<\/strong> Gjentagende bruk av hovedfargene bygger merkevare over tid.<br>\u2022 <strong>Lesbarhet f\u00f8rst:<\/strong> Velg fargekombinasjoner som gir tilstrekkelig kontrast, spesielt i digitale flater.<br>\u2022 <strong>Ikke erstatt hovedfarger med st\u00f8ttefarger:<\/strong> St\u00f8ttefargene skal kun brukes som supplement, ikke som erstatning.<\/p>\n\n\n\n<p><\/p>\n\n\n\n<p><strong>ST\u00d8TTEFARGER:<\/strong><br>St\u00f8ttefargene er utviklet for \u00e5&nbsp;<em>utfylle<\/em>&nbsp;hovedfargene og gi st\u00f8rre fleksibilitet i kommunikasjonen. De skal ikke konkurrere med hovedfargene, men brukes bevisst og med tydelig form\u00e5l. De er alts\u00e5&nbsp;<em>st\u00f8ttefarger&nbsp;<\/em>og ikke hovedfarger. De skal ikke dominere uttrykket og brukes sjeldnere. St\u00f8ttefargene henter inspirasjon fra tidligere profil som bidrar til gjenkjenning og historisk forankring.&nbsp;<br><br>Typiske bruksomr\u00e5der:<br>\u2022&nbsp;<strong>Kategorisering i publikasjoner:<\/strong>&nbsp;For&nbsp;eksempel forskjellig fargekode for ulike satsingsomr\u00e5der, avdelinger, fagomr\u00e5der eller m\u00e5lgrupper.<br>\u2022&nbsp;<strong>Underst\u00f8ttende flater i presentasjoner:<\/strong>&nbsp;Rammer, grafiske bakgrunnsfelt, callouts, faktabokser eller sitatsider.<br>\u2022&nbsp;<strong>Digitale grensesnitt:<\/strong>&nbsp;Statusindikatorer, knapper i sekund\u00e6re handlinger, filtre eller tagger.<br>\u2022&nbsp;<strong>Materialer til kampanjer:<\/strong>&nbsp;For \u00e5 gi kampanjer eller temaer en egen karakter uten \u00e5 bryte med hovedidentiteten.<br>\u2022&nbsp;<strong>Sm\u00e5 aksenter:<\/strong>&nbsp;Linjer, punktlister, markeringer, hover-effekter, understrekninger eller sm\u00e5 detaljer som ikke skal dominere.<br><br>Prinsipp for god bruk:&nbsp;<br>\u2022&nbsp;<strong>Sekund\u00e6rfargene skal aldri overta<\/strong>&nbsp;\u2013 hovedfargene skal alltid v\u00e6re det b\u00e6rende elementet i identiteten.<br>\u2022&nbsp;<strong>Brukes med moderasjon:<\/strong>&nbsp;De fungerer best n\u00e5r de brukes bevisst og punktvis. Gir rom for et bredere fargeutvalg for underkonsepter og lignende.&nbsp;<br>\u2022&nbsp;<strong>Tydelig form\u00e5l:<\/strong>&nbsp;Hver st\u00f8ttefarge b\u00f8r ha en klar funksjon \u2013 enten \u00e5 strukturere, differensiere eller skape visuell variasjon.<\/p>\n\n\n\n<p><strong>Fargebruk:<\/strong><\/p>\n\n\n\n<p>P\u00e5 \u00e9n flate kan det brukes maks to (unntaksvis tre) farger. Fargekartet viser hvilke farger som m\u00e5 brukes sammen. Det er kun disse kombinasjonene som er lov \u00e5 ta i bruk.<\/p>\n\n\n\n<figure class=\"wp-block-image size-full\"><img loading=\"lazy\" decoding=\"async\" width=\"1412\" height=\"550\" src=\"https:\/\/www.normisjon.no\/content\/uploads\/sites\/50\/2026\/01\/Skjermbilde-2026-01-16-kl.-01.29.24.png\" alt=\"\" class=\"wp-image-189\" srcset=\"https:\/\/www.normisjon.no\/content\/uploads\/sites\/50\/2026\/01\/Skjermbilde-2026-01-16-kl.-01.29.24.png 1412w, https:\/\/www.normisjon.no\/content\/uploads\/sites\/50\/2026\/01\/Skjermbilde-2026-01-16-kl.-01.29.24-300x117.png 300w\" sizes=\"auto, (max-width: 1412px) 100vw, 1412px\" \/><\/figure>\n\n\n\n<p>For eksempel: En SoMe-post med beige bakgrunn kan bruke oransje som tekstfarge.<\/p>\n\n\n\n<p><\/p>\n\n\n\n<p>Eksempler p\u00e5 st\u00f8tte farger<\/p>\n\n\n\n<figure class=\"wp-block-image size-full\"><img loading=\"lazy\" decoding=\"async\" width=\"1248\" height=\"946\" src=\"https:\/\/www.normisjon.no\/content\/uploads\/sites\/50\/2026\/01\/Skjermbilde-2026-01-16-kl.-01.31.29.png\" alt=\"\" class=\"wp-image-191\" srcset=\"https:\/\/www.normisjon.no\/content\/uploads\/sites\/50\/2026\/01\/Skjermbilde-2026-01-16-kl.-01.31.29.png 1248w, https:\/\/www.normisjon.no\/content\/uploads\/sites\/50\/2026\/01\/Skjermbilde-2026-01-16-kl.-01.31.29-300x227.png 300w\" sizes=\"auto, (max-width: 1248px) 100vw, 1248px\" \/><\/figure>\n\n\n\n<p><\/p>\n<\/div>","protected":false},"excerpt":{"rendered":"<p>HOVEDFARGER: Hovedfargene utgj\u00f8r kjernen i den visuelle identiteten og er b\u00e6rende i all kommunikasjon. De skal brukes konsekvent p\u00e5 tvers av alle flater. Hovedfarger Hex [&hellip;]<\/p>\n","protected":false},"author":128,"featured_media":0,"parent":0,"menu_order":0,"comment_status":"closed","ping_status":"closed","template":"","meta":{"_acf_changed":false,"footnotes":""},"class_list":["post-27","page","type-page","status-publish","hentry"],"acf":[],"yoast_head":"<!-- This site is optimized with the Yoast SEO plugin v25.9 - https:\/\/yoast.com\/wordpress\/plugins\/seo\/ -->\n<title>- Designmanual<\/title>\n<meta name=\"robots\" content=\"index, follow, max-snippet:-1, max-image-preview:large, max-video-preview:-1\" \/>\n<link rel=\"canonical\" href=\"https:\/\/www.normisjon.no\/designmanual\/farger\/\" \/>\n<meta property=\"og:locale\" content=\"nb_NO\" \/>\n<meta property=\"og:type\" content=\"article\" \/>\n<meta property=\"og:title\" content=\"- Designmanual\" \/>\n<meta property=\"og:description\" content=\"HOVEDFARGER: Hovedfargene utgj\u00f8r kjernen i den visuelle identiteten og er b\u00e6rende i all kommunikasjon. De skal brukes konsekvent p\u00e5 tvers av alle flater. Hovedfarger Hex [&hellip;]\" \/>\n<meta property=\"og:url\" content=\"https:\/\/www.normisjon.no\/designmanual\/farger\/\" \/>\n<meta property=\"og:site_name\" content=\"Designmanual\" \/>\n<meta property=\"article:modified_time\" content=\"2026-02-13T14:29:13+00:00\" \/>\n<meta property=\"og:image\" content=\"https:\/\/www.normisjon.no\/content\/uploads\/sites\/50\/2026\/01\/Farger-til-designmaualen3-scaled.jpg\" \/>\n\t<meta property=\"og:image:width\" content=\"2560\" \/>\n\t<meta property=\"og:image:height\" content=\"1440\" \/>\n\t<meta property=\"og:image:type\" content=\"image\/jpeg\" \/>\n<meta name=\"twitter:card\" content=\"summary_large_image\" \/>\n<meta name=\"twitter:label1\" content=\"Ansl. lesetid\" \/>\n\t<meta name=\"twitter:data1\" content=\"8 minutter\" \/>\n<script type=\"application\/ld+json\" class=\"yoast-schema-graph\">{\"@context\":\"https:\/\/schema.org\",\"@graph\":[{\"@type\":\"WebPage\",\"@id\":\"https:\/\/www.normisjon.no\/designmanual\/farger\/\",\"url\":\"https:\/\/www.normisjon.no\/designmanual\/farger\/\",\"name\":\"- Designmanual\",\"isPartOf\":{\"@id\":\"https:\/\/www.normisjon.no\/designmanual\/#website\"},\"primaryImageOfPage\":{\"@id\":\"https:\/\/www.normisjon.no\/designmanual\/farger\/#primaryimage\"},\"image\":{\"@id\":\"https:\/\/www.normisjon.no\/designmanual\/farger\/#primaryimage\"},\"thumbnailUrl\":\"https:\/\/www.normisjon.no\/content\/uploads\/sites\/50\/2026\/01\/Farger-til-designmaualen3-scaled.jpg\",\"datePublished\":\"2025-12-17T08:22:45+00:00\",\"dateModified\":\"2026-02-13T14:29:13+00:00\",\"inLanguage\":\"nb-NO\",\"potentialAction\":[{\"@type\":\"ReadAction\",\"target\":[\"https:\/\/www.normisjon.no\/designmanual\/farger\/\"]}]},{\"@type\":\"ImageObject\",\"inLanguage\":\"nb-NO\",\"@id\":\"https:\/\/www.normisjon.no\/designmanual\/farger\/#primaryimage\",\"url\":\"https:\/\/www.normisjon.no\/content\/uploads\/sites\/50\/2026\/01\/Farger-til-designmaualen3-scaled.jpg\",\"contentUrl\":\"https:\/\/www.normisjon.no\/content\/uploads\/sites\/50\/2026\/01\/Farger-til-designmaualen3-scaled.jpg\"},{\"@type\":\"WebSite\",\"@id\":\"https:\/\/www.normisjon.no\/designmanual\/#website\",\"url\":\"https:\/\/www.normisjon.no\/designmanual\/\",\"name\":\"Designmanual\",\"description\":\"\",\"potentialAction\":[{\"@type\":\"SearchAction\",\"target\":{\"@type\":\"EntryPoint\",\"urlTemplate\":\"https:\/\/www.normisjon.no\/designmanual\/?s={search_term_string}\"},\"query-input\":{\"@type\":\"PropertyValueSpecification\",\"valueRequired\":true,\"valueName\":\"search_term_string\"}}],\"inLanguage\":\"nb-NO\"}]}<\/script>\n<!-- \/ Yoast SEO plugin. -->","yoast_head_json":{"title":"- Designmanual","robots":{"index":"index","follow":"follow","max-snippet":"max-snippet:-1","max-image-preview":"max-image-preview:large","max-video-preview":"max-video-preview:-1"},"canonical":"https:\/\/www.normisjon.no\/designmanual\/farger\/","og_locale":"nb_NO","og_type":"article","og_title":"- Designmanual","og_description":"HOVEDFARGER: Hovedfargene utgj\u00f8r kjernen i den visuelle identiteten og er b\u00e6rende i all kommunikasjon. De skal brukes konsekvent p\u00e5 tvers av alle flater. Hovedfarger Hex [&hellip;]","og_url":"https:\/\/www.normisjon.no\/designmanual\/farger\/","og_site_name":"Designmanual","article_modified_time":"2026-02-13T14:29:13+00:00","og_image":[{"width":2560,"height":1440,"url":"https:\/\/www.normisjon.no\/content\/uploads\/sites\/50\/2026\/01\/Farger-til-designmaualen3-scaled.jpg","type":"image\/jpeg"}],"twitter_card":"summary_large_image","twitter_misc":{"Ansl. lesetid":"8 minutter"},"schema":{"@context":"https:\/\/schema.org","@graph":[{"@type":"WebPage","@id":"https:\/\/www.normisjon.no\/designmanual\/farger\/","url":"https:\/\/www.normisjon.no\/designmanual\/farger\/","name":"- Designmanual","isPartOf":{"@id":"https:\/\/www.normisjon.no\/designmanual\/#website"},"primaryImageOfPage":{"@id":"https:\/\/www.normisjon.no\/designmanual\/farger\/#primaryimage"},"image":{"@id":"https:\/\/www.normisjon.no\/designmanual\/farger\/#primaryimage"},"thumbnailUrl":"https:\/\/www.normisjon.no\/content\/uploads\/sites\/50\/2026\/01\/Farger-til-designmaualen3-scaled.jpg","datePublished":"2025-12-17T08:22:45+00:00","dateModified":"2026-02-13T14:29:13+00:00","inLanguage":"nb-NO","potentialAction":[{"@type":"ReadAction","target":["https:\/\/www.normisjon.no\/designmanual\/farger\/"]}]},{"@type":"ImageObject","inLanguage":"nb-NO","@id":"https:\/\/www.normisjon.no\/designmanual\/farger\/#primaryimage","url":"https:\/\/www.normisjon.no\/content\/uploads\/sites\/50\/2026\/01\/Farger-til-designmaualen3-scaled.jpg","contentUrl":"https:\/\/www.normisjon.no\/content\/uploads\/sites\/50\/2026\/01\/Farger-til-designmaualen3-scaled.jpg"},{"@type":"WebSite","@id":"https:\/\/www.normisjon.no\/designmanual\/#website","url":"https:\/\/www.normisjon.no\/designmanual\/","name":"Designmanual","description":"","potentialAction":[{"@type":"SearchAction","target":{"@type":"EntryPoint","urlTemplate":"https:\/\/www.normisjon.no\/designmanual\/?s={search_term_string}"},"query-input":{"@type":"PropertyValueSpecification","valueRequired":true,"valueName":"search_term_string"}}],"inLanguage":"nb-NO"}]}},"_links":{"self":[{"href":"https:\/\/www.normisjon.no\/designmanual\/wp-json\/wp\/v2\/pages\/27","targetHints":{"allow":["GET"]}}],"collection":[{"href":"https:\/\/www.normisjon.no\/designmanual\/wp-json\/wp\/v2\/pages"}],"about":[{"href":"https:\/\/www.normisjon.no\/designmanual\/wp-json\/wp\/v2\/types\/page"}],"author":[{"embeddable":true,"href":"https:\/\/www.normisjon.no\/designmanual\/wp-json\/wp\/v2\/users\/128"}],"replies":[{"embeddable":true,"href":"https:\/\/www.normisjon.no\/designmanual\/wp-json\/wp\/v2\/comments?post=27"}],"version-history":[{"count":22,"href":"https:\/\/www.normisjon.no\/designmanual\/wp-json\/wp\/v2\/pages\/27\/revisions"}],"predecessor-version":[{"id":348,"href":"https:\/\/www.normisjon.no\/designmanual\/wp-json\/wp\/v2\/pages\/27\/revisions\/348"}],"wp:attachment":[{"href":"https:\/\/www.normisjon.no\/designmanual\/wp-json\/wp\/v2\/media?parent=27"}],"curies":[{"name":"wp","href":"https:\/\/api.w.org\/{rel}","templated":true}]}}