{"id":38,"date":"2018-05-02T14:25:55","date_gmt":"2018-05-02T12:25:55","guid":{"rendered":"https:\/\/www.normisjon.no\/region-hordaland\/?page_id=38"},"modified":"2026-01-15T10:47:21","modified_gmt":"2026-01-15T09:47:21","slug":"menigheter-og-fellesskap","status":"publish","type":"page","link":"https:\/\/www.normisjon.no\/hordaland\/menigheter-og-fellesskap\/","title":{"rendered":"Menigheter og fellesskap"},"content":{"rendered":"<div class=\"entry-content alignfull wp-block-post-content has-global-padding is-layout-constrained wp-block-post-content-is-layout-constrained\">\n<p>Vi vil plante og utvikle fellesskap der Guds rike blir synlig, nye kommer til tro p\u00e5 Jesus og l\u00e6rer \u00e5 dele livet og troen med andre.&nbsp;<\/p>\n\n\n\n<p>I regionen v\u00e5r har vi mange misjonsforeninger, en rekke kor for barn og unge, samlinger og en kaf\u00e9 for studenter og unge voksne, samt ulike lag. Videre har vi tre menigheter. Norkirken Nordhordland, Norkirken Bergen og Norkirken Os. I disse menighetene m\u00f8tes sm\u00e5 og store jevnlig til gudstjenester og til grupper i hjemmene. Galleri Normisjon er v\u00e5r flotte gjenbruksbutikk p\u00e5 Kronstad. Der er det mange frivillige i sving.<\/p>\n\n\n\n<h2 class=\"wp-block-heading\" id=\"menigheter\">Menigheter<\/h2>\n\n\n\n<div class=\"wp-block-columns alignwide is-layout-flex wp-container-core-columns-is-layout-28f84493 wp-block-columns-is-layout-flex\">\n<div class=\"wp-block-column is-layout-flow wp-block-column-is-layout-flow\">\n\t<div style=\"--t2-hero-dim:0.5;\" class=\"t2-hero t2-hero-content-position-center-center t2-hero-has-dim-50 t2-hero-has-fullsize-image alignfull wp-block-t2-hero\">\n\t\t<img loading=\"lazy\" decoding=\"async\" width=\"1920\" height=\"1440\" src=\"https:\/\/www.normisjon.no\/content\/uploads\/sites\/13\/2019\/09\/alpha-middag-1920x1440.jpg\" class=\"t2-hero__image\" alt=\"\" style=\"object-position: 50% 50%;\" srcset=\"https:\/\/www.normisjon.no\/content\/uploads\/sites\/13\/2019\/09\/alpha-middag-1920x1440.jpg 1920w, https:\/\/www.normisjon.no\/content\/uploads\/sites\/13\/2019\/09\/alpha-middag-300x225.jpg 300w, https:\/\/www.normisjon.no\/content\/uploads\/sites\/13\/2019\/09\/alpha-middag-768x576.jpg 768w, https:\/\/www.normisjon.no\/content\/uploads\/sites\/13\/2019\/09\/alpha-middag-1024x768.jpg 1024w, https:\/\/www.normisjon.no\/content\/uploads\/sites\/13\/2019\/09\/alpha-middag-1360x1020.jpg 1360w, https:\/\/www.normisjon.no\/content\/uploads\/sites\/13\/2019\/09\/alpha-middag-960x720.jpg 960w\" sizes=\"auto, (max-width: 1920px) 100vw, 1920px\" \/>\n\t\t<div class=\"t2-hero__header\"><div class=\"t2-hero__header__content\">\n\n<h1 class=\"wp-block-heading alignwide has-text-align-center\" id=\"bergen\">Bergen<\/h1>\n\n\n\n<p><\/p>\n\n\n\n<div class=\"wp-block-buttons is-layout-flex wp-block-buttons-is-layout-flex\">\n<div class=\"wp-block-button\"><a class=\"wp-block-button__link wp-element-button\" href=\"https:\/\/www.norkirken.no\/\">Mer<\/a><\/div>\n<\/div>\n\n<\/div><\/div>\n\t<\/div><\/div>\n\n\n\n<div class=\"wp-block-column is-layout-flow wp-block-column-is-layout-flow\">\n\t<div style=\"--t2-hero-dim:0.5;\" class=\"t2-hero t2-hero-content-position-center-center t2-hero-has-dim-50 t2-hero-has-fullsize-image alignfull wp-block-t2-hero\">\n\t\t<img loading=\"lazy\" decoding=\"async\" width=\"1920\" height=\"1440\" src=\"https:\/\/www.normisjon.no\/content\/uploads\/sites\/13\/2018\/05\/g2-IMG_2037-1920x1440.jpg\" class=\"t2-hero__image\" alt=\"\" style=\"object-position: 50% 50%;\" srcset=\"https:\/\/www.normisjon.no\/content\/uploads\/sites\/13\/2018\/05\/g2-IMG_2037-1920x1440.jpg 1920w, https:\/\/www.normisjon.no\/content\/uploads\/sites\/13\/2018\/05\/g2-IMG_2037-300x225.jpg 300w, https:\/\/www.normisjon.no\/content\/uploads\/sites\/13\/2018\/05\/g2-IMG_2037-768x576.jpg 768w, https:\/\/www.normisjon.no\/content\/uploads\/sites\/13\/2018\/05\/g2-IMG_2037-1024x768.jpg 1024w, https:\/\/www.normisjon.no\/content\/uploads\/sites\/13\/2018\/05\/g2-IMG_2037-1360x1020.jpg 1360w\" sizes=\"auto, (max-width: 1920px) 100vw, 1920px\" \/>\n\t\t<div class=\"t2-hero__header\"><div class=\"t2-hero__header__content\">\n\n<h1 class=\"wp-block-heading alignwide has-text-align-center\" id=\"nordhordland\">Nordhordland<\/h1>\n\n\n\n<p><\/p>\n\n\n\n<div class=\"wp-block-buttons is-layout-flex wp-block-buttons-is-layout-flex\">\n<div class=\"wp-block-button\"><a class=\"wp-block-button__link wp-element-button\" href=\"https:\/\/www.norkirken-nh.no\/\">Mer<\/a><\/div>\n<\/div>\n\n<\/div><\/div>\n\t<\/div><\/div>\n\n\n\n<div class=\"wp-block-column is-layout-flow wp-block-column-is-layout-flow\">\n\t<div style=\"--t2-hero-dim:0.5;\" class=\"t2-hero t2-hero-content-position-center-center t2-hero-has-dim-50 t2-hero-has-fullsize-image alignfull wp-block-t2-hero\">\n\t\t<img loading=\"lazy\" decoding=\"async\" width=\"1920\" height=\"1440\" src=\"https:\/\/www.normisjon.no\/content\/uploads\/sites\/13\/2019\/01\/IMG_3233-1920x1440.jpeg\" class=\"t2-hero__image\" alt=\"\" style=\"object-position: 50% 50%;\" srcset=\"https:\/\/www.normisjon.no\/content\/uploads\/sites\/13\/2019\/01\/IMG_3233-1920x1440.jpeg 1920w, https:\/\/www.normisjon.no\/content\/uploads\/sites\/13\/2019\/01\/IMG_3233-300x225.jpeg 300w, https:\/\/www.normisjon.no\/content\/uploads\/sites\/13\/2019\/01\/IMG_3233-768x576.jpeg 768w, https:\/\/www.normisjon.no\/content\/uploads\/sites\/13\/2019\/01\/IMG_3233-1024x768.jpeg 1024w, https:\/\/www.normisjon.no\/content\/uploads\/sites\/13\/2019\/01\/IMG_3233-1360x1020.jpeg 1360w, https:\/\/www.normisjon.no\/content\/uploads\/sites\/13\/2019\/01\/IMG_3233-960x720.jpeg 960w\" sizes=\"auto, (max-width: 1920px) 100vw, 1920px\" \/>\n\t\t<div class=\"t2-hero__header\"><div class=\"t2-hero__header__content\">\n\n<h1 class=\"wp-block-heading alignwide has-text-align-center\" id=\"os\">Os<\/h1>\n\n\n\n<p><\/p>\n\n\n\n<div class=\"wp-block-buttons is-layout-flex wp-block-buttons-is-layout-flex\">\n<div class=\"wp-block-button\"><a class=\"wp-block-button__link wp-element-button\" href=\"https:\/\/www.norkirken-os.no\/\">Mer<\/a><\/div>\n<\/div>\n\n<\/div><\/div>\n\t<\/div><\/div>\n<\/div>\n<\/div>","protected":false},"excerpt":{"rendered":"<p>Vi vil plante og utvikle fellesskap der Guds rike blir synlig, nye kommer til tro p\u00e5 Jesus og l\u00e6rer \u00e5 dele livet og troen med [&hellip;]<\/p>\n","protected":false},"author":26,"featured_media":83,"parent":0,"menu_order":0,"comment_status":"closed","ping_status":"closed","template":"","meta":{"_acf_changed":false,"footnotes":""},"class_list":["post-38","page","type-page","status-publish","has-post-thumbnail","hentry"],"acf":[],"yoast_head":"<!-- This site is optimized with the Yoast SEO plugin v25.9 - https:\/\/yoast.com\/wordpress\/plugins\/seo\/ -->\n<title>Menigheter og fellesskap &#8211; Normisjon Hordaland<\/title>\n<meta name=\"robots\" content=\"index, follow, max-snippet:-1, max-image-preview:large, max-video-preview:-1\" \/>\n<link rel=\"canonical\" href=\"https:\/\/www.normisjon.no\/hordaland\/menigheter-og-fellesskap\/\" \/>\n<meta property=\"og:locale\" content=\"nb_NO\" \/>\n<meta property=\"og:type\" content=\"article\" \/>\n<meta property=\"og:title\" content=\"Menigheter og fellesskap &#8211; Normisjon Hordaland\" \/>\n<meta property=\"og:description\" content=\"Vi vil plante og utvikle fellesskap der Guds rike blir synlig, nye kommer til tro p\u00e5 Jesus og l\u00e6rer \u00e5 dele livet og troen med [&hellip;]\" \/>\n<meta property=\"og:url\" content=\"https:\/\/www.normisjon.no\/hordaland\/menigheter-og-fellesskap\/\" \/>\n<meta property=\"og:site_name\" content=\"Normisjon Hordaland\" \/>\n<meta property=\"article:publisher\" content=\"https:\/\/www.facebook.com\/normisjon.hordaland\" \/>\n<meta property=\"article:modified_time\" content=\"2026-01-15T09:47:21+00:00\" \/>\n<meta property=\"og:image\" content=\"https:\/\/www.normisjon.no\/content\/uploads\/sites\/13\/2018\/05\/Norkirken-gudstjeneste.jpeg\" \/>\n\t<meta property=\"og:image:width\" content=\"3264\" \/>\n\t<meta property=\"og:image:height\" content=\"2448\" \/>\n\t<meta property=\"og:image:type\" content=\"image\/jpeg\" \/>\n<meta name=\"twitter:card\" content=\"summary_large_image\" \/>\n<meta name=\"twitter:site\" content=\"@Normisjon_hord\" \/>\n<meta name=\"twitter:label1\" content=\"Ansl. lesetid\" \/>\n\t<meta name=\"twitter:data1\" content=\"1 minutt\" \/>\n<script type=\"application\/ld+json\" class=\"yoast-schema-graph\">{\"@context\":\"https:\/\/schema.org\",\"@graph\":[{\"@type\":\"WebPage\",\"@id\":\"https:\/\/www.normisjon.no\/hordaland\/menigheter-og-fellesskap\/\",\"url\":\"https:\/\/www.normisjon.no\/hordaland\/menigheter-og-fellesskap\/\",\"name\":\"Menigheter og fellesskap &#8211; Normisjon Hordaland\",\"isPartOf\":{\"@id\":\"https:\/\/www.normisjon.no\/hordaland\/#website\"},\"primaryImageOfPage\":{\"@id\":\"https:\/\/www.normisjon.no\/hordaland\/menigheter-og-fellesskap\/#primaryimage\"},\"image\":{\"@id\":\"https:\/\/www.normisjon.no\/hordaland\/menigheter-og-fellesskap\/#primaryimage\"},\"thumbnailUrl\":\"https:\/\/www.normisjon.no\/content\/uploads\/sites\/13\/2018\/05\/Norkirken-gudstjeneste.jpeg\",\"datePublished\":\"2018-05-02T12:25:55+00:00\",\"dateModified\":\"2026-01-15T09:47:21+00:00\",\"breadcrumb\":{\"@id\":\"https:\/\/www.normisjon.no\/hordaland\/menigheter-og-fellesskap\/#breadcrumb\"},\"inLanguage\":\"nb-NO\",\"potentialAction\":[{\"@type\":\"ReadAction\",\"target\":[\"https:\/\/www.normisjon.no\/hordaland\/menigheter-og-fellesskap\/\"]}]},{\"@type\":\"ImageObject\",\"inLanguage\":\"nb-NO\",\"@id\":\"https:\/\/www.normisjon.no\/hordaland\/menigheter-og-fellesskap\/#primaryimage\",\"url\":\"https:\/\/www.normisjon.no\/content\/uploads\/sites\/13\/2018\/05\/Norkirken-gudstjeneste.jpeg\",\"contentUrl\":\"https:\/\/www.normisjon.no\/content\/uploads\/sites\/13\/2018\/05\/Norkirken-gudstjeneste.jpeg\",\"width\":3264,\"height\":2448},{\"@type\":\"BreadcrumbList\",\"@id\":\"https:\/\/www.normisjon.no\/hordaland\/menigheter-og-fellesskap\/#breadcrumb\",\"itemListElement\":[{\"@type\":\"ListItem\",\"position\":1,\"name\":\"Home\",\"item\":\"https:\/\/www.normisjon.no\/hordaland\/\"},{\"@type\":\"ListItem\",\"position\":2,\"name\":\"Menigheter og fellesskap\"}]},{\"@type\":\"WebSite\",\"@id\":\"https:\/\/www.normisjon.no\/hordaland\/#website\",\"url\":\"https:\/\/www.normisjon.no\/hordaland\/\",\"name\":\"Normisjon Hordaland\",\"description\":\"\",\"publisher\":{\"@id\":\"https:\/\/www.normisjon.no\/hordaland\/#organization\"},\"potentialAction\":[{\"@type\":\"SearchAction\",\"target\":{\"@type\":\"EntryPoint\",\"urlTemplate\":\"https:\/\/www.normisjon.no\/hordaland\/?s={search_term_string}\"},\"query-input\":{\"@type\":\"PropertyValueSpecification\",\"valueRequired\":true,\"valueName\":\"search_term_string\"}}],\"inLanguage\":\"nb-NO\"},{\"@type\":\"Organization\",\"@id\":\"https:\/\/www.normisjon.no\/hordaland\/#organization\",\"name\":\"Normisjon Hordaland\",\"url\":\"https:\/\/www.normisjon.no\/hordaland\/\",\"logo\":{\"@type\":\"ImageObject\",\"inLanguage\":\"nb-NO\",\"@id\":\"https:\/\/www.normisjon.no\/hordaland\/#\/schema\/logo\/image\/\",\"url\":\"https:\/\/www.normisjon.no\/content\/uploads\/sites\/13\/2021\/10\/normisjon-liggende-logo.jpg\",\"contentUrl\":\"https:\/\/www.normisjon.no\/content\/uploads\/sites\/13\/2021\/10\/normisjon-liggende-logo.jpg\",\"width\":850,\"height\":216,\"caption\":\"Normisjon Hordaland\"},\"image\":{\"@id\":\"https:\/\/www.normisjon.no\/hordaland\/#\/schema\/logo\/image\/\"},\"sameAs\":[\"https:\/\/www.facebook.com\/normisjon.hordaland\",\"https:\/\/x.com\/Normisjon_hord\"]}]}<\/script>\n<!-- \/ Yoast SEO plugin. -->","yoast_head_json":{"title":"Menigheter og fellesskap &#8211; Normisjon Hordaland","robots":{"index":"index","follow":"follow","max-snippet":"max-snippet:-1","max-image-preview":"max-image-preview:large","max-video-preview":"max-video-preview:-1"},"canonical":"https:\/\/www.normisjon.no\/hordaland\/menigheter-og-fellesskap\/","og_locale":"nb_NO","og_type":"article","og_title":"Menigheter og fellesskap &#8211; Normisjon Hordaland","og_description":"Vi vil plante og utvikle fellesskap der Guds rike blir synlig, nye kommer til tro p\u00e5 Jesus og l\u00e6rer \u00e5 dele livet og troen med [&hellip;]","og_url":"https:\/\/www.normisjon.no\/hordaland\/menigheter-og-fellesskap\/","og_site_name":"Normisjon Hordaland","article_publisher":"https:\/\/www.facebook.com\/normisjon.hordaland","article_modified_time":"2026-01-15T09:47:21+00:00","og_image":[{"width":3264,"height":2448,"url":"https:\/\/www.normisjon.no\/content\/uploads\/sites\/13\/2018\/05\/Norkirken-gudstjeneste.jpeg","type":"image\/jpeg"}],"twitter_card":"summary_large_image","twitter_site":"@Normisjon_hord","twitter_misc":{"Ansl. lesetid":"1 minutt"},"schema":{"@context":"https:\/\/schema.org","@graph":[{"@type":"WebPage","@id":"https:\/\/www.normisjon.no\/hordaland\/menigheter-og-fellesskap\/","url":"https:\/\/www.normisjon.no\/hordaland\/menigheter-og-fellesskap\/","name":"Menigheter og fellesskap &#8211; Normisjon Hordaland","isPartOf":{"@id":"https:\/\/www.normisjon.no\/hordaland\/#website"},"primaryImageOfPage":{"@id":"https:\/\/www.normisjon.no\/hordaland\/menigheter-og-fellesskap\/#primaryimage"},"image":{"@id":"https:\/\/www.normisjon.no\/hordaland\/menigheter-og-fellesskap\/#primaryimage"},"thumbnailUrl":"https:\/\/www.normisjon.no\/content\/uploads\/sites\/13\/2018\/05\/Norkirken-gudstjeneste.jpeg","datePublished":"2018-05-02T12:25:55+00:00","dateModified":"2026-01-15T09:47:21+00:00","breadcrumb":{"@id":"https:\/\/www.normisjon.no\/hordaland\/menigheter-og-fellesskap\/#breadcrumb"},"inLanguage":"nb-NO","potentialAction":[{"@type":"ReadAction","target":["https:\/\/www.normisjon.no\/hordaland\/menigheter-og-fellesskap\/"]}]},{"@type":"ImageObject","inLanguage":"nb-NO","@id":"https:\/\/www.normisjon.no\/hordaland\/menigheter-og-fellesskap\/#primaryimage","url":"https:\/\/www.normisjon.no\/content\/uploads\/sites\/13\/2018\/05\/Norkirken-gudstjeneste.jpeg","contentUrl":"https:\/\/www.normisjon.no\/content\/uploads\/sites\/13\/2018\/05\/Norkirken-gudstjeneste.jpeg","width":3264,"height":2448},{"@type":"BreadcrumbList","@id":"https:\/\/www.normisjon.no\/hordaland\/menigheter-og-fellesskap\/#breadcrumb","itemListElement":[{"@type":"ListItem","position":1,"name":"Home","item":"https:\/\/www.normisjon.no\/hordaland\/"},{"@type":"ListItem","position":2,"name":"Menigheter og fellesskap"}]},{"@type":"WebSite","@id":"https:\/\/www.normisjon.no\/hordaland\/#website","url":"https:\/\/www.normisjon.no\/hordaland\/","name":"Normisjon Hordaland","description":"","publisher":{"@id":"https:\/\/www.normisjon.no\/hordaland\/#organization"},"potentialAction":[{"@type":"SearchAction","target":{"@type":"EntryPoint","urlTemplate":"https:\/\/www.normisjon.no\/hordaland\/?s={search_term_string}"},"query-input":{"@type":"PropertyValueSpecification","valueRequired":true,"valueName":"search_term_string"}}],"inLanguage":"nb-NO"},{"@type":"Organization","@id":"https:\/\/www.normisjon.no\/hordaland\/#organization","name":"Normisjon Hordaland","url":"https:\/\/www.normisjon.no\/hordaland\/","logo":{"@type":"ImageObject","inLanguage":"nb-NO","@id":"https:\/\/www.normisjon.no\/hordaland\/#\/schema\/logo\/image\/","url":"https:\/\/www.normisjon.no\/content\/uploads\/sites\/13\/2021\/10\/normisjon-liggende-logo.jpg","contentUrl":"https:\/\/www.normisjon.no\/content\/uploads\/sites\/13\/2021\/10\/normisjon-liggende-logo.jpg","width":850,"height":216,"caption":"Normisjon Hordaland"},"image":{"@id":"https:\/\/www.normisjon.no\/hordaland\/#\/schema\/logo\/image\/"},"sameAs":["https:\/\/www.facebook.com\/normisjon.hordaland","https:\/\/x.com\/Normisjon_hord"]}]}},"_links":{"self":[{"href":"https:\/\/www.normisjon.no\/hordaland\/wp-json\/wp\/v2\/pages\/38","targetHints":{"allow":["GET"]}}],"collection":[{"href":"https:\/\/www.normisjon.no\/hordaland\/wp-json\/wp\/v2\/pages"}],"about":[{"href":"https:\/\/www.normisjon.no\/hordaland\/wp-json\/wp\/v2\/types\/page"}],"author":[{"embeddable":true,"href":"https:\/\/www.normisjon.no\/hordaland\/wp-json\/wp\/v2\/users\/26"}],"replies":[{"embeddable":true,"href":"https:\/\/www.normisjon.no\/hordaland\/wp-json\/wp\/v2\/comments?post=38"}],"version-history":[{"count":7,"href":"https:\/\/www.normisjon.no\/hordaland\/wp-json\/wp\/v2\/pages\/38\/revisions"}],"predecessor-version":[{"id":5293,"href":"https:\/\/www.normisjon.no\/hordaland\/wp-json\/wp\/v2\/pages\/38\/revisions\/5293"}],"wp:featuredmedia":[{"embeddable":true,"href":"https:\/\/www.normisjon.no\/hordaland\/wp-json\/wp\/v2\/media\/83"}],"wp:attachment":[{"href":"https:\/\/www.normisjon.no\/hordaland\/wp-json\/wp\/v2\/media?parent=38"}],"curies":[{"name":"wp","href":"https:\/\/api.w.org\/{rel}","templated":true}]}}