{"id":4194,"date":"2022-03-04T12:09:25","date_gmt":"2022-03-04T11:09:25","guid":{"rendered":"https:\/\/www.normisjon.no\/hordaland\/?page_id=4194"},"modified":"2022-03-05T12:02:02","modified_gmt":"2022-03-05T11:02:02","slug":"ukraina","status":"publish","type":"page","link":"https:\/\/www.normisjon.no\/hordaland\/ukraina\/","title":{"rendered":"B\u00f8nn og n\u00f8dhjelp til Ukraina"},"content":{"rendered":"<div class=\"entry-content alignfull wp-block-post-content has-global-padding is-layout-constrained wp-block-post-content-is-layout-constrained\">\n<p>Normisjon driver misjon i Europa, og har siste \u00e5rene hatt utsendinger b\u00e5de i Ukraina og Tsjekkia. N\u00e5 st\u00f8tter vi menigheter i Tsjekkia og Slovakia som tilbyr n\u00f8dhjelp til flyktninger som kommer over grensen fra Ukraina. Leirsted og menighetsbygg gj\u00f8res om til flyktningmottak, og mat, vann og medisiner kj\u00f8pes inn.<\/p>\n\n\n\n<h2 class=\"wp-block-heading\">Video<\/h2>\n\n\n\n<p>I videoen forteller tidligere Ukraina-utsending Ole Magnus Breivold om hva han h\u00f8rer fra v\u00e5re venner i Ukraina, og leder for Europa-arbeid i Normisjon, Kristian Lande forteller om n\u00f8dhjelpen vi er med \u00e5 st\u00f8tte.<\/p>\n\n\n\n<figure class=\"wp-block-embed is-type-video is-provider-vimeo wp-block-embed-vimeo wp-embed-aspect-16-9 wp-has-aspect-ratio\"><div class=\"wp-block-embed__wrapper\">\nhttps:\/\/vimeo.com\/684929168\n<\/div><\/figure>\n\n\n\n<h2 class=\"wp-block-heading\"><strong>Gaver kan gis til:<\/strong><\/h2>\n\n\n\n<p>Kontonr:&nbsp;<strong>1503.02.13537<\/strong><br>Prosjektnummer:&nbsp;<strong>312000<\/strong><br>Merkes med:&nbsp;<strong>Ukraina<\/strong><\/p>\n\n\n\n<p>I Slovakia blir midlene formidlet gjennom misjonsorganisasjonen EVS, som er i det Europeiske Indremisjons-nettverket. I Tsjekkia blir midlene formidlet gjennom SCEAV, den lutherske samarbeidskirken v\u00e5r.<\/p>\n\n\n\n<p>Innsamlingsm\u00e5let er 200.000 NOK i l\u00f8pet av uken som kommer. Det f\u00f8rste som gj\u00f8res er \u00e5 varme opp et st\u00f8rre sommerleirsted til \u00e5 brukes som flyktningmottak i kulden. Oppdateringer kommer.<\/p>\n<\/div>","protected":false},"excerpt":{"rendered":"<p>Normisjon driver misjon i Europa, og har siste \u00e5rene hatt utsendinger b\u00e5de i Ukraina og Tsjekkia. N\u00e5 st\u00f8tter vi menigheter i Tsjekkia og Slovakia som [&hellip;]<\/p>\n","protected":false},"author":57,"featured_media":0,"parent":0,"menu_order":0,"comment_status":"closed","ping_status":"closed","template":"","meta":{"_acf_changed":false,"footnotes":""},"class_list":["post-4194","page","type-page","status-publish","hentry"],"acf":[],"yoast_head":"<!-- This site is optimized with the Yoast SEO plugin v25.9 - https:\/\/yoast.com\/wordpress\/plugins\/seo\/ -->\n<title>B\u00f8nn og n\u00f8dhjelp til Ukraina &#8211; Normisjon Hordaland<\/title>\n<meta name=\"robots\" content=\"index, follow, max-snippet:-1, max-image-preview:large, max-video-preview:-1\" \/>\n<link rel=\"canonical\" href=\"https:\/\/www.normisjon.no\/hordaland\/ukraina\/\" \/>\n<meta property=\"og:locale\" content=\"nb_NO\" \/>\n<meta property=\"og:type\" content=\"article\" \/>\n<meta property=\"og:title\" content=\"B\u00f8nn og n\u00f8dhjelp til Ukraina &#8211; Normisjon Hordaland\" \/>\n<meta property=\"og:description\" content=\"Normisjon driver misjon i Europa, og har siste \u00e5rene hatt utsendinger b\u00e5de i Ukraina og Tsjekkia. N\u00e5 st\u00f8tter vi menigheter i Tsjekkia og Slovakia som [&hellip;]\" \/>\n<meta property=\"og:url\" content=\"https:\/\/www.normisjon.no\/hordaland\/ukraina\/\" \/>\n<meta property=\"og:site_name\" content=\"Normisjon Hordaland\" \/>\n<meta property=\"article:publisher\" content=\"https:\/\/www.facebook.com\/normisjon.hordaland\" \/>\n<meta property=\"article:modified_time\" content=\"2022-03-05T11:02:02+00:00\" \/>\n<meta name=\"twitter:card\" content=\"summary_large_image\" \/>\n<meta name=\"twitter:site\" content=\"@Normisjon_hord\" \/>\n<meta name=\"twitter:label1\" content=\"Ansl. lesetid\" \/>\n\t<meta name=\"twitter:data1\" content=\"1 minutt\" \/>\n<script type=\"application\/ld+json\" class=\"yoast-schema-graph\">{\"@context\":\"https:\/\/schema.org\",\"@graph\":[{\"@type\":\"WebPage\",\"@id\":\"https:\/\/www.normisjon.no\/hordaland\/ukraina\/\",\"url\":\"https:\/\/www.normisjon.no\/hordaland\/ukraina\/\",\"name\":\"B\u00f8nn og n\u00f8dhjelp til Ukraina &#8211; Normisjon Hordaland\",\"isPartOf\":{\"@id\":\"https:\/\/www.normisjon.no\/hordaland\/#website\"},\"datePublished\":\"2022-03-04T11:09:25+00:00\",\"dateModified\":\"2022-03-05T11:02:02+00:00\",\"breadcrumb\":{\"@id\":\"https:\/\/www.normisjon.no\/hordaland\/ukraina\/#breadcrumb\"},\"inLanguage\":\"nb-NO\",\"potentialAction\":[{\"@type\":\"ReadAction\",\"target\":[\"https:\/\/www.normisjon.no\/hordaland\/ukraina\/\"]}]},{\"@type\":\"BreadcrumbList\",\"@id\":\"https:\/\/www.normisjon.no\/hordaland\/ukraina\/#breadcrumb\",\"itemListElement\":[{\"@type\":\"ListItem\",\"position\":1,\"name\":\"Home\",\"item\":\"https:\/\/www.normisjon.no\/hordaland\/\"},{\"@type\":\"ListItem\",\"position\":2,\"name\":\"B\u00f8nn og n\u00f8dhjelp til Ukraina\"}]},{\"@type\":\"WebSite\",\"@id\":\"https:\/\/www.normisjon.no\/hordaland\/#website\",\"url\":\"https:\/\/www.normisjon.no\/hordaland\/\",\"name\":\"Normisjon Hordaland\",\"description\":\"\",\"publisher\":{\"@id\":\"https:\/\/www.normisjon.no\/hordaland\/#organization\"},\"potentialAction\":[{\"@type\":\"SearchAction\",\"target\":{\"@type\":\"EntryPoint\",\"urlTemplate\":\"https:\/\/www.normisjon.no\/hordaland\/?s={search_term_string}\"},\"query-input\":{\"@type\":\"PropertyValueSpecification\",\"valueRequired\":true,\"valueName\":\"search_term_string\"}}],\"inLanguage\":\"nb-NO\"},{\"@type\":\"Organization\",\"@id\":\"https:\/\/www.normisjon.no\/hordaland\/#organization\",\"name\":\"Normisjon Hordaland\",\"url\":\"https:\/\/www.normisjon.no\/hordaland\/\",\"logo\":{\"@type\":\"ImageObject\",\"inLanguage\":\"nb-NO\",\"@id\":\"https:\/\/www.normisjon.no\/hordaland\/#\/schema\/logo\/image\/\",\"url\":\"https:\/\/www.normisjon.no\/content\/uploads\/sites\/13\/2021\/10\/normisjon-liggende-logo.jpg\",\"contentUrl\":\"https:\/\/www.normisjon.no\/content\/uploads\/sites\/13\/2021\/10\/normisjon-liggende-logo.jpg\",\"width\":850,\"height\":216,\"caption\":\"Normisjon Hordaland\"},\"image\":{\"@id\":\"https:\/\/www.normisjon.no\/hordaland\/#\/schema\/logo\/image\/\"},\"sameAs\":[\"https:\/\/www.facebook.com\/normisjon.hordaland\",\"https:\/\/x.com\/Normisjon_hord\"]}]}<\/script>\n<!-- \/ Yoast SEO plugin. -->","yoast_head_json":{"title":"B\u00f8nn og n\u00f8dhjelp til Ukraina &#8211; Normisjon Hordaland","robots":{"index":"index","follow":"follow","max-snippet":"max-snippet:-1","max-image-preview":"max-image-preview:large","max-video-preview":"max-video-preview:-1"},"canonical":"https:\/\/www.normisjon.no\/hordaland\/ukraina\/","og_locale":"nb_NO","og_type":"article","og_title":"B\u00f8nn og n\u00f8dhjelp til Ukraina &#8211; Normisjon Hordaland","og_description":"Normisjon driver misjon i Europa, og har siste \u00e5rene hatt utsendinger b\u00e5de i Ukraina og Tsjekkia. N\u00e5 st\u00f8tter vi menigheter i Tsjekkia og Slovakia som [&hellip;]","og_url":"https:\/\/www.normisjon.no\/hordaland\/ukraina\/","og_site_name":"Normisjon Hordaland","article_publisher":"https:\/\/www.facebook.com\/normisjon.hordaland","article_modified_time":"2022-03-05T11:02:02+00:00","twitter_card":"summary_large_image","twitter_site":"@Normisjon_hord","twitter_misc":{"Ansl. lesetid":"1 minutt"},"schema":{"@context":"https:\/\/schema.org","@graph":[{"@type":"WebPage","@id":"https:\/\/www.normisjon.no\/hordaland\/ukraina\/","url":"https:\/\/www.normisjon.no\/hordaland\/ukraina\/","name":"B\u00f8nn og n\u00f8dhjelp til Ukraina &#8211; Normisjon Hordaland","isPartOf":{"@id":"https:\/\/www.normisjon.no\/hordaland\/#website"},"datePublished":"2022-03-04T11:09:25+00:00","dateModified":"2022-03-05T11:02:02+00:00","breadcrumb":{"@id":"https:\/\/www.normisjon.no\/hordaland\/ukraina\/#breadcrumb"},"inLanguage":"nb-NO","potentialAction":[{"@type":"ReadAction","target":["https:\/\/www.normisjon.no\/hordaland\/ukraina\/"]}]},{"@type":"BreadcrumbList","@id":"https:\/\/www.normisjon.no\/hordaland\/ukraina\/#breadcrumb","itemListElement":[{"@type":"ListItem","position":1,"name":"Home","item":"https:\/\/www.normisjon.no\/hordaland\/"},{"@type":"ListItem","position":2,"name":"B\u00f8nn og n\u00f8dhjelp til Ukraina"}]},{"@type":"WebSite","@id":"https:\/\/www.normisjon.no\/hordaland\/#website","url":"https:\/\/www.normisjon.no\/hordaland\/","name":"Normisjon Hordaland","description":"","publisher":{"@id":"https:\/\/www.normisjon.no\/hordaland\/#organization"},"potentialAction":[{"@type":"SearchAction","target":{"@type":"EntryPoint","urlTemplate":"https:\/\/www.normisjon.no\/hordaland\/?s={search_term_string}"},"query-input":{"@type":"PropertyValueSpecification","valueRequired":true,"valueName":"search_term_string"}}],"inLanguage":"nb-NO"},{"@type":"Organization","@id":"https:\/\/www.normisjon.no\/hordaland\/#organization","name":"Normisjon Hordaland","url":"https:\/\/www.normisjon.no\/hordaland\/","logo":{"@type":"ImageObject","inLanguage":"nb-NO","@id":"https:\/\/www.normisjon.no\/hordaland\/#\/schema\/logo\/image\/","url":"https:\/\/www.normisjon.no\/content\/uploads\/sites\/13\/2021\/10\/normisjon-liggende-logo.jpg","contentUrl":"https:\/\/www.normisjon.no\/content\/uploads\/sites\/13\/2021\/10\/normisjon-liggende-logo.jpg","width":850,"height":216,"caption":"Normisjon Hordaland"},"image":{"@id":"https:\/\/www.normisjon.no\/hordaland\/#\/schema\/logo\/image\/"},"sameAs":["https:\/\/www.facebook.com\/normisjon.hordaland","https:\/\/x.com\/Normisjon_hord"]}]}},"_links":{"self":[{"href":"https:\/\/www.normisjon.no\/hordaland\/wp-json\/wp\/v2\/pages\/4194","targetHints":{"allow":["GET"]}}],"collection":[{"href":"https:\/\/www.normisjon.no\/hordaland\/wp-json\/wp\/v2\/pages"}],"about":[{"href":"https:\/\/www.normisjon.no\/hordaland\/wp-json\/wp\/v2\/types\/page"}],"author":[{"embeddable":true,"href":"https:\/\/www.normisjon.no\/hordaland\/wp-json\/wp\/v2\/users\/57"}],"replies":[{"embeddable":true,"href":"https:\/\/www.normisjon.no\/hordaland\/wp-json\/wp\/v2\/comments?post=4194"}],"version-history":[{"count":6,"href":"https:\/\/www.normisjon.no\/hordaland\/wp-json\/wp\/v2\/pages\/4194\/revisions"}],"predecessor-version":[{"id":4225,"href":"https:\/\/www.normisjon.no\/hordaland\/wp-json\/wp\/v2\/pages\/4194\/revisions\/4225"}],"wp:attachment":[{"href":"https:\/\/www.normisjon.no\/hordaland\/wp-json\/wp\/v2\/media?parent=4194"}],"curies":[{"name":"wp","href":"https:\/\/api.w.org\/{rel}","templated":true}]}}