{"id":4362,"date":"2023-11-23T14:14:23","date_gmt":"2023-11-23T13:14:23","guid":{"rendered":"https:\/\/www.normisjon.no\/hordaland\/?page_id=4362"},"modified":"2023-11-24T09:31:35","modified_gmt":"2023-11-24T08:31:35","slug":"nyhetsbrev-pa-epost","status":"publish","type":"page","link":"https:\/\/www.normisjon.no\/hordaland\/nyhetsbrev-pa-epost\/","title":{"rendered":"Nyhetsbrev p\u00e5 epost"},"content":{"rendered":"<div class=\"entry-content alignfull wp-block-post-content has-global-padding is-layout-constrained wp-block-post-content-is-layout-constrained\">\n<p>Fyll ut skjemaet for \u00e5 melde deg p\u00e5 nyhetsbrevet til Normisjon region Hordaland<\/p>\n\n\n\t<form class=\"t2-newsletter-signup wp-block-t2-newsletter-signup\" action=\"https:\/\/www.normisjon.no\/hordaland\/wp-json\/t2\/v1\/newsletter\/subscriber\" method=\"post\" data-success-message=\"Du er p\u00e5meldt nyhetsbrevet\">\n\t\t<input type=\"hidden\" name=\"_wpnonce\" value=\"57ed0c1cfa\" \/>\n\t\t<input type=\"hidden\" name=\"listId\" value=\"5ffb18b4c1\">\n\n\t\t\n\t\t<fieldset class=\"t2-newsletter-signup__fields\">\n\t\t\t<label class=\"t2-newsletter-signup__email\">\n\t\t\t\t<span>Din epost:<\/span>\n\t\t\t\t<input\n\t\t\t\t\ttype=\"email\"\n\t\t\t\t\tname=\"email\"\n\t\t\t\t\tclass=\"t2-newsletter-signup__email_field\"\n\t\t\t\t\tplaceholder=\"\"\n\t\t\t\t\trequired\n\t\t\t\t\/>\n\t\t\t<\/label>\n\n\t\t\t\t\t\t\t<label class=\"t2-newsletter-signup__phone\">\n\t\t\t\t\t<span>Mobil:<\/span>\n\t\t\t\t\t<input\n\t\t\t\t\t\ttype=\"tel\"\n\t\t\t\t\t\tname=\"phone\"\n\t\t\t\t\t\tclass=\"t2-newsletter-signup__phone_field\"\n\t\t\t\t\t\tplaceholder=\"\"\n\t\t\t\t\t\/>\n\t\t\t\t<\/label>\n\t\t\t\n\t\t\t\t\t\t\t<label class=\"t2-newsletter-signup__firstname\">\n\t\t\t\t\t<span>Fornavn:<\/span>\n\t\t\t\t\t<input\n\t\t\t\t\t\ttype=\"text\"\n\t\t\t\t\t\tname=\"firstName\"\n\t\t\t\t\t\tclass=\"t2-newsletter-signup__firstname_field\"\n\t\t\t\t\t\tplaceholder=\"\"\n\t\t\t\t\t\/>\n\t\t\t\t\t<\/label>\n\t\t\t\t<label class=\"t2-newsletter-signup__lastname\">\n\t\t\t\t\t<span>Etternavn:<\/span>\n\t\t\t\t\t<input\n\t\t\t\t\t\ttype=\"text\"\n\t\t\t\t\t\tname=\"lastName\"\n\t\t\t\t\t\tclass=\"t2-newsletter-signup__lastname_field\"\n\t\t\t\t\t\tplaceholder=\"\"\n\t\t\t\t\t\/>\n\t\t\t\t<\/label>\n\t\t\t\n\t\t\t\n\t\t\t\n\t\t\t<div class=\"t2-newsletter-signup__submit\">\n\t\t\t\t<button type=\"submit\" class=\"t2-newsletter-signup__submit-button wp-element-button\">\n\t\t\t\t\tMeld meg p\u00e5\t\t\t\t<\/button>\n\t\t\t<\/div>\n\t\t<\/fieldset>\n\t<\/form>\n\t\n\n\n<style type=\"text\/css\">\n.t2-newsletter-signup, .wp-block-t2-newsletter-signup, .t2-newsletter-signup__fields {\nborder: 0;\n}\n.t2-newsletter-signup label {\ndisplay: block;\nclear: both;\nmargin: 0.25em 0;\n}\n.t2-newsletter-signup label span {\ndisplay: block;\nfloat: left;\nmin-width: 8em;\ntext-align: right;\npadding: 0.25em;\n}\n.t2-newsletter-signup__submit button {\ndisplay: block;\nmargin: 1em auto;\npadding: 0.5em 2em;\nborder-radius: 10em;\n}\n<\/style>\n<\/div>","protected":false},"excerpt":{"rendered":"<p>Fyll ut skjemaet for \u00e5 melde deg p\u00e5 nyhetsbrevet til Normisjon region Hordaland<\/p>\n","protected":false},"author":57,"featured_media":0,"parent":0,"menu_order":0,"comment_status":"closed","ping_status":"closed","template":"","meta":{"_acf_changed":false,"footnotes":""},"class_list":["post-4362","page","type-page","status-publish","hentry"],"acf":[],"yoast_head":"<!-- This site is optimized with the Yoast SEO plugin v25.9 - https:\/\/yoast.com\/wordpress\/plugins\/seo\/ -->\n<title>Nyhetsbrev p\u00e5 epost &#8211; Normisjon Hordaland<\/title>\n<meta name=\"robots\" content=\"index, follow, max-snippet:-1, max-image-preview:large, max-video-preview:-1\" \/>\n<link rel=\"canonical\" href=\"https:\/\/www.normisjon.no\/hordaland\/nyhetsbrev-pa-epost\/\" \/>\n<meta property=\"og:locale\" content=\"nb_NO\" \/>\n<meta property=\"og:type\" content=\"article\" \/>\n<meta property=\"og:title\" content=\"Nyhetsbrev p\u00e5 epost &#8211; Normisjon Hordaland\" \/>\n<meta property=\"og:description\" content=\"Fyll ut skjemaet for \u00e5 melde deg p\u00e5 nyhetsbrevet til Normisjon region Hordaland\" \/>\n<meta property=\"og:url\" content=\"https:\/\/www.normisjon.no\/hordaland\/nyhetsbrev-pa-epost\/\" \/>\n<meta property=\"og:site_name\" content=\"Normisjon Hordaland\" \/>\n<meta property=\"article:publisher\" content=\"https:\/\/www.facebook.com\/normisjon.hordaland\" \/>\n<meta property=\"article:modified_time\" content=\"2023-11-24T08:31:35+00:00\" \/>\n<meta name=\"twitter:card\" content=\"summary_large_image\" \/>\n<meta name=\"twitter:site\" content=\"@Normisjon_hord\" \/>\n<meta name=\"twitter:label1\" content=\"Ansl. lesetid\" \/>\n\t<meta name=\"twitter:data1\" content=\"1 minutt\" \/>\n<script type=\"application\/ld+json\" class=\"yoast-schema-graph\">{\"@context\":\"https:\/\/schema.org\",\"@graph\":[{\"@type\":\"WebPage\",\"@id\":\"https:\/\/www.normisjon.no\/hordaland\/nyhetsbrev-pa-epost\/\",\"url\":\"https:\/\/www.normisjon.no\/hordaland\/nyhetsbrev-pa-epost\/\",\"name\":\"Nyhetsbrev p\u00e5 epost &#8211; Normisjon Hordaland\",\"isPartOf\":{\"@id\":\"https:\/\/www.normisjon.no\/hordaland\/#website\"},\"datePublished\":\"2023-11-23T13:14:23+00:00\",\"dateModified\":\"2023-11-24T08:31:35+00:00\",\"breadcrumb\":{\"@id\":\"https:\/\/www.normisjon.no\/hordaland\/nyhetsbrev-pa-epost\/#breadcrumb\"},\"inLanguage\":\"nb-NO\",\"potentialAction\":[{\"@type\":\"ReadAction\",\"target\":[\"https:\/\/www.normisjon.no\/hordaland\/nyhetsbrev-pa-epost\/\"]}]},{\"@type\":\"BreadcrumbList\",\"@id\":\"https:\/\/www.normisjon.no\/hordaland\/nyhetsbrev-pa-epost\/#breadcrumb\",\"itemListElement\":[{\"@type\":\"ListItem\",\"position\":1,\"name\":\"Home\",\"item\":\"https:\/\/www.normisjon.no\/hordaland\/\"},{\"@type\":\"ListItem\",\"position\":2,\"name\":\"Nyhetsbrev p\u00e5 epost\"}]},{\"@type\":\"WebSite\",\"@id\":\"https:\/\/www.normisjon.no\/hordaland\/#website\",\"url\":\"https:\/\/www.normisjon.no\/hordaland\/\",\"name\":\"Normisjon Hordaland\",\"description\":\"\",\"publisher\":{\"@id\":\"https:\/\/www.normisjon.no\/hordaland\/#organization\"},\"potentialAction\":[{\"@type\":\"SearchAction\",\"target\":{\"@type\":\"EntryPoint\",\"urlTemplate\":\"https:\/\/www.normisjon.no\/hordaland\/?s={search_term_string}\"},\"query-input\":{\"@type\":\"PropertyValueSpecification\",\"valueRequired\":true,\"valueName\":\"search_term_string\"}}],\"inLanguage\":\"nb-NO\"},{\"@type\":\"Organization\",\"@id\":\"https:\/\/www.normisjon.no\/hordaland\/#organization\",\"name\":\"Normisjon Hordaland\",\"url\":\"https:\/\/www.normisjon.no\/hordaland\/\",\"logo\":{\"@type\":\"ImageObject\",\"inLanguage\":\"nb-NO\",\"@id\":\"https:\/\/www.normisjon.no\/hordaland\/#\/schema\/logo\/image\/\",\"url\":\"https:\/\/www.normisjon.no\/content\/uploads\/sites\/13\/2021\/10\/normisjon-liggende-logo.jpg\",\"contentUrl\":\"https:\/\/www.normisjon.no\/content\/uploads\/sites\/13\/2021\/10\/normisjon-liggende-logo.jpg\",\"width\":850,\"height\":216,\"caption\":\"Normisjon Hordaland\"},\"image\":{\"@id\":\"https:\/\/www.normisjon.no\/hordaland\/#\/schema\/logo\/image\/\"},\"sameAs\":[\"https:\/\/www.facebook.com\/normisjon.hordaland\",\"https:\/\/x.com\/Normisjon_hord\"]}]}<\/script>\n<!-- \/ Yoast SEO plugin. -->","yoast_head_json":{"title":"Nyhetsbrev p\u00e5 epost &#8211; Normisjon Hordaland","robots":{"index":"index","follow":"follow","max-snippet":"max-snippet:-1","max-image-preview":"max-image-preview:large","max-video-preview":"max-video-preview:-1"},"canonical":"https:\/\/www.normisjon.no\/hordaland\/nyhetsbrev-pa-epost\/","og_locale":"nb_NO","og_type":"article","og_title":"Nyhetsbrev p\u00e5 epost &#8211; Normisjon Hordaland","og_description":"Fyll ut skjemaet for \u00e5 melde deg p\u00e5 nyhetsbrevet til Normisjon region Hordaland","og_url":"https:\/\/www.normisjon.no\/hordaland\/nyhetsbrev-pa-epost\/","og_site_name":"Normisjon Hordaland","article_publisher":"https:\/\/www.facebook.com\/normisjon.hordaland","article_modified_time":"2023-11-24T08:31:35+00:00","twitter_card":"summary_large_image","twitter_site":"@Normisjon_hord","twitter_misc":{"Ansl. lesetid":"1 minutt"},"schema":{"@context":"https:\/\/schema.org","@graph":[{"@type":"WebPage","@id":"https:\/\/www.normisjon.no\/hordaland\/nyhetsbrev-pa-epost\/","url":"https:\/\/www.normisjon.no\/hordaland\/nyhetsbrev-pa-epost\/","name":"Nyhetsbrev p\u00e5 epost &#8211; Normisjon Hordaland","isPartOf":{"@id":"https:\/\/www.normisjon.no\/hordaland\/#website"},"datePublished":"2023-11-23T13:14:23+00:00","dateModified":"2023-11-24T08:31:35+00:00","breadcrumb":{"@id":"https:\/\/www.normisjon.no\/hordaland\/nyhetsbrev-pa-epost\/#breadcrumb"},"inLanguage":"nb-NO","potentialAction":[{"@type":"ReadAction","target":["https:\/\/www.normisjon.no\/hordaland\/nyhetsbrev-pa-epost\/"]}]},{"@type":"BreadcrumbList","@id":"https:\/\/www.normisjon.no\/hordaland\/nyhetsbrev-pa-epost\/#breadcrumb","itemListElement":[{"@type":"ListItem","position":1,"name":"Home","item":"https:\/\/www.normisjon.no\/hordaland\/"},{"@type":"ListItem","position":2,"name":"Nyhetsbrev p\u00e5 epost"}]},{"@type":"WebSite","@id":"https:\/\/www.normisjon.no\/hordaland\/#website","url":"https:\/\/www.normisjon.no\/hordaland\/","name":"Normisjon Hordaland","description":"","publisher":{"@id":"https:\/\/www.normisjon.no\/hordaland\/#organization"},"potentialAction":[{"@type":"SearchAction","target":{"@type":"EntryPoint","urlTemplate":"https:\/\/www.normisjon.no\/hordaland\/?s={search_term_string}"},"query-input":{"@type":"PropertyValueSpecification","valueRequired":true,"valueName":"search_term_string"}}],"inLanguage":"nb-NO"},{"@type":"Organization","@id":"https:\/\/www.normisjon.no\/hordaland\/#organization","name":"Normisjon Hordaland","url":"https:\/\/www.normisjon.no\/hordaland\/","logo":{"@type":"ImageObject","inLanguage":"nb-NO","@id":"https:\/\/www.normisjon.no\/hordaland\/#\/schema\/logo\/image\/","url":"https:\/\/www.normisjon.no\/content\/uploads\/sites\/13\/2021\/10\/normisjon-liggende-logo.jpg","contentUrl":"https:\/\/www.normisjon.no\/content\/uploads\/sites\/13\/2021\/10\/normisjon-liggende-logo.jpg","width":850,"height":216,"caption":"Normisjon Hordaland"},"image":{"@id":"https:\/\/www.normisjon.no\/hordaland\/#\/schema\/logo\/image\/"},"sameAs":["https:\/\/www.facebook.com\/normisjon.hordaland","https:\/\/x.com\/Normisjon_hord"]}]}},"_links":{"self":[{"href":"https:\/\/www.normisjon.no\/hordaland\/wp-json\/wp\/v2\/pages\/4362","targetHints":{"allow":["GET"]}}],"collection":[{"href":"https:\/\/www.normisjon.no\/hordaland\/wp-json\/wp\/v2\/pages"}],"about":[{"href":"https:\/\/www.normisjon.no\/hordaland\/wp-json\/wp\/v2\/types\/page"}],"author":[{"embeddable":true,"href":"https:\/\/www.normisjon.no\/hordaland\/wp-json\/wp\/v2\/users\/57"}],"replies":[{"embeddable":true,"href":"https:\/\/www.normisjon.no\/hordaland\/wp-json\/wp\/v2\/comments?post=4362"}],"version-history":[{"count":22,"href":"https:\/\/www.normisjon.no\/hordaland\/wp-json\/wp\/v2\/pages\/4362\/revisions"}],"predecessor-version":[{"id":4437,"href":"https:\/\/www.normisjon.no\/hordaland\/wp-json\/wp\/v2\/pages\/4362\/revisions\/4437"}],"wp:attachment":[{"href":"https:\/\/www.normisjon.no\/hordaland\/wp-json\/wp\/v2\/media?parent=4362"}],"curies":[{"name":"wp","href":"https:\/\/api.w.org\/{rel}","templated":true}]}}