{"id":4392,"date":"2023-11-24T09:03:29","date_gmt":"2023-11-24T08:03:29","guid":{"rendered":"https:\/\/www.normisjon.no\/hordaland\/?page_id=4392"},"modified":"2026-01-15T10:49:45","modified_gmt":"2026-01-15T09:49:45","slug":"gi","status":"publish","type":"page","link":"https:\/\/www.normisjon.no\/hordaland\/gi\/","title":{"rendered":"Gi til Normisjon Hordaland"},"content":{"rendered":"<div class=\"entry-content alignfull wp-block-post-content has-global-padding is-layout-constrained wp-block-post-content-is-layout-constrained\">\n<p>I 2022 startet i tillegg en prosess med omstilling av \u00f8konomien i region Hordaland. Den ble grundig behandlet p\u00e5 \u00e5rsm\u00f8te i mai og det ble gjort grep gjennom \u00e5ret for \u00e5 f\u00e5 ned kostnadene og \u00f8ke gaveinntektene til region Hordaland. Fastgivertjenesten til region Hordaland har hatt en fin utvikling gjennom 2022, og det er lagt ned et godt arbeid for videre vekst i gaveinntektene.<\/p>\n\n\n\n<script>\n         window.onload = function() {\n            var iframe = document.getElementById(\"profundo-iframe\");\n            iframe.width = iframe.contentWindow.document.body.scrollWidth;\n            iframe.height = iframe.contentWindow.document.body.scrollHeight;\n         }\n      <\/script>\n<iframe loading=\"lazy\" id=\"profundo-iframe\" width=\"100%\" height=\"100%\" src=\"https:\/\/normisjon.profundo.no\/gi_normisjonhordaland\"><\/iframe>\n<style>\nbody {\nbackground-color: #E3E3E3; \/\/ To match profundo iframe\n}\n.gutenberg-content>* {\nmax-width: 100%!important; \/\/ Reset previous rule restricting width\n}\n#profundo-iframe {\ndisplay:block;\nwidth: 100%;\nheight: 100%;\nmin-height: 68em; \/\/ A generous amount\nmargin: 0;\npadding: 0;\nborder: 0;\nborder-radius: 8px;\n}\n<\/style>\n<\/div>","protected":false},"excerpt":{"rendered":"<p>I 2022 startet i tillegg en prosess med omstilling av \u00f8konomien i region Hordaland. Den ble grundig behandlet p\u00e5 \u00e5rsm\u00f8te i mai og det ble [&hellip;]<\/p>\n","protected":false},"author":57,"featured_media":0,"parent":0,"menu_order":0,"comment_status":"closed","ping_status":"closed","template":"","meta":{"_acf_changed":false,"footnotes":""},"class_list":["post-4392","page","type-page","status-publish","hentry"],"acf":[],"yoast_head":"<!-- This site is optimized with the Yoast SEO plugin v25.9 - https:\/\/yoast.com\/wordpress\/plugins\/seo\/ -->\n<title>Gi til Normisjon Hordaland &#8211; Normisjon Hordaland<\/title>\n<meta name=\"robots\" content=\"index, follow, max-snippet:-1, max-image-preview:large, max-video-preview:-1\" \/>\n<link rel=\"canonical\" href=\"https:\/\/www.normisjon.no\/hordaland\/gi\/\" \/>\n<meta property=\"og:locale\" content=\"nb_NO\" \/>\n<meta property=\"og:type\" content=\"article\" \/>\n<meta property=\"og:title\" content=\"Gi til Normisjon Hordaland &#8211; Normisjon Hordaland\" \/>\n<meta property=\"og:description\" content=\"I 2022 startet i tillegg en prosess med omstilling av \u00f8konomien i region Hordaland. Den ble grundig behandlet p\u00e5 \u00e5rsm\u00f8te i mai og det ble [&hellip;]\" \/>\n<meta property=\"og:url\" content=\"https:\/\/www.normisjon.no\/hordaland\/gi\/\" \/>\n<meta property=\"og:site_name\" content=\"Normisjon Hordaland\" \/>\n<meta property=\"article:publisher\" content=\"https:\/\/www.facebook.com\/normisjon.hordaland\" \/>\n<meta property=\"article:modified_time\" content=\"2026-01-15T09:49:45+00:00\" \/>\n<meta name=\"twitter:card\" content=\"summary_large_image\" \/>\n<meta name=\"twitter:site\" content=\"@Normisjon_hord\" \/>\n<meta name=\"twitter:label1\" content=\"Ansl. lesetid\" \/>\n\t<meta name=\"twitter:data1\" content=\"1 minutt\" \/>\n<script type=\"application\/ld+json\" class=\"yoast-schema-graph\">{\"@context\":\"https:\/\/schema.org\",\"@graph\":[{\"@type\":\"WebPage\",\"@id\":\"https:\/\/www.normisjon.no\/hordaland\/gi\/\",\"url\":\"https:\/\/www.normisjon.no\/hordaland\/gi\/\",\"name\":\"Gi til Normisjon Hordaland &#8211; Normisjon Hordaland\",\"isPartOf\":{\"@id\":\"https:\/\/www.normisjon.no\/hordaland\/#website\"},\"datePublished\":\"2023-11-24T08:03:29+00:00\",\"dateModified\":\"2026-01-15T09:49:45+00:00\",\"breadcrumb\":{\"@id\":\"https:\/\/www.normisjon.no\/hordaland\/gi\/#breadcrumb\"},\"inLanguage\":\"nb-NO\",\"potentialAction\":[{\"@type\":\"ReadAction\",\"target\":[\"https:\/\/www.normisjon.no\/hordaland\/gi\/\"]}]},{\"@type\":\"BreadcrumbList\",\"@id\":\"https:\/\/www.normisjon.no\/hordaland\/gi\/#breadcrumb\",\"itemListElement\":[{\"@type\":\"ListItem\",\"position\":1,\"name\":\"Home\",\"item\":\"https:\/\/www.normisjon.no\/hordaland\/\"},{\"@type\":\"ListItem\",\"position\":2,\"name\":\"Gi til Normisjon Hordaland\"}]},{\"@type\":\"WebSite\",\"@id\":\"https:\/\/www.normisjon.no\/hordaland\/#website\",\"url\":\"https:\/\/www.normisjon.no\/hordaland\/\",\"name\":\"Normisjon Hordaland\",\"description\":\"\",\"publisher\":{\"@id\":\"https:\/\/www.normisjon.no\/hordaland\/#organization\"},\"potentialAction\":[{\"@type\":\"SearchAction\",\"target\":{\"@type\":\"EntryPoint\",\"urlTemplate\":\"https:\/\/www.normisjon.no\/hordaland\/?s={search_term_string}\"},\"query-input\":{\"@type\":\"PropertyValueSpecification\",\"valueRequired\":true,\"valueName\":\"search_term_string\"}}],\"inLanguage\":\"nb-NO\"},{\"@type\":\"Organization\",\"@id\":\"https:\/\/www.normisjon.no\/hordaland\/#organization\",\"name\":\"Normisjon Hordaland\",\"url\":\"https:\/\/www.normisjon.no\/hordaland\/\",\"logo\":{\"@type\":\"ImageObject\",\"inLanguage\":\"nb-NO\",\"@id\":\"https:\/\/www.normisjon.no\/hordaland\/#\/schema\/logo\/image\/\",\"url\":\"https:\/\/www.normisjon.no\/content\/uploads\/sites\/13\/2021\/10\/normisjon-liggende-logo.jpg\",\"contentUrl\":\"https:\/\/www.normisjon.no\/content\/uploads\/sites\/13\/2021\/10\/normisjon-liggende-logo.jpg\",\"width\":850,\"height\":216,\"caption\":\"Normisjon Hordaland\"},\"image\":{\"@id\":\"https:\/\/www.normisjon.no\/hordaland\/#\/schema\/logo\/image\/\"},\"sameAs\":[\"https:\/\/www.facebook.com\/normisjon.hordaland\",\"https:\/\/x.com\/Normisjon_hord\"]}]}<\/script>\n<!-- \/ Yoast SEO plugin. -->","yoast_head_json":{"title":"Gi til Normisjon Hordaland &#8211; Normisjon Hordaland","robots":{"index":"index","follow":"follow","max-snippet":"max-snippet:-1","max-image-preview":"max-image-preview:large","max-video-preview":"max-video-preview:-1"},"canonical":"https:\/\/www.normisjon.no\/hordaland\/gi\/","og_locale":"nb_NO","og_type":"article","og_title":"Gi til Normisjon Hordaland &#8211; Normisjon Hordaland","og_description":"I 2022 startet i tillegg en prosess med omstilling av \u00f8konomien i region Hordaland. Den ble grundig behandlet p\u00e5 \u00e5rsm\u00f8te i mai og det ble [&hellip;]","og_url":"https:\/\/www.normisjon.no\/hordaland\/gi\/","og_site_name":"Normisjon Hordaland","article_publisher":"https:\/\/www.facebook.com\/normisjon.hordaland","article_modified_time":"2026-01-15T09:49:45+00:00","twitter_card":"summary_large_image","twitter_site":"@Normisjon_hord","twitter_misc":{"Ansl. lesetid":"1 minutt"},"schema":{"@context":"https:\/\/schema.org","@graph":[{"@type":"WebPage","@id":"https:\/\/www.normisjon.no\/hordaland\/gi\/","url":"https:\/\/www.normisjon.no\/hordaland\/gi\/","name":"Gi til Normisjon Hordaland &#8211; Normisjon Hordaland","isPartOf":{"@id":"https:\/\/www.normisjon.no\/hordaland\/#website"},"datePublished":"2023-11-24T08:03:29+00:00","dateModified":"2026-01-15T09:49:45+00:00","breadcrumb":{"@id":"https:\/\/www.normisjon.no\/hordaland\/gi\/#breadcrumb"},"inLanguage":"nb-NO","potentialAction":[{"@type":"ReadAction","target":["https:\/\/www.normisjon.no\/hordaland\/gi\/"]}]},{"@type":"BreadcrumbList","@id":"https:\/\/www.normisjon.no\/hordaland\/gi\/#breadcrumb","itemListElement":[{"@type":"ListItem","position":1,"name":"Home","item":"https:\/\/www.normisjon.no\/hordaland\/"},{"@type":"ListItem","position":2,"name":"Gi til Normisjon Hordaland"}]},{"@type":"WebSite","@id":"https:\/\/www.normisjon.no\/hordaland\/#website","url":"https:\/\/www.normisjon.no\/hordaland\/","name":"Normisjon Hordaland","description":"","publisher":{"@id":"https:\/\/www.normisjon.no\/hordaland\/#organization"},"potentialAction":[{"@type":"SearchAction","target":{"@type":"EntryPoint","urlTemplate":"https:\/\/www.normisjon.no\/hordaland\/?s={search_term_string}"},"query-input":{"@type":"PropertyValueSpecification","valueRequired":true,"valueName":"search_term_string"}}],"inLanguage":"nb-NO"},{"@type":"Organization","@id":"https:\/\/www.normisjon.no\/hordaland\/#organization","name":"Normisjon Hordaland","url":"https:\/\/www.normisjon.no\/hordaland\/","logo":{"@type":"ImageObject","inLanguage":"nb-NO","@id":"https:\/\/www.normisjon.no\/hordaland\/#\/schema\/logo\/image\/","url":"https:\/\/www.normisjon.no\/content\/uploads\/sites\/13\/2021\/10\/normisjon-liggende-logo.jpg","contentUrl":"https:\/\/www.normisjon.no\/content\/uploads\/sites\/13\/2021\/10\/normisjon-liggende-logo.jpg","width":850,"height":216,"caption":"Normisjon Hordaland"},"image":{"@id":"https:\/\/www.normisjon.no\/hordaland\/#\/schema\/logo\/image\/"},"sameAs":["https:\/\/www.facebook.com\/normisjon.hordaland","https:\/\/x.com\/Normisjon_hord"]}]}},"_links":{"self":[{"href":"https:\/\/www.normisjon.no\/hordaland\/wp-json\/wp\/v2\/pages\/4392","targetHints":{"allow":["GET"]}}],"collection":[{"href":"https:\/\/www.normisjon.no\/hordaland\/wp-json\/wp\/v2\/pages"}],"about":[{"href":"https:\/\/www.normisjon.no\/hordaland\/wp-json\/wp\/v2\/types\/page"}],"author":[{"embeddable":true,"href":"https:\/\/www.normisjon.no\/hordaland\/wp-json\/wp\/v2\/users\/57"}],"replies":[{"embeddable":true,"href":"https:\/\/www.normisjon.no\/hordaland\/wp-json\/wp\/v2\/comments?post=4392"}],"version-history":[{"count":20,"href":"https:\/\/www.normisjon.no\/hordaland\/wp-json\/wp\/v2\/pages\/4392\/revisions"}],"predecessor-version":[{"id":5295,"href":"https:\/\/www.normisjon.no\/hordaland\/wp-json\/wp\/v2\/pages\/4392\/revisions\/5295"}],"wp:attachment":[{"href":"https:\/\/www.normisjon.no\/hordaland\/wp-json\/wp\/v2\/media?parent=4392"}],"curies":[{"name":"wp","href":"https:\/\/api.w.org\/{rel}","templated":true}]}}