{"id":100,"date":"2018-06-04T12:24:16","date_gmt":"2018-06-04T10:24:16","guid":{"rendered":"https:\/\/www.normisjon.no\/region-more\/?page_id=100"},"modified":"2018-06-22T11:55:00","modified_gmt":"2018-06-22T09:55:00","slug":"min-side","status":"publish","type":"page","link":"https:\/\/www.normisjon.no\/more\/min-side\/","title":{"rendered":"Min Side"},"content":{"rendered":"<div id=\"module-0\" class=\"hogan-module hogan-module-image hogan-module-0 hogan-image-size-large\"><div class=\"hogan-module-inner\"><figure class=\"wp-caption size-large\"><img loading=\"lazy\" decoding=\"async\" width=\"768\" height=\"480\" src=\"https:\/\/www.normisjon.no\/content\/uploads\/sites\/14\/2018\/06\/minside-profundo-768x480.png\" class=\"attachment-large size-large\" alt=\"\" srcset=\"https:\/\/www.normisjon.no\/content\/uploads\/sites\/14\/2018\/06\/minside-profundo-768x480.png 768w, https:\/\/www.normisjon.no\/content\/uploads\/sites\/14\/2018\/06\/minside-profundo-768x480-300x188.png 300w\" sizes=\"auto, (max-width: 768px) 100vw, 768px\" \/><\/figure><\/div><\/div><div id=\"module-1\" class=\"hogan-module hogan-module-text hogan-module-1\"><div class=\"hogan-module-inner\"><p>P\u00e5 MinSide kan b\u00e5de privatpersoner og foreninger\/lag organisere sineabbonementer og givertjeneste hos Normisjon\/acta.<\/p>\n<p>Acta lokallag bruker dette systemet for \u00e5 innrapportere \u00e5rsrapporter. Gj\u00f8r man det f\u00e5r man midler fra FriFond.<\/p>\n<p>Hvordan bruke MinSide for Acta?<\/p>\n<p>Hvordan bruke MinSide for Normisjon?<\/p>\n<p><a href=\"https:\/\/acta.profundo.no\/minside\">Link til MinSide Acta<\/a><\/p>\n<p><a href=\"https:\/\/normisjon.profundo.no\/minside\">Link til MinSide Normisjon<\/a><\/p><\/div><\/div>","protected":false},"excerpt":{"rendered":"<p>P\u00e5 MinSide kan b\u00e5de privatpersoner og foreninger\/lag organisere sineabbonementer og givertjeneste hos Normisjon\/acta. Acta lokallag bruker dette systemet for \u00e5 innrapportere \u00e5rsrapporter. Gj\u00f8r man det [&hellip;]<\/p>\n","protected":false},"author":34,"featured_media":0,"parent":0,"menu_order":0,"comment_status":"closed","ping_status":"closed","template":"","meta":{"_acf_changed":false,"footnotes":""},"class_list":["post-100","page","type-page","status-publish","hentry"],"acf":[],"yoast_head":"<!-- This site is optimized with the Yoast SEO plugin v25.9 - https:\/\/yoast.com\/wordpress\/plugins\/seo\/ -->\n<title>Min Side - Region M\u00f8re<\/title>\n<meta name=\"robots\" content=\"index, follow, max-snippet:-1, max-image-preview:large, max-video-preview:-1\" \/>\n<link rel=\"canonical\" href=\"https:\/\/www.normisjon.no\/more\/min-side\/\" \/>\n<meta property=\"og:locale\" content=\"nb_NO\" \/>\n<meta property=\"og:type\" content=\"article\" \/>\n<meta property=\"og:title\" content=\"Min Side - Region M\u00f8re\" \/>\n<meta property=\"og:description\" content=\"P\u00e5 MinSide kan b\u00e5de privatpersoner og foreninger\/lag organisere sineabbonementer og givertjeneste hos Normisjon\/acta. Acta lokallag bruker dette systemet for \u00e5 innrapportere \u00e5rsrapporter. Gj\u00f8r man det [&hellip;]\" \/>\n<meta property=\"og:url\" content=\"https:\/\/www.normisjon.no\/more\/min-side\/\" \/>\n<meta property=\"og:site_name\" content=\"Region M\u00f8re\" \/>\n<meta property=\"article:modified_time\" content=\"2018-06-22T09:55:00+00:00\" \/>\n<meta name=\"twitter:card\" content=\"summary_large_image\" \/>\n<script type=\"application\/ld+json\" class=\"yoast-schema-graph\">{\"@context\":\"https:\/\/schema.org\",\"@graph\":[{\"@type\":\"WebPage\",\"@id\":\"https:\/\/www.normisjon.no\/more\/min-side\/\",\"url\":\"https:\/\/www.normisjon.no\/more\/min-side\/\",\"name\":\"Min Side - Region M\u00f8re\",\"isPartOf\":{\"@id\":\"https:\/\/www.normisjon.no\/more\/#website\"},\"datePublished\":\"2018-06-04T10:24:16+00:00\",\"dateModified\":\"2018-06-22T09:55:00+00:00\",\"breadcrumb\":{\"@id\":\"https:\/\/www.normisjon.no\/more\/min-side\/#breadcrumb\"},\"inLanguage\":\"nb-NO\",\"potentialAction\":[{\"@type\":\"ReadAction\",\"target\":[\"https:\/\/www.normisjon.no\/more\/min-side\/\"]}]},{\"@type\":\"BreadcrumbList\",\"@id\":\"https:\/\/www.normisjon.no\/more\/min-side\/#breadcrumb\",\"itemListElement\":[{\"@type\":\"ListItem\",\"position\":1,\"name\":\"Home\",\"item\":\"https:\/\/www.normisjon.no\/more\/\"},{\"@type\":\"ListItem\",\"position\":2,\"name\":\"Min Side\"}]},{\"@type\":\"WebSite\",\"@id\":\"https:\/\/www.normisjon.no\/more\/#website\",\"url\":\"https:\/\/www.normisjon.no\/more\/\",\"name\":\"Region M\u00f8re\",\"description\":\"\",\"potentialAction\":[{\"@type\":\"SearchAction\",\"target\":{\"@type\":\"EntryPoint\",\"urlTemplate\":\"https:\/\/www.normisjon.no\/more\/?s={search_term_string}\"},\"query-input\":{\"@type\":\"PropertyValueSpecification\",\"valueRequired\":true,\"valueName\":\"search_term_string\"}}],\"inLanguage\":\"nb-NO\"}]}<\/script>\n<!-- \/ Yoast SEO plugin. -->","yoast_head_json":{"title":"Min Side - Region M\u00f8re","robots":{"index":"index","follow":"follow","max-snippet":"max-snippet:-1","max-image-preview":"max-image-preview:large","max-video-preview":"max-video-preview:-1"},"canonical":"https:\/\/www.normisjon.no\/more\/min-side\/","og_locale":"nb_NO","og_type":"article","og_title":"Min Side - Region M\u00f8re","og_description":"P\u00e5 MinSide kan b\u00e5de privatpersoner og foreninger\/lag organisere sineabbonementer og givertjeneste hos Normisjon\/acta. Acta lokallag bruker dette systemet for \u00e5 innrapportere \u00e5rsrapporter. Gj\u00f8r man det [&hellip;]","og_url":"https:\/\/www.normisjon.no\/more\/min-side\/","og_site_name":"Region M\u00f8re","article_modified_time":"2018-06-22T09:55:00+00:00","twitter_card":"summary_large_image","schema":{"@context":"https:\/\/schema.org","@graph":[{"@type":"WebPage","@id":"https:\/\/www.normisjon.no\/more\/min-side\/","url":"https:\/\/www.normisjon.no\/more\/min-side\/","name":"Min Side - Region M\u00f8re","isPartOf":{"@id":"https:\/\/www.normisjon.no\/more\/#website"},"datePublished":"2018-06-04T10:24:16+00:00","dateModified":"2018-06-22T09:55:00+00:00","breadcrumb":{"@id":"https:\/\/www.normisjon.no\/more\/min-side\/#breadcrumb"},"inLanguage":"nb-NO","potentialAction":[{"@type":"ReadAction","target":["https:\/\/www.normisjon.no\/more\/min-side\/"]}]},{"@type":"BreadcrumbList","@id":"https:\/\/www.normisjon.no\/more\/min-side\/#breadcrumb","itemListElement":[{"@type":"ListItem","position":1,"name":"Home","item":"https:\/\/www.normisjon.no\/more\/"},{"@type":"ListItem","position":2,"name":"Min Side"}]},{"@type":"WebSite","@id":"https:\/\/www.normisjon.no\/more\/#website","url":"https:\/\/www.normisjon.no\/more\/","name":"Region M\u00f8re","description":"","potentialAction":[{"@type":"SearchAction","target":{"@type":"EntryPoint","urlTemplate":"https:\/\/www.normisjon.no\/more\/?s={search_term_string}"},"query-input":{"@type":"PropertyValueSpecification","valueRequired":true,"valueName":"search_term_string"}}],"inLanguage":"nb-NO"}]}},"_links":{"self":[{"href":"https:\/\/www.normisjon.no\/more\/wp-json\/wp\/v2\/pages\/100","targetHints":{"allow":["GET"]}}],"collection":[{"href":"https:\/\/www.normisjon.no\/more\/wp-json\/wp\/v2\/pages"}],"about":[{"href":"https:\/\/www.normisjon.no\/more\/wp-json\/wp\/v2\/types\/page"}],"author":[{"embeddable":true,"href":"https:\/\/www.normisjon.no\/more\/wp-json\/wp\/v2\/users\/34"}],"replies":[{"embeddable":true,"href":"https:\/\/www.normisjon.no\/more\/wp-json\/wp\/v2\/comments?post=100"}],"version-history":[{"count":1,"href":"https:\/\/www.normisjon.no\/more\/wp-json\/wp\/v2\/pages\/100\/revisions"}],"predecessor-version":[{"id":102,"href":"https:\/\/www.normisjon.no\/more\/wp-json\/wp\/v2\/pages\/100\/revisions\/102"}],"wp:attachment":[{"href":"https:\/\/www.normisjon.no\/more\/wp-json\/wp\/v2\/media?parent=100"}],"curies":[{"name":"wp","href":"https:\/\/api.w.org\/{rel}","templated":true}]}}