{"id":104,"date":"2018-06-04T12:34:47","date_gmt":"2018-06-04T10:34:47","guid":{"rendered":"https:\/\/www.normisjon.no\/region-more\/?page_id=104"},"modified":"2026-03-23T11:29:13","modified_gmt":"2026-03-23T10:29:13","slug":"misjonsprosjekt-i-region-more","status":"publish","type":"page","link":"https:\/\/www.normisjon.no\/more\/misjonsprosjekt-i-region-more\/","title":{"rendered":"Misjonsprosjekt"},"content":{"rendered":"<div id=\"module-0\" class=\"hogan-module hogan-module-banner hogan-module-0 normisjon-banner-button-default hogan-banner-content-left hogan-module-width-full hogan-banner-theme-light hogan-banner-layout-columns hogan-banner-text-center\"><div class=\"hogan-module-inner\"><div class=\"hogan-banner\">\n\t<div class=\"hogan-banner-column hogan-banner-image\">\n\t\t<img loading=\"lazy\" decoding=\"async\" width=\"960\" height=\"643\" src=\"https:\/\/www.normisjon.no\/content\/uploads\/sites\/14\/2018\/06\/AdobeStock_78115363.jpg\" class=\"attachment-half-width size-half-width\" alt=\"\" srcset=\"https:\/\/www.normisjon.no\/content\/uploads\/sites\/14\/2018\/06\/AdobeStock_78115363.jpg 3678w, https:\/\/www.normisjon.no\/content\/uploads\/sites\/14\/2018\/06\/AdobeStock_78115363-300x201.jpg 300w, https:\/\/www.normisjon.no\/content\/uploads\/sites\/14\/2018\/06\/AdobeStock_78115363-768x514.jpg 768w, https:\/\/www.normisjon.no\/content\/uploads\/sites\/14\/2018\/06\/AdobeStock_78115363-1024x685.jpg 1024w, https:\/\/www.normisjon.no\/content\/uploads\/sites\/14\/2018\/06\/AdobeStock_78115363-1920x1285.jpg 1920w, https:\/\/www.normisjon.no\/content\/uploads\/sites\/14\/2018\/06\/AdobeStock_78115363-1360x910.jpg 1360w\" sizes=\"auto, (max-width: 960px) 100vw, 960px\" \/>\t<\/div>\n\t\t\t<div class=\"hogan-banner-column hogan-banner-content\">\n\t\t\t<div class=\"hogan-banner-content-inner\">\n\t\t\t\t<h2 class=\"hogan-heading\">Engasjer deg i v\u00e5re spennende misjonsprosjekter!<\/h2><p>I Normisjon s\u00e5 har vi mange samarbeidsland og internasjonale prosjekter man kan v\u00e6re med \u00e5 st\u00f8tte.<br \/>\nEt av landene Normisjon M\u00f8re har v\u00e6rt sterkt involvert i det siste har v\u00e6rt pionerarbeidet i Senegal.<br \/>\nLigger noen linker under her til de aktuelle oversiktene:<\/p>\n\t\t\t<\/div>\n\t\t<\/div>\n\t<\/div>\n<\/div><\/div><div id=\"module-1\" class=\"hogan-module hogan-module-linklist hogan-module-1\"><nav class=\"hogan-module-inner\">\n<ul class=\"hogan-linklist-container\">\n\t\t\t<li class=\"hogan-linklist-inner\">\n\t\t\t\n\t\t\t<ul class=\"hogan-linklist-items\">\n\t\t\t\t<li class=\"hogan-linklist-item hogan-linklist-item-external\"><a href=\"https:\/\/www.normisjon.no\/vare-prosjekter\/\">Samarbeidsland<svg xmlns=\"http:\/\/www.w3.org\/2000\/svg\" viewBox=\"0 0 56 100\" class=\"hogan-linklist-icon\"><path d=\"M54.3 47.3L7 0 .1 6.9l42.2 42.2L0 93.1l7.1 6.8 48.9-51z\"\/><\/svg><\/a><\/li><li class=\"hogan-linklist-item hogan-linklist-item-external\"><a href=\"https:\/\/www.normisjon.no\/vare-prosjekter-2\/\">V\u00e5re internasjonale prosjekter<svg xmlns=\"http:\/\/www.w3.org\/2000\/svg\" viewBox=\"0 0 56 100\" class=\"hogan-linklist-icon\"><path d=\"M54.3 47.3L7 0 .1 6.9l42.2 42.2L0 93.1l7.1 6.8 48.9-51z\"\/><\/svg><\/a><\/li><li class=\"hogan-linklist-item hogan-linklist-item-external\"><a href=\"https:\/\/www.normisjon.no\/vare-prosjekter\/senegal\/\">Senegal<svg xmlns=\"http:\/\/www.w3.org\/2000\/svg\" viewBox=\"0 0 56 100\" class=\"hogan-linklist-icon\"><path d=\"M54.3 47.3L7 0 .1 6.9l42.2 42.2L0 93.1l7.1 6.8 48.9-51z\"\/><\/svg><\/a><\/li>\t\t\t<\/ul>\n\t\t<\/li>\n\t<\/ul>\n<\/nav><\/div>","protected":false},"excerpt":{"rendered":"<p>Engasjer deg i v\u00e5re spennende misjonsprosjekter!I Normisjon s\u00e5 har vi mange samarbeidsland og internasjonale prosjekter man kan v\u00e6re med \u00e5 st\u00f8tte. Et av landene Normisjon [&hellip;]<\/p>\n","protected":false},"author":34,"featured_media":0,"parent":0,"menu_order":0,"comment_status":"closed","ping_status":"closed","template":"","meta":{"_acf_changed":false,"footnotes":""},"class_list":["post-104","page","type-page","status-publish","hentry"],"acf":[],"yoast_head":"<!-- This site is optimized with the Yoast SEO plugin v25.9 - https:\/\/yoast.com\/wordpress\/plugins\/seo\/ -->\n<title>Misjonsprosjekt - Region M\u00f8re<\/title>\n<meta name=\"robots\" content=\"index, follow, max-snippet:-1, max-image-preview:large, max-video-preview:-1\" \/>\n<link rel=\"canonical\" href=\"https:\/\/www.normisjon.no\/more\/misjonsprosjekt-i-region-more\/\" \/>\n<meta property=\"og:locale\" content=\"nb_NO\" \/>\n<meta property=\"og:type\" content=\"article\" \/>\n<meta property=\"og:title\" content=\"Misjonsprosjekt - Region M\u00f8re\" \/>\n<meta property=\"og:description\" content=\"Engasjer deg i v\u00e5re spennende misjonsprosjekter!I Normisjon s\u00e5 har vi mange samarbeidsland og internasjonale prosjekter man kan v\u00e6re med \u00e5 st\u00f8tte. Et av landene Normisjon [&hellip;]\" \/>\n<meta property=\"og:url\" content=\"https:\/\/www.normisjon.no\/more\/misjonsprosjekt-i-region-more\/\" \/>\n<meta property=\"og:site_name\" content=\"Region M\u00f8re\" \/>\n<meta property=\"article:modified_time\" content=\"2026-03-23T10:29:13+00:00\" \/>\n<meta name=\"twitter:card\" content=\"summary_large_image\" \/>\n<script type=\"application\/ld+json\" class=\"yoast-schema-graph\">{\"@context\":\"https:\/\/schema.org\",\"@graph\":[{\"@type\":\"WebPage\",\"@id\":\"https:\/\/www.normisjon.no\/more\/misjonsprosjekt-i-region-more\/\",\"url\":\"https:\/\/www.normisjon.no\/more\/misjonsprosjekt-i-region-more\/\",\"name\":\"Misjonsprosjekt - Region M\u00f8re\",\"isPartOf\":{\"@id\":\"https:\/\/www.normisjon.no\/more\/#website\"},\"datePublished\":\"2018-06-04T10:34:47+00:00\",\"dateModified\":\"2026-03-23T10:29:13+00:00\",\"breadcrumb\":{\"@id\":\"https:\/\/www.normisjon.no\/more\/misjonsprosjekt-i-region-more\/#breadcrumb\"},\"inLanguage\":\"nb-NO\",\"potentialAction\":[{\"@type\":\"ReadAction\",\"target\":[\"https:\/\/www.normisjon.no\/more\/misjonsprosjekt-i-region-more\/\"]}]},{\"@type\":\"BreadcrumbList\",\"@id\":\"https:\/\/www.normisjon.no\/more\/misjonsprosjekt-i-region-more\/#breadcrumb\",\"itemListElement\":[{\"@type\":\"ListItem\",\"position\":1,\"name\":\"Home\",\"item\":\"https:\/\/www.normisjon.no\/more\/\"},{\"@type\":\"ListItem\",\"position\":2,\"name\":\"Misjonsprosjekt\"}]},{\"@type\":\"WebSite\",\"@id\":\"https:\/\/www.normisjon.no\/more\/#website\",\"url\":\"https:\/\/www.normisjon.no\/more\/\",\"name\":\"Region M\u00f8re\",\"description\":\"\",\"potentialAction\":[{\"@type\":\"SearchAction\",\"target\":{\"@type\":\"EntryPoint\",\"urlTemplate\":\"https:\/\/www.normisjon.no\/more\/?s={search_term_string}\"},\"query-input\":{\"@type\":\"PropertyValueSpecification\",\"valueRequired\":true,\"valueName\":\"search_term_string\"}}],\"inLanguage\":\"nb-NO\"}]}<\/script>\n<!-- \/ Yoast SEO plugin. -->","yoast_head_json":{"title":"Misjonsprosjekt - Region M\u00f8re","robots":{"index":"index","follow":"follow","max-snippet":"max-snippet:-1","max-image-preview":"max-image-preview:large","max-video-preview":"max-video-preview:-1"},"canonical":"https:\/\/www.normisjon.no\/more\/misjonsprosjekt-i-region-more\/","og_locale":"nb_NO","og_type":"article","og_title":"Misjonsprosjekt - Region M\u00f8re","og_description":"Engasjer deg i v\u00e5re spennende misjonsprosjekter!I Normisjon s\u00e5 har vi mange samarbeidsland og internasjonale prosjekter man kan v\u00e6re med \u00e5 st\u00f8tte. Et av landene Normisjon [&hellip;]","og_url":"https:\/\/www.normisjon.no\/more\/misjonsprosjekt-i-region-more\/","og_site_name":"Region M\u00f8re","article_modified_time":"2026-03-23T10:29:13+00:00","twitter_card":"summary_large_image","schema":{"@context":"https:\/\/schema.org","@graph":[{"@type":"WebPage","@id":"https:\/\/www.normisjon.no\/more\/misjonsprosjekt-i-region-more\/","url":"https:\/\/www.normisjon.no\/more\/misjonsprosjekt-i-region-more\/","name":"Misjonsprosjekt - Region M\u00f8re","isPartOf":{"@id":"https:\/\/www.normisjon.no\/more\/#website"},"datePublished":"2018-06-04T10:34:47+00:00","dateModified":"2026-03-23T10:29:13+00:00","breadcrumb":{"@id":"https:\/\/www.normisjon.no\/more\/misjonsprosjekt-i-region-more\/#breadcrumb"},"inLanguage":"nb-NO","potentialAction":[{"@type":"ReadAction","target":["https:\/\/www.normisjon.no\/more\/misjonsprosjekt-i-region-more\/"]}]},{"@type":"BreadcrumbList","@id":"https:\/\/www.normisjon.no\/more\/misjonsprosjekt-i-region-more\/#breadcrumb","itemListElement":[{"@type":"ListItem","position":1,"name":"Home","item":"https:\/\/www.normisjon.no\/more\/"},{"@type":"ListItem","position":2,"name":"Misjonsprosjekt"}]},{"@type":"WebSite","@id":"https:\/\/www.normisjon.no\/more\/#website","url":"https:\/\/www.normisjon.no\/more\/","name":"Region M\u00f8re","description":"","potentialAction":[{"@type":"SearchAction","target":{"@type":"EntryPoint","urlTemplate":"https:\/\/www.normisjon.no\/more\/?s={search_term_string}"},"query-input":{"@type":"PropertyValueSpecification","valueRequired":true,"valueName":"search_term_string"}}],"inLanguage":"nb-NO"}]}},"_links":{"self":[{"href":"https:\/\/www.normisjon.no\/more\/wp-json\/wp\/v2\/pages\/104","targetHints":{"allow":["GET"]}}],"collection":[{"href":"https:\/\/www.normisjon.no\/more\/wp-json\/wp\/v2\/pages"}],"about":[{"href":"https:\/\/www.normisjon.no\/more\/wp-json\/wp\/v2\/types\/page"}],"author":[{"embeddable":true,"href":"https:\/\/www.normisjon.no\/more\/wp-json\/wp\/v2\/users\/34"}],"replies":[{"embeddable":true,"href":"https:\/\/www.normisjon.no\/more\/wp-json\/wp\/v2\/comments?post=104"}],"version-history":[{"count":11,"href":"https:\/\/www.normisjon.no\/more\/wp-json\/wp\/v2\/pages\/104\/revisions"}],"predecessor-version":[{"id":981,"href":"https:\/\/www.normisjon.no\/more\/wp-json\/wp\/v2\/pages\/104\/revisions\/981"}],"wp:attachment":[{"href":"https:\/\/www.normisjon.no\/more\/wp-json\/wp\/v2\/media?parent=104"}],"curies":[{"name":"wp","href":"https:\/\/api.w.org\/{rel}","templated":true}]}}