{"id":108,"date":"2018-06-04T12:35:42","date_gmt":"2018-06-04T10:35:42","guid":{"rendered":"https:\/\/www.normisjon.no\/region-more\/?page_id=108"},"modified":"2025-10-20T09:34:29","modified_gmt":"2025-10-20T07:34:29","slug":"fellesskap","status":"publish","type":"page","link":"https:\/\/www.normisjon.no\/more\/fellesskap\/","title":{"rendered":"Fellesskap"},"content":{"rendered":"<div id=\"module-0\" class=\"hogan-module hogan-module-banner hogan-module-0 normisjon-banner-button-default hogan-banner-content-left hogan-module-width-full hogan-banner-theme-light hogan-banner-layout-columns hogan-banner-text-center\"><div class=\"hogan-module-inner\"><div class=\"hogan-banner\">\n\t<div class=\"hogan-banner-column hogan-banner-image\">\n\t\t<img loading=\"lazy\" decoding=\"async\" width=\"960\" height=\"720\" src=\"https:\/\/www.normisjon.no\/content\/uploads\/sites\/14\/2025\/10\/IMG_0513-scaled.jpg\" class=\"attachment-half-width size-half-width\" alt=\"\" srcset=\"https:\/\/www.normisjon.no\/content\/uploads\/sites\/14\/2025\/10\/IMG_0513-scaled.jpg 2560w, https:\/\/www.normisjon.no\/content\/uploads\/sites\/14\/2025\/10\/IMG_0513-300x225.jpg 300w, https:\/\/www.normisjon.no\/content\/uploads\/sites\/14\/2025\/10\/IMG_0513-1024x768.jpg 1024w, https:\/\/www.normisjon.no\/content\/uploads\/sites\/14\/2025\/10\/IMG_0513-768x576.jpg 768w, https:\/\/www.normisjon.no\/content\/uploads\/sites\/14\/2025\/10\/IMG_0513-1536x1152.jpg 1536w\" sizes=\"auto, (max-width: 960px) 100vw, 960px\" \/>\t<\/div>\n\t\t\t<div class=\"hogan-banner-column hogan-banner-content\">\n\t\t\t<div class=\"hogan-banner-content-inner\">\n\t\t\t\t<p>Normisjon M\u00f8re best\u00e5r av ca. 50 sm\u00e5 og store fellesskap, som inkluderer barnelag, Soul Children-kor, voksenforeninger og Norkirken i Molde.<br \/>\n Vi er medeiere av Nordvestlandet folkeh\u00f8gskole og Fermate M\u00f8re .<\/p>\n\t\t\t<\/div>\n\t\t<\/div>\n\t<\/div>\n<\/div><\/div><div id=\"module-1\" class=\"hogan-module hogan-module-grid hogan-module-1 hogan-grid-has-theme hogan-grid-theme-greyblue\"><div class=\"hogan-module-inner\"><h2 class=\"hogan-heading\">Fellesskap<\/h2><div class=\"hogan-grid hogan-grid-text-center hogan-grid-size-dynamic\">\n\t<div class=\"hogan-grid-inner\">\n\t\t\t\t\t<div class=\"hogan-grid-item hogan-grid-item-size-small hogan-grid-item-type-savage_custom_card savage-has-image savage-has-background savage-bg-default savage-has-heading\">\n\t\t\t\t<div class=\"hogan-grid-item-inner\">\n\t\t\t\t\t<div class=\"savage-card-image\">\n\t<div class=\"savage-card-image-inner\">\n\t\t<span class=\"savage-card-image-image\" style=\"background-image: url(https:\/\/www.normisjon.no\/content\/uploads\/sites\/14\/2025\/09\/IMG_0738-768x576.jpg);\"><\/span>\t<\/div>\n<\/div>\n\t\t<div class=\"savage-card-body\">\n\t\t\t<div class=\"savage-card-body-inner\">\n\t\t\t\t<h2 class=\"savage-card-heading\">Norkirken Molde<\/h2>\t\t\t<\/div>\n\t\t<\/div>\n\t\t<a href=\"http:\/\/norkirkenmolde.no\/\" class=\"savage-card-link\" target=\"_blank\"><span class=\"screen-reader-text\">Norkirken Molde<\/span><\/a>\t\t\t\t<\/div>\n\t\t\t<\/div>\n\t\t\t\t\t\t<div class=\"hogan-grid-item hogan-grid-item-size-small hogan-grid-item-type-page savage-has-image savage-has-heading\">\n\t\t\t\t<div class=\"hogan-grid-item-inner\">\n\t\t\t\t\t<div class=\"savage-card-image\">\n\t<div class=\"savage-card-image-inner\">\n\t\t<span class=\"savage-card-image-image\" style=\"background-image: url(https:\/\/www.normisjon.no\/content\/uploads\/sites\/14\/2025\/10\/IMG_0932-768x945.jpg);\"><\/span>\t<\/div>\n<\/div>\n\t\t<div class=\"savage-card-body\">\n\t\t\t<div class=\"savage-card-body-inner\">\n\t\t\t\t<h2 class=\"savage-card-heading\">Acta-lag<\/h2>\t\t\t<\/div>\n\t\t<\/div>\n\t\t<a href=\"https:\/\/www.normisjon.no\/more\/barnelag\/\" class=\"savage-card-link\"><span class=\"screen-reader-text\">Read article &quot;Acta-lag&quot;<\/span><\/a>\t\t\t\t<\/div>\n\t\t\t<\/div>\n\t\t\t\t\t\t<div class=\"hogan-grid-item hogan-grid-item-size-small hogan-grid-item-type-page savage-has-image savage-has-heading\">\n\t\t\t\t<div class=\"hogan-grid-item-inner\">\n\t\t\t\t\t<div class=\"savage-card-image\">\n\t<div class=\"savage-card-image-inner\">\n\t\t<span class=\"savage-card-image-image\" style=\"background-image: url(https:\/\/www.normisjon.no\/content\/uploads\/sites\/14\/2025\/09\/IMG_8215-768x1024.jpg);\"><\/span>\t<\/div>\n<\/div>\n\t\t<div class=\"savage-card-body\">\n\t\t\t<div class=\"savage-card-body-inner\">\n\t\t\t\t<h2 class=\"savage-card-heading\">Ungdommer<\/h2>\t\t\t<\/div>\n\t\t<\/div>\n\t\t<a href=\"https:\/\/www.normisjon.no\/more\/soul-children-kor\/\" class=\"savage-card-link\"><span class=\"screen-reader-text\">Read article &quot;Ungdommer&quot;<\/span><\/a>\t\t\t\t<\/div>\n\t\t\t<\/div>\n\t\t\t\t\t\t<div class=\"hogan-grid-item hogan-grid-item-size-small hogan-grid-item-type-page savage-has-image savage-has-heading savage-has-excerpt\">\n\t\t\t\t<div class=\"hogan-grid-item-inner\">\n\t\t\t\t\t<div class=\"savage-card-image\">\n\t<div class=\"savage-card-image-inner\">\n\t\t<span class=\"savage-card-image-image\" style=\"background-image: url(https:\/\/www.normisjon.no\/content\/uploads\/sites\/14\/2025\/10\/IMG_0816-768x576.jpg);\"><\/span>\t<\/div>\n<\/div>\n\t\t<div class=\"savage-card-body\">\n\t\t\t<div class=\"savage-card-body-inner\">\n\t\t\t\t<h2 class=\"savage-card-heading\">Voksenforeninger<\/h2><p class=\"savage-card-excerpt\">Vi har over 20 voksenforeninger i Normisjon region M\u00f8re<\/p>\t\t\t<\/div>\n\t\t<\/div>\n\t\t<a href=\"https:\/\/www.normisjon.no\/more\/voksenforeninger\/\" class=\"savage-card-link\"><span class=\"screen-reader-text\">Read article &quot;Voksenforeninger&quot;<\/span><\/a>\t\t\t\t<\/div>\n\t\t\t<\/div>\n\t\t\t\t<\/div>\n<\/div>\n<\/div><\/div>","protected":false},"excerpt":{"rendered":"<p>Normisjon M\u00f8re best\u00e5r av ca. 50 sm\u00e5 og store fellesskap, som inkluderer barnelag, Soul Children-kor, voksenforeninger og Norkirken i Molde. Vi er medeiere av Nordvestlandet [&hellip;]<\/p>\n","protected":false},"author":34,"featured_media":0,"parent":0,"menu_order":0,"comment_status":"closed","ping_status":"closed","template":"","meta":{"_acf_changed":false,"footnotes":""},"class_list":["post-108","page","type-page","status-publish","hentry"],"acf":[],"yoast_head":"<!-- This site is optimized with the Yoast SEO plugin v25.9 - https:\/\/yoast.com\/wordpress\/plugins\/seo\/ -->\n<title>Fellesskap - Region M\u00f8re<\/title>\n<meta name=\"robots\" content=\"index, follow, max-snippet:-1, max-image-preview:large, max-video-preview:-1\" \/>\n<link rel=\"canonical\" href=\"https:\/\/www.normisjon.no\/more\/fellesskap\/\" \/>\n<meta property=\"og:locale\" content=\"nb_NO\" \/>\n<meta property=\"og:type\" content=\"article\" \/>\n<meta property=\"og:title\" content=\"Fellesskap - Region M\u00f8re\" \/>\n<meta property=\"og:description\" content=\"Normisjon M\u00f8re best\u00e5r av ca. 50 sm\u00e5 og store fellesskap, som inkluderer barnelag, Soul Children-kor, voksenforeninger og Norkirken i Molde. Vi er medeiere av Nordvestlandet [&hellip;]\" \/>\n<meta property=\"og:url\" content=\"https:\/\/www.normisjon.no\/more\/fellesskap\/\" \/>\n<meta property=\"og:site_name\" content=\"Region M\u00f8re\" \/>\n<meta property=\"article:modified_time\" content=\"2025-10-20T07:34:29+00:00\" \/>\n<meta name=\"twitter:card\" content=\"summary_large_image\" \/>\n<script type=\"application\/ld+json\" class=\"yoast-schema-graph\">{\"@context\":\"https:\/\/schema.org\",\"@graph\":[{\"@type\":\"WebPage\",\"@id\":\"https:\/\/www.normisjon.no\/more\/fellesskap\/\",\"url\":\"https:\/\/www.normisjon.no\/more\/fellesskap\/\",\"name\":\"Fellesskap - Region M\u00f8re\",\"isPartOf\":{\"@id\":\"https:\/\/www.normisjon.no\/more\/#website\"},\"datePublished\":\"2018-06-04T10:35:42+00:00\",\"dateModified\":\"2025-10-20T07:34:29+00:00\",\"breadcrumb\":{\"@id\":\"https:\/\/www.normisjon.no\/more\/fellesskap\/#breadcrumb\"},\"inLanguage\":\"nb-NO\",\"potentialAction\":[{\"@type\":\"ReadAction\",\"target\":[\"https:\/\/www.normisjon.no\/more\/fellesskap\/\"]}]},{\"@type\":\"BreadcrumbList\",\"@id\":\"https:\/\/www.normisjon.no\/more\/fellesskap\/#breadcrumb\",\"itemListElement\":[{\"@type\":\"ListItem\",\"position\":1,\"name\":\"Home\",\"item\":\"https:\/\/www.normisjon.no\/more\/\"},{\"@type\":\"ListItem\",\"position\":2,\"name\":\"Fellesskap\"}]},{\"@type\":\"WebSite\",\"@id\":\"https:\/\/www.normisjon.no\/more\/#website\",\"url\":\"https:\/\/www.normisjon.no\/more\/\",\"name\":\"Region M\u00f8re\",\"description\":\"\",\"potentialAction\":[{\"@type\":\"SearchAction\",\"target\":{\"@type\":\"EntryPoint\",\"urlTemplate\":\"https:\/\/www.normisjon.no\/more\/?s={search_term_string}\"},\"query-input\":{\"@type\":\"PropertyValueSpecification\",\"valueRequired\":true,\"valueName\":\"search_term_string\"}}],\"inLanguage\":\"nb-NO\"}]}<\/script>\n<!-- \/ Yoast SEO plugin. -->","yoast_head_json":{"title":"Fellesskap - Region M\u00f8re","robots":{"index":"index","follow":"follow","max-snippet":"max-snippet:-1","max-image-preview":"max-image-preview:large","max-video-preview":"max-video-preview:-1"},"canonical":"https:\/\/www.normisjon.no\/more\/fellesskap\/","og_locale":"nb_NO","og_type":"article","og_title":"Fellesskap - Region M\u00f8re","og_description":"Normisjon M\u00f8re best\u00e5r av ca. 50 sm\u00e5 og store fellesskap, som inkluderer barnelag, Soul Children-kor, voksenforeninger og Norkirken i Molde. Vi er medeiere av Nordvestlandet [&hellip;]","og_url":"https:\/\/www.normisjon.no\/more\/fellesskap\/","og_site_name":"Region M\u00f8re","article_modified_time":"2025-10-20T07:34:29+00:00","twitter_card":"summary_large_image","schema":{"@context":"https:\/\/schema.org","@graph":[{"@type":"WebPage","@id":"https:\/\/www.normisjon.no\/more\/fellesskap\/","url":"https:\/\/www.normisjon.no\/more\/fellesskap\/","name":"Fellesskap - Region M\u00f8re","isPartOf":{"@id":"https:\/\/www.normisjon.no\/more\/#website"},"datePublished":"2018-06-04T10:35:42+00:00","dateModified":"2025-10-20T07:34:29+00:00","breadcrumb":{"@id":"https:\/\/www.normisjon.no\/more\/fellesskap\/#breadcrumb"},"inLanguage":"nb-NO","potentialAction":[{"@type":"ReadAction","target":["https:\/\/www.normisjon.no\/more\/fellesskap\/"]}]},{"@type":"BreadcrumbList","@id":"https:\/\/www.normisjon.no\/more\/fellesskap\/#breadcrumb","itemListElement":[{"@type":"ListItem","position":1,"name":"Home","item":"https:\/\/www.normisjon.no\/more\/"},{"@type":"ListItem","position":2,"name":"Fellesskap"}]},{"@type":"WebSite","@id":"https:\/\/www.normisjon.no\/more\/#website","url":"https:\/\/www.normisjon.no\/more\/","name":"Region M\u00f8re","description":"","potentialAction":[{"@type":"SearchAction","target":{"@type":"EntryPoint","urlTemplate":"https:\/\/www.normisjon.no\/more\/?s={search_term_string}"},"query-input":{"@type":"PropertyValueSpecification","valueRequired":true,"valueName":"search_term_string"}}],"inLanguage":"nb-NO"}]}},"_links":{"self":[{"href":"https:\/\/www.normisjon.no\/more\/wp-json\/wp\/v2\/pages\/108","targetHints":{"allow":["GET"]}}],"collection":[{"href":"https:\/\/www.normisjon.no\/more\/wp-json\/wp\/v2\/pages"}],"about":[{"href":"https:\/\/www.normisjon.no\/more\/wp-json\/wp\/v2\/types\/page"}],"author":[{"embeddable":true,"href":"https:\/\/www.normisjon.no\/more\/wp-json\/wp\/v2\/users\/34"}],"replies":[{"embeddable":true,"href":"https:\/\/www.normisjon.no\/more\/wp-json\/wp\/v2\/comments?post=108"}],"version-history":[{"count":7,"href":"https:\/\/www.normisjon.no\/more\/wp-json\/wp\/v2\/pages\/108\/revisions"}],"predecessor-version":[{"id":772,"href":"https:\/\/www.normisjon.no\/more\/wp-json\/wp\/v2\/pages\/108\/revisions\/772"}],"wp:attachment":[{"href":"https:\/\/www.normisjon.no\/more\/wp-json\/wp\/v2\/media?parent=108"}],"curies":[{"name":"wp","href":"https:\/\/api.w.org\/{rel}","templated":true}]}}