{"id":4,"date":"2018-04-11T13:12:12","date_gmt":"2018-04-11T11:12:12","guid":{"rendered":"https:\/\/www.normisjon.no\/regi-more\/?page_id=4"},"modified":"2026-03-23T11:42:12","modified_gmt":"2026-03-23T10:42:12","slug":"forside","status":"publish","type":"page","link":"https:\/\/www.normisjon.no\/more\/","title":{"rendered":"Forside"},"content":{"rendered":"<div id=\"module-1\" class=\"hogan-module hogan-module-banner hogan-module-1 normisjon-banner-button-blue hogan-banner-content-right hogan-module-width-full hogan-banner-theme-dark hogan-banner-layout-columns hogan-banner-text-center\"><div class=\"hogan-module-inner\"><div class=\"hogan-banner\">\n\t<div class=\"hogan-banner-column hogan-banner-image\">\n\t\t<img loading=\"lazy\" decoding=\"async\" width=\"640\" height=\"960\" src=\"https:\/\/www.normisjon.no\/content\/uploads\/sites\/14\/2026\/03\/6B37DCCF-315F-45CB-93AE-5DC00EC4180A-91327-00001AD7998DCC5E-640x960.jpg\" class=\"attachment-half-width size-half-width\" alt=\"\" srcset=\"https:\/\/www.normisjon.no\/content\/uploads\/sites\/14\/2026\/03\/6B37DCCF-315F-45CB-93AE-5DC00EC4180A-91327-00001AD7998DCC5E-640x960.jpg 640w, https:\/\/www.normisjon.no\/content\/uploads\/sites\/14\/2026\/03\/6B37DCCF-315F-45CB-93AE-5DC00EC4180A-91327-00001AD7998DCC5E-200x300.jpg 200w, https:\/\/www.normisjon.no\/content\/uploads\/sites\/14\/2026\/03\/6B37DCCF-315F-45CB-93AE-5DC00EC4180A-91327-00001AD7998DCC5E-683x1024.jpg 683w, https:\/\/www.normisjon.no\/content\/uploads\/sites\/14\/2026\/03\/6B37DCCF-315F-45CB-93AE-5DC00EC4180A-91327-00001AD7998DCC5E-768x1152.jpg 768w, https:\/\/www.normisjon.no\/content\/uploads\/sites\/14\/2026\/03\/6B37DCCF-315F-45CB-93AE-5DC00EC4180A-91327-00001AD7998DCC5E-1024x1536.jpg 1024w, https:\/\/www.normisjon.no\/content\/uploads\/sites\/14\/2026\/03\/6B37DCCF-315F-45CB-93AE-5DC00EC4180A-91327-00001AD7998DCC5E-1365x2048.jpg 1365w, https:\/\/www.normisjon.no\/content\/uploads\/sites\/14\/2026\/03\/6B37DCCF-315F-45CB-93AE-5DC00EC4180A-91327-00001AD7998DCC5E-1920x2880.jpg 1920w, https:\/\/www.normisjon.no\/content\/uploads\/sites\/14\/2026\/03\/6B37DCCF-315F-45CB-93AE-5DC00EC4180A-91327-00001AD7998DCC5E-1280x1920.jpg 1280w, https:\/\/www.normisjon.no\/content\/uploads\/sites\/14\/2026\/03\/6B37DCCF-315F-45CB-93AE-5DC00EC4180A-91327-00001AD7998DCC5E-scaled.jpg 1707w\" sizes=\"auto, (max-width: 640px) 100vw, 640px\" \/>\t<\/div>\n\t\t\t<div class=\"hogan-banner-column hogan-banner-content\">\n\t\t\t<div class=\"hogan-banner-content-inner\">\n\t\t\t\t<h2 class=\"hogan-heading\">Velkommen til Normisjon region M\u00f8re!<\/h2><div class=\"hogan-banner-cta\"><span><a class=\"hogan-button\" href=\"https:\/\/www.normisjon.no\/more\/kontakt-oss\/\">Kontakt oss<\/a><\/span><\/div>\t\t\t<\/div>\n\t\t<\/div>\n\t<\/div>\n<\/div><\/div><div id=\"module-2\" class=\"hogan-module hogan-module-grid hogan-module-2 hogan-grid-has-theme hogan-grid-theme-gainsboro\"><div class=\"hogan-module-inner\"><h2 class=\"hogan-heading\">Nyheter<\/h2><div class=\"hogan-grid hogan-grid-text-center hogan-grid-size-dynamic\">\n\t<div class=\"hogan-grid-inner\">\n\t\t\t\t\t<div class=\"hogan-grid-item hogan-grid-item-size-small hogan-grid-item-type-post savage-has-image savage-has-heading\">\n\t\t\t\t<div class=\"hogan-grid-item-inner\">\n\t\t\t\t\t<div class=\"savage-card-image\">\n\t<div class=\"savage-card-image-inner\">\n\t\t<span class=\"savage-card-image-image\" style=\"background-image: url(https:\/\/www.normisjon.no\/content\/uploads\/sites\/14\/2026\/04\/IMG_2368-768x576.jpg);\"><\/span>\t<\/div>\n<\/div>\n\t\t<div class=\"savage-card-body\">\n\t\t\t<div class=\"savage-card-body-inner\">\n\t\t\t\t<div class=\"savage-card__date\">Publisert: 22. april 2026<\/div><h2 class=\"savage-card-heading\">\u00c5rsm\u00f8te 2026<\/h2>\t\t\t<\/div>\n\t\t<\/div>\n\t\t<a href=\"https:\/\/www.normisjon.no\/more\/2026\/04\/22\/arsmote-2026-2\/\" class=\"savage-card-link\"><span class=\"screen-reader-text\">Read article &quot;\u00c5rsm\u00f8te 2026&quot;<\/span><\/a>\t\t\t\t<\/div>\n\t\t\t<\/div>\n\t\t\t\t\t\t<div class=\"hogan-grid-item hogan-grid-item-size-small hogan-grid-item-type-post savage-has-image savage-has-heading\">\n\t\t\t\t<div class=\"hogan-grid-item-inner\">\n\t\t\t\t\t<div class=\"savage-card-image\">\n\t<div class=\"savage-card-image-inner\">\n\t\t<span class=\"savage-card-image-image\" style=\"background-image: url(https:\/\/www.normisjon.no\/content\/uploads\/sites\/14\/2026\/04\/Uten-tittel-12.png);\"><\/span>\t<\/div>\n<\/div>\n\t\t<div class=\"savage-card-body\">\n\t\t\t<div class=\"savage-card-body-inner\">\n\t\t\t\t<div class=\"savage-card__date\">Publisert: 22. april 2026<\/div><h2 class=\"savage-card-heading\">Bjorlileiren 2026<\/h2>\t\t\t<\/div>\n\t\t<\/div>\n\t\t<a href=\"https:\/\/www.normisjon.no\/more\/2026\/04\/22\/bjorlileiren-2026\/\" class=\"savage-card-link\"><span class=\"screen-reader-text\">Read article &quot;Bjorlileiren 2026&quot;<\/span><\/a>\t\t\t\t<\/div>\n\t\t\t<\/div>\n\t\t\t\t\t\t<div class=\"hogan-grid-item hogan-grid-item-size-small hogan-grid-item-type-post savage-has-image savage-has-heading\">\n\t\t\t\t<div class=\"hogan-grid-item-inner\">\n\t\t\t\t\t<div class=\"savage-card-image\">\n\t<div class=\"savage-card-image-inner\">\n\t\t<span class=\"savage-card-image-image\" style=\"background-image: url(https:\/\/www.normisjon.no\/content\/uploads\/sites\/14\/2026\/03\/IMG_2179-1-768x442.jpeg);\"><\/span>\t<\/div>\n<\/div>\n\t\t<div class=\"savage-card-body\">\n\t\t\t<div class=\"savage-card-body-inner\">\n\t\t\t\t<div class=\"savage-card__date\">Publisert: 16. mars 2026<\/div><h2 class=\"savage-card-heading\">P\u00e5melding til \u00c5rsm\u00f8te 2026<\/h2>\t\t\t<\/div>\n\t\t<\/div>\n\t\t<a href=\"https:\/\/www.normisjon.no\/more\/2026\/03\/16\/arsmote-2026\/\" class=\"savage-card-link\"><span class=\"screen-reader-text\">Read article &quot;P\u00e5melding til \u00c5rsm\u00f8te 2026&quot;<\/span><\/a>\t\t\t\t<\/div>\n\t\t\t<\/div>\n\t\t\t\t\t\t<div class=\"hogan-grid-item hogan-grid-item-size-small hogan-grid-item-type-post savage-has-image savage-has-heading\">\n\t\t\t\t<div class=\"hogan-grid-item-inner\">\n\t\t\t\t\t<div class=\"savage-card-image\">\n\t<div class=\"savage-card-image-inner\">\n\t\t<span class=\"savage-card-image-image\" style=\"background-image: url(https:\/\/www.normisjon.no\/content\/uploads\/sites\/14\/2026\/03\/IMG_2102-768x576.jpeg);\"><\/span>\t<\/div>\n<\/div>\n\t\t<div class=\"savage-card-body\">\n\t\t\t<div class=\"savage-card-body-inner\">\n\t\t\t\t<div class=\"savage-card__date\">Publisert: 13. mars 2026<\/div><h2 class=\"savage-card-heading\">Impuls 2026<\/h2>\t\t\t<\/div>\n\t\t<\/div>\n\t\t<a href=\"https:\/\/www.normisjon.no\/more\/2026\/03\/13\/impuls-2026\/\" class=\"savage-card-link\"><span class=\"screen-reader-text\">Read article &quot;Impuls 2026&quot;<\/span><\/a>\t\t\t\t<\/div>\n\t\t\t<\/div>\n\t\t\t\t\t\t<div class=\"hogan-grid-item hogan-grid-item-size-small hogan-grid-item-type-post savage-has-image savage-has-heading\">\n\t\t\t\t<div class=\"hogan-grid-item-inner\">\n\t\t\t\t\t<div class=\"savage-card-image\">\n\t<div class=\"savage-card-image-inner\">\n\t\t<span class=\"savage-card-image-image\" style=\"background-image: url(https:\/\/www.normisjon.no\/content\/uploads\/sites\/14\/2018\/05\/bilde-til-omr\u00e5degruppene-side-2-M\u00f8re-og-Romsdal-768x554.png);\"><\/span>\t<\/div>\n<\/div>\n\t\t<div class=\"savage-card-body\">\n\t\t\t<div class=\"savage-card-body-inner\">\n\t\t\t\t<div class=\"savage-card__date\">Publisert: 22. oktober 2025<\/div><h2 class=\"savage-card-heading\">Omr\u00e5degruppene<\/h2>\t\t\t<\/div>\n\t\t<\/div>\n\t\t<a href=\"https:\/\/www.normisjon.no\/more\/2025\/10\/22\/storsamling-pa-langevag-bedehus\/\" class=\"savage-card-link\"><span class=\"screen-reader-text\">Read article &quot;Omr\u00e5degruppene&quot;<\/span><\/a>\t\t\t\t<\/div>\n\t\t\t<\/div>\n\t\t\t\t\t\t<div class=\"hogan-grid-item hogan-grid-item-size-small hogan-grid-item-type-post savage-has-image savage-has-heading\">\n\t\t\t\t<div class=\"hogan-grid-item-inner\">\n\t\t\t\t\t<div class=\"savage-card-image\">\n\t<div class=\"savage-card-image-inner\">\n\t\t<span class=\"savage-card-image-image\" style=\"background-image: url(https:\/\/www.normisjon.no\/content\/uploads\/sites\/14\/2025\/09\/IMG_0738-768x576.jpg);\"><\/span>\t<\/div>\n<\/div>\n\t\t<div class=\"savage-card-body\">\n\t\t\t<div class=\"savage-card-body-inner\">\n\t\t\t\t<div class=\"savage-card__date\">Publisert: 17. oktober 2025<\/div><h2 class=\"savage-card-heading\">Nytt fra Normisjon<\/h2>\t\t\t<\/div>\n\t\t<\/div>\n\t\t<a href=\"https:\/\/www.normisjon.no\/more\/2025\/10\/17\/nytt-fra-normisjon\/\" class=\"savage-card-link\"><span class=\"screen-reader-text\">Read article &quot;Nytt fra Normisjon&quot;<\/span><\/a>\t\t\t\t<\/div>\n\t\t\t<\/div>\n\t\t\t\t<\/div>\n<\/div>\n<\/div><\/div><div id=\"module-3\" class=\"hogan-module hogan-module-linklist hogan-module-3\"><nav class=\"hogan-module-inner\">\n<ul class=\"hogan-linklist-container\">\n\t\t\t<li class=\"hogan-linklist-inner\">\n\t\t\t\t\t\t\t<h3 class=\"hogan-linklist-title\">Normisjon<\/h3>\n\t\t\t\n\t\t\t<ul class=\"hogan-linklist-items\">\n\t\t\t\t<li class=\"hogan-linklist-item\"><a href=\"https:\/\/www.normisjon.no\/more\/2025\/10\/22\/storsamling-pa-langevag-bedehus\/\">Omr\u00e5deutvalg<svg xmlns=\"http:\/\/www.w3.org\/2000\/svg\" viewBox=\"0 0 56 100\" class=\"hogan-linklist-icon\"><path d=\"M54.3 47.3L7 0 .1 6.9l42.2 42.2L0 93.1l7.1 6.8 48.9-51z\"\/><\/svg><\/a><\/li><li class=\"hogan-linklist-item hogan-linklist-item-external\"><a href=\"https:\/\/www.normisjon.no\/vart-arbeid\/\">Om Normisjon<svg xmlns=\"http:\/\/www.w3.org\/2000\/svg\" viewBox=\"0 0 56 100\" class=\"hogan-linklist-icon\"><path d=\"M54.3 47.3L7 0 .1 6.9l42.2 42.2L0 93.1l7.1 6.8 48.9-51z\"\/><\/svg><\/a><\/li><li class=\"hogan-linklist-item\"><a href=\"https:\/\/www.normisjon.no\/more\/2025\/10\/17\/nytt-fra-normisjon\/\">Nytt fra Normisjon region M\u00f8re<svg xmlns=\"http:\/\/www.w3.org\/2000\/svg\" viewBox=\"0 0 56 100\" class=\"hogan-linklist-icon\"><path d=\"M54.3 47.3L7 0 .1 6.9l42.2 42.2L0 93.1l7.1 6.8 48.9-51z\"\/><\/svg><\/a><\/li>\t\t\t<\/ul>\n\t\t<\/li>\n\t\t\t<li class=\"hogan-linklist-inner\">\n\t\t\t\t\t\t\t<h3 class=\"hogan-linklist-title\">Bibel og misjonsskoler<\/h3>\n\t\t\t\n\t\t\t<ul class=\"hogan-linklist-items\">\n\t\t\t\t<li class=\"hogan-linklist-item hogan-linklist-item-external\"><a href=\"http:\/\/gus.no\/\">G\u00e5 ut senteret<svg xmlns=\"http:\/\/www.w3.org\/2000\/svg\" viewBox=\"0 0 56 100\" class=\"hogan-linklist-icon\"><path d=\"M54.3 47.3L7 0 .1 6.9l42.2 42.2L0 93.1l7.1 6.8 48.9-51z\"\/><\/svg><\/a><\/li><li class=\"hogan-linklist-item hogan-linklist-item-external\"><a href=\"https:\/\/bibelskolen.no\/\">Bibelskolen i Grimstad<svg xmlns=\"http:\/\/www.w3.org\/2000\/svg\" viewBox=\"0 0 56 100\" class=\"hogan-linklist-icon\"><path d=\"M54.3 47.3L7 0 .1 6.9l42.2 42.2L0 93.1l7.1 6.8 48.9-51z\"\/><\/svg><\/a><\/li><li class=\"hogan-linklist-item hogan-linklist-item-external\"><a href=\"https:\/\/www.impulsbibelskole.no\">Impuls Bibelskole<svg xmlns=\"http:\/\/www.w3.org\/2000\/svg\" viewBox=\"0 0 56 100\" class=\"hogan-linklist-icon\"><path d=\"M54.3 47.3L7 0 .1 6.9l42.2 42.2L0 93.1l7.1 6.8 48.9-51z\"\/><\/svg><\/a><\/li>\t\t\t<\/ul>\n\t\t<\/li>\n\t\t\t<li class=\"hogan-linklist-inner\">\n\t\t\t\t\t\t\t<h3 class=\"hogan-linklist-title\">Folkeh\u00f8yskole<\/h3>\n\t\t\t\n\t\t\t<ul class=\"hogan-linklist-items\">\n\t\t\t\t<li class=\"hogan-linklist-item hogan-linklist-item-external\"><a href=\"https:\/\/www.hogtun.no\/?gclid=CjwKCAiAqOriBRAfEiwAEb9oXWi6L1A-VIMlZAG_BZP1Im-miTbgcSA1QzAM75xMZrjioTgy60MtuxoCmaQQAvD_BwE\">Nordvestlandet folkeh\u00f8yskole<svg xmlns=\"http:\/\/www.w3.org\/2000\/svg\" viewBox=\"0 0 56 100\" class=\"hogan-linklist-icon\"><path d=\"M54.3 47.3L7 0 .1 6.9l42.2 42.2L0 93.1l7.1 6.8 48.9-51z\"\/><\/svg><\/a><\/li>\t\t\t<\/ul>\n\t\t<\/li>\n\t\t\t<li class=\"hogan-linklist-inner\">\n\t\t\t\t\t\t\t<h3 class=\"hogan-linklist-title\">Normisjonsmenigheter<\/h3>\n\t\t\t\n\t\t\t<ul class=\"hogan-linklist-items\">\n\t\t\t\t<li class=\"hogan-linklist-item hogan-linklist-item-external\"><a href=\"http:\/\/norkirkenmolde.no\/\">Norkirken Molde<svg xmlns=\"http:\/\/www.w3.org\/2000\/svg\" viewBox=\"0 0 56 100\" class=\"hogan-linklist-icon\"><path d=\"M54.3 47.3L7 0 .1 6.9l42.2 42.2L0 93.1l7.1 6.8 48.9-51z\"\/><\/svg><\/a><\/li><li class=\"hogan-linklist-item hogan-linklist-item-external\"><a href=\"http:\/\/www.salemmenighet.no\">Norkirken Trondheim<svg xmlns=\"http:\/\/www.w3.org\/2000\/svg\" viewBox=\"0 0 56 100\" class=\"hogan-linklist-icon\"><path d=\"M54.3 47.3L7 0 .1 6.9l42.2 42.2L0 93.1l7.1 6.8 48.9-51z\"\/><\/svg><\/a><\/li>\t\t\t<\/ul>\n\t\t<\/li>\n\t\t\t<li class=\"hogan-linklist-inner\">\n\t\t\t\t\t\t\t<h3 class=\"hogan-linklist-title\">Misjon<\/h3>\n\t\t\t\n\t\t\t<ul class=\"hogan-linklist-items\">\n\t\t\t\t<li class=\"hogan-linklist-item hogan-linklist-item-external\"><a href=\"https:\/\/www.normisjon.no\/vare-prosjekter-2\/\">Normisjons prosjekter<svg xmlns=\"http:\/\/www.w3.org\/2000\/svg\" viewBox=\"0 0 56 100\" class=\"hogan-linklist-icon\"><path d=\"M54.3 47.3L7 0 .1 6.9l42.2 42.2L0 93.1l7.1 6.8 48.9-51z\"\/><\/svg><\/a><\/li><li class=\"hogan-linklist-item hogan-linklist-item-external\"><a href=\"https:\/\/www.normisjon.no\/vare-prosjekter\/senegal\/\">Senegal<svg xmlns=\"http:\/\/www.w3.org\/2000\/svg\" viewBox=\"0 0 56 100\" class=\"hogan-linklist-icon\"><path d=\"M54.3 47.3L7 0 .1 6.9l42.2 42.2L0 93.1l7.1 6.8 48.9-51z\"\/><\/svg><\/a><\/li>\t\t\t<\/ul>\n\t\t<\/li>\n\t<\/ul>\n<\/nav><\/div><div id=\"module-4\" class=\"hogan-module hogan-module-embed hogan-module-4 normisjon-hogan-embed-size-page\"><div class=\"hogan-module-inner\"><iframe loading=\"lazy\" title=\"150 \u00e5r - historien\" width=\"815\" height=\"458\" src=\"https:\/\/www.youtube.com\/embed\/GIO6dbvNR1I?feature=oembed\" frameborder=\"0\" allow=\"accelerometer; autoplay; clipboard-write; encrypted-media; gyroscope; picture-in-picture; web-share\" referrerpolicy=\"strict-origin-when-cross-origin\" allowfullscreen><\/iframe><\/div><\/div><div id=\"module-5\" class=\"hogan-module hogan-module-embed hogan-module-5 normisjon-hogan-embed-size-large\"><div class=\"hogan-module-inner\"><iframe loading=\"lazy\" title=\"Familiefest 2024\" width=\"258\" height=\"458\" src=\"https:\/\/www.youtube.com\/embed\/BaL7Tic0-f0?feature=oembed\" frameborder=\"0\" allow=\"accelerometer; autoplay; clipboard-write; encrypted-media; gyroscope; picture-in-picture; web-share\" referrerpolicy=\"strict-origin-when-cross-origin\" allowfullscreen><\/iframe><\/div><\/div>","protected":false},"excerpt":{"rendered":"<p>Velkommen til Normisjon region M\u00f8re!Kontakt oss Nyheter Publisert: 22. april 2026\u00c5rsm\u00f8te 2026 Read article &quot;\u00c5rsm\u00f8te 2026&quot; Publisert: 22. april 2026Bjorlileiren 2026 Read article &quot;Bjorlileiren 2026&quot; [&hellip;]<\/p>\n","protected":false},"author":1,"featured_media":0,"parent":0,"menu_order":0,"comment_status":"closed","ping_status":"closed","template":"","meta":{"_acf_changed":false,"footnotes":""},"class_list":["post-4","page","type-page","status-publish","hentry"],"acf":[],"yoast_head":"<!-- This site is optimized with the Yoast SEO plugin v25.9 - https:\/\/yoast.com\/wordpress\/plugins\/seo\/ -->\n<title>Forside - Region M\u00f8re<\/title>\n<meta name=\"robots\" content=\"index, follow, max-snippet:-1, max-image-preview:large, max-video-preview:-1\" \/>\n<link rel=\"canonical\" href=\"https:\/\/www.normisjon.no\/more\/\" \/>\n<meta property=\"og:locale\" content=\"nb_NO\" \/>\n<meta property=\"og:type\" content=\"article\" \/>\n<meta property=\"og:title\" content=\"Forside - Region M\u00f8re\" \/>\n<meta property=\"og:description\" content=\"Velkommen til Normisjon region M\u00f8re!Kontakt oss Nyheter Publisert: 22. april 2026\u00c5rsm\u00f8te 2026 Read article &quot;\u00c5rsm\u00f8te 2026&quot; Publisert: 22. april 2026Bjorlileiren 2026 Read article &quot;Bjorlileiren 2026&quot; [&hellip;]\" \/>\n<meta property=\"og:url\" content=\"https:\/\/www.normisjon.no\/more\/\" \/>\n<meta property=\"og:site_name\" content=\"Region M\u00f8re\" \/>\n<meta property=\"article:modified_time\" content=\"2026-03-23T10:42:12+00:00\" \/>\n<meta name=\"twitter:card\" content=\"summary_large_image\" \/>\n<script type=\"application\/ld+json\" class=\"yoast-schema-graph\">{\"@context\":\"https:\/\/schema.org\",\"@graph\":[{\"@type\":\"WebPage\",\"@id\":\"https:\/\/www.normisjon.no\/more\/\",\"url\":\"https:\/\/www.normisjon.no\/more\/\",\"name\":\"Forside - Region M\u00f8re\",\"isPartOf\":{\"@id\":\"https:\/\/www.normisjon.no\/more\/#website\"},\"datePublished\":\"2018-04-11T11:12:12+00:00\",\"dateModified\":\"2026-03-23T10:42:12+00:00\",\"breadcrumb\":{\"@id\":\"https:\/\/www.normisjon.no\/more\/#breadcrumb\"},\"inLanguage\":\"nb-NO\",\"potentialAction\":[{\"@type\":\"ReadAction\",\"target\":[\"https:\/\/www.normisjon.no\/more\/\"]}]},{\"@type\":\"BreadcrumbList\",\"@id\":\"https:\/\/www.normisjon.no\/more\/#breadcrumb\",\"itemListElement\":[{\"@type\":\"ListItem\",\"position\":1,\"name\":\"Home\",\"item\":\"https:\/\/www.normisjon.no\/more\/\"},{\"@type\":\"ListItem\",\"position\":2,\"name\":\"Forside\"}]},{\"@type\":\"WebSite\",\"@id\":\"https:\/\/www.normisjon.no\/more\/#website\",\"url\":\"https:\/\/www.normisjon.no\/more\/\",\"name\":\"Region M\u00f8re\",\"description\":\"\",\"potentialAction\":[{\"@type\":\"SearchAction\",\"target\":{\"@type\":\"EntryPoint\",\"urlTemplate\":\"https:\/\/www.normisjon.no\/more\/?s={search_term_string}\"},\"query-input\":{\"@type\":\"PropertyValueSpecification\",\"valueRequired\":true,\"valueName\":\"search_term_string\"}}],\"inLanguage\":\"nb-NO\"}]}<\/script>\n<!-- \/ Yoast SEO plugin. -->","yoast_head_json":{"title":"Forside - Region M\u00f8re","robots":{"index":"index","follow":"follow","max-snippet":"max-snippet:-1","max-image-preview":"max-image-preview:large","max-video-preview":"max-video-preview:-1"},"canonical":"https:\/\/www.normisjon.no\/more\/","og_locale":"nb_NO","og_type":"article","og_title":"Forside - Region M\u00f8re","og_description":"Velkommen til Normisjon region M\u00f8re!Kontakt oss Nyheter Publisert: 22. april 2026\u00c5rsm\u00f8te 2026 Read article &quot;\u00c5rsm\u00f8te 2026&quot; Publisert: 22. april 2026Bjorlileiren 2026 Read article &quot;Bjorlileiren 2026&quot; [&hellip;]","og_url":"https:\/\/www.normisjon.no\/more\/","og_site_name":"Region M\u00f8re","article_modified_time":"2026-03-23T10:42:12+00:00","twitter_card":"summary_large_image","schema":{"@context":"https:\/\/schema.org","@graph":[{"@type":"WebPage","@id":"https:\/\/www.normisjon.no\/more\/","url":"https:\/\/www.normisjon.no\/more\/","name":"Forside - Region M\u00f8re","isPartOf":{"@id":"https:\/\/www.normisjon.no\/more\/#website"},"datePublished":"2018-04-11T11:12:12+00:00","dateModified":"2026-03-23T10:42:12+00:00","breadcrumb":{"@id":"https:\/\/www.normisjon.no\/more\/#breadcrumb"},"inLanguage":"nb-NO","potentialAction":[{"@type":"ReadAction","target":["https:\/\/www.normisjon.no\/more\/"]}]},{"@type":"BreadcrumbList","@id":"https:\/\/www.normisjon.no\/more\/#breadcrumb","itemListElement":[{"@type":"ListItem","position":1,"name":"Home","item":"https:\/\/www.normisjon.no\/more\/"},{"@type":"ListItem","position":2,"name":"Forside"}]},{"@type":"WebSite","@id":"https:\/\/www.normisjon.no\/more\/#website","url":"https:\/\/www.normisjon.no\/more\/","name":"Region M\u00f8re","description":"","potentialAction":[{"@type":"SearchAction","target":{"@type":"EntryPoint","urlTemplate":"https:\/\/www.normisjon.no\/more\/?s={search_term_string}"},"query-input":{"@type":"PropertyValueSpecification","valueRequired":true,"valueName":"search_term_string"}}],"inLanguage":"nb-NO"}]}},"_links":{"self":[{"href":"https:\/\/www.normisjon.no\/more\/wp-json\/wp\/v2\/pages\/4","targetHints":{"allow":["GET"]}}],"collection":[{"href":"https:\/\/www.normisjon.no\/more\/wp-json\/wp\/v2\/pages"}],"about":[{"href":"https:\/\/www.normisjon.no\/more\/wp-json\/wp\/v2\/types\/page"}],"author":[{"embeddable":true,"href":"https:\/\/www.normisjon.no\/more\/wp-json\/wp\/v2\/users\/1"}],"replies":[{"embeddable":true,"href":"https:\/\/www.normisjon.no\/more\/wp-json\/wp\/v2\/comments?post=4"}],"version-history":[{"count":44,"href":"https:\/\/www.normisjon.no\/more\/wp-json\/wp\/v2\/pages\/4\/revisions"}],"predecessor-version":[{"id":990,"href":"https:\/\/www.normisjon.no\/more\/wp-json\/wp\/v2\/pages\/4\/revisions\/990"}],"wp:attachment":[{"href":"https:\/\/www.normisjon.no\/more\/wp-json\/wp\/v2\/media?parent=4"}],"curies":[{"name":"wp","href":"https:\/\/api.w.org\/{rel}","templated":true}]}}