{"id":501,"date":"2022-10-12T09:43:57","date_gmt":"2022-10-12T07:43:57","guid":{"rendered":"https:\/\/www.normisjon.no\/more\/?page_id=501"},"modified":"2026-03-16T13:34:24","modified_gmt":"2026-03-16T12:34:24","slug":"arrangement-more","status":"publish","type":"page","link":"https:\/\/www.normisjon.no\/more\/arrangement-more\/","title":{"rendered":"Arrangement"},"content":{"rendered":"<div class=\"entry-content alignfull wp-block-post-content has-global-padding is-layout-constrained wp-block-post-content-is-layout-constrained\">\n<figure class=\"wp-block-image size-large is-style-default\"><img loading=\"lazy\" decoding=\"async\" width=\"1024\" height=\"768\" src=\"https:\/\/www.normisjon.no\/content\/uploads\/sites\/14\/2025\/10\/IMG_8369-1024x768.jpeg\" alt=\"\" class=\"wp-image-715\" srcset=\"https:\/\/www.normisjon.no\/content\/uploads\/sites\/14\/2025\/10\/IMG_8369-1024x768.jpeg 1024w, https:\/\/www.normisjon.no\/content\/uploads\/sites\/14\/2025\/10\/IMG_8369-300x225.jpeg 300w, https:\/\/www.normisjon.no\/content\/uploads\/sites\/14\/2025\/10\/IMG_8369-768x576.jpeg 768w, https:\/\/www.normisjon.no\/content\/uploads\/sites\/14\/2025\/10\/IMG_8369-1536x1152.jpeg 1536w, https:\/\/www.normisjon.no\/content\/uploads\/sites\/14\/2025\/10\/IMG_8369-2048x1536.jpeg 2048w, https:\/\/www.normisjon.no\/content\/uploads\/sites\/14\/2025\/10\/IMG_8369-1920x1440.jpeg 1920w, https:\/\/www.normisjon.no\/content\/uploads\/sites\/14\/2025\/10\/IMG_8369-1360x1020.jpeg 1360w, https:\/\/www.normisjon.no\/content\/uploads\/sites\/14\/2025\/10\/IMG_8369-960x720.jpeg 960w\" sizes=\"auto, (max-width: 1024px) 100vw, 1024px\" \/><\/figure>\n\n\n\n<p>Her vil du finne en enkel oversikt over hvilke arrangement vi har i regionen.<br><\/p>\n\n\n\n<div class=\"wp-block-buttons is-layout-flex wp-block-buttons-is-layout-flex\">\n<div class=\"wp-block-button\"><a class=\"wp-block-button__link wp-element-button\" href=\"https:\/\/norkirkenmolde.no\/kalender\">Norkirken Molde kalender<\/a><\/div>\n<\/div>\n\n\n\n<p><\/p>\n<\/div><div id=\"module-0\" class=\"hogan-module hogan-module-grid hogan-module-0 hogan-grid-has-theme hogan-grid-theme-gainsboro\"><div class=\"hogan-module-inner\"><div class=\"hogan-grid hogan-grid-text-center hogan-grid-size-dynamic\">\n\t<div class=\"hogan-grid-inner\">\n\t\t\t\t\t<div class=\"hogan-grid-item hogan-grid-item-size-small hogan-grid-item-type-post savage-has-image savage-has-heading\">\n\t\t\t\t<div class=\"hogan-grid-item-inner\">\n\t\t\t\t\t<div class=\"savage-card-image\">\n\t<div class=\"savage-card-image-inner\">\n\t\t<span class=\"savage-card-image-image\" style=\"background-image: url(https:\/\/www.normisjon.no\/content\/uploads\/sites\/14\/2026\/04\/IMG_2368-768x576.jpg);\"><\/span>\t<\/div>\n<\/div>\n\t\t<div class=\"savage-card-body\">\n\t\t\t<div class=\"savage-card-body-inner\">\n\t\t\t\t<div class=\"savage-card__date\">Publisert: 22. april 2026<\/div><h2 class=\"savage-card-heading\">\u00c5rsm\u00f8te 2026<\/h2>\t\t\t<\/div>\n\t\t<\/div>\n\t\t<a href=\"https:\/\/www.normisjon.no\/more\/2026\/04\/22\/arsmote-2026-2\/\" class=\"savage-card-link\"><span class=\"screen-reader-text\">Read article &quot;\u00c5rsm\u00f8te 2026&quot;<\/span><\/a>\t\t\t\t<\/div>\n\t\t\t<\/div>\n\t\t\t\t\t\t<div class=\"hogan-grid-item hogan-grid-item-size-small hogan-grid-item-type-post savage-has-image savage-has-heading\">\n\t\t\t\t<div class=\"hogan-grid-item-inner\">\n\t\t\t\t\t<div class=\"savage-card-image\">\n\t<div class=\"savage-card-image-inner\">\n\t\t<span class=\"savage-card-image-image\" style=\"background-image: url(https:\/\/www.normisjon.no\/content\/uploads\/sites\/14\/2026\/04\/Uten-tittel-12.png);\"><\/span>\t<\/div>\n<\/div>\n\t\t<div class=\"savage-card-body\">\n\t\t\t<div class=\"savage-card-body-inner\">\n\t\t\t\t<div class=\"savage-card__date\">Publisert: 22. april 2026<\/div><h2 class=\"savage-card-heading\">Bjorlileiren 2026<\/h2>\t\t\t<\/div>\n\t\t<\/div>\n\t\t<a href=\"https:\/\/www.normisjon.no\/more\/2026\/04\/22\/bjorlileiren-2026\/\" class=\"savage-card-link\"><span class=\"screen-reader-text\">Read article &quot;Bjorlileiren 2026&quot;<\/span><\/a>\t\t\t\t<\/div>\n\t\t\t<\/div>\n\t\t\t\t\t\t<div class=\"hogan-grid-item hogan-grid-item-size-small hogan-grid-item-type-post savage-has-image savage-has-heading\">\n\t\t\t\t<div class=\"hogan-grid-item-inner\">\n\t\t\t\t\t<div class=\"savage-card-image\">\n\t<div class=\"savage-card-image-inner\">\n\t\t<span class=\"savage-card-image-image\" style=\"background-image: url(https:\/\/www.normisjon.no\/content\/uploads\/sites\/14\/2026\/03\/IMG_2179-1-768x442.jpeg);\"><\/span>\t<\/div>\n<\/div>\n\t\t<div class=\"savage-card-body\">\n\t\t\t<div class=\"savage-card-body-inner\">\n\t\t\t\t<div class=\"savage-card__date\">Publisert: 16. mars 2026<\/div><h2 class=\"savage-card-heading\">P\u00e5melding til \u00c5rsm\u00f8te 2026<\/h2>\t\t\t<\/div>\n\t\t<\/div>\n\t\t<a href=\"https:\/\/www.normisjon.no\/more\/2026\/03\/16\/arsmote-2026\/\" class=\"savage-card-link\"><span class=\"screen-reader-text\">Read article &quot;P\u00e5melding til \u00c5rsm\u00f8te 2026&quot;<\/span><\/a>\t\t\t\t<\/div>\n\t\t\t<\/div>\n\t\t\t\t\t\t<div class=\"hogan-grid-item hogan-grid-item-size-small hogan-grid-item-type-post savage-has-image savage-has-heading\">\n\t\t\t\t<div class=\"hogan-grid-item-inner\">\n\t\t\t\t\t<div class=\"savage-card-image\">\n\t<div class=\"savage-card-image-inner\">\n\t\t<span class=\"savage-card-image-image\" style=\"background-image: url(https:\/\/www.normisjon.no\/content\/uploads\/sites\/14\/2026\/03\/IMG_2102-768x576.jpeg);\"><\/span>\t<\/div>\n<\/div>\n\t\t<div class=\"savage-card-body\">\n\t\t\t<div class=\"savage-card-body-inner\">\n\t\t\t\t<div class=\"savage-card__date\">Publisert: 13. mars 2026<\/div><h2 class=\"savage-card-heading\">Impuls 2026<\/h2>\t\t\t<\/div>\n\t\t<\/div>\n\t\t<a href=\"https:\/\/www.normisjon.no\/more\/2026\/03\/13\/impuls-2026\/\" class=\"savage-card-link\"><span class=\"screen-reader-text\">Read article &quot;Impuls 2026&quot;<\/span><\/a>\t\t\t\t<\/div>\n\t\t\t<\/div>\n\t\t\t\t\t\t<div class=\"hogan-grid-item hogan-grid-item-size-small hogan-grid-item-type-post savage-has-image savage-has-heading\">\n\t\t\t\t<div class=\"hogan-grid-item-inner\">\n\t\t\t\t\t<div class=\"savage-card-image\">\n\t<div class=\"savage-card-image-inner\">\n\t\t<span class=\"savage-card-image-image\" style=\"background-image: url(https:\/\/www.normisjon.no\/content\/uploads\/sites\/14\/2018\/05\/bilde-til-omr\u00e5degruppene-side-2-M\u00f8re-og-Romsdal-768x554.png);\"><\/span>\t<\/div>\n<\/div>\n\t\t<div class=\"savage-card-body\">\n\t\t\t<div class=\"savage-card-body-inner\">\n\t\t\t\t<div class=\"savage-card__date\">Publisert: 22. oktober 2025<\/div><h2 class=\"savage-card-heading\">Omr\u00e5degruppene<\/h2>\t\t\t<\/div>\n\t\t<\/div>\n\t\t<a href=\"https:\/\/www.normisjon.no\/more\/2025\/10\/22\/storsamling-pa-langevag-bedehus\/\" class=\"savage-card-link\"><span class=\"screen-reader-text\">Read article &quot;Omr\u00e5degruppene&quot;<\/span><\/a>\t\t\t\t<\/div>\n\t\t\t<\/div>\n\t\t\t\t<\/div>\n<\/div>\n<\/div><\/div>","protected":false},"excerpt":{"rendered":"<p>Her vil du finne en enkel oversikt over hvilke arrangement vi har i regionen. Publisert: 22. april 2026 \u00c5rsm\u00f8te 2026 Read article &quot;\u00c5rsm\u00f8te 2026&quot; Publisert: [&hellip;]<\/p>\n","protected":false},"author":1,"featured_media":715,"parent":0,"menu_order":0,"comment_status":"closed","ping_status":"closed","template":"","meta":{"_acf_changed":false,"footnotes":""},"class_list":["post-501","page","type-page","status-publish","has-post-thumbnail","hentry"],"acf":[],"yoast_head":"<!-- This site is optimized with the Yoast SEO plugin v25.9 - https:\/\/yoast.com\/wordpress\/plugins\/seo\/ -->\n<title>Arrangement - Region M\u00f8re<\/title>\n<meta name=\"robots\" content=\"index, follow, max-snippet:-1, max-image-preview:large, max-video-preview:-1\" \/>\n<link rel=\"canonical\" href=\"https:\/\/www.normisjon.no\/more\/arrangement-more\/\" \/>\n<meta property=\"og:locale\" content=\"nb_NO\" \/>\n<meta property=\"og:type\" content=\"article\" \/>\n<meta property=\"og:title\" content=\"Arrangement - Region M\u00f8re\" \/>\n<meta property=\"og:description\" content=\"Her vil du finne en enkel oversikt over hvilke arrangement vi har i regionen. Publisert: 22. april 2026\u00c5rsm\u00f8te 2026 Read article &quot;\u00c5rsm\u00f8te 2026&quot; Publisert: 22. [&hellip;]\" \/>\n<meta property=\"og:url\" content=\"https:\/\/www.normisjon.no\/more\/arrangement-more\/\" \/>\n<meta property=\"og:site_name\" content=\"Region M\u00f8re\" \/>\n<meta property=\"article:modified_time\" content=\"2026-03-16T12:34:24+00:00\" \/>\n<meta property=\"og:image\" content=\"https:\/\/www.normisjon.no\/content\/uploads\/sites\/14\/2025\/10\/IMG_8369-scaled.jpeg\" \/>\n\t<meta property=\"og:image:width\" content=\"2560\" \/>\n\t<meta property=\"og:image:height\" content=\"1920\" \/>\n\t<meta property=\"og:image:type\" content=\"image\/jpeg\" \/>\n<meta name=\"twitter:card\" content=\"summary_large_image\" \/>\n<meta name=\"twitter:label1\" content=\"Ansl. lesetid\" \/>\n\t<meta name=\"twitter:data1\" content=\"1 minutt\" \/>\n<script type=\"application\/ld+json\" class=\"yoast-schema-graph\">{\"@context\":\"https:\/\/schema.org\",\"@graph\":[{\"@type\":\"WebPage\",\"@id\":\"https:\/\/www.normisjon.no\/more\/arrangement-more\/\",\"url\":\"https:\/\/www.normisjon.no\/more\/arrangement-more\/\",\"name\":\"Arrangement - Region M\u00f8re\",\"isPartOf\":{\"@id\":\"https:\/\/www.normisjon.no\/more\/#website\"},\"primaryImageOfPage\":{\"@id\":\"https:\/\/www.normisjon.no\/more\/arrangement-more\/#primaryimage\"},\"image\":{\"@id\":\"https:\/\/www.normisjon.no\/more\/arrangement-more\/#primaryimage\"},\"thumbnailUrl\":\"https:\/\/www.normisjon.no\/content\/uploads\/sites\/14\/2025\/10\/IMG_8369-scaled.jpeg\",\"datePublished\":\"2022-10-12T07:43:57+00:00\",\"dateModified\":\"2026-03-16T12:34:24+00:00\",\"breadcrumb\":{\"@id\":\"https:\/\/www.normisjon.no\/more\/arrangement-more\/#breadcrumb\"},\"inLanguage\":\"nb-NO\",\"potentialAction\":[{\"@type\":\"ReadAction\",\"target\":[\"https:\/\/www.normisjon.no\/more\/arrangement-more\/\"]}]},{\"@type\":\"ImageObject\",\"inLanguage\":\"nb-NO\",\"@id\":\"https:\/\/www.normisjon.no\/more\/arrangement-more\/#primaryimage\",\"url\":\"https:\/\/www.normisjon.no\/content\/uploads\/sites\/14\/2025\/10\/IMG_8369-scaled.jpeg\",\"contentUrl\":\"https:\/\/www.normisjon.no\/content\/uploads\/sites\/14\/2025\/10\/IMG_8369-scaled.jpeg\",\"width\":2560,\"height\":1920},{\"@type\":\"BreadcrumbList\",\"@id\":\"https:\/\/www.normisjon.no\/more\/arrangement-more\/#breadcrumb\",\"itemListElement\":[{\"@type\":\"ListItem\",\"position\":1,\"name\":\"Home\",\"item\":\"https:\/\/www.normisjon.no\/more\/\"},{\"@type\":\"ListItem\",\"position\":2,\"name\":\"Arrangement\"}]},{\"@type\":\"WebSite\",\"@id\":\"https:\/\/www.normisjon.no\/more\/#website\",\"url\":\"https:\/\/www.normisjon.no\/more\/\",\"name\":\"Region M\u00f8re\",\"description\":\"\",\"potentialAction\":[{\"@type\":\"SearchAction\",\"target\":{\"@type\":\"EntryPoint\",\"urlTemplate\":\"https:\/\/www.normisjon.no\/more\/?s={search_term_string}\"},\"query-input\":{\"@type\":\"PropertyValueSpecification\",\"valueRequired\":true,\"valueName\":\"search_term_string\"}}],\"inLanguage\":\"nb-NO\"}]}<\/script>\n<!-- \/ Yoast SEO plugin. -->","yoast_head_json":{"title":"Arrangement - Region M\u00f8re","robots":{"index":"index","follow":"follow","max-snippet":"max-snippet:-1","max-image-preview":"max-image-preview:large","max-video-preview":"max-video-preview:-1"},"canonical":"https:\/\/www.normisjon.no\/more\/arrangement-more\/","og_locale":"nb_NO","og_type":"article","og_title":"Arrangement - Region M\u00f8re","og_description":"Her vil du finne en enkel oversikt over hvilke arrangement vi har i regionen. Publisert: 22. april 2026\u00c5rsm\u00f8te 2026 Read article &quot;\u00c5rsm\u00f8te 2026&quot; Publisert: 22. [&hellip;]","og_url":"https:\/\/www.normisjon.no\/more\/arrangement-more\/","og_site_name":"Region M\u00f8re","article_modified_time":"2026-03-16T12:34:24+00:00","og_image":[{"width":2560,"height":1920,"url":"https:\/\/www.normisjon.no\/content\/uploads\/sites\/14\/2025\/10\/IMG_8369-scaled.jpeg","type":"image\/jpeg"}],"twitter_card":"summary_large_image","twitter_misc":{"Ansl. lesetid":"1 minutt"},"schema":{"@context":"https:\/\/schema.org","@graph":[{"@type":"WebPage","@id":"https:\/\/www.normisjon.no\/more\/arrangement-more\/","url":"https:\/\/www.normisjon.no\/more\/arrangement-more\/","name":"Arrangement - Region M\u00f8re","isPartOf":{"@id":"https:\/\/www.normisjon.no\/more\/#website"},"primaryImageOfPage":{"@id":"https:\/\/www.normisjon.no\/more\/arrangement-more\/#primaryimage"},"image":{"@id":"https:\/\/www.normisjon.no\/more\/arrangement-more\/#primaryimage"},"thumbnailUrl":"https:\/\/www.normisjon.no\/content\/uploads\/sites\/14\/2025\/10\/IMG_8369-scaled.jpeg","datePublished":"2022-10-12T07:43:57+00:00","dateModified":"2026-03-16T12:34:24+00:00","breadcrumb":{"@id":"https:\/\/www.normisjon.no\/more\/arrangement-more\/#breadcrumb"},"inLanguage":"nb-NO","potentialAction":[{"@type":"ReadAction","target":["https:\/\/www.normisjon.no\/more\/arrangement-more\/"]}]},{"@type":"ImageObject","inLanguage":"nb-NO","@id":"https:\/\/www.normisjon.no\/more\/arrangement-more\/#primaryimage","url":"https:\/\/www.normisjon.no\/content\/uploads\/sites\/14\/2025\/10\/IMG_8369-scaled.jpeg","contentUrl":"https:\/\/www.normisjon.no\/content\/uploads\/sites\/14\/2025\/10\/IMG_8369-scaled.jpeg","width":2560,"height":1920},{"@type":"BreadcrumbList","@id":"https:\/\/www.normisjon.no\/more\/arrangement-more\/#breadcrumb","itemListElement":[{"@type":"ListItem","position":1,"name":"Home","item":"https:\/\/www.normisjon.no\/more\/"},{"@type":"ListItem","position":2,"name":"Arrangement"}]},{"@type":"WebSite","@id":"https:\/\/www.normisjon.no\/more\/#website","url":"https:\/\/www.normisjon.no\/more\/","name":"Region M\u00f8re","description":"","potentialAction":[{"@type":"SearchAction","target":{"@type":"EntryPoint","urlTemplate":"https:\/\/www.normisjon.no\/more\/?s={search_term_string}"},"query-input":{"@type":"PropertyValueSpecification","valueRequired":true,"valueName":"search_term_string"}}],"inLanguage":"nb-NO"}]}},"_links":{"self":[{"href":"https:\/\/www.normisjon.no\/more\/wp-json\/wp\/v2\/pages\/501","targetHints":{"allow":["GET"]}}],"collection":[{"href":"https:\/\/www.normisjon.no\/more\/wp-json\/wp\/v2\/pages"}],"about":[{"href":"https:\/\/www.normisjon.no\/more\/wp-json\/wp\/v2\/types\/page"}],"author":[{"embeddable":true,"href":"https:\/\/www.normisjon.no\/more\/wp-json\/wp\/v2\/users\/1"}],"replies":[{"embeddable":true,"href":"https:\/\/www.normisjon.no\/more\/wp-json\/wp\/v2\/comments?post=501"}],"version-history":[{"count":19,"href":"https:\/\/www.normisjon.no\/more\/wp-json\/wp\/v2\/pages\/501\/revisions"}],"predecessor-version":[{"id":962,"href":"https:\/\/www.normisjon.no\/more\/wp-json\/wp\/v2\/pages\/501\/revisions\/962"}],"wp:featuredmedia":[{"embeddable":true,"href":"https:\/\/www.normisjon.no\/more\/wp-json\/wp\/v2\/media\/715"}],"wp:attachment":[{"href":"https:\/\/www.normisjon.no\/more\/wp-json\/wp\/v2\/media?parent=501"}],"curies":[{"name":"wp","href":"https:\/\/api.w.org\/{rel}","templated":true}]}}