{"id":837,"date":"2025-11-04T14:30:46","date_gmt":"2025-11-04T13:30:46","guid":{"rendered":"https:\/\/www.normisjon.no\/more\/?page_id=837"},"modified":"2026-03-17T23:07:52","modified_gmt":"2026-03-17T22:07:52","slug":"soul-children","status":"publish","type":"page","link":"https:\/\/www.normisjon.no\/more\/soul-children\/","title":{"rendered":"Soul Children"},"content":{"rendered":"<div class=\"entry-content alignfull wp-block-post-content has-global-padding is-layout-constrained wp-block-post-content-is-layout-constrained\">\n<figure class=\"wp-block-image size-large\"><img loading=\"lazy\" decoding=\"async\" width=\"1024\" height=\"576\" src=\"https:\/\/www.normisjon.no\/content\/uploads\/sites\/14\/2026\/03\/IMG_8640-1024x576.jpeg\" alt=\"\" class=\"wp-image-903\" srcset=\"https:\/\/www.normisjon.no\/content\/uploads\/sites\/14\/2026\/03\/IMG_8640-1024x576.jpeg 1024w, https:\/\/www.normisjon.no\/content\/uploads\/sites\/14\/2026\/03\/IMG_8640-300x169.jpeg 300w, https:\/\/www.normisjon.no\/content\/uploads\/sites\/14\/2026\/03\/IMG_8640-768x432.jpeg 768w, https:\/\/www.normisjon.no\/content\/uploads\/sites\/14\/2026\/03\/IMG_8640-1536x864.jpeg 1536w, https:\/\/www.normisjon.no\/content\/uploads\/sites\/14\/2026\/03\/IMG_8640-2048x1152.jpeg 2048w, https:\/\/www.normisjon.no\/content\/uploads\/sites\/14\/2026\/03\/IMG_8640-1920x1080.jpeg 1920w, https:\/\/www.normisjon.no\/content\/uploads\/sites\/14\/2026\/03\/IMG_8640-1360x765.jpeg 1360w, https:\/\/www.normisjon.no\/content\/uploads\/sites\/14\/2026\/03\/IMG_8640-960x540.jpeg 960w\" sizes=\"auto, (max-width: 1024px) 100vw, 1024px\" \/><\/figure>\n\n\n\n<p>Soul Children har to lokale lag her i fylket.  <br>Molde og Hustadvika Soul Children har jevnlige kor \u00f8velser p\u00e5 ulike lokasjoner i Molde omr\u00e5det. <br>Mens i \u00c5lesund har man en rik historie for et kjempe spennende kor arbeid som har hatt for en tid opphold i virksomheten. Men som n\u00e5 har planer i \u00e5 starte opp igjen arbeidet.<br><br>Under kan du se mere info:<br><\/p>\n\n\n\n<div class=\"wp-block-buttons is-layout-flex wp-block-buttons-is-layout-flex\"><\/div>\n\n\n\n<div class=\"wp-block-buttons is-layout-flex wp-block-buttons-is-layout-flex\"><\/div>\n\n\n\n<p><\/p>\n<\/div><div id=\"module-0\" class=\"hogan-module hogan-module-grid hogan-module-0 hogan-grid-has-theme hogan-grid-theme-greyblue\"><div class=\"hogan-module-inner\"><h2 class=\"hogan-heading\">Soul children Stranda<\/h2><div class=\"hogan-grid hogan-grid-text-center hogan-grid-size-dynamic\">\n\t<div class=\"hogan-grid-inner\">\n\t\t\t\t\t<div class=\"hogan-grid-item hogan-grid-item-size-small hogan-grid-item-type-savage_custom_card savage-has-image savage-has-background savage-bg-default savage-has-heading savage-has-excerpt\">\n\t\t\t\t<div class=\"hogan-grid-item-inner\">\n\t\t\t\t\t<div class=\"savage-card-image\">\n\t<div class=\"savage-card-image-inner\">\n\t\t<span class=\"savage-card-image-image\" style=\"background-image: url(https:\/\/www.normisjon.no\/content\/uploads\/sites\/14\/2018\/06\/IMG_8004-768x432.jpeg);\"><\/span>\t<\/div>\n<\/div>\n\t\t<div class=\"savage-card-body\">\n\t\t\t<div class=\"savage-card-body-inner\">\n\t\t\t\t<h2 class=\"savage-card-heading\">Stranda Soul Children<\/h2><p class=\"savage-card-excerpt\">Soul Children Stranda er nylig startet opp!\r\nFor mere info om koret kontakt kordirigent Gabriela Habostad. \r\nMail: gabriela.habostad@gmail.com\r\nTlf: 47940204<\/p>\t\t\t<\/div>\n\t\t<\/div>\n\t\t<a href=\"https:\/\/soulchildren.no\" class=\"savage-card-link\"><span class=\"screen-reader-text\">Soul children<\/span><\/a>\t\t\t\t<\/div>\n\t\t\t<\/div>\n\t\t\t\t\t\t<div class=\"hogan-grid-item hogan-grid-item-size-small hogan-grid-item-type-savage_custom_card savage-has-image savage-has-background savage-bg-default savage-has-heading savage-has-excerpt\">\n\t\t\t\t<div class=\"hogan-grid-item-inner\">\n\t\t\t\t\t<div class=\"savage-card-image\">\n\t<div class=\"savage-card-image-inner\">\n\t\t<span class=\"savage-card-image-image\" style=\"background-image: url(https:\/\/www.normisjon.no\/content\/uploads\/sites\/14\/2018\/06\/IMG_0505-768x576.jpg);\"><\/span>\t<\/div>\n<\/div>\n\t\t<div class=\"savage-card-body\">\n\t\t\t<div class=\"savage-card-body-inner\">\n\t\t\t\t<h2 class=\"savage-card-heading\">Molde og Hustadvika Soul Children<\/h2><p class=\"savage-card-excerpt\">Molde og Hustadvika Soul Children har kor \u00f8velser hver tredje uke i Elnesv\u00e5gen og Molde. Kordirigenten er Marie Hals, kontakt info:\r\nMail: mariekilanehals@gmail.com\r\nTlf: 91789183<\/p>\t\t\t<\/div>\n\t\t<\/div>\n\t\t<a href=\"https:\/\/www.facebook.com\/groups\/126397430550298\/\" class=\"savage-card-link\" target=\"_blank\"><span class=\"screen-reader-text\">Molde Soul Children<\/span><\/a>\t\t\t\t<\/div>\n\t\t\t<\/div>\n\t\t\t\t<\/div>\n<\/div>\n<\/div><\/div>","protected":false},"excerpt":{"rendered":"<p>Soul Children har to lokale lag her i fylket. Molde og Hustadvika Soul Children har jevnlige kor \u00f8velser p\u00e5 ulike lokasjoner i Molde omr\u00e5det. Mens [&hellip;]<\/p>\n","protected":false},"author":115,"featured_media":903,"parent":0,"menu_order":0,"comment_status":"closed","ping_status":"closed","template":"","meta":{"_acf_changed":false,"footnotes":""},"class_list":["post-837","page","type-page","status-publish","has-post-thumbnail","hentry"],"acf":[],"yoast_head":"<!-- This site is optimized with the Yoast SEO plugin v25.9 - https:\/\/yoast.com\/wordpress\/plugins\/seo\/ -->\n<title>Soul Children - Region M\u00f8re<\/title>\n<meta name=\"robots\" content=\"index, follow, max-snippet:-1, max-image-preview:large, max-video-preview:-1\" \/>\n<link rel=\"canonical\" href=\"https:\/\/www.normisjon.no\/more\/soul-children\/\" \/>\n<meta property=\"og:locale\" content=\"nb_NO\" \/>\n<meta property=\"og:type\" content=\"article\" \/>\n<meta property=\"og:title\" content=\"Soul Children - Region M\u00f8re\" \/>\n<meta property=\"og:description\" content=\"Soul Children har to lokale lag her i fylket. Molde og Hustadvika Soul Children har jevnlige kor \u00f8velser p\u00e5 ulike lokasjoner i Molde omr\u00e5det. Mens [&hellip;]\" \/>\n<meta property=\"og:url\" content=\"https:\/\/www.normisjon.no\/more\/soul-children\/\" \/>\n<meta property=\"og:site_name\" content=\"Region M\u00f8re\" \/>\n<meta property=\"article:modified_time\" content=\"2026-03-17T22:07:52+00:00\" \/>\n<meta property=\"og:image\" content=\"https:\/\/www.normisjon.no\/content\/uploads\/sites\/14\/2026\/03\/IMG_8640-scaled.jpeg\" \/>\n\t<meta property=\"og:image:width\" content=\"2560\" \/>\n\t<meta property=\"og:image:height\" content=\"1440\" \/>\n\t<meta property=\"og:image:type\" content=\"image\/jpeg\" \/>\n<meta name=\"twitter:card\" content=\"summary_large_image\" \/>\n<meta name=\"twitter:label1\" content=\"Ansl. lesetid\" \/>\n\t<meta name=\"twitter:data1\" content=\"1 minutt\" \/>\n<script type=\"application\/ld+json\" class=\"yoast-schema-graph\">{\"@context\":\"https:\/\/schema.org\",\"@graph\":[{\"@type\":\"WebPage\",\"@id\":\"https:\/\/www.normisjon.no\/more\/soul-children\/\",\"url\":\"https:\/\/www.normisjon.no\/more\/soul-children\/\",\"name\":\"Soul Children - Region M\u00f8re\",\"isPartOf\":{\"@id\":\"https:\/\/www.normisjon.no\/more\/#website\"},\"primaryImageOfPage\":{\"@id\":\"https:\/\/www.normisjon.no\/more\/soul-children\/#primaryimage\"},\"image\":{\"@id\":\"https:\/\/www.normisjon.no\/more\/soul-children\/#primaryimage\"},\"thumbnailUrl\":\"https:\/\/www.normisjon.no\/content\/uploads\/sites\/14\/2026\/03\/IMG_8640-scaled.jpeg\",\"datePublished\":\"2025-11-04T13:30:46+00:00\",\"dateModified\":\"2026-03-17T22:07:52+00:00\",\"breadcrumb\":{\"@id\":\"https:\/\/www.normisjon.no\/more\/soul-children\/#breadcrumb\"},\"inLanguage\":\"nb-NO\",\"potentialAction\":[{\"@type\":\"ReadAction\",\"target\":[\"https:\/\/www.normisjon.no\/more\/soul-children\/\"]}]},{\"@type\":\"ImageObject\",\"inLanguage\":\"nb-NO\",\"@id\":\"https:\/\/www.normisjon.no\/more\/soul-children\/#primaryimage\",\"url\":\"https:\/\/www.normisjon.no\/content\/uploads\/sites\/14\/2026\/03\/IMG_8640-scaled.jpeg\",\"contentUrl\":\"https:\/\/www.normisjon.no\/content\/uploads\/sites\/14\/2026\/03\/IMG_8640-scaled.jpeg\",\"width\":2560,\"height\":1440},{\"@type\":\"BreadcrumbList\",\"@id\":\"https:\/\/www.normisjon.no\/more\/soul-children\/#breadcrumb\",\"itemListElement\":[{\"@type\":\"ListItem\",\"position\":1,\"name\":\"Home\",\"item\":\"https:\/\/www.normisjon.no\/more\/\"},{\"@type\":\"ListItem\",\"position\":2,\"name\":\"Soul Children\"}]},{\"@type\":\"WebSite\",\"@id\":\"https:\/\/www.normisjon.no\/more\/#website\",\"url\":\"https:\/\/www.normisjon.no\/more\/\",\"name\":\"Region M\u00f8re\",\"description\":\"\",\"potentialAction\":[{\"@type\":\"SearchAction\",\"target\":{\"@type\":\"EntryPoint\",\"urlTemplate\":\"https:\/\/www.normisjon.no\/more\/?s={search_term_string}\"},\"query-input\":{\"@type\":\"PropertyValueSpecification\",\"valueRequired\":true,\"valueName\":\"search_term_string\"}}],\"inLanguage\":\"nb-NO\"}]}<\/script>\n<!-- \/ Yoast SEO plugin. -->","yoast_head_json":{"title":"Soul Children - Region M\u00f8re","robots":{"index":"index","follow":"follow","max-snippet":"max-snippet:-1","max-image-preview":"max-image-preview:large","max-video-preview":"max-video-preview:-1"},"canonical":"https:\/\/www.normisjon.no\/more\/soul-children\/","og_locale":"nb_NO","og_type":"article","og_title":"Soul Children - Region M\u00f8re","og_description":"Soul Children har to lokale lag her i fylket. Molde og Hustadvika Soul Children har jevnlige kor \u00f8velser p\u00e5 ulike lokasjoner i Molde omr\u00e5det. Mens [&hellip;]","og_url":"https:\/\/www.normisjon.no\/more\/soul-children\/","og_site_name":"Region M\u00f8re","article_modified_time":"2026-03-17T22:07:52+00:00","og_image":[{"width":2560,"height":1440,"url":"https:\/\/www.normisjon.no\/content\/uploads\/sites\/14\/2026\/03\/IMG_8640-scaled.jpeg","type":"image\/jpeg"}],"twitter_card":"summary_large_image","twitter_misc":{"Ansl. lesetid":"1 minutt"},"schema":{"@context":"https:\/\/schema.org","@graph":[{"@type":"WebPage","@id":"https:\/\/www.normisjon.no\/more\/soul-children\/","url":"https:\/\/www.normisjon.no\/more\/soul-children\/","name":"Soul Children - Region M\u00f8re","isPartOf":{"@id":"https:\/\/www.normisjon.no\/more\/#website"},"primaryImageOfPage":{"@id":"https:\/\/www.normisjon.no\/more\/soul-children\/#primaryimage"},"image":{"@id":"https:\/\/www.normisjon.no\/more\/soul-children\/#primaryimage"},"thumbnailUrl":"https:\/\/www.normisjon.no\/content\/uploads\/sites\/14\/2026\/03\/IMG_8640-scaled.jpeg","datePublished":"2025-11-04T13:30:46+00:00","dateModified":"2026-03-17T22:07:52+00:00","breadcrumb":{"@id":"https:\/\/www.normisjon.no\/more\/soul-children\/#breadcrumb"},"inLanguage":"nb-NO","potentialAction":[{"@type":"ReadAction","target":["https:\/\/www.normisjon.no\/more\/soul-children\/"]}]},{"@type":"ImageObject","inLanguage":"nb-NO","@id":"https:\/\/www.normisjon.no\/more\/soul-children\/#primaryimage","url":"https:\/\/www.normisjon.no\/content\/uploads\/sites\/14\/2026\/03\/IMG_8640-scaled.jpeg","contentUrl":"https:\/\/www.normisjon.no\/content\/uploads\/sites\/14\/2026\/03\/IMG_8640-scaled.jpeg","width":2560,"height":1440},{"@type":"BreadcrumbList","@id":"https:\/\/www.normisjon.no\/more\/soul-children\/#breadcrumb","itemListElement":[{"@type":"ListItem","position":1,"name":"Home","item":"https:\/\/www.normisjon.no\/more\/"},{"@type":"ListItem","position":2,"name":"Soul Children"}]},{"@type":"WebSite","@id":"https:\/\/www.normisjon.no\/more\/#website","url":"https:\/\/www.normisjon.no\/more\/","name":"Region M\u00f8re","description":"","potentialAction":[{"@type":"SearchAction","target":{"@type":"EntryPoint","urlTemplate":"https:\/\/www.normisjon.no\/more\/?s={search_term_string}"},"query-input":{"@type":"PropertyValueSpecification","valueRequired":true,"valueName":"search_term_string"}}],"inLanguage":"nb-NO"}]}},"_links":{"self":[{"href":"https:\/\/www.normisjon.no\/more\/wp-json\/wp\/v2\/pages\/837","targetHints":{"allow":["GET"]}}],"collection":[{"href":"https:\/\/www.normisjon.no\/more\/wp-json\/wp\/v2\/pages"}],"about":[{"href":"https:\/\/www.normisjon.no\/more\/wp-json\/wp\/v2\/types\/page"}],"author":[{"embeddable":true,"href":"https:\/\/www.normisjon.no\/more\/wp-json\/wp\/v2\/users\/115"}],"replies":[{"embeddable":true,"href":"https:\/\/www.normisjon.no\/more\/wp-json\/wp\/v2\/comments?post=837"}],"version-history":[{"count":6,"href":"https:\/\/www.normisjon.no\/more\/wp-json\/wp\/v2\/pages\/837\/revisions"}],"predecessor-version":[{"id":905,"href":"https:\/\/www.normisjon.no\/more\/wp-json\/wp\/v2\/pages\/837\/revisions\/905"}],"wp:featuredmedia":[{"embeddable":true,"href":"https:\/\/www.normisjon.no\/more\/wp-json\/wp\/v2\/media\/903"}],"wp:attachment":[{"href":"https:\/\/www.normisjon.no\/more\/wp-json\/wp\/v2\/media?parent=837"}],"curies":[{"name":"wp","href":"https:\/\/api.w.org\/{rel}","templated":true}]}}