{"id":88,"date":"2018-06-04T12:12:02","date_gmt":"2018-06-04T10:12:02","guid":{"rendered":"https:\/\/www.normisjon.no\/region-more\/?page_id=88"},"modified":"2025-09-24T11:43:47","modified_gmt":"2025-09-24T09:43:47","slug":"acta","status":"publish","type":"page","link":"https:\/\/www.normisjon.no\/more\/acta\/","title":{"rendered":"Barn og unge"},"content":{"rendered":"<div class=\"entry-content alignfull wp-block-post-content has-global-padding is-layout-constrained wp-block-post-content-is-layout-constrained\">\n<figure class=\"wp-block-image size-large\"><img loading=\"lazy\" decoding=\"async\" width=\"1024\" height=\"768\" src=\"https:\/\/www.normisjon.no\/content\/uploads\/sites\/14\/2025\/09\/IMG_8341-1024x768.jpg\" alt=\"\" class=\"wp-image-686\" srcset=\"https:\/\/www.normisjon.no\/content\/uploads\/sites\/14\/2025\/09\/IMG_8341-1024x768.jpg 1024w, https:\/\/www.normisjon.no\/content\/uploads\/sites\/14\/2025\/09\/IMG_8341-300x225.jpg 300w, https:\/\/www.normisjon.no\/content\/uploads\/sites\/14\/2025\/09\/IMG_8341-768x576.jpg 768w, https:\/\/www.normisjon.no\/content\/uploads\/sites\/14\/2025\/09\/IMG_8341-1536x1152.jpg 1536w, https:\/\/www.normisjon.no\/content\/uploads\/sites\/14\/2025\/09\/IMG_8341-2048x1536.jpg 2048w, https:\/\/www.normisjon.no\/content\/uploads\/sites\/14\/2025\/09\/IMG_8341-1920x1440.jpg 1920w, https:\/\/www.normisjon.no\/content\/uploads\/sites\/14\/2025\/09\/IMG_8341-1360x1020.jpg 1360w, https:\/\/www.normisjon.no\/content\/uploads\/sites\/14\/2025\/09\/IMG_8341-960x720.jpg 960w\" sizes=\"auto, (max-width: 1024px) 100vw, 1024px\" \/><\/figure>\n\n\n\n<p>Vi vil se grensesprengende fellesskap hvor barn og unge m\u00f8ter, l\u00e6rer \u00e5 f\u00f8lge og \u00e6rer Jesus Kristus.<\/p>\n\n\n\n<p>Acta M\u00f8re&nbsp;er Normisjon M\u00f8re sitt barne og ungdomsarbeid.&nbsp;<br>Arbeidet inkluderer barn og ungdom i alderen 0 &#8211; 26 \u00e5r.<br>Det er&nbsp;opp mot 30 barne- og ungdomslag som er tilsluttet&nbsp;Acta M\u00f8re.<\/p>\n\n\n\n<p>Ta kontakt med Acta M\u00f8re ved \u00e5 sende mail til&nbsp;acta.more@normisjon.no <br>eller ta direkte kontakt med v\u00e5r actamedarbeider<br>Kathy Celi tlf 4843 1754 mail: Kathy.celi@normisjon.no<\/p>\n<\/div><div id=\"module-0\" class=\"hogan-module hogan-module-grid hogan-module-0 hogan-grid-has-theme hogan-grid-theme-greyblue\"><div class=\"hogan-module-inner\"><h2 class=\"hogan-heading\">Se mer<\/h2><div class=\"hogan-grid hogan-grid-text-center hogan-grid-size-dynamic\">\n\t<div class=\"hogan-grid-inner\">\n\t\t\t\t\t<div class=\"hogan-grid-item hogan-grid-item-size-small hogan-grid-item-type-page savage-has-image savage-has-heading\">\n\t\t\t\t<div class=\"hogan-grid-item-inner\">\n\t\t\t\t\t<div class=\"savage-card-image\">\n\t<div class=\"savage-card-image-inner\">\n\t\t<span class=\"savage-card-image-image\" style=\"background-image: url(https:\/\/www.normisjon.no\/content\/uploads\/sites\/14\/2025\/10\/IMG_0932-768x945.jpg);\"><\/span>\t<\/div>\n<\/div>\n\t\t<div class=\"savage-card-body\">\n\t\t\t<div class=\"savage-card-body-inner\">\n\t\t\t\t<h2 class=\"savage-card-heading\">Acta-lag<\/h2>\t\t\t<\/div>\n\t\t<\/div>\n\t\t<a href=\"https:\/\/www.normisjon.no\/more\/barnelag\/\" class=\"savage-card-link\"><span class=\"screen-reader-text\">Read article &quot;Acta-lag&quot;<\/span><\/a>\t\t\t\t<\/div>\n\t\t\t<\/div>\n\t\t\t\t\t\t<div class=\"hogan-grid-item hogan-grid-item-size-small hogan-grid-item-type-page savage-has-image savage-has-heading\">\n\t\t\t\t<div class=\"hogan-grid-item-inner\">\n\t\t\t\t\t<div class=\"savage-card-image\">\n\t<div class=\"savage-card-image-inner\">\n\t\t<span class=\"savage-card-image-image\" style=\"background-image: url(https:\/\/www.normisjon.no\/content\/uploads\/sites\/14\/2025\/10\/IMG_0933-768x416.jpg);\"><\/span>\t<\/div>\n<\/div>\n\t\t<div class=\"savage-card-body\">\n\t\t\t<div class=\"savage-card-body-inner\">\n\t\t\t\t<h2 class=\"savage-card-heading\">Bli med p\u00e5 leir!<\/h2>\t\t\t<\/div>\n\t\t<\/div>\n\t\t<a href=\"https:\/\/www.normisjon.no\/more\/bli-med-pa-leir\/\" class=\"savage-card-link\"><span class=\"screen-reader-text\">Read article &quot;Bli med p\u00e5 leir!&quot;<\/span><\/a>\t\t\t\t<\/div>\n\t\t\t<\/div>\n\t\t\t\t\t\t<div class=\"hogan-grid-item hogan-grid-item-size-small hogan-grid-item-type-page savage-has-image savage-has-heading\">\n\t\t\t\t<div class=\"hogan-grid-item-inner\">\n\t\t\t\t\t<div class=\"savage-card-image\">\n\t<div class=\"savage-card-image-inner\">\n\t\t<span class=\"savage-card-image-image\" style=\"background-image: url(https:\/\/www.normisjon.no\/content\/uploads\/sites\/14\/2025\/09\/IMG_8215-768x1024.jpg);\"><\/span>\t<\/div>\n<\/div>\n\t\t<div class=\"savage-card-body\">\n\t\t\t<div class=\"savage-card-body-inner\">\n\t\t\t\t<h2 class=\"savage-card-heading\">Ungdommer<\/h2>\t\t\t<\/div>\n\t\t<\/div>\n\t\t<a href=\"https:\/\/www.normisjon.no\/more\/soul-children-kor\/\" class=\"savage-card-link\"><span class=\"screen-reader-text\">Read article &quot;Ungdommer&quot;<\/span><\/a>\t\t\t\t<\/div>\n\t\t\t<\/div>\n\t\t\t\t<\/div>\n<\/div>\n<\/div><\/div>","protected":false},"excerpt":{"rendered":"<p>Vi vil se grensesprengende fellesskap hvor barn og unge m\u00f8ter, l\u00e6rer \u00e5 f\u00f8lge og \u00e6rer Jesus Kristus. Acta M\u00f8re&nbsp;er Normisjon M\u00f8re sitt barne og ungdomsarbeid.&nbsp;Arbeidet [&hellip;]<\/p>\n","protected":false},"author":34,"featured_media":0,"parent":0,"menu_order":0,"comment_status":"closed","ping_status":"closed","template":"","meta":{"_acf_changed":false,"footnotes":""},"class_list":["post-88","page","type-page","status-publish","hentry"],"acf":[],"yoast_head":"<!-- This site is optimized with the Yoast SEO plugin v25.9 - https:\/\/yoast.com\/wordpress\/plugins\/seo\/ -->\n<title>Barn og unge - Region M\u00f8re<\/title>\n<meta name=\"robots\" content=\"index, follow, max-snippet:-1, max-image-preview:large, max-video-preview:-1\" \/>\n<link rel=\"canonical\" href=\"https:\/\/www.normisjon.no\/more\/acta\/\" \/>\n<meta property=\"og:locale\" content=\"nb_NO\" \/>\n<meta property=\"og:type\" content=\"article\" \/>\n<meta property=\"og:title\" content=\"Barn og unge - Region M\u00f8re\" \/>\n<meta property=\"og:description\" content=\"Vi vil se grensesprengende fellesskap hvor barn og unge m\u00f8ter, l\u00e6rer \u00e5 f\u00f8lge og \u00e6rer Jesus Kristus. Acta M\u00f8re&nbsp;er Normisjon M\u00f8re sitt barne og ungdomsarbeid.&nbsp;Arbeidet [&hellip;]\" \/>\n<meta property=\"og:url\" content=\"https:\/\/www.normisjon.no\/more\/acta\/\" \/>\n<meta property=\"og:site_name\" content=\"Region M\u00f8re\" \/>\n<meta property=\"article:modified_time\" content=\"2025-09-24T09:43:47+00:00\" \/>\n<meta property=\"og:image\" content=\"https:\/\/www.normisjon.no\/content\/uploads\/sites\/14\/2025\/09\/IMG_8341-1024x768.jpg\" \/>\n<meta name=\"twitter:card\" content=\"summary_large_image\" \/>\n<meta name=\"twitter:label1\" content=\"Ansl. lesetid\" \/>\n\t<meta name=\"twitter:data1\" content=\"1 minutt\" \/>\n<script type=\"application\/ld+json\" class=\"yoast-schema-graph\">{\"@context\":\"https:\/\/schema.org\",\"@graph\":[{\"@type\":\"WebPage\",\"@id\":\"https:\/\/www.normisjon.no\/more\/acta\/\",\"url\":\"https:\/\/www.normisjon.no\/more\/acta\/\",\"name\":\"Barn og unge - Region M\u00f8re\",\"isPartOf\":{\"@id\":\"https:\/\/www.normisjon.no\/more\/#website\"},\"primaryImageOfPage\":{\"@id\":\"https:\/\/www.normisjon.no\/more\/acta\/#primaryimage\"},\"image\":{\"@id\":\"https:\/\/www.normisjon.no\/more\/acta\/#primaryimage\"},\"thumbnailUrl\":\"https:\/\/www.normisjon.no\/content\/uploads\/sites\/14\/2025\/09\/IMG_8341-1024x768.jpg\",\"datePublished\":\"2018-06-04T10:12:02+00:00\",\"dateModified\":\"2025-09-24T09:43:47+00:00\",\"breadcrumb\":{\"@id\":\"https:\/\/www.normisjon.no\/more\/acta\/#breadcrumb\"},\"inLanguage\":\"nb-NO\",\"potentialAction\":[{\"@type\":\"ReadAction\",\"target\":[\"https:\/\/www.normisjon.no\/more\/acta\/\"]}]},{\"@type\":\"ImageObject\",\"inLanguage\":\"nb-NO\",\"@id\":\"https:\/\/www.normisjon.no\/more\/acta\/#primaryimage\",\"url\":\"https:\/\/www.normisjon.no\/content\/uploads\/sites\/14\/2025\/09\/IMG_8341-1024x768.jpg\",\"contentUrl\":\"https:\/\/www.normisjon.no\/content\/uploads\/sites\/14\/2025\/09\/IMG_8341-1024x768.jpg\"},{\"@type\":\"BreadcrumbList\",\"@id\":\"https:\/\/www.normisjon.no\/more\/acta\/#breadcrumb\",\"itemListElement\":[{\"@type\":\"ListItem\",\"position\":1,\"name\":\"Home\",\"item\":\"https:\/\/www.normisjon.no\/more\/\"},{\"@type\":\"ListItem\",\"position\":2,\"name\":\"Barn og unge\"}]},{\"@type\":\"WebSite\",\"@id\":\"https:\/\/www.normisjon.no\/more\/#website\",\"url\":\"https:\/\/www.normisjon.no\/more\/\",\"name\":\"Region M\u00f8re\",\"description\":\"\",\"potentialAction\":[{\"@type\":\"SearchAction\",\"target\":{\"@type\":\"EntryPoint\",\"urlTemplate\":\"https:\/\/www.normisjon.no\/more\/?s={search_term_string}\"},\"query-input\":{\"@type\":\"PropertyValueSpecification\",\"valueRequired\":true,\"valueName\":\"search_term_string\"}}],\"inLanguage\":\"nb-NO\"}]}<\/script>\n<!-- \/ Yoast SEO plugin. -->","yoast_head_json":{"title":"Barn og unge - Region M\u00f8re","robots":{"index":"index","follow":"follow","max-snippet":"max-snippet:-1","max-image-preview":"max-image-preview:large","max-video-preview":"max-video-preview:-1"},"canonical":"https:\/\/www.normisjon.no\/more\/acta\/","og_locale":"nb_NO","og_type":"article","og_title":"Barn og unge - Region M\u00f8re","og_description":"Vi vil se grensesprengende fellesskap hvor barn og unge m\u00f8ter, l\u00e6rer \u00e5 f\u00f8lge og \u00e6rer Jesus Kristus. Acta M\u00f8re&nbsp;er Normisjon M\u00f8re sitt barne og ungdomsarbeid.&nbsp;Arbeidet [&hellip;]","og_url":"https:\/\/www.normisjon.no\/more\/acta\/","og_site_name":"Region M\u00f8re","article_modified_time":"2025-09-24T09:43:47+00:00","og_image":[{"url":"https:\/\/www.normisjon.no\/content\/uploads\/sites\/14\/2025\/09\/IMG_8341-1024x768.jpg","type":"","width":"","height":""}],"twitter_card":"summary_large_image","twitter_misc":{"Ansl. lesetid":"1 minutt"},"schema":{"@context":"https:\/\/schema.org","@graph":[{"@type":"WebPage","@id":"https:\/\/www.normisjon.no\/more\/acta\/","url":"https:\/\/www.normisjon.no\/more\/acta\/","name":"Barn og unge - Region M\u00f8re","isPartOf":{"@id":"https:\/\/www.normisjon.no\/more\/#website"},"primaryImageOfPage":{"@id":"https:\/\/www.normisjon.no\/more\/acta\/#primaryimage"},"image":{"@id":"https:\/\/www.normisjon.no\/more\/acta\/#primaryimage"},"thumbnailUrl":"https:\/\/www.normisjon.no\/content\/uploads\/sites\/14\/2025\/09\/IMG_8341-1024x768.jpg","datePublished":"2018-06-04T10:12:02+00:00","dateModified":"2025-09-24T09:43:47+00:00","breadcrumb":{"@id":"https:\/\/www.normisjon.no\/more\/acta\/#breadcrumb"},"inLanguage":"nb-NO","potentialAction":[{"@type":"ReadAction","target":["https:\/\/www.normisjon.no\/more\/acta\/"]}]},{"@type":"ImageObject","inLanguage":"nb-NO","@id":"https:\/\/www.normisjon.no\/more\/acta\/#primaryimage","url":"https:\/\/www.normisjon.no\/content\/uploads\/sites\/14\/2025\/09\/IMG_8341-1024x768.jpg","contentUrl":"https:\/\/www.normisjon.no\/content\/uploads\/sites\/14\/2025\/09\/IMG_8341-1024x768.jpg"},{"@type":"BreadcrumbList","@id":"https:\/\/www.normisjon.no\/more\/acta\/#breadcrumb","itemListElement":[{"@type":"ListItem","position":1,"name":"Home","item":"https:\/\/www.normisjon.no\/more\/"},{"@type":"ListItem","position":2,"name":"Barn og unge"}]},{"@type":"WebSite","@id":"https:\/\/www.normisjon.no\/more\/#website","url":"https:\/\/www.normisjon.no\/more\/","name":"Region M\u00f8re","description":"","potentialAction":[{"@type":"SearchAction","target":{"@type":"EntryPoint","urlTemplate":"https:\/\/www.normisjon.no\/more\/?s={search_term_string}"},"query-input":{"@type":"PropertyValueSpecification","valueRequired":true,"valueName":"search_term_string"}}],"inLanguage":"nb-NO"}]}},"_links":{"self":[{"href":"https:\/\/www.normisjon.no\/more\/wp-json\/wp\/v2\/pages\/88","targetHints":{"allow":["GET"]}}],"collection":[{"href":"https:\/\/www.normisjon.no\/more\/wp-json\/wp\/v2\/pages"}],"about":[{"href":"https:\/\/www.normisjon.no\/more\/wp-json\/wp\/v2\/types\/page"}],"author":[{"embeddable":true,"href":"https:\/\/www.normisjon.no\/more\/wp-json\/wp\/v2\/users\/34"}],"replies":[{"embeddable":true,"href":"https:\/\/www.normisjon.no\/more\/wp-json\/wp\/v2\/comments?post=88"}],"version-history":[{"count":8,"href":"https:\/\/www.normisjon.no\/more\/wp-json\/wp\/v2\/pages\/88\/revisions"}],"predecessor-version":[{"id":689,"href":"https:\/\/www.normisjon.no\/more\/wp-json\/wp\/v2\/pages\/88\/revisions\/689"}],"wp:attachment":[{"href":"https:\/\/www.normisjon.no\/more\/wp-json\/wp\/v2\/media?parent=88"}],"curies":[{"name":"wp","href":"https:\/\/api.w.org\/{rel}","templated":true}]}}