{"id":94,"date":"2018-06-04T12:17:41","date_gmt":"2018-06-04T10:17:41","guid":{"rendered":"https:\/\/www.normisjon.no\/region-more\/?page_id=94"},"modified":"2026-05-13T12:55:52","modified_gmt":"2026-05-13T10:55:52","slug":"bli-med-pa-leir","status":"publish","type":"page","link":"https:\/\/www.normisjon.no\/more\/bli-med-pa-leir\/","title":{"rendered":"Bli med p\u00e5 leir!"},"content":{"rendered":"<div id=\"module-0\" class=\"hogan-module hogan-module-banner hogan-module-0 normisjon-banner-button-default hogan-banner-content-left hogan-module-width-full hogan-banner-theme-light-transparent hogan-banner-layout-full hogan-banner-text-center\"><div class=\"hogan-module-inner\"><div class=\"hogan-banner\">\n\t<div class=\"hogan-banner-column hogan-banner-image hogan-banner-dim-image\">\n\t\t<img loading=\"lazy\" decoding=\"async\" width=\"1179\" height=\"638\" src=\"https:\/\/www.normisjon.no\/content\/uploads\/sites\/14\/2025\/10\/IMG_0933.jpg\" class=\"attachment-full-width size-full-width\" alt=\"\" srcset=\"https:\/\/www.normisjon.no\/content\/uploads\/sites\/14\/2025\/10\/IMG_0933.jpg 1179w, https:\/\/www.normisjon.no\/content\/uploads\/sites\/14\/2025\/10\/IMG_0933-300x162.jpg 300w, https:\/\/www.normisjon.no\/content\/uploads\/sites\/14\/2025\/10\/IMG_0933-1024x554.jpg 1024w, https:\/\/www.normisjon.no\/content\/uploads\/sites\/14\/2025\/10\/IMG_0933-768x416.jpg 768w, https:\/\/www.normisjon.no\/content\/uploads\/sites\/14\/2025\/10\/IMG_0933-960x519.jpg 960w\" sizes=\"auto, (max-width: 1179px) 100vw, 1179px\" \/>\t<\/div>\n\t<\/div>\n<\/div><\/div>","protected":false},"excerpt":{"rendered":"","protected":false},"author":34,"featured_media":784,"parent":0,"menu_order":0,"comment_status":"closed","ping_status":"closed","template":"","meta":{"_acf_changed":false,"footnotes":""},"class_list":["post-94","page","type-page","status-publish","has-post-thumbnail","hentry"],"acf":[],"yoast_head":"<!-- This site is optimized with the Yoast SEO plugin v25.9 - https:\/\/yoast.com\/wordpress\/plugins\/seo\/ -->\n<title>Bli med p\u00e5 leir! - Region M\u00f8re<\/title>\n<meta name=\"description\" content=\"Leir-barn-aktiviteter-g\u00f8y-fellesskap-sammen-barn-morsom-mat-leir\" \/>\n<meta name=\"robots\" content=\"index, follow, max-snippet:-1, max-image-preview:large, max-video-preview:-1\" \/>\n<link rel=\"canonical\" href=\"https:\/\/www.normisjon.no\/more\/bli-med-pa-leir\/\" \/>\n<meta property=\"og:locale\" content=\"nb_NO\" \/>\n<meta property=\"og:type\" content=\"article\" \/>\n<meta property=\"og:title\" content=\"Bli med p\u00e5 leir! - Region M\u00f8re\" \/>\n<meta property=\"og:description\" content=\"Leir-barn-aktiviteter-g\u00f8y-fellesskap-sammen-barn-morsom-mat-leir\" \/>\n<meta property=\"og:url\" content=\"https:\/\/www.normisjon.no\/more\/bli-med-pa-leir\/\" \/>\n<meta property=\"og:site_name\" content=\"Region M\u00f8re\" \/>\n<meta property=\"article:modified_time\" content=\"2026-05-13T10:55:52+00:00\" \/>\n<meta property=\"og:image\" content=\"https:\/\/www.normisjon.no\/content\/uploads\/sites\/14\/2025\/10\/IMG_0933.jpg\" \/>\n\t<meta property=\"og:image:width\" content=\"1179\" \/>\n\t<meta property=\"og:image:height\" content=\"638\" \/>\n\t<meta property=\"og:image:type\" content=\"image\/jpeg\" \/>\n<meta name=\"twitter:card\" content=\"summary_large_image\" \/>\n<meta name=\"twitter:label1\" content=\"Ansl. lesetid\" \/>\n\t<meta name=\"twitter:data1\" content=\"1 minutt\" \/>\n<script type=\"application\/ld+json\" class=\"yoast-schema-graph\">{\"@context\":\"https:\/\/schema.org\",\"@graph\":[{\"@type\":\"WebPage\",\"@id\":\"https:\/\/www.normisjon.no\/more\/bli-med-pa-leir\/\",\"url\":\"https:\/\/www.normisjon.no\/more\/bli-med-pa-leir\/\",\"name\":\"Bli med p\u00e5 leir! - Region M\u00f8re\",\"isPartOf\":{\"@id\":\"https:\/\/www.normisjon.no\/more\/#website\"},\"primaryImageOfPage\":{\"@id\":\"https:\/\/www.normisjon.no\/more\/bli-med-pa-leir\/#primaryimage\"},\"image\":{\"@id\":\"https:\/\/www.normisjon.no\/more\/bli-med-pa-leir\/#primaryimage\"},\"thumbnailUrl\":\"https:\/\/www.normisjon.no\/content\/uploads\/sites\/14\/2025\/10\/IMG_0933.jpg\",\"datePublished\":\"2018-06-04T10:17:41+00:00\",\"dateModified\":\"2026-05-13T10:55:52+00:00\",\"description\":\"Leir-barn-aktiviteter-g\u00f8y-fellesskap-sammen-barn-morsom-mat-leir\",\"breadcrumb\":{\"@id\":\"https:\/\/www.normisjon.no\/more\/bli-med-pa-leir\/#breadcrumb\"},\"inLanguage\":\"nb-NO\",\"potentialAction\":[{\"@type\":\"ReadAction\",\"target\":[\"https:\/\/www.normisjon.no\/more\/bli-med-pa-leir\/\"]}]},{\"@type\":\"ImageObject\",\"inLanguage\":\"nb-NO\",\"@id\":\"https:\/\/www.normisjon.no\/more\/bli-med-pa-leir\/#primaryimage\",\"url\":\"https:\/\/www.normisjon.no\/content\/uploads\/sites\/14\/2025\/10\/IMG_0933.jpg\",\"contentUrl\":\"https:\/\/www.normisjon.no\/content\/uploads\/sites\/14\/2025\/10\/IMG_0933.jpg\",\"width\":1179,\"height\":638},{\"@type\":\"BreadcrumbList\",\"@id\":\"https:\/\/www.normisjon.no\/more\/bli-med-pa-leir\/#breadcrumb\",\"itemListElement\":[{\"@type\":\"ListItem\",\"position\":1,\"name\":\"Home\",\"item\":\"https:\/\/www.normisjon.no\/more\/\"},{\"@type\":\"ListItem\",\"position\":2,\"name\":\"Bli med p\u00e5 leir!\"}]},{\"@type\":\"WebSite\",\"@id\":\"https:\/\/www.normisjon.no\/more\/#website\",\"url\":\"https:\/\/www.normisjon.no\/more\/\",\"name\":\"Region M\u00f8re\",\"description\":\"\",\"potentialAction\":[{\"@type\":\"SearchAction\",\"target\":{\"@type\":\"EntryPoint\",\"urlTemplate\":\"https:\/\/www.normisjon.no\/more\/?s={search_term_string}\"},\"query-input\":{\"@type\":\"PropertyValueSpecification\",\"valueRequired\":true,\"valueName\":\"search_term_string\"}}],\"inLanguage\":\"nb-NO\"}]}<\/script>\n<!-- \/ Yoast SEO plugin. -->","yoast_head_json":{"title":"Bli med p\u00e5 leir! - Region M\u00f8re","description":"Leir-barn-aktiviteter-g\u00f8y-fellesskap-sammen-barn-morsom-mat-leir","robots":{"index":"index","follow":"follow","max-snippet":"max-snippet:-1","max-image-preview":"max-image-preview:large","max-video-preview":"max-video-preview:-1"},"canonical":"https:\/\/www.normisjon.no\/more\/bli-med-pa-leir\/","og_locale":"nb_NO","og_type":"article","og_title":"Bli med p\u00e5 leir! - Region M\u00f8re","og_description":"Leir-barn-aktiviteter-g\u00f8y-fellesskap-sammen-barn-morsom-mat-leir","og_url":"https:\/\/www.normisjon.no\/more\/bli-med-pa-leir\/","og_site_name":"Region M\u00f8re","article_modified_time":"2026-05-13T10:55:52+00:00","og_image":[{"width":1179,"height":638,"url":"https:\/\/www.normisjon.no\/content\/uploads\/sites\/14\/2025\/10\/IMG_0933.jpg","type":"image\/jpeg"}],"twitter_card":"summary_large_image","twitter_misc":{"Ansl. lesetid":"1 minutt"},"schema":{"@context":"https:\/\/schema.org","@graph":[{"@type":"WebPage","@id":"https:\/\/www.normisjon.no\/more\/bli-med-pa-leir\/","url":"https:\/\/www.normisjon.no\/more\/bli-med-pa-leir\/","name":"Bli med p\u00e5 leir! - Region M\u00f8re","isPartOf":{"@id":"https:\/\/www.normisjon.no\/more\/#website"},"primaryImageOfPage":{"@id":"https:\/\/www.normisjon.no\/more\/bli-med-pa-leir\/#primaryimage"},"image":{"@id":"https:\/\/www.normisjon.no\/more\/bli-med-pa-leir\/#primaryimage"},"thumbnailUrl":"https:\/\/www.normisjon.no\/content\/uploads\/sites\/14\/2025\/10\/IMG_0933.jpg","datePublished":"2018-06-04T10:17:41+00:00","dateModified":"2026-05-13T10:55:52+00:00","description":"Leir-barn-aktiviteter-g\u00f8y-fellesskap-sammen-barn-morsom-mat-leir","breadcrumb":{"@id":"https:\/\/www.normisjon.no\/more\/bli-med-pa-leir\/#breadcrumb"},"inLanguage":"nb-NO","potentialAction":[{"@type":"ReadAction","target":["https:\/\/www.normisjon.no\/more\/bli-med-pa-leir\/"]}]},{"@type":"ImageObject","inLanguage":"nb-NO","@id":"https:\/\/www.normisjon.no\/more\/bli-med-pa-leir\/#primaryimage","url":"https:\/\/www.normisjon.no\/content\/uploads\/sites\/14\/2025\/10\/IMG_0933.jpg","contentUrl":"https:\/\/www.normisjon.no\/content\/uploads\/sites\/14\/2025\/10\/IMG_0933.jpg","width":1179,"height":638},{"@type":"BreadcrumbList","@id":"https:\/\/www.normisjon.no\/more\/bli-med-pa-leir\/#breadcrumb","itemListElement":[{"@type":"ListItem","position":1,"name":"Home","item":"https:\/\/www.normisjon.no\/more\/"},{"@type":"ListItem","position":2,"name":"Bli med p\u00e5 leir!"}]},{"@type":"WebSite","@id":"https:\/\/www.normisjon.no\/more\/#website","url":"https:\/\/www.normisjon.no\/more\/","name":"Region M\u00f8re","description":"","potentialAction":[{"@type":"SearchAction","target":{"@type":"EntryPoint","urlTemplate":"https:\/\/www.normisjon.no\/more\/?s={search_term_string}"},"query-input":{"@type":"PropertyValueSpecification","valueRequired":true,"valueName":"search_term_string"}}],"inLanguage":"nb-NO"}]}},"_links":{"self":[{"href":"https:\/\/www.normisjon.no\/more\/wp-json\/wp\/v2\/pages\/94","targetHints":{"allow":["GET"]}}],"collection":[{"href":"https:\/\/www.normisjon.no\/more\/wp-json\/wp\/v2\/pages"}],"about":[{"href":"https:\/\/www.normisjon.no\/more\/wp-json\/wp\/v2\/types\/page"}],"author":[{"embeddable":true,"href":"https:\/\/www.normisjon.no\/more\/wp-json\/wp\/v2\/users\/34"}],"replies":[{"embeddable":true,"href":"https:\/\/www.normisjon.no\/more\/wp-json\/wp\/v2\/comments?post=94"}],"version-history":[{"count":33,"href":"https:\/\/www.normisjon.no\/more\/wp-json\/wp\/v2\/pages\/94\/revisions"}],"predecessor-version":[{"id":1013,"href":"https:\/\/www.normisjon.no\/more\/wp-json\/wp\/v2\/pages\/94\/revisions\/1013"}],"wp:featuredmedia":[{"embeddable":true,"href":"https:\/\/www.normisjon.no\/more\/wp-json\/wp\/v2\/media\/784"}],"wp:attachment":[{"href":"https:\/\/www.normisjon.no\/more\/wp-json\/wp\/v2\/media?parent=94"}],"curies":[{"name":"wp","href":"https:\/\/api.w.org\/{rel}","templated":true}]}}