{"id":114,"date":"2018-05-04T14:32:49","date_gmt":"2018-05-04T12:32:49","guid":{"rendered":"https:\/\/www.normisjon.no\/region-ostfold\/?page_id=114"},"modified":"2026-04-15T12:02:20","modified_gmt":"2026-04-15T10:02:20","slug":"sjoglimt-catering","status":"publish","type":"page","link":"https:\/\/www.normisjon.no\/ostfold\/sjoglimt-catering\/","title":{"rendered":"Sj\u00f8glimt catering"},"content":{"rendered":"<div id=\"module-0\" class=\"hogan-module hogan-module-text hogan-module-0\"><div class=\"hogan-module-inner\"><h2><b>God og delikat mat, lett tilgjengelig<\/b><\/h2>\n<p><a href=\"https:\/\/www.normisjon.no\/content\/uploads\/sites\/24\/2026\/03\/Catering-flyer-2026.pdf\">Her finner dere standard-menyen med priser.<\/a><\/p>\n<p>N\u00e6r \u00d8rje sentrum og E18 finner vi Sj\u00f8glimt Leirsted og Catering. Stedet har rolige omgivelser med lokaler passende for grupper fra 20 til 90 personer. Her ordner vi alt det praktiske til minnesamv\u00e6r, kurs\/m\u00f8ter og selskaper. Er det behov for overnatting\u00a0 for gjestene ordner vi det ogs\u00e5.<\/p>\n<p>Maten fra Sj\u00f8glimt er ikke bare av god kvalitet, men den er ogs\u00e5 preget av en kreativitet man sjelden finner maken til. Smak og visuell opplevelse er to sider av samme sak, og p\u00e5 Sj\u00f8glimt bestreber vi oss p\u00e5 \u00e5 ivareta dem begge.<\/p>\n<p>Sp\u00f8r oss til r\u00e5ds om det gjelder kreative eller \u00abstandard\u00bb leveringer. Vi bestreber h\u00f8y kvalitet i alle ledd til konkurransedyktige priser. Kanskje skal dine neste gjester f\u00e5 et m\u00e5ltid p\u00e5 Sj\u00f8glimt vis? Vi h\u00f8rer gjerne fra deg slik at du kan motta et tilbud fra oss. Bes\u00f8k oss ogs\u00e5 gjerne p\u00e5 Facebook, og f\u00e5 inspirasjon til din neste bestilling.<\/p>\n<p>Husk at vi i desember tilbyr Julebord for store og sm\u00e5 grupper. Ta kontakt for mer informasjon og reservering av plass.<\/p>\n<p>Kontakt oss p\u00e5\u00a0 69 811237 (hverdager kl. 09 til 17)\u00a0 eller sjoglimt@normisjon.no s\u00e5 kommer vi gjerne med et forslag og pristilbud p\u00e5 deres foresp\u00f8rsel.<\/p>\n<p><a href=\"https:\/\/www.normisjon.no\/content\/uploads\/sites\/24\/2026\/03\/Catering-flyer-2026.pdf\">Her finner dere standard-menyen med priser.<\/a><\/p>\n<p>Adresse: Sj\u00f8glimtveien 34, 1870 \u00d8rje<\/p><\/div><\/div><div id=\"module-1\" class=\"hogan-module hogan-module-image hogan-module-1 hogan-image-size-large\"><div class=\"hogan-module-inner\"><figure class=\"wp-caption size-large\"><img loading=\"lazy\" decoding=\"async\" width=\"722\" height=\"1024\" src=\"https:\/\/www.normisjon.no\/content\/uploads\/sites\/24\/2026\/04\/Torsdagsmiddag-pa-Sjoglimt-2026-A5-722x1024.jpg\" class=\"attachment-large size-large\" alt=\"\" srcset=\"https:\/\/www.normisjon.no\/content\/uploads\/sites\/24\/2026\/04\/Torsdagsmiddag-pa-Sjoglimt-2026-A5-722x1024.jpg 722w, https:\/\/www.normisjon.no\/content\/uploads\/sites\/24\/2026\/04\/Torsdagsmiddag-pa-Sjoglimt-2026-A5-212x300.jpg 212w, https:\/\/www.normisjon.no\/content\/uploads\/sites\/24\/2026\/04\/Torsdagsmiddag-pa-Sjoglimt-2026-A5-768x1089.jpg 768w, https:\/\/www.normisjon.no\/content\/uploads\/sites\/24\/2026\/04\/Torsdagsmiddag-pa-Sjoglimt-2026-A5-1083x1536.jpg 1083w, https:\/\/www.normisjon.no\/content\/uploads\/sites\/24\/2026\/04\/Torsdagsmiddag-pa-Sjoglimt-2026-A5-1354x1920.jpg 1354w, https:\/\/www.normisjon.no\/content\/uploads\/sites\/24\/2026\/04\/Torsdagsmiddag-pa-Sjoglimt-2026-A5-677x960.jpg 677w, https:\/\/www.normisjon.no\/content\/uploads\/sites\/24\/2026\/04\/Torsdagsmiddag-pa-Sjoglimt-2026-A5.jpg 1410w\" sizes=\"auto, (max-width: 722px) 100vw, 722px\" \/><\/figure><\/div><\/div><div id=\"module-2\" class=\"hogan-module hogan-module-image hogan-module-2 hogan-image-size-large\"><div class=\"hogan-module-inner\"><figure class=\"wp-caption size-large\"><img loading=\"lazy\" decoding=\"async\" width=\"724\" height=\"1024\" src=\"https:\/\/www.normisjon.no\/content\/uploads\/sites\/24\/2026\/03\/Lysbilde1-724x1024.jpg\" class=\"attachment-large size-large\" alt=\"\" srcset=\"https:\/\/www.normisjon.no\/content\/uploads\/sites\/24\/2026\/03\/Lysbilde1-724x1024.jpg 724w, https:\/\/www.normisjon.no\/content\/uploads\/sites\/24\/2026\/03\/Lysbilde1-212x300.jpg 212w, https:\/\/www.normisjon.no\/content\/uploads\/sites\/24\/2026\/03\/Lysbilde1-768x1086.jpg 768w, https:\/\/www.normisjon.no\/content\/uploads\/sites\/24\/2026\/03\/Lysbilde1-679x960.jpg 679w, https:\/\/www.normisjon.no\/content\/uploads\/sites\/24\/2026\/03\/Lysbilde1.jpg 794w\" sizes=\"auto, (max-width: 724px) 100vw, 724px\" \/><\/figure><\/div><\/div><div id=\"module-3\" class=\"hogan-module hogan-module-gallery hogan-module-3 hogan-gallery-layout-slider\"><div class=\"hogan-module-inner\"><div class=\"hogan-gallery-carousel hogan-gallery-slider hogan-gallery-count-9\" itemscope itemtype=\"http:\/\/schema.org\/ImageGallery\" data-pswp-uid=\"3\">\n\t\t\t<figure\n\t\t\tclass=\"hogan-gallery-cell\"\n\t\t\titemprop=\"associatedMedia\"\n\t\t\titemscope\n\t\t\titemtype=\"http:\/\/schema.org\/ImageObject\"\n\t\t\tdata-pswp-index=\"0\"\n\t\t\tdata-pswp-size=\"720x960\"\n\t\t>\n\t\t\t<a class=\"hogan-gallery-item-link\" href=\"https:\/\/www.normisjon.no\/content\/uploads\/sites\/24\/2018\/06\/Kake-2.jpg\" itemprop=\"contentUrl\" aria-label=\"\u00c5pne bildegalleri\"><svg viewBox=\"0 0 100 100\" class=\"hogan-gallery-expand-icon\"><path d=\"M90.9 84.5L56.4 50l34.5-34.5v17.8h9.1V0H66.7v9.1h17.8L50 43.6 15.5 9.1h17.8V0H0v33.3h9.1V15.5L43.6 50 9.1 84.5V66.7H0V100h33.3v-9.1H15.5L50 56.4l34.5 34.5H66.7v9.1H100V66.7h-9.1z\"><\/path><\/svg><\/a><img loading=\"lazy\" decoding=\"async\" width=\"720\" height=\"960\" src=\"https:\/\/www.normisjon.no\/content\/uploads\/sites\/24\/2018\/06\/Kake-2.jpg\" class=\"attachment-large size-large\" alt=\"\" itemprop=\"thumbnail\" srcset=\"https:\/\/www.normisjon.no\/content\/uploads\/sites\/24\/2018\/06\/Kake-2.jpg 720w, https:\/\/www.normisjon.no\/content\/uploads\/sites\/24\/2018\/06\/Kake-2-225x300.jpg 225w\" sizes=\"auto, (max-width: 720px) 100vw, 720px\" \/>\t\t<\/figure>\n\t\t\t\t<figure\n\t\t\tclass=\"hogan-gallery-cell\"\n\t\t\titemprop=\"associatedMedia\"\n\t\t\titemscope\n\t\t\titemtype=\"http:\/\/schema.org\/ImageObject\"\n\t\t\tdata-pswp-index=\"1\"\n\t\t\tdata-pswp-size=\"720x960\"\n\t\t>\n\t\t\t<a class=\"hogan-gallery-item-link\" href=\"https:\/\/www.normisjon.no\/content\/uploads\/sites\/24\/2018\/06\/Kake-3.jpg\" itemprop=\"contentUrl\" aria-label=\"\u00c5pne bildegalleri\"><svg viewBox=\"0 0 100 100\" class=\"hogan-gallery-expand-icon\"><path d=\"M90.9 84.5L56.4 50l34.5-34.5v17.8h9.1V0H66.7v9.1h17.8L50 43.6 15.5 9.1h17.8V0H0v33.3h9.1V15.5L43.6 50 9.1 84.5V66.7H0V100h33.3v-9.1H15.5L50 56.4l34.5 34.5H66.7v9.1H100V66.7h-9.1z\"><\/path><\/svg><\/a><img loading=\"lazy\" decoding=\"async\" width=\"720\" height=\"960\" src=\"https:\/\/www.normisjon.no\/content\/uploads\/sites\/24\/2018\/06\/Kake-3.jpg\" class=\"attachment-large size-large\" alt=\"\" itemprop=\"thumbnail\" srcset=\"https:\/\/www.normisjon.no\/content\/uploads\/sites\/24\/2018\/06\/Kake-3.jpg 720w, https:\/\/www.normisjon.no\/content\/uploads\/sites\/24\/2018\/06\/Kake-3-225x300.jpg 225w\" sizes=\"auto, (max-width: 720px) 100vw, 720px\" \/>\t\t<\/figure>\n\t\t\t\t<figure\n\t\t\tclass=\"hogan-gallery-cell\"\n\t\t\titemprop=\"associatedMedia\"\n\t\t\titemscope\n\t\t\titemtype=\"http:\/\/schema.org\/ImageObject\"\n\t\t\tdata-pswp-index=\"2\"\n\t\t\tdata-pswp-size=\"714x960\"\n\t\t>\n\t\t\t<a class=\"hogan-gallery-item-link\" href=\"https:\/\/www.normisjon.no\/content\/uploads\/sites\/24\/2018\/06\/Kake-4.jpg\" itemprop=\"contentUrl\" aria-label=\"\u00c5pne bildegalleri\"><svg viewBox=\"0 0 100 100\" class=\"hogan-gallery-expand-icon\"><path d=\"M90.9 84.5L56.4 50l34.5-34.5v17.8h9.1V0H66.7v9.1h17.8L50 43.6 15.5 9.1h17.8V0H0v33.3h9.1V15.5L43.6 50 9.1 84.5V66.7H0V100h33.3v-9.1H15.5L50 56.4l34.5 34.5H66.7v9.1H100V66.7h-9.1z\"><\/path><\/svg><\/a><img loading=\"lazy\" decoding=\"async\" width=\"714\" height=\"960\" src=\"https:\/\/www.normisjon.no\/content\/uploads\/sites\/24\/2018\/06\/Kake-4.jpg\" class=\"attachment-large size-large\" alt=\"\" itemprop=\"thumbnail\" srcset=\"https:\/\/www.normisjon.no\/content\/uploads\/sites\/24\/2018\/06\/Kake-4.jpg 714w, https:\/\/www.normisjon.no\/content\/uploads\/sites\/24\/2018\/06\/Kake-4-223x300.jpg 223w\" sizes=\"auto, (max-width: 714px) 100vw, 714px\" \/>\t\t<\/figure>\n\t\t\t\t<figure\n\t\t\tclass=\"hogan-gallery-cell\"\n\t\t\titemprop=\"associatedMedia\"\n\t\t\titemscope\n\t\t\titemtype=\"http:\/\/schema.org\/ImageObject\"\n\t\t\tdata-pswp-index=\"3\"\n\t\t\tdata-pswp-size=\"533x960\"\n\t\t>\n\t\t\t<a class=\"hogan-gallery-item-link\" href=\"https:\/\/www.normisjon.no\/content\/uploads\/sites\/24\/2018\/06\/Kake-5.jpg\" itemprop=\"contentUrl\" aria-label=\"\u00c5pne bildegalleri\"><svg viewBox=\"0 0 100 100\" class=\"hogan-gallery-expand-icon\"><path d=\"M90.9 84.5L56.4 50l34.5-34.5v17.8h9.1V0H66.7v9.1h17.8L50 43.6 15.5 9.1h17.8V0H0v33.3h9.1V15.5L43.6 50 9.1 84.5V66.7H0V100h33.3v-9.1H15.5L50 56.4l34.5 34.5H66.7v9.1H100V66.7h-9.1z\"><\/path><\/svg><\/a><img loading=\"lazy\" decoding=\"async\" width=\"533\" height=\"960\" src=\"https:\/\/www.normisjon.no\/content\/uploads\/sites\/24\/2018\/06\/Kake-5.jpg\" class=\"attachment-large size-large\" alt=\"\" itemprop=\"thumbnail\" srcset=\"https:\/\/www.normisjon.no\/content\/uploads\/sites\/24\/2018\/06\/Kake-5.jpg 533w, https:\/\/www.normisjon.no\/content\/uploads\/sites\/24\/2018\/06\/Kake-5-167x300.jpg 167w\" sizes=\"auto, (max-width: 533px) 100vw, 533px\" \/>\t\t<\/figure>\n\t\t\t\t<figure\n\t\t\tclass=\"hogan-gallery-cell\"\n\t\t\titemprop=\"associatedMedia\"\n\t\t\titemscope\n\t\t\titemtype=\"http:\/\/schema.org\/ImageObject\"\n\t\t\tdata-pswp-index=\"4\"\n\t\t\tdata-pswp-size=\"200x200\"\n\t\t>\n\t\t\t<a class=\"hogan-gallery-item-link\" href=\"https:\/\/www.normisjon.no\/content\/uploads\/sites\/24\/2018\/06\/Kake-6.jpg\" itemprop=\"contentUrl\" aria-label=\"\u00c5pne bildegalleri\"><svg viewBox=\"0 0 100 100\" class=\"hogan-gallery-expand-icon\"><path d=\"M90.9 84.5L56.4 50l34.5-34.5v17.8h9.1V0H66.7v9.1h17.8L50 43.6 15.5 9.1h17.8V0H0v33.3h9.1V15.5L43.6 50 9.1 84.5V66.7H0V100h33.3v-9.1H15.5L50 56.4l34.5 34.5H66.7v9.1H100V66.7h-9.1z\"><\/path><\/svg><\/a><img loading=\"lazy\" decoding=\"async\" width=\"200\" height=\"200\" src=\"https:\/\/www.normisjon.no\/content\/uploads\/sites\/24\/2018\/06\/Kake-6.jpg\" class=\"attachment-large size-large\" alt=\"\" itemprop=\"thumbnail\" srcset=\"https:\/\/www.normisjon.no\/content\/uploads\/sites\/24\/2018\/06\/Kake-6.jpg 200w, https:\/\/www.normisjon.no\/content\/uploads\/sites\/24\/2018\/06\/Kake-6-150x150.jpg 150w\" sizes=\"auto, (max-width: 200px) 100vw, 200px\" \/>\t\t<\/figure>\n\t\t\t\t<figure\n\t\t\tclass=\"hogan-gallery-cell\"\n\t\t\titemprop=\"associatedMedia\"\n\t\t\titemscope\n\t\t\titemtype=\"http:\/\/schema.org\/ImageObject\"\n\t\t\tdata-pswp-index=\"5\"\n\t\t\tdata-pswp-size=\"540x540\"\n\t\t>\n\t\t\t<a class=\"hogan-gallery-item-link\" href=\"https:\/\/www.normisjon.no\/content\/uploads\/sites\/24\/2018\/06\/Kake-7.jpg\" itemprop=\"contentUrl\" aria-label=\"\u00c5pne bildegalleri\"><svg viewBox=\"0 0 100 100\" class=\"hogan-gallery-expand-icon\"><path d=\"M90.9 84.5L56.4 50l34.5-34.5v17.8h9.1V0H66.7v9.1h17.8L50 43.6 15.5 9.1h17.8V0H0v33.3h9.1V15.5L43.6 50 9.1 84.5V66.7H0V100h33.3v-9.1H15.5L50 56.4l34.5 34.5H66.7v9.1H100V66.7h-9.1z\"><\/path><\/svg><\/a><img loading=\"lazy\" decoding=\"async\" width=\"540\" height=\"540\" src=\"https:\/\/www.normisjon.no\/content\/uploads\/sites\/24\/2018\/06\/Kake-7.jpg\" class=\"attachment-large size-large\" alt=\"\" itemprop=\"thumbnail\" srcset=\"https:\/\/www.normisjon.no\/content\/uploads\/sites\/24\/2018\/06\/Kake-7.jpg 540w, https:\/\/www.normisjon.no\/content\/uploads\/sites\/24\/2018\/06\/Kake-7-150x150.jpg 150w, https:\/\/www.normisjon.no\/content\/uploads\/sites\/24\/2018\/06\/Kake-7-300x300.jpg 300w\" sizes=\"auto, (max-width: 540px) 100vw, 540px\" \/>\t\t<\/figure>\n\t\t\t\t<figure\n\t\t\tclass=\"hogan-gallery-cell\"\n\t\t\titemprop=\"associatedMedia\"\n\t\t\titemscope\n\t\t\titemtype=\"http:\/\/schema.org\/ImageObject\"\n\t\t\tdata-pswp-index=\"6\"\n\t\t\tdata-pswp-size=\"720x720\"\n\t\t>\n\t\t\t<a class=\"hogan-gallery-item-link\" href=\"https:\/\/www.normisjon.no\/content\/uploads\/sites\/24\/2018\/06\/Kake-8.jpg\" itemprop=\"contentUrl\" aria-label=\"\u00c5pne bildegalleri\"><svg viewBox=\"0 0 100 100\" class=\"hogan-gallery-expand-icon\"><path d=\"M90.9 84.5L56.4 50l34.5-34.5v17.8h9.1V0H66.7v9.1h17.8L50 43.6 15.5 9.1h17.8V0H0v33.3h9.1V15.5L43.6 50 9.1 84.5V66.7H0V100h33.3v-9.1H15.5L50 56.4l34.5 34.5H66.7v9.1H100V66.7h-9.1z\"><\/path><\/svg><\/a><img loading=\"lazy\" decoding=\"async\" width=\"720\" height=\"720\" src=\"https:\/\/www.normisjon.no\/content\/uploads\/sites\/24\/2018\/06\/Kake-8.jpg\" class=\"attachment-large size-large\" alt=\"\" itemprop=\"thumbnail\" srcset=\"https:\/\/www.normisjon.no\/content\/uploads\/sites\/24\/2018\/06\/Kake-8.jpg 720w, https:\/\/www.normisjon.no\/content\/uploads\/sites\/24\/2018\/06\/Kake-8-150x150.jpg 150w, https:\/\/www.normisjon.no\/content\/uploads\/sites\/24\/2018\/06\/Kake-8-300x300.jpg 300w\" sizes=\"auto, (max-width: 720px) 100vw, 720px\" \/>\t\t<\/figure>\n\t\t\t\t<figure\n\t\t\tclass=\"hogan-gallery-cell\"\n\t\t\titemprop=\"associatedMedia\"\n\t\t\titemscope\n\t\t\titemtype=\"http:\/\/schema.org\/ImageObject\"\n\t\t\tdata-pswp-index=\"7\"\n\t\t\tdata-pswp-size=\"718x418\"\n\t\t>\n\t\t\t<a class=\"hogan-gallery-item-link\" href=\"https:\/\/www.normisjon.no\/content\/uploads\/sites\/24\/2018\/06\/Kake-1.jpg\" itemprop=\"contentUrl\" aria-label=\"\u00c5pne bildegalleri\"><svg viewBox=\"0 0 100 100\" class=\"hogan-gallery-expand-icon\"><path d=\"M90.9 84.5L56.4 50l34.5-34.5v17.8h9.1V0H66.7v9.1h17.8L50 43.6 15.5 9.1h17.8V0H0v33.3h9.1V15.5L43.6 50 9.1 84.5V66.7H0V100h33.3v-9.1H15.5L50 56.4l34.5 34.5H66.7v9.1H100V66.7h-9.1z\"><\/path><\/svg><\/a><img loading=\"lazy\" decoding=\"async\" width=\"718\" height=\"418\" src=\"https:\/\/www.normisjon.no\/content\/uploads\/sites\/24\/2018\/06\/Kake-1.jpg\" class=\"attachment-large size-large\" alt=\"\" itemprop=\"thumbnail\" srcset=\"https:\/\/www.normisjon.no\/content\/uploads\/sites\/24\/2018\/06\/Kake-1.jpg 718w, https:\/\/www.normisjon.no\/content\/uploads\/sites\/24\/2018\/06\/Kake-1-300x175.jpg 300w\" sizes=\"auto, (max-width: 718px) 100vw, 718px\" \/>\t\t<\/figure>\n\t\t\t\t<figure\n\t\t\tclass=\"hogan-gallery-cell\"\n\t\t\titemprop=\"associatedMedia\"\n\t\t\titemscope\n\t\t\titemtype=\"http:\/\/schema.org\/ImageObject\"\n\t\t\tdata-pswp-index=\"8\"\n\t\t\tdata-pswp-size=\"505x377\"\n\t\t>\n\t\t\t<a class=\"hogan-gallery-item-link\" href=\"https:\/\/www.normisjon.no\/content\/uploads\/sites\/24\/2018\/06\/Koldtallerken-1.jpg\" itemprop=\"contentUrl\" aria-label=\"\u00c5pne bildegalleri\"><svg viewBox=\"0 0 100 100\" class=\"hogan-gallery-expand-icon\"><path d=\"M90.9 84.5L56.4 50l34.5-34.5v17.8h9.1V0H66.7v9.1h17.8L50 43.6 15.5 9.1h17.8V0H0v33.3h9.1V15.5L43.6 50 9.1 84.5V66.7H0V100h33.3v-9.1H15.5L50 56.4l34.5 34.5H66.7v9.1H100V66.7h-9.1z\"><\/path><\/svg><\/a><img loading=\"lazy\" decoding=\"async\" width=\"505\" height=\"377\" src=\"https:\/\/www.normisjon.no\/content\/uploads\/sites\/24\/2018\/06\/Koldtallerken-1.jpg\" class=\"attachment-large size-large\" alt=\"\" itemprop=\"thumbnail\" srcset=\"https:\/\/www.normisjon.no\/content\/uploads\/sites\/24\/2018\/06\/Koldtallerken-1.jpg 505w, https:\/\/www.normisjon.no\/content\/uploads\/sites\/24\/2018\/06\/Koldtallerken-1-300x224.jpg 300w\" sizes=\"auto, (max-width: 505px) 100vw, 505px\" \/>\t\t<\/figure>\n\t\t<\/div>\n<\/div><\/div>","protected":false},"excerpt":{"rendered":"<p>God og delikat mat, lett tilgjengelig Her finner dere standard-menyen med priser. N\u00e6r \u00d8rje sentrum og E18 finner vi Sj\u00f8glimt Leirsted og Catering. Stedet har [&hellip;]<\/p>\n","protected":false},"author":25,"featured_media":483,"parent":0,"menu_order":0,"comment_status":"closed","ping_status":"closed","template":"","meta":{"_acf_changed":false,"footnotes":""},"class_list":["post-114","page","type-page","status-publish","has-post-thumbnail","hentry"],"acf":[],"yoast_head":"<!-- This site is optimized with the Yoast SEO plugin v25.9 - https:\/\/yoast.com\/wordpress\/plugins\/seo\/ -->\n<title>Sj\u00f8glimt catering - Region \u00d8stfold<\/title>\n<meta name=\"robots\" content=\"index, follow, max-snippet:-1, max-image-preview:large, max-video-preview:-1\" \/>\n<link rel=\"canonical\" href=\"https:\/\/www.normisjon.no\/ostfold\/sjoglimt-catering\/\" \/>\n<meta property=\"og:locale\" content=\"nb_NO\" \/>\n<meta property=\"og:type\" content=\"article\" \/>\n<meta property=\"og:title\" content=\"Sj\u00f8glimt catering - Region \u00d8stfold\" \/>\n<meta property=\"og:description\" content=\"God og delikat mat, lett tilgjengelig Her finner dere standard-menyen med priser. N\u00e6r \u00d8rje sentrum og E18 finner vi Sj\u00f8glimt Leirsted og Catering. Stedet har [&hellip;]\" \/>\n<meta property=\"og:url\" content=\"https:\/\/www.normisjon.no\/ostfold\/sjoglimt-catering\/\" \/>\n<meta property=\"og:site_name\" content=\"Region \u00d8stfold\" \/>\n<meta property=\"article:publisher\" content=\"https:\/\/www.facebook.com\/NormisjonRegionOstfold\" \/>\n<meta property=\"article:modified_time\" content=\"2026-04-15T10:02:20+00:00\" \/>\n<meta property=\"og:image\" content=\"https:\/\/www.normisjon.no\/content\/uploads\/sites\/24\/2018\/06\/Koldtallerken.jpg\" \/>\n\t<meta property=\"og:image:width\" content=\"505\" \/>\n\t<meta property=\"og:image:height\" content=\"377\" \/>\n\t<meta property=\"og:image:type\" content=\"image\/jpeg\" \/>\n<meta name=\"twitter:card\" content=\"summary_large_image\" \/>\n<meta name=\"twitter:label1\" content=\"Ansl. lesetid\" \/>\n\t<meta name=\"twitter:data1\" content=\"1 minutt\" \/>\n<script type=\"application\/ld+json\" class=\"yoast-schema-graph\">{\"@context\":\"https:\/\/schema.org\",\"@graph\":[{\"@type\":\"WebPage\",\"@id\":\"https:\/\/www.normisjon.no\/ostfold\/sjoglimt-catering\/\",\"url\":\"https:\/\/www.normisjon.no\/ostfold\/sjoglimt-catering\/\",\"name\":\"Sj\u00f8glimt catering - Region \u00d8stfold\",\"isPartOf\":{\"@id\":\"https:\/\/www.normisjon.no\/ostfold\/#website\"},\"primaryImageOfPage\":{\"@id\":\"https:\/\/www.normisjon.no\/ostfold\/sjoglimt-catering\/#primaryimage\"},\"image\":{\"@id\":\"https:\/\/www.normisjon.no\/ostfold\/sjoglimt-catering\/#primaryimage\"},\"thumbnailUrl\":\"https:\/\/www.normisjon.no\/content\/uploads\/sites\/24\/2018\/06\/Koldtallerken.jpg\",\"datePublished\":\"2018-05-04T12:32:49+00:00\",\"dateModified\":\"2026-04-15T10:02:20+00:00\",\"breadcrumb\":{\"@id\":\"https:\/\/www.normisjon.no\/ostfold\/sjoglimt-catering\/#breadcrumb\"},\"inLanguage\":\"nb-NO\",\"potentialAction\":[{\"@type\":\"ReadAction\",\"target\":[\"https:\/\/www.normisjon.no\/ostfold\/sjoglimt-catering\/\"]}]},{\"@type\":\"ImageObject\",\"inLanguage\":\"nb-NO\",\"@id\":\"https:\/\/www.normisjon.no\/ostfold\/sjoglimt-catering\/#primaryimage\",\"url\":\"https:\/\/www.normisjon.no\/content\/uploads\/sites\/24\/2018\/06\/Koldtallerken.jpg\",\"contentUrl\":\"https:\/\/www.normisjon.no\/content\/uploads\/sites\/24\/2018\/06\/Koldtallerken.jpg\",\"width\":505,\"height\":377},{\"@type\":\"BreadcrumbList\",\"@id\":\"https:\/\/www.normisjon.no\/ostfold\/sjoglimt-catering\/#breadcrumb\",\"itemListElement\":[{\"@type\":\"ListItem\",\"position\":1,\"name\":\"Home\",\"item\":\"https:\/\/www.normisjon.no\/ostfold\/\"},{\"@type\":\"ListItem\",\"position\":2,\"name\":\"Sj\u00f8glimt catering\"}]},{\"@type\":\"WebSite\",\"@id\":\"https:\/\/www.normisjon.no\/ostfold\/#website\",\"url\":\"https:\/\/www.normisjon.no\/ostfold\/\",\"name\":\"Region \u00d8stfold\",\"description\":\"\",\"publisher\":{\"@id\":\"https:\/\/www.normisjon.no\/ostfold\/#organization\"},\"potentialAction\":[{\"@type\":\"SearchAction\",\"target\":{\"@type\":\"EntryPoint\",\"urlTemplate\":\"https:\/\/www.normisjon.no\/ostfold\/?s={search_term_string}\"},\"query-input\":{\"@type\":\"PropertyValueSpecification\",\"valueRequired\":true,\"valueName\":\"search_term_string\"}}],\"inLanguage\":\"nb-NO\"},{\"@type\":\"Organization\",\"@id\":\"https:\/\/www.normisjon.no\/ostfold\/#organization\",\"name\":\"Region \u00d8stfold\",\"url\":\"https:\/\/www.normisjon.no\/ostfold\/\",\"logo\":{\"@type\":\"ImageObject\",\"inLanguage\":\"nb-NO\",\"@id\":\"https:\/\/www.normisjon.no\/ostfold\/#\/schema\/logo\/image\/\",\"url\":\"https:\/\/www.normisjon.no\/content\/uploads\/sites\/24\/2024\/11\/logo_Normisjon_lang_regionostfold_bla\u2560e.png\",\"contentUrl\":\"https:\/\/www.normisjon.no\/content\/uploads\/sites\/24\/2024\/11\/logo_Normisjon_lang_regionostfold_bla\u2560e.png\",\"width\":1952,\"height\":562,\"caption\":\"Region \u00d8stfold\"},\"image\":{\"@id\":\"https:\/\/www.normisjon.no\/ostfold\/#\/schema\/logo\/image\/\"},\"sameAs\":[\"https:\/\/www.facebook.com\/NormisjonRegionOstfold\"]}]}<\/script>\n<!-- \/ Yoast SEO plugin. -->","yoast_head_json":{"title":"Sj\u00f8glimt catering - Region \u00d8stfold","robots":{"index":"index","follow":"follow","max-snippet":"max-snippet:-1","max-image-preview":"max-image-preview:large","max-video-preview":"max-video-preview:-1"},"canonical":"https:\/\/www.normisjon.no\/ostfold\/sjoglimt-catering\/","og_locale":"nb_NO","og_type":"article","og_title":"Sj\u00f8glimt catering - Region \u00d8stfold","og_description":"God og delikat mat, lett tilgjengelig Her finner dere standard-menyen med priser. N\u00e6r \u00d8rje sentrum og E18 finner vi Sj\u00f8glimt Leirsted og Catering. Stedet har [&hellip;]","og_url":"https:\/\/www.normisjon.no\/ostfold\/sjoglimt-catering\/","og_site_name":"Region \u00d8stfold","article_publisher":"https:\/\/www.facebook.com\/NormisjonRegionOstfold","article_modified_time":"2026-04-15T10:02:20+00:00","og_image":[{"width":505,"height":377,"url":"https:\/\/www.normisjon.no\/content\/uploads\/sites\/24\/2018\/06\/Koldtallerken.jpg","type":"image\/jpeg"}],"twitter_card":"summary_large_image","twitter_misc":{"Ansl. lesetid":"1 minutt"},"schema":{"@context":"https:\/\/schema.org","@graph":[{"@type":"WebPage","@id":"https:\/\/www.normisjon.no\/ostfold\/sjoglimt-catering\/","url":"https:\/\/www.normisjon.no\/ostfold\/sjoglimt-catering\/","name":"Sj\u00f8glimt catering - Region \u00d8stfold","isPartOf":{"@id":"https:\/\/www.normisjon.no\/ostfold\/#website"},"primaryImageOfPage":{"@id":"https:\/\/www.normisjon.no\/ostfold\/sjoglimt-catering\/#primaryimage"},"image":{"@id":"https:\/\/www.normisjon.no\/ostfold\/sjoglimt-catering\/#primaryimage"},"thumbnailUrl":"https:\/\/www.normisjon.no\/content\/uploads\/sites\/24\/2018\/06\/Koldtallerken.jpg","datePublished":"2018-05-04T12:32:49+00:00","dateModified":"2026-04-15T10:02:20+00:00","breadcrumb":{"@id":"https:\/\/www.normisjon.no\/ostfold\/sjoglimt-catering\/#breadcrumb"},"inLanguage":"nb-NO","potentialAction":[{"@type":"ReadAction","target":["https:\/\/www.normisjon.no\/ostfold\/sjoglimt-catering\/"]}]},{"@type":"ImageObject","inLanguage":"nb-NO","@id":"https:\/\/www.normisjon.no\/ostfold\/sjoglimt-catering\/#primaryimage","url":"https:\/\/www.normisjon.no\/content\/uploads\/sites\/24\/2018\/06\/Koldtallerken.jpg","contentUrl":"https:\/\/www.normisjon.no\/content\/uploads\/sites\/24\/2018\/06\/Koldtallerken.jpg","width":505,"height":377},{"@type":"BreadcrumbList","@id":"https:\/\/www.normisjon.no\/ostfold\/sjoglimt-catering\/#breadcrumb","itemListElement":[{"@type":"ListItem","position":1,"name":"Home","item":"https:\/\/www.normisjon.no\/ostfold\/"},{"@type":"ListItem","position":2,"name":"Sj\u00f8glimt catering"}]},{"@type":"WebSite","@id":"https:\/\/www.normisjon.no\/ostfold\/#website","url":"https:\/\/www.normisjon.no\/ostfold\/","name":"Region \u00d8stfold","description":"","publisher":{"@id":"https:\/\/www.normisjon.no\/ostfold\/#organization"},"potentialAction":[{"@type":"SearchAction","target":{"@type":"EntryPoint","urlTemplate":"https:\/\/www.normisjon.no\/ostfold\/?s={search_term_string}"},"query-input":{"@type":"PropertyValueSpecification","valueRequired":true,"valueName":"search_term_string"}}],"inLanguage":"nb-NO"},{"@type":"Organization","@id":"https:\/\/www.normisjon.no\/ostfold\/#organization","name":"Region \u00d8stfold","url":"https:\/\/www.normisjon.no\/ostfold\/","logo":{"@type":"ImageObject","inLanguage":"nb-NO","@id":"https:\/\/www.normisjon.no\/ostfold\/#\/schema\/logo\/image\/","url":"https:\/\/www.normisjon.no\/content\/uploads\/sites\/24\/2024\/11\/logo_Normisjon_lang_regionostfold_bla\u2560e.png","contentUrl":"https:\/\/www.normisjon.no\/content\/uploads\/sites\/24\/2024\/11\/logo_Normisjon_lang_regionostfold_bla\u2560e.png","width":1952,"height":562,"caption":"Region \u00d8stfold"},"image":{"@id":"https:\/\/www.normisjon.no\/ostfold\/#\/schema\/logo\/image\/"},"sameAs":["https:\/\/www.facebook.com\/NormisjonRegionOstfold"]}]}},"_links":{"self":[{"href":"https:\/\/www.normisjon.no\/ostfold\/wp-json\/wp\/v2\/pages\/114","targetHints":{"allow":["GET"]}}],"collection":[{"href":"https:\/\/www.normisjon.no\/ostfold\/wp-json\/wp\/v2\/pages"}],"about":[{"href":"https:\/\/www.normisjon.no\/ostfold\/wp-json\/wp\/v2\/types\/page"}],"author":[{"embeddable":true,"href":"https:\/\/www.normisjon.no\/ostfold\/wp-json\/wp\/v2\/users\/25"}],"replies":[{"embeddable":true,"href":"https:\/\/www.normisjon.no\/ostfold\/wp-json\/wp\/v2\/comments?post=114"}],"version-history":[{"count":32,"href":"https:\/\/www.normisjon.no\/ostfold\/wp-json\/wp\/v2\/pages\/114\/revisions"}],"predecessor-version":[{"id":5406,"href":"https:\/\/www.normisjon.no\/ostfold\/wp-json\/wp\/v2\/pages\/114\/revisions\/5406"}],"wp:featuredmedia":[{"embeddable":true,"href":"https:\/\/www.normisjon.no\/ostfold\/wp-json\/wp\/v2\/media\/483"}],"wp:attachment":[{"href":"https:\/\/www.normisjon.no\/ostfold\/wp-json\/wp\/v2\/media?parent=114"}],"curies":[{"name":"wp","href":"https:\/\/api.w.org\/{rel}","templated":true}]}}