{"id":1209,"date":"2019-01-31T14:00:24","date_gmt":"2019-01-31T13:00:24","guid":{"rendered":"https:\/\/www.normisjon.no\/ostfold\/?page_id=1209"},"modified":"2026-02-19T11:56:36","modified_gmt":"2026-02-19T10:56:36","slug":"internasjonalt","status":"publish","type":"page","link":"https:\/\/www.normisjon.no\/ostfold\/internasjonalt\/","title":{"rendered":"Internasjonalt"},"content":{"rendered":"<div id=\"module-0\" class=\"hogan-module hogan-module-image hogan-module-0 hogan-image-size-large\"><div class=\"hogan-module-inner\"><figure class=\"wp-caption size-large\"><img loading=\"lazy\" decoding=\"async\" width=\"1024\" height=\"151\" src=\"https:\/\/www.normisjon.no\/content\/uploads\/sites\/24\/2026\/02\/Misjonsutvalget-1024x151.png\" class=\"attachment-large size-large\" alt=\"\" srcset=\"https:\/\/www.normisjon.no\/content\/uploads\/sites\/24\/2026\/02\/Misjonsutvalget-1024x151.png 1024w, https:\/\/www.normisjon.no\/content\/uploads\/sites\/24\/2026\/02\/Misjonsutvalget-300x44.png 300w, https:\/\/www.normisjon.no\/content\/uploads\/sites\/24\/2026\/02\/Misjonsutvalget-768x113.png 768w, https:\/\/www.normisjon.no\/content\/uploads\/sites\/24\/2026\/02\/Misjonsutvalget-960x141.png 960w, https:\/\/www.normisjon.no\/content\/uploads\/sites\/24\/2026\/02\/Misjonsutvalget.png 1360w\" sizes=\"auto, (max-width: 1024px) 100vw, 1024px\" \/><\/figure><\/div><\/div><div id=\"module-1\" class=\"hogan-module hogan-module-text hogan-module-1\"><div class=\"hogan-module-inner\"><p><strong>Hva er Misjonsutvalget?<br \/>\n<\/strong>Misjonsutvalget er en komit\u00e9 som arbeider med \u00e5 \u00f8ke misjonsengasjementet i foreninger, menigheter, grupper og hos enkeltpersoner.<br \/>\nI Misjonsutvalget sitter det engasjerte mennesker fra Normisjonsforeninger i hele \u00d8stfold.<br \/>\nMisjonsutvalget har som oppgaver bl. a. \u00e5:<\/p>\n<p>&#8211; informere om Normisjons misjonsengasjement internasjonalt<br \/>\n&#8211; arrangere \u00e5rlige inspirasjonskvelder<br \/>\n&#8211; tegne misjonsavtaler med foreninger, menigheter, grupper og enkeltpersoner<\/p>\n<p><strong>Hvorfor misjonsavtale?<\/strong>\u00a0<a href=\"https:\/\/www.normisjon.no\/content\/uploads\/sites\/24\/2019\/02\/Hvorfor-misjonsavtale.pdf\" target=\"_blank\" rel=\"noopener\">(PDF)<\/a><br \/>\nDet var Jesus selv som gav oss misjonsbefalingen. Misjon var ikke geografisk begrenset, men ment som en oppgave overgitt Jesu venner. Siden den gang har evangeliet bredt seg vidt utover. Dette oppdraget har gitt inspirasjon til generasjon etter generasjon.<\/p>\n<p><strong>Misjonsavtalen:<\/strong><br \/>\n&#8211; engasjerer p\u00e5 tvers av generasjoner i grupper, foreninger og menigheter<br \/>\n&#8211; gj\u00f8r det globale ansvaret synlig<br \/>\n&#8211; sikrer at misjonsprosjekt f\u00e5r faste og forutsigbare inntekter<br \/>\n&#8211; kan skape kjennskap og kontakt med misjon\u00e6rer og medarbeidere<br \/>\n&#8211; gir anledning til \u00e5 bli kjent med menigheter og grupper i samarbeidslandene<br \/>\n&#8211; gir mulighet til bes\u00f8k i samarbeidslandene<\/p>\n<p><strong>For mer informasjon:<\/strong><br \/>\nTa kontakt med Misjonsutvalget v\/ Torill Bredeg<br \/>\nTlf.: 404 10 682<br \/>\nE-post: <a href=\"mailto:torill.bredeg@gmail.com\">torill.bredeg@gmail.com<\/a><\/p>\n<p><a href=\"https:\/\/www.normisjon.no\/content\/uploads\/sites\/24\/2019\/02\/2017-misjonsavtale-skjema.pdf\" target=\"_blank\" rel=\"noopener\">Tegn en misjonsavtale her!<\/a><\/p><\/div><\/div><div id=\"module-2\" class=\"hogan-module hogan-module-image hogan-module-2 hogan-image-size-large\"><div class=\"hogan-module-inner\"><figure class=\"wp-caption size-large\"><img loading=\"lazy\" decoding=\"async\" width=\"228\" height=\"254\" src=\"https:\/\/www.normisjon.no\/content\/uploads\/sites\/24\/2019\/02\/Logo-Elsket-og-sendt.jpg\" class=\"attachment-large size-large\" alt=\"\" \/><\/figure><\/div><\/div><div id=\"module-3\" class=\"hogan-module hogan-module-linklist hogan-module-3\"><nav class=\"hogan-module-inner\">\n<ul class=\"hogan-linklist-container\">\n\t\t\t<li class=\"hogan-linklist-inner\">\n\t\t\t\t\t\t\t<h3 class=\"hogan-linklist-title\">Lenker:<\/h3>\n\t\t\t\n\t\t\t<ul class=\"hogan-linklist-items\">\n\t\t\t\t<li class=\"hogan-linklist-item hogan-linklist-item-external\"><a href=\"http:\/\/normisjon.no\/vare-prosjekter\/\" target=\"_blank\" rel=\"noopener noreferrer\">V\u00e5re samarbeidsland<svg xmlns=\"http:\/\/www.w3.org\/2000\/svg\" viewBox=\"0 0 56 100\" class=\"hogan-linklist-icon\"><path d=\"M54.3 47.3L7 0 .1 6.9l42.2 42.2L0 93.1l7.1 6.8 48.9-51z\"\/><\/svg><\/a><\/li><li class=\"hogan-linklist-item hogan-linklist-item-external\"><a href=\"https:\/\/www.normisjon.no\/nyheter\/\" target=\"_blank\" rel=\"noopener noreferrer\">Nyheter fra inn- og utland<svg xmlns=\"http:\/\/www.w3.org\/2000\/svg\" viewBox=\"0 0 56 100\" class=\"hogan-linklist-icon\"><path d=\"M54.3 47.3L7 0 .1 6.9l42.2 42.2L0 93.1l7.1 6.8 48.9-51z\"\/><\/svg><\/a><\/li><li class=\"hogan-linklist-item hogan-linklist-item-external\"><a href=\"https:\/\/normisjon.mediaflowportal.com\/play\/\" target=\"_blank\" rel=\"noopener noreferrer\">Filmer fra v\u00e5re samarbeidsland<svg xmlns=\"http:\/\/www.w3.org\/2000\/svg\" viewBox=\"0 0 56 100\" class=\"hogan-linklist-icon\"><path d=\"M54.3 47.3L7 0 .1 6.9l42.2 42.2L0 93.1l7.1 6.8 48.9-51z\"\/><\/svg><\/a><\/li>\t\t\t<\/ul>\n\t\t<\/li>\n\t<\/ul>\n<\/nav><\/div>","protected":false},"excerpt":{"rendered":"<p>Hva er Misjonsutvalget? Misjonsutvalget er en komit\u00e9 som arbeider med \u00e5 \u00f8ke misjonsengasjementet i foreninger, menigheter, grupper og hos enkeltpersoner. I Misjonsutvalget sitter det engasjerte [&hellip;]<\/p>\n","protected":false},"author":23,"featured_media":0,"parent":0,"menu_order":0,"comment_status":"closed","ping_status":"closed","template":"","meta":{"_acf_changed":false,"footnotes":""},"class_list":["post-1209","page","type-page","status-publish","hentry"],"acf":[],"yoast_head":"<!-- This site is optimized with the Yoast SEO plugin v25.9 - https:\/\/yoast.com\/wordpress\/plugins\/seo\/ -->\n<title>Internasjonalt - Region \u00d8stfold<\/title>\n<meta name=\"robots\" content=\"index, follow, max-snippet:-1, max-image-preview:large, max-video-preview:-1\" \/>\n<link rel=\"canonical\" href=\"https:\/\/www.normisjon.no\/ostfold\/internasjonalt\/\" \/>\n<meta property=\"og:locale\" content=\"nb_NO\" \/>\n<meta property=\"og:type\" content=\"article\" \/>\n<meta property=\"og:title\" content=\"Internasjonalt - Region \u00d8stfold\" \/>\n<meta property=\"og:description\" content=\"Hva er Misjonsutvalget? Misjonsutvalget er en komit\u00e9 som arbeider med \u00e5 \u00f8ke misjonsengasjementet i foreninger, menigheter, grupper og hos enkeltpersoner. I Misjonsutvalget sitter det engasjerte [&hellip;]\" \/>\n<meta property=\"og:url\" content=\"https:\/\/www.normisjon.no\/ostfold\/internasjonalt\/\" \/>\n<meta property=\"og:site_name\" content=\"Region \u00d8stfold\" \/>\n<meta property=\"article:publisher\" content=\"https:\/\/www.facebook.com\/NormisjonRegionOstfold\" \/>\n<meta property=\"article:modified_time\" content=\"2026-02-19T10:56:36+00:00\" \/>\n<meta name=\"twitter:card\" content=\"summary_large_image\" \/>\n<script type=\"application\/ld+json\" class=\"yoast-schema-graph\">{\"@context\":\"https:\/\/schema.org\",\"@graph\":[{\"@type\":\"WebPage\",\"@id\":\"https:\/\/www.normisjon.no\/ostfold\/internasjonalt\/\",\"url\":\"https:\/\/www.normisjon.no\/ostfold\/internasjonalt\/\",\"name\":\"Internasjonalt - Region \u00d8stfold\",\"isPartOf\":{\"@id\":\"https:\/\/www.normisjon.no\/ostfold\/#website\"},\"datePublished\":\"2019-01-31T13:00:24+00:00\",\"dateModified\":\"2026-02-19T10:56:36+00:00\",\"breadcrumb\":{\"@id\":\"https:\/\/www.normisjon.no\/ostfold\/internasjonalt\/#breadcrumb\"},\"inLanguage\":\"nb-NO\",\"potentialAction\":[{\"@type\":\"ReadAction\",\"target\":[\"https:\/\/www.normisjon.no\/ostfold\/internasjonalt\/\"]}]},{\"@type\":\"BreadcrumbList\",\"@id\":\"https:\/\/www.normisjon.no\/ostfold\/internasjonalt\/#breadcrumb\",\"itemListElement\":[{\"@type\":\"ListItem\",\"position\":1,\"name\":\"Home\",\"item\":\"https:\/\/www.normisjon.no\/ostfold\/\"},{\"@type\":\"ListItem\",\"position\":2,\"name\":\"Internasjonalt\"}]},{\"@type\":\"WebSite\",\"@id\":\"https:\/\/www.normisjon.no\/ostfold\/#website\",\"url\":\"https:\/\/www.normisjon.no\/ostfold\/\",\"name\":\"Region \u00d8stfold\",\"description\":\"\",\"publisher\":{\"@id\":\"https:\/\/www.normisjon.no\/ostfold\/#organization\"},\"potentialAction\":[{\"@type\":\"SearchAction\",\"target\":{\"@type\":\"EntryPoint\",\"urlTemplate\":\"https:\/\/www.normisjon.no\/ostfold\/?s={search_term_string}\"},\"query-input\":{\"@type\":\"PropertyValueSpecification\",\"valueRequired\":true,\"valueName\":\"search_term_string\"}}],\"inLanguage\":\"nb-NO\"},{\"@type\":\"Organization\",\"@id\":\"https:\/\/www.normisjon.no\/ostfold\/#organization\",\"name\":\"Region \u00d8stfold\",\"url\":\"https:\/\/www.normisjon.no\/ostfold\/\",\"logo\":{\"@type\":\"ImageObject\",\"inLanguage\":\"nb-NO\",\"@id\":\"https:\/\/www.normisjon.no\/ostfold\/#\/schema\/logo\/image\/\",\"url\":\"https:\/\/www.normisjon.no\/content\/uploads\/sites\/24\/2024\/11\/logo_Normisjon_lang_regionostfold_bla\u2560e.png\",\"contentUrl\":\"https:\/\/www.normisjon.no\/content\/uploads\/sites\/24\/2024\/11\/logo_Normisjon_lang_regionostfold_bla\u2560e.png\",\"width\":1952,\"height\":562,\"caption\":\"Region \u00d8stfold\"},\"image\":{\"@id\":\"https:\/\/www.normisjon.no\/ostfold\/#\/schema\/logo\/image\/\"},\"sameAs\":[\"https:\/\/www.facebook.com\/NormisjonRegionOstfold\"]}]}<\/script>\n<!-- \/ Yoast SEO plugin. -->","yoast_head_json":{"title":"Internasjonalt - Region \u00d8stfold","robots":{"index":"index","follow":"follow","max-snippet":"max-snippet:-1","max-image-preview":"max-image-preview:large","max-video-preview":"max-video-preview:-1"},"canonical":"https:\/\/www.normisjon.no\/ostfold\/internasjonalt\/","og_locale":"nb_NO","og_type":"article","og_title":"Internasjonalt - Region \u00d8stfold","og_description":"Hva er Misjonsutvalget? Misjonsutvalget er en komit\u00e9 som arbeider med \u00e5 \u00f8ke misjonsengasjementet i foreninger, menigheter, grupper og hos enkeltpersoner. I Misjonsutvalget sitter det engasjerte [&hellip;]","og_url":"https:\/\/www.normisjon.no\/ostfold\/internasjonalt\/","og_site_name":"Region \u00d8stfold","article_publisher":"https:\/\/www.facebook.com\/NormisjonRegionOstfold","article_modified_time":"2026-02-19T10:56:36+00:00","twitter_card":"summary_large_image","schema":{"@context":"https:\/\/schema.org","@graph":[{"@type":"WebPage","@id":"https:\/\/www.normisjon.no\/ostfold\/internasjonalt\/","url":"https:\/\/www.normisjon.no\/ostfold\/internasjonalt\/","name":"Internasjonalt - Region \u00d8stfold","isPartOf":{"@id":"https:\/\/www.normisjon.no\/ostfold\/#website"},"datePublished":"2019-01-31T13:00:24+00:00","dateModified":"2026-02-19T10:56:36+00:00","breadcrumb":{"@id":"https:\/\/www.normisjon.no\/ostfold\/internasjonalt\/#breadcrumb"},"inLanguage":"nb-NO","potentialAction":[{"@type":"ReadAction","target":["https:\/\/www.normisjon.no\/ostfold\/internasjonalt\/"]}]},{"@type":"BreadcrumbList","@id":"https:\/\/www.normisjon.no\/ostfold\/internasjonalt\/#breadcrumb","itemListElement":[{"@type":"ListItem","position":1,"name":"Home","item":"https:\/\/www.normisjon.no\/ostfold\/"},{"@type":"ListItem","position":2,"name":"Internasjonalt"}]},{"@type":"WebSite","@id":"https:\/\/www.normisjon.no\/ostfold\/#website","url":"https:\/\/www.normisjon.no\/ostfold\/","name":"Region \u00d8stfold","description":"","publisher":{"@id":"https:\/\/www.normisjon.no\/ostfold\/#organization"},"potentialAction":[{"@type":"SearchAction","target":{"@type":"EntryPoint","urlTemplate":"https:\/\/www.normisjon.no\/ostfold\/?s={search_term_string}"},"query-input":{"@type":"PropertyValueSpecification","valueRequired":true,"valueName":"search_term_string"}}],"inLanguage":"nb-NO"},{"@type":"Organization","@id":"https:\/\/www.normisjon.no\/ostfold\/#organization","name":"Region \u00d8stfold","url":"https:\/\/www.normisjon.no\/ostfold\/","logo":{"@type":"ImageObject","inLanguage":"nb-NO","@id":"https:\/\/www.normisjon.no\/ostfold\/#\/schema\/logo\/image\/","url":"https:\/\/www.normisjon.no\/content\/uploads\/sites\/24\/2024\/11\/logo_Normisjon_lang_regionostfold_bla\u2560e.png","contentUrl":"https:\/\/www.normisjon.no\/content\/uploads\/sites\/24\/2024\/11\/logo_Normisjon_lang_regionostfold_bla\u2560e.png","width":1952,"height":562,"caption":"Region \u00d8stfold"},"image":{"@id":"https:\/\/www.normisjon.no\/ostfold\/#\/schema\/logo\/image\/"},"sameAs":["https:\/\/www.facebook.com\/NormisjonRegionOstfold"]}]}},"_links":{"self":[{"href":"https:\/\/www.normisjon.no\/ostfold\/wp-json\/wp\/v2\/pages\/1209","targetHints":{"allow":["GET"]}}],"collection":[{"href":"https:\/\/www.normisjon.no\/ostfold\/wp-json\/wp\/v2\/pages"}],"about":[{"href":"https:\/\/www.normisjon.no\/ostfold\/wp-json\/wp\/v2\/types\/page"}],"author":[{"embeddable":true,"href":"https:\/\/www.normisjon.no\/ostfold\/wp-json\/wp\/v2\/users\/23"}],"replies":[{"embeddable":true,"href":"https:\/\/www.normisjon.no\/ostfold\/wp-json\/wp\/v2\/comments?post=1209"}],"version-history":[{"count":9,"href":"https:\/\/www.normisjon.no\/ostfold\/wp-json\/wp\/v2\/pages\/1209\/revisions"}],"predecessor-version":[{"id":5354,"href":"https:\/\/www.normisjon.no\/ostfold\/wp-json\/wp\/v2\/pages\/1209\/revisions\/5354"}],"wp:attachment":[{"href":"https:\/\/www.normisjon.no\/ostfold\/wp-json\/wp\/v2\/media?parent=1209"}],"curies":[{"name":"wp","href":"https:\/\/api.w.org\/{rel}","templated":true}]}}